
{"id":19230,"date":"2025-09-25T11:38:30","date_gmt":"2025-09-25T09:38:30","guid":{"rendered":"https:\/\/maisontanase.com\/?post_type=product&#038;p=19230"},"modified":"2025-09-26T11:14:17","modified_gmt":"2025-09-26T09:14:17","slug":"cuvee-de-purcari-rose-brut-moldavie","status":"publish","type":"product","link":"https:\/\/maisontanase.com\/fr\/boutique\/vins-du-monde\/achetez-en-ligne-vin-de-moldavie\/cuvee-de-purcari-rose-brut-moldavie\/","title":{"rendered":"Cuv\u00e9e de Purcari Brut &#8211; Moldavie &#8211; Ros\u00e9"},"content":{"rendered":"\t\t<div data-elementor-type=\"wp-post\" data-elementor-id=\"19230\" class=\"elementor elementor-19230 elementor-19228\">\n\t\t\t\t\t\t<section class=\"elementor-section elementor-top-section elementor-element elementor-element-dfcbcc4 elementor-section-boxed elementor-section-height-default elementor-section-height-default\" data-id=\"dfcbcc4\" data-element_type=\"section\" data-e-type=\"section\" data-settings=\"{&quot;pix_scale_in&quot;:&quot;none&quot;}\">\n\t\t\t\t\t\t<div class=\"elementor-container elementor-column-gap-default\">\n\t\t\t\t\t<div class=\"elementor-column elementor-col-100 elementor-top-column elementor-element elementor-element-f0839c7\" data-id=\"f0839c7\" data-element_type=\"column\" data-e-type=\"column\" data-settings=\"{&quot;pix_scale_in&quot;:&quot;none&quot;}\">\n\t\t\t<div class=\"elementor-widget-wrap elementor-element-populated\">\n\t\t\t\t\t\t<div class=\"elementor-element elementor-element-121adfd elementor-widget elementor-widget-text-editor\" data-id=\"121adfd\" data-element_type=\"widget\" data-e-type=\"widget\" data-widget_type=\"text-editor.default\">\n\t\t\t\t<div class=\"elementor-widget-container\">\n\t\t\t\t\t\t\t\t\t<p>Achetez en ligne <strong>Cuv\u00e9e de Purcari Ros\u00e9 Brut<\/strong>, un vin ros\u00e9 p\u00e9tillant de Moldavie.<\/p><p><a href=\"https:\/\/maisontanase.com\/fr\/boutique\/vins-du-monde\/achetez-en-ligne-vin-de-moldavie\/cuvee-de-purcari-brut-moldavie-blanc\/\"><span style=\"text-decoration: underline;\"><strong>Existe aussi en blanc !<\/strong> <span style=\"color: inherit; font-family: var( --e-global-typography-text-font-family ), Sans-serif; font-weight: var( --e-global-typography-text-font-weight ); font-size: 1rem; letter-spacing: -0.01rem; text-decoration: underline;\">D\u00e9couvrez la<\/span> <strong>Cuv\u00e9e de Purcari Brut Blanc<\/strong> pour une alternative tout aussi raffin\u00e9e.<\/span><\/a><\/p>\t\t\t\t\t\t\t\t<\/div>\n\t\t\t\t<\/div>\n\t\t\t\t<div class=\"elementor-element elementor-element-a9fd3c9 elementor-widget elementor-widget-heading\" data-id=\"a9fd3c9\" data-element_type=\"widget\" data-e-type=\"widget\" data-widget_type=\"heading.default\">\n\t\t\t\t<div class=\"elementor-widget-container\">\n\t\t\t\t\t<h2 class=\"elementor-heading-title elementor-size-default\">Histoire<\/h2>\t\t\t\t<\/div>\n\t\t\t\t<\/div>\n\t\t\t\t<div class=\"elementor-element elementor-element-f4eeb0a elementor-widget elementor-widget-text-editor\" data-id=\"f4eeb0a\" data-element_type=\"widget\" data-e-type=\"widget\" data-widget_type=\"text-editor.default\">\n\t\t\t\t<div class=\"elementor-widget-container\">\n\t\t\t\t\t\t\t\t\t<p>Ch\u00e2teau <strong>Purcari, fond\u00e9 en 1827<\/strong>, est l&rsquo;<strong>un des domaines viticoles les plus prestigieux de Moldavie<\/strong>. Reconnu pour son savoir-faire et son innovation, Purcari allie m\u00e9thodes traditionnelles et expertise moderne pour cr\u00e9er des vins exceptionnels. <\/p><p>La<strong> Cuv\u00e9e de Purcari Ros\u00e9 Brut<\/strong> t\u00e9moigne du talent de la cave \u00e0 produire des vins effervescents qui rivalisent avec les meilleurs du monde, renfor\u00e7ant ainsi la r\u00e9putation de la Moldavie en tant que r\u00e9gion viticole de premier plan<\/p>\t\t\t\t\t\t\t\t<\/div>\n\t\t\t\t<\/div>\n\t\t\t\t<div class=\"elementor-element elementor-element-e53be77 elementor-widget elementor-widget-heading\" data-id=\"e53be77\" data-element_type=\"widget\" data-e-type=\"widget\" data-widget_type=\"heading.default\">\n\t\t\t\t<div class=\"elementor-widget-container\">\n\t\t\t\t\t<h2 class=\"elementor-heading-title elementor-size-default\">Viticulture<\/h2>\t\t\t\t<\/div>\n\t\t\t\t<\/div>\n\t\t\t\t<div class=\"elementor-element elementor-element-e022eb5 elementor-widget elementor-widget-text-editor\" data-id=\"e022eb5\" data-element_type=\"widget\" data-e-type=\"widget\" data-widget_type=\"text-editor.default\">\n\t\t\t\t<div class=\"elementor-widget-container\">\n\t\t\t\t\t\t\t\t\t<p>Les raisins de la <strong>Cuv\u00e9e de Purcari Ros\u00e9 Brut<\/strong> sont soigneusement s\u00e9lectionn\u00e9s dans les vignobles de Purcari, situ\u00e9s dans les meilleurs terroirs de Moldavie. <br>Le climat unique et les sols riches contribuent \u00e0 l\u2019<span style=\"text-decoration: underline;\">acidit\u00e9 \u00e9quilibr\u00e9e et au profil fruit\u00e9 vibrant<\/span> de ce vin. Des pratiques durables assurent la qualit\u00e9 et le respect de l\u2019environnement. <\/p>\t\t\t\t\t\t\t\t<\/div>\n\t\t\t\t<\/div>\n\t\t\t\t<div class=\"elementor-element elementor-element-5c2148a elementor-widget elementor-widget-heading\" data-id=\"5c2148a\" data-element_type=\"widget\" data-e-type=\"widget\" data-widget_type=\"heading.default\">\n\t\t\t\t<div class=\"elementor-widget-container\">\n\t\t\t\t\t<h2 class=\"elementor-heading-title elementor-size-default\">Vinification<\/h2>\t\t\t\t<\/div>\n\t\t\t\t<\/div>\n\t\t\t\t<div class=\"elementor-element elementor-element-f24e5a7 elementor-widget elementor-widget-text-editor\" data-id=\"f24e5a7\" data-element_type=\"widget\" data-e-type=\"widget\" data-widget_type=\"text-editor.default\">\n\t\t\t\t<div class=\"elementor-widget-container\">\n\t\t\t\t\t\t\t\t\t<p>La <strong>Cuv\u00e9e de Purcari Ros\u00e9 Brut<\/strong> est \u00e9labor\u00e9e selon la m\u00e9thode traditionnelle, \u00e9galement appel\u00e9e <a href=\"https:\/\/www.hachette-vins.com\/guide-vins\/actualite-vin\/205\/la-methode-champenoise-et-ses-etapes-tout-savoir-sur-l-elaboration-du-champagne\/\"><em>M\u00e9thode Champenoise<\/em><\/a>. Apr\u00e8s une r\u00e9colte minutieuse, le vin subit une seconde fermentation en bouteille, cr\u00e9ant des bulles fines et persistantes. Le vieillissement sur lies apporte de la profondeur et de la complexit\u00e9, avec de subtiles notes de brioche et une texture cr\u00e9meuse.  <\/p>\t\t\t\t\t\t\t\t<\/div>\n\t\t\t\t<\/div>\n\t\t\t\t<div class=\"elementor-element elementor-element-7cae827 elementor-widget elementor-widget-heading\" data-id=\"7cae827\" data-element_type=\"widget\" data-e-type=\"widget\" data-widget_type=\"heading.default\">\n\t\t\t\t<div class=\"elementor-widget-container\">\n\t\t\t\t\t<h2 class=\"elementor-heading-title elementor-size-default\">D\u00e9gustation<\/h2>\t\t\t\t<\/div>\n\t\t\t\t<\/div>\n\t\t\t\t<div class=\"elementor-element elementor-element-bbc90bf elementor-widget elementor-widget-text-editor\" data-id=\"bbc90bf\" data-element_type=\"widget\" data-e-type=\"widget\" data-widget_type=\"text-editor.default\">\n\t\t\t\t<div class=\"elementor-widget-container\">\n\t\t\t\t\t\t\t\t\t<p data-start=\"107\" data-end=\"332\"><span style=\"text-decoration: underline;\">Vous vous demandez si les vins p\u00e9tillants moldaves valent le d\u00e9tour ?<\/span> <br>La <strong data-start=\"171\" data-end=\"201\">Cuv\u00e9e de Purcari Ros\u00e9 Brut<\/strong> est <strong>un excellent exemple de l\u2019excellence croissante des vins de Moldavie<\/strong>, id\u00e9ale pour les amateurs de vins raffin\u00e9s et \u00e9l\u00e9gants.<\/p><p data-start=\"334\" data-end=\"612\">Ce ros\u00e9 p\u00e9tillant s\u2019ouvre sur un bouquet vivifiant de <strong data-start=\"385\" data-end=\"449\">framboises fra\u00eeches, de fraises des bois et d\u2019une pointe d\u2019agrumes. <\/strong>En bouche, il offre une <strong data-start=\"478\" data-end=\"545\">acidit\u00e9 vive, des saveurs de fruits rouges juteux et une d\u00e9licate min\u00e9ralit\u00e9<\/strong>, pour une <strong data-start=\"564\" data-end=\"609\">finale fra\u00eeche, \u00e9l\u00e9gante et persistante.<\/strong><\/p><p data-start=\"614\" data-end=\"768\"><strong>Il se marie parfaitement avec<\/strong> fruits de mer frais, salades au fromage de ch\u00e8vre, tartes aux fruits ou macarons, sublimant chaque d\u00e9gustation ou moment de c\u00e9l\u00e9bration.<\/p><p data-start=\"770\" data-end=\"894\"><strong data-start=\"770\" data-end=\"793\">Conseil de service :<\/strong> Servir bien frais, \u00e0<strong data-start=\"816\" data-end=\"825\"> 6\u20138\u00b0C<\/strong>, pour appr\u00e9cier pleinement sa fra\u00eecheur et sa complexit\u00e9 aromatique.<\/p>\t\t\t\t\t\t\t\t<\/div>\n\t\t\t\t<\/div>\n\t\t\t\t<div class=\"elementor-element elementor-element-14a93f5 elementor-widget elementor-widget-heading\" data-id=\"14a93f5\" data-element_type=\"widget\" data-e-type=\"widget\" data-widget_type=\"heading.default\">\n\t\t\t\t<div class=\"elementor-widget-container\">\n\t\t\t\t\t<h2 class=\"elementor-heading-title elementor-size-default\">D\u00e9couvrez aussi\u2026\n<\/h2>\t\t\t\t<\/div>\n\t\t\t\t<\/div>\n\t\t\t\t<div class=\"elementor-element elementor-element-6f8b061 elementor-widget elementor-widget-text-editor\" data-id=\"6f8b061\" data-element_type=\"widget\" data-e-type=\"widget\" data-widget_type=\"text-editor.default\">\n\t\t\t\t<div class=\"elementor-widget-container\">\n\t\t\t\t\t\t\t\t\t<p><a href=\"https:\/\/maisontanase.com\/fr\/ou-acheter-les-meilleurs-vins-moldaves\/\">Explorez la s\u00e9lection exclusive de vins moldaves<\/a> propos\u00e9e par Maison Tanase : <a href=\"https:\/\/maisontanase.com\/fr\/boutique\/vins-du-monde\/achetez-en-ligne-vin-de-moldavie\/freedom-blend-de-purcari\/\">vins rouges<\/a>, <a href=\"https:\/\/maisontanase.com\/fr\/boutique\/vins-du-monde\/achetez-en-ligne-vin-de-moldavie\/chardonnay-de-purcari\/\">blancs <\/a>et <a href=\"https:\/\/maisontanase.com\/fr\/boutique\/vins-du-monde\/achetez-en-ligne-vin-de-moldavie\/rose-de-purcari\/\">ros\u00e9s <\/a>d\u2019exception, <strong>disponibles aux meilleurs prix en ligne<\/strong>, avec <strong>paiement s\u00e9curis\u00e9 et livraison rapide en France et en Europe.<\/strong> <\/p><p data-pm-slice=\"1 1 []\">Et pour les amateurs de grands classiques, d\u00e9couvrez \u00e9galement <a href=\"https:\/\/maisontanase.com\/fr\/categorie-produit\/vins-francais\/\"><strong>notre collection de vins fran\u00e7ais<\/strong><\/a>, <strong><a href=\"https:\/\/maisontanase.com\/fr\/categorie-produit\/grands-crus\/\">Grands Crus de Bordeaux<\/a><\/strong> et <a href=\"https:\/\/maisontanase.com\/fr\/categorie-produit\/champagne-pour-toutes-occasions\/\"><strong>Champagnes prestigieux.<\/strong><\/a><\/p>\t\t\t\t\t\t\t\t<\/div>\n\t\t\t\t<\/div>\n\t\t\t\t\t<\/div>\n\t\t<\/div>\n\t\t\t\t\t<\/div>\n\t\t<\/section>\n\t\t\t\t<\/div>\n\t\t","protected":false},"excerpt":{"rendered":"<p data-start=\"168\" data-end=\"438\">Commandez la <strong data-start=\"168\" data-end=\"242\">Cuv\u00e9e de Purcari Ros\u00e9 Brut \u2013 un vin p\u00e9tillant moldave <\/strong>\u00e9l\u00e9gant et raffin\u00e9.<\/p>\n<p data-start=\"168\" data-end=\"438\">Ce ros\u00e9 brut s\u00e9duit par sa robe rose d\u00e9licate, ses ar\u00f4mes de fruits rouges croquants et ses notes fraiches d\u2019agrumes.<\/p>\n<p data-start=\"168\" data-end=\"438\"><strong>Parfait pour les c\u00e9l\u00e9brations<\/strong>, les <strong>grandes occasions<\/strong> ou comme <strong>cadeau sophistiqu\u00e9 pour les amateurs de vin.<\/strong><\/p>\n<p data-start=\"440\" data-end=\"514\">Profitez d\u2019un <strong>paiement s\u00e9curis\u00e9<\/strong> et d\u2019une <strong>livraison rapide<\/strong> en France et \u00e0 l\u2019international.<\/p>\n<p data-start=\"516\" data-end=\"663\"><a href=\"https:\/\/maisontanase.com\/fr\/boutique\/vins-du-monde\/achetez-en-ligne-vin-de-moldavie\/cuvee-de-purcari-brut-moldavie-blanc\/\"><em><strong>Existe aussi en blanc !<\/strong><br \/>\nD\u00e9couvrez la <strong>Cuv\u00e9e de Purcari Brut Blanc<\/strong> pour une alternative tout aussi raffin\u00e9e.<\/em><\/a><\/p>\n","protected":false},"featured_media":17567,"comment_status":"open","ping_status":"closed","template":"","meta":[],"product_brand":[],"product_cat":[145,144],"product_tag":[351,287,422],"class_list":{"0":"post-19230","1":"product","2":"type-product","3":"status-publish","4":"has-post-thumbnail","6":"product_cat-achetez-en-ligne-vin-de-moldavie","7":"product_cat-vins-du-monde","8":"product_tag-cuvee-de-purcari-fr","9":"product_tag-moldova-fr","10":"product_tag-rose-fr-2","12":"first","13":"outofstock","14":"shipping-taxable","15":"purchasable","16":"product-type-simple"},"yoast_head":"<!-- This site is optimized with the Yoast SEO plugin v27.3 - https:\/\/yoast.com\/product\/yoast-seo-wordpress\/ -->\n<title>Cuv\u00e9e de Purcari - Ros\u00e9 Brut - Moldavie<\/title>\n<meta name=\"description\" content=\"Achetez en ligne la Cuv\u00e9e de Purcari Ros\u00e9 Brut \u2013 un vin p\u00e9tillant moldave d\u2019exception aux notes florales et fruit\u00e9es. Paiement s\u00e9curis\u00e9. Livraison rapide.\" \/>\n<meta name=\"robots\" content=\"index, follow, max-snippet:-1, max-image-preview:large, max-video-preview:-1\" \/>\n<link rel=\"canonical\" href=\"https:\/\/maisontanase.com\/fr\/boutique\/vins-du-monde\/achetez-en-ligne-vin-de-moldavie\/cuvee-de-purcari-rose-brut-moldavie\/\" \/>\n<meta property=\"og:locale\" content=\"fr_FR\" \/>\n<meta property=\"og:type\" content=\"article\" \/>\n<meta property=\"og:title\" content=\"Cuv\u00e9e de Purcari - Ros\u00e9 Brut - Moldavie\" \/>\n<meta property=\"og:description\" content=\"Achetez en ligne la Cuv\u00e9e de Purcari Ros\u00e9 Brut \u2013 un vin p\u00e9tillant moldave d\u2019exception aux notes florales et fruit\u00e9es. Paiement s\u00e9curis\u00e9. Livraison rapide.\" \/>\n<meta property=\"og:url\" content=\"https:\/\/maisontanase.com\/fr\/boutique\/vins-du-monde\/achetez-en-ligne-vin-de-moldavie\/cuvee-de-purcari-rose-brut-moldavie\/\" \/>\n<meta property=\"og:site_name\" content=\"Maison Tanase\" \/>\n<meta property=\"article:modified_time\" content=\"2025-09-26T09:14:17+00:00\" \/>\n<meta property=\"og:image\" content=\"https:\/\/maisontanase.com\/wp-content\/uploads\/2024\/11\/ACHETER-EN-LIGNE-CUVEE-DE-PURCARI-ROSE-BRUT-VIN-DE-MOLDAVIE.png\" \/>\n\t<meta property=\"og:image:width\" content=\"1000\" \/>\n\t<meta property=\"og:image:height\" content=\"1000\" \/>\n\t<meta property=\"og:image:type\" content=\"image\/png\" \/>\n<meta name=\"twitter:card\" content=\"summary_large_image\" \/>\n<meta name=\"twitter:title\" content=\"Cuv\u00e9e de Purcari - Ros\u00e9 Brut - Moldavie\" \/>\n<meta name=\"twitter:description\" content=\"Achetez en ligne la Cuv\u00e9e de Purcari Ros\u00e9 Brut \u2013 un vin p\u00e9tillant moldave d\u2019exception aux notes florales et fruit\u00e9es. Paiement s\u00e9curis\u00e9. Livraison rapide.\" \/>\n<meta name=\"twitter:image\" content=\"https:\/\/maisontanase.com\/wp-content\/uploads\/2024\/11\/ACHETER-EN-LIGNE-CUVEE-DE-PURCARI-ROSE-BRUT-VIN-DE-MOLDAVIE.png\" \/>\n<meta name=\"twitter:label1\" content=\"Dur\u00e9e de lecture estim\u00e9e\" \/>\n\t<meta name=\"twitter:data1\" content=\"2 minutes\" \/>\n<script type=\"application\/ld+json\" class=\"yoast-schema-graph\">{\"@context\":\"https:\\\/\\\/schema.org\",\"@graph\":[{\"@type\":\"WebPage\",\"@id\":\"https:\\\/\\\/maisontanase.com\\\/fr\\\/boutique\\\/vins-du-monde\\\/achetez-en-ligne-vin-de-moldavie\\\/cuvee-de-purcari-rose-brut-moldavie\\\/\",\"url\":\"https:\\\/\\\/maisontanase.com\\\/fr\\\/boutique\\\/vins-du-monde\\\/achetez-en-ligne-vin-de-moldavie\\\/cuvee-de-purcari-rose-brut-moldavie\\\/\",\"name\":\"Cuv\u00e9e de Purcari - Ros\u00e9 Brut - Moldavie\",\"isPartOf\":{\"@id\":\"https:\\\/\\\/maisontanase.com\\\/fr\\\/#website\"},\"primaryImageOfPage\":{\"@id\":\"https:\\\/\\\/maisontanase.com\\\/fr\\\/boutique\\\/vins-du-monde\\\/achetez-en-ligne-vin-de-moldavie\\\/cuvee-de-purcari-rose-brut-moldavie\\\/#primaryimage\"},\"image\":{\"@id\":\"https:\\\/\\\/maisontanase.com\\\/fr\\\/boutique\\\/vins-du-monde\\\/achetez-en-ligne-vin-de-moldavie\\\/cuvee-de-purcari-rose-brut-moldavie\\\/#primaryimage\"},\"thumbnailUrl\":\"https:\\\/\\\/maisontanase.com\\\/wp-content\\\/uploads\\\/2024\\\/11\\\/ACHETER-EN-LIGNE-CUVEE-DE-PURCARI-ROSE-BRUT-VIN-DE-MOLDAVIE.png\",\"datePublished\":\"2025-09-25T09:38:30+00:00\",\"dateModified\":\"2025-09-26T09:14:17+00:00\",\"description\":\"Achetez en ligne la Cuv\u00e9e de Purcari Ros\u00e9 Brut \u2013 un vin p\u00e9tillant moldave d\u2019exception aux notes florales et fruit\u00e9es. Paiement s\u00e9curis\u00e9. Livraison rapide.\",\"breadcrumb\":{\"@id\":\"https:\\\/\\\/maisontanase.com\\\/fr\\\/boutique\\\/vins-du-monde\\\/achetez-en-ligne-vin-de-moldavie\\\/cuvee-de-purcari-rose-brut-moldavie\\\/#breadcrumb\"},\"inLanguage\":\"fr-FR\",\"potentialAction\":[{\"@type\":\"ReadAction\",\"target\":[\"https:\\\/\\\/maisontanase.com\\\/fr\\\/boutique\\\/vins-du-monde\\\/achetez-en-ligne-vin-de-moldavie\\\/cuvee-de-purcari-rose-brut-moldavie\\\/\"]}]},{\"@type\":\"ImageObject\",\"inLanguage\":\"fr-FR\",\"@id\":\"https:\\\/\\\/maisontanase.com\\\/fr\\\/boutique\\\/vins-du-monde\\\/achetez-en-ligne-vin-de-moldavie\\\/cuvee-de-purcari-rose-brut-moldavie\\\/#primaryimage\",\"url\":\"https:\\\/\\\/maisontanase.com\\\/wp-content\\\/uploads\\\/2024\\\/11\\\/ACHETER-EN-LIGNE-CUVEE-DE-PURCARI-ROSE-BRUT-VIN-DE-MOLDAVIE.png\",\"contentUrl\":\"https:\\\/\\\/maisontanase.com\\\/wp-content\\\/uploads\\\/2024\\\/11\\\/ACHETER-EN-LIGNE-CUVEE-DE-PURCARI-ROSE-BRUT-VIN-DE-MOLDAVIE.png\",\"width\":1000,\"height\":1000,\"caption\":\"Commandez la Cuv\u00e9e de Purcari Ros\u00e9 Brut \u2013 un vin p\u00e9tillant moldave \u00e9l\u00e9gant et raffin\u00e9 !\"},{\"@type\":\"BreadcrumbList\",\"@id\":\"https:\\\/\\\/maisontanase.com\\\/fr\\\/boutique\\\/vins-du-monde\\\/achetez-en-ligne-vin-de-moldavie\\\/cuvee-de-purcari-rose-brut-moldavie\\\/#breadcrumb\",\"itemListElement\":[{\"@type\":\"ListItem\",\"position\":1,\"name\":\"Accueil\",\"item\":\"https:\\\/\\\/maisontanase.com\\\/fr\\\/\"},{\"@type\":\"ListItem\",\"position\":2,\"name\":\"Boutique\",\"item\":\"https:\\\/\\\/maisontanase.com\\\/fr\\\/boutique-en-ligne-maison-tanase\\\/\"},{\"@type\":\"ListItem\",\"position\":3,\"name\":\"Cuv\u00e9e de Purcari Brut &#8211; Moldavie &#8211; Ros\u00e9\"}]},{\"@type\":\"WebSite\",\"@id\":\"https:\\\/\\\/maisontanase.com\\\/fr\\\/#website\",\"url\":\"https:\\\/\\\/maisontanase.com\\\/fr\\\/\",\"name\":\"Maison Tanase\",\"description\":\"Based in Bordeaux, Maison Tanase is a family-run business that produces and sells high-quality wines and spirits. Welcome to our online shop.\",\"publisher\":{\"@id\":\"https:\\\/\\\/maisontanase.com\\\/fr\\\/#organization\"},\"potentialAction\":[{\"@type\":\"SearchAction\",\"target\":{\"@type\":\"EntryPoint\",\"urlTemplate\":\"https:\\\/\\\/maisontanase.com\\\/fr\\\/?s={search_term_string}\"},\"query-input\":{\"@type\":\"PropertyValueSpecification\",\"valueRequired\":true,\"valueName\":\"search_term_string\"}}],\"inLanguage\":\"fr-FR\"},{\"@type\":\"Organization\",\"@id\":\"https:\\\/\\\/maisontanase.com\\\/fr\\\/#organization\",\"name\":\"Maison Tanase\",\"url\":\"https:\\\/\\\/maisontanase.com\\\/fr\\\/\",\"logo\":{\"@type\":\"ImageObject\",\"inLanguage\":\"fr-FR\",\"@id\":\"https:\\\/\\\/maisontanase.com\\\/fr\\\/#\\\/schema\\\/logo\\\/image\\\/\",\"url\":\"https:\\\/\\\/maisontanase.com\\\/wp-content\\\/uploads\\\/2022\\\/05\\\/maison-tanase.jpg\",\"contentUrl\":\"https:\\\/\\\/maisontanase.com\\\/wp-content\\\/uploads\\\/2022\\\/05\\\/maison-tanase.jpg\",\"width\":1200,\"height\":630,\"caption\":\"Maison Tanase\"},\"image\":{\"@id\":\"https:\\\/\\\/maisontanase.com\\\/fr\\\/#\\\/schema\\\/logo\\\/image\\\/\"}}]}<\/script>\n<!-- \/ Yoast SEO plugin. -->","yoast_head_json":{"title":"Cuv\u00e9e de Purcari - Ros\u00e9 Brut - Moldavie","description":"Achetez en ligne la Cuv\u00e9e de Purcari Ros\u00e9 Brut \u2013 un vin p\u00e9tillant moldave d\u2019exception aux notes florales et fruit\u00e9es. Paiement s\u00e9curis\u00e9. Livraison rapide.","robots":{"index":"index","follow":"follow","max-snippet":"max-snippet:-1","max-image-preview":"max-image-preview:large","max-video-preview":"max-video-preview:-1"},"canonical":"https:\/\/maisontanase.com\/fr\/boutique\/vins-du-monde\/achetez-en-ligne-vin-de-moldavie\/cuvee-de-purcari-rose-brut-moldavie\/","og_locale":"fr_FR","og_type":"article","og_title":"Cuv\u00e9e de Purcari - Ros\u00e9 Brut - Moldavie","og_description":"Achetez en ligne la Cuv\u00e9e de Purcari Ros\u00e9 Brut \u2013 un vin p\u00e9tillant moldave d\u2019exception aux notes florales et fruit\u00e9es. Paiement s\u00e9curis\u00e9. Livraison rapide.","og_url":"https:\/\/maisontanase.com\/fr\/boutique\/vins-du-monde\/achetez-en-ligne-vin-de-moldavie\/cuvee-de-purcari-rose-brut-moldavie\/","og_site_name":"Maison Tanase","article_modified_time":"2025-09-26T09:14:17+00:00","og_image":[{"width":1000,"height":1000,"url":"https:\/\/maisontanase.com\/wp-content\/uploads\/2024\/11\/ACHETER-EN-LIGNE-CUVEE-DE-PURCARI-ROSE-BRUT-VIN-DE-MOLDAVIE.png","type":"image\/png"}],"twitter_card":"summary_large_image","twitter_title":"Cuv\u00e9e de Purcari - Ros\u00e9 Brut - Moldavie","twitter_description":"Achetez en ligne la Cuv\u00e9e de Purcari Ros\u00e9 Brut \u2013 un vin p\u00e9tillant moldave d\u2019exception aux notes florales et fruit\u00e9es. Paiement s\u00e9curis\u00e9. Livraison rapide.","twitter_image":"https:\/\/maisontanase.com\/wp-content\/uploads\/2024\/11\/ACHETER-EN-LIGNE-CUVEE-DE-PURCARI-ROSE-BRUT-VIN-DE-MOLDAVIE.png","twitter_misc":{"Dur\u00e9e de lecture estim\u00e9e":"2 minutes"},"schema":{"@context":"https:\/\/schema.org","@graph":[{"@type":"WebPage","@id":"https:\/\/maisontanase.com\/fr\/boutique\/vins-du-monde\/achetez-en-ligne-vin-de-moldavie\/cuvee-de-purcari-rose-brut-moldavie\/","url":"https:\/\/maisontanase.com\/fr\/boutique\/vins-du-monde\/achetez-en-ligne-vin-de-moldavie\/cuvee-de-purcari-rose-brut-moldavie\/","name":"Cuv\u00e9e de Purcari - Ros\u00e9 Brut - Moldavie","isPartOf":{"@id":"https:\/\/maisontanase.com\/fr\/#website"},"primaryImageOfPage":{"@id":"https:\/\/maisontanase.com\/fr\/boutique\/vins-du-monde\/achetez-en-ligne-vin-de-moldavie\/cuvee-de-purcari-rose-brut-moldavie\/#primaryimage"},"image":{"@id":"https:\/\/maisontanase.com\/fr\/boutique\/vins-du-monde\/achetez-en-ligne-vin-de-moldavie\/cuvee-de-purcari-rose-brut-moldavie\/#primaryimage"},"thumbnailUrl":"https:\/\/maisontanase.com\/wp-content\/uploads\/2024\/11\/ACHETER-EN-LIGNE-CUVEE-DE-PURCARI-ROSE-BRUT-VIN-DE-MOLDAVIE.png","datePublished":"2025-09-25T09:38:30+00:00","dateModified":"2025-09-26T09:14:17+00:00","description":"Achetez en ligne la Cuv\u00e9e de Purcari Ros\u00e9 Brut \u2013 un vin p\u00e9tillant moldave d\u2019exception aux notes florales et fruit\u00e9es. Paiement s\u00e9curis\u00e9. Livraison rapide.","breadcrumb":{"@id":"https:\/\/maisontanase.com\/fr\/boutique\/vins-du-monde\/achetez-en-ligne-vin-de-moldavie\/cuvee-de-purcari-rose-brut-moldavie\/#breadcrumb"},"inLanguage":"fr-FR","potentialAction":[{"@type":"ReadAction","target":["https:\/\/maisontanase.com\/fr\/boutique\/vins-du-monde\/achetez-en-ligne-vin-de-moldavie\/cuvee-de-purcari-rose-brut-moldavie\/"]}]},{"@type":"ImageObject","inLanguage":"fr-FR","@id":"https:\/\/maisontanase.com\/fr\/boutique\/vins-du-monde\/achetez-en-ligne-vin-de-moldavie\/cuvee-de-purcari-rose-brut-moldavie\/#primaryimage","url":"https:\/\/maisontanase.com\/wp-content\/uploads\/2024\/11\/ACHETER-EN-LIGNE-CUVEE-DE-PURCARI-ROSE-BRUT-VIN-DE-MOLDAVIE.png","contentUrl":"https:\/\/maisontanase.com\/wp-content\/uploads\/2024\/11\/ACHETER-EN-LIGNE-CUVEE-DE-PURCARI-ROSE-BRUT-VIN-DE-MOLDAVIE.png","width":1000,"height":1000,"caption":"Commandez la Cuv\u00e9e de Purcari Ros\u00e9 Brut \u2013 un vin p\u00e9tillant moldave \u00e9l\u00e9gant et raffin\u00e9 !"},{"@type":"BreadcrumbList","@id":"https:\/\/maisontanase.com\/fr\/boutique\/vins-du-monde\/achetez-en-ligne-vin-de-moldavie\/cuvee-de-purcari-rose-brut-moldavie\/#breadcrumb","itemListElement":[{"@type":"ListItem","position":1,"name":"Accueil","item":"https:\/\/maisontanase.com\/fr\/"},{"@type":"ListItem","position":2,"name":"Boutique","item":"https:\/\/maisontanase.com\/fr\/boutique-en-ligne-maison-tanase\/"},{"@type":"ListItem","position":3,"name":"Cuv\u00e9e de Purcari Brut &#8211; Moldavie &#8211; Ros\u00e9"}]},{"@type":"WebSite","@id":"https:\/\/maisontanase.com\/fr\/#website","url":"https:\/\/maisontanase.com\/fr\/","name":"Maison Tanase","description":"Based in Bordeaux, Maison Tanase is a family-run business that produces and sells high-quality wines and spirits. Welcome to our online shop.","publisher":{"@id":"https:\/\/maisontanase.com\/fr\/#organization"},"potentialAction":[{"@type":"SearchAction","target":{"@type":"EntryPoint","urlTemplate":"https:\/\/maisontanase.com\/fr\/?s={search_term_string}"},"query-input":{"@type":"PropertyValueSpecification","valueRequired":true,"valueName":"search_term_string"}}],"inLanguage":"fr-FR"},{"@type":"Organization","@id":"https:\/\/maisontanase.com\/fr\/#organization","name":"Maison Tanase","url":"https:\/\/maisontanase.com\/fr\/","logo":{"@type":"ImageObject","inLanguage":"fr-FR","@id":"https:\/\/maisontanase.com\/fr\/#\/schema\/logo\/image\/","url":"https:\/\/maisontanase.com\/wp-content\/uploads\/2022\/05\/maison-tanase.jpg","contentUrl":"https:\/\/maisontanase.com\/wp-content\/uploads\/2022\/05\/maison-tanase.jpg","width":1200,"height":630,"caption":"Maison Tanase"},"image":{"@id":"https:\/\/maisontanase.com\/fr\/#\/schema\/logo\/image\/"}}]}},"_links":{"self":[{"href":"https:\/\/maisontanase.com\/fr\/wp-json\/wp\/v2\/product\/19230","targetHints":{"allow":["GET"]}}],"collection":[{"href":"https:\/\/maisontanase.com\/fr\/wp-json\/wp\/v2\/product"}],"about":[{"href":"https:\/\/maisontanase.com\/fr\/wp-json\/wp\/v2\/types\/product"}],"replies":[{"embeddable":true,"href":"https:\/\/maisontanase.com\/fr\/wp-json\/wp\/v2\/comments?post=19230"}],"version-history":[{"count":21,"href":"https:\/\/maisontanase.com\/fr\/wp-json\/wp\/v2\/product\/19230\/revisions"}],"predecessor-version":[{"id":19305,"href":"https:\/\/maisontanase.com\/fr\/wp-json\/wp\/v2\/product\/19230\/revisions\/19305"}],"wp:featuredmedia":[{"embeddable":true,"href":"https:\/\/maisontanase.com\/fr\/wp-json\/wp\/v2\/media\/17567"}],"wp:attachment":[{"href":"https:\/\/maisontanase.com\/fr\/wp-json\/wp\/v2\/media?parent=19230"}],"wp:term":[{"taxonomy":"product_brand","embeddable":true,"href":"https:\/\/maisontanase.com\/fr\/wp-json\/wp\/v2\/product_brand?post=19230"},{"taxonomy":"product_cat","embeddable":true,"href":"https:\/\/maisontanase.com\/fr\/wp-json\/wp\/v2\/product_cat?post=19230"},{"taxonomy":"product_tag","embeddable":true,"href":"https:\/\/maisontanase.com\/fr\/wp-json\/wp\/v2\/product_tag?post=19230"}],"curies":[{"name":"wp","href":"https:\/\/api.w.org\/{rel}","templated":true}]}}