
{"id":17740,"date":"2025-01-09T14:21:46","date_gmt":"2025-01-09T13:21:46","guid":{"rendered":"https:\/\/maisontanase.com\/?post_type=product&#038;p=17740"},"modified":"2025-12-12T14:50:52","modified_gmt":"2025-12-12T13:50:52","slug":"chateau-baret-2017","status":"publish","type":"product","link":"https:\/\/maisontanase.com\/fr\/boutique\/vins-francais\/bordeaux-fr\/chateau-baret-2017\/","title":{"rendered":"Ch\u00e2teau Baret 2017 &#8211; Pessac-L\u00e9ognan &#8211; Rouge"},"content":{"rendered":"\t\t<div data-elementor-type=\"wp-post\" data-elementor-id=\"17740\" class=\"elementor elementor-17740 elementor-17739\">\n\t\t\t\t\t\t<section class=\"elementor-section elementor-top-section elementor-element elementor-element-dfcbcc4 elementor-section-boxed elementor-section-height-default elementor-section-height-default\" data-id=\"dfcbcc4\" data-element_type=\"section\" data-e-type=\"section\" data-settings=\"{&quot;pix_scale_in&quot;:&quot;none&quot;}\">\n\t\t\t\t\t\t<div class=\"elementor-container elementor-column-gap-default\">\n\t\t\t\t\t<div class=\"elementor-column elementor-col-100 elementor-top-column elementor-element elementor-element-f0839c7\" data-id=\"f0839c7\" data-element_type=\"column\" data-e-type=\"column\" data-settings=\"{&quot;pix_scale_in&quot;:&quot;none&quot;}\">\n\t\t\t<div class=\"elementor-widget-wrap elementor-element-populated\">\n\t\t\t\t\t\t<div class=\"elementor-element elementor-element-121adfd elementor-widget elementor-widget-text-editor\" data-id=\"121adfd\" data-element_type=\"widget\" data-e-type=\"widget\" data-widget_type=\"text-editor.default\">\n\t\t\t\t<div class=\"elementor-widget-container\">\n\t\t\t\t\t\t\t\t\t<p><strong>D\u00e9couvrez le Ch\u00e2teau Baret 2017, <\/strong>un vin rouge remarquable de la prestigieuse appellation Pessac-L\u00e9ognan. Ce mill\u00e9sime \u00e9l\u00e9gant s\u00e9duit par sa robe rubis profonde et ses ar\u00f4mes captivants de fruits noirs, de tabac et d&rsquo;\u00e9pices douces.<\/p><p>En bouche, <strong>Ch\u00e2teau Baret 2017<\/strong> r\u00e9v\u00e8le un \u00e9quilibre parfait entre des tannins velout\u00e9s, une acidit\u00e9 vive et une grande complexit\u00e9 aromatique. <strong>Il s&rsquo;accorde id\u00e9alement avec<\/strong> des viandes r\u00f4ties, un b\u0153uf Wellington ou un plateau de fromages affin\u00e9s.<\/p><p>\ud83c\udf77 Ce vin est <a href=\"https:\/\/maisontanase.com\/fr\/boutique\/vins-francais\/bordeaux-fr\/chateau-baret-2021-aop-pessac-leognan\/\"><strong>\u00e9galement disponible en blanc<\/strong><\/a>.\u00a0<\/p><p><strong>Pourquoi choisir le Ch\u00e2teau Baret 2017 ?<\/strong><\/p><ul><li><strong>Un terroir d\u2019exception<\/strong> : Issu de<span style=\"text-decoration: underline;\"> l&rsquo;appellation renomm\u00e9e de Pessac-L\u00e9ognan, l&rsquo;une des r\u00e9gions viticoles les plus prestigieuses de Bordeaux<\/span>, connue pour ses vins d&rsquo;une qualit\u00e9 exceptionnelle.<\/li><li><strong>Un savoir-faire artisanal<\/strong> : Assemblage soign\u00e9 de Merlot et de Cabernet Sauvignon, <span style=\"text-decoration: underline;\">\u00e9labor\u00e9 avec pr\u00e9cision<\/span> en combinant des techniques de vinification traditionnelles et modernes.<\/li><li><strong>Un potentiel de garde remarquable <\/strong>: Ce vin continuera d&rsquo;\u00e9voluer et de s&rsquo;am\u00e9liorer sur une p\u00e9riode de 8 \u00e0 12 ans, en faisant <span style=\"text-decoration: underline;\">une pi\u00e8ce ma\u00eetresse pour toute cave \u00e0 vin<\/span>.<\/li><li><strong>Stock limit\u00e9 <\/strong>: Ne manquez pas cette p\u00e9pite rare \u2013 <span style=\"text-decoration: underline;\">commandez maintenant et b\u00e9n\u00e9ficiez d&rsquo;une livraison rapide et s\u00e9curis\u00e9e.<\/span><\/li><\/ul>\t\t\t\t\t\t\t\t<\/div>\n\t\t\t\t<\/div>\n\t\t\t\t<div class=\"elementor-element elementor-element-a9fd3c9 elementor-widget elementor-widget-heading\" data-id=\"a9fd3c9\" data-element_type=\"widget\" data-e-type=\"widget\" data-widget_type=\"heading.default\">\n\t\t\t\t<div class=\"elementor-widget-container\">\n\t\t\t\t\t<h2 class=\"elementor-heading-title elementor-size-default\">Histoire<\/h2>\t\t\t\t<\/div>\n\t\t\t\t<\/div>\n\t\t\t\t<div class=\"elementor-element elementor-element-f4eeb0a elementor-widget elementor-widget-text-editor\" data-id=\"f4eeb0a\" data-element_type=\"widget\" data-e-type=\"widget\" data-widget_type=\"text-editor.default\">\n\t\t\t\t<div class=\"elementor-widget-container\">\n\t\t\t\t\t\t\t\t\t<p>Le <strong>Ch\u00e2teau Baret<\/strong> trouve ses origines au IVe si\u00e8cle. Longtemps propri\u00e9t\u00e9 des <strong>Seigneurs de Baret<\/strong>, il est acquis en 1867 par la <strong>famille Ballande<\/strong>, n\u00e9gociants et armateurs. Apr\u00e8s un incendie au d\u00e9but du XXe si\u00e8cle, d&rsquo;importants travaux de r\u00e9novation transforment la chartreuse, le vignoble et le chai, fa\u00e7onnant le domaine tel que nous le connaissons aujourd&rsquo;hui.  <\/p>\n\t\t\t\t\t\t\t\t<\/div>\n\t\t\t\t<\/div>\n\t\t\t\t<div class=\"elementor-element elementor-element-e53be77 elementor-widget elementor-widget-heading\" data-id=\"e53be77\" data-element_type=\"widget\" data-e-type=\"widget\" data-widget_type=\"heading.default\">\n\t\t\t\t<div class=\"elementor-widget-container\">\n\t\t\t\t\t<h2 class=\"elementor-heading-title elementor-size-default\">Viticulture<\/h2>\t\t\t\t<\/div>\n\t\t\t\t<\/div>\n\t\t\t\t<div class=\"elementor-element elementor-element-e022eb5 elementor-widget elementor-widget-text-editor\" data-id=\"e022eb5\" data-element_type=\"widget\" data-e-type=\"widget\" data-widget_type=\"text-editor.default\">\n\t\t\t\t<div class=\"elementor-widget-container\">\n\t\t\t\t\t\t\t\t\t<p class=\"p1\">Le <strong>Ch\u00e2teau Baret 2017 <\/strong>est issu d&rsquo;un assemblage de <strong>Merlot <\/strong>et de<strong> Cabernet Sauvignon<\/strong> cultiv\u00e9s durablement. Gr\u00e2ce \u00e0 une exposition optimale et un terroir riche, les raisins atteignent une maturit\u00e9 parfaite, <strong>garantissant des vins \u00e9quilibr\u00e9s et frais.<\/strong> <\/p>\n<p>D\u00e8s le mill\u00e9sime 2018, la propri\u00e9t\u00e9 obtient la certification <strong>Haute Valeur Environnementale (HVE) Niveau 3<\/strong>, preuve de son engagement en faveur de pratiques respectueuses de l&rsquo;environnement. <\/p>\n\t\t\t\t\t\t\t\t<\/div>\n\t\t\t\t<\/div>\n\t\t\t\t<div class=\"elementor-element elementor-element-5c2148a elementor-widget elementor-widget-heading\" data-id=\"5c2148a\" data-element_type=\"widget\" data-e-type=\"widget\" data-widget_type=\"heading.default\">\n\t\t\t\t<div class=\"elementor-widget-container\">\n\t\t\t\t\t<h2 class=\"elementor-heading-title elementor-size-default\">Vinification<\/h2>\t\t\t\t<\/div>\n\t\t\t\t<\/div>\n\t\t\t\t<div class=\"elementor-element elementor-element-f24e5a7 elementor-widget elementor-widget-text-editor\" data-id=\"f24e5a7\" data-element_type=\"widget\" data-e-type=\"widget\" data-widget_type=\"text-editor.default\">\n\t\t\t\t<div class=\"elementor-widget-container\">\n\t\t\t\t\t\t\t\t\t<p>Les raisins du <strong>Ch\u00e2teau Baret 2017<\/strong> sont r\u00e9colt\u00e9s \u00e0 la main et tri\u00e9s avec soin pour ne conserver que les meilleurs fruits.<\/p>\n<p>Le vin est ensuite<span style=\"text-decoration: underline;\"> \u00e9lev\u00e9 en barriques de ch\u00eane fran\u00e7ais<\/span>, d\u00e9veloppant des ar\u00f4mes subtils de bois toast\u00e9 et d&rsquo;\u00e9pices. Ce processus d&rsquo;\u00e9levage sublime la complexit\u00e9 naturelle du vin, offrant un <strong>\u00e9quilibre harmonieux entre fruits, bois et \u00e9pices.<\/strong> <\/p>\n\t\t\t\t\t\t\t\t<\/div>\n\t\t\t\t<\/div>\n\t\t\t\t<div class=\"elementor-element elementor-element-7cae827 elementor-widget elementor-widget-heading\" data-id=\"7cae827\" data-element_type=\"widget\" data-e-type=\"widget\" data-widget_type=\"heading.default\">\n\t\t\t\t<div class=\"elementor-widget-container\">\n\t\t\t\t\t<h2 class=\"elementor-heading-title elementor-size-default\">D\u00e9gustation<\/h2>\t\t\t\t<\/div>\n\t\t\t\t<\/div>\n\t\t\t\t<div class=\"elementor-element elementor-element-bbc90bf elementor-widget elementor-widget-text-editor\" data-id=\"bbc90bf\" data-element_type=\"widget\" data-e-type=\"widget\" data-widget_type=\"text-editor.default\">\n\t\t\t\t<div class=\"elementor-widget-container\">\n\t\t\t\t\t\t\t\t\t<p><strong>Le Ch\u00e2teau Baret 2017<\/strong> d\u00e9voile un bouquet s\u00e9duisant de baies noires, de tabac et de l\u00e9g\u00e8res notes de cuir. En bouche, il est ample, structur\u00e9 et soyeux, avec une finale longue et agr\u00e9able.<\/p><p>Ses tannins raffin\u00e9s et son acidit\u00e9 \u00e9quilibr\u00e9e en font <strong>un choix id\u00e9al pour accompagner<\/strong> un gigot d&rsquo;agneau, un b\u0153uf Wellington ou une s\u00e9lection de fromages affin\u00e9s. <strong>Servez-le \u00e0 une temp\u00e9rature de 16 \u00e0 18\u00b0C<\/strong> pour en r\u00e9v\u00e9ler toute la richesse.<\/p><p>***<\/p><p><strong>Vous recherchez d&rsquo;autres vins de Bordeaux de grande qualit\u00e9 ?<\/strong><br \/>D\u00e9couvrez notre s\u00e9lection exclusive chez Maison Tanase et laissez-vous s\u00e9duire par des vins prestigieux de <a href=\"https:\/\/maisontanase.com\/fr\/boutique\/vins-francais\/bordeaux-fr\/chateau-franc-maillet-2019\/\">Pomerol<\/a>, <a href=\"https:\/\/maisontanase.com\/fr\/boutique\/vins-francais\/bordeaux-fr\/vieux-chateau-gachet-2015\/\">Lalande-de-Pomerol<\/a>, <a href=\"https:\/\/maisontanase.com\/fr\/boutique\/vins-francais\/bordeaux-fr\/chateau-haut-marbuzet-2017\/\">Saint-Est\u00e8phe<\/a>, <a href=\"https:\/\/maisontanase.com\/fr\/boutique\/vins-francais\/bordeaux-fr\/chateau-brown-2021\/\">Pessac-L\u00e9ognan <\/a>et <a href=\"https:\/\/maisontanase.com\/fr\/boutique\/vins-francais\/bordeaux-fr\/chateau-baret-2017\/\">Saint-\u00c9milion<\/a>, au meilleur prix. Profitez d&rsquo;un <strong>paiement s\u00e9curis\u00e9<\/strong> et d&rsquo;une <strong>livraison internationale rapide<\/strong> !<\/p><p>\ud83c\udf77 Ce vin est <a href=\"https:\/\/maisontanase.com\/fr\/boutique\/vins-francais\/bordeaux-fr\/chateau-baret-2021-aop-pessac-leognan\/\"><strong>\u00e9galement disponible en blanc<\/strong><\/a>.<\/p>\t\t\t\t\t\t\t\t<\/div>\n\t\t\t\t<\/div>\n\t\t\t\t\t<\/div>\n\t\t<\/div>\n\t\t\t\t\t<\/div>\n\t\t<\/section>\n\t\t\t\t<\/div>\n\t\t","protected":false},"excerpt":{"rendered":"<p><strong>Achetez Ch\u00e2teau Baret 2017<\/strong> &#8211; 75 cl.<\/p>\n<p>Ce <strong>vin rouge exceptionnel de l&rsquo;appellation Pessac-L\u00e9ognan<\/strong> offre des saveurs riches, des tannins soyeux et une acidit\u00e9 parfaitement \u00e9quilibr\u00e9e. Id\u00e9al pour vos repas gourmands ou vos c\u00e9l\u00e9brations sp\u00e9ciales.<\/p>\n<p>Distribu\u00e9 par Maison Tanase, ce mill\u00e9sime est <strong>un incontournable pour les amateurs de vins de Bordeaux<\/strong>, salu\u00e9 pour sa qualit\u00e9 remarquable.<\/p>\n<p><strong>Commandez vite <\/strong>pour profiter d&rsquo;une<strong> livraison rapide !<\/strong><\/p>\n","protected":false},"featured_media":17774,"comment_status":"open","ping_status":"closed","template":"","meta":[],"product_brand":[],"product_cat":[134,133],"product_tag":[359,171],"class_list":{"0":"post-17740","1":"product","2":"type-product","3":"status-publish","4":"has-post-thumbnail","6":"product_cat-bordeaux-fr","7":"product_cat-vins-francais","8":"product_tag-pessac-leognan-fr","9":"product_tag-vin-rouge","11":"first","12":"instock","13":"shipping-taxable","14":"purchasable","15":"product-type-simple"},"yoast_head":"<!-- This site is optimized with the Yoast SEO plugin v27.3 - https:\/\/yoast.com\/product\/yoast-seo-wordpress\/ -->\n<title>Ch\u00e2teau Baret 2017 - AOP Pessac-L\u00e9ognan<\/title>\n<meta name=\"description\" content=\"D\u00e9couvrez le Ch\u00e2teau Baret 2017 ! Un vin rouge raffin\u00e9 aux notes \u00e9l\u00e9gantes de fruits noirs et aux \u00e9pices subtiles. Stock limit\u00e9 \u2013 commandez d\u00e8s maintenant !\" \/>\n<meta name=\"robots\" content=\"index, follow, max-snippet:-1, max-image-preview:large, max-video-preview:-1\" \/>\n<link rel=\"canonical\" href=\"https:\/\/maisontanase.com\/fr\/boutique\/vins-francais\/bordeaux-fr\/chateau-baret-2017\/\" \/>\n<meta property=\"og:locale\" content=\"fr_FR\" \/>\n<meta property=\"og:type\" content=\"article\" \/>\n<meta property=\"og:title\" content=\"Ch\u00e2teau Baret 2017 - AOP Pessac-L\u00e9ognan\" \/>\n<meta property=\"og:description\" content=\"D\u00e9couvrez le Ch\u00e2teau Baret 2017 ! Un vin rouge raffin\u00e9 aux notes \u00e9l\u00e9gantes de fruits noirs et aux \u00e9pices subtiles. Stock limit\u00e9 \u2013 commandez d\u00e8s maintenant !\" \/>\n<meta property=\"og:url\" content=\"https:\/\/maisontanase.com\/fr\/boutique\/vins-francais\/bordeaux-fr\/chateau-baret-2017\/\" \/>\n<meta property=\"og:site_name\" content=\"Maison Tanase\" \/>\n<meta property=\"article:modified_time\" content=\"2025-12-12T13:50:52+00:00\" \/>\n<meta property=\"og:image\" content=\"https:\/\/maisontanase.com\/wp-content\/uploads\/2025\/01\/Chateau-Baret-2017-Red-Wine-from-Pessac-Leognan-by-Maison-Tanase.png\" \/>\n\t<meta property=\"og:image:width\" content=\"1000\" \/>\n\t<meta property=\"og:image:height\" content=\"1000\" \/>\n\t<meta property=\"og:image:type\" content=\"image\/png\" \/>\n<meta name=\"twitter:card\" content=\"summary_large_image\" \/>\n<meta name=\"twitter:title\" content=\"Ch\u00e2teau Baret 2017 - AOP Pessac-L\u00e9ognan\" \/>\n<meta name=\"twitter:description\" content=\"D\u00e9couvrez le Ch\u00e2teau Baret 2017 ! Un vin rouge raffin\u00e9 aux notes \u00e9l\u00e9gantes de fruits noirs et aux \u00e9pices subtiles. Stock limit\u00e9 \u2013 commandez d\u00e8s maintenant !\" \/>\n<meta name=\"twitter:image\" content=\"https:\/\/maisontanase.com\/wp-content\/uploads\/2025\/01\/Chateau-Baret-2017-Red-Wine-from-Pessac-Leognan-by-Maison-Tanase.png\" \/>\n<meta name=\"twitter:label1\" content=\"Dur\u00e9e de lecture estim\u00e9e\" \/>\n\t<meta name=\"twitter:data1\" content=\"3 minutes\" \/>\n<script type=\"application\/ld+json\" class=\"yoast-schema-graph\">{\"@context\":\"https:\\\/\\\/schema.org\",\"@graph\":[{\"@type\":\"WebPage\",\"@id\":\"https:\\\/\\\/maisontanase.com\\\/fr\\\/boutique\\\/vins-francais\\\/bordeaux-fr\\\/chateau-baret-2017\\\/\",\"url\":\"https:\\\/\\\/maisontanase.com\\\/fr\\\/boutique\\\/vins-francais\\\/bordeaux-fr\\\/chateau-baret-2017\\\/\",\"name\":\"Ch\u00e2teau Baret 2017 - AOP Pessac-L\u00e9ognan\",\"isPartOf\":{\"@id\":\"https:\\\/\\\/maisontanase.com\\\/fr\\\/#website\"},\"primaryImageOfPage\":{\"@id\":\"https:\\\/\\\/maisontanase.com\\\/fr\\\/boutique\\\/vins-francais\\\/bordeaux-fr\\\/chateau-baret-2017\\\/#primaryimage\"},\"image\":{\"@id\":\"https:\\\/\\\/maisontanase.com\\\/fr\\\/boutique\\\/vins-francais\\\/bordeaux-fr\\\/chateau-baret-2017\\\/#primaryimage\"},\"thumbnailUrl\":\"https:\\\/\\\/maisontanase.com\\\/wp-content\\\/uploads\\\/2025\\\/01\\\/Acheter-en-ligne-Chateau-Baret-2017-Pessac-Leognan-Maison-Tanase-Vin-Rouge.png\",\"datePublished\":\"2025-01-09T13:21:46+00:00\",\"dateModified\":\"2025-12-12T13:50:52+00:00\",\"description\":\"D\u00e9couvrez le Ch\u00e2teau Baret 2017 ! Un vin rouge raffin\u00e9 aux notes \u00e9l\u00e9gantes de fruits noirs et aux \u00e9pices subtiles. Stock limit\u00e9 \u2013 commandez d\u00e8s maintenant !\",\"breadcrumb\":{\"@id\":\"https:\\\/\\\/maisontanase.com\\\/fr\\\/boutique\\\/vins-francais\\\/bordeaux-fr\\\/chateau-baret-2017\\\/#breadcrumb\"},\"inLanguage\":\"fr-FR\",\"potentialAction\":[{\"@type\":\"ReadAction\",\"target\":[\"https:\\\/\\\/maisontanase.com\\\/fr\\\/boutique\\\/vins-francais\\\/bordeaux-fr\\\/chateau-baret-2017\\\/\"]}]},{\"@type\":\"ImageObject\",\"inLanguage\":\"fr-FR\",\"@id\":\"https:\\\/\\\/maisontanase.com\\\/fr\\\/boutique\\\/vins-francais\\\/bordeaux-fr\\\/chateau-baret-2017\\\/#primaryimage\",\"url\":\"https:\\\/\\\/maisontanase.com\\\/wp-content\\\/uploads\\\/2025\\\/01\\\/Acheter-en-ligne-Chateau-Baret-2017-Pessac-Leognan-Maison-Tanase-Vin-Rouge.png\",\"contentUrl\":\"https:\\\/\\\/maisontanase.com\\\/wp-content\\\/uploads\\\/2025\\\/01\\\/Acheter-en-ligne-Chateau-Baret-2017-Pessac-Leognan-Maison-Tanase-Vin-Rouge.png\",\"width\":1000,\"height\":1000,\"caption\":\"Acheter en ligne Chateau Baret 2017 Pessac-Leognan Maison Tanase Vin Rouge\"},{\"@type\":\"BreadcrumbList\",\"@id\":\"https:\\\/\\\/maisontanase.com\\\/fr\\\/boutique\\\/vins-francais\\\/bordeaux-fr\\\/chateau-baret-2017\\\/#breadcrumb\",\"itemListElement\":[{\"@type\":\"ListItem\",\"position\":1,\"name\":\"Accueil\",\"item\":\"https:\\\/\\\/maisontanase.com\\\/fr\\\/\"},{\"@type\":\"ListItem\",\"position\":2,\"name\":\"Boutique\",\"item\":\"https:\\\/\\\/maisontanase.com\\\/fr\\\/boutique-en-ligne-maison-tanase\\\/\"},{\"@type\":\"ListItem\",\"position\":3,\"name\":\"Ch\u00e2teau Baret 2017 &#8211; Pessac-L\u00e9ognan &#8211; Rouge\"}]},{\"@type\":\"WebSite\",\"@id\":\"https:\\\/\\\/maisontanase.com\\\/fr\\\/#website\",\"url\":\"https:\\\/\\\/maisontanase.com\\\/fr\\\/\",\"name\":\"Maison Tanase\",\"description\":\"Based in Bordeaux, Maison Tanase is a family-run business that produces and sells high-quality wines and spirits. Welcome to our online shop.\",\"publisher\":{\"@id\":\"https:\\\/\\\/maisontanase.com\\\/fr\\\/#organization\"},\"potentialAction\":[{\"@type\":\"SearchAction\",\"target\":{\"@type\":\"EntryPoint\",\"urlTemplate\":\"https:\\\/\\\/maisontanase.com\\\/fr\\\/?s={search_term_string}\"},\"query-input\":{\"@type\":\"PropertyValueSpecification\",\"valueRequired\":true,\"valueName\":\"search_term_string\"}}],\"inLanguage\":\"fr-FR\"},{\"@type\":\"Organization\",\"@id\":\"https:\\\/\\\/maisontanase.com\\\/fr\\\/#organization\",\"name\":\"Maison Tanase\",\"url\":\"https:\\\/\\\/maisontanase.com\\\/fr\\\/\",\"logo\":{\"@type\":\"ImageObject\",\"inLanguage\":\"fr-FR\",\"@id\":\"https:\\\/\\\/maisontanase.com\\\/fr\\\/#\\\/schema\\\/logo\\\/image\\\/\",\"url\":\"https:\\\/\\\/maisontanase.com\\\/wp-content\\\/uploads\\\/2022\\\/05\\\/maison-tanase.jpg\",\"contentUrl\":\"https:\\\/\\\/maisontanase.com\\\/wp-content\\\/uploads\\\/2022\\\/05\\\/maison-tanase.jpg\",\"width\":1200,\"height\":630,\"caption\":\"Maison Tanase\"},\"image\":{\"@id\":\"https:\\\/\\\/maisontanase.com\\\/fr\\\/#\\\/schema\\\/logo\\\/image\\\/\"}}]}<\/script>\n<!-- \/ Yoast SEO plugin. -->","yoast_head_json":{"title":"Ch\u00e2teau Baret 2017 - AOP Pessac-L\u00e9ognan","description":"D\u00e9couvrez le Ch\u00e2teau Baret 2017 ! Un vin rouge raffin\u00e9 aux notes \u00e9l\u00e9gantes de fruits noirs et aux \u00e9pices subtiles. Stock limit\u00e9 \u2013 commandez d\u00e8s maintenant !","robots":{"index":"index","follow":"follow","max-snippet":"max-snippet:-1","max-image-preview":"max-image-preview:large","max-video-preview":"max-video-preview:-1"},"canonical":"https:\/\/maisontanase.com\/fr\/boutique\/vins-francais\/bordeaux-fr\/chateau-baret-2017\/","og_locale":"fr_FR","og_type":"article","og_title":"Ch\u00e2teau Baret 2017 - AOP Pessac-L\u00e9ognan","og_description":"D\u00e9couvrez le Ch\u00e2teau Baret 2017 ! Un vin rouge raffin\u00e9 aux notes \u00e9l\u00e9gantes de fruits noirs et aux \u00e9pices subtiles. Stock limit\u00e9 \u2013 commandez d\u00e8s maintenant !","og_url":"https:\/\/maisontanase.com\/fr\/boutique\/vins-francais\/bordeaux-fr\/chateau-baret-2017\/","og_site_name":"Maison Tanase","article_modified_time":"2025-12-12T13:50:52+00:00","og_image":[{"width":1000,"height":1000,"url":"https:\/\/maisontanase.com\/wp-content\/uploads\/2025\/01\/Chateau-Baret-2017-Red-Wine-from-Pessac-Leognan-by-Maison-Tanase.png","type":"image\/png"}],"twitter_card":"summary_large_image","twitter_title":"Ch\u00e2teau Baret 2017 - AOP Pessac-L\u00e9ognan","twitter_description":"D\u00e9couvrez le Ch\u00e2teau Baret 2017 ! Un vin rouge raffin\u00e9 aux notes \u00e9l\u00e9gantes de fruits noirs et aux \u00e9pices subtiles. Stock limit\u00e9 \u2013 commandez d\u00e8s maintenant !","twitter_image":"https:\/\/maisontanase.com\/wp-content\/uploads\/2025\/01\/Chateau-Baret-2017-Red-Wine-from-Pessac-Leognan-by-Maison-Tanase.png","twitter_misc":{"Dur\u00e9e de lecture estim\u00e9e":"3 minutes"},"schema":{"@context":"https:\/\/schema.org","@graph":[{"@type":"WebPage","@id":"https:\/\/maisontanase.com\/fr\/boutique\/vins-francais\/bordeaux-fr\/chateau-baret-2017\/","url":"https:\/\/maisontanase.com\/fr\/boutique\/vins-francais\/bordeaux-fr\/chateau-baret-2017\/","name":"Ch\u00e2teau Baret 2017 - AOP Pessac-L\u00e9ognan","isPartOf":{"@id":"https:\/\/maisontanase.com\/fr\/#website"},"primaryImageOfPage":{"@id":"https:\/\/maisontanase.com\/fr\/boutique\/vins-francais\/bordeaux-fr\/chateau-baret-2017\/#primaryimage"},"image":{"@id":"https:\/\/maisontanase.com\/fr\/boutique\/vins-francais\/bordeaux-fr\/chateau-baret-2017\/#primaryimage"},"thumbnailUrl":"https:\/\/maisontanase.com\/wp-content\/uploads\/2025\/01\/Acheter-en-ligne-Chateau-Baret-2017-Pessac-Leognan-Maison-Tanase-Vin-Rouge.png","datePublished":"2025-01-09T13:21:46+00:00","dateModified":"2025-12-12T13:50:52+00:00","description":"D\u00e9couvrez le Ch\u00e2teau Baret 2017 ! Un vin rouge raffin\u00e9 aux notes \u00e9l\u00e9gantes de fruits noirs et aux \u00e9pices subtiles. Stock limit\u00e9 \u2013 commandez d\u00e8s maintenant !","breadcrumb":{"@id":"https:\/\/maisontanase.com\/fr\/boutique\/vins-francais\/bordeaux-fr\/chateau-baret-2017\/#breadcrumb"},"inLanguage":"fr-FR","potentialAction":[{"@type":"ReadAction","target":["https:\/\/maisontanase.com\/fr\/boutique\/vins-francais\/bordeaux-fr\/chateau-baret-2017\/"]}]},{"@type":"ImageObject","inLanguage":"fr-FR","@id":"https:\/\/maisontanase.com\/fr\/boutique\/vins-francais\/bordeaux-fr\/chateau-baret-2017\/#primaryimage","url":"https:\/\/maisontanase.com\/wp-content\/uploads\/2025\/01\/Acheter-en-ligne-Chateau-Baret-2017-Pessac-Leognan-Maison-Tanase-Vin-Rouge.png","contentUrl":"https:\/\/maisontanase.com\/wp-content\/uploads\/2025\/01\/Acheter-en-ligne-Chateau-Baret-2017-Pessac-Leognan-Maison-Tanase-Vin-Rouge.png","width":1000,"height":1000,"caption":"Acheter en ligne Chateau Baret 2017 Pessac-Leognan Maison Tanase Vin Rouge"},{"@type":"BreadcrumbList","@id":"https:\/\/maisontanase.com\/fr\/boutique\/vins-francais\/bordeaux-fr\/chateau-baret-2017\/#breadcrumb","itemListElement":[{"@type":"ListItem","position":1,"name":"Accueil","item":"https:\/\/maisontanase.com\/fr\/"},{"@type":"ListItem","position":2,"name":"Boutique","item":"https:\/\/maisontanase.com\/fr\/boutique-en-ligne-maison-tanase\/"},{"@type":"ListItem","position":3,"name":"Ch\u00e2teau Baret 2017 &#8211; Pessac-L\u00e9ognan &#8211; Rouge"}]},{"@type":"WebSite","@id":"https:\/\/maisontanase.com\/fr\/#website","url":"https:\/\/maisontanase.com\/fr\/","name":"Maison Tanase","description":"Based in Bordeaux, Maison Tanase is a family-run business that produces and sells high-quality wines and spirits. Welcome to our online shop.","publisher":{"@id":"https:\/\/maisontanase.com\/fr\/#organization"},"potentialAction":[{"@type":"SearchAction","target":{"@type":"EntryPoint","urlTemplate":"https:\/\/maisontanase.com\/fr\/?s={search_term_string}"},"query-input":{"@type":"PropertyValueSpecification","valueRequired":true,"valueName":"search_term_string"}}],"inLanguage":"fr-FR"},{"@type":"Organization","@id":"https:\/\/maisontanase.com\/fr\/#organization","name":"Maison Tanase","url":"https:\/\/maisontanase.com\/fr\/","logo":{"@type":"ImageObject","inLanguage":"fr-FR","@id":"https:\/\/maisontanase.com\/fr\/#\/schema\/logo\/image\/","url":"https:\/\/maisontanase.com\/wp-content\/uploads\/2022\/05\/maison-tanase.jpg","contentUrl":"https:\/\/maisontanase.com\/wp-content\/uploads\/2022\/05\/maison-tanase.jpg","width":1200,"height":630,"caption":"Maison Tanase"},"image":{"@id":"https:\/\/maisontanase.com\/fr\/#\/schema\/logo\/image\/"}}]}},"_links":{"self":[{"href":"https:\/\/maisontanase.com\/fr\/wp-json\/wp\/v2\/product\/17740","targetHints":{"allow":["GET"]}}],"collection":[{"href":"https:\/\/maisontanase.com\/fr\/wp-json\/wp\/v2\/product"}],"about":[{"href":"https:\/\/maisontanase.com\/fr\/wp-json\/wp\/v2\/types\/product"}],"replies":[{"embeddable":true,"href":"https:\/\/maisontanase.com\/fr\/wp-json\/wp\/v2\/comments?post=17740"}],"version-history":[{"count":18,"href":"https:\/\/maisontanase.com\/fr\/wp-json\/wp\/v2\/product\/17740\/revisions"}],"predecessor-version":[{"id":17983,"href":"https:\/\/maisontanase.com\/fr\/wp-json\/wp\/v2\/product\/17740\/revisions\/17983"}],"wp:featuredmedia":[{"embeddable":true,"href":"https:\/\/maisontanase.com\/fr\/wp-json\/wp\/v2\/media\/17774"}],"wp:attachment":[{"href":"https:\/\/maisontanase.com\/fr\/wp-json\/wp\/v2\/media?parent=17740"}],"wp:term":[{"taxonomy":"product_brand","embeddable":true,"href":"https:\/\/maisontanase.com\/fr\/wp-json\/wp\/v2\/product_brand?post=17740"},{"taxonomy":"product_cat","embeddable":true,"href":"https:\/\/maisontanase.com\/fr\/wp-json\/wp\/v2\/product_cat?post=17740"},{"taxonomy":"product_tag","embeddable":true,"href":"https:\/\/maisontanase.com\/fr\/wp-json\/wp\/v2\/product_tag?post=17740"}],"curies":[{"name":"wp","href":"https:\/\/api.w.org\/{rel}","templated":true}]}}