
{"id":17700,"date":"2025-01-09T10:00:19","date_gmt":"2025-01-09T09:00:19","guid":{"rendered":"https:\/\/maisontanase.com\/?post_type=product&#038;p=17700"},"modified":"2025-09-16T16:05:16","modified_gmt":"2025-09-16T14:05:16","slug":"chateau-petit-faurie-quet-2021","status":"publish","type":"product","link":"https:\/\/maisontanase.com\/fr\/boutique\/vins-francais\/bordeaux-fr\/chateau-petit-faurie-quet-2021\/","title":{"rendered":"Ch\u00e2teau Petit Faurie Quet 2021 &#8211; Saint-\u00c9milion &#8211; Rouge"},"content":{"rendered":"\t\t<div data-elementor-type=\"wp-post\" data-elementor-id=\"17700\" class=\"elementor elementor-17700 elementor-17699\">\n\t\t\t\t\t\t<section class=\"elementor-section elementor-top-section elementor-element elementor-element-dfcbcc4 elementor-section-boxed elementor-section-height-default elementor-section-height-default\" data-id=\"dfcbcc4\" data-element_type=\"section\" data-e-type=\"section\" data-settings=\"{&quot;pix_scale_in&quot;:&quot;none&quot;}\">\n\t\t\t\t\t\t<div class=\"elementor-container elementor-column-gap-default\">\n\t\t\t\t\t<div class=\"elementor-column elementor-col-100 elementor-top-column elementor-element elementor-element-f0839c7\" data-id=\"f0839c7\" data-element_type=\"column\" data-e-type=\"column\" data-settings=\"{&quot;pix_scale_in&quot;:&quot;none&quot;}\">\n\t\t\t<div class=\"elementor-widget-wrap elementor-element-populated\">\n\t\t\t\t\t\t<div class=\"elementor-element elementor-element-121adfd elementor-widget elementor-widget-text-editor\" data-id=\"121adfd\" data-element_type=\"widget\" data-e-type=\"widget\" data-widget_type=\"text-editor.default\">\n\t\t\t\t<div class=\"elementor-widget-container\">\n\t\t\t\t\t\t\t\t\t<p>Le<strong> Ch\u00e2teau Petit Faurie Quet 2021 <\/strong>est un <strong>vin rouge exceptionnel de l\u2019appellation Saint-\u00c9milion<\/strong>, id\u00e9al pour les amateurs de grands crus et les moments uniques.<\/p>\n<p>Avec sa robe grenat profond, ce vin r\u00e9v\u00e8le des ar\u00f4mes s\u00e9duisants de cerises m\u00fbres, de prunes et une touche de moka. En bouche, ses tanins soyeux, son acidit\u00e9 \u00e9quilibr\u00e9e et sa finale \u00e9l\u00e9gante en font <strong>un choix parfait pour accompagner un gigot d\u2019agneau r\u00f4ti, un b\u0153uf Wellington ou un plateau de fromages affin\u00e9s.<\/strong> <strong> <\/strong><\/p>\n<p><strong>Pourquoi choisir le Ch\u00e2teau Petit Faurie Quet 2021 ?<\/strong><\/p>\n<ul>\n<li><strong>Un Terroir de Renom :<\/strong> Issu de l\u2019appellation prestigieuse de Saint-\u00c9milion, reconnue dans le monde entier.<\/li>\n<li><strong>Savoir-Faire Artisanal :<\/strong> Un assemblage domin\u00e9 par le Merlot, \u00e9labor\u00e9 avec des pratiques viticoles durables et un soin m\u00e9ticuleux.<\/li>\n<li><strong>Potentiel de Garde : <\/strong>Ce vin se bonifiera avec le temps et pourra \u00eatre appr\u00e9ci\u00e9 pendant 8 \u00e0 12 ans.<\/li>\n<\/ul>\n<p><strong>Stock limit\u00e9 \u2013 commandez d\u00e8s maintenant pour une livraison rapide et s\u00e9curis\u00e9e avec Maison Tanase !<\/strong><\/p>\n\t\t\t\t\t\t\t\t<\/div>\n\t\t\t\t<\/div>\n\t\t\t\t<div class=\"elementor-element elementor-element-a9fd3c9 elementor-widget elementor-widget-heading\" data-id=\"a9fd3c9\" data-element_type=\"widget\" data-e-type=\"widget\" data-widget_type=\"heading.default\">\n\t\t\t\t<div class=\"elementor-widget-container\">\n\t\t\t\t\t<h2 class=\"elementor-heading-title elementor-size-default\">Histoire<\/h2>\t\t\t\t<\/div>\n\t\t\t\t<\/div>\n\t\t\t\t<div class=\"elementor-element elementor-element-f4eeb0a elementor-widget elementor-widget-text-editor\" data-id=\"f4eeb0a\" data-element_type=\"widget\" data-e-type=\"widget\" data-widget_type=\"text-editor.default\">\n\t\t\t\t<div class=\"elementor-widget-container\">\n\t\t\t\t\t\t\t\t\t<p>Le <strong>Ch\u00e2teau Petit Faurie Quet<\/strong> b\u00e9n\u00e9ficie d\u2019une longue tradition de production de grands vins \u00e0 Saint-\u00c9milion. Situ\u00e9 sur des sols riches en argile et en calcaire, ce domaine allie traditions s\u00e9culaires et techniques modernes pour cr\u00e9er des vins d\u2019une finesse incomparable. <\/p>\n<p>Sa <strong>production limit\u00e9e <\/strong>garantit une <span style=\"text-decoration: underline;\">qualit\u00e9 exceptionnelle dans chaque bouteille<\/span>.<\/p>\n\t\t\t\t\t\t\t\t<\/div>\n\t\t\t\t<\/div>\n\t\t\t\t<div class=\"elementor-element elementor-element-e53be77 elementor-widget elementor-widget-heading\" data-id=\"e53be77\" data-element_type=\"widget\" data-e-type=\"widget\" data-widget_type=\"heading.default\">\n\t\t\t\t<div class=\"elementor-widget-container\">\n\t\t\t\t\t<h2 class=\"elementor-heading-title elementor-size-default\">Viticulture<\/h2>\t\t\t\t<\/div>\n\t\t\t\t<\/div>\n\t\t\t\t<div class=\"elementor-element elementor-element-e022eb5 elementor-widget elementor-widget-text-editor\" data-id=\"e022eb5\" data-element_type=\"widget\" data-e-type=\"widget\" data-widget_type=\"text-editor.default\">\n\t\t\t\t<div class=\"elementor-widget-container\">\n\t\t\t\t\t\t\t\t\t<p class=\"p1\">Produit \u00e0 partir de <strong>Merlot<\/strong>, <strong>Cabernet Franc<\/strong> et <strong>Cabernet Sauvignon<\/strong>, ce vin est issu de vignes cultiv\u00e9es durablement. Le vignoble, expos\u00e9 id\u00e9alement au soleil et enracin\u00e9 dans des sols calcaires, donne<strong> des raisins concentr\u00e9s avec une fra\u00eecheur remarquable<\/strong>. <\/p>\n\t\t\t\t\t\t\t\t<\/div>\n\t\t\t\t<\/div>\n\t\t\t\t<div class=\"elementor-element elementor-element-5c2148a elementor-widget elementor-widget-heading\" data-id=\"5c2148a\" data-element_type=\"widget\" data-e-type=\"widget\" data-widget_type=\"heading.default\">\n\t\t\t\t<div class=\"elementor-widget-container\">\n\t\t\t\t\t<h2 class=\"elementor-heading-title elementor-size-default\">Vinification<\/h2>\t\t\t\t<\/div>\n\t\t\t\t<\/div>\n\t\t\t\t<div class=\"elementor-element elementor-element-f24e5a7 elementor-widget elementor-widget-text-editor\" data-id=\"f24e5a7\" data-element_type=\"widget\" data-e-type=\"widget\" data-widget_type=\"text-editor.default\">\n\t\t\t\t<div class=\"elementor-widget-container\">\n\t\t\t\t\t\t\t\t\t<p>Les raisins sont r\u00e9colt\u00e9s \u00e0 la main et soigneusement tri\u00e9s pour ne conserver que les meilleurs fruits. Apr\u00e8s une fermentation contr\u00f4l\u00e9e, le vin est \u00e9lev\u00e9 en barriques de ch\u00eane fran\u00e7ais, ce qui lui conf\u00e8re des notes toast\u00e9es subtiles qui s\u2019harmonisent avec son caract\u00e8re fruit\u00e9. <span style=\"text-decoration: underline;\">Le r\u00e9sultat : un vin \u00e9quilibr\u00e9, complexe et \u00e9l\u00e9gant.<\/span>  <\/p>\n\t\t\t\t\t\t\t\t<\/div>\n\t\t\t\t<\/div>\n\t\t\t\t<div class=\"elementor-element elementor-element-7cae827 elementor-widget elementor-widget-heading\" data-id=\"7cae827\" data-element_type=\"widget\" data-e-type=\"widget\" data-widget_type=\"heading.default\">\n\t\t\t\t<div class=\"elementor-widget-container\">\n\t\t\t\t\t<h2 class=\"elementor-heading-title elementor-size-default\">D\u00e9gustation<\/h2>\t\t\t\t<\/div>\n\t\t\t\t<\/div>\n\t\t\t\t<div class=\"elementor-element elementor-element-bbc90bf elementor-widget elementor-widget-text-editor\" data-id=\"bbc90bf\" data-element_type=\"widget\" data-e-type=\"widget\" data-widget_type=\"text-editor.default\">\n\t\t\t\t<div class=\"elementor-widget-container\">\n\t\t\t\t\t\t\t\t\t<p>Le <strong>Ch\u00e2teau Petit Faurie Quet 2021 <\/strong>offre un bouquet g\u00e9n\u00e9reux de fruits rouges, de cassis et une pointe de clou de girofle.<\/p><p>En bouche, sa texture velout\u00e9e et sa longue finale en font <strong>un compagnon id\u00e9al pour un magret de canard grill\u00e9, un risotto aux champignons ou des p\u00e2tes \u00e0 la truffe. <\/strong><br \/><strong>Servez-le \u00e0 16-18\u00b0C<\/strong> pour appr\u00e9cier toute sa richesse aromatique.<\/p><p><strong>\u00c0 la recherche d\u2019autres vins de Bordeaux ?<\/strong><br \/>Explorez notre s\u00e9lection de grands vins de <a href=\"https:\/\/maisontanase.com\/fr\/boutique\/vins-francais\/bordeaux-fr\/chateau-clinet-2011\/\">Pomerol<\/a>, <a href=\"https:\/\/maisontanase.com\/fr\/boutique\/vins-francais\/bordeaux-fr\/chateau-franc-maillet-2019\/\">Lalande-de-Pomerol<\/a>, <a href=\"https:\/\/maisontanase.com\/fr\/boutique\/vins-francais\/bordeaux-fr\/phelan-segur-2017\/\">Saint-Est\u00e8phe<\/a>, Pessac-L\u00e9ognan sur Maison Tanase. Profitez des meilleurs prix, d\u2019un <strong>paiement s\u00e9curis\u00e9<\/strong> et d\u2019une<strong> livraison rapide \u00e0 l\u2019international!<\/strong><\/p>\t\t\t\t\t\t\t\t<\/div>\n\t\t\t\t<\/div>\n\t\t\t\t\t<\/div>\n\t\t<\/div>\n\t\t\t\t\t<\/div>\n\t\t<\/section>\n\t\t\t\t<\/div>\n\t\t","protected":false},"excerpt":{"rendered":"<p>Achetez <strong>Ch\u00e2teau Petit Faurie Quet 2021 <\/strong>&#8211; 75 cl.<\/p>\n<p>Un <strong>vin rouge raffin\u00e9<\/strong> de <strong>Saint-\u00c9milion<\/strong>, aux notes de fruits rouges et d\u2019\u00e9pices.<strong> Id\u00e9al pour des d\u00eeners gastronomiques ou des occasions sp\u00e9ciales<\/strong>.<\/p>\n<p><strong>Stock limit\u00e9<\/strong> \u2013 <strong>commandez vite<\/strong> chez Maison Tanase avec <strong>livraison rapide<\/strong> !<\/p>\n","protected":false},"featured_media":17723,"comment_status":"open","ping_status":"closed","template":"","meta":[],"product_brand":[],"product_cat":[134,133],"product_tag":[357,171],"class_list":{"0":"post-17700","1":"product","2":"type-product","3":"status-publish","4":"has-post-thumbnail","6":"product_cat-bordeaux-fr","7":"product_cat-vins-francais","8":"product_tag-saint-emilion-fr","9":"product_tag-vin-rouge","11":"first","12":"instock","13":"shipping-taxable","14":"purchasable","15":"product-type-simple"},"yoast_head":"<!-- This site is optimized with the Yoast SEO plugin v27.3 - https:\/\/yoast.com\/product\/yoast-seo-wordpress\/ -->\n<title>Ch\u00e2teau Petit Faurie Quet 2021 - AOP Saint-\u00c9milion<\/title>\n<meta name=\"description\" content=\"D\u00e9couvrez le Ch\u00e2teau Petit Faurie Quet, un grand vin rouge de Saint-\u00c9milion, \u00e9l\u00e9gant et complexe. Stock limit\u00e9 \u2013 commandez d\u00e8s maintenant !\" \/>\n<meta name=\"robots\" content=\"index, follow, max-snippet:-1, max-image-preview:large, max-video-preview:-1\" \/>\n<link rel=\"canonical\" href=\"https:\/\/maisontanase.com\/fr\/boutique\/vins-francais\/bordeaux-fr\/chateau-petit-faurie-quet-2021\/\" \/>\n<meta property=\"og:locale\" content=\"fr_FR\" \/>\n<meta property=\"og:type\" content=\"article\" \/>\n<meta property=\"og:title\" content=\"Ch\u00e2teau Petit Faurie Quet 2021 - AOP Saint-\u00c9milion\" \/>\n<meta property=\"og:description\" content=\"Achetez Ch\u00e2teau Petit Faurie Quet 2021 - Vin Rouge - AOP Saint-\u00c9milion Paiement s\u00e9curis\u00e9. Livraison internationale.\" \/>\n<meta property=\"og:url\" content=\"https:\/\/maisontanase.com\/fr\/boutique\/vins-francais\/bordeaux-fr\/chateau-petit-faurie-quet-2021\/\" \/>\n<meta property=\"og:site_name\" content=\"Maison Tanase\" \/>\n<meta property=\"article:modified_time\" content=\"2025-09-16T14:05:16+00:00\" \/>\n<meta property=\"og:image\" content=\"https:\/\/maisontanase.com\/wp-content\/uploads\/2025\/01\/Acheter-Chateau-Petit-Faurie-Quet-Saint-Emilion-Vin-Rouge-Maison-Tanase.png\" \/>\n\t<meta property=\"og:image:width\" content=\"1000\" \/>\n\t<meta property=\"og:image:height\" content=\"1000\" \/>\n\t<meta property=\"og:image:type\" content=\"image\/png\" \/>\n<meta name=\"twitter:card\" content=\"summary_large_image\" \/>\n<meta name=\"twitter:title\" content=\"Ch\u00e2teau Petit Faurie Quet 2021 - AOP Saint-\u00c9milion\" \/>\n<meta name=\"twitter:description\" content=\"Achetez Ch\u00e2teau Petit Faurie Quet 2021 - Vin Rouge - AOP Saint-\u00c9milion Paiement s\u00e9curis\u00e9. Livraison internationale.\" \/>\n<meta name=\"twitter:image\" content=\"https:\/\/maisontanase.com\/wp-content\/uploads\/2025\/01\/Acheter-Chateau-Petit-Faurie-Quet-Saint-Emilion-Vin-Rouge-Maison-Tanase.png\" \/>\n<meta name=\"twitter:label1\" content=\"Dur\u00e9e de lecture estim\u00e9e\" \/>\n\t<meta name=\"twitter:data1\" content=\"2 minutes\" \/>\n<script type=\"application\/ld+json\" class=\"yoast-schema-graph\">{\"@context\":\"https:\\\/\\\/schema.org\",\"@graph\":[{\"@type\":\"WebPage\",\"@id\":\"https:\\\/\\\/maisontanase.com\\\/fr\\\/boutique\\\/vins-francais\\\/bordeaux-fr\\\/chateau-petit-faurie-quet-2021\\\/\",\"url\":\"https:\\\/\\\/maisontanase.com\\\/fr\\\/boutique\\\/vins-francais\\\/bordeaux-fr\\\/chateau-petit-faurie-quet-2021\\\/\",\"name\":\"Ch\u00e2teau Petit Faurie Quet 2021 - AOP Saint-\u00c9milion\",\"isPartOf\":{\"@id\":\"https:\\\/\\\/maisontanase.com\\\/fr\\\/#website\"},\"primaryImageOfPage\":{\"@id\":\"https:\\\/\\\/maisontanase.com\\\/fr\\\/boutique\\\/vins-francais\\\/bordeaux-fr\\\/chateau-petit-faurie-quet-2021\\\/#primaryimage\"},\"image\":{\"@id\":\"https:\\\/\\\/maisontanase.com\\\/fr\\\/boutique\\\/vins-francais\\\/bordeaux-fr\\\/chateau-petit-faurie-quet-2021\\\/#primaryimage\"},\"thumbnailUrl\":\"https:\\\/\\\/maisontanase.com\\\/wp-content\\\/uploads\\\/2025\\\/01\\\/Acheter-Chateau-Petit-Faurie-Quet-Saint-Emilion-Vin-Rouge-Maison-Tanase.png\",\"datePublished\":\"2025-01-09T09:00:19+00:00\",\"dateModified\":\"2025-09-16T14:05:16+00:00\",\"description\":\"D\u00e9couvrez le Ch\u00e2teau Petit Faurie Quet, un grand vin rouge de Saint-\u00c9milion, \u00e9l\u00e9gant et complexe. Stock limit\u00e9 \u2013 commandez d\u00e8s maintenant !\",\"breadcrumb\":{\"@id\":\"https:\\\/\\\/maisontanase.com\\\/fr\\\/boutique\\\/vins-francais\\\/bordeaux-fr\\\/chateau-petit-faurie-quet-2021\\\/#breadcrumb\"},\"inLanguage\":\"fr-FR\",\"potentialAction\":[{\"@type\":\"ReadAction\",\"target\":[\"https:\\\/\\\/maisontanase.com\\\/fr\\\/boutique\\\/vins-francais\\\/bordeaux-fr\\\/chateau-petit-faurie-quet-2021\\\/\"]}]},{\"@type\":\"ImageObject\",\"inLanguage\":\"fr-FR\",\"@id\":\"https:\\\/\\\/maisontanase.com\\\/fr\\\/boutique\\\/vins-francais\\\/bordeaux-fr\\\/chateau-petit-faurie-quet-2021\\\/#primaryimage\",\"url\":\"https:\\\/\\\/maisontanase.com\\\/wp-content\\\/uploads\\\/2025\\\/01\\\/Acheter-Chateau-Petit-Faurie-Quet-Saint-Emilion-Vin-Rouge-Maison-Tanase.png\",\"contentUrl\":\"https:\\\/\\\/maisontanase.com\\\/wp-content\\\/uploads\\\/2025\\\/01\\\/Acheter-Chateau-Petit-Faurie-Quet-Saint-Emilion-Vin-Rouge-Maison-Tanase.png\",\"width\":1000,\"height\":1000,\"caption\":\"Acheter Ch\u00e2teau Petit Faurie Quet Vin Rouge de Saint-Emilion de chez Maison Tanase Picard\"},{\"@type\":\"BreadcrumbList\",\"@id\":\"https:\\\/\\\/maisontanase.com\\\/fr\\\/boutique\\\/vins-francais\\\/bordeaux-fr\\\/chateau-petit-faurie-quet-2021\\\/#breadcrumb\",\"itemListElement\":[{\"@type\":\"ListItem\",\"position\":1,\"name\":\"Accueil\",\"item\":\"https:\\\/\\\/maisontanase.com\\\/fr\\\/\"},{\"@type\":\"ListItem\",\"position\":2,\"name\":\"Boutique\",\"item\":\"https:\\\/\\\/maisontanase.com\\\/fr\\\/boutique-en-ligne-maison-tanase\\\/\"},{\"@type\":\"ListItem\",\"position\":3,\"name\":\"Ch\u00e2teau Petit Faurie Quet 2021 &#8211; Saint-\u00c9milion &#8211; Rouge\"}]},{\"@type\":\"WebSite\",\"@id\":\"https:\\\/\\\/maisontanase.com\\\/fr\\\/#website\",\"url\":\"https:\\\/\\\/maisontanase.com\\\/fr\\\/\",\"name\":\"Maison Tanase\",\"description\":\"Based in Bordeaux, Maison Tanase is a family-run business that produces and sells high-quality wines and spirits. Welcome to our online shop.\",\"publisher\":{\"@id\":\"https:\\\/\\\/maisontanase.com\\\/fr\\\/#organization\"},\"potentialAction\":[{\"@type\":\"SearchAction\",\"target\":{\"@type\":\"EntryPoint\",\"urlTemplate\":\"https:\\\/\\\/maisontanase.com\\\/fr\\\/?s={search_term_string}\"},\"query-input\":{\"@type\":\"PropertyValueSpecification\",\"valueRequired\":true,\"valueName\":\"search_term_string\"}}],\"inLanguage\":\"fr-FR\"},{\"@type\":\"Organization\",\"@id\":\"https:\\\/\\\/maisontanase.com\\\/fr\\\/#organization\",\"name\":\"Maison Tanase\",\"url\":\"https:\\\/\\\/maisontanase.com\\\/fr\\\/\",\"logo\":{\"@type\":\"ImageObject\",\"inLanguage\":\"fr-FR\",\"@id\":\"https:\\\/\\\/maisontanase.com\\\/fr\\\/#\\\/schema\\\/logo\\\/image\\\/\",\"url\":\"https:\\\/\\\/maisontanase.com\\\/wp-content\\\/uploads\\\/2022\\\/05\\\/maison-tanase.jpg\",\"contentUrl\":\"https:\\\/\\\/maisontanase.com\\\/wp-content\\\/uploads\\\/2022\\\/05\\\/maison-tanase.jpg\",\"width\":1200,\"height\":630,\"caption\":\"Maison Tanase\"},\"image\":{\"@id\":\"https:\\\/\\\/maisontanase.com\\\/fr\\\/#\\\/schema\\\/logo\\\/image\\\/\"}}]}<\/script>\n<!-- \/ Yoast SEO plugin. -->","yoast_head_json":{"title":"Ch\u00e2teau Petit Faurie Quet 2021 - AOP Saint-\u00c9milion","description":"D\u00e9couvrez le Ch\u00e2teau Petit Faurie Quet, un grand vin rouge de Saint-\u00c9milion, \u00e9l\u00e9gant et complexe. Stock limit\u00e9 \u2013 commandez d\u00e8s maintenant !","robots":{"index":"index","follow":"follow","max-snippet":"max-snippet:-1","max-image-preview":"max-image-preview:large","max-video-preview":"max-video-preview:-1"},"canonical":"https:\/\/maisontanase.com\/fr\/boutique\/vins-francais\/bordeaux-fr\/chateau-petit-faurie-quet-2021\/","og_locale":"fr_FR","og_type":"article","og_title":"Ch\u00e2teau Petit Faurie Quet 2021 - AOP Saint-\u00c9milion","og_description":"Achetez Ch\u00e2teau Petit Faurie Quet 2021 - Vin Rouge - AOP Saint-\u00c9milion Paiement s\u00e9curis\u00e9. Livraison internationale.","og_url":"https:\/\/maisontanase.com\/fr\/boutique\/vins-francais\/bordeaux-fr\/chateau-petit-faurie-quet-2021\/","og_site_name":"Maison Tanase","article_modified_time":"2025-09-16T14:05:16+00:00","og_image":[{"width":1000,"height":1000,"url":"https:\/\/maisontanase.com\/wp-content\/uploads\/2025\/01\/Acheter-Chateau-Petit-Faurie-Quet-Saint-Emilion-Vin-Rouge-Maison-Tanase.png","type":"image\/png"}],"twitter_card":"summary_large_image","twitter_title":"Ch\u00e2teau Petit Faurie Quet 2021 - AOP Saint-\u00c9milion","twitter_description":"Achetez Ch\u00e2teau Petit Faurie Quet 2021 - Vin Rouge - AOP Saint-\u00c9milion Paiement s\u00e9curis\u00e9. Livraison internationale.","twitter_image":"https:\/\/maisontanase.com\/wp-content\/uploads\/2025\/01\/Acheter-Chateau-Petit-Faurie-Quet-Saint-Emilion-Vin-Rouge-Maison-Tanase.png","twitter_misc":{"Dur\u00e9e de lecture estim\u00e9e":"2 minutes"},"schema":{"@context":"https:\/\/schema.org","@graph":[{"@type":"WebPage","@id":"https:\/\/maisontanase.com\/fr\/boutique\/vins-francais\/bordeaux-fr\/chateau-petit-faurie-quet-2021\/","url":"https:\/\/maisontanase.com\/fr\/boutique\/vins-francais\/bordeaux-fr\/chateau-petit-faurie-quet-2021\/","name":"Ch\u00e2teau Petit Faurie Quet 2021 - AOP Saint-\u00c9milion","isPartOf":{"@id":"https:\/\/maisontanase.com\/fr\/#website"},"primaryImageOfPage":{"@id":"https:\/\/maisontanase.com\/fr\/boutique\/vins-francais\/bordeaux-fr\/chateau-petit-faurie-quet-2021\/#primaryimage"},"image":{"@id":"https:\/\/maisontanase.com\/fr\/boutique\/vins-francais\/bordeaux-fr\/chateau-petit-faurie-quet-2021\/#primaryimage"},"thumbnailUrl":"https:\/\/maisontanase.com\/wp-content\/uploads\/2025\/01\/Acheter-Chateau-Petit-Faurie-Quet-Saint-Emilion-Vin-Rouge-Maison-Tanase.png","datePublished":"2025-01-09T09:00:19+00:00","dateModified":"2025-09-16T14:05:16+00:00","description":"D\u00e9couvrez le Ch\u00e2teau Petit Faurie Quet, un grand vin rouge de Saint-\u00c9milion, \u00e9l\u00e9gant et complexe. Stock limit\u00e9 \u2013 commandez d\u00e8s maintenant !","breadcrumb":{"@id":"https:\/\/maisontanase.com\/fr\/boutique\/vins-francais\/bordeaux-fr\/chateau-petit-faurie-quet-2021\/#breadcrumb"},"inLanguage":"fr-FR","potentialAction":[{"@type":"ReadAction","target":["https:\/\/maisontanase.com\/fr\/boutique\/vins-francais\/bordeaux-fr\/chateau-petit-faurie-quet-2021\/"]}]},{"@type":"ImageObject","inLanguage":"fr-FR","@id":"https:\/\/maisontanase.com\/fr\/boutique\/vins-francais\/bordeaux-fr\/chateau-petit-faurie-quet-2021\/#primaryimage","url":"https:\/\/maisontanase.com\/wp-content\/uploads\/2025\/01\/Acheter-Chateau-Petit-Faurie-Quet-Saint-Emilion-Vin-Rouge-Maison-Tanase.png","contentUrl":"https:\/\/maisontanase.com\/wp-content\/uploads\/2025\/01\/Acheter-Chateau-Petit-Faurie-Quet-Saint-Emilion-Vin-Rouge-Maison-Tanase.png","width":1000,"height":1000,"caption":"Acheter Ch\u00e2teau Petit Faurie Quet Vin Rouge de Saint-Emilion de chez Maison Tanase Picard"},{"@type":"BreadcrumbList","@id":"https:\/\/maisontanase.com\/fr\/boutique\/vins-francais\/bordeaux-fr\/chateau-petit-faurie-quet-2021\/#breadcrumb","itemListElement":[{"@type":"ListItem","position":1,"name":"Accueil","item":"https:\/\/maisontanase.com\/fr\/"},{"@type":"ListItem","position":2,"name":"Boutique","item":"https:\/\/maisontanase.com\/fr\/boutique-en-ligne-maison-tanase\/"},{"@type":"ListItem","position":3,"name":"Ch\u00e2teau Petit Faurie Quet 2021 &#8211; Saint-\u00c9milion &#8211; Rouge"}]},{"@type":"WebSite","@id":"https:\/\/maisontanase.com\/fr\/#website","url":"https:\/\/maisontanase.com\/fr\/","name":"Maison Tanase","description":"Based in Bordeaux, Maison Tanase is a family-run business that produces and sells high-quality wines and spirits. Welcome to our online shop.","publisher":{"@id":"https:\/\/maisontanase.com\/fr\/#organization"},"potentialAction":[{"@type":"SearchAction","target":{"@type":"EntryPoint","urlTemplate":"https:\/\/maisontanase.com\/fr\/?s={search_term_string}"},"query-input":{"@type":"PropertyValueSpecification","valueRequired":true,"valueName":"search_term_string"}}],"inLanguage":"fr-FR"},{"@type":"Organization","@id":"https:\/\/maisontanase.com\/fr\/#organization","name":"Maison Tanase","url":"https:\/\/maisontanase.com\/fr\/","logo":{"@type":"ImageObject","inLanguage":"fr-FR","@id":"https:\/\/maisontanase.com\/fr\/#\/schema\/logo\/image\/","url":"https:\/\/maisontanase.com\/wp-content\/uploads\/2022\/05\/maison-tanase.jpg","contentUrl":"https:\/\/maisontanase.com\/wp-content\/uploads\/2022\/05\/maison-tanase.jpg","width":1200,"height":630,"caption":"Maison Tanase"},"image":{"@id":"https:\/\/maisontanase.com\/fr\/#\/schema\/logo\/image\/"}}]}},"_links":{"self":[{"href":"https:\/\/maisontanase.com\/fr\/wp-json\/wp\/v2\/product\/17700","targetHints":{"allow":["GET"]}}],"collection":[{"href":"https:\/\/maisontanase.com\/fr\/wp-json\/wp\/v2\/product"}],"about":[{"href":"https:\/\/maisontanase.com\/fr\/wp-json\/wp\/v2\/types\/product"}],"replies":[{"embeddable":true,"href":"https:\/\/maisontanase.com\/fr\/wp-json\/wp\/v2\/comments?post=17700"}],"version-history":[{"count":16,"href":"https:\/\/maisontanase.com\/fr\/wp-json\/wp\/v2\/product\/17700\/revisions"}],"predecessor-version":[{"id":19060,"href":"https:\/\/maisontanase.com\/fr\/wp-json\/wp\/v2\/product\/17700\/revisions\/19060"}],"wp:featuredmedia":[{"embeddable":true,"href":"https:\/\/maisontanase.com\/fr\/wp-json\/wp\/v2\/media\/17723"}],"wp:attachment":[{"href":"https:\/\/maisontanase.com\/fr\/wp-json\/wp\/v2\/media?parent=17700"}],"wp:term":[{"taxonomy":"product_brand","embeddable":true,"href":"https:\/\/maisontanase.com\/fr\/wp-json\/wp\/v2\/product_brand?post=17700"},{"taxonomy":"product_cat","embeddable":true,"href":"https:\/\/maisontanase.com\/fr\/wp-json\/wp\/v2\/product_cat?post=17700"},{"taxonomy":"product_tag","embeddable":true,"href":"https:\/\/maisontanase.com\/fr\/wp-json\/wp\/v2\/product_tag?post=17700"}],"curies":[{"name":"wp","href":"https:\/\/api.w.org\/{rel}","templated":true}]}}