
{"id":17543,"date":"2024-11-20T10:30:19","date_gmt":"2024-11-20T09:30:19","guid":{"rendered":"https:\/\/maisontanase.com\/?post_type=product&#038;p=17543"},"modified":"2025-09-26T14:04:35","modified_gmt":"2025-09-26T12:04:35","slug":"cuvee-de-purcari-rose-brut-coffret-cadeau","status":"publish","type":"product","link":"https:\/\/maisontanase.com\/fr\/boutique\/vins-du-monde\/achetez-en-ligne-vin-de-moldavie\/cuvee-de-purcari-rose-brut-coffret-cadeau\/","title":{"rendered":"Cuv\u00e9e de Purcari Ros\u00e9 Brut &#8211; Moldavie &#8211; Coffret Cadeau"},"content":{"rendered":"\t\t<div data-elementor-type=\"wp-post\" data-elementor-id=\"17543\" class=\"elementor elementor-17543 elementor-17542\">\n\t\t\t\t\t\t<section class=\"elementor-section elementor-top-section elementor-element elementor-element-dfcbcc4 elementor-section-boxed elementor-section-height-default elementor-section-height-default\" data-id=\"dfcbcc4\" data-element_type=\"section\" data-e-type=\"section\" data-settings=\"{&quot;pix_scale_in&quot;:&quot;none&quot;}\">\n\t\t\t\t\t\t<div class=\"elementor-container elementor-column-gap-default\">\n\t\t\t\t\t<div class=\"elementor-column elementor-col-100 elementor-top-column elementor-element elementor-element-f0839c7\" data-id=\"f0839c7\" data-element_type=\"column\" data-e-type=\"column\" data-settings=\"{&quot;pix_scale_in&quot;:&quot;none&quot;}\">\n\t\t\t<div class=\"elementor-widget-wrap elementor-element-populated\">\n\t\t\t\t\t\t<div class=\"elementor-element elementor-element-121adfd elementor-widget elementor-widget-text-editor\" data-id=\"121adfd\" data-element_type=\"widget\" data-e-type=\"widget\" data-widget_type=\"text-editor.default\">\n\t\t\t\t<div class=\"elementor-widget-container\">\n\t\t\t\t\t\t\t\t\t<p><strong>Achetez en ligne Cuve\u0301e de Purcari Ros\u00e9 Brut<\/strong>, un <span style=\"text-decoration: underline;\">vin ros\u00e9 p\u00e9tillant de Moldavie<\/span>. \u00c9l\u00e9gant et rafra\u00eechissant, ce vin s\u00e9duit par ses notes de fruits rouges et d&rsquo;agrumes. Parfait pour les occasions sp\u00e9ciales ou comme cadeau raffin\u00e9.<\/p><p><a href=\"https:\/\/maisontanase.com\/fr\/boutique\/vins-du-monde\/achetez-en-ligne-vin-de-moldavie\/cuvee-de-purcari-blanc-brut-coffret\/\">Disponible aussi en blanc<\/a> ! D\u00e9couvrez la <a href=\"https:\/\/maisontanase.com\/fr\/boutique\/vins-du-monde\/achetez-en-ligne-vin-de-moldavie\/cuvee-de-purcari-blanc-brut-coffret\/\"><strong>Cuv\u00e9e de Purcari Blanc Brut<\/strong><\/a> !<\/p>\t\t\t\t\t\t\t\t<\/div>\n\t\t\t\t<\/div>\n\t\t\t\t<div class=\"elementor-element elementor-element-a9fd3c9 elementor-widget elementor-widget-heading\" data-id=\"a9fd3c9\" data-element_type=\"widget\" data-e-type=\"widget\" data-widget_type=\"heading.default\">\n\t\t\t\t<div class=\"elementor-widget-container\">\n\t\t\t\t\t<h2 class=\"elementor-heading-title elementor-size-default\">Histoire<\/h2>\t\t\t\t<\/div>\n\t\t\t\t<\/div>\n\t\t\t\t<div class=\"elementor-element elementor-element-f4eeb0a elementor-widget elementor-widget-text-editor\" data-id=\"f4eeb0a\" data-element_type=\"widget\" data-e-type=\"widget\" data-widget_type=\"text-editor.default\">\n\t\t\t\t<div class=\"elementor-widget-container\">\n\t\t\t\t\t\t\t\t\t<p>Ch\u00e2teau <strong>Purcari, fond\u00e9 en 1827<\/strong>, est l&rsquo;<strong>un des domaines viticoles les plus prestigieux de Moldavie<\/strong>. Reconnu pour son savoir-faire et son innovation, Purcari allie m\u00e9thodes traditionnelles et expertise moderne pour cr\u00e9er des vins exceptionnels.<\/p><p><br \/>La <strong>Cuv\u00e9e de Purcari Ros\u00e9 Brut<\/strong> t\u00e9moigne du talent de la cave \u00e0 produire des vins effervescents qui rivalisent avec les meilleurs du monde,<span style=\"text-decoration: underline;\"> renfor\u00e7ant ainsi la r\u00e9putation de la Moldavie en tant que r\u00e9gion viticole de premier plan<\/span>.<\/p>\t\t\t\t\t\t\t\t<\/div>\n\t\t\t\t<\/div>\n\t\t\t\t<div class=\"elementor-element elementor-element-e53be77 elementor-widget elementor-widget-heading\" data-id=\"e53be77\" data-element_type=\"widget\" data-e-type=\"widget\" data-widget_type=\"heading.default\">\n\t\t\t\t<div class=\"elementor-widget-container\">\n\t\t\t\t\t<h2 class=\"elementor-heading-title elementor-size-default\">Viticulture<\/h2>\t\t\t\t<\/div>\n\t\t\t\t<\/div>\n\t\t\t\t<div class=\"elementor-element elementor-element-e022eb5 elementor-widget elementor-widget-text-editor\" data-id=\"e022eb5\" data-element_type=\"widget\" data-e-type=\"widget\" data-widget_type=\"text-editor.default\">\n\t\t\t\t<div class=\"elementor-widget-container\">\n\t\t\t\t\t\t\t\t\t<p>Les raisins de la <strong>Cuv\u00e9e de Purcari Ros\u00e9 Brut<\/strong> sont soigneusement s\u00e9lectionn\u00e9s dans les vignobles de Purcari, situ\u00e9s dans les meilleurs terroirs de Moldavie. Le climat unique et les sols riches contribuent \u00e0 l\u2019<strong>acidit\u00e9 \u00e9quilibr\u00e9e et au profil fruit\u00e9 vibrant<\/strong> de ce vin. Des pratiques durables assurent la qualit\u00e9 et le respect de l\u2019environnement.<\/p>\t\t\t\t\t\t\t\t<\/div>\n\t\t\t\t<\/div>\n\t\t\t\t<div class=\"elementor-element elementor-element-5c2148a elementor-widget elementor-widget-heading\" data-id=\"5c2148a\" data-element_type=\"widget\" data-e-type=\"widget\" data-widget_type=\"heading.default\">\n\t\t\t\t<div class=\"elementor-widget-container\">\n\t\t\t\t\t<h2 class=\"elementor-heading-title elementor-size-default\">Vinification<\/h2>\t\t\t\t<\/div>\n\t\t\t\t<\/div>\n\t\t\t\t<div class=\"elementor-element elementor-element-f24e5a7 elementor-widget elementor-widget-text-editor\" data-id=\"f24e5a7\" data-element_type=\"widget\" data-e-type=\"widget\" data-widget_type=\"text-editor.default\">\n\t\t\t\t<div class=\"elementor-widget-container\">\n\t\t\t\t\t\t\t\t\t<p>La <strong>Cuv\u00e9e de Purcari Ros\u00e9 Brut<\/strong> est \u00e9labor\u00e9e avec les c\u00e9pages <em>Chardonnay<\/em> et <em>Pinot Noir<\/em>, selon la m\u00e9thode traditionnelle, \u00e9galement appel\u00e9e <a href=\"https:\/\/www.hachette-vins.com\/guide-vins\/actualite-vin\/205\/la-methode-champenoise-et-ses-etapes-tout-savoir-sur-l-elaboration-du-champagne\/\"><em>M\u00e9thode Champenoise<\/em><\/a>. Apr\u00e8s une r\u00e9colte minutieuse, le vin subit une seconde fermentation en bouteille, cr\u00e9ant des bulles fines et persistantes. Le vieillissement sur lies apporte de la profondeur et de la complexit\u00e9, avec de subtiles notes de brioche et une texture cr\u00e9meuse.<\/p>\t\t\t\t\t\t\t\t<\/div>\n\t\t\t\t<\/div>\n\t\t\t\t<div class=\"elementor-element elementor-element-7cae827 elementor-widget elementor-widget-heading\" data-id=\"7cae827\" data-element_type=\"widget\" data-e-type=\"widget\" data-widget_type=\"heading.default\">\n\t\t\t\t<div class=\"elementor-widget-container\">\n\t\t\t\t\t<h2 class=\"elementor-heading-title elementor-size-default\">D\u00e9gustation<\/h2>\t\t\t\t<\/div>\n\t\t\t\t<\/div>\n\t\t\t\t<div class=\"elementor-element elementor-element-bbc90bf elementor-widget elementor-widget-text-editor\" data-id=\"bbc90bf\" data-element_type=\"widget\" data-e-type=\"widget\" data-widget_type=\"text-editor.default\">\n\t\t\t\t<div class=\"elementor-widget-container\">\n\t\t\t\t\t\t\t\t\t<p><strong>Est-ce que le vin moldave est bon ?<\/strong> Absolument ! Ce vin ros\u00e9 p\u00e9tillant illustre l&rsquo;exceptionnelle qualit\u00e9 des vins de Moldavie, parfait pour les amateurs exigeants.<\/p><p>La <strong>Cuv\u00e9e de Purcari Ros\u00e9 Brut<\/strong> vous accueille avec un <span style=\"text-decoration: underline;\">bouquet<\/span> de framboises fra\u00eeches, de fraises des bois et une touche de zestes d&rsquo;agrumes. En <span style=\"text-decoration: underline;\">bouche<\/span>, l\u2019acidit\u00e9 vive et les ar\u00f4mes de fruits rouges se marient \u00e0 une min\u00e9ralit\u00e9 d\u00e9licate, pour une <span style=\"text-decoration: underline;\">finale<\/span> rafra\u00eechissante et \u00e9l\u00e9gante.<\/p><p><strong>\u00c0 d\u00e9guster avec<\/strong> des fruits de mer, des salades de ch\u00e8vre, des tartes aux fruits ou des macarons. <br \/><strong>Servez bien frais<\/strong>, entre 6 et 8\u00b0C, pour savourer toute sa finesse.<\/p><p>***<\/p><p class=\"p1\"><b>Vous cherchez \u00e0\u00a0<a href=\"https:\/\/maisontanase.com\/fr\/categorie-produit\/vins-du-monde\/achetez-en-ligne-vin-de-moldavie\/\">acheter en ligne d\u2019autres vins moldaves <\/a>?<br \/><\/b>D\u00e9couvrez la\u00a0<a href=\"https:\/\/maisontanase.com\/fr\/categorie-produit\/vins-du-monde\/achetez-en-ligne-vin-de-moldavie\/\"><strong>collection exclusive de vins moldaves de Maison Tanase<\/strong><\/a>, avec des vins\u00a0<a href=\"https:\/\/maisontanase.com\/fr\/boutique\/vins-du-monde\/achetez-en-ligne-vin-de-moldavie\/negru-de-purcari\/\"><strong>rouges<\/strong><\/a>,\u00a0<a href=\"https:\/\/maisontanase.com\/fr\/boutique\/vins-du-monde\/achetez-en-ligne-vin-de-moldavie\/viorica-de-purcari\/\"><strong>blancs<\/strong><\/a>\u00a0et\u00a0<a href=\"https:\/\/maisontanase.com\/fr\/boutique\/vins-du-monde\/achetez-en-ligne-vin-de-moldavie\/rose-de-purcari\/\"><strong>ros\u00e9s<\/strong><\/a>,\u00a0<strong>paiement s\u00e9curis\u00e9 et livraison internationale rapide<\/strong>.<\/p>\t\t\t\t\t\t\t\t<\/div>\n\t\t\t\t<\/div>\n\t\t\t\t\t<\/div>\n\t\t<\/div>\n\t\t\t\t\t<\/div>\n\t\t<\/section>\n\t\t\t\t<\/div>\n\t\t","protected":false},"excerpt":{"rendered":"<p><strong>Achetez en ligne <\/strong>la<strong> Cuv\u00e9e de Purcari Ros\u00e9 Brut<\/strong>, un vin mousseux ros\u00e9 raffin\u00e9 de <strong>Moldavie<\/strong>, pr\u00e9sent\u00e9 en<strong> coffret cadeau <\/strong>avec<strong> 2 fl\u00fbtes \u00e0 champagne offertes.<\/strong><\/p>\n<p>Id\u00e9al pour les <strong>c\u00e9l\u00e9brations ou comme cadeau \u00e9l\u00e9gant<\/strong>, ce brut s\u00e9duit par ses ar\u00f4mes d\u00e9licats de fruits rouges et d\u2019agrumes.<\/p>\n<p><strong>Commandez d\u00e8s maintenant<\/strong> pour profiter d\u2019un <strong>paiement s\u00e9curis\u00e9<\/strong> et d\u2019une <strong>livraison rapide<\/strong> en France et \u00e0 l&rsquo;international.<\/p>\n<p><a href=\"https:\/\/maisontanase.com\/fr\/boutique\/vins-du-monde\/achetez-en-ligne-vin-de-moldavie\/cuvee-de-purcari-blanc-brut-coffret\/\"><strong>Disponible aussi en blanc<\/strong><\/a>!<br \/>\nD\u00e9couvrez la <a href=\"https:\/\/maisontanase.com\/fr\/boutique\/vins-du-monde\/achetez-en-ligne-vin-de-moldavie\/cuvee-de-purcari-blanc-brut-coffret\/\"><strong>Cuv\u00e9e de Purcari Blanc Brut<\/strong><\/a>!<\/p>\n<p><a href=\"https:\/\/maisontanase.com\/fr\/boutique\/vins-du-monde\/achetez-en-ligne-vin-de-moldavie\/cuvee-de-purcari-rose-brut-moldavie\/\"><em>Cuv\u00e9e de Purcari Ros\u00e9 Brut<br \/>\nest <strong>disponible aussi sans coffret cadeau.<\/strong><\/em><\/a><\/p>\n","protected":false},"featured_media":17556,"comment_status":"open","ping_status":"closed","template":"","meta":[],"product_brand":[],"product_cat":[145,144],"product_tag":[351,287,422],"class_list":{"0":"post-17543","1":"product","2":"type-product","3":"status-publish","4":"has-post-thumbnail","6":"product_cat-achetez-en-ligne-vin-de-moldavie","7":"product_cat-vins-du-monde","8":"product_tag-cuvee-de-purcari-fr","9":"product_tag-moldova-fr","10":"product_tag-rose-fr-2","12":"first","13":"outofstock","14":"shipping-taxable","15":"purchasable","16":"product-type-simple"},"yoast_head":"<!-- This site is optimized with the Yoast SEO plugin v27.3 - https:\/\/yoast.com\/product\/yoast-seo-wordpress\/ -->\n<title>Cuv\u00e9e de Purcari - Ros\u00e9 Brut - Moldavie - Coffret Cadeau<\/title>\n<meta name=\"description\" content=\"Achetez en ligne Cuv\u00e9e de Purcari Ros\u00e9 Brut, vin mousseux moldave, en coffret cadeau, 2 fl\u00fbtes offertes. Paiement s\u00e9curis\u00e9. Livraison internationale rapide.\" \/>\n<meta name=\"robots\" content=\"index, follow, max-snippet:-1, max-image-preview:large, max-video-preview:-1\" \/>\n<link rel=\"canonical\" href=\"https:\/\/maisontanase.com\/fr\/boutique\/vins-du-monde\/achetez-en-ligne-vin-de-moldavie\/cuvee-de-purcari-rose-brut-coffret-cadeau\/\" \/>\n<meta property=\"og:locale\" content=\"fr_FR\" \/>\n<meta property=\"og:type\" content=\"article\" \/>\n<meta property=\"og:title\" content=\"Cuv\u00e9e de Purcari - Ros\u00e9 Brut - Moldavie - Coffret Cadeau\" \/>\n<meta property=\"og:description\" content=\"Achetez en ligne Cuv\u00e9e de Purcari Ros\u00e9 Brut, vin mousseux moldave, en coffret cadeau, 2 fl\u00fbtes offertes. Paiement s\u00e9curis\u00e9. Livraison internationale rapide.\" \/>\n<meta property=\"og:url\" content=\"https:\/\/maisontanase.com\/fr\/boutique\/vins-du-monde\/achetez-en-ligne-vin-de-moldavie\/cuvee-de-purcari-rose-brut-coffret-cadeau\/\" \/>\n<meta property=\"og:site_name\" content=\"Maison Tanase\" \/>\n<meta property=\"article:modified_time\" content=\"2025-09-26T12:04:35+00:00\" \/>\n<meta property=\"og:image\" content=\"https:\/\/maisontanase.com\/wp-content\/uploads\/2024\/11\/ACHETER-EN-LIGNE-CUVEE-DE-PURCARI-ROSE-BRUT-VIN-DE-MOLDAVIE.png\" \/>\n\t<meta property=\"og:image:width\" content=\"1000\" \/>\n\t<meta property=\"og:image:height\" content=\"1000\" \/>\n\t<meta property=\"og:image:type\" content=\"image\/png\" \/>\n<meta name=\"twitter:card\" content=\"summary_large_image\" \/>\n<meta name=\"twitter:title\" content=\"Cuv\u00e9e de Purcari - Ros\u00e9 Brut - Moldavie - Coffret Cadeau\" \/>\n<meta name=\"twitter:description\" content=\"Achetez en ligne Cuv\u00e9e de Purcari Ros\u00e9 Brut, vin mousseux moldave, en coffret cadeau, 2 fl\u00fbtes offertes. Paiement s\u00e9curis\u00e9. Livraison internationale rapide.\" \/>\n<meta name=\"twitter:image\" content=\"https:\/\/maisontanase.com\/wp-content\/uploads\/2024\/11\/ACHETER-EN-LIGNE-CUVEE-DE-PURCARI-ROSE-BRUT-VIN-DE-MOLDAVIE.png\" \/>\n<meta name=\"twitter:label1\" content=\"Dur\u00e9e de lecture estim\u00e9e\" \/>\n\t<meta name=\"twitter:data1\" content=\"2 minutes\" \/>\n<script type=\"application\/ld+json\" class=\"yoast-schema-graph\">{\"@context\":\"https:\\\/\\\/schema.org\",\"@graph\":[{\"@type\":\"WebPage\",\"@id\":\"https:\\\/\\\/maisontanase.com\\\/fr\\\/boutique\\\/vins-du-monde\\\/achetez-en-ligne-vin-de-moldavie\\\/cuvee-de-purcari-rose-brut-coffret-cadeau\\\/\",\"url\":\"https:\\\/\\\/maisontanase.com\\\/fr\\\/boutique\\\/vins-du-monde\\\/achetez-en-ligne-vin-de-moldavie\\\/cuvee-de-purcari-rose-brut-coffret-cadeau\\\/\",\"name\":\"Cuv\u00e9e de Purcari - Ros\u00e9 Brut - Moldavie - Coffret Cadeau\",\"isPartOf\":{\"@id\":\"https:\\\/\\\/maisontanase.com\\\/fr\\\/#website\"},\"primaryImageOfPage\":{\"@id\":\"https:\\\/\\\/maisontanase.com\\\/fr\\\/boutique\\\/vins-du-monde\\\/achetez-en-ligne-vin-de-moldavie\\\/cuvee-de-purcari-rose-brut-coffret-cadeau\\\/#primaryimage\"},\"image\":{\"@id\":\"https:\\\/\\\/maisontanase.com\\\/fr\\\/boutique\\\/vins-du-monde\\\/achetez-en-ligne-vin-de-moldavie\\\/cuvee-de-purcari-rose-brut-coffret-cadeau\\\/#primaryimage\"},\"thumbnailUrl\":\"https:\\\/\\\/maisontanase.com\\\/wp-content\\\/uploads\\\/2024\\\/11\\\/BUY-ONLINE-CUVEE-DE-PURCARI-ROSE-BRUT-GIFT-BOX-MOLDOVA-WHITE-WINE.png\",\"datePublished\":\"2024-11-20T09:30:19+00:00\",\"dateModified\":\"2025-09-26T12:04:35+00:00\",\"description\":\"Achetez en ligne Cuv\u00e9e de Purcari Ros\u00e9 Brut, vin mousseux moldave, en coffret cadeau, 2 fl\u00fbtes offertes. Paiement s\u00e9curis\u00e9. Livraison internationale rapide.\",\"breadcrumb\":{\"@id\":\"https:\\\/\\\/maisontanase.com\\\/fr\\\/boutique\\\/vins-du-monde\\\/achetez-en-ligne-vin-de-moldavie\\\/cuvee-de-purcari-rose-brut-coffret-cadeau\\\/#breadcrumb\"},\"inLanguage\":\"fr-FR\",\"potentialAction\":[{\"@type\":\"ReadAction\",\"target\":[\"https:\\\/\\\/maisontanase.com\\\/fr\\\/boutique\\\/vins-du-monde\\\/achetez-en-ligne-vin-de-moldavie\\\/cuvee-de-purcari-rose-brut-coffret-cadeau\\\/\"]}]},{\"@type\":\"ImageObject\",\"inLanguage\":\"fr-FR\",\"@id\":\"https:\\\/\\\/maisontanase.com\\\/fr\\\/boutique\\\/vins-du-monde\\\/achetez-en-ligne-vin-de-moldavie\\\/cuvee-de-purcari-rose-brut-coffret-cadeau\\\/#primaryimage\",\"url\":\"https:\\\/\\\/maisontanase.com\\\/wp-content\\\/uploads\\\/2024\\\/11\\\/BUY-ONLINE-CUVEE-DE-PURCARI-ROSE-BRUT-GIFT-BOX-MOLDOVA-WHITE-WINE.png\",\"contentUrl\":\"https:\\\/\\\/maisontanase.com\\\/wp-content\\\/uploads\\\/2024\\\/11\\\/BUY-ONLINE-CUVEE-DE-PURCARI-ROSE-BRUT-GIFT-BOX-MOLDOVA-WHITE-WINE.png\",\"width\":1000,\"height\":1000,\"caption\":\"BUY ONLINE CUVEE DE PURCARI ROSE BRUT GIFT BOX MOLDOVA WHITE WINE\"},{\"@type\":\"BreadcrumbList\",\"@id\":\"https:\\\/\\\/maisontanase.com\\\/fr\\\/boutique\\\/vins-du-monde\\\/achetez-en-ligne-vin-de-moldavie\\\/cuvee-de-purcari-rose-brut-coffret-cadeau\\\/#breadcrumb\",\"itemListElement\":[{\"@type\":\"ListItem\",\"position\":1,\"name\":\"Accueil\",\"item\":\"https:\\\/\\\/maisontanase.com\\\/fr\\\/\"},{\"@type\":\"ListItem\",\"position\":2,\"name\":\"Boutique\",\"item\":\"https:\\\/\\\/maisontanase.com\\\/fr\\\/boutique-en-ligne-maison-tanase\\\/\"},{\"@type\":\"ListItem\",\"position\":3,\"name\":\"Cuv\u00e9e de Purcari Ros\u00e9 Brut &#8211; Moldavie &#8211; Coffret Cadeau\"}]},{\"@type\":\"WebSite\",\"@id\":\"https:\\\/\\\/maisontanase.com\\\/fr\\\/#website\",\"url\":\"https:\\\/\\\/maisontanase.com\\\/fr\\\/\",\"name\":\"Maison Tanase\",\"description\":\"Based in Bordeaux, Maison Tanase is a family-run business that produces and sells high-quality wines and spirits. Welcome to our online shop.\",\"publisher\":{\"@id\":\"https:\\\/\\\/maisontanase.com\\\/fr\\\/#organization\"},\"potentialAction\":[{\"@type\":\"SearchAction\",\"target\":{\"@type\":\"EntryPoint\",\"urlTemplate\":\"https:\\\/\\\/maisontanase.com\\\/fr\\\/?s={search_term_string}\"},\"query-input\":{\"@type\":\"PropertyValueSpecification\",\"valueRequired\":true,\"valueName\":\"search_term_string\"}}],\"inLanguage\":\"fr-FR\"},{\"@type\":\"Organization\",\"@id\":\"https:\\\/\\\/maisontanase.com\\\/fr\\\/#organization\",\"name\":\"Maison Tanase\",\"url\":\"https:\\\/\\\/maisontanase.com\\\/fr\\\/\",\"logo\":{\"@type\":\"ImageObject\",\"inLanguage\":\"fr-FR\",\"@id\":\"https:\\\/\\\/maisontanase.com\\\/fr\\\/#\\\/schema\\\/logo\\\/image\\\/\",\"url\":\"https:\\\/\\\/maisontanase.com\\\/wp-content\\\/uploads\\\/2022\\\/05\\\/maison-tanase.jpg\",\"contentUrl\":\"https:\\\/\\\/maisontanase.com\\\/wp-content\\\/uploads\\\/2022\\\/05\\\/maison-tanase.jpg\",\"width\":1200,\"height\":630,\"caption\":\"Maison Tanase\"},\"image\":{\"@id\":\"https:\\\/\\\/maisontanase.com\\\/fr\\\/#\\\/schema\\\/logo\\\/image\\\/\"}}]}<\/script>\n<!-- \/ Yoast SEO plugin. -->","yoast_head_json":{"title":"Cuv\u00e9e de Purcari - Ros\u00e9 Brut - Moldavie - Coffret Cadeau","description":"Achetez en ligne Cuv\u00e9e de Purcari Ros\u00e9 Brut, vin mousseux moldave, en coffret cadeau, 2 fl\u00fbtes offertes. Paiement s\u00e9curis\u00e9. Livraison internationale rapide.","robots":{"index":"index","follow":"follow","max-snippet":"max-snippet:-1","max-image-preview":"max-image-preview:large","max-video-preview":"max-video-preview:-1"},"canonical":"https:\/\/maisontanase.com\/fr\/boutique\/vins-du-monde\/achetez-en-ligne-vin-de-moldavie\/cuvee-de-purcari-rose-brut-coffret-cadeau\/","og_locale":"fr_FR","og_type":"article","og_title":"Cuv\u00e9e de Purcari - Ros\u00e9 Brut - Moldavie - Coffret Cadeau","og_description":"Achetez en ligne Cuv\u00e9e de Purcari Ros\u00e9 Brut, vin mousseux moldave, en coffret cadeau, 2 fl\u00fbtes offertes. Paiement s\u00e9curis\u00e9. Livraison internationale rapide.","og_url":"https:\/\/maisontanase.com\/fr\/boutique\/vins-du-monde\/achetez-en-ligne-vin-de-moldavie\/cuvee-de-purcari-rose-brut-coffret-cadeau\/","og_site_name":"Maison Tanase","article_modified_time":"2025-09-26T12:04:35+00:00","og_image":[{"width":1000,"height":1000,"url":"https:\/\/maisontanase.com\/wp-content\/uploads\/2024\/11\/ACHETER-EN-LIGNE-CUVEE-DE-PURCARI-ROSE-BRUT-VIN-DE-MOLDAVIE.png","type":"image\/png"}],"twitter_card":"summary_large_image","twitter_title":"Cuv\u00e9e de Purcari - Ros\u00e9 Brut - Moldavie - Coffret Cadeau","twitter_description":"Achetez en ligne Cuv\u00e9e de Purcari Ros\u00e9 Brut, vin mousseux moldave, en coffret cadeau, 2 fl\u00fbtes offertes. Paiement s\u00e9curis\u00e9. Livraison internationale rapide.","twitter_image":"https:\/\/maisontanase.com\/wp-content\/uploads\/2024\/11\/ACHETER-EN-LIGNE-CUVEE-DE-PURCARI-ROSE-BRUT-VIN-DE-MOLDAVIE.png","twitter_misc":{"Dur\u00e9e de lecture estim\u00e9e":"2 minutes"},"schema":{"@context":"https:\/\/schema.org","@graph":[{"@type":"WebPage","@id":"https:\/\/maisontanase.com\/fr\/boutique\/vins-du-monde\/achetez-en-ligne-vin-de-moldavie\/cuvee-de-purcari-rose-brut-coffret-cadeau\/","url":"https:\/\/maisontanase.com\/fr\/boutique\/vins-du-monde\/achetez-en-ligne-vin-de-moldavie\/cuvee-de-purcari-rose-brut-coffret-cadeau\/","name":"Cuv\u00e9e de Purcari - Ros\u00e9 Brut - Moldavie - Coffret Cadeau","isPartOf":{"@id":"https:\/\/maisontanase.com\/fr\/#website"},"primaryImageOfPage":{"@id":"https:\/\/maisontanase.com\/fr\/boutique\/vins-du-monde\/achetez-en-ligne-vin-de-moldavie\/cuvee-de-purcari-rose-brut-coffret-cadeau\/#primaryimage"},"image":{"@id":"https:\/\/maisontanase.com\/fr\/boutique\/vins-du-monde\/achetez-en-ligne-vin-de-moldavie\/cuvee-de-purcari-rose-brut-coffret-cadeau\/#primaryimage"},"thumbnailUrl":"https:\/\/maisontanase.com\/wp-content\/uploads\/2024\/11\/BUY-ONLINE-CUVEE-DE-PURCARI-ROSE-BRUT-GIFT-BOX-MOLDOVA-WHITE-WINE.png","datePublished":"2024-11-20T09:30:19+00:00","dateModified":"2025-09-26T12:04:35+00:00","description":"Achetez en ligne Cuv\u00e9e de Purcari Ros\u00e9 Brut, vin mousseux moldave, en coffret cadeau, 2 fl\u00fbtes offertes. Paiement s\u00e9curis\u00e9. Livraison internationale rapide.","breadcrumb":{"@id":"https:\/\/maisontanase.com\/fr\/boutique\/vins-du-monde\/achetez-en-ligne-vin-de-moldavie\/cuvee-de-purcari-rose-brut-coffret-cadeau\/#breadcrumb"},"inLanguage":"fr-FR","potentialAction":[{"@type":"ReadAction","target":["https:\/\/maisontanase.com\/fr\/boutique\/vins-du-monde\/achetez-en-ligne-vin-de-moldavie\/cuvee-de-purcari-rose-brut-coffret-cadeau\/"]}]},{"@type":"ImageObject","inLanguage":"fr-FR","@id":"https:\/\/maisontanase.com\/fr\/boutique\/vins-du-monde\/achetez-en-ligne-vin-de-moldavie\/cuvee-de-purcari-rose-brut-coffret-cadeau\/#primaryimage","url":"https:\/\/maisontanase.com\/wp-content\/uploads\/2024\/11\/BUY-ONLINE-CUVEE-DE-PURCARI-ROSE-BRUT-GIFT-BOX-MOLDOVA-WHITE-WINE.png","contentUrl":"https:\/\/maisontanase.com\/wp-content\/uploads\/2024\/11\/BUY-ONLINE-CUVEE-DE-PURCARI-ROSE-BRUT-GIFT-BOX-MOLDOVA-WHITE-WINE.png","width":1000,"height":1000,"caption":"BUY ONLINE CUVEE DE PURCARI ROSE BRUT GIFT BOX MOLDOVA WHITE WINE"},{"@type":"BreadcrumbList","@id":"https:\/\/maisontanase.com\/fr\/boutique\/vins-du-monde\/achetez-en-ligne-vin-de-moldavie\/cuvee-de-purcari-rose-brut-coffret-cadeau\/#breadcrumb","itemListElement":[{"@type":"ListItem","position":1,"name":"Accueil","item":"https:\/\/maisontanase.com\/fr\/"},{"@type":"ListItem","position":2,"name":"Boutique","item":"https:\/\/maisontanase.com\/fr\/boutique-en-ligne-maison-tanase\/"},{"@type":"ListItem","position":3,"name":"Cuv\u00e9e de Purcari Ros\u00e9 Brut &#8211; Moldavie &#8211; Coffret Cadeau"}]},{"@type":"WebSite","@id":"https:\/\/maisontanase.com\/fr\/#website","url":"https:\/\/maisontanase.com\/fr\/","name":"Maison Tanase","description":"Based in Bordeaux, Maison Tanase is a family-run business that produces and sells high-quality wines and spirits. Welcome to our online shop.","publisher":{"@id":"https:\/\/maisontanase.com\/fr\/#organization"},"potentialAction":[{"@type":"SearchAction","target":{"@type":"EntryPoint","urlTemplate":"https:\/\/maisontanase.com\/fr\/?s={search_term_string}"},"query-input":{"@type":"PropertyValueSpecification","valueRequired":true,"valueName":"search_term_string"}}],"inLanguage":"fr-FR"},{"@type":"Organization","@id":"https:\/\/maisontanase.com\/fr\/#organization","name":"Maison Tanase","url":"https:\/\/maisontanase.com\/fr\/","logo":{"@type":"ImageObject","inLanguage":"fr-FR","@id":"https:\/\/maisontanase.com\/fr\/#\/schema\/logo\/image\/","url":"https:\/\/maisontanase.com\/wp-content\/uploads\/2022\/05\/maison-tanase.jpg","contentUrl":"https:\/\/maisontanase.com\/wp-content\/uploads\/2022\/05\/maison-tanase.jpg","width":1200,"height":630,"caption":"Maison Tanase"},"image":{"@id":"https:\/\/maisontanase.com\/fr\/#\/schema\/logo\/image\/"}}]}},"_links":{"self":[{"href":"https:\/\/maisontanase.com\/fr\/wp-json\/wp\/v2\/product\/17543","targetHints":{"allow":["GET"]}}],"collection":[{"href":"https:\/\/maisontanase.com\/fr\/wp-json\/wp\/v2\/product"}],"about":[{"href":"https:\/\/maisontanase.com\/fr\/wp-json\/wp\/v2\/types\/product"}],"replies":[{"embeddable":true,"href":"https:\/\/maisontanase.com\/fr\/wp-json\/wp\/v2\/comments?post=17543"}],"version-history":[{"count":18,"href":"https:\/\/maisontanase.com\/fr\/wp-json\/wp\/v2\/product\/17543\/revisions"}],"predecessor-version":[{"id":19317,"href":"https:\/\/maisontanase.com\/fr\/wp-json\/wp\/v2\/product\/17543\/revisions\/19317"}],"wp:featuredmedia":[{"embeddable":true,"href":"https:\/\/maisontanase.com\/fr\/wp-json\/wp\/v2\/media\/17556"}],"wp:attachment":[{"href":"https:\/\/maisontanase.com\/fr\/wp-json\/wp\/v2\/media?parent=17543"}],"wp:term":[{"taxonomy":"product_brand","embeddable":true,"href":"https:\/\/maisontanase.com\/fr\/wp-json\/wp\/v2\/product_brand?post=17543"},{"taxonomy":"product_cat","embeddable":true,"href":"https:\/\/maisontanase.com\/fr\/wp-json\/wp\/v2\/product_cat?post=17543"},{"taxonomy":"product_tag","embeddable":true,"href":"https:\/\/maisontanase.com\/fr\/wp-json\/wp\/v2\/product_tag?post=17543"}],"curies":[{"name":"wp","href":"https:\/\/api.w.org\/{rel}","templated":true}]}}