
{"id":17314,"date":"2024-10-24T15:46:18","date_gmt":"2024-10-24T13:46:18","guid":{"rendered":"https:\/\/maisontanase.com\/?post_type=product&#038;p=17314"},"modified":"2025-10-29T20:16:16","modified_gmt":"2025-10-29T19:16:16","slug":"purcari-ice-wine-2022-moldavie-blanc","status":"publish","type":"product","link":"https:\/\/maisontanase.com\/fr\/boutique\/vins-du-monde\/achetez-en-ligne-vin-de-moldavie\/purcari-ice-wine-2022-moldavie-blanc\/","title":{"rendered":"Purcari Ice Wine 2022 &#8211; Moldavie &#8211; Doux &#8211; Blanc"},"content":{"rendered":"\t\t<div data-elementor-type=\"wp-post\" data-elementor-id=\"17314\" class=\"elementor elementor-17314 elementor-17313\">\n\t\t\t\t\t\t<section class=\"elementor-section elementor-top-section elementor-element elementor-element-dfcbcc4 elementor-section-boxed elementor-section-height-default elementor-section-height-default\" data-id=\"dfcbcc4\" data-element_type=\"section\" data-e-type=\"section\" data-settings=\"{&quot;pix_scale_in&quot;:&quot;none&quot;}\">\n\t\t\t\t\t\t<div class=\"elementor-container elementor-column-gap-default\">\n\t\t\t\t\t<div class=\"elementor-column elementor-col-100 elementor-top-column elementor-element elementor-element-f0839c7\" data-id=\"f0839c7\" data-element_type=\"column\" data-e-type=\"column\" data-settings=\"{&quot;pix_scale_in&quot;:&quot;none&quot;}\">\n\t\t\t<div class=\"elementor-widget-wrap elementor-element-populated\">\n\t\t\t\t\t\t<div class=\"elementor-element elementor-element-121adfd elementor-widget elementor-widget-text-editor\" data-id=\"121adfd\" data-element_type=\"widget\" data-e-type=\"widget\" data-widget_type=\"text-editor.default\">\n\t\t\t\t<div class=\"elementor-widget-container\">\n\t\t\t\t\t\t\t\t\t<p class=\"p1\"><strong>Purcari Ice Wine <\/strong>est <strong>un vin de dessert rare et luxueux <\/strong>\u00e9labor\u00e9 en Moldavie \u00e0 partir de raisins <strong>Muscat Ottonel et Traminer <\/strong>gel\u00e9s, r\u00e9colt\u00e9s entre -6\u00b0C et -8\u00b0C.<\/p><p class=\"p1\">Son processus de vinification minutieux \u2014 o\u00f9 les raisins sont press\u00e9s encore gel\u00e9s \u2014 donne un vin \u00e0 la texture velout\u00e9e, avec une douceur parfaitement \u00e9quilibr\u00e9e et une acidit\u00e9 rafra\u00eechissante. Ce vin se distingue par sa robe dor\u00e9e et une finale longue et soyeuse. <\/p><p class=\"p1\"><b>R\u00e9compenses :<\/b><\/p><ul class=\"ul1\"><li class=\"li2\"><strong>M\u00e9daille d&rsquo;Or<\/strong>, <a href=\"https:\/\/www.meininger.de\/en\/wine\/verkostungen\/ergebnisse\/mundus-vini-spring-tasting-2024\"><span style=\"text-decoration: underline;\">Mundus Vini Spring Tasting 2024<\/span><\/a> (mill\u00e9sime 2021)<\/li><li class=\"li2\"><strong>Silver Medal<\/strong>, <a href=\"https:\/\/londonwinecompetition.com\/en\/competition-global-results\/2024\/\"><span style=\"text-decoration: underline;\">London Wine Competition 2024<\/span><\/a> (2021 vintage)<\/li><\/ul>\t\t\t\t\t\t\t\t<\/div>\n\t\t\t\t<\/div>\n\t\t\t\t<div class=\"elementor-element elementor-element-a9fd3c9 elementor-widget elementor-widget-heading\" data-id=\"a9fd3c9\" data-element_type=\"widget\" data-e-type=\"widget\" data-widget_type=\"heading.default\">\n\t\t\t\t<div class=\"elementor-widget-container\">\n\t\t\t\t\t<h2 class=\"elementor-heading-title elementor-size-default\">Histoire<\/h2>\t\t\t\t<\/div>\n\t\t\t\t<\/div>\n\t\t\t\t<div class=\"elementor-element elementor-element-f4eeb0a elementor-widget elementor-widget-text-editor\" data-id=\"f4eeb0a\" data-element_type=\"widget\" data-e-type=\"widget\" data-widget_type=\"text-editor.default\">\n\t\t\t\t<div class=\"elementor-widget-container\">\n\t\t\t\t\t\t\t\t\t<p class=\"p1\"><strong>Ch\u00e2teau Purcari<\/strong>, fond\u00e9 en 1827, est l\u2019<strong>un des joyaux de la viticulture en Moldavie<\/strong>.<\/p><p class=\"p1\"><span class=\"s1\">Rien qu\u2019en 2021, <strong>Purcari <\/strong>a remport\u00e9 <strong>plus de 333 m\u00e9dailles dans des concours prestigieux<\/strong> tels que le Decanter World Wine Awards, le Challenge International du Vin ou encore Effervescents du Monde. <\/span><\/p><p class=\"p1\"><span class=\"s1\">\u00c0 travers chaque bouteille de vin <a href=\"https:\/\/maisontanase.com\/fr\/ou-acheter-les-meilleurs-vins-moldaves\/\"><strong>Purcari<\/strong><\/a>, c\u2019est presque <strong>deux si\u00e8cles d\u2019histoire et de perfection<\/strong> qui s\u2019expriment.<\/span><\/p>\t\t\t\t\t\t\t\t<\/div>\n\t\t\t\t<\/div>\n\t\t\t\t<div class=\"elementor-element elementor-element-e53be77 elementor-widget elementor-widget-heading\" data-id=\"e53be77\" data-element_type=\"widget\" data-e-type=\"widget\" data-widget_type=\"heading.default\">\n\t\t\t\t<div class=\"elementor-widget-container\">\n\t\t\t\t\t<h2 class=\"elementor-heading-title elementor-size-default\">Viticulture<\/h2>\t\t\t\t<\/div>\n\t\t\t\t<\/div>\n\t\t\t\t<div class=\"elementor-element elementor-element-e022eb5 elementor-widget elementor-widget-text-editor\" data-id=\"e022eb5\" data-element_type=\"widget\" data-e-type=\"widget\" data-widget_type=\"text-editor.default\">\n\t\t\t\t<div class=\"elementor-widget-container\">\n\t\t\t\t\t\t\t\t\t<p>Situ\u00e9 dans la r\u00e9gion de \u0218tefan Vod\u0103, le vignoble de Purcari b\u00e9n\u00e9ficie d\u2019un microclimat unique, combinant les rayons g\u00e9n\u00e9reux du soleil et les brises fra\u00eeches venues de la mer Noire.<\/p><p>Ces conditions sont id\u00e9ales pour la culture des <strong>c\u00e9pages blancs d\u00e9licats comme le Muscat Ottonel et le Traminer<\/strong>, qui donnent au <strong>Purcari Ice Wine<\/strong> ses ar\u00f4mes subtils et sa douceur incomparable.<\/p><p>La <strong>s\u00e9lection minutieuse et manuelle <\/strong>des raisins garantit que seuls les meilleurs sont r\u00e9colt\u00e9s pour cet ice wine, pr\u00e9servant ainsi la qualit\u00e9 exceptionnelle qui fait la renomm\u00e9e de Purcari.<\/p>\t\t\t\t\t\t\t\t<\/div>\n\t\t\t\t<\/div>\n\t\t\t\t<div class=\"elementor-element elementor-element-5c2148a elementor-widget elementor-widget-heading\" data-id=\"5c2148a\" data-element_type=\"widget\" data-e-type=\"widget\" data-widget_type=\"heading.default\">\n\t\t\t\t<div class=\"elementor-widget-container\">\n\t\t\t\t\t<h2 class=\"elementor-heading-title elementor-size-default\">Vinification<\/h2>\t\t\t\t<\/div>\n\t\t\t\t<\/div>\n\t\t\t\t<div class=\"elementor-element elementor-element-f24e5a7 elementor-widget elementor-widget-text-editor\" data-id=\"f24e5a7\" data-element_type=\"widget\" data-e-type=\"widget\" data-widget_type=\"text-editor.default\">\n\t\t\t\t<div class=\"elementor-widget-container\">\n\t\t\t\t\t\t\t\t\t<p class=\"p1\">Le processus de vinification du vin de glace est \u00e0 la fois traditionnel et pr\u00e9cis.<\/p>\n<p class=\"p1\">Les raisins sont laiss\u00e9s sur les vignes jusqu\u2019\u00e0 ce qu\u2019ils g\u00e8lent naturellement. Lorsqu\u2019ils sont press\u00e9s \u00e0 l\u2019\u00e9tat gel\u00e9, les sucres concentr\u00e9s donnent naissance \u00e0 un vin intens\u00e9ment doux, avec une acidit\u00e9 \u00e9quilibr\u00e9e qui lui conf\u00e8re sa fra\u00eecheur unique. <\/p>\n<p class=\"p1\"><strong>Ce proc\u00e9d\u00e9 artisanal aboutit \u00e0 un vin complexe et opulent<\/strong>, riche en ar\u00f4mes de miel, d&rsquo;abricot et de fruits exotiques, avec une touche d&rsquo;\u00e9pices.<\/p>\t\t\t\t\t\t\t\t<\/div>\n\t\t\t\t<\/div>\n\t\t\t\t<div class=\"elementor-element elementor-element-7cae827 elementor-widget elementor-widget-heading\" data-id=\"7cae827\" data-element_type=\"widget\" data-e-type=\"widget\" data-widget_type=\"heading.default\">\n\t\t\t\t<div class=\"elementor-widget-container\">\n\t\t\t\t\t<h2 class=\"elementor-heading-title elementor-size-default\">D\u00e9gustation<\/h2>\t\t\t\t<\/div>\n\t\t\t\t<\/div>\n\t\t\t\t<div class=\"elementor-element elementor-element-bbc90bf elementor-widget elementor-widget-text-editor\" data-id=\"bbc90bf\" data-element_type=\"widget\" data-e-type=\"widget\" data-widget_type=\"text-editor.default\">\n\t\t\t\t<div class=\"elementor-widget-container\">\n\t\t\t\t\t\t\t\t\t<p class=\"p1\">Le <strong>Purcari Ice Wine de la Maison Tanase<\/strong> a une <span style=\"text-decoration: underline;\">robe<\/span> dor\u00e9e \u00e9clatante et offre un <span style=\"text-decoration: underline;\">ar\u00f4me<\/span> envo\u00fbtant de p\u00eaches m\u00fbres, d&rsquo;abricots et de litchi, m\u00eal\u00e9 \u00e0 des notes d&rsquo;\u00e9pices exotiques. En <span style=\"text-decoration: underline;\">bouche<\/span>, ce vin offre une texture velout\u00e9e, avec des notes riches de fruits sucr\u00e9s, de miel et de subtiles notes florales, pour une <span style=\"text-decoration: underline;\">finale<\/span> longue et onctueuse. <\/p><p class=\"p1\"><strong>Servir frais<\/strong> entre 10 et 12\u00b0C.<br><strong>Parfait avec <\/strong>des fromages bleus, des desserts aux fruits ou peut \u00eatre d\u00e9gust\u00e9 seul pour une exp\u00e9rience gourmande.<\/p><p>***<\/p><p class=\"p1\"><b>Vous cherchez \u00e0 <a href=\"https:\/\/maisontanase.com\/fr\/categorie-produit\/vins-du-monde\/achetez-en-ligne-vin-de-moldavie\/\">acheter d&rsquo;autres vins moldaves <\/a>?<\/b><\/p><p class=\"p2\">D\u00e9couvrez la <a href=\"https:\/\/maisontanase.com\/fr\/ou-acheter-les-meilleurs-vins-moldaves\/\"><strong>collection exclusive de vins moldaves de Maison Tanase<\/strong><\/a>, avec des vins <a href=\"https:\/\/maisontanase.com\/fr\/boutique\/vins-du-monde\/achetez-en-ligne-vin-de-moldavie\/negru-de-purcari\/\"><strong>rouges<\/strong><\/a>, <a href=\"https:\/\/maisontanase.com\/fr\/boutique\/vins-du-monde\/achetez-en-ligne-vin-de-moldavie\/viorica-de-purcari\/\"><strong>blancs<\/strong><\/a> et <a href=\"https:\/\/maisontanase.com\/fr\/boutique\/vins-du-monde\/achetez-en-ligne-vin-de-moldavie\/rose-de-purcari\/\"><strong>ros\u00e9s<\/strong><\/a>, <strong>paiement s\u00e9curis\u00e9 et livraison internationale rapide<\/strong>.<\/p>\t\t\t\t\t\t\t\t<\/div>\n\t\t\t\t<\/div>\n\t\t\t\t\t<\/div>\n\t\t<\/div>\n\t\t\t\t\t<\/div>\n\t\t<\/section>\n\t\t\t\t<\/div>\n\t\t","protected":false},"excerpt":{"rendered":"<p class=\"p1\"><strong>Achetez le Ice Wine (Vin de Glace) de Purcari,<\/strong> un <strong>vin de dessert haut de gamme<\/strong> produit en <strong>Moldavie<\/strong>.<\/p>\n<p class=\"p1\">Avec des notes de miel et de fruits tropicaux, cette <strong>cuv\u00e9e \u00e9l\u00e9gante, douce et \u00e9quilibr\u00e9e<\/strong> est id\u00e9ale pour accompagner un dessert ou pour une d\u00e9gustation exquise.<\/p>\n<p class=\"p1\">Commandez d\u00e8s aujourd\u2019hui pour une <strong>livraison rapide et s\u00e9curis\u00e9e<\/strong> avec Maison Tanase.<\/p>\n","protected":false},"featured_media":17479,"comment_status":"open","ping_status":"closed","template":"","meta":[],"product_brand":[],"product_cat":[145,144],"product_tag":[347,287,346],"class_list":{"0":"post-17314","1":"product","2":"type-product","3":"status-publish","4":"has-post-thumbnail","6":"product_cat-achetez-en-ligne-vin-de-moldavie","7":"product_cat-vins-du-monde","8":"product_tag-ice-wine-fr","9":"product_tag-moldova-fr","10":"product_tag-purcari-fr-2","12":"first","13":"outofstock","14":"shipping-taxable","15":"purchasable","16":"product-type-simple"},"yoast_head":"<!-- This site is optimized with the Yoast SEO plugin v27.3 - https:\/\/yoast.com\/product\/yoast-seo-wordpress\/ -->\n<title>Acheter Vin de Glace Purcari \u2013 Vin de Dessert Premium - Moldavie<\/title>\n<meta name=\"description\" content=\"D\u00e9couvrez le vin de glace Purcari, un vin de dessert doux et dor\u00e9 \u00e9labor\u00e9 en Moldavie \u00e0 partir de raisins Muscat Ottonel et Traminer gel\u00e9s. Paiement s\u00e9curis\u00e9. Livraison rapide.\" \/>\n<meta name=\"robots\" content=\"index, follow, max-snippet:-1, max-image-preview:large, max-video-preview:-1\" \/>\n<link rel=\"canonical\" href=\"https:\/\/maisontanase.com\/fr\/boutique\/vins-du-monde\/achetez-en-ligne-vin-de-moldavie\/purcari-ice-wine-2022-moldavie-blanc\/\" \/>\n<meta property=\"og:locale\" content=\"fr_FR\" \/>\n<meta property=\"og:type\" content=\"article\" \/>\n<meta property=\"og:title\" content=\"Achetez Purcari Ice Wine \u2013 Vin Liquoreux Premium - Moldavie\" \/>\n<meta property=\"og:description\" content=\"D\u00e9couvrez le Purcari Ice Wine 2021, un vin de dessert doux et dor\u00e9 \u00e9labor\u00e9 en Moldavie \u00e0 partir de raisins Muscat Ottonel et Traminer gel\u00e9s. Paiement s\u00e9curis\u00e9. Livraison rapide.\" \/>\n<meta property=\"og:url\" content=\"https:\/\/maisontanase.com\/fr\/boutique\/vins-du-monde\/achetez-en-ligne-vin-de-moldavie\/purcari-ice-wine-2022-moldavie-blanc\/\" \/>\n<meta property=\"og:site_name\" content=\"Maison Tanase\" \/>\n<meta property=\"article:modified_time\" content=\"2025-10-29T19:16:16+00:00\" \/>\n<meta property=\"og:image\" content=\"https:\/\/maisontanase.com\/wp-content\/uploads\/2024\/10\/Copyright-Buy-Purcari-Ice-Wine-2021-\u2013-Premium-Moldovan-Dessert-Wine-from-Maison-Tanase-1.png\" \/>\n\t<meta property=\"og:image:width\" content=\"1000\" \/>\n\t<meta property=\"og:image:height\" content=\"1000\" \/>\n\t<meta property=\"og:image:type\" content=\"image\/png\" \/>\n<meta name=\"twitter:card\" content=\"summary_large_image\" \/>\n<meta name=\"twitter:title\" content=\"Achetez Purcari Ice Wine \u2013 Vin Liquoreux Premium - Moldavie\" \/>\n<meta name=\"twitter:description\" content=\"D\u00e9couvrez le Purcari Ice Wine, un vin de dessert doux et dor\u00e9 \u00e9labor\u00e9 en Moldavie \u00e0 partir de raisins Muscat Ottonel et Traminer gel\u00e9s. Paiement s\u00e9curis\u00e9. Livraison rapide.\" \/>\n<meta name=\"twitter:image\" content=\"https:\/\/maisontanase.com\/wp-content\/uploads\/2024\/10\/Copyright-Buy-Purcari-Ice-Wine-2021-\u2013-Premium-Moldovan-Dessert-Wine-from-Maison-Tanase-1.png\" \/>\n<meta name=\"twitter:label1\" content=\"Dur\u00e9e de lecture estim\u00e9e\" \/>\n\t<meta name=\"twitter:data1\" content=\"3 minutes\" \/>\n<script type=\"application\/ld+json\" class=\"yoast-schema-graph\">{\"@context\":\"https:\\\/\\\/schema.org\",\"@graph\":[{\"@type\":\"WebPage\",\"@id\":\"https:\\\/\\\/maisontanase.com\\\/fr\\\/boutique\\\/vins-du-monde\\\/achetez-en-ligne-vin-de-moldavie\\\/purcari-ice-wine-2022-moldavie-blanc\\\/\",\"url\":\"https:\\\/\\\/maisontanase.com\\\/fr\\\/boutique\\\/vins-du-monde\\\/achetez-en-ligne-vin-de-moldavie\\\/purcari-ice-wine-2022-moldavie-blanc\\\/\",\"name\":\"Acheter Vin de Glace Purcari \u2013 Vin de Dessert Premium - Moldavie\",\"isPartOf\":{\"@id\":\"https:\\\/\\\/maisontanase.com\\\/fr\\\/#website\"},\"primaryImageOfPage\":{\"@id\":\"https:\\\/\\\/maisontanase.com\\\/fr\\\/boutique\\\/vins-du-monde\\\/achetez-en-ligne-vin-de-moldavie\\\/purcari-ice-wine-2022-moldavie-blanc\\\/#primaryimage\"},\"image\":{\"@id\":\"https:\\\/\\\/maisontanase.com\\\/fr\\\/boutique\\\/vins-du-monde\\\/achetez-en-ligne-vin-de-moldavie\\\/purcari-ice-wine-2022-moldavie-blanc\\\/#primaryimage\"},\"thumbnailUrl\":\"https:\\\/\\\/maisontanase.com\\\/wp-content\\\/uploads\\\/2024\\\/10\\\/Copyright-Buy-Purcari-Ice-Wine-2021-\u2013-Premium-Moldovan-Dessert-Wine-from-Maison-Tanase-1.png\",\"datePublished\":\"2024-10-24T13:46:18+00:00\",\"dateModified\":\"2025-10-29T19:16:16+00:00\",\"description\":\"D\u00e9couvrez le vin de glace Purcari, un vin de dessert doux et dor\u00e9 \u00e9labor\u00e9 en Moldavie \u00e0 partir de raisins Muscat Ottonel et Traminer gel\u00e9s. Paiement s\u00e9curis\u00e9. Livraison rapide.\",\"breadcrumb\":{\"@id\":\"https:\\\/\\\/maisontanase.com\\\/fr\\\/boutique\\\/vins-du-monde\\\/achetez-en-ligne-vin-de-moldavie\\\/purcari-ice-wine-2022-moldavie-blanc\\\/#breadcrumb\"},\"inLanguage\":\"fr-FR\",\"potentialAction\":[{\"@type\":\"ReadAction\",\"target\":[\"https:\\\/\\\/maisontanase.com\\\/fr\\\/boutique\\\/vins-du-monde\\\/achetez-en-ligne-vin-de-moldavie\\\/purcari-ice-wine-2022-moldavie-blanc\\\/\"]}]},{\"@type\":\"ImageObject\",\"inLanguage\":\"fr-FR\",\"@id\":\"https:\\\/\\\/maisontanase.com\\\/fr\\\/boutique\\\/vins-du-monde\\\/achetez-en-ligne-vin-de-moldavie\\\/purcari-ice-wine-2022-moldavie-blanc\\\/#primaryimage\",\"url\":\"https:\\\/\\\/maisontanase.com\\\/wp-content\\\/uploads\\\/2024\\\/10\\\/Copyright-Buy-Purcari-Ice-Wine-2021-\u2013-Premium-Moldovan-Dessert-Wine-from-Maison-Tanase-1.png\",\"contentUrl\":\"https:\\\/\\\/maisontanase.com\\\/wp-content\\\/uploads\\\/2024\\\/10\\\/Copyright-Buy-Purcari-Ice-Wine-2021-\u2013-Premium-Moldovan-Dessert-Wine-from-Maison-Tanase-1.png\",\"width\":1000,\"height\":1000},{\"@type\":\"BreadcrumbList\",\"@id\":\"https:\\\/\\\/maisontanase.com\\\/fr\\\/boutique\\\/vins-du-monde\\\/achetez-en-ligne-vin-de-moldavie\\\/purcari-ice-wine-2022-moldavie-blanc\\\/#breadcrumb\",\"itemListElement\":[{\"@type\":\"ListItem\",\"position\":1,\"name\":\"Accueil\",\"item\":\"https:\\\/\\\/maisontanase.com\\\/fr\\\/\"},{\"@type\":\"ListItem\",\"position\":2,\"name\":\"Boutique\",\"item\":\"https:\\\/\\\/maisontanase.com\\\/fr\\\/boutique-en-ligne-maison-tanase\\\/\"},{\"@type\":\"ListItem\",\"position\":3,\"name\":\"Purcari Ice Wine 2022 &#8211; Moldavie &#8211; Doux &#8211; Blanc\"}]},{\"@type\":\"WebSite\",\"@id\":\"https:\\\/\\\/maisontanase.com\\\/fr\\\/#website\",\"url\":\"https:\\\/\\\/maisontanase.com\\\/fr\\\/\",\"name\":\"Maison Tanase\",\"description\":\"Based in Bordeaux, Maison Tanase is a family-run business that produces and sells high-quality wines and spirits. Welcome to our online shop.\",\"publisher\":{\"@id\":\"https:\\\/\\\/maisontanase.com\\\/fr\\\/#organization\"},\"potentialAction\":[{\"@type\":\"SearchAction\",\"target\":{\"@type\":\"EntryPoint\",\"urlTemplate\":\"https:\\\/\\\/maisontanase.com\\\/fr\\\/?s={search_term_string}\"},\"query-input\":{\"@type\":\"PropertyValueSpecification\",\"valueRequired\":true,\"valueName\":\"search_term_string\"}}],\"inLanguage\":\"fr-FR\"},{\"@type\":\"Organization\",\"@id\":\"https:\\\/\\\/maisontanase.com\\\/fr\\\/#organization\",\"name\":\"Maison Tanase\",\"url\":\"https:\\\/\\\/maisontanase.com\\\/fr\\\/\",\"logo\":{\"@type\":\"ImageObject\",\"inLanguage\":\"fr-FR\",\"@id\":\"https:\\\/\\\/maisontanase.com\\\/fr\\\/#\\\/schema\\\/logo\\\/image\\\/\",\"url\":\"https:\\\/\\\/maisontanase.com\\\/wp-content\\\/uploads\\\/2022\\\/05\\\/maison-tanase.jpg\",\"contentUrl\":\"https:\\\/\\\/maisontanase.com\\\/wp-content\\\/uploads\\\/2022\\\/05\\\/maison-tanase.jpg\",\"width\":1200,\"height\":630,\"caption\":\"Maison Tanase\"},\"image\":{\"@id\":\"https:\\\/\\\/maisontanase.com\\\/fr\\\/#\\\/schema\\\/logo\\\/image\\\/\"}}]}<\/script>\n<!-- \/ Yoast SEO plugin. -->","yoast_head_json":{"title":"Acheter Vin de Glace Purcari \u2013 Vin de Dessert Premium - Moldavie","description":"D\u00e9couvrez le vin de glace Purcari, un vin de dessert doux et dor\u00e9 \u00e9labor\u00e9 en Moldavie \u00e0 partir de raisins Muscat Ottonel et Traminer gel\u00e9s. Paiement s\u00e9curis\u00e9. Livraison rapide.","robots":{"index":"index","follow":"follow","max-snippet":"max-snippet:-1","max-image-preview":"max-image-preview:large","max-video-preview":"max-video-preview:-1"},"canonical":"https:\/\/maisontanase.com\/fr\/boutique\/vins-du-monde\/achetez-en-ligne-vin-de-moldavie\/purcari-ice-wine-2022-moldavie-blanc\/","og_locale":"fr_FR","og_type":"article","og_title":"Achetez Purcari Ice Wine \u2013 Vin Liquoreux Premium - Moldavie","og_description":"D\u00e9couvrez le Purcari Ice Wine 2021, un vin de dessert doux et dor\u00e9 \u00e9labor\u00e9 en Moldavie \u00e0 partir de raisins Muscat Ottonel et Traminer gel\u00e9s. Paiement s\u00e9curis\u00e9. Livraison rapide.","og_url":"https:\/\/maisontanase.com\/fr\/boutique\/vins-du-monde\/achetez-en-ligne-vin-de-moldavie\/purcari-ice-wine-2022-moldavie-blanc\/","og_site_name":"Maison Tanase","article_modified_time":"2025-10-29T19:16:16+00:00","og_image":[{"width":1000,"height":1000,"url":"https:\/\/maisontanase.com\/wp-content\/uploads\/2024\/10\/Copyright-Buy-Purcari-Ice-Wine-2021-\u2013-Premium-Moldovan-Dessert-Wine-from-Maison-Tanase-1.png","type":"image\/png"}],"twitter_card":"summary_large_image","twitter_title":"Achetez Purcari Ice Wine \u2013 Vin Liquoreux Premium - Moldavie","twitter_description":"D\u00e9couvrez le Purcari Ice Wine, un vin de dessert doux et dor\u00e9 \u00e9labor\u00e9 en Moldavie \u00e0 partir de raisins Muscat Ottonel et Traminer gel\u00e9s. Paiement s\u00e9curis\u00e9. Livraison rapide.","twitter_image":"https:\/\/maisontanase.com\/wp-content\/uploads\/2024\/10\/Copyright-Buy-Purcari-Ice-Wine-2021-\u2013-Premium-Moldovan-Dessert-Wine-from-Maison-Tanase-1.png","twitter_misc":{"Dur\u00e9e de lecture estim\u00e9e":"3 minutes"},"schema":{"@context":"https:\/\/schema.org","@graph":[{"@type":"WebPage","@id":"https:\/\/maisontanase.com\/fr\/boutique\/vins-du-monde\/achetez-en-ligne-vin-de-moldavie\/purcari-ice-wine-2022-moldavie-blanc\/","url":"https:\/\/maisontanase.com\/fr\/boutique\/vins-du-monde\/achetez-en-ligne-vin-de-moldavie\/purcari-ice-wine-2022-moldavie-blanc\/","name":"Acheter Vin de Glace Purcari \u2013 Vin de Dessert Premium - Moldavie","isPartOf":{"@id":"https:\/\/maisontanase.com\/fr\/#website"},"primaryImageOfPage":{"@id":"https:\/\/maisontanase.com\/fr\/boutique\/vins-du-monde\/achetez-en-ligne-vin-de-moldavie\/purcari-ice-wine-2022-moldavie-blanc\/#primaryimage"},"image":{"@id":"https:\/\/maisontanase.com\/fr\/boutique\/vins-du-monde\/achetez-en-ligne-vin-de-moldavie\/purcari-ice-wine-2022-moldavie-blanc\/#primaryimage"},"thumbnailUrl":"https:\/\/maisontanase.com\/wp-content\/uploads\/2024\/10\/Copyright-Buy-Purcari-Ice-Wine-2021-\u2013-Premium-Moldovan-Dessert-Wine-from-Maison-Tanase-1.png","datePublished":"2024-10-24T13:46:18+00:00","dateModified":"2025-10-29T19:16:16+00:00","description":"D\u00e9couvrez le vin de glace Purcari, un vin de dessert doux et dor\u00e9 \u00e9labor\u00e9 en Moldavie \u00e0 partir de raisins Muscat Ottonel et Traminer gel\u00e9s. Paiement s\u00e9curis\u00e9. Livraison rapide.","breadcrumb":{"@id":"https:\/\/maisontanase.com\/fr\/boutique\/vins-du-monde\/achetez-en-ligne-vin-de-moldavie\/purcari-ice-wine-2022-moldavie-blanc\/#breadcrumb"},"inLanguage":"fr-FR","potentialAction":[{"@type":"ReadAction","target":["https:\/\/maisontanase.com\/fr\/boutique\/vins-du-monde\/achetez-en-ligne-vin-de-moldavie\/purcari-ice-wine-2022-moldavie-blanc\/"]}]},{"@type":"ImageObject","inLanguage":"fr-FR","@id":"https:\/\/maisontanase.com\/fr\/boutique\/vins-du-monde\/achetez-en-ligne-vin-de-moldavie\/purcari-ice-wine-2022-moldavie-blanc\/#primaryimage","url":"https:\/\/maisontanase.com\/wp-content\/uploads\/2024\/10\/Copyright-Buy-Purcari-Ice-Wine-2021-\u2013-Premium-Moldovan-Dessert-Wine-from-Maison-Tanase-1.png","contentUrl":"https:\/\/maisontanase.com\/wp-content\/uploads\/2024\/10\/Copyright-Buy-Purcari-Ice-Wine-2021-\u2013-Premium-Moldovan-Dessert-Wine-from-Maison-Tanase-1.png","width":1000,"height":1000},{"@type":"BreadcrumbList","@id":"https:\/\/maisontanase.com\/fr\/boutique\/vins-du-monde\/achetez-en-ligne-vin-de-moldavie\/purcari-ice-wine-2022-moldavie-blanc\/#breadcrumb","itemListElement":[{"@type":"ListItem","position":1,"name":"Accueil","item":"https:\/\/maisontanase.com\/fr\/"},{"@type":"ListItem","position":2,"name":"Boutique","item":"https:\/\/maisontanase.com\/fr\/boutique-en-ligne-maison-tanase\/"},{"@type":"ListItem","position":3,"name":"Purcari Ice Wine 2022 &#8211; Moldavie &#8211; Doux &#8211; Blanc"}]},{"@type":"WebSite","@id":"https:\/\/maisontanase.com\/fr\/#website","url":"https:\/\/maisontanase.com\/fr\/","name":"Maison Tanase","description":"Based in Bordeaux, Maison Tanase is a family-run business that produces and sells high-quality wines and spirits. Welcome to our online shop.","publisher":{"@id":"https:\/\/maisontanase.com\/fr\/#organization"},"potentialAction":[{"@type":"SearchAction","target":{"@type":"EntryPoint","urlTemplate":"https:\/\/maisontanase.com\/fr\/?s={search_term_string}"},"query-input":{"@type":"PropertyValueSpecification","valueRequired":true,"valueName":"search_term_string"}}],"inLanguage":"fr-FR"},{"@type":"Organization","@id":"https:\/\/maisontanase.com\/fr\/#organization","name":"Maison Tanase","url":"https:\/\/maisontanase.com\/fr\/","logo":{"@type":"ImageObject","inLanguage":"fr-FR","@id":"https:\/\/maisontanase.com\/fr\/#\/schema\/logo\/image\/","url":"https:\/\/maisontanase.com\/wp-content\/uploads\/2022\/05\/maison-tanase.jpg","contentUrl":"https:\/\/maisontanase.com\/wp-content\/uploads\/2022\/05\/maison-tanase.jpg","width":1200,"height":630,"caption":"Maison Tanase"},"image":{"@id":"https:\/\/maisontanase.com\/fr\/#\/schema\/logo\/image\/"}}]}},"_links":{"self":[{"href":"https:\/\/maisontanase.com\/fr\/wp-json\/wp\/v2\/product\/17314","targetHints":{"allow":["GET"]}}],"collection":[{"href":"https:\/\/maisontanase.com\/fr\/wp-json\/wp\/v2\/product"}],"about":[{"href":"https:\/\/maisontanase.com\/fr\/wp-json\/wp\/v2\/types\/product"}],"replies":[{"embeddable":true,"href":"https:\/\/maisontanase.com\/fr\/wp-json\/wp\/v2\/comments?post=17314"}],"version-history":[{"count":9,"href":"https:\/\/maisontanase.com\/fr\/wp-json\/wp\/v2\/product\/17314\/revisions"}],"predecessor-version":[{"id":19432,"href":"https:\/\/maisontanase.com\/fr\/wp-json\/wp\/v2\/product\/17314\/revisions\/19432"}],"wp:featuredmedia":[{"embeddable":true,"href":"https:\/\/maisontanase.com\/fr\/wp-json\/wp\/v2\/media\/17479"}],"wp:attachment":[{"href":"https:\/\/maisontanase.com\/fr\/wp-json\/wp\/v2\/media?parent=17314"}],"wp:term":[{"taxonomy":"product_brand","embeddable":true,"href":"https:\/\/maisontanase.com\/fr\/wp-json\/wp\/v2\/product_brand?post=17314"},{"taxonomy":"product_cat","embeddable":true,"href":"https:\/\/maisontanase.com\/fr\/wp-json\/wp\/v2\/product_cat?post=17314"},{"taxonomy":"product_tag","embeddable":true,"href":"https:\/\/maisontanase.com\/fr\/wp-json\/wp\/v2\/product_tag?post=17314"}],"curies":[{"name":"wp","href":"https:\/\/api.w.org\/{rel}","templated":true}]}}