
{"id":17216,"date":"2024-10-21T13:27:50","date_gmt":"2024-10-21T11:27:50","guid":{"rendered":"https:\/\/maisontanase.com\/?post_type=product&#038;p=17216"},"modified":"2025-09-16T16:07:14","modified_gmt":"2025-09-16T14:07:14","slug":"chateau-maucaillou-2021","status":"publish","type":"product","link":"https:\/\/maisontanase.com\/fr\/boutique\/vins-francais\/bordeaux-fr\/chateau-maucaillou-2021\/","title":{"rendered":"Ch\u00e2teau Maucaillou 2021 &#8211; Moulis-en-M\u00e9doc &#8211; Rouge"},"content":{"rendered":"\t\t<div data-elementor-type=\"wp-post\" data-elementor-id=\"17216\" class=\"elementor elementor-17216 elementor-17215\">\n\t\t\t\t\t\t<section class=\"elementor-section elementor-top-section elementor-element elementor-element-dfcbcc4 elementor-section-boxed elementor-section-height-default elementor-section-height-default\" data-id=\"dfcbcc4\" data-element_type=\"section\" data-e-type=\"section\" data-settings=\"{&quot;pix_scale_in&quot;:&quot;none&quot;}\">\n\t\t\t\t\t\t<div class=\"elementor-container elementor-column-gap-default\">\n\t\t\t\t\t<div class=\"elementor-column elementor-col-100 elementor-top-column elementor-element elementor-element-f0839c7\" data-id=\"f0839c7\" data-element_type=\"column\" data-e-type=\"column\" data-settings=\"{&quot;pix_scale_in&quot;:&quot;none&quot;}\">\n\t\t\t<div class=\"elementor-widget-wrap elementor-element-populated\">\n\t\t\t\t\t\t<div class=\"elementor-element elementor-element-121adfd elementor-widget elementor-widget-text-editor\" data-id=\"121adfd\" data-element_type=\"widget\" data-e-type=\"widget\" data-widget_type=\"text-editor.default\">\n\t\t\t\t<div class=\"elementor-widget-container\">\n\t\t\t\t\t\t\t\t\t<div class=\"flex-shrink-0 flex flex-col relative items-end\">\n<div class=\"pt-0\">\n<div class=\"gizmo-bot-avatar flex h-8 w-8 items-center justify-center overflow-hidden rounded-full\">\n<div class=\"relative p-1 rounded-sm flex items-center justify-center bg-token-main-surface-primary text-token-text-primary h-8 w-8\">D\u00e9couvrez le <strong>Ch\u00e2teau Maucaillou 2021<\/strong>, issu de l\u2019appellation prestigieuse <strong>Moulis-en-M\u00e9doc<\/strong>. Ce vin rouge \u00e9l\u00e9gant, \u00e0 la robe rubis profond, r\u00e9v\u00e8le un bouquet aromatique de fruits rouges m\u00fbrs et d&rsquo;\u00e9pices subtiles. Sa structure \u00e9quilibr\u00e9e, avec des tanins fins et une longue finale, en fait <strong>le choix parfait pour des d\u00eeners gastronomiques ou des c\u00e9l\u00e9brations.<\/strong><\/div>\n<div class=\"relative p-1 rounded-sm flex items-center justify-center bg-token-main-surface-primary text-token-text-primary h-8 w-8\"><span style=\"text-decoration: underline;\">Appr\u00e9ciez-le d\u00e8s maintenant ou laissez-le vieillir en cave<\/span> pour une d\u00e9gustation encore plus raffin\u00e9e.<\/div>\n<\/div>\n<\/div>\n<\/div>\n\t\t\t\t\t\t\t\t<\/div>\n\t\t\t\t<\/div>\n\t\t\t\t<div class=\"elementor-element elementor-element-a9fd3c9 elementor-widget elementor-widget-heading\" data-id=\"a9fd3c9\" data-element_type=\"widget\" data-e-type=\"widget\" data-widget_type=\"heading.default\">\n\t\t\t\t<div class=\"elementor-widget-container\">\n\t\t\t\t\t<h2 class=\"elementor-heading-title elementor-size-default\">Histoire<\/h2>\t\t\t\t<\/div>\n\t\t\t\t<\/div>\n\t\t\t\t<div class=\"elementor-element elementor-element-f4eeb0a elementor-widget elementor-widget-text-editor\" data-id=\"f4eeb0a\" data-element_type=\"widget\" data-e-type=\"widget\" data-widget_type=\"text-editor.default\">\n\t\t\t\t<div class=\"elementor-widget-container\">\n\t\t\t\t\t\t\t\t\t<p>Fond\u00e9 \u00e0 la fin du 19e si\u00e8cle, <strong>Ch\u00e2teau Maucaillou<\/strong> b\u00e9n\u00e9ficie d&rsquo;une riche histoire en Bordeaux et s&rsquo;est distingu\u00e9 comme l\u2019un des meilleurs domaines du Moulis-en-M\u00e9doc.<\/p>\n<p>Gr\u00e2ce \u00e0 leur savoir-faire transmis sur plusieurs g\u00e9n\u00e9rations, <strong>les vignobles de ce domaine produisent des vins puissants et \u00e9l\u00e9gants<\/strong>, qui continuent d&rsquo;incarner l&rsquo;excellence bordelaise.<\/p>\n<p><span style=\"text-decoration: underline;\">Avec chaque bouteille, vous pouvez d\u00e9couvrir le d\u00e9vouement du ch\u00e2teau \u00e0 la qualit\u00e9 et \u00e0 l&rsquo;artisanat.<\/span><\/p>\n\t\t\t\t\t\t\t\t<\/div>\n\t\t\t\t<\/div>\n\t\t\t\t<div class=\"elementor-element elementor-element-e53be77 elementor-widget elementor-widget-heading\" data-id=\"e53be77\" data-element_type=\"widget\" data-e-type=\"widget\" data-widget_type=\"heading.default\">\n\t\t\t\t<div class=\"elementor-widget-container\">\n\t\t\t\t\t<h2 class=\"elementor-heading-title elementor-size-default\">Viticulture<\/h2>\t\t\t\t<\/div>\n\t\t\t\t<\/div>\n\t\t\t\t<div class=\"elementor-element elementor-element-e022eb5 elementor-widget elementor-widget-text-editor\" data-id=\"e022eb5\" data-element_type=\"widget\" data-e-type=\"widget\" data-widget_type=\"text-editor.default\">\n\t\t\t\t<div class=\"elementor-widget-container\">\n\t\t\t\t\t\t\t\t\t<p>Le <strong>mill\u00e9sime 2021<\/strong> du <strong>Ch\u00e2teau Maucaillou<\/strong> provient d&rsquo;un assemblage soign\u00e9 de <strong>Cabernet Sauvignon<\/strong>, <strong>Merlot<\/strong> et <strong>Petit Verdot<\/strong>.<\/p>\n<p>Ces c\u00e9pages, cultiv\u00e9s dans des pratiques viticoles durables, b\u00e9n\u00e9ficient d\u2019une gestion minutieuse pour une maturit\u00e9 optimale, garantissant <span style=\"text-decoration: underline;\">des vins de qualit\u00e9 exceptionnelle et de longue garde<\/span>.<\/p>\n\t\t\t\t\t\t\t\t<\/div>\n\t\t\t\t<\/div>\n\t\t\t\t<div class=\"elementor-element elementor-element-5c2148a elementor-widget elementor-widget-heading\" data-id=\"5c2148a\" data-element_type=\"widget\" data-e-type=\"widget\" data-widget_type=\"heading.default\">\n\t\t\t\t<div class=\"elementor-widget-container\">\n\t\t\t\t\t<h2 class=\"elementor-heading-title elementor-size-default\">Vinification<\/h2>\t\t\t\t<\/div>\n\t\t\t\t<\/div>\n\t\t\t\t<div class=\"elementor-element elementor-element-f24e5a7 elementor-widget elementor-widget-text-editor\" data-id=\"f24e5a7\" data-element_type=\"widget\" data-e-type=\"widget\" data-widget_type=\"text-editor.default\">\n\t\t\t\t<div class=\"elementor-widget-container\">\n\t\t\t\t\t\t\t\t\t<p>Le <strong>Ch\u00e2teau Maucaillou 2021<\/strong> suit une vinification traditionnelle bordelaise.<\/p>\n<p>Apr\u00e8s une r\u00e9colte manuelle, la fermentation s&rsquo;effectue en cuves inox avant un<strong> \u00e9levage de 18 mois en barriques de ch\u00eane fran\u00e7ais<\/strong>. Ce processus donne au vin une structure complexe avec des tanins polis et un \u00e9quilibre parfait entre l\u2019acidit\u00e9 et la profondeur aromatique. <\/p>\n\t\t\t\t\t\t\t\t<\/div>\n\t\t\t\t<\/div>\n\t\t\t\t<div class=\"elementor-element elementor-element-7cae827 elementor-widget elementor-widget-heading\" data-id=\"7cae827\" data-element_type=\"widget\" data-e-type=\"widget\" data-widget_type=\"heading.default\">\n\t\t\t\t<div class=\"elementor-widget-container\">\n\t\t\t\t\t<h2 class=\"elementor-heading-title elementor-size-default\">D\u00e9gustation<\/h2>\t\t\t\t<\/div>\n\t\t\t\t<\/div>\n\t\t\t\t<div class=\"elementor-element elementor-element-bbc90bf elementor-widget elementor-widget-text-editor\" data-id=\"bbc90bf\" data-element_type=\"widget\" data-e-type=\"widget\" data-widget_type=\"text-editor.default\">\n\t\t\t\t<div class=\"elementor-widget-container\">\n\t\t\t\t\t\t\t\t\t<p>Le <strong>Ch\u00e2teau Maucaillou 2021<\/strong> offre des <span style=\"text-decoration: underline;\">ar\u00f4mes<\/span> expressifs de cerises noires, cassis, avec des nuances de ch\u00eane grill\u00e9 et d&rsquo;\u00e9pices. En <span style=\"text-decoration: underline;\">bouche<\/span>, la texture velout\u00e9e et les tanins fondus laissent une <span style=\"text-decoration: underline;\">finale<\/span> persistante et \u00e9l\u00e9gante. <\/p>\n<p><strong>Parfait avec<\/strong> des plats tels que l&rsquo;agneau grill\u00e9, le b\u0153uf ou les fromages affin\u00e9s. <strong>Servir \u00e0 16-18\u00b0C <\/strong>pour appr\u00e9cier pleinement ses ar\u00f4mes, et le laisser vieillir pour une complexit\u00e9 accrue.<\/p>\n<p><strong>***<\/strong><\/p>\n<p><strong>\u00c0 la recherche de vins de Bordeaux suppl\u00e9mentaires ?<\/strong><br \/>D\u00e9couvrez chez <strong>Maison Tanase<\/strong> <a href=\"https:\/\/maisontanase.com\/product-category\/french-wines\/\"><strong>notre s\u00e9lection de vins de Bordeaux premium<\/strong><\/a>, avec des paiements s\u00e9curis\u00e9s et une livraison internationale rapide.<\/p>\n\t\t\t\t\t\t\t\t<\/div>\n\t\t\t\t<\/div>\n\t\t\t\t\t<\/div>\n\t\t<\/div>\n\t\t\t\t\t<\/div>\n\t\t<\/section>\n\t\t\t\t<\/div>\n\t\t","protected":false},"excerpt":{"rendered":"<p class=\"p1\">Achetez en ligne <strong>Ch\u00e2teau Maucaillou 2021<\/strong> &#8211; 75 cl.<\/p>\n<p class=\"p1\"><strong>D\u00e9couvrez ce vin exceptionnel de Moulis-en-M\u00e9doc<\/strong>, issu du Bordeaux, reconnu pour ses riches ar\u00f4mes fruit\u00e9s et ses tanins complexes. Parfait pour accompagner viandes rouges et fromages.<\/p>\n<p class=\"p1\"><strong>Commandez<\/strong> d\u00e8s maintenant <strong>au meilleur prix et profitez d&rsquo;une livraison rapide et s\u00e9curis\u00e9e<\/strong> avec Maison Tanase !<\/p>\n","protected":false},"featured_media":17237,"comment_status":"open","ping_status":"closed","template":"","meta":[],"product_brand":[],"product_cat":[134,133],"product_tag":[222,336],"class_list":{"0":"post-17216","1":"product","2":"type-product","3":"status-publish","4":"has-post-thumbnail","6":"product_cat-bordeaux-fr","7":"product_cat-vins-francais","8":"product_tag-bordeaux-fr","9":"product_tag-moulis-medoc-fr","11":"first","12":"instock","13":"shipping-taxable","14":"purchasable","15":"product-type-simple"},"yoast_head":"<!-- This site is optimized with the Yoast SEO plugin v27.3 - https:\/\/yoast.com\/product\/yoast-seo-wordpress\/ -->\n<title>Achetez Ch\u00e2teau Maucaillou 2021 - Bordeaux - Moulis-en-M\u00e9doc<\/title>\n<meta name=\"description\" content=\"Achetez Ch\u00e2teau Maucaillou 2021 de Moulis-en-M\u00e9doc en ligne au meilleur prix. Un Bordeaux raffin\u00e9, parfait pour les occasions sp\u00e9ciales et accords gourmets.\" \/>\n<meta name=\"robots\" content=\"index, follow, max-snippet:-1, max-image-preview:large, max-video-preview:-1\" \/>\n<link rel=\"canonical\" href=\"https:\/\/maisontanase.com\/fr\/boutique\/vins-francais\/bordeaux-fr\/chateau-maucaillou-2021\/\" \/>\n<meta property=\"og:locale\" content=\"fr_FR\" \/>\n<meta property=\"og:type\" content=\"article\" \/>\n<meta property=\"og:title\" content=\"Achetez Ch\u00e2teau Maucaillou 2021 - Bordeaux - Moulis-en-M\u00e9doc\" \/>\n<meta property=\"og:description\" content=\"Achetez Ch\u00e2teau Maucaillou 2021 de Moulis-en-M\u00e9doc en ligne au meilleur prix. Un Bordeaux raffin\u00e9, parfait pour les occasions sp\u00e9ciales et accords gourmets.\" \/>\n<meta property=\"og:url\" content=\"https:\/\/maisontanase.com\/fr\/boutique\/vins-francais\/bordeaux-fr\/chateau-maucaillou-2021\/\" \/>\n<meta property=\"og:site_name\" content=\"Maison Tanase\" \/>\n<meta property=\"article:modified_time\" content=\"2025-09-16T14:07:14+00:00\" \/>\n<meta property=\"og:image\" content=\"https:\/\/maisontanase.com\/wp-content\/uploads\/2024\/10\/Acheter-Chateau-Maucaillou-Moulis-en-Medoc-Bordeaux-en-ligne-chez-Maison-Tanase.png\" \/>\n\t<meta property=\"og:image:width\" content=\"1000\" \/>\n\t<meta property=\"og:image:height\" content=\"1000\" \/>\n\t<meta property=\"og:image:type\" content=\"image\/png\" \/>\n<meta name=\"twitter:card\" content=\"summary_large_image\" \/>\n<meta name=\"twitter:title\" content=\"Achetez Ch\u00e2teau Maucaillou 2021 - Bordeaux - Moulis-en-M\u00e9doc\" \/>\n<meta name=\"twitter:description\" content=\"Achetez Ch\u00e2teau Maucaillou 2021 de Moulis-en-M\u00e9doc en ligne au meilleur prix. Un Bordeaux raffin\u00e9, parfait pour les occasions sp\u00e9ciales et accords gourmets.\" \/>\n<meta name=\"twitter:image\" content=\"https:\/\/maisontanase.com\/wp-content\/uploads\/2024\/10\/Acheter-Chateau-Maucaillou-Moulis-en-Medoc-Bordeaux-en-ligne-chez-Maison-Tanase.png\" \/>\n<meta name=\"twitter:label1\" content=\"Dur\u00e9e de lecture estim\u00e9e\" \/>\n\t<meta name=\"twitter:data1\" content=\"3 minutes\" \/>\n<script type=\"application\/ld+json\" class=\"yoast-schema-graph\">{\"@context\":\"https:\\\/\\\/schema.org\",\"@graph\":[{\"@type\":\"WebPage\",\"@id\":\"https:\\\/\\\/maisontanase.com\\\/fr\\\/boutique\\\/vins-francais\\\/bordeaux-fr\\\/chateau-maucaillou-2021\\\/\",\"url\":\"https:\\\/\\\/maisontanase.com\\\/fr\\\/boutique\\\/vins-francais\\\/bordeaux-fr\\\/chateau-maucaillou-2021\\\/\",\"name\":\"Achetez Ch\u00e2teau Maucaillou 2021 - Bordeaux - Moulis-en-M\u00e9doc\",\"isPartOf\":{\"@id\":\"https:\\\/\\\/maisontanase.com\\\/fr\\\/#website\"},\"primaryImageOfPage\":{\"@id\":\"https:\\\/\\\/maisontanase.com\\\/fr\\\/boutique\\\/vins-francais\\\/bordeaux-fr\\\/chateau-maucaillou-2021\\\/#primaryimage\"},\"image\":{\"@id\":\"https:\\\/\\\/maisontanase.com\\\/fr\\\/boutique\\\/vins-francais\\\/bordeaux-fr\\\/chateau-maucaillou-2021\\\/#primaryimage\"},\"thumbnailUrl\":\"https:\\\/\\\/maisontanase.com\\\/wp-content\\\/uploads\\\/2024\\\/10\\\/Acheter-Chateau-Maucaillou-Moulis-en-Medoc-Bordeaux-en-ligne-chez-Maison-Tanase.png\",\"datePublished\":\"2024-10-21T11:27:50+00:00\",\"dateModified\":\"2025-09-16T14:07:14+00:00\",\"description\":\"Achetez Ch\u00e2teau Maucaillou 2021 de Moulis-en-M\u00e9doc en ligne au meilleur prix. Un Bordeaux raffin\u00e9, parfait pour les occasions sp\u00e9ciales et accords gourmets.\",\"breadcrumb\":{\"@id\":\"https:\\\/\\\/maisontanase.com\\\/fr\\\/boutique\\\/vins-francais\\\/bordeaux-fr\\\/chateau-maucaillou-2021\\\/#breadcrumb\"},\"inLanguage\":\"fr-FR\",\"potentialAction\":[{\"@type\":\"ReadAction\",\"target\":[\"https:\\\/\\\/maisontanase.com\\\/fr\\\/boutique\\\/vins-francais\\\/bordeaux-fr\\\/chateau-maucaillou-2021\\\/\"]}]},{\"@type\":\"ImageObject\",\"inLanguage\":\"fr-FR\",\"@id\":\"https:\\\/\\\/maisontanase.com\\\/fr\\\/boutique\\\/vins-francais\\\/bordeaux-fr\\\/chateau-maucaillou-2021\\\/#primaryimage\",\"url\":\"https:\\\/\\\/maisontanase.com\\\/wp-content\\\/uploads\\\/2024\\\/10\\\/Acheter-Chateau-Maucaillou-Moulis-en-Medoc-Bordeaux-en-ligne-chez-Maison-Tanase.png\",\"contentUrl\":\"https:\\\/\\\/maisontanase.com\\\/wp-content\\\/uploads\\\/2024\\\/10\\\/Acheter-Chateau-Maucaillou-Moulis-en-Medoc-Bordeaux-en-ligne-chez-Maison-Tanase.png\",\"width\":1000,\"height\":1000,\"caption\":\"Acheter Cha\u0302teau Maucaillou Moulis en Me\u0301doc Bordeaux en ligne chez Maison Tanase\"},{\"@type\":\"BreadcrumbList\",\"@id\":\"https:\\\/\\\/maisontanase.com\\\/fr\\\/boutique\\\/vins-francais\\\/bordeaux-fr\\\/chateau-maucaillou-2021\\\/#breadcrumb\",\"itemListElement\":[{\"@type\":\"ListItem\",\"position\":1,\"name\":\"Accueil\",\"item\":\"https:\\\/\\\/maisontanase.com\\\/fr\\\/\"},{\"@type\":\"ListItem\",\"position\":2,\"name\":\"Boutique\",\"item\":\"https:\\\/\\\/maisontanase.com\\\/fr\\\/boutique-en-ligne-maison-tanase\\\/\"},{\"@type\":\"ListItem\",\"position\":3,\"name\":\"Ch\u00e2teau Maucaillou 2021 &#8211; Moulis-en-M\u00e9doc &#8211; Rouge\"}]},{\"@type\":\"WebSite\",\"@id\":\"https:\\\/\\\/maisontanase.com\\\/fr\\\/#website\",\"url\":\"https:\\\/\\\/maisontanase.com\\\/fr\\\/\",\"name\":\"Maison Tanase\",\"description\":\"Based in Bordeaux, Maison Tanase is a family-run business that produces and sells high-quality wines and spirits. Welcome to our online shop.\",\"publisher\":{\"@id\":\"https:\\\/\\\/maisontanase.com\\\/fr\\\/#organization\"},\"potentialAction\":[{\"@type\":\"SearchAction\",\"target\":{\"@type\":\"EntryPoint\",\"urlTemplate\":\"https:\\\/\\\/maisontanase.com\\\/fr\\\/?s={search_term_string}\"},\"query-input\":{\"@type\":\"PropertyValueSpecification\",\"valueRequired\":true,\"valueName\":\"search_term_string\"}}],\"inLanguage\":\"fr-FR\"},{\"@type\":\"Organization\",\"@id\":\"https:\\\/\\\/maisontanase.com\\\/fr\\\/#organization\",\"name\":\"Maison Tanase\",\"url\":\"https:\\\/\\\/maisontanase.com\\\/fr\\\/\",\"logo\":{\"@type\":\"ImageObject\",\"inLanguage\":\"fr-FR\",\"@id\":\"https:\\\/\\\/maisontanase.com\\\/fr\\\/#\\\/schema\\\/logo\\\/image\\\/\",\"url\":\"https:\\\/\\\/maisontanase.com\\\/wp-content\\\/uploads\\\/2022\\\/05\\\/maison-tanase.jpg\",\"contentUrl\":\"https:\\\/\\\/maisontanase.com\\\/wp-content\\\/uploads\\\/2022\\\/05\\\/maison-tanase.jpg\",\"width\":1200,\"height\":630,\"caption\":\"Maison Tanase\"},\"image\":{\"@id\":\"https:\\\/\\\/maisontanase.com\\\/fr\\\/#\\\/schema\\\/logo\\\/image\\\/\"}}]}<\/script>\n<!-- \/ Yoast SEO plugin. -->","yoast_head_json":{"title":"Achetez Ch\u00e2teau Maucaillou 2021 - Bordeaux - Moulis-en-M\u00e9doc","description":"Achetez Ch\u00e2teau Maucaillou 2021 de Moulis-en-M\u00e9doc en ligne au meilleur prix. Un Bordeaux raffin\u00e9, parfait pour les occasions sp\u00e9ciales et accords gourmets.","robots":{"index":"index","follow":"follow","max-snippet":"max-snippet:-1","max-image-preview":"max-image-preview:large","max-video-preview":"max-video-preview:-1"},"canonical":"https:\/\/maisontanase.com\/fr\/boutique\/vins-francais\/bordeaux-fr\/chateau-maucaillou-2021\/","og_locale":"fr_FR","og_type":"article","og_title":"Achetez Ch\u00e2teau Maucaillou 2021 - Bordeaux - Moulis-en-M\u00e9doc","og_description":"Achetez Ch\u00e2teau Maucaillou 2021 de Moulis-en-M\u00e9doc en ligne au meilleur prix. Un Bordeaux raffin\u00e9, parfait pour les occasions sp\u00e9ciales et accords gourmets.","og_url":"https:\/\/maisontanase.com\/fr\/boutique\/vins-francais\/bordeaux-fr\/chateau-maucaillou-2021\/","og_site_name":"Maison Tanase","article_modified_time":"2025-09-16T14:07:14+00:00","og_image":[{"width":1000,"height":1000,"url":"https:\/\/maisontanase.com\/wp-content\/uploads\/2024\/10\/Acheter-Chateau-Maucaillou-Moulis-en-Medoc-Bordeaux-en-ligne-chez-Maison-Tanase.png","type":"image\/png"}],"twitter_card":"summary_large_image","twitter_title":"Achetez Ch\u00e2teau Maucaillou 2021 - Bordeaux - Moulis-en-M\u00e9doc","twitter_description":"Achetez Ch\u00e2teau Maucaillou 2021 de Moulis-en-M\u00e9doc en ligne au meilleur prix. Un Bordeaux raffin\u00e9, parfait pour les occasions sp\u00e9ciales et accords gourmets.","twitter_image":"https:\/\/maisontanase.com\/wp-content\/uploads\/2024\/10\/Acheter-Chateau-Maucaillou-Moulis-en-Medoc-Bordeaux-en-ligne-chez-Maison-Tanase.png","twitter_misc":{"Dur\u00e9e de lecture estim\u00e9e":"3 minutes"},"schema":{"@context":"https:\/\/schema.org","@graph":[{"@type":"WebPage","@id":"https:\/\/maisontanase.com\/fr\/boutique\/vins-francais\/bordeaux-fr\/chateau-maucaillou-2021\/","url":"https:\/\/maisontanase.com\/fr\/boutique\/vins-francais\/bordeaux-fr\/chateau-maucaillou-2021\/","name":"Achetez Ch\u00e2teau Maucaillou 2021 - Bordeaux - Moulis-en-M\u00e9doc","isPartOf":{"@id":"https:\/\/maisontanase.com\/fr\/#website"},"primaryImageOfPage":{"@id":"https:\/\/maisontanase.com\/fr\/boutique\/vins-francais\/bordeaux-fr\/chateau-maucaillou-2021\/#primaryimage"},"image":{"@id":"https:\/\/maisontanase.com\/fr\/boutique\/vins-francais\/bordeaux-fr\/chateau-maucaillou-2021\/#primaryimage"},"thumbnailUrl":"https:\/\/maisontanase.com\/wp-content\/uploads\/2024\/10\/Acheter-Chateau-Maucaillou-Moulis-en-Medoc-Bordeaux-en-ligne-chez-Maison-Tanase.png","datePublished":"2024-10-21T11:27:50+00:00","dateModified":"2025-09-16T14:07:14+00:00","description":"Achetez Ch\u00e2teau Maucaillou 2021 de Moulis-en-M\u00e9doc en ligne au meilleur prix. Un Bordeaux raffin\u00e9, parfait pour les occasions sp\u00e9ciales et accords gourmets.","breadcrumb":{"@id":"https:\/\/maisontanase.com\/fr\/boutique\/vins-francais\/bordeaux-fr\/chateau-maucaillou-2021\/#breadcrumb"},"inLanguage":"fr-FR","potentialAction":[{"@type":"ReadAction","target":["https:\/\/maisontanase.com\/fr\/boutique\/vins-francais\/bordeaux-fr\/chateau-maucaillou-2021\/"]}]},{"@type":"ImageObject","inLanguage":"fr-FR","@id":"https:\/\/maisontanase.com\/fr\/boutique\/vins-francais\/bordeaux-fr\/chateau-maucaillou-2021\/#primaryimage","url":"https:\/\/maisontanase.com\/wp-content\/uploads\/2024\/10\/Acheter-Chateau-Maucaillou-Moulis-en-Medoc-Bordeaux-en-ligne-chez-Maison-Tanase.png","contentUrl":"https:\/\/maisontanase.com\/wp-content\/uploads\/2024\/10\/Acheter-Chateau-Maucaillou-Moulis-en-Medoc-Bordeaux-en-ligne-chez-Maison-Tanase.png","width":1000,"height":1000,"caption":"Acheter Cha\u0302teau Maucaillou Moulis en Me\u0301doc Bordeaux en ligne chez Maison Tanase"},{"@type":"BreadcrumbList","@id":"https:\/\/maisontanase.com\/fr\/boutique\/vins-francais\/bordeaux-fr\/chateau-maucaillou-2021\/#breadcrumb","itemListElement":[{"@type":"ListItem","position":1,"name":"Accueil","item":"https:\/\/maisontanase.com\/fr\/"},{"@type":"ListItem","position":2,"name":"Boutique","item":"https:\/\/maisontanase.com\/fr\/boutique-en-ligne-maison-tanase\/"},{"@type":"ListItem","position":3,"name":"Ch\u00e2teau Maucaillou 2021 &#8211; Moulis-en-M\u00e9doc &#8211; Rouge"}]},{"@type":"WebSite","@id":"https:\/\/maisontanase.com\/fr\/#website","url":"https:\/\/maisontanase.com\/fr\/","name":"Maison Tanase","description":"Based in Bordeaux, Maison Tanase is a family-run business that produces and sells high-quality wines and spirits. Welcome to our online shop.","publisher":{"@id":"https:\/\/maisontanase.com\/fr\/#organization"},"potentialAction":[{"@type":"SearchAction","target":{"@type":"EntryPoint","urlTemplate":"https:\/\/maisontanase.com\/fr\/?s={search_term_string}"},"query-input":{"@type":"PropertyValueSpecification","valueRequired":true,"valueName":"search_term_string"}}],"inLanguage":"fr-FR"},{"@type":"Organization","@id":"https:\/\/maisontanase.com\/fr\/#organization","name":"Maison Tanase","url":"https:\/\/maisontanase.com\/fr\/","logo":{"@type":"ImageObject","inLanguage":"fr-FR","@id":"https:\/\/maisontanase.com\/fr\/#\/schema\/logo\/image\/","url":"https:\/\/maisontanase.com\/wp-content\/uploads\/2022\/05\/maison-tanase.jpg","contentUrl":"https:\/\/maisontanase.com\/wp-content\/uploads\/2022\/05\/maison-tanase.jpg","width":1200,"height":630,"caption":"Maison Tanase"},"image":{"@id":"https:\/\/maisontanase.com\/fr\/#\/schema\/logo\/image\/"}}]}},"_links":{"self":[{"href":"https:\/\/maisontanase.com\/fr\/wp-json\/wp\/v2\/product\/17216","targetHints":{"allow":["GET"]}}],"collection":[{"href":"https:\/\/maisontanase.com\/fr\/wp-json\/wp\/v2\/product"}],"about":[{"href":"https:\/\/maisontanase.com\/fr\/wp-json\/wp\/v2\/types\/product"}],"replies":[{"embeddable":true,"href":"https:\/\/maisontanase.com\/fr\/wp-json\/wp\/v2\/comments?post=17216"}],"version-history":[{"count":6,"href":"https:\/\/maisontanase.com\/fr\/wp-json\/wp\/v2\/product\/17216\/revisions"}],"predecessor-version":[{"id":19063,"href":"https:\/\/maisontanase.com\/fr\/wp-json\/wp\/v2\/product\/17216\/revisions\/19063"}],"wp:featuredmedia":[{"embeddable":true,"href":"https:\/\/maisontanase.com\/fr\/wp-json\/wp\/v2\/media\/17237"}],"wp:attachment":[{"href":"https:\/\/maisontanase.com\/fr\/wp-json\/wp\/v2\/media?parent=17216"}],"wp:term":[{"taxonomy":"product_brand","embeddable":true,"href":"https:\/\/maisontanase.com\/fr\/wp-json\/wp\/v2\/product_brand?post=17216"},{"taxonomy":"product_cat","embeddable":true,"href":"https:\/\/maisontanase.com\/fr\/wp-json\/wp\/v2\/product_cat?post=17216"},{"taxonomy":"product_tag","embeddable":true,"href":"https:\/\/maisontanase.com\/fr\/wp-json\/wp\/v2\/product_tag?post=17216"}],"curies":[{"name":"wp","href":"https:\/\/api.w.org\/{rel}","templated":true}]}}