
{"id":17181,"date":"2024-10-10T15:00:55","date_gmt":"2024-10-10T13:00:55","guid":{"rendered":"https:\/\/maisontanase.com\/?post_type=product&#038;p=17181"},"modified":"2025-09-16T16:07:37","modified_gmt":"2025-09-16T14:07:37","slug":"gevrey-chambertin-premier-cru-2022","status":"publish","type":"product","link":"https:\/\/maisontanase.com\/fr\/boutique\/vins-francais\/bourgogne\/gevrey-chambertin-premier-cru-2022\/","title":{"rendered":"Gevrey-Chambertin 1er Cru 2022 &#8211; Rouge"},"content":{"rendered":"\t\t<div data-elementor-type=\"wp-post\" data-elementor-id=\"17181\" class=\"elementor elementor-17181 elementor-17180\">\n\t\t\t\t\t\t<section class=\"elementor-section elementor-top-section elementor-element elementor-element-dfcbcc4 elementor-section-boxed elementor-section-height-default elementor-section-height-default\" data-id=\"dfcbcc4\" data-element_type=\"section\" data-e-type=\"section\" data-settings=\"{&quot;pix_scale_in&quot;:&quot;none&quot;}\">\n\t\t\t\t\t\t<div class=\"elementor-container elementor-column-gap-default\">\n\t\t\t\t\t<div class=\"elementor-column elementor-col-100 elementor-top-column elementor-element elementor-element-f0839c7\" data-id=\"f0839c7\" data-element_type=\"column\" data-e-type=\"column\" data-settings=\"{&quot;pix_scale_in&quot;:&quot;none&quot;}\">\n\t\t\t<div class=\"elementor-widget-wrap elementor-element-populated\">\n\t\t\t\t\t\t<div class=\"elementor-element elementor-element-121adfd elementor-widget elementor-widget-text-editor\" data-id=\"121adfd\" data-element_type=\"widget\" data-e-type=\"widget\" data-widget_type=\"text-editor.default\">\n\t\t\t\t<div class=\"elementor-widget-container\">\n\t\t\t\t\t\t\t\t\t<p>Achetez en ligne le <strong>Gevrey-Chambertin Premier Cru &#8211; Les Combottes<\/strong>, un Pinot Noir de Bourgogne reconnu pour sa <strong>finesse et sa profondeur aromatique<\/strong>.<\/p>\n<p>Avec sa robe rubis intense, ce vin exprime des ar\u00f4mes de cerises noires, de framboises et de notes terreuses typiques du terroir de Gevrey. En bouche, il r\u00e9v\u00e8le une structure tannique \u00e9l\u00e9gante et des touches d\u2019\u00e9pices douces, <strong>parfait pour sublimer vos plats raffin\u00e9s<\/strong>. <\/p>\n<p>Que ce soit <strong>pour un d\u00eener gastronomique, une soir\u00e9e romantique ou une c\u00e9l\u00e9bration<\/strong>, ce vin premier cru est une valeur s\u00fbre pour rendre chaque moment inoubliable.<\/p>\n<p><b>Mill\u00e9sime 2022.<\/b><\/p>\n\t\t\t\t\t\t\t\t<\/div>\n\t\t\t\t<\/div>\n\t\t\t\t<div class=\"elementor-element elementor-element-a9fd3c9 elementor-widget elementor-widget-heading\" data-id=\"a9fd3c9\" data-element_type=\"widget\" data-e-type=\"widget\" data-widget_type=\"heading.default\">\n\t\t\t\t<div class=\"elementor-widget-container\">\n\t\t\t\t\t<h2 class=\"elementor-heading-title elementor-size-default\">Histoire<\/h2>\t\t\t\t<\/div>\n\t\t\t\t<\/div>\n\t\t\t\t<div class=\"elementor-element elementor-element-f4eeb0a elementor-widget elementor-widget-text-editor\" data-id=\"f4eeb0a\" data-element_type=\"widget\" data-e-type=\"widget\" data-widget_type=\"text-editor.default\">\n\t\t\t\t<div class=\"elementor-widget-container\">\n\t\t\t\t\t\t\t\t\t<p>Le <strong>Domaine Amiot et Fils <\/strong>est r\u00e9put\u00e9 pour l&rsquo;\u00e9laboration de <a href=\"https:\/\/www.vins-bourgogne.fr\/\"><strong>grands vins de Bourgogne<\/strong><\/a> issus des prestigieux vignobles de la C\u00f4te de Nuits. Leur <strong>Gevrey-Chambertin Premier Cru &#8211; Les Combottes <\/strong>incarne leur savoir-faire centenaire, illustrant une tradition viticole d&rsquo;excellence qui perdure depuis plus de 100 ans. <\/p>\n<p>Le <strong>Gevrey-Chambertin Premier Cru &#8211; Les Combottes est issu d&rsquo;un terroir privil\u00e9gi\u00e9<\/strong>, entour\u00e9 de prestigieux Grands Crus, offrant un vin qui refl\u00e8te parfaitement la richesse et l&rsquo;\u00e9l\u00e9gance de la Bourgogne.<\/p>\n<p>Ce vin incarne <strong>la tradition et l&rsquo;excellence d&rsquo;une maison familiale <\/strong>d\u00e9di\u00e9e \u00e0 l&rsquo;art du vin.<\/p>\n\t\t\t\t\t\t\t\t<\/div>\n\t\t\t\t<\/div>\n\t\t\t\t<div class=\"elementor-element elementor-element-e53be77 elementor-widget elementor-widget-heading\" data-id=\"e53be77\" data-element_type=\"widget\" data-e-type=\"widget\" data-widget_type=\"heading.default\">\n\t\t\t\t<div class=\"elementor-widget-container\">\n\t\t\t\t\t<h2 class=\"elementor-heading-title elementor-size-default\">Viticulture<\/h2>\t\t\t\t<\/div>\n\t\t\t\t<\/div>\n\t\t\t\t<div class=\"elementor-element elementor-element-e022eb5 elementor-widget elementor-widget-text-editor\" data-id=\"e022eb5\" data-element_type=\"widget\" data-e-type=\"widget\" data-widget_type=\"text-editor.default\">\n\t\t\t\t<div class=\"elementor-widget-container\">\n\t\t\t\t\t\t\t\t\t<p>Compos\u00e9 <strong>100% de Pinot Noir<\/strong>, le <strong>Gevrey-Chambertin Premier Cru &#8211; Les Combottes<\/strong> est cultiv\u00e9 sur des <strong>vignes \u00e2g\u00e9es de 40 \u00e0 60 ans<\/strong>.<\/p>\n<p>Ces vignes sont plant\u00e9es sur des sols calcaires et argileux qui favorisent l\u2019expression aromatique du c\u00e9page.<\/p>\n<p>Les pratiques de <span style=\"text-decoration: underline;\">viticulture raisonn\u00e9e<\/span> permettent au domaine de pr\u00e9server la qualit\u00e9 du terroir et de produire <strong>des vins refl\u00e9tant toute l&rsquo;authenticit\u00e9 de leur origine<\/strong>.<\/p>\n\t\t\t\t\t\t\t\t<\/div>\n\t\t\t\t<\/div>\n\t\t\t\t<div class=\"elementor-element elementor-element-5c2148a elementor-widget elementor-widget-heading\" data-id=\"5c2148a\" data-element_type=\"widget\" data-e-type=\"widget\" data-widget_type=\"heading.default\">\n\t\t\t\t<div class=\"elementor-widget-container\">\n\t\t\t\t\t<h2 class=\"elementor-heading-title elementor-size-default\">Vinification<\/h2>\t\t\t\t<\/div>\n\t\t\t\t<\/div>\n\t\t\t\t<div class=\"elementor-element elementor-element-f24e5a7 elementor-widget elementor-widget-text-editor\" data-id=\"f24e5a7\" data-element_type=\"widget\" data-e-type=\"widget\" data-widget_type=\"text-editor.default\">\n\t\t\t\t<div class=\"elementor-widget-container\">\n\t\t\t\t\t\t\t\t\t<p>Sous la direction du <strong>Domaine Amiot et Fils<\/strong>, le processus de <strong>vinification des \u00ab\u00a0Les Combottes\u00a0\u00bb est marqu\u00e9 par une attention m\u00e9ticuleuse<\/strong> aux moindres d\u00e9tails.<\/p>\n<p>Apr\u00e8s des <span style=\"text-decoration: underline;\">vendanges manuelles minutieuses<\/span>, les raisins sont d\u00e9licatement press\u00e9s et vinifi\u00e9s en cuves inox.<\/p>\n<p>Le vin est ensuite <strong>\u00e9lev\u00e9 pendant 18 mois en f\u00fbts de ch\u00eane fran\u00e7ais<\/strong>, dont 30% de neufs, apportant des ar\u00f4mes de bois subtils qui \u00e9quilibrent harmonieusement les fruits rouges et les \u00e9pices. Ce vieillissement prolong\u00e9 permet au vin de d\u00e9velopper une belle complexit\u00e9 et un <strong>potentiel de garde remarquable<\/strong>. <\/p>\n\t\t\t\t\t\t\t\t<\/div>\n\t\t\t\t<\/div>\n\t\t\t\t<div class=\"elementor-element elementor-element-7cae827 elementor-widget elementor-widget-heading\" data-id=\"7cae827\" data-element_type=\"widget\" data-e-type=\"widget\" data-widget_type=\"heading.default\">\n\t\t\t\t<div class=\"elementor-widget-container\">\n\t\t\t\t\t<h2 class=\"elementor-heading-title elementor-size-default\">D\u00e9gustation<\/h2>\t\t\t\t<\/div>\n\t\t\t\t<\/div>\n\t\t\t\t<div class=\"elementor-element elementor-element-bbc90bf elementor-widget elementor-widget-text-editor\" data-id=\"bbc90bf\" data-element_type=\"widget\" data-e-type=\"widget\" data-widget_type=\"text-editor.default\">\n\t\t\t\t<div class=\"elementor-widget-container\">\n\t\t\t\t\t\t\t\t\t<p>Le <strong>Gevrey-Chambertin Premier Cru &#8211; Les Combottes <\/strong>se distingue par son <span style=\"text-decoration: underline;\">bouquet<\/span> intense de fruits noirs, comme la m\u00fbre et la cerise, compl\u00e9t\u00e9 par des notes d&rsquo;\u00e9pices, de cuir et de truffe. <br \/>En <span style=\"text-decoration: underline;\">bouche<\/span>, sa texture soyeuse et ses tanins fondus offrent un \u00e9quilibre parfait entre puissance et finesse. <\/p>\n<p>Avec une belle longueur en bouche, ce vin est <strong>id\u00e9al pour accompagner des plats comme le canard r\u00f4ti, le gibier ou un plateau de fromages affin\u00e9s<\/strong>.<\/p>\n<p><strong>Servez \u00e0 16-18\u00b0C <\/strong>pour r\u00e9v\u00e9ler pleinement la richesse aromatique du vin, et laissez-le vieillir en cave pour profiter d&rsquo;une <strong>d\u00e9gustation encore plus raffin\u00e9e dans les ann\u00e9es \u00e0 venir<\/strong>.<\/p>\n<p class=\"p2\">***<\/p>\n<p class=\"p2\">\u00c0 la recherche d&rsquo;autres vins de Bourgogne ?<br \/><a href=\"https:\/\/maisontanase.com\/fr\/categorie-produit\/vins-francais\/bourgogne\/\"><strong>D\u00e9couvrez la collection de vins prestigieux de la Bourgogne<\/strong><\/a> chez Maison Tanase, avec des <b>prix comp\u00e9titifs<\/b>, un <b>paiement s\u00e9curis\u00e9<\/b> et une <b>livraison rapid<\/b>e partout dans le monde.<\/p>\n\t\t\t\t\t\t\t\t<\/div>\n\t\t\t\t<\/div>\n\t\t\t\t\t<\/div>\n\t\t<\/div>\n\t\t\t\t\t<\/div>\n\t\t<\/section>\n\t\t\t\t<\/div>\n\t\t","protected":false},"excerpt":{"rendered":"<p class=\"p1\"><strong>Achetez en ligne Gevrey-Chambertin Premier Cru &#8211; Les Combottes &#8211; Bourgogne<\/strong><\/p>\n<p class=\"p1\">D\u00e9couvrez un Pinot Noir \u00e9l\u00e9gant et complexe avec des notes de fruits rouges, d&rsquo;\u00e9pices et de sous-bois. <strong>Parfait pour des occasions sp\u00e9ciales, ce cru se marie \u00e0 merveille avec des plats gastronomiques.<\/strong><\/p>\n<p class=\"p1\"><b>Commandez maintenant <\/b>avec <b>livraison rapide<\/b> et <b>paiement s\u00e9curis\u00e9<\/b> chez Maison Tanase !<\/p>\n","protected":false},"featured_media":17194,"comment_status":"open","ping_status":"closed","template":"","meta":[],"product_brand":[],"product_cat":[135,133],"product_tag":[334,170],"class_list":{"0":"post-17181","1":"product","2":"type-product","3":"status-publish","4":"has-post-thumbnail","6":"product_cat-bourgogne","7":"product_cat-vins-francais","8":"product_tag-bourgogne-fr-2","9":"product_tag-maison-tanase-fr","11":"first","12":"instock","13":"shipping-taxable","14":"purchasable","15":"product-type-simple"},"yoast_head":"<!-- This site is optimized with the Yoast SEO plugin v27.3 - https:\/\/yoast.com\/product\/yoast-seo-wordpress\/ -->\n<title>Achetez Gevrey-Chambertin Premier Cru - Les Combottes - Bourgogne<\/title>\n<meta name=\"description\" content=\"Achetez Gevrey-Chambertin Premier Cru - Les Combottes 2022 au meilleur prix \u2013 Pinot Noir d&#039;exception, parfait pour vos repas raffin\u00e9s, c\u00e9l\u00e9brations.\" \/>\n<meta name=\"robots\" content=\"index, follow, max-snippet:-1, max-image-preview:large, max-video-preview:-1\" \/>\n<link rel=\"canonical\" href=\"https:\/\/maisontanase.com\/fr\/boutique\/vins-francais\/bourgogne\/gevrey-chambertin-premier-cru-2022\/\" \/>\n<meta property=\"og:locale\" content=\"fr_FR\" \/>\n<meta property=\"og:type\" content=\"article\" \/>\n<meta property=\"og:title\" content=\"Achetez Gevrey-Chambertin Premier Cru - Les Combottes - Bourgogne\" \/>\n<meta property=\"og:description\" content=\"Achetez Gevrey-Chambertin Premier Cru - Les Combottes 2022 au meilleur prix \u2013 Pinot Noir d&#039;exception, parfait pour vos repas raffin\u00e9s, c\u00e9l\u00e9brations.\" \/>\n<meta property=\"og:url\" content=\"https:\/\/maisontanase.com\/fr\/boutique\/vins-francais\/bourgogne\/gevrey-chambertin-premier-cru-2022\/\" \/>\n<meta property=\"og:site_name\" content=\"Maison Tanase\" \/>\n<meta property=\"article:modified_time\" content=\"2025-09-16T14:07:37+00:00\" \/>\n<meta property=\"og:image\" content=\"https:\/\/maisontanase.com\/wp-content\/uploads\/2024\/10\/Achetez-en-ligne-Gevrey-Chambertin-Premier-Cru-Les-Combottes-grand-vin-de-Bourgogne-du-Domaine-Amiot-chez-Maison-Tanase.png\" \/>\n\t<meta property=\"og:image:width\" content=\"1000\" \/>\n\t<meta property=\"og:image:height\" content=\"1000\" \/>\n\t<meta property=\"og:image:type\" content=\"image\/png\" \/>\n<meta name=\"twitter:card\" content=\"summary_large_image\" \/>\n<meta name=\"twitter:title\" content=\"Achetez Gevrey-Chambertin Premier Cru - Les Combottes - Bourgogne\" \/>\n<meta name=\"twitter:description\" content=\"Achetez Gevrey-Chambertin Premier Cru - Les Combottes 2022 au meilleur prix \u2013 Pinot Noir d&#039;exception, parfait pour vos repas raffin\u00e9s, c\u00e9l\u00e9brations.\" \/>\n<meta name=\"twitter:image\" content=\"https:\/\/maisontanase.com\/wp-content\/uploads\/2024\/10\/Achetez-en-ligne-Gevrey-Chambertin-Premier-Cru-Les-Combottes-grand-vin-de-Bourgogne-du-Domaine-Amiot-chez-Maison-Tanase.png\" \/>\n<meta name=\"twitter:label1\" content=\"Dur\u00e9e de lecture estim\u00e9e\" \/>\n\t<meta name=\"twitter:data1\" content=\"3 minutes\" \/>\n<script type=\"application\/ld+json\" class=\"yoast-schema-graph\">{\"@context\":\"https:\\\/\\\/schema.org\",\"@graph\":[{\"@type\":\"WebPage\",\"@id\":\"https:\\\/\\\/maisontanase.com\\\/fr\\\/boutique\\\/vins-francais\\\/bourgogne\\\/gevrey-chambertin-premier-cru-2022\\\/\",\"url\":\"https:\\\/\\\/maisontanase.com\\\/fr\\\/boutique\\\/vins-francais\\\/bourgogne\\\/gevrey-chambertin-premier-cru-2022\\\/\",\"name\":\"Achetez Gevrey-Chambertin Premier Cru - Les Combottes - Bourgogne\",\"isPartOf\":{\"@id\":\"https:\\\/\\\/maisontanase.com\\\/fr\\\/#website\"},\"primaryImageOfPage\":{\"@id\":\"https:\\\/\\\/maisontanase.com\\\/fr\\\/boutique\\\/vins-francais\\\/bourgogne\\\/gevrey-chambertin-premier-cru-2022\\\/#primaryimage\"},\"image\":{\"@id\":\"https:\\\/\\\/maisontanase.com\\\/fr\\\/boutique\\\/vins-francais\\\/bourgogne\\\/gevrey-chambertin-premier-cru-2022\\\/#primaryimage\"},\"thumbnailUrl\":\"https:\\\/\\\/maisontanase.com\\\/wp-content\\\/uploads\\\/2024\\\/10\\\/Achetez-en-ligne-Gevrey-Chambertin-Premier-Cru-Les-Combottes-grand-vin-de-Bourgogne-du-Domaine-Amiot-chez-Maison-Tanase.png\",\"datePublished\":\"2024-10-10T13:00:55+00:00\",\"dateModified\":\"2025-09-16T14:07:37+00:00\",\"description\":\"Achetez Gevrey-Chambertin Premier Cru - Les Combottes 2022 au meilleur prix \u2013 Pinot Noir d'exception, parfait pour vos repas raffin\u00e9s, c\u00e9l\u00e9brations.\",\"breadcrumb\":{\"@id\":\"https:\\\/\\\/maisontanase.com\\\/fr\\\/boutique\\\/vins-francais\\\/bourgogne\\\/gevrey-chambertin-premier-cru-2022\\\/#breadcrumb\"},\"inLanguage\":\"fr-FR\",\"potentialAction\":[{\"@type\":\"ReadAction\",\"target\":[\"https:\\\/\\\/maisontanase.com\\\/fr\\\/boutique\\\/vins-francais\\\/bourgogne\\\/gevrey-chambertin-premier-cru-2022\\\/\"]}]},{\"@type\":\"ImageObject\",\"inLanguage\":\"fr-FR\",\"@id\":\"https:\\\/\\\/maisontanase.com\\\/fr\\\/boutique\\\/vins-francais\\\/bourgogne\\\/gevrey-chambertin-premier-cru-2022\\\/#primaryimage\",\"url\":\"https:\\\/\\\/maisontanase.com\\\/wp-content\\\/uploads\\\/2024\\\/10\\\/Achetez-en-ligne-Gevrey-Chambertin-Premier-Cru-Les-Combottes-grand-vin-de-Bourgogne-du-Domaine-Amiot-chez-Maison-Tanase.png\",\"contentUrl\":\"https:\\\/\\\/maisontanase.com\\\/wp-content\\\/uploads\\\/2024\\\/10\\\/Achetez-en-ligne-Gevrey-Chambertin-Premier-Cru-Les-Combottes-grand-vin-de-Bourgogne-du-Domaine-Amiot-chez-Maison-Tanase.png\",\"width\":1000,\"height\":1000,\"caption\":\"Achetez en ligne Gevrey-Chambertin Premier Cru - Les Combottes grand vin de Bourgogne du Domaine Amiot chez Maison Tanase\"},{\"@type\":\"BreadcrumbList\",\"@id\":\"https:\\\/\\\/maisontanase.com\\\/fr\\\/boutique\\\/vins-francais\\\/bourgogne\\\/gevrey-chambertin-premier-cru-2022\\\/#breadcrumb\",\"itemListElement\":[{\"@type\":\"ListItem\",\"position\":1,\"name\":\"Accueil\",\"item\":\"https:\\\/\\\/maisontanase.com\\\/fr\\\/\"},{\"@type\":\"ListItem\",\"position\":2,\"name\":\"Boutique\",\"item\":\"https:\\\/\\\/maisontanase.com\\\/fr\\\/boutique-en-ligne-maison-tanase\\\/\"},{\"@type\":\"ListItem\",\"position\":3,\"name\":\"Gevrey-Chambertin 1er Cru 2022 &#8211; Rouge\"}]},{\"@type\":\"WebSite\",\"@id\":\"https:\\\/\\\/maisontanase.com\\\/fr\\\/#website\",\"url\":\"https:\\\/\\\/maisontanase.com\\\/fr\\\/\",\"name\":\"Maison Tanase\",\"description\":\"Based in Bordeaux, Maison Tanase is a family-run business that produces and sells high-quality wines and spirits. Welcome to our online shop.\",\"publisher\":{\"@id\":\"https:\\\/\\\/maisontanase.com\\\/fr\\\/#organization\"},\"potentialAction\":[{\"@type\":\"SearchAction\",\"target\":{\"@type\":\"EntryPoint\",\"urlTemplate\":\"https:\\\/\\\/maisontanase.com\\\/fr\\\/?s={search_term_string}\"},\"query-input\":{\"@type\":\"PropertyValueSpecification\",\"valueRequired\":true,\"valueName\":\"search_term_string\"}}],\"inLanguage\":\"fr-FR\"},{\"@type\":\"Organization\",\"@id\":\"https:\\\/\\\/maisontanase.com\\\/fr\\\/#organization\",\"name\":\"Maison Tanase\",\"url\":\"https:\\\/\\\/maisontanase.com\\\/fr\\\/\",\"logo\":{\"@type\":\"ImageObject\",\"inLanguage\":\"fr-FR\",\"@id\":\"https:\\\/\\\/maisontanase.com\\\/fr\\\/#\\\/schema\\\/logo\\\/image\\\/\",\"url\":\"https:\\\/\\\/maisontanase.com\\\/wp-content\\\/uploads\\\/2022\\\/05\\\/maison-tanase.jpg\",\"contentUrl\":\"https:\\\/\\\/maisontanase.com\\\/wp-content\\\/uploads\\\/2022\\\/05\\\/maison-tanase.jpg\",\"width\":1200,\"height\":630,\"caption\":\"Maison Tanase\"},\"image\":{\"@id\":\"https:\\\/\\\/maisontanase.com\\\/fr\\\/#\\\/schema\\\/logo\\\/image\\\/\"}}]}<\/script>\n<!-- \/ Yoast SEO plugin. -->","yoast_head_json":{"title":"Achetez Gevrey-Chambertin Premier Cru - Les Combottes - Bourgogne","description":"Achetez Gevrey-Chambertin Premier Cru - Les Combottes 2022 au meilleur prix \u2013 Pinot Noir d'exception, parfait pour vos repas raffin\u00e9s, c\u00e9l\u00e9brations.","robots":{"index":"index","follow":"follow","max-snippet":"max-snippet:-1","max-image-preview":"max-image-preview:large","max-video-preview":"max-video-preview:-1"},"canonical":"https:\/\/maisontanase.com\/fr\/boutique\/vins-francais\/bourgogne\/gevrey-chambertin-premier-cru-2022\/","og_locale":"fr_FR","og_type":"article","og_title":"Achetez Gevrey-Chambertin Premier Cru - Les Combottes - Bourgogne","og_description":"Achetez Gevrey-Chambertin Premier Cru - Les Combottes 2022 au meilleur prix \u2013 Pinot Noir d'exception, parfait pour vos repas raffin\u00e9s, c\u00e9l\u00e9brations.","og_url":"https:\/\/maisontanase.com\/fr\/boutique\/vins-francais\/bourgogne\/gevrey-chambertin-premier-cru-2022\/","og_site_name":"Maison Tanase","article_modified_time":"2025-09-16T14:07:37+00:00","og_image":[{"width":1000,"height":1000,"url":"https:\/\/maisontanase.com\/wp-content\/uploads\/2024\/10\/Achetez-en-ligne-Gevrey-Chambertin-Premier-Cru-Les-Combottes-grand-vin-de-Bourgogne-du-Domaine-Amiot-chez-Maison-Tanase.png","type":"image\/png"}],"twitter_card":"summary_large_image","twitter_title":"Achetez Gevrey-Chambertin Premier Cru - Les Combottes - Bourgogne","twitter_description":"Achetez Gevrey-Chambertin Premier Cru - Les Combottes 2022 au meilleur prix \u2013 Pinot Noir d'exception, parfait pour vos repas raffin\u00e9s, c\u00e9l\u00e9brations.","twitter_image":"https:\/\/maisontanase.com\/wp-content\/uploads\/2024\/10\/Achetez-en-ligne-Gevrey-Chambertin-Premier-Cru-Les-Combottes-grand-vin-de-Bourgogne-du-Domaine-Amiot-chez-Maison-Tanase.png","twitter_misc":{"Dur\u00e9e de lecture estim\u00e9e":"3 minutes"},"schema":{"@context":"https:\/\/schema.org","@graph":[{"@type":"WebPage","@id":"https:\/\/maisontanase.com\/fr\/boutique\/vins-francais\/bourgogne\/gevrey-chambertin-premier-cru-2022\/","url":"https:\/\/maisontanase.com\/fr\/boutique\/vins-francais\/bourgogne\/gevrey-chambertin-premier-cru-2022\/","name":"Achetez Gevrey-Chambertin Premier Cru - Les Combottes - Bourgogne","isPartOf":{"@id":"https:\/\/maisontanase.com\/fr\/#website"},"primaryImageOfPage":{"@id":"https:\/\/maisontanase.com\/fr\/boutique\/vins-francais\/bourgogne\/gevrey-chambertin-premier-cru-2022\/#primaryimage"},"image":{"@id":"https:\/\/maisontanase.com\/fr\/boutique\/vins-francais\/bourgogne\/gevrey-chambertin-premier-cru-2022\/#primaryimage"},"thumbnailUrl":"https:\/\/maisontanase.com\/wp-content\/uploads\/2024\/10\/Achetez-en-ligne-Gevrey-Chambertin-Premier-Cru-Les-Combottes-grand-vin-de-Bourgogne-du-Domaine-Amiot-chez-Maison-Tanase.png","datePublished":"2024-10-10T13:00:55+00:00","dateModified":"2025-09-16T14:07:37+00:00","description":"Achetez Gevrey-Chambertin Premier Cru - Les Combottes 2022 au meilleur prix \u2013 Pinot Noir d'exception, parfait pour vos repas raffin\u00e9s, c\u00e9l\u00e9brations.","breadcrumb":{"@id":"https:\/\/maisontanase.com\/fr\/boutique\/vins-francais\/bourgogne\/gevrey-chambertin-premier-cru-2022\/#breadcrumb"},"inLanguage":"fr-FR","potentialAction":[{"@type":"ReadAction","target":["https:\/\/maisontanase.com\/fr\/boutique\/vins-francais\/bourgogne\/gevrey-chambertin-premier-cru-2022\/"]}]},{"@type":"ImageObject","inLanguage":"fr-FR","@id":"https:\/\/maisontanase.com\/fr\/boutique\/vins-francais\/bourgogne\/gevrey-chambertin-premier-cru-2022\/#primaryimage","url":"https:\/\/maisontanase.com\/wp-content\/uploads\/2024\/10\/Achetez-en-ligne-Gevrey-Chambertin-Premier-Cru-Les-Combottes-grand-vin-de-Bourgogne-du-Domaine-Amiot-chez-Maison-Tanase.png","contentUrl":"https:\/\/maisontanase.com\/wp-content\/uploads\/2024\/10\/Achetez-en-ligne-Gevrey-Chambertin-Premier-Cru-Les-Combottes-grand-vin-de-Bourgogne-du-Domaine-Amiot-chez-Maison-Tanase.png","width":1000,"height":1000,"caption":"Achetez en ligne Gevrey-Chambertin Premier Cru - Les Combottes grand vin de Bourgogne du Domaine Amiot chez Maison Tanase"},{"@type":"BreadcrumbList","@id":"https:\/\/maisontanase.com\/fr\/boutique\/vins-francais\/bourgogne\/gevrey-chambertin-premier-cru-2022\/#breadcrumb","itemListElement":[{"@type":"ListItem","position":1,"name":"Accueil","item":"https:\/\/maisontanase.com\/fr\/"},{"@type":"ListItem","position":2,"name":"Boutique","item":"https:\/\/maisontanase.com\/fr\/boutique-en-ligne-maison-tanase\/"},{"@type":"ListItem","position":3,"name":"Gevrey-Chambertin 1er Cru 2022 &#8211; Rouge"}]},{"@type":"WebSite","@id":"https:\/\/maisontanase.com\/fr\/#website","url":"https:\/\/maisontanase.com\/fr\/","name":"Maison Tanase","description":"Based in Bordeaux, Maison Tanase is a family-run business that produces and sells high-quality wines and spirits. Welcome to our online shop.","publisher":{"@id":"https:\/\/maisontanase.com\/fr\/#organization"},"potentialAction":[{"@type":"SearchAction","target":{"@type":"EntryPoint","urlTemplate":"https:\/\/maisontanase.com\/fr\/?s={search_term_string}"},"query-input":{"@type":"PropertyValueSpecification","valueRequired":true,"valueName":"search_term_string"}}],"inLanguage":"fr-FR"},{"@type":"Organization","@id":"https:\/\/maisontanase.com\/fr\/#organization","name":"Maison Tanase","url":"https:\/\/maisontanase.com\/fr\/","logo":{"@type":"ImageObject","inLanguage":"fr-FR","@id":"https:\/\/maisontanase.com\/fr\/#\/schema\/logo\/image\/","url":"https:\/\/maisontanase.com\/wp-content\/uploads\/2022\/05\/maison-tanase.jpg","contentUrl":"https:\/\/maisontanase.com\/wp-content\/uploads\/2022\/05\/maison-tanase.jpg","width":1200,"height":630,"caption":"Maison Tanase"},"image":{"@id":"https:\/\/maisontanase.com\/fr\/#\/schema\/logo\/image\/"}}]}},"_links":{"self":[{"href":"https:\/\/maisontanase.com\/fr\/wp-json\/wp\/v2\/product\/17181","targetHints":{"allow":["GET"]}}],"collection":[{"href":"https:\/\/maisontanase.com\/fr\/wp-json\/wp\/v2\/product"}],"about":[{"href":"https:\/\/maisontanase.com\/fr\/wp-json\/wp\/v2\/types\/product"}],"replies":[{"embeddable":true,"href":"https:\/\/maisontanase.com\/fr\/wp-json\/wp\/v2\/comments?post=17181"}],"version-history":[{"count":9,"href":"https:\/\/maisontanase.com\/fr\/wp-json\/wp\/v2\/product\/17181\/revisions"}],"predecessor-version":[{"id":19064,"href":"https:\/\/maisontanase.com\/fr\/wp-json\/wp\/v2\/product\/17181\/revisions\/19064"}],"wp:featuredmedia":[{"embeddable":true,"href":"https:\/\/maisontanase.com\/fr\/wp-json\/wp\/v2\/media\/17194"}],"wp:attachment":[{"href":"https:\/\/maisontanase.com\/fr\/wp-json\/wp\/v2\/media?parent=17181"}],"wp:term":[{"taxonomy":"product_brand","embeddable":true,"href":"https:\/\/maisontanase.com\/fr\/wp-json\/wp\/v2\/product_brand?post=17181"},{"taxonomy":"product_cat","embeddable":true,"href":"https:\/\/maisontanase.com\/fr\/wp-json\/wp\/v2\/product_cat?post=17181"},{"taxonomy":"product_tag","embeddable":true,"href":"https:\/\/maisontanase.com\/fr\/wp-json\/wp\/v2\/product_tag?post=17181"}],"curies":[{"name":"wp","href":"https:\/\/api.w.org\/{rel}","templated":true}]}}