
{"id":17130,"date":"2024-10-07T13:53:42","date_gmt":"2024-10-07T11:53:42","guid":{"rendered":"https:\/\/maisontanase.com\/?post_type=product&#038;p=17130"},"modified":"2025-09-29T10:35:39","modified_gmt":"2025-09-29T08:35:39","slug":"veuve-clicquot-reserve-brut-carte-jaune","status":"publish","type":"product","link":"https:\/\/maisontanase.com\/fr\/boutique\/vins-francais\/veuve-clicquot-reserve-brut-carte-jaune\/","title":{"rendered":"Veuve Clicquot R\u00e9serve Brut &#8211; Carte Jaune"},"content":{"rendered":"\t\t<div data-elementor-type=\"wp-post\" data-elementor-id=\"17130\" class=\"elementor elementor-17130 elementor-17131\">\n\t\t\t\t\t\t<section class=\"elementor-section elementor-top-section elementor-element elementor-element-dfcbcc4 elementor-section-boxed elementor-section-height-default elementor-section-height-default\" data-id=\"dfcbcc4\" data-element_type=\"section\" data-e-type=\"section\" data-settings=\"{&quot;pix_scale_in&quot;:&quot;none&quot;}\">\n\t\t\t\t\t\t<div class=\"elementor-container elementor-column-gap-default\">\n\t\t\t\t\t<div class=\"elementor-column elementor-col-100 elementor-top-column elementor-element elementor-element-f0839c7\" data-id=\"f0839c7\" data-element_type=\"column\" data-e-type=\"column\" data-settings=\"{&quot;pix_scale_in&quot;:&quot;none&quot;}\">\n\t\t\t<div class=\"elementor-widget-wrap elementor-element-populated\">\n\t\t\t\t\t\t<div class=\"elementor-element elementor-element-121adfd elementor-widget elementor-widget-text-editor\" data-id=\"121adfd\" data-element_type=\"widget\" data-e-type=\"widget\" data-widget_type=\"text-editor.default\">\n\t\t\t\t<div class=\"elementor-widget-container\">\n\t\t\t\t\t\t\t\t\t<p class=\"p1\"><strong>Achetez en ligne<\/strong> le prestigieux <strong>Champagne Veuve Clicquot Brut Carte Jaune<\/strong>\u00a0&#8211; 75 cl.<\/p><p class=\"p1\">D\u00e9couvrez <strong>l&rsquo;\u00e9l\u00e9gance intemporelle du Veuve Clicquot R\u00e9serve Cuv\u00e9e Brut &#8211; Carte Jaune<\/strong>, un Champagne haut de gamme qui marie harmonieusement des ar\u00f4mes envo\u00fbtants de fruits m\u00fbrs, de brioche toast\u00e9e et de d\u00e9licates \u00e9pices.<\/p><p class=\"p1\"><strong>Parfait pour c\u00e9l\u00e9brer<\/strong> des moments uniques comme les mariages, les anniversaires, ou les f\u00eates de fin d&rsquo;ann\u00e9e. V\u00e9ritable symbole de prestige, le Veuve Clicquot R\u00e9serve Cuv\u00e9e Brut &#8211; <strong>Carte Jaune<\/strong> est aussi <strong>le cadeau id\u00e9al pour marquer des occasions sp\u00e9ciales<\/strong>.<\/p>\t\t\t\t\t\t\t\t<\/div>\n\t\t\t\t<\/div>\n\t\t\t\t<div class=\"elementor-element elementor-element-a9fd3c9 elementor-widget elementor-widget-heading\" data-id=\"a9fd3c9\" data-element_type=\"widget\" data-e-type=\"widget\" data-widget_type=\"heading.default\">\n\t\t\t\t<div class=\"elementor-widget-container\">\n\t\t\t\t\t<h2 class=\"elementor-heading-title elementor-size-default\">Histoire<\/h2>\t\t\t\t<\/div>\n\t\t\t\t<\/div>\n\t\t\t\t<div class=\"elementor-element elementor-element-f4eeb0a elementor-widget elementor-widget-text-editor\" data-id=\"f4eeb0a\" data-element_type=\"widget\" data-e-type=\"widget\" data-widget_type=\"text-editor.default\">\n\t\t\t\t<div class=\"elementor-widget-container\">\n\t\t\t\t\t\t\t\t\t<p><strong>Fond\u00e9e en 1772<\/strong>, <strong>Veuve Clicquot est l\u2019une des maisons de Champagne les plus prestigieuses au monde<\/strong>, c\u00e9l\u00e9br\u00e9e pour son riche h\u00e9ritage et ses innovations pionni\u00e8res. La Maison a gagn\u00e9 en notori\u00e9t\u00e9 sous l\u2019impulsion de <a href=\"https:\/\/www.veuveclicquot.com\/fr-fr\/madameclicquot.html\"><strong>Madame Clicquot<\/strong><\/a>, qui r\u00e9volutionna l&rsquo;industrie avec l\u2019invention de la <strong>table de remuage<\/strong> en <strong>1816<\/strong>, assurant clart\u00e9 et \u00e9l\u00e9gance dans chaque bouteille. <\/p><p>Aujourd&rsquo;hui, <strong>Veuve Clicquot est mondialement reconnue <\/strong>pour ses <span style=\"text-decoration: underline;\">Champagnes audacieux, puissants et structur\u00e9s<\/span>, \u00e9labor\u00e9s avec une attention minutieuse aux d\u00e9tails. Choisir Veuve Clicquot, c\u2019est embrasser <strong>un h\u00e9ritage d\u2019excellence et de sophistication<\/strong> qui s\u00e9duit les amateurs de Champagne du monde entier. <\/p>\t\t\t\t\t\t\t\t<\/div>\n\t\t\t\t<\/div>\n\t\t\t\t<div class=\"elementor-element elementor-element-e53be77 elementor-widget elementor-widget-heading\" data-id=\"e53be77\" data-element_type=\"widget\" data-e-type=\"widget\" data-widget_type=\"heading.default\">\n\t\t\t\t<div class=\"elementor-widget-container\">\n\t\t\t\t\t<h2 class=\"elementor-heading-title elementor-size-default\">Viticulture<\/h2>\t\t\t\t<\/div>\n\t\t\t\t<\/div>\n\t\t\t\t<div class=\"elementor-element elementor-element-e022eb5 elementor-widget elementor-widget-text-editor\" data-id=\"e022eb5\" data-element_type=\"widget\" data-e-type=\"widget\" data-widget_type=\"text-editor.default\">\n\t\t\t\t<div class=\"elementor-widget-container\">\n\t\t\t\t\t\t\t\t\t<p>Le <strong>Veuve Clicquot R\u00e9serve Cuv\u00e9e Brut &#8211; Carte Jaune <\/strong>est \u00e9labor\u00e9 \u00e0 partir d&rsquo;un assemblage soigneux de :<\/p><ul><li><strong>Pinot Noir (50-55%)<\/strong> \u2013 apportant structure et puissance<\/li><li><strong>Chardonnay (28-33%)<\/strong> \u2013 ajoutant \u00e9l\u00e9gance et fra\u00eecheur<\/li><li><strong>Pinot Meunier (15-20%)<\/strong> \u2013 offrant rondeur et fruit\u00e9<\/li><\/ul><p>Issu de plus de <strong>50 \u00e0 60 crus diff\u00e9rents<\/strong>, avec <strong>40 \u00e0 45 % de vins de r\u00e9serve<\/strong>, cette cuv\u00e9e incarne <a href=\"https:\/\/www.veuveclicquot.com\/fr-fr\/vinetowine.html\">l&rsquo;excellence des vignobles de Veuve Clicquot <\/a>et met en valeur le style unique de la Maison.<\/p>\t\t\t\t\t\t\t\t<\/div>\n\t\t\t\t<\/div>\n\t\t\t\t<div class=\"elementor-element elementor-element-5c2148a elementor-widget elementor-widget-heading\" data-id=\"5c2148a\" data-element_type=\"widget\" data-e-type=\"widget\" data-widget_type=\"heading.default\">\n\t\t\t\t<div class=\"elementor-widget-container\">\n\t\t\t\t\t<h2 class=\"elementor-heading-title elementor-size-default\">Vinification<\/h2>\t\t\t\t<\/div>\n\t\t\t\t<\/div>\n\t\t\t\t<div class=\"elementor-element elementor-element-f24e5a7 elementor-widget elementor-widget-text-editor\" data-id=\"f24e5a7\" data-element_type=\"widget\" data-e-type=\"widget\" data-widget_type=\"text-editor.default\">\n\t\t\t\t<div class=\"elementor-widget-container\">\n\t\t\t\t\t\t\t\t\t<p class=\"p1\">Derri\u00e8re chaque bouteille de <strong>Veuve Clicquot R\u00e9serve Cuv\u00e9e Brut &#8211; Carte Jaune<\/strong> se cache un <a href=\"https:\/\/www.veuveclicquot.com\/fr-fr\/theharvest.html\">processus de vinification m\u00e9ticuleux<\/a>, dirig\u00e9 par le <a href=\"https:\/\/www.terredevins.com\/actualites\/didier-mariotti-nouveau-chef-de-caves-de-veuve-clicquot\"><strong>Chef de Cave de la Maison, Didier Mariotti<\/strong><\/a>.<\/p><p class=\"p1\">La s\u00e9lection rigoureuse des raisins, combin\u00e9e \u00e0 un <strong>vieillissement prolong\u00e9<\/strong> et \u00e0 l&rsquo;utilisation d&rsquo;une <strong>liqueur de dosage unique<\/strong>, conf\u00e8re \u00e0 ce Champagne une profondeur et un caract\u00e8re in\u00e9gal\u00e9s.<\/p><p class=\"p1\">Apr\u00e8s une ann\u00e9e de vieillissement suppl\u00e9mentaire, cette cuv\u00e9e r\u00e9v\u00e8le toute sa complexit\u00e9, avec des <strong>ar\u00f4mes grill\u00e9s <\/strong>et de fruits secs, et une finale ronde et g\u00e9n\u00e9reuse.<\/p>\t\t\t\t\t\t\t\t<\/div>\n\t\t\t\t<\/div>\n\t\t\t\t<div class=\"elementor-element elementor-element-7cae827 elementor-widget elementor-widget-heading\" data-id=\"7cae827\" data-element_type=\"widget\" data-e-type=\"widget\" data-widget_type=\"heading.default\">\n\t\t\t\t<div class=\"elementor-widget-container\">\n\t\t\t\t\t<h2 class=\"elementor-heading-title elementor-size-default\">D\u00e9gustation<\/h2>\t\t\t\t<\/div>\n\t\t\t\t<\/div>\n\t\t\t\t<div class=\"elementor-element elementor-element-bbc90bf elementor-widget elementor-widget-text-editor\" data-id=\"bbc90bf\" data-element_type=\"widget\" data-e-type=\"widget\" data-widget_type=\"text-editor.default\">\n\t\t\t\t<div class=\"elementor-widget-container\">\n\t\t\t\t\t\t\t\t\t<p data-start=\"1136\" data-end=\"1287\"><strong data-start=\"1136\" data-end=\"1197\">Champagne Veuve Clicquot R\u00e9serve Cuv\u00e9e Brut \u2013 Carte Jaune<\/strong> brille par sa robe <strong data-start=\"1217\" data-end=\"1236\">dor\u00e9e \u00e9clatante<\/strong>, anim\u00e9e d\u2019une effervescence fine et persistante.<\/p><p data-start=\"1289\" data-end=\"1470\">Son bouquet aromatique s\u00e9duit imm\u00e9diatement : <strong data-start=\"1335\" data-end=\"1384\">p\u00eache m\u00fbre, abricot juteux et poire croquante<\/strong>, relev\u00e9s par des touches \u00e9l\u00e9gantes de <strong data-start=\"1423\" data-end=\"1467\">vanille, \u00e9pices fines et brioche toast\u00e9e<\/strong>.<\/p><p data-start=\"1472\" data-end=\"1771\">En bouche, cette cuv\u00e9e iconique r\u00e9v\u00e8le toute la signature de la Maison : <strong data-start=\"1545\" data-end=\"1584\">notes grill\u00e9es et toast\u00e9es intenses<\/strong>, parfaitement \u00e9quilibr\u00e9es par des saveurs de <strong data-start=\"1630\" data-end=\"1677\">pralin\u00e9, fruits secs et min\u00e9ralit\u00e9 d\u00e9licate<\/strong>. La texture est <strong data-start=\"1694\" data-end=\"1729\">onctueuse, cr\u00e9meuse et raffin\u00e9e<\/strong>, offrant une profondeur exceptionnelle.<\/p><p data-start=\"1773\" data-end=\"1952\">La finale est <strong data-start=\"1787\" data-end=\"1818\">longue, \u00e9l\u00e9gante et pr\u00e9cise<\/strong>, confirmant le style inimitable de Veuve Clicquot Brut Carte Jaune \u2013 un Champagne d\u2019exception pour c\u00e9l\u00e9brer les plus beaux moments.<\/p><p data-start=\"1954\" data-end=\"2162\"><strong data-start=\"1954\" data-end=\"1977\">Accords mets-vins :<\/strong> sublime avec le <strong data-start=\"1994\" data-end=\"2045\">saumon fum\u00e9, poissons fins, volailles fermi\u00e8res<\/strong> et plats raffin\u00e9s.<br data-start=\"2064\" data-end=\"2067\" \/><strong data-start=\"2067\" data-end=\"2095\">Temp\u00e9rature de service :<\/strong> <strong data-start=\"2096\" data-end=\"2106\">8\u201310\u00b0C<\/strong> pour profiter pleinement de sa complexit\u00e9 aromatique.<\/p>\t\t\t\t\t\t\t\t<\/div>\n\t\t\t\t<\/div>\n\t\t\t\t<div class=\"elementor-element elementor-element-05f00b0 elementor-widget elementor-widget-heading\" data-id=\"05f00b0\" data-element_type=\"widget\" data-e-type=\"widget\" data-widget_type=\"heading.default\">\n\t\t\t\t<div class=\"elementor-widget-container\">\n\t\t\t\t\t<h2 class=\"elementor-heading-title elementor-size-default\">Vous cherchez d'autres marques de Champagne ?<\/h2>\t\t\t\t<\/div>\n\t\t\t\t<\/div>\n\t\t\t\t<div class=\"elementor-element elementor-element-6685dfe elementor-widget elementor-widget-text-editor\" data-id=\"6685dfe\" data-element_type=\"widget\" data-e-type=\"widget\" data-widget_type=\"text-editor.default\">\n\t\t\t\t<div class=\"elementor-widget-container\">\n\t\t\t\t\t\t\t\t\t<p><a href=\"\/?product_cat=champagne-fr\"><strong>D\u00e9couvrez la collection de champagnes prestigieux de Maison Tanase <\/strong><\/a>aux <a href=\"https:\/\/maisontanase.com\/fr\/bien-choisir-son-champagne-guide-occasion\/\"><strong>meilleurs prix<\/strong>, avec un <strong>paiement s\u00e9curis\u00e9<\/strong> et une <strong>livraison internationale rapide<\/strong>.<\/a><\/p>\t\t\t\t\t\t\t\t<\/div>\n\t\t\t\t<\/div>\n\t\t\t\t\t<\/div>\n\t\t<\/div>\n\t\t\t\t\t<\/div>\n\t\t<\/section>\n\t\t\t\t<\/div>\n\t\t","protected":false},"excerpt":{"rendered":"<p data-start=\"92\" data-end=\"223\"><strong data-start=\"92\" data-end=\"221\">Achetez en ligne Champagne Veuve Clicquot R\u00e9serve Cuv\u00e9e Brut \u2013 Carte Jaune, l\u2019ic\u00f4ne intemporelle de la maison Veuve Clicquot.<\/strong><\/p>\n<p data-start=\"225\" data-end=\"429\">D\u00e9couvrez le prestigieux <strong data-start=\"250\" data-end=\"280\">Veuve Clicquot Carte Jaune<\/strong>, cuv\u00e9e d\u2019exception aux <strong data-start=\"304\" data-end=\"389\">ar\u00f4mes intenses de fruits m\u00fbrs, de brioche toast\u00e9e et de subtiles notes vanill\u00e9es<\/strong>, parfaitement \u00e9quilibr\u00e9e et \u00e9l\u00e9gante.<\/p>\n<p data-start=\"431\" data-end=\"605\"><a href=\"https:\/\/maisontanase.com\/fr\/bien-choisir-son-champagne-guide-occasion\/\"><strong data-start=\"431\" data-end=\"512\">Id\u00e9al pour c\u00e9l\u00e9brations, grandes occasions ou accords gastronomiques raffin\u00e9s<\/strong>, ce champagne embl\u00e9matique s\u00e9duit par sa richesse aromatique et son caract\u00e8re sophistiqu\u00e9.<\/a><\/p>\n<p data-start=\"607\" data-end=\"742\"><strong data-start=\"610\" data-end=\"656\">Commandez d\u00e8s maintenant sur Maison Tanase<\/strong> : paiement s\u00e9curis\u00e9 et <strong data-start=\"680\" data-end=\"739\">livraison rapide partout en France et \u00e0 l\u2019international<\/strong>.<\/p>\n<p data-start=\"431\" data-end=\"605\">\ud83d\udc49 <a href=\"https:\/\/maisontanase.com\/fr\/champagne-personnalise-offrez-un-cadeau-unique-et-memorable\/\"><em>D\u00e9couvrez aussi notre <strong>service de champagne sur mesure<\/strong> pour particuliers et professionnels.<\/em><\/a><\/p>\n","protected":false},"featured_media":17153,"comment_status":"open","ping_status":"closed","template":"","meta":[],"product_brand":[],"product_cat":[137,133],"product_tag":[293,430,280,333],"class_list":{"0":"post-17130","1":"product","2":"type-product","3":"status-publish","4":"has-post-thumbnail","6":"product_cat-champagne-pour-toutes-occasions","7":"product_cat-vins-francais","8":"product_tag-brut-fr","9":"product_tag-carte-jaune-fr","10":"product_tag-champagne-fr","11":"product_tag-veuve-clicquot-fr","13":"first","14":"instock","15":"shipping-taxable","16":"purchasable","17":"product-type-simple"},"yoast_head":"<!-- This site is optimized with the Yoast SEO plugin v27.3 - https:\/\/yoast.com\/product\/yoast-seo-wordpress\/ -->\n<title>Achetez Champagne Veuve Clicquot - R\u00e9serve Brut - Carte Jaune<\/title>\n<meta name=\"description\" content=\"Achetez en ligne au meilleur prix Champagne Veuve Clicquot R\u00e9serve Brut Carte Jaune \u2013 iconique, riche et puissant. Livraison rapide. Paiement s\u00e9curis\u00e9.\" \/>\n<meta name=\"robots\" content=\"index, follow, max-snippet:-1, max-image-preview:large, max-video-preview:-1\" \/>\n<link rel=\"canonical\" href=\"https:\/\/maisontanase.com\/fr\/boutique\/vins-francais\/veuve-clicquot-reserve-brut-carte-jaune\/\" \/>\n<meta property=\"og:locale\" content=\"fr_FR\" \/>\n<meta property=\"og:type\" content=\"article\" \/>\n<meta property=\"og:title\" content=\"Achetez Champagne Veuve Clicquot - R\u00e9serve Brut - Carte Jaune\" \/>\n<meta property=\"og:description\" content=\"Achetez en ligne au meilleur prix Champagne Veuve Clicquot R\u00e9serve Brut Carte Jaune \u2013 iconique, riche et puissant. Livraison rapide. Paiement s\u00e9curis\u00e9.\" \/>\n<meta property=\"og:url\" content=\"https:\/\/maisontanase.com\/fr\/boutique\/vins-francais\/veuve-clicquot-reserve-brut-carte-jaune\/\" \/>\n<meta property=\"og:site_name\" content=\"Maison Tanase\" \/>\n<meta property=\"article:modified_time\" content=\"2025-09-29T08:35:39+00:00\" \/>\n<meta property=\"og:image\" content=\"https:\/\/maisontanase.com\/wp-content\/uploads\/2024\/10\/Veuve-Clicquot-reserve-cuvee-brut-bouteille-75cl-maison_tanase_champagne_prix.png\" \/>\n\t<meta property=\"og:image:width\" content=\"1000\" \/>\n\t<meta property=\"og:image:height\" content=\"1000\" \/>\n\t<meta property=\"og:image:type\" content=\"image\/png\" \/>\n<meta name=\"twitter:card\" content=\"summary_large_image\" \/>\n<meta name=\"twitter:title\" content=\"Achetez Champagne Veuve Clicquot - R\u00e9serve Brut - Carte Jaune\" \/>\n<meta name=\"twitter:description\" content=\"Achetez en ligne au meilleur prix Champagne Veuve Clicquot R\u00e9serve Brut Carte Jaune \u2013 iconique, riche et puissant. Livraison rapide. Paiement s\u00e9curis\u00e9.\" \/>\n<meta name=\"twitter:image\" content=\"https:\/\/maisontanase.com\/wp-content\/uploads\/2024\/10\/Veuve-Clicquot-reserve-cuvee-brut-bouteille-75cl-maison_tanase_champagne_prix.png\" \/>\n<meta name=\"twitter:label1\" content=\"Dur\u00e9e de lecture estim\u00e9e\" \/>\n\t<meta name=\"twitter:data1\" content=\"3 minutes\" \/>\n<script type=\"application\/ld+json\" class=\"yoast-schema-graph\">{\"@context\":\"https:\\\/\\\/schema.org\",\"@graph\":[{\"@type\":\"WebPage\",\"@id\":\"https:\\\/\\\/maisontanase.com\\\/fr\\\/boutique\\\/vins-francais\\\/veuve-clicquot-reserve-brut-carte-jaune\\\/\",\"url\":\"https:\\\/\\\/maisontanase.com\\\/fr\\\/boutique\\\/vins-francais\\\/veuve-clicquot-reserve-brut-carte-jaune\\\/\",\"name\":\"Achetez Champagne Veuve Clicquot - R\u00e9serve Brut - Carte Jaune\",\"isPartOf\":{\"@id\":\"https:\\\/\\\/maisontanase.com\\\/fr\\\/#website\"},\"primaryImageOfPage\":{\"@id\":\"https:\\\/\\\/maisontanase.com\\\/fr\\\/boutique\\\/vins-francais\\\/veuve-clicquot-reserve-brut-carte-jaune\\\/#primaryimage\"},\"image\":{\"@id\":\"https:\\\/\\\/maisontanase.com\\\/fr\\\/boutique\\\/vins-francais\\\/veuve-clicquot-reserve-brut-carte-jaune\\\/#primaryimage\"},\"thumbnailUrl\":\"https:\\\/\\\/maisontanase.com\\\/wp-content\\\/uploads\\\/2024\\\/10\\\/Veuve-Clicquot-reserve-cuvee-brut-bouteille-75cl-maison_tanase_champagne_prix.png\",\"datePublished\":\"2024-10-07T11:53:42+00:00\",\"dateModified\":\"2025-09-29T08:35:39+00:00\",\"description\":\"Achetez en ligne au meilleur prix Champagne Veuve Clicquot R\u00e9serve Brut Carte Jaune \u2013 iconique, riche et puissant. Livraison rapide. Paiement s\u00e9curis\u00e9.\",\"breadcrumb\":{\"@id\":\"https:\\\/\\\/maisontanase.com\\\/fr\\\/boutique\\\/vins-francais\\\/veuve-clicquot-reserve-brut-carte-jaune\\\/#breadcrumb\"},\"inLanguage\":\"fr-FR\",\"potentialAction\":[{\"@type\":\"ReadAction\",\"target\":[\"https:\\\/\\\/maisontanase.com\\\/fr\\\/boutique\\\/vins-francais\\\/veuve-clicquot-reserve-brut-carte-jaune\\\/\"]}]},{\"@type\":\"ImageObject\",\"inLanguage\":\"fr-FR\",\"@id\":\"https:\\\/\\\/maisontanase.com\\\/fr\\\/boutique\\\/vins-francais\\\/veuve-clicquot-reserve-brut-carte-jaune\\\/#primaryimage\",\"url\":\"https:\\\/\\\/maisontanase.com\\\/wp-content\\\/uploads\\\/2024\\\/10\\\/Veuve-Clicquot-reserve-cuvee-brut-bouteille-75cl-maison_tanase_champagne_prix.png\",\"contentUrl\":\"https:\\\/\\\/maisontanase.com\\\/wp-content\\\/uploads\\\/2024\\\/10\\\/Veuve-Clicquot-reserve-cuvee-brut-bouteille-75cl-maison_tanase_champagne_prix.png\",\"width\":1000,\"height\":1000,\"caption\":\"Acheter Champagne Veuve Clicquot pas cher online chez Maison Tanase\"},{\"@type\":\"BreadcrumbList\",\"@id\":\"https:\\\/\\\/maisontanase.com\\\/fr\\\/boutique\\\/vins-francais\\\/veuve-clicquot-reserve-brut-carte-jaune\\\/#breadcrumb\",\"itemListElement\":[{\"@type\":\"ListItem\",\"position\":1,\"name\":\"Accueil\",\"item\":\"https:\\\/\\\/maisontanase.com\\\/fr\\\/\"},{\"@type\":\"ListItem\",\"position\":2,\"name\":\"Boutique\",\"item\":\"https:\\\/\\\/maisontanase.com\\\/fr\\\/boutique-en-ligne-maison-tanase\\\/\"},{\"@type\":\"ListItem\",\"position\":3,\"name\":\"Veuve Clicquot R\u00e9serve Brut &#8211; Carte Jaune\"}]},{\"@type\":\"WebSite\",\"@id\":\"https:\\\/\\\/maisontanase.com\\\/fr\\\/#website\",\"url\":\"https:\\\/\\\/maisontanase.com\\\/fr\\\/\",\"name\":\"Maison Tanase\",\"description\":\"Based in Bordeaux, Maison Tanase is a family-run business that produces and sells high-quality wines and spirits. Welcome to our online shop.\",\"publisher\":{\"@id\":\"https:\\\/\\\/maisontanase.com\\\/fr\\\/#organization\"},\"potentialAction\":[{\"@type\":\"SearchAction\",\"target\":{\"@type\":\"EntryPoint\",\"urlTemplate\":\"https:\\\/\\\/maisontanase.com\\\/fr\\\/?s={search_term_string}\"},\"query-input\":{\"@type\":\"PropertyValueSpecification\",\"valueRequired\":true,\"valueName\":\"search_term_string\"}}],\"inLanguage\":\"fr-FR\"},{\"@type\":\"Organization\",\"@id\":\"https:\\\/\\\/maisontanase.com\\\/fr\\\/#organization\",\"name\":\"Maison Tanase\",\"url\":\"https:\\\/\\\/maisontanase.com\\\/fr\\\/\",\"logo\":{\"@type\":\"ImageObject\",\"inLanguage\":\"fr-FR\",\"@id\":\"https:\\\/\\\/maisontanase.com\\\/fr\\\/#\\\/schema\\\/logo\\\/image\\\/\",\"url\":\"https:\\\/\\\/maisontanase.com\\\/wp-content\\\/uploads\\\/2022\\\/05\\\/maison-tanase.jpg\",\"contentUrl\":\"https:\\\/\\\/maisontanase.com\\\/wp-content\\\/uploads\\\/2022\\\/05\\\/maison-tanase.jpg\",\"width\":1200,\"height\":630,\"caption\":\"Maison Tanase\"},\"image\":{\"@id\":\"https:\\\/\\\/maisontanase.com\\\/fr\\\/#\\\/schema\\\/logo\\\/image\\\/\"}}]}<\/script>\n<!-- \/ Yoast SEO plugin. -->","yoast_head_json":{"title":"Achetez Champagne Veuve Clicquot - R\u00e9serve Brut - Carte Jaune","description":"Achetez en ligne au meilleur prix Champagne Veuve Clicquot R\u00e9serve Brut Carte Jaune \u2013 iconique, riche et puissant. Livraison rapide. Paiement s\u00e9curis\u00e9.","robots":{"index":"index","follow":"follow","max-snippet":"max-snippet:-1","max-image-preview":"max-image-preview:large","max-video-preview":"max-video-preview:-1"},"canonical":"https:\/\/maisontanase.com\/fr\/boutique\/vins-francais\/veuve-clicquot-reserve-brut-carte-jaune\/","og_locale":"fr_FR","og_type":"article","og_title":"Achetez Champagne Veuve Clicquot - R\u00e9serve Brut - Carte Jaune","og_description":"Achetez en ligne au meilleur prix Champagne Veuve Clicquot R\u00e9serve Brut Carte Jaune \u2013 iconique, riche et puissant. Livraison rapide. Paiement s\u00e9curis\u00e9.","og_url":"https:\/\/maisontanase.com\/fr\/boutique\/vins-francais\/veuve-clicquot-reserve-brut-carte-jaune\/","og_site_name":"Maison Tanase","article_modified_time":"2025-09-29T08:35:39+00:00","og_image":[{"width":1000,"height":1000,"url":"https:\/\/maisontanase.com\/wp-content\/uploads\/2024\/10\/Veuve-Clicquot-reserve-cuvee-brut-bouteille-75cl-maison_tanase_champagne_prix.png","type":"image\/png"}],"twitter_card":"summary_large_image","twitter_title":"Achetez Champagne Veuve Clicquot - R\u00e9serve Brut - Carte Jaune","twitter_description":"Achetez en ligne au meilleur prix Champagne Veuve Clicquot R\u00e9serve Brut Carte Jaune \u2013 iconique, riche et puissant. Livraison rapide. Paiement s\u00e9curis\u00e9.","twitter_image":"https:\/\/maisontanase.com\/wp-content\/uploads\/2024\/10\/Veuve-Clicquot-reserve-cuvee-brut-bouteille-75cl-maison_tanase_champagne_prix.png","twitter_misc":{"Dur\u00e9e de lecture estim\u00e9e":"3 minutes"},"schema":{"@context":"https:\/\/schema.org","@graph":[{"@type":"WebPage","@id":"https:\/\/maisontanase.com\/fr\/boutique\/vins-francais\/veuve-clicquot-reserve-brut-carte-jaune\/","url":"https:\/\/maisontanase.com\/fr\/boutique\/vins-francais\/veuve-clicquot-reserve-brut-carte-jaune\/","name":"Achetez Champagne Veuve Clicquot - R\u00e9serve Brut - Carte Jaune","isPartOf":{"@id":"https:\/\/maisontanase.com\/fr\/#website"},"primaryImageOfPage":{"@id":"https:\/\/maisontanase.com\/fr\/boutique\/vins-francais\/veuve-clicquot-reserve-brut-carte-jaune\/#primaryimage"},"image":{"@id":"https:\/\/maisontanase.com\/fr\/boutique\/vins-francais\/veuve-clicquot-reserve-brut-carte-jaune\/#primaryimage"},"thumbnailUrl":"https:\/\/maisontanase.com\/wp-content\/uploads\/2024\/10\/Veuve-Clicquot-reserve-cuvee-brut-bouteille-75cl-maison_tanase_champagne_prix.png","datePublished":"2024-10-07T11:53:42+00:00","dateModified":"2025-09-29T08:35:39+00:00","description":"Achetez en ligne au meilleur prix Champagne Veuve Clicquot R\u00e9serve Brut Carte Jaune \u2013 iconique, riche et puissant. Livraison rapide. Paiement s\u00e9curis\u00e9.","breadcrumb":{"@id":"https:\/\/maisontanase.com\/fr\/boutique\/vins-francais\/veuve-clicquot-reserve-brut-carte-jaune\/#breadcrumb"},"inLanguage":"fr-FR","potentialAction":[{"@type":"ReadAction","target":["https:\/\/maisontanase.com\/fr\/boutique\/vins-francais\/veuve-clicquot-reserve-brut-carte-jaune\/"]}]},{"@type":"ImageObject","inLanguage":"fr-FR","@id":"https:\/\/maisontanase.com\/fr\/boutique\/vins-francais\/veuve-clicquot-reserve-brut-carte-jaune\/#primaryimage","url":"https:\/\/maisontanase.com\/wp-content\/uploads\/2024\/10\/Veuve-Clicquot-reserve-cuvee-brut-bouteille-75cl-maison_tanase_champagne_prix.png","contentUrl":"https:\/\/maisontanase.com\/wp-content\/uploads\/2024\/10\/Veuve-Clicquot-reserve-cuvee-brut-bouteille-75cl-maison_tanase_champagne_prix.png","width":1000,"height":1000,"caption":"Acheter Champagne Veuve Clicquot pas cher online chez Maison Tanase"},{"@type":"BreadcrumbList","@id":"https:\/\/maisontanase.com\/fr\/boutique\/vins-francais\/veuve-clicquot-reserve-brut-carte-jaune\/#breadcrumb","itemListElement":[{"@type":"ListItem","position":1,"name":"Accueil","item":"https:\/\/maisontanase.com\/fr\/"},{"@type":"ListItem","position":2,"name":"Boutique","item":"https:\/\/maisontanase.com\/fr\/boutique-en-ligne-maison-tanase\/"},{"@type":"ListItem","position":3,"name":"Veuve Clicquot R\u00e9serve Brut &#8211; Carte Jaune"}]},{"@type":"WebSite","@id":"https:\/\/maisontanase.com\/fr\/#website","url":"https:\/\/maisontanase.com\/fr\/","name":"Maison Tanase","description":"Based in Bordeaux, Maison Tanase is a family-run business that produces and sells high-quality wines and spirits. Welcome to our online shop.","publisher":{"@id":"https:\/\/maisontanase.com\/fr\/#organization"},"potentialAction":[{"@type":"SearchAction","target":{"@type":"EntryPoint","urlTemplate":"https:\/\/maisontanase.com\/fr\/?s={search_term_string}"},"query-input":{"@type":"PropertyValueSpecification","valueRequired":true,"valueName":"search_term_string"}}],"inLanguage":"fr-FR"},{"@type":"Organization","@id":"https:\/\/maisontanase.com\/fr\/#organization","name":"Maison Tanase","url":"https:\/\/maisontanase.com\/fr\/","logo":{"@type":"ImageObject","inLanguage":"fr-FR","@id":"https:\/\/maisontanase.com\/fr\/#\/schema\/logo\/image\/","url":"https:\/\/maisontanase.com\/wp-content\/uploads\/2022\/05\/maison-tanase.jpg","contentUrl":"https:\/\/maisontanase.com\/wp-content\/uploads\/2022\/05\/maison-tanase.jpg","width":1200,"height":630,"caption":"Maison Tanase"},"image":{"@id":"https:\/\/maisontanase.com\/fr\/#\/schema\/logo\/image\/"}}]}},"_links":{"self":[{"href":"https:\/\/maisontanase.com\/fr\/wp-json\/wp\/v2\/product\/17130","targetHints":{"allow":["GET"]}}],"collection":[{"href":"https:\/\/maisontanase.com\/fr\/wp-json\/wp\/v2\/product"}],"about":[{"href":"https:\/\/maisontanase.com\/fr\/wp-json\/wp\/v2\/types\/product"}],"replies":[{"embeddable":true,"href":"https:\/\/maisontanase.com\/fr\/wp-json\/wp\/v2\/comments?post=17130"}],"version-history":[{"count":21,"href":"https:\/\/maisontanase.com\/fr\/wp-json\/wp\/v2\/product\/17130\/revisions"}],"predecessor-version":[{"id":19346,"href":"https:\/\/maisontanase.com\/fr\/wp-json\/wp\/v2\/product\/17130\/revisions\/19346"}],"wp:featuredmedia":[{"embeddable":true,"href":"https:\/\/maisontanase.com\/fr\/wp-json\/wp\/v2\/media\/17153"}],"wp:attachment":[{"href":"https:\/\/maisontanase.com\/fr\/wp-json\/wp\/v2\/media?parent=17130"}],"wp:term":[{"taxonomy":"product_brand","embeddable":true,"href":"https:\/\/maisontanase.com\/fr\/wp-json\/wp\/v2\/product_brand?post=17130"},{"taxonomy":"product_cat","embeddable":true,"href":"https:\/\/maisontanase.com\/fr\/wp-json\/wp\/v2\/product_cat?post=17130"},{"taxonomy":"product_tag","embeddable":true,"href":"https:\/\/maisontanase.com\/fr\/wp-json\/wp\/v2\/product_tag?post=17130"}],"curies":[{"name":"wp","href":"https:\/\/api.w.org\/{rel}","templated":true}]}}