
{"id":17123,"date":"2024-10-04T16:13:50","date_gmt":"2024-10-04T14:13:50","guid":{"rendered":"https:\/\/maisontanase.com\/?post_type=product&#038;p=17123"},"modified":"2025-12-19T15:27:18","modified_gmt":"2025-12-19T14:27:18","slug":"moet-chandon-reserve-imperiale-brut","status":"publish","type":"product","link":"https:\/\/maisontanase.com\/fr\/boutique\/vins-francais\/moet-chandon-reserve-imperiale-brut\/","title":{"rendered":"Mo\u00ebt  Chandon \u2013 R\u00e9serve Imp\u00e9riale Brut"},"content":{"rendered":"\t\t<div data-elementor-type=\"wp-post\" data-elementor-id=\"17123\" class=\"elementor elementor-17123 elementor-17112\">\n\t\t\t\t\t\t<section class=\"elementor-section elementor-top-section elementor-element elementor-element-dfcbcc4 elementor-section-boxed elementor-section-height-default elementor-section-height-default\" data-id=\"dfcbcc4\" data-element_type=\"section\" data-e-type=\"section\" data-settings=\"{&quot;pix_scale_in&quot;:&quot;none&quot;}\">\n\t\t\t\t\t\t<div class=\"elementor-container elementor-column-gap-default\">\n\t\t\t\t\t<div class=\"elementor-column elementor-col-100 elementor-top-column elementor-element elementor-element-f0839c7\" data-id=\"f0839c7\" data-element_type=\"column\" data-e-type=\"column\" data-settings=\"{&quot;pix_scale_in&quot;:&quot;none&quot;}\">\n\t\t\t<div class=\"elementor-widget-wrap elementor-element-populated\">\n\t\t\t\t\t\t<div class=\"elementor-element elementor-element-121adfd elementor-widget elementor-widget-text-editor\" data-id=\"121adfd\" data-element_type=\"widget\" data-e-type=\"widget\" data-widget_type=\"text-editor.default\">\n\t\t\t\t<div class=\"elementor-widget-container\">\n\t\t\t\t\t\t\t\t\t<p class=\"p1\"><strong>Achetez en ligne le Champagne Mo\u00ebt Chandon R\u00e9serve Imp\u00e9riale Brut <\/strong>&#8211; un vin effervescent embl\u00e9matique \u00e0 la robe jaune paille dor\u00e9e et aux reflets verts, offrant un bouquet vibrant de pomme verte, d&rsquo;agrumes frais et de d\u00e9licates notes florales.<\/p><p class=\"p1\">Cette <strong>cuv\u00e9e de prestige <\/strong>est un choix exceptionnel pour les amateurs de <strong>champagne de luxe<\/strong> qui appr\u00e9cient la richesse et la complexit\u00e9 des grands champagnes.<\/p>\t\t\t\t\t\t\t\t<\/div>\n\t\t\t\t<\/div>\n\t\t\t\t<div class=\"elementor-element elementor-element-a9fd3c9 elementor-widget elementor-widget-heading\" data-id=\"a9fd3c9\" data-element_type=\"widget\" data-e-type=\"widget\" data-widget_type=\"heading.default\">\n\t\t\t\t<div class=\"elementor-widget-container\">\n\t\t\t\t\t<h2 class=\"elementor-heading-title elementor-size-default\">Histoire<\/h2>\t\t\t\t<\/div>\n\t\t\t\t<\/div>\n\t\t\t\t<div class=\"elementor-element elementor-element-f4eeb0a elementor-widget elementor-widget-text-editor\" data-id=\"f4eeb0a\" data-element_type=\"widget\" data-e-type=\"widget\" data-widget_type=\"text-editor.default\">\n\t\t\t\t<div class=\"elementor-widget-container\">\n\t\t\t\t\t\t\t\t\t<p><strong>Fond\u00e9e en 1743<\/strong>, <a href=\"https:\/\/www.lvmh.com\/fr\/nos-maisons\/vins-spiritueux\/moet--chandon\"><strong>Mo\u00ebt Chandon<\/strong> est l&rsquo;une des maisons de Champagne <strong>les plus prestigieuses au monde<\/strong><\/a>, r\u00e9put\u00e9e pour son artisanat d&rsquo;exception et son h\u00e9ritage riche. En tant que maison de <strong>Champagne la plus recherch\u00e9e et la plus vendue \u00e0 l&rsquo;\u00e9chelle mondiale<\/strong>, <strong>Mo\u00ebt Chandon repr\u00e9sente l&rsquo;apog\u00e9e du luxe et de la sophistication.<\/strong> <\/p><p><strong>L\u2019iconique<\/strong> <strong>Mo\u00ebt Imp\u00e9rial<\/strong>, lanc\u00e9 en <strong>1869<\/strong>, incarne le <strong>style signature de la maison<\/strong>, caract\u00e9ris\u00e9 par son fruit\u00e9 \u00e9clatant, ses ar\u00f4mes s\u00e9duisants et son \u00e9l\u00e9gante maturit\u00e9. Gr\u00e2ce \u00e0 son engagement constant envers l&rsquo;innovation, <span style=\"text-decoration: underline;\">Mo\u00ebt Chandon demeure un leader incontest\u00e9 de l&rsquo;industrie du Champagne<\/span>, assurant que chaque bouteille offre une exp\u00e9rience luxueuse et exquise. <\/p><p>En choisissant <a href=\"https:\/\/www.champagne.fr\/fr\/moet-et-chandon\"><strong>Mo\u00ebt Chandon<\/strong><\/a>, vous ne s\u00e9lectionnez pas simplement un Champagne; vous adoptez un <strong>h\u00e9ritage de c\u00e9l\u00e9bration et d&rsquo;excellence<\/strong> qui a su captiver les amateurs de Champagne dans le monde entier. D\u00e9couvrez l&rsquo;\u00e9l\u00e9gance et la magie de Mo\u00ebt Chandon d\u00e8s aujourd\u2019hui! <\/p>\t\t\t\t\t\t\t\t<\/div>\n\t\t\t\t<\/div>\n\t\t\t\t<div class=\"elementor-element elementor-element-e53be77 elementor-widget elementor-widget-heading\" data-id=\"e53be77\" data-element_type=\"widget\" data-e-type=\"widget\" data-widget_type=\"heading.default\">\n\t\t\t\t<div class=\"elementor-widget-container\">\n\t\t\t\t\t<h2 class=\"elementor-heading-title elementor-size-default\">Viticulture<\/h2>\t\t\t\t<\/div>\n\t\t\t\t<\/div>\n\t\t\t\t<div class=\"elementor-element elementor-element-e022eb5 elementor-widget elementor-widget-text-editor\" data-id=\"e022eb5\" data-element_type=\"widget\" data-e-type=\"widget\" data-widget_type=\"text-editor.default\">\n\t\t\t\t<div class=\"elementor-widget-container\">\n\t\t\t\t\t\t\t\t\t<p>Le <strong>Mo\u00ebt  Chandon R\u00e9serve Imp\u00e9riale Brut<\/strong> est \u00e9labor\u00e9 \u00e0 partir d&rsquo;un assemblage harmonieux de raisins provenant des c\u00e9pages suivants :<\/p><ul><li><strong>Pinot Noir (30-40%)<\/strong><\/li><li><strong>Pinot Meunier (30-40%)<\/strong><\/li><li><strong>Chardonnay (20-30%).<\/strong> Ces raisins sont soigneusement s\u00e9lectionn\u00e9s dans les cinq principales r\u00e9gions viticoles de Champagne.<\/li><\/ul><p>Gr\u00e2ce \u00e0 un acc\u00e8s \u00e0 environ <strong>200 crus<\/strong>, incluant <strong>17 grands crus<\/strong> et <strong>32 premiers crus<\/strong>, la Maison garantit une s\u00e9lection diversifi\u00e9e qui enrichit la <strong>complexit\u00e9<\/strong> et le <strong>caract\u00e8re<\/strong> de cette cuv\u00e9e embl\u00e9matique.<\/p>\t\t\t\t\t\t\t\t<\/div>\n\t\t\t\t<\/div>\n\t\t\t\t<div class=\"elementor-element elementor-element-5c2148a elementor-widget elementor-widget-heading\" data-id=\"5c2148a\" data-element_type=\"widget\" data-e-type=\"widget\" data-widget_type=\"heading.default\">\n\t\t\t\t<div class=\"elementor-widget-container\">\n\t\t\t\t\t<h2 class=\"elementor-heading-title elementor-size-default\">Vinification<\/h2>\t\t\t\t<\/div>\n\t\t\t\t<\/div>\n\t\t\t\t<div class=\"elementor-element elementor-element-f24e5a7 elementor-widget elementor-widget-text-editor\" data-id=\"f24e5a7\" data-element_type=\"widget\" data-e-type=\"widget\" data-widget_type=\"text-editor.default\">\n\t\t\t\t<div class=\"elementor-widget-container\">\n\t\t\t\t\t\t\t\t\t<p class=\"p1\">Le processus de vinification du <b>Mo\u00ebt Chandon R\u00e9serve Imp\u00e9riale Brut<\/b> commence par une r\u00e9colte manuelle m\u00e9ticuleuse, garantissant que seuls les meilleurs raisins sont s\u00e9lectionn\u00e9s.<\/p><p class=\"p1\">Sous l&rsquo;expertise du <b>Chef de Cave Beno\u00eet Gouez<\/b>, l&rsquo;assemblage comprend <strong>plus de 100 vins diff\u00e9rents<\/strong>, avec l&rsquo;ajout de <strong>20 \u00e0 30 % de vins de r\u00e9serve<\/strong> pour renforcer la profondeur et la constance de la cuv\u00e9e.<br>Apr\u00e8s un pressurage d\u00e9licat, le mo\u00fbt subit une fermentation contr\u00f4l\u00e9e en temp\u00e9rature, suivi d&rsquo;un <strong>vieillissement en cave pendant 30 mois<\/strong>, permettant ainsi de d\u00e9velopper le style distinctif de ce Champagne. Avec un dosage de 7 \u00e0 9 g\/L, le Mo\u00ebt Chandon R\u00e9serve Imp\u00e9riale Brut atteint un \u00e9quilibre parfait entre richesse et fraicheur.  <\/p><p class=\"p1\"><a href=\"https:\/\/www.moet.com\/en-gb\/unique-savoir-faire\"><strong>L&rsquo;engagement de Beno\u00eet Gouez<\/strong><\/a> pour l&rsquo;artisanat et sa compr\u00e9hension approfondie du terroir unique de Champagne garantissent que chaque bouteille de Mo\u00ebt Chandon refl\u00e8te l&rsquo;h\u00e9ritage prestigieux de la Maison et sa qualit\u00e9 exceptionnelle.<\/p>\t\t\t\t\t\t\t\t<\/div>\n\t\t\t\t<\/div>\n\t\t\t\t<div class=\"elementor-element elementor-element-7cae827 elementor-widget elementor-widget-heading\" data-id=\"7cae827\" data-element_type=\"widget\" data-e-type=\"widget\" data-widget_type=\"heading.default\">\n\t\t\t\t<div class=\"elementor-widget-container\">\n\t\t\t\t\t<h2 class=\"elementor-heading-title elementor-size-default\">D\u00e9gustation<\/h2>\t\t\t\t<\/div>\n\t\t\t\t<\/div>\n\t\t\t\t<div class=\"elementor-element elementor-element-bbc90bf elementor-widget elementor-widget-text-editor\" data-id=\"bbc90bf\" data-element_type=\"widget\" data-e-type=\"widget\" data-widget_type=\"text-editor.default\">\n\t\t\t\t<div class=\"elementor-widget-container\">\n\t\t\t\t\t\t\t\t\t<p><strong>Mo\u00ebt Chandon R\u00e9serve Imp\u00e9riale Brut<\/strong> r\u00e9v\u00e8le une \u00e9l\u00e9gante <span style=\"text-decoration: underline;\">robe<\/span> jaune paille dor\u00e9e avec des reflets verts scintillants.<\/p><p>Le <span style=\"text-decoration: underline;\">nez<\/span> est enivr\u00e9 par des ar\u00f4mes vibrants de pomme verte, de fruits agrumes, ainsi que des notes d\u00e9licates de brioche et de noix fra\u00eeches.<\/p><p>En <span style=\"text-decoration: underline;\">bouche<\/span>, ce Champagne d\u00e9voile un agr\u00e9able jeu entre des fruits \u00e0 chair blanche comme la <strong>poire<\/strong> et la <strong>p\u00eache<\/strong>, associ\u00e9s \u00e0 la fra\u00eecheur vive des agrumes et aux nuances de <strong>groseille<\/strong>. Les bulles fines caressent le palais, menant \u00e0 une <span style=\"text-decoration: underline;\">finale <\/span>longue et \u00e9l\u00e9gante. <\/p><p><strong>Parfait<\/strong> en ap\u00e9ritif ou accompagn\u00e9 de fruits de mer, il s&rsquo;accorde id\u00e9alement avec des plats tels que des hu\u00eetres, des crevettes grill\u00e9es ou des p\u00e2tes cr\u00e9meuses.<br><strong>\u00c0 d\u00e9guster frais<\/strong>, <a href=\"https:\/\/www.moet.com\/en-gb\/the-perfect-serve\">\u00e0 environ 8\u00b0C.<\/a> <br><strong>(Servir en dessous de cette temp\u00e9rature peut att\u00e9nuer l&rsquo;intensit\u00e9 aromatique du vin.)<\/strong> <\/p><p>***<\/p><p>***<br>Vous cherchez d&rsquo;autres marques de Champagne ?<br><a href=\"\/?product_cat=champagne-fr\"><strong>D\u00e9couvrez la collection de champagnes prestigieux de Maison Tanase <\/strong><\/a>aux <strong>meilleurs prix<\/strong>, avec un <strong>paiement s\u00e9curis\u00e9<\/strong> et une <strong>livraison internationale rapide<\/strong>.<\/p>\t\t\t\t\t\t\t\t<\/div>\n\t\t\t\t<\/div>\n\t\t\t\t\t<\/div>\n\t\t<\/div>\n\t\t\t\t\t<\/div>\n\t\t<\/section>\n\t\t\t\t<\/div>\n\t\t","protected":false},"excerpt":{"rendered":"<p class=\"p1\"><b>Achetez Mo\u00ebt  Chandon R\u00e9serve Imp\u00e9riale Brut 75 cl en ligne<\/b><\/p>\n<p class=\"p1\">D\u00e9couvrez le prestigieux <b>Mo\u00ebt &amp; Chandon R\u00e9serve Imp\u00e9riale Brut<\/b>, un champagne d\u2019exception aux notes \u00e9clatantes d\u2019agrumes et de fruits blancs, subtilement relev\u00e9es par de d\u00e9licates touches toast\u00e9es.<br \/>\n<strong>Id\u00e9al pour les grandes c\u00e9l\u00e9brations, un d\u00eener romantique ou des accords gastronomiques raffin\u00e9s<\/strong>, cette <strong>cuv\u00e9e iconique<\/strong> incarne l\u2019\u00e9l\u00e9gance intemporelle de la Maison Mo\u00ebt &amp; Chandon.<\/p>\n<p class=\"p1\"><b>Commandez maintenant \u00e0 un prix exceptionnel et b\u00e9n\u00e9ficiez d\u2019une livraison rapide et s\u00e9curis\u00e9e avec Maison Tanase !<\/b><\/p>\n","protected":false},"featured_media":17151,"comment_status":"open","ping_status":"closed","template":"","meta":[],"product_brand":[],"product_cat":[137,133],"product_tag":[293,280,331],"class_list":{"0":"post-17123","1":"product","2":"type-product","3":"status-publish","4":"has-post-thumbnail","6":"product_cat-champagne-pour-toutes-occasions","7":"product_cat-vins-francais","8":"product_tag-brut-fr","9":"product_tag-champagne-fr","10":"product_tag-moet-chandon-fr","12":"first","13":"instock","14":"shipping-taxable","15":"purchasable","16":"product-type-simple"},"yoast_head":"<!-- This site is optimized with the Yoast SEO plugin v27.3 - https:\/\/yoast.com\/product\/yoast-seo-wordpress\/ -->\n<title>Achetez Mo\u00ebt Chandon R\u00e9serve Imp\u00e9riale Brut \u2013 Champagne - 75cl<\/title>\n<meta name=\"description\" content=\"Achetez Mo\u00ebt Chandon R\u00e9serve Imp\u00e9riale Brut 75 cl en ligne au meilleur prix - champagne iconique, \u00e9l\u00e9gant et fruit\u00e9, parfait pour toutes vos c\u00e9l\u00e9brations.\" \/>\n<meta name=\"robots\" content=\"index, follow, max-snippet:-1, max-image-preview:large, max-video-preview:-1\" \/>\n<link rel=\"canonical\" href=\"https:\/\/maisontanase.com\/fr\/boutique\/vins-francais\/moet-chandon-reserve-imperiale-brut\/\" \/>\n<meta property=\"og:locale\" content=\"fr_FR\" \/>\n<meta property=\"og:type\" content=\"article\" \/>\n<meta property=\"og:title\" content=\"Champagne Mo\u00ebt &amp; Chandon - R\u00e9serve Imp\u00e9riale Brut - 75 cl - Maison Tanase\" \/>\n<meta property=\"og:description\" content=\"Achetez Mo\u00ebt Chandon R\u00e9serve Imp\u00e9riale Brut 75 cl en ligne au meilleur prix - champagne iconique, \u00e9l\u00e9gant et fruit\u00e9, parfait pour toutes vos c\u00e9l\u00e9brations.\" \/>\n<meta property=\"og:url\" content=\"https:\/\/maisontanase.com\/fr\/boutique\/vins-francais\/moet-chandon-reserve-imperiale-brut\/\" \/>\n<meta property=\"og:site_name\" content=\"Maison Tanase\" \/>\n<meta property=\"article:modified_time\" content=\"2025-12-19T14:27:18+00:00\" \/>\n<meta property=\"og:image\" content=\"https:\/\/maisontanase.com\/wp-content\/uploads\/2024\/10\/Moet-Chandon-Reserve-Imperial-bouteille-75cl-maison-tanase.png\" \/>\n\t<meta property=\"og:image:width\" content=\"1000\" \/>\n\t<meta property=\"og:image:height\" content=\"1000\" \/>\n\t<meta property=\"og:image:type\" content=\"image\/png\" \/>\n<meta name=\"twitter:card\" content=\"summary_large_image\" \/>\n<meta name=\"twitter:title\" content=\"Champagne Mo\u00ebt &amp; Chandon - R\u00e9serve Imp\u00e9riale Brut - 75 cl - Maison Tanase\" \/>\n<meta name=\"twitter:description\" content=\"Achetez Mo\u00ebt Chandon R\u00e9serve Imp\u00e9riale Brut 75 cl en ligne au meilleur prix - champagne iconique, \u00e9l\u00e9gant et fruit\u00e9, parfait pour toutes vos c\u00e9l\u00e9brations.\" \/>\n<meta name=\"twitter:image\" content=\"https:\/\/maisontanase.com\/wp-content\/uploads\/2024\/10\/Moet-Chandon-Reserve-Imperial-bouteille-75cl-maison-tanase.png\" \/>\n<meta name=\"twitter:label1\" content=\"Dur\u00e9e de lecture estim\u00e9e\" \/>\n\t<meta name=\"twitter:data1\" content=\"3 minutes\" \/>\n<script type=\"application\/ld+json\" class=\"yoast-schema-graph\">{\"@context\":\"https:\\\/\\\/schema.org\",\"@graph\":[{\"@type\":\"WebPage\",\"@id\":\"https:\\\/\\\/maisontanase.com\\\/fr\\\/boutique\\\/vins-francais\\\/moet-chandon-reserve-imperiale-brut\\\/\",\"url\":\"https:\\\/\\\/maisontanase.com\\\/fr\\\/boutique\\\/vins-francais\\\/moet-chandon-reserve-imperiale-brut\\\/\",\"name\":\"Achetez Mo\u00ebt Chandon R\u00e9serve Imp\u00e9riale Brut \u2013 Champagne - 75cl\",\"isPartOf\":{\"@id\":\"https:\\\/\\\/maisontanase.com\\\/fr\\\/#website\"},\"primaryImageOfPage\":{\"@id\":\"https:\\\/\\\/maisontanase.com\\\/fr\\\/boutique\\\/vins-francais\\\/moet-chandon-reserve-imperiale-brut\\\/#primaryimage\"},\"image\":{\"@id\":\"https:\\\/\\\/maisontanase.com\\\/fr\\\/boutique\\\/vins-francais\\\/moet-chandon-reserve-imperiale-brut\\\/#primaryimage\"},\"thumbnailUrl\":\"https:\\\/\\\/maisontanase.com\\\/wp-content\\\/uploads\\\/2024\\\/10\\\/Moet-Chandon-Reserve-Imperial-bouteille-75cl-maison-tanase.png\",\"datePublished\":\"2024-10-04T14:13:50+00:00\",\"dateModified\":\"2025-12-19T14:27:18+00:00\",\"description\":\"Achetez Mo\u00ebt Chandon R\u00e9serve Imp\u00e9riale Brut 75 cl en ligne au meilleur prix - champagne iconique, \u00e9l\u00e9gant et fruit\u00e9, parfait pour toutes vos c\u00e9l\u00e9brations.\",\"breadcrumb\":{\"@id\":\"https:\\\/\\\/maisontanase.com\\\/fr\\\/boutique\\\/vins-francais\\\/moet-chandon-reserve-imperiale-brut\\\/#breadcrumb\"},\"inLanguage\":\"fr-FR\",\"potentialAction\":[{\"@type\":\"ReadAction\",\"target\":[\"https:\\\/\\\/maisontanase.com\\\/fr\\\/boutique\\\/vins-francais\\\/moet-chandon-reserve-imperiale-brut\\\/\"]}]},{\"@type\":\"ImageObject\",\"inLanguage\":\"fr-FR\",\"@id\":\"https:\\\/\\\/maisontanase.com\\\/fr\\\/boutique\\\/vins-francais\\\/moet-chandon-reserve-imperiale-brut\\\/#primaryimage\",\"url\":\"https:\\\/\\\/maisontanase.com\\\/wp-content\\\/uploads\\\/2024\\\/10\\\/Moet-Chandon-Reserve-Imperial-bouteille-75cl-maison-tanase.png\",\"contentUrl\":\"https:\\\/\\\/maisontanase.com\\\/wp-content\\\/uploads\\\/2024\\\/10\\\/Moet-Chandon-Reserve-Imperial-bouteille-75cl-maison-tanase.png\",\"width\":1000,\"height\":1000,\"caption\":\"Achetez Mo\u00ebt &amp; Chandon R\u00e9serve Imp\u00e9riale Brut 75cl en ligne\u2013 Premium Champagne disponible chez Maison Tanase avec livraison rapide et paiement s\u00e9curis\u00e9.\"},{\"@type\":\"BreadcrumbList\",\"@id\":\"https:\\\/\\\/maisontanase.com\\\/fr\\\/boutique\\\/vins-francais\\\/moet-chandon-reserve-imperiale-brut\\\/#breadcrumb\",\"itemListElement\":[{\"@type\":\"ListItem\",\"position\":1,\"name\":\"Accueil\",\"item\":\"https:\\\/\\\/maisontanase.com\\\/fr\\\/\"},{\"@type\":\"ListItem\",\"position\":2,\"name\":\"Boutique\",\"item\":\"https:\\\/\\\/maisontanase.com\\\/fr\\\/boutique-en-ligne-maison-tanase\\\/\"},{\"@type\":\"ListItem\",\"position\":3,\"name\":\"Mo\u00ebt Chandon \u2013 R\u00e9serve Imp\u00e9riale Brut\"}]},{\"@type\":\"WebSite\",\"@id\":\"https:\\\/\\\/maisontanase.com\\\/fr\\\/#website\",\"url\":\"https:\\\/\\\/maisontanase.com\\\/fr\\\/\",\"name\":\"Maison Tanase\",\"description\":\"Based in Bordeaux, Maison Tanase is a family-run business that produces and sells high-quality wines and spirits. Welcome to our online shop.\",\"publisher\":{\"@id\":\"https:\\\/\\\/maisontanase.com\\\/fr\\\/#organization\"},\"potentialAction\":[{\"@type\":\"SearchAction\",\"target\":{\"@type\":\"EntryPoint\",\"urlTemplate\":\"https:\\\/\\\/maisontanase.com\\\/fr\\\/?s={search_term_string}\"},\"query-input\":{\"@type\":\"PropertyValueSpecification\",\"valueRequired\":true,\"valueName\":\"search_term_string\"}}],\"inLanguage\":\"fr-FR\"},{\"@type\":\"Organization\",\"@id\":\"https:\\\/\\\/maisontanase.com\\\/fr\\\/#organization\",\"name\":\"Maison Tanase\",\"url\":\"https:\\\/\\\/maisontanase.com\\\/fr\\\/\",\"logo\":{\"@type\":\"ImageObject\",\"inLanguage\":\"fr-FR\",\"@id\":\"https:\\\/\\\/maisontanase.com\\\/fr\\\/#\\\/schema\\\/logo\\\/image\\\/\",\"url\":\"https:\\\/\\\/maisontanase.com\\\/wp-content\\\/uploads\\\/2022\\\/05\\\/maison-tanase.jpg\",\"contentUrl\":\"https:\\\/\\\/maisontanase.com\\\/wp-content\\\/uploads\\\/2022\\\/05\\\/maison-tanase.jpg\",\"width\":1200,\"height\":630,\"caption\":\"Maison Tanase\"},\"image\":{\"@id\":\"https:\\\/\\\/maisontanase.com\\\/fr\\\/#\\\/schema\\\/logo\\\/image\\\/\"}}]}<\/script>\n<!-- \/ Yoast SEO plugin. -->","yoast_head_json":{"title":"Achetez Mo\u00ebt Chandon R\u00e9serve Imp\u00e9riale Brut \u2013 Champagne - 75cl","description":"Achetez Mo\u00ebt Chandon R\u00e9serve Imp\u00e9riale Brut 75 cl en ligne au meilleur prix - champagne iconique, \u00e9l\u00e9gant et fruit\u00e9, parfait pour toutes vos c\u00e9l\u00e9brations.","robots":{"index":"index","follow":"follow","max-snippet":"max-snippet:-1","max-image-preview":"max-image-preview:large","max-video-preview":"max-video-preview:-1"},"canonical":"https:\/\/maisontanase.com\/fr\/boutique\/vins-francais\/moet-chandon-reserve-imperiale-brut\/","og_locale":"fr_FR","og_type":"article","og_title":"Champagne Mo\u00ebt & Chandon - R\u00e9serve Imp\u00e9riale Brut - 75 cl - Maison Tanase","og_description":"Achetez Mo\u00ebt Chandon R\u00e9serve Imp\u00e9riale Brut 75 cl en ligne au meilleur prix - champagne iconique, \u00e9l\u00e9gant et fruit\u00e9, parfait pour toutes vos c\u00e9l\u00e9brations.","og_url":"https:\/\/maisontanase.com\/fr\/boutique\/vins-francais\/moet-chandon-reserve-imperiale-brut\/","og_site_name":"Maison Tanase","article_modified_time":"2025-12-19T14:27:18+00:00","og_image":[{"width":1000,"height":1000,"url":"https:\/\/maisontanase.com\/wp-content\/uploads\/2024\/10\/Moet-Chandon-Reserve-Imperial-bouteille-75cl-maison-tanase.png","type":"image\/png"}],"twitter_card":"summary_large_image","twitter_title":"Champagne Mo\u00ebt & Chandon - R\u00e9serve Imp\u00e9riale Brut - 75 cl - Maison Tanase","twitter_description":"Achetez Mo\u00ebt Chandon R\u00e9serve Imp\u00e9riale Brut 75 cl en ligne au meilleur prix - champagne iconique, \u00e9l\u00e9gant et fruit\u00e9, parfait pour toutes vos c\u00e9l\u00e9brations.","twitter_image":"https:\/\/maisontanase.com\/wp-content\/uploads\/2024\/10\/Moet-Chandon-Reserve-Imperial-bouteille-75cl-maison-tanase.png","twitter_misc":{"Dur\u00e9e de lecture estim\u00e9e":"3 minutes"},"schema":{"@context":"https:\/\/schema.org","@graph":[{"@type":"WebPage","@id":"https:\/\/maisontanase.com\/fr\/boutique\/vins-francais\/moet-chandon-reserve-imperiale-brut\/","url":"https:\/\/maisontanase.com\/fr\/boutique\/vins-francais\/moet-chandon-reserve-imperiale-brut\/","name":"Achetez Mo\u00ebt Chandon R\u00e9serve Imp\u00e9riale Brut \u2013 Champagne - 75cl","isPartOf":{"@id":"https:\/\/maisontanase.com\/fr\/#website"},"primaryImageOfPage":{"@id":"https:\/\/maisontanase.com\/fr\/boutique\/vins-francais\/moet-chandon-reserve-imperiale-brut\/#primaryimage"},"image":{"@id":"https:\/\/maisontanase.com\/fr\/boutique\/vins-francais\/moet-chandon-reserve-imperiale-brut\/#primaryimage"},"thumbnailUrl":"https:\/\/maisontanase.com\/wp-content\/uploads\/2024\/10\/Moet-Chandon-Reserve-Imperial-bouteille-75cl-maison-tanase.png","datePublished":"2024-10-04T14:13:50+00:00","dateModified":"2025-12-19T14:27:18+00:00","description":"Achetez Mo\u00ebt Chandon R\u00e9serve Imp\u00e9riale Brut 75 cl en ligne au meilleur prix - champagne iconique, \u00e9l\u00e9gant et fruit\u00e9, parfait pour toutes vos c\u00e9l\u00e9brations.","breadcrumb":{"@id":"https:\/\/maisontanase.com\/fr\/boutique\/vins-francais\/moet-chandon-reserve-imperiale-brut\/#breadcrumb"},"inLanguage":"fr-FR","potentialAction":[{"@type":"ReadAction","target":["https:\/\/maisontanase.com\/fr\/boutique\/vins-francais\/moet-chandon-reserve-imperiale-brut\/"]}]},{"@type":"ImageObject","inLanguage":"fr-FR","@id":"https:\/\/maisontanase.com\/fr\/boutique\/vins-francais\/moet-chandon-reserve-imperiale-brut\/#primaryimage","url":"https:\/\/maisontanase.com\/wp-content\/uploads\/2024\/10\/Moet-Chandon-Reserve-Imperial-bouteille-75cl-maison-tanase.png","contentUrl":"https:\/\/maisontanase.com\/wp-content\/uploads\/2024\/10\/Moet-Chandon-Reserve-Imperial-bouteille-75cl-maison-tanase.png","width":1000,"height":1000,"caption":"Achetez Mo\u00ebt &amp; Chandon R\u00e9serve Imp\u00e9riale Brut 75cl en ligne\u2013 Premium Champagne disponible chez Maison Tanase avec livraison rapide et paiement s\u00e9curis\u00e9."},{"@type":"BreadcrumbList","@id":"https:\/\/maisontanase.com\/fr\/boutique\/vins-francais\/moet-chandon-reserve-imperiale-brut\/#breadcrumb","itemListElement":[{"@type":"ListItem","position":1,"name":"Accueil","item":"https:\/\/maisontanase.com\/fr\/"},{"@type":"ListItem","position":2,"name":"Boutique","item":"https:\/\/maisontanase.com\/fr\/boutique-en-ligne-maison-tanase\/"},{"@type":"ListItem","position":3,"name":"Mo\u00ebt Chandon \u2013 R\u00e9serve Imp\u00e9riale Brut"}]},{"@type":"WebSite","@id":"https:\/\/maisontanase.com\/fr\/#website","url":"https:\/\/maisontanase.com\/fr\/","name":"Maison Tanase","description":"Based in Bordeaux, Maison Tanase is a family-run business that produces and sells high-quality wines and spirits. Welcome to our online shop.","publisher":{"@id":"https:\/\/maisontanase.com\/fr\/#organization"},"potentialAction":[{"@type":"SearchAction","target":{"@type":"EntryPoint","urlTemplate":"https:\/\/maisontanase.com\/fr\/?s={search_term_string}"},"query-input":{"@type":"PropertyValueSpecification","valueRequired":true,"valueName":"search_term_string"}}],"inLanguage":"fr-FR"},{"@type":"Organization","@id":"https:\/\/maisontanase.com\/fr\/#organization","name":"Maison Tanase","url":"https:\/\/maisontanase.com\/fr\/","logo":{"@type":"ImageObject","inLanguage":"fr-FR","@id":"https:\/\/maisontanase.com\/fr\/#\/schema\/logo\/image\/","url":"https:\/\/maisontanase.com\/wp-content\/uploads\/2022\/05\/maison-tanase.jpg","contentUrl":"https:\/\/maisontanase.com\/wp-content\/uploads\/2022\/05\/maison-tanase.jpg","width":1200,"height":630,"caption":"Maison Tanase"},"image":{"@id":"https:\/\/maisontanase.com\/fr\/#\/schema\/logo\/image\/"}}]}},"_links":{"self":[{"href":"https:\/\/maisontanase.com\/fr\/wp-json\/wp\/v2\/product\/17123","targetHints":{"allow":["GET"]}}],"collection":[{"href":"https:\/\/maisontanase.com\/fr\/wp-json\/wp\/v2\/product"}],"about":[{"href":"https:\/\/maisontanase.com\/fr\/wp-json\/wp\/v2\/types\/product"}],"replies":[{"embeddable":true,"href":"https:\/\/maisontanase.com\/fr\/wp-json\/wp\/v2\/comments?post=17123"}],"version-history":[{"count":8,"href":"https:\/\/maisontanase.com\/fr\/wp-json\/wp\/v2\/product\/17123\/revisions"}],"predecessor-version":[{"id":19072,"href":"https:\/\/maisontanase.com\/fr\/wp-json\/wp\/v2\/product\/17123\/revisions\/19072"}],"wp:featuredmedia":[{"embeddable":true,"href":"https:\/\/maisontanase.com\/fr\/wp-json\/wp\/v2\/media\/17151"}],"wp:attachment":[{"href":"https:\/\/maisontanase.com\/fr\/wp-json\/wp\/v2\/media?parent=17123"}],"wp:term":[{"taxonomy":"product_brand","embeddable":true,"href":"https:\/\/maisontanase.com\/fr\/wp-json\/wp\/v2\/product_brand?post=17123"},{"taxonomy":"product_cat","embeddable":true,"href":"https:\/\/maisontanase.com\/fr\/wp-json\/wp\/v2\/product_cat?post=17123"},{"taxonomy":"product_tag","embeddable":true,"href":"https:\/\/maisontanase.com\/fr\/wp-json\/wp\/v2\/product_tag?post=17123"}],"curies":[{"name":"wp","href":"https:\/\/api.w.org\/{rel}","templated":true}]}}