
{"id":17057,"date":"2024-10-03T09:57:29","date_gmt":"2024-10-03T07:57:29","guid":{"rendered":"https:\/\/maisontanase.com\/?post_type=product&#038;p=17057"},"modified":"2024-10-08T09:45:08","modified_gmt":"2024-10-08T07:45:08","slug":"champagne-ruinart-blanc-de-blancs","status":"publish","type":"product","link":"https:\/\/maisontanase.com\/fr\/boutique\/vins-francais\/champagne-ruinart-blanc-de-blancs\/","title":{"rendered":"Champagne Ruinart Blanc de Blancs"},"content":{"rendered":"\t\t<div data-elementor-type=\"wp-post\" data-elementor-id=\"17057\" class=\"elementor elementor-17057 elementor-17056\">\n\t\t\t\t\t\t<section class=\"elementor-section elementor-top-section elementor-element elementor-element-dfcbcc4 elementor-section-boxed elementor-section-height-default elementor-section-height-default\" data-id=\"dfcbcc4\" data-element_type=\"section\" data-e-type=\"section\" data-settings=\"{&quot;pix_scale_in&quot;:&quot;none&quot;}\">\n\t\t\t\t\t\t<div class=\"elementor-container elementor-column-gap-default\">\n\t\t\t\t\t<div class=\"elementor-column elementor-col-100 elementor-top-column elementor-element elementor-element-f0839c7\" data-id=\"f0839c7\" data-element_type=\"column\" data-e-type=\"column\" data-settings=\"{&quot;pix_scale_in&quot;:&quot;none&quot;}\">\n\t\t\t<div class=\"elementor-widget-wrap elementor-element-populated\">\n\t\t\t\t\t\t<div class=\"elementor-element elementor-element-121adfd elementor-widget elementor-widget-text-editor\" data-id=\"121adfd\" data-element_type=\"widget\" data-e-type=\"widget\" data-widget_type=\"text-editor.default\">\n\t\t\t\t<div class=\"elementor-widget-container\">\n\t\t\t\t\t\t\t\t\t<p class=\"p1\">Achetez en ligne le <strong>Champagne<\/strong> <b>Ruinart Blanc de Blancs<\/b> \u2013 un champagne d&rsquo;un or p\u00e2le avec des reflets verts \u00e9clatants, offrant un bouquet d\u00e9licat et fruit\u00e9 d&rsquo;agrumes et de fruits exotiques.<\/p><p class=\"p1\">Cette <strong>cuv\u00e9e prestigieuse<\/strong> est un <strong>choix exceptionnel<\/strong> pour les amateurs de champagnes raffin\u00e9s et purs \u00e0 base de <strong>Chardonnay<\/strong>.<\/p>\t\t\t\t\t\t\t\t<\/div>\n\t\t\t\t<\/div>\n\t\t\t\t<div class=\"elementor-element elementor-element-a9fd3c9 elementor-widget elementor-widget-heading\" data-id=\"a9fd3c9\" data-element_type=\"widget\" data-e-type=\"widget\" data-widget_type=\"heading.default\">\n\t\t\t\t<div class=\"elementor-widget-container\">\n\t\t\t\t\t<h2 class=\"elementor-heading-title elementor-size-default\">Histoire<\/h2>\t\t\t\t<\/div>\n\t\t\t\t<\/div>\n\t\t\t\t<div class=\"elementor-element elementor-element-f4eeb0a elementor-widget elementor-widget-text-editor\" data-id=\"f4eeb0a\" data-element_type=\"widget\" data-e-type=\"widget\" data-widget_type=\"text-editor.default\">\n\t\t\t\t<div class=\"elementor-widget-container\">\n\t\t\t\t\t\t\t\t\t<p>Fond\u00e9e en <strong>1729<\/strong>, la <strong>Maison Ruinart<\/strong> est l&rsquo;<a href=\"https:\/\/www.ruinart.com\/en-gb\/notrehistoire.html\"><strong>une des plus anciennes et des plus prestigieuses maisons de champagne au monde<\/strong><\/a>.<\/p>\n<p><strong>La Maison Ruinart est unique en son genre<\/strong>. Elle fut la premi\u00e8re maison de Champagne fond\u00e9e, inspir\u00e9e par la vision avant-gardiste de Dom Thierry Ruinart, un moine b\u00e9n\u00e9dictin. <\/p>\n<p><strong>Cr\u00e9\u00e9e par Nicolas Ruinart<\/strong> au c\u0153ur de la <a href=\"https:\/\/www.champagne.fr\/en\">r\u00e9gion champenoise<\/a>, cette <strong>maison familiale <\/strong>poss\u00e8de une riche histoire d&rsquo;artisanat et de d\u00e9vouement \u00e0 l&rsquo;\u00e9laboration de <strong>champagnes d&rsquo;exception<\/strong>.<\/p>\n<p>Today, the house is led by <strong><a href=\"https:\/\/maisons-champagne.com\/fr\/personne\/frederic-panaiotis\">Fr\u00e9d\u00e9ric Pana\u00efotis<\/a><\/strong>, the cellar master, who skillfully combines tradition with innovation to create exquisite wines.<\/p>\n<p class=\"p1\">Le <strong>Ruinart Blanc de Blancs<\/strong> refl\u00e8te \u00e0 la fois l&rsquo;histoire et le savoir-faire de Ruinart, offrant un aper\u00e7u unique du terroir et de l&rsquo;artisanat derri\u00e8re chaque bouteille.<\/p>\n\t\t\t\t\t\t\t\t<\/div>\n\t\t\t\t<\/div>\n\t\t\t\t<div class=\"elementor-element elementor-element-e53be77 elementor-widget elementor-widget-heading\" data-id=\"e53be77\" data-element_type=\"widget\" data-e-type=\"widget\" data-widget_type=\"heading.default\">\n\t\t\t\t<div class=\"elementor-widget-container\">\n\t\t\t\t\t<h2 class=\"elementor-heading-title elementor-size-default\">Viticulture<\/h2>\t\t\t\t<\/div>\n\t\t\t\t<\/div>\n\t\t\t\t<div class=\"elementor-element elementor-element-e022eb5 elementor-widget elementor-widget-text-editor\" data-id=\"e022eb5\" data-element_type=\"widget\" data-e-type=\"widget\" data-widget_type=\"text-editor.default\">\n\t\t\t\t<div class=\"elementor-widget-container\">\n\t\t\t\t\t\t\t\t\t<p class=\"p1\">Le <strong>Ruinart Blanc de Blancs<\/strong> est <strong>exclusivement \u00e9labor\u00e9 \u00e0 partir de raisins de Chardonnay<\/strong>, soigneusement s\u00e9lectionn\u00e9s parmi <span style=\"text-decoration: underline;\">25 \u00e0 30 crus diff\u00e9rents<\/span>.<\/p>\n<p class=\"p1\">Ces raisins proviennent principalement de <span style=\"text-decoration: underline;\">r\u00e9gions prestigieuses<\/span> comme la <span style=\"text-decoration: underline;\">C\u00f4te des Blancs<\/span> et la <span style=\"text-decoration: underline;\">Montagne de Reims<\/span>, avec des contributions du <span style=\"text-decoration: underline;\">S\u00e9zannais<\/span> et de la <span style=\"text-decoration: underline;\">Vall\u00e9e de la Vesle<\/span>, qui ajoutent richesse et complexit\u00e9.<\/p>\n<p class=\"p1\">Cette <strong>diversit\u00e9 de terroirs est la cl\u00e9<\/strong> pour atteindre l&rsquo;\u00e9quilibre parfait entre fra\u00eecheur et rondeur dans cette <strong>cuv\u00e9e embl\u00e9matique<\/strong>.<\/p>\n\t\t\t\t\t\t\t\t<\/div>\n\t\t\t\t<\/div>\n\t\t\t\t<div class=\"elementor-element elementor-element-5c2148a elementor-widget elementor-widget-heading\" data-id=\"5c2148a\" data-element_type=\"widget\" data-e-type=\"widget\" data-widget_type=\"heading.default\">\n\t\t\t\t<div class=\"elementor-widget-container\">\n\t\t\t\t\t<h2 class=\"elementor-heading-title elementor-size-default\">Vinification<\/h2>\t\t\t\t<\/div>\n\t\t\t\t<\/div>\n\t\t\t\t<div class=\"elementor-element elementor-element-f24e5a7 elementor-widget elementor-widget-text-editor\" data-id=\"f24e5a7\" data-element_type=\"widget\" data-e-type=\"widget\" data-widget_type=\"text-editor.default\">\n\t\t\t\t<div class=\"elementor-widget-container\">\n\t\t\t\t\t\t\t\t\t<p class=\"p1\">Le Ruinart Blanc de Blancs fait l&rsquo;objet d&rsquo;une <strong>r\u00e9colte manuelle minutieuse<\/strong>, assurant que seuls les meilleurs raisins sont s\u00e9lectionn\u00e9s. Le vin est un assemblage de plusieurs mill\u00e9simes, avec l&rsquo;ajout de <span style=\"text-decoration: underline;\">20 \u00e0 30 % de vins de r\u00e9serve<\/span> pour renforcer la profondeur et le caract\u00e8re. <\/p>\n<p class=\"p1\">Apr\u00e8s un pressurage d\u00e9licat, le mo\u00fbt subit une fermentation \u00e0 temp\u00e9rature contr\u00f4l\u00e9e en cuves inox, suivie d&rsquo;une fermentation malolactique.<\/p>\n<p class=\"p1\">Le champagne est ensuite <strong>vieilli dans les c\u00e9l\u00e8bres caves en craie de Ruinart pendant 2 \u00e0 3 ans<\/strong>, d\u00e9veloppant son profil frais et \u00e9l\u00e9gant. Avec un dosage de 7 g\/L, le vin atteint un \u00e9quilibre parfait entre richesse et acidit\u00e9 vibrante. <\/p>\n\t\t\t\t\t\t\t\t<\/div>\n\t\t\t\t<\/div>\n\t\t\t\t<div class=\"elementor-element elementor-element-7cae827 elementor-widget elementor-widget-heading\" data-id=\"7cae827\" data-element_type=\"widget\" data-e-type=\"widget\" data-widget_type=\"heading.default\">\n\t\t\t\t<div class=\"elementor-widget-container\">\n\t\t\t\t\t<h2 class=\"elementor-heading-title elementor-size-default\">D\u00e9gustation<\/h2>\t\t\t\t<\/div>\n\t\t\t\t<\/div>\n\t\t\t\t<div class=\"elementor-element elementor-element-bbc90bf elementor-widget elementor-widget-text-editor\" data-id=\"bbc90bf\" data-element_type=\"widget\" data-e-type=\"widget\" data-widget_type=\"text-editor.default\">\n\t\t\t\t<div class=\"elementor-widget-container\">\n\t\t\t\t\t\t\t\t\t<p class=\"p1\">Dans le verre, le <strong>Ruinart Blanc de Blancs<\/strong> brille par sa <span style=\"text-decoration: underline;\">robe<\/span> jaune p\u00e2le, agr\u00e9ment\u00e9e de subtiles nuances vertes. L\u2019effervescence est fine et persistante. <\/p>\n<p class=\"p1\">Au <span style=\"text-decoration: underline;\">nez<\/span>, des ar\u00f4mes intenses d\u2019agrumes frais, de poire m\u00fbre et de fruits exotiques comme l\u2019ananas se d\u00e9voilent, suivis de notes florales de tilleul et d\u2019une touche \u00e9pic\u00e9e de gingembre.<\/p>\n<p class=\"p1\">En <span style=\"text-decoration: underline;\">bouche<\/span>, le vin r\u00e9v\u00e8le un \u00e9quilibre harmonieux entre tension et rondeur. La texture cr\u00e9meuse enveloppe le palais, avec des saveurs de zestes d\u2019agrumes frais et de fruits exotiques, menant \u00e0 une <span style=\"text-decoration: underline;\">finale<\/span> longue, \u00e9l\u00e9gante et min\u00e9rale. <\/p>\n<p class=\"p1\"><b>Parfait<\/b> en ap\u00e9ritif ou avec des fruits de mer, notamment des plats comme un carpaccio de bar aux agrumes ou un tartare de Saint-Jacques. Pour une association plus audacieuse, essayez-le avec des crevettes grill\u00e9es ou du fromage de ch\u00e8vre frais aux courgettes et thym. <\/p>\n<p class=\"p3\"><b>\u00c0 d\u00e9guster frais<\/b>, autour de 8\u00b0C (46\u00b0F). <br \/>(Servir en dessous de cette temp\u00e9rature pourrait att\u00e9nuer l&rsquo;intensit\u00e9 aromatique du vin.)<\/p>\n<p>***<br \/>Vous cherchez d&rsquo;autres marques de Champagne ? <br \/><a href=\"https:\/\/maisontanase.com\/fr\/categorie-produit\/vins-francais\/champagne-fr\/\"><strong>Explorez la collection exclusive de champagnes prestigieux de Maison Tanase<\/strong><\/a>, avec des prix comp\u00e9titifs, un paiement s\u00e9curis\u00e9, et une livraison internationale rapide. Trouvez la bouteille parfaite d\u00e8s aujourd&rsquo;hui ! <\/p>\n\t\t\t\t\t\t\t\t<\/div>\n\t\t\t\t<\/div>\n\t\t\t\t\t<\/div>\n\t\t<\/div>\n\t\t\t\t\t<\/div>\n\t\t<\/section>\n\t\t\t\t<\/div>\n\t\t","protected":false},"excerpt":{"rendered":"<p class=\"p1\">Achetez en ligne <strong>Ruinart Blanc de Blancs 75 cl<\/strong>.<\/p>\n<p class=\"p1\">Ce <strong>champagne prestigieux<\/strong>, 100% Chardonnay, s\u00e9duit par son <strong>\u00e9l\u00e9gance<\/strong> et sa <strong>fra\u00eecheur<\/strong>.<\/p>\n<p><strong>Parfait pour des moments de c\u00e9l\u00e9bration<\/strong> ou des accords gourmets, il offre une <strong>exp\u00e9rience raffin\u00e9e <\/strong>et<strong> inoubliable<\/strong>.<\/p>\n","protected":false},"featured_media":17083,"comment_status":"open","ping_status":"closed","template":"","meta":[],"product_brand":[],"product_cat":[137,133],"product_tag":[329,280,328],"class_list":{"0":"post-17057","1":"product","2":"type-product","3":"status-publish","4":"has-post-thumbnail","6":"product_cat-champagne-pour-toutes-occasions","7":"product_cat-vins-francais","8":"product_tag-blanc-de-blancs-fr","9":"product_tag-champagne-fr","10":"product_tag-ruinart-fr","12":"first","13":"instock","14":"shipping-taxable","15":"purchasable","16":"product-type-simple"},"yoast_head":"<!-- This site is optimized with the Yoast SEO plugin v27.3 - https:\/\/yoast.com\/product\/yoast-seo-wordpress\/ -->\n<title>Champagne - Ruinart Blanc de Blancs - 75 cl - Maison Tanase<\/title>\n<meta name=\"description\" content=\"Achetez en ligne Ruinart Blanc de Blancs 75 cl au meilleur prix \u2013 raffin\u00e9 et pas cher, il incarne l&#039;essence pure du Chardonnay. Paiement s\u00e9curis\u00e9.\" \/>\n<meta name=\"robots\" content=\"index, follow, max-snippet:-1, max-image-preview:large, max-video-preview:-1\" \/>\n<link rel=\"canonical\" href=\"https:\/\/maisontanase.com\/fr\/boutique\/vins-francais\/champagne-ruinart-blanc-de-blancs\/\" \/>\n<meta property=\"og:locale\" content=\"fr_FR\" \/>\n<meta property=\"og:type\" content=\"article\" \/>\n<meta property=\"og:title\" content=\"Champagne Ruinart - Blanc de Blancs - 75 cl - Maison Tanase\" \/>\n<meta property=\"og:description\" content=\"Achetez en ligne Ruinart Blanc de Blancs au meilleur prix \u2013 un Champagne raffin\u00e9 et abordable, qui incarne l&#039;essence pure du Chardonnay. Paiement s\u00e9curis\u00e9.\" \/>\n<meta property=\"og:url\" content=\"https:\/\/maisontanase.com\/fr\/boutique\/vins-francais\/champagne-ruinart-blanc-de-blancs\/\" \/>\n<meta property=\"og:site_name\" content=\"Maison Tanase\" \/>\n<meta property=\"article:modified_time\" content=\"2024-10-08T07:45:08+00:00\" \/>\n<meta property=\"og:image\" content=\"https:\/\/maisontanase.com\/wp-content\/uploads\/2024\/10\/Copyright_Ruinart-Blanc-de-blancs-bouteille-75cl-sans-etui-maison_tanase_champagne_prix-1.png\" \/>\n\t<meta property=\"og:image:width\" content=\"500\" \/>\n\t<meta property=\"og:image:height\" content=\"500\" \/>\n\t<meta property=\"og:image:type\" content=\"image\/png\" \/>\n<meta name=\"twitter:card\" content=\"summary_large_image\" \/>\n<meta name=\"twitter:title\" content=\"Champagne Ruinart - Blanc de Blancs - 75 cl - Maison Tanase\" \/>\n<meta name=\"twitter:description\" content=\"Achetez en ligne Ruinart Blanc de Blancs au meilleur prix \u2013 un Champagne raffin\u00e9 et abordable, qui incarne l&#039;essence pure du Chardonnay. Paiement s\u00e9curis\u00e9.\" \/>\n<meta name=\"twitter:image\" content=\"https:\/\/maisontanase.com\/wp-content\/uploads\/2024\/10\/Copyright_Ruinart-Blanc-de-blancs-bouteille-75cl-sans-etui-maison_tanase_champagne_prix-1.png\" \/>\n<meta name=\"twitter:label1\" content=\"Dur\u00e9e de lecture estim\u00e9e\" \/>\n\t<meta name=\"twitter:data1\" content=\"3 minutes\" \/>\n<script type=\"application\/ld+json\" class=\"yoast-schema-graph\">{\"@context\":\"https:\\\/\\\/schema.org\",\"@graph\":[{\"@type\":\"WebPage\",\"@id\":\"https:\\\/\\\/maisontanase.com\\\/fr\\\/boutique\\\/vins-francais\\\/champagne-ruinart-blanc-de-blancs\\\/\",\"url\":\"https:\\\/\\\/maisontanase.com\\\/fr\\\/boutique\\\/vins-francais\\\/champagne-ruinart-blanc-de-blancs\\\/\",\"name\":\"Champagne - Ruinart Blanc de Blancs - 75 cl - Maison Tanase\",\"isPartOf\":{\"@id\":\"https:\\\/\\\/maisontanase.com\\\/fr\\\/#website\"},\"primaryImageOfPage\":{\"@id\":\"https:\\\/\\\/maisontanase.com\\\/fr\\\/boutique\\\/vins-francais\\\/champagne-ruinart-blanc-de-blancs\\\/#primaryimage\"},\"image\":{\"@id\":\"https:\\\/\\\/maisontanase.com\\\/fr\\\/boutique\\\/vins-francais\\\/champagne-ruinart-blanc-de-blancs\\\/#primaryimage\"},\"thumbnailUrl\":\"https:\\\/\\\/maisontanase.com\\\/wp-content\\\/uploads\\\/2024\\\/10\\\/Copyright_Ruinart-Blanc-de-blancs-bouteille-75cl-sans-etui-maison_tanase_champagne_prix-1.png\",\"datePublished\":\"2024-10-03T07:57:29+00:00\",\"dateModified\":\"2024-10-08T07:45:08+00:00\",\"description\":\"Achetez en ligne Ruinart Blanc de Blancs 75 cl au meilleur prix \u2013 raffin\u00e9 et pas cher, il incarne l'essence pure du Chardonnay. Paiement s\u00e9curis\u00e9.\",\"breadcrumb\":{\"@id\":\"https:\\\/\\\/maisontanase.com\\\/fr\\\/boutique\\\/vins-francais\\\/champagne-ruinart-blanc-de-blancs\\\/#breadcrumb\"},\"inLanguage\":\"fr-FR\",\"potentialAction\":[{\"@type\":\"ReadAction\",\"target\":[\"https:\\\/\\\/maisontanase.com\\\/fr\\\/boutique\\\/vins-francais\\\/champagne-ruinart-blanc-de-blancs\\\/\"]}]},{\"@type\":\"ImageObject\",\"inLanguage\":\"fr-FR\",\"@id\":\"https:\\\/\\\/maisontanase.com\\\/fr\\\/boutique\\\/vins-francais\\\/champagne-ruinart-blanc-de-blancs\\\/#primaryimage\",\"url\":\"https:\\\/\\\/maisontanase.com\\\/wp-content\\\/uploads\\\/2024\\\/10\\\/Copyright_Ruinart-Blanc-de-blancs-bouteille-75cl-sans-etui-maison_tanase_champagne_prix-1.png\",\"contentUrl\":\"https:\\\/\\\/maisontanase.com\\\/wp-content\\\/uploads\\\/2024\\\/10\\\/Copyright_Ruinart-Blanc-de-blancs-bouteille-75cl-sans-etui-maison_tanase_champagne_prix-1.png\",\"width\":500,\"height\":500,\"caption\":\"Achetez en ligne Ruinart Blanc de Blancs \u2013 Bouteille \u2013 75 cl\"},{\"@type\":\"BreadcrumbList\",\"@id\":\"https:\\\/\\\/maisontanase.com\\\/fr\\\/boutique\\\/vins-francais\\\/champagne-ruinart-blanc-de-blancs\\\/#breadcrumb\",\"itemListElement\":[{\"@type\":\"ListItem\",\"position\":1,\"name\":\"Accueil\",\"item\":\"https:\\\/\\\/maisontanase.com\\\/fr\\\/\"},{\"@type\":\"ListItem\",\"position\":2,\"name\":\"Boutique\",\"item\":\"https:\\\/\\\/maisontanase.com\\\/fr\\\/boutique-en-ligne-maison-tanase\\\/\"},{\"@type\":\"ListItem\",\"position\":3,\"name\":\"Champagne Ruinart Blanc de Blancs\"}]},{\"@type\":\"WebSite\",\"@id\":\"https:\\\/\\\/maisontanase.com\\\/fr\\\/#website\",\"url\":\"https:\\\/\\\/maisontanase.com\\\/fr\\\/\",\"name\":\"Maison Tanase\",\"description\":\"Based in Bordeaux, Maison Tanase is a family-run business that produces and sells high-quality wines and spirits. Welcome to our online shop.\",\"publisher\":{\"@id\":\"https:\\\/\\\/maisontanase.com\\\/fr\\\/#organization\"},\"potentialAction\":[{\"@type\":\"SearchAction\",\"target\":{\"@type\":\"EntryPoint\",\"urlTemplate\":\"https:\\\/\\\/maisontanase.com\\\/fr\\\/?s={search_term_string}\"},\"query-input\":{\"@type\":\"PropertyValueSpecification\",\"valueRequired\":true,\"valueName\":\"search_term_string\"}}],\"inLanguage\":\"fr-FR\"},{\"@type\":\"Organization\",\"@id\":\"https:\\\/\\\/maisontanase.com\\\/fr\\\/#organization\",\"name\":\"Maison Tanase\",\"url\":\"https:\\\/\\\/maisontanase.com\\\/fr\\\/\",\"logo\":{\"@type\":\"ImageObject\",\"inLanguage\":\"fr-FR\",\"@id\":\"https:\\\/\\\/maisontanase.com\\\/fr\\\/#\\\/schema\\\/logo\\\/image\\\/\",\"url\":\"https:\\\/\\\/maisontanase.com\\\/wp-content\\\/uploads\\\/2022\\\/05\\\/maison-tanase.jpg\",\"contentUrl\":\"https:\\\/\\\/maisontanase.com\\\/wp-content\\\/uploads\\\/2022\\\/05\\\/maison-tanase.jpg\",\"width\":1200,\"height\":630,\"caption\":\"Maison Tanase\"},\"image\":{\"@id\":\"https:\\\/\\\/maisontanase.com\\\/fr\\\/#\\\/schema\\\/logo\\\/image\\\/\"}}]}<\/script>\n<!-- \/ Yoast SEO plugin. -->","yoast_head_json":{"title":"Champagne - Ruinart Blanc de Blancs - 75 cl - Maison Tanase","description":"Achetez en ligne Ruinart Blanc de Blancs 75 cl au meilleur prix \u2013 raffin\u00e9 et pas cher, il incarne l'essence pure du Chardonnay. Paiement s\u00e9curis\u00e9.","robots":{"index":"index","follow":"follow","max-snippet":"max-snippet:-1","max-image-preview":"max-image-preview:large","max-video-preview":"max-video-preview:-1"},"canonical":"https:\/\/maisontanase.com\/fr\/boutique\/vins-francais\/champagne-ruinart-blanc-de-blancs\/","og_locale":"fr_FR","og_type":"article","og_title":"Champagne Ruinart - Blanc de Blancs - 75 cl - Maison Tanase","og_description":"Achetez en ligne Ruinart Blanc de Blancs au meilleur prix \u2013 un Champagne raffin\u00e9 et abordable, qui incarne l'essence pure du Chardonnay. Paiement s\u00e9curis\u00e9.","og_url":"https:\/\/maisontanase.com\/fr\/boutique\/vins-francais\/champagne-ruinart-blanc-de-blancs\/","og_site_name":"Maison Tanase","article_modified_time":"2024-10-08T07:45:08+00:00","og_image":[{"width":500,"height":500,"url":"https:\/\/maisontanase.com\/wp-content\/uploads\/2024\/10\/Copyright_Ruinart-Blanc-de-blancs-bouteille-75cl-sans-etui-maison_tanase_champagne_prix-1.png","type":"image\/png"}],"twitter_card":"summary_large_image","twitter_title":"Champagne Ruinart - Blanc de Blancs - 75 cl - Maison Tanase","twitter_description":"Achetez en ligne Ruinart Blanc de Blancs au meilleur prix \u2013 un Champagne raffin\u00e9 et abordable, qui incarne l'essence pure du Chardonnay. Paiement s\u00e9curis\u00e9.","twitter_image":"https:\/\/maisontanase.com\/wp-content\/uploads\/2024\/10\/Copyright_Ruinart-Blanc-de-blancs-bouteille-75cl-sans-etui-maison_tanase_champagne_prix-1.png","twitter_misc":{"Dur\u00e9e de lecture estim\u00e9e":"3 minutes"},"schema":{"@context":"https:\/\/schema.org","@graph":[{"@type":"WebPage","@id":"https:\/\/maisontanase.com\/fr\/boutique\/vins-francais\/champagne-ruinart-blanc-de-blancs\/","url":"https:\/\/maisontanase.com\/fr\/boutique\/vins-francais\/champagne-ruinart-blanc-de-blancs\/","name":"Champagne - Ruinart Blanc de Blancs - 75 cl - Maison Tanase","isPartOf":{"@id":"https:\/\/maisontanase.com\/fr\/#website"},"primaryImageOfPage":{"@id":"https:\/\/maisontanase.com\/fr\/boutique\/vins-francais\/champagne-ruinart-blanc-de-blancs\/#primaryimage"},"image":{"@id":"https:\/\/maisontanase.com\/fr\/boutique\/vins-francais\/champagne-ruinart-blanc-de-blancs\/#primaryimage"},"thumbnailUrl":"https:\/\/maisontanase.com\/wp-content\/uploads\/2024\/10\/Copyright_Ruinart-Blanc-de-blancs-bouteille-75cl-sans-etui-maison_tanase_champagne_prix-1.png","datePublished":"2024-10-03T07:57:29+00:00","dateModified":"2024-10-08T07:45:08+00:00","description":"Achetez en ligne Ruinart Blanc de Blancs 75 cl au meilleur prix \u2013 raffin\u00e9 et pas cher, il incarne l'essence pure du Chardonnay. Paiement s\u00e9curis\u00e9.","breadcrumb":{"@id":"https:\/\/maisontanase.com\/fr\/boutique\/vins-francais\/champagne-ruinart-blanc-de-blancs\/#breadcrumb"},"inLanguage":"fr-FR","potentialAction":[{"@type":"ReadAction","target":["https:\/\/maisontanase.com\/fr\/boutique\/vins-francais\/champagne-ruinart-blanc-de-blancs\/"]}]},{"@type":"ImageObject","inLanguage":"fr-FR","@id":"https:\/\/maisontanase.com\/fr\/boutique\/vins-francais\/champagne-ruinart-blanc-de-blancs\/#primaryimage","url":"https:\/\/maisontanase.com\/wp-content\/uploads\/2024\/10\/Copyright_Ruinart-Blanc-de-blancs-bouteille-75cl-sans-etui-maison_tanase_champagne_prix-1.png","contentUrl":"https:\/\/maisontanase.com\/wp-content\/uploads\/2024\/10\/Copyright_Ruinart-Blanc-de-blancs-bouteille-75cl-sans-etui-maison_tanase_champagne_prix-1.png","width":500,"height":500,"caption":"Achetez en ligne Ruinart Blanc de Blancs \u2013 Bouteille \u2013 75 cl"},{"@type":"BreadcrumbList","@id":"https:\/\/maisontanase.com\/fr\/boutique\/vins-francais\/champagne-ruinart-blanc-de-blancs\/#breadcrumb","itemListElement":[{"@type":"ListItem","position":1,"name":"Accueil","item":"https:\/\/maisontanase.com\/fr\/"},{"@type":"ListItem","position":2,"name":"Boutique","item":"https:\/\/maisontanase.com\/fr\/boutique-en-ligne-maison-tanase\/"},{"@type":"ListItem","position":3,"name":"Champagne Ruinart Blanc de Blancs"}]},{"@type":"WebSite","@id":"https:\/\/maisontanase.com\/fr\/#website","url":"https:\/\/maisontanase.com\/fr\/","name":"Maison Tanase","description":"Based in Bordeaux, Maison Tanase is a family-run business that produces and sells high-quality wines and spirits. Welcome to our online shop.","publisher":{"@id":"https:\/\/maisontanase.com\/fr\/#organization"},"potentialAction":[{"@type":"SearchAction","target":{"@type":"EntryPoint","urlTemplate":"https:\/\/maisontanase.com\/fr\/?s={search_term_string}"},"query-input":{"@type":"PropertyValueSpecification","valueRequired":true,"valueName":"search_term_string"}}],"inLanguage":"fr-FR"},{"@type":"Organization","@id":"https:\/\/maisontanase.com\/fr\/#organization","name":"Maison Tanase","url":"https:\/\/maisontanase.com\/fr\/","logo":{"@type":"ImageObject","inLanguage":"fr-FR","@id":"https:\/\/maisontanase.com\/fr\/#\/schema\/logo\/image\/","url":"https:\/\/maisontanase.com\/wp-content\/uploads\/2022\/05\/maison-tanase.jpg","contentUrl":"https:\/\/maisontanase.com\/wp-content\/uploads\/2022\/05\/maison-tanase.jpg","width":1200,"height":630,"caption":"Maison Tanase"},"image":{"@id":"https:\/\/maisontanase.com\/fr\/#\/schema\/logo\/image\/"}}]}},"_links":{"self":[{"href":"https:\/\/maisontanase.com\/fr\/wp-json\/wp\/v2\/product\/17057","targetHints":{"allow":["GET"]}}],"collection":[{"href":"https:\/\/maisontanase.com\/fr\/wp-json\/wp\/v2\/product"}],"about":[{"href":"https:\/\/maisontanase.com\/fr\/wp-json\/wp\/v2\/types\/product"}],"replies":[{"embeddable":true,"href":"https:\/\/maisontanase.com\/fr\/wp-json\/wp\/v2\/comments?post=17057"}],"version-history":[{"count":12,"href":"https:\/\/maisontanase.com\/fr\/wp-json\/wp\/v2\/product\/17057\/revisions"}],"predecessor-version":[{"id":17173,"href":"https:\/\/maisontanase.com\/fr\/wp-json\/wp\/v2\/product\/17057\/revisions\/17173"}],"wp:featuredmedia":[{"embeddable":true,"href":"https:\/\/maisontanase.com\/fr\/wp-json\/wp\/v2\/media\/17083"}],"wp:attachment":[{"href":"https:\/\/maisontanase.com\/fr\/wp-json\/wp\/v2\/media?parent=17057"}],"wp:term":[{"taxonomy":"product_brand","embeddable":true,"href":"https:\/\/maisontanase.com\/fr\/wp-json\/wp\/v2\/product_brand?post=17057"},{"taxonomy":"product_cat","embeddable":true,"href":"https:\/\/maisontanase.com\/fr\/wp-json\/wp\/v2\/product_cat?post=17057"},{"taxonomy":"product_tag","embeddable":true,"href":"https:\/\/maisontanase.com\/fr\/wp-json\/wp\/v2\/product_tag?post=17057"}],"curies":[{"name":"wp","href":"https:\/\/api.w.org\/{rel}","templated":true}]}}