
{"id":16998,"date":"2024-09-23T16:04:24","date_gmt":"2024-09-23T14:04:24","guid":{"rendered":"https:\/\/maisontanase.com\/?post_type=product&#038;p=16998"},"modified":"2026-04-07T12:28:56","modified_gmt":"2026-04-07T10:28:56","slug":"chateau-acker-perreau-2016","status":"publish","type":"product","link":"https:\/\/maisontanase.com\/fr\/boutique\/vins-francais\/bordeaux-fr\/chateau-acker-perreau-2016\/","title":{"rendered":"Ch\u00e2teau Acker Perreau 2016 &#8211; Bordeaux &#8211; Rouge"},"content":{"rendered":"\t\t<div data-elementor-type=\"wp-post\" data-elementor-id=\"16998\" class=\"elementor elementor-16998 elementor-16997\">\n\t\t\t\t\t\t<section class=\"elementor-section elementor-top-section elementor-element elementor-element-dfcbcc4 elementor-section-boxed elementor-section-height-default elementor-section-height-default\" data-id=\"dfcbcc4\" data-element_type=\"section\" data-e-type=\"section\" data-settings=\"{&quot;pix_scale_in&quot;:&quot;none&quot;}\">\n\t\t\t\t\t\t<div class=\"elementor-container elementor-column-gap-default\">\n\t\t\t\t\t<div class=\"elementor-column elementor-col-100 elementor-top-column elementor-element elementor-element-f0839c7\" data-id=\"f0839c7\" data-element_type=\"column\" data-e-type=\"column\" data-settings=\"{&quot;pix_scale_in&quot;:&quot;none&quot;}\">\n\t\t\t<div class=\"elementor-widget-wrap elementor-element-populated\">\n\t\t\t\t\t\t<div class=\"elementor-element elementor-element-121adfd elementor-widget elementor-widget-text-editor\" data-id=\"121adfd\" data-element_type=\"widget\" data-e-type=\"widget\" data-widget_type=\"text-editor.default\">\n\t\t\t\t<div class=\"elementor-widget-container\">\n\t\t\t\t\t\t\t\t\t<p class=\"p1\"><strong>Achetez Ch\u00e2teau Acker Perreau 2016<\/strong> &#8211; un d\u00e9licieux vin rouge de Bordeaux, avec un palais rond, riche et intense.<\/p>\n<p>Ceci est un vin bien \u00e9quilibr\u00e9 avec des tanins soyeux, d\u00e9bordant d&rsquo;ar\u00f4mes de fruits noirs. \u00c9lev\u00e9 pendant <strong>12 mois en barriques de ch\u00eane fran\u00e7ais<\/strong>, il offre \u00e0 la fois \u00e9l\u00e9gance et complexit\u00e9. <\/p>\n\t\t\t\t\t\t\t\t<\/div>\n\t\t\t\t<\/div>\n\t\t\t\t<div class=\"elementor-element elementor-element-a9fd3c9 elementor-widget elementor-widget-heading\" data-id=\"a9fd3c9\" data-element_type=\"widget\" data-e-type=\"widget\" data-widget_type=\"heading.default\">\n\t\t\t\t<div class=\"elementor-widget-container\">\n\t\t\t\t\t<h2 class=\"elementor-heading-title elementor-size-default\">Histoire<\/h2>\t\t\t\t<\/div>\n\t\t\t\t<\/div>\n\t\t\t\t<div class=\"elementor-element elementor-element-f4eeb0a elementor-widget elementor-widget-text-editor\" data-id=\"f4eeb0a\" data-element_type=\"widget\" data-e-type=\"widget\" data-widget_type=\"text-editor.default\">\n\t\t\t\t<div class=\"elementor-widget-container\">\n\t\t\t\t\t\t\t\t\t<p>Le Ch\u00e2teau Acker Perreau est produit par les <strong>Vignobles Acker<\/strong>, l&rsquo;un des plus anciens domaines de la r\u00e9gion de Bordeaux. Cette <strong>propri\u00e9t\u00e9 familiale<\/strong> s&rsquo;est transmise de g\u00e9n\u00e9ration en g\u00e9n\u00e9ration et est actuellement g\u00e9r\u00e9e par <strong>Jean-Paul Acker<\/strong>. <\/p>\n<p>Situ\u00e9 dans la ville d\u2019Arbis, dans la r\u00e9gion de l&rsquo;Entre-Deux-Mers, le domaine s&rsquo;\u00e9tend sur <strong>37 hectares<\/strong> \u00e0 une altitude de 109 m\u00e8tres. Le vignoble, autrefois d\u00e9pendant du Ch\u00e2teau Fort Benauge, a \u00e9t\u00e9 <span style=\"text-decoration: underline;\">rebaptis\u00e9 en 2010, passant de Ch\u00e2teau Perreau \u00e0 Ch\u00e2teau Acker Perreau<\/span>. Ce lien historique souligne les racines profondes de la propri\u00e9t\u00e9 dans la tradition viticole bordelaise, alliant modernit\u00e9 et respect du terroir.  <\/p>\n\t\t\t\t\t\t\t\t<\/div>\n\t\t\t\t<\/div>\n\t\t\t\t<div class=\"elementor-element elementor-element-e53be77 elementor-widget elementor-widget-heading\" data-id=\"e53be77\" data-element_type=\"widget\" data-e-type=\"widget\" data-widget_type=\"heading.default\">\n\t\t\t\t<div class=\"elementor-widget-container\">\n\t\t\t\t\t<h2 class=\"elementor-heading-title elementor-size-default\">Viticulture<\/h2>\t\t\t\t<\/div>\n\t\t\t\t<\/div>\n\t\t\t\t<div class=\"elementor-element elementor-element-e022eb5 elementor-widget elementor-widget-text-editor\" data-id=\"e022eb5\" data-element_type=\"widget\" data-e-type=\"widget\" data-widget_type=\"text-editor.default\">\n\t\t\t\t<div class=\"elementor-widget-container\">\n\t\t\t\t\t\t\t\t\t<p class=\"p1\">Le vignoble du Ch\u00e2teau Acker Perreau couvre <strong>17 hectares<\/strong>, avec des vignes <strong>\u00e2g\u00e9es en moyenne de 15 ans<\/strong>.<\/p>\n<p class=\"p1\">Les sols sont majoritairement argilo-graveleux, id\u00e9aux pour cultiver les <strong>c\u00e9pages bordelais<\/strong>. Le vignoble est compos\u00e9 de <strong>50% de Merlot, 40% de Cabernet Sauvignon, et 10% de Cabernet Franc<\/strong>, b\u00e9n\u00e9ficiant d&rsquo;une exposition plein sud. Cette combinaison de sol et d&rsquo;ensoleillement permet une maturation optimale, contribuant \u00e0 la richesse aromatique du vin.  <\/p>\n\t\t\t\t\t\t\t\t<\/div>\n\t\t\t\t<\/div>\n\t\t\t\t<div class=\"elementor-element elementor-element-5c2148a elementor-widget elementor-widget-heading\" data-id=\"5c2148a\" data-element_type=\"widget\" data-e-type=\"widget\" data-widget_type=\"heading.default\">\n\t\t\t\t<div class=\"elementor-widget-container\">\n\t\t\t\t\t<h2 class=\"elementor-heading-title elementor-size-default\">Vinification<\/h2>\t\t\t\t<\/div>\n\t\t\t\t<\/div>\n\t\t\t\t<div class=\"elementor-element elementor-element-f24e5a7 elementor-widget elementor-widget-text-editor\" data-id=\"f24e5a7\" data-element_type=\"widget\" data-e-type=\"widget\" data-widget_type=\"text-editor.default\">\n\t\t\t\t<div class=\"elementor-widget-container\">\n\t\t\t\t\t\t\t\t\t<p class=\"p1\">Le processus de vinification au Ch\u00e2teau Acker Perreau est un subtil <strong>\u00e9quilibre entre tradition et modernit\u00e9<\/strong>.<\/p>\n<p>Les raisins sont vinifi\u00e9s dans des cuves en acier inoxydable thermor\u00e9gul\u00e9es afin de contr\u00f4ler avec pr\u00e9cision les temp\u00e9ratures de fermentation. Le vin subit une mac\u00e9ration de trois semaines pour extraire couleur, tanins et ar\u00f4mes, r\u00e9sultant en un vin structur\u00e9 et \u00e9l\u00e9gant. <\/p>\n<p>Apr\u00e8s la vinification, le vin est <strong>\u00e9lev\u00e9 en barriques de ch\u00eane fran\u00e7ais pendant 12 mois<\/strong>, permettant aux saveurs de s\u2019harmoniser et de gagner en complexit\u00e9.<\/p>\n\t\t\t\t\t\t\t\t<\/div>\n\t\t\t\t<\/div>\n\t\t\t\t<div class=\"elementor-element elementor-element-7cae827 elementor-widget elementor-widget-heading\" data-id=\"7cae827\" data-element_type=\"widget\" data-e-type=\"widget\" data-widget_type=\"heading.default\">\n\t\t\t\t<div class=\"elementor-widget-container\">\n\t\t\t\t\t<h2 class=\"elementor-heading-title elementor-size-default\">D\u00e9gustation<\/h2>\t\t\t\t<\/div>\n\t\t\t\t<\/div>\n\t\t\t\t<div class=\"elementor-element elementor-element-bbc90bf elementor-widget elementor-widget-text-editor\" data-id=\"bbc90bf\" data-element_type=\"widget\" data-e-type=\"widget\" data-widget_type=\"text-editor.default\">\n\t\t\t\t<div class=\"elementor-widget-container\">\n\t\t\t\t\t\t\t\t\t<p><strong>Ch\u00e2teau Acker Perreau Bordeaux 2016<\/strong> r\u00e9v\u00e8le une robe rubis profonde avec un nez expressif et raffin\u00e9. Attendez-vous \u00e0 des ar\u00f4mes de fruits noirs m\u00fbrs, comme la m\u00fbre et la prune, accompagn\u00e9s de notes de framboise et d&rsquo;\u00e9pices subtiles. En bouche, le vin est cors\u00e9 avec une texture lisse, une acidit\u00e9 bien \u00e9quilibr\u00e9e et des tanins parfaitement int\u00e9gr\u00e9s.   <br \/>L\u2019\u00e9levage en f\u00fbt de ch\u00eane ajoute des notes de vanille et une l\u00e9g\u00e8re fum\u00e9e, sublimant le c\u0153ur fruit\u00e9 du vin. La finale est longue et fra\u00eeche, faisant de ce vin un excellent choix pour divers plats. <\/p>\n<p><strong>Parfait avec <\/strong>des viandes rouges grill\u00e9es, comme une entrec\u00f4te ou des c\u00f4telettes d&rsquo;agneau, ainsi qu&rsquo;avec des rago\u00fbts copieux ou des fromages affin\u00e9s.<br \/><strong>Servir <\/strong>entre 16-18\u00b0C.<\/p>\n\t\t\t\t\t\t\t\t<\/div>\n\t\t\t\t<\/div>\n\t\t\t\t\t<\/div>\n\t\t<\/div>\n\t\t\t\t\t<\/div>\n\t\t<\/section>\n\t\t\t\t<\/div>\n\t\t","protected":false},"excerpt":{"rendered":"<p class=\"p1\"><strong>Ch\u00e2teau Acker Perreau 2016<\/strong> est un vin bien \u00e9quilibr\u00e9 avec des tanins soyeux, d\u00e9bordant d&rsquo;ar\u00f4mes de fruits noirs. \u00c9lev\u00e9 pendant 12 mois en barriques de ch\u00eane fran\u00e7ais, il offre \u00e0 la fois \u00e9l\u00e9gance et complexit\u00e9.<\/p>\n","protected":false},"featured_media":17002,"comment_status":"open","ping_status":"closed","template":"","meta":[],"product_brand":[],"product_cat":[134,133],"product_tag":[222,171],"class_list":{"0":"post-16998","1":"product","2":"type-product","3":"status-publish","4":"has-post-thumbnail","6":"product_cat-bordeaux-fr","7":"product_cat-vins-francais","8":"product_tag-bordeaux-fr","9":"product_tag-vin-rouge","11":"first","12":"instock","13":"shipping-taxable","14":"purchasable","15":"product-type-simple"},"yoast_head":"<!-- This site is optimized with the Yoast SEO plugin v27.3 - https:\/\/yoast.com\/product\/yoast-seo-wordpress\/ -->\n<title>Ch\u00e2teau Acker Perreau 2016 - Rouge - AOP Bordeaux<\/title>\n<meta name=\"description\" content=\"Achetez Ch\u00e2teau Acker Perreau 2016 - un d\u00e9licieux vin rouge de Bordeaux, avec un palais rond et intense. Paiement s\u00e9curis\u00e9. Livraison internationale rapide. Paiement s\u00e9curis\u00e9. Livraison internationale rapide.\" \/>\n<meta name=\"robots\" content=\"index, follow, max-snippet:-1, max-image-preview:large, max-video-preview:-1\" \/>\n<link rel=\"canonical\" href=\"https:\/\/maisontanase.com\/fr\/boutique\/vins-francais\/bordeaux-fr\/chateau-acker-perreau-2016\/\" \/>\n<meta property=\"og:locale\" content=\"fr_FR\" \/>\n<meta property=\"og:type\" content=\"article\" \/>\n<meta property=\"og:title\" content=\"Ch\u00e2teau Acker Perreau 2016 - Rouge - AOP Bordeaux\" \/>\n<meta property=\"og:description\" content=\"Achetez Ch\u00e2teau Acker Perreau 2016 - un d\u00e9licieux vin rouge de Bordeaux, avec un palais rond et intense. Paiement s\u00e9curis\u00e9. Livraison internationale rapide.\" \/>\n<meta property=\"og:url\" content=\"https:\/\/maisontanase.com\/fr\/boutique\/vins-francais\/bordeaux-fr\/chateau-acker-perreau-2016\/\" \/>\n<meta property=\"og:site_name\" content=\"Maison Tanase\" \/>\n<meta property=\"article:modified_time\" content=\"2026-04-07T10:28:56+00:00\" \/>\n<meta property=\"og:image\" content=\"https:\/\/maisontanase.com\/wp-content\/uploads\/2024\/09\/Chateau-Acker-Perreau_AOP-Bordeaux_Rouge_Maison-Tanase-Wine-and-Spirits.png\" \/>\n\t<meta property=\"og:image:width\" content=\"1000\" \/>\n\t<meta property=\"og:image:height\" content=\"1000\" \/>\n\t<meta property=\"og:image:type\" content=\"image\/png\" \/>\n<meta name=\"twitter:card\" content=\"summary_large_image\" \/>\n<meta name=\"twitter:title\" content=\"Ch\u00e2teau Acker Perreau 2016 - Rouge - AOP Bordeaux\" \/>\n<meta name=\"twitter:description\" content=\"Achetez Ch\u00e2teau Acker Perreau 2016 - un d\u00e9licieux vin rouge de Bordeaux, avec un palais rond et intense. Paiement s\u00e9curis\u00e9. Livraison internationale rapide.\" \/>\n<meta name=\"twitter:image\" content=\"https:\/\/maisontanase.com\/wp-content\/uploads\/2024\/09\/Chateau-Acker-Perreau_AOP-Bordeaux_Rouge_Maison-Tanase-Wine-and-Spirits.png\" \/>\n<meta name=\"twitter:label1\" content=\"Dur\u00e9e de lecture estim\u00e9e\" \/>\n\t<meta name=\"twitter:data1\" content=\"3 minutes\" \/>\n<script type=\"application\/ld+json\" class=\"yoast-schema-graph\">{\"@context\":\"https:\\\/\\\/schema.org\",\"@graph\":[{\"@type\":\"WebPage\",\"@id\":\"https:\\\/\\\/maisontanase.com\\\/fr\\\/boutique\\\/vins-francais\\\/bordeaux-fr\\\/chateau-acker-perreau-2016\\\/\",\"url\":\"https:\\\/\\\/maisontanase.com\\\/fr\\\/boutique\\\/vins-francais\\\/bordeaux-fr\\\/chateau-acker-perreau-2016\\\/\",\"name\":\"Ch\u00e2teau Acker Perreau 2016 - Rouge - AOP Bordeaux\",\"isPartOf\":{\"@id\":\"https:\\\/\\\/maisontanase.com\\\/fr\\\/#website\"},\"primaryImageOfPage\":{\"@id\":\"https:\\\/\\\/maisontanase.com\\\/fr\\\/boutique\\\/vins-francais\\\/bordeaux-fr\\\/chateau-acker-perreau-2016\\\/#primaryimage\"},\"image\":{\"@id\":\"https:\\\/\\\/maisontanase.com\\\/fr\\\/boutique\\\/vins-francais\\\/bordeaux-fr\\\/chateau-acker-perreau-2016\\\/#primaryimage\"},\"thumbnailUrl\":\"https:\\\/\\\/maisontanase.com\\\/wp-content\\\/uploads\\\/2024\\\/09\\\/Chateau-Acker-Perreau_AOP-Bordeaux_Rouge_Maison-Tanase-Wine-and-Spirits.png\",\"datePublished\":\"2024-09-23T14:04:24+00:00\",\"dateModified\":\"2026-04-07T10:28:56+00:00\",\"description\":\"Achetez Ch\u00e2teau Acker Perreau 2016 - un d\u00e9licieux vin rouge de Bordeaux, avec un palais rond et intense. Paiement s\u00e9curis\u00e9. Livraison internationale rapide. Paiement s\u00e9curis\u00e9. Livraison internationale rapide.\",\"breadcrumb\":{\"@id\":\"https:\\\/\\\/maisontanase.com\\\/fr\\\/boutique\\\/vins-francais\\\/bordeaux-fr\\\/chateau-acker-perreau-2016\\\/#breadcrumb\"},\"inLanguage\":\"fr-FR\",\"potentialAction\":[{\"@type\":\"ReadAction\",\"target\":[\"https:\\\/\\\/maisontanase.com\\\/fr\\\/boutique\\\/vins-francais\\\/bordeaux-fr\\\/chateau-acker-perreau-2016\\\/\"]}]},{\"@type\":\"ImageObject\",\"inLanguage\":\"fr-FR\",\"@id\":\"https:\\\/\\\/maisontanase.com\\\/fr\\\/boutique\\\/vins-francais\\\/bordeaux-fr\\\/chateau-acker-perreau-2016\\\/#primaryimage\",\"url\":\"https:\\\/\\\/maisontanase.com\\\/wp-content\\\/uploads\\\/2024\\\/09\\\/Chateau-Acker-Perreau_AOP-Bordeaux_Rouge_Maison-Tanase-Wine-and-Spirits.png\",\"contentUrl\":\"https:\\\/\\\/maisontanase.com\\\/wp-content\\\/uploads\\\/2024\\\/09\\\/Chateau-Acker-Perreau_AOP-Bordeaux_Rouge_Maison-Tanase-Wine-and-Spirits.png\",\"width\":1000,\"height\":1000,\"caption\":\"Cha\u0302teau Acker Perreau_AOP Bordeaux_Rouge_Maison Tanase Wine and Spirits\"},{\"@type\":\"BreadcrumbList\",\"@id\":\"https:\\\/\\\/maisontanase.com\\\/fr\\\/boutique\\\/vins-francais\\\/bordeaux-fr\\\/chateau-acker-perreau-2016\\\/#breadcrumb\",\"itemListElement\":[{\"@type\":\"ListItem\",\"position\":1,\"name\":\"Accueil\",\"item\":\"https:\\\/\\\/maisontanase.com\\\/fr\\\/\"},{\"@type\":\"ListItem\",\"position\":2,\"name\":\"Boutique\",\"item\":\"https:\\\/\\\/maisontanase.com\\\/fr\\\/boutique-en-ligne-maison-tanase\\\/\"},{\"@type\":\"ListItem\",\"position\":3,\"name\":\"Ch\u00e2teau Acker Perreau 2016 &#8211; Bordeaux &#8211; Rouge\"}]},{\"@type\":\"WebSite\",\"@id\":\"https:\\\/\\\/maisontanase.com\\\/fr\\\/#website\",\"url\":\"https:\\\/\\\/maisontanase.com\\\/fr\\\/\",\"name\":\"Maison Tanase\",\"description\":\"Based in Bordeaux, Maison Tanase is a family-run business that produces and sells high-quality wines and spirits. Welcome to our online shop.\",\"publisher\":{\"@id\":\"https:\\\/\\\/maisontanase.com\\\/fr\\\/#organization\"},\"potentialAction\":[{\"@type\":\"SearchAction\",\"target\":{\"@type\":\"EntryPoint\",\"urlTemplate\":\"https:\\\/\\\/maisontanase.com\\\/fr\\\/?s={search_term_string}\"},\"query-input\":{\"@type\":\"PropertyValueSpecification\",\"valueRequired\":true,\"valueName\":\"search_term_string\"}}],\"inLanguage\":\"fr-FR\"},{\"@type\":\"Organization\",\"@id\":\"https:\\\/\\\/maisontanase.com\\\/fr\\\/#organization\",\"name\":\"Maison Tanase\",\"url\":\"https:\\\/\\\/maisontanase.com\\\/fr\\\/\",\"logo\":{\"@type\":\"ImageObject\",\"inLanguage\":\"fr-FR\",\"@id\":\"https:\\\/\\\/maisontanase.com\\\/fr\\\/#\\\/schema\\\/logo\\\/image\\\/\",\"url\":\"https:\\\/\\\/maisontanase.com\\\/wp-content\\\/uploads\\\/2022\\\/05\\\/maison-tanase.jpg\",\"contentUrl\":\"https:\\\/\\\/maisontanase.com\\\/wp-content\\\/uploads\\\/2022\\\/05\\\/maison-tanase.jpg\",\"width\":1200,\"height\":630,\"caption\":\"Maison Tanase\"},\"image\":{\"@id\":\"https:\\\/\\\/maisontanase.com\\\/fr\\\/#\\\/schema\\\/logo\\\/image\\\/\"}}]}<\/script>\n<!-- \/ Yoast SEO plugin. -->","yoast_head_json":{"title":"Ch\u00e2teau Acker Perreau 2016 - Rouge - AOP Bordeaux","description":"Achetez Ch\u00e2teau Acker Perreau 2016 - un d\u00e9licieux vin rouge de Bordeaux, avec un palais rond et intense. Paiement s\u00e9curis\u00e9. Livraison internationale rapide. Paiement s\u00e9curis\u00e9. Livraison internationale rapide.","robots":{"index":"index","follow":"follow","max-snippet":"max-snippet:-1","max-image-preview":"max-image-preview:large","max-video-preview":"max-video-preview:-1"},"canonical":"https:\/\/maisontanase.com\/fr\/boutique\/vins-francais\/bordeaux-fr\/chateau-acker-perreau-2016\/","og_locale":"fr_FR","og_type":"article","og_title":"Ch\u00e2teau Acker Perreau 2016 - Rouge - AOP Bordeaux","og_description":"Achetez Ch\u00e2teau Acker Perreau 2016 - un d\u00e9licieux vin rouge de Bordeaux, avec un palais rond et intense. Paiement s\u00e9curis\u00e9. Livraison internationale rapide.","og_url":"https:\/\/maisontanase.com\/fr\/boutique\/vins-francais\/bordeaux-fr\/chateau-acker-perreau-2016\/","og_site_name":"Maison Tanase","article_modified_time":"2026-04-07T10:28:56+00:00","og_image":[{"width":1000,"height":1000,"url":"https:\/\/maisontanase.com\/wp-content\/uploads\/2024\/09\/Chateau-Acker-Perreau_AOP-Bordeaux_Rouge_Maison-Tanase-Wine-and-Spirits.png","type":"image\/png"}],"twitter_card":"summary_large_image","twitter_title":"Ch\u00e2teau Acker Perreau 2016 - Rouge - AOP Bordeaux","twitter_description":"Achetez Ch\u00e2teau Acker Perreau 2016 - un d\u00e9licieux vin rouge de Bordeaux, avec un palais rond et intense. Paiement s\u00e9curis\u00e9. Livraison internationale rapide.","twitter_image":"https:\/\/maisontanase.com\/wp-content\/uploads\/2024\/09\/Chateau-Acker-Perreau_AOP-Bordeaux_Rouge_Maison-Tanase-Wine-and-Spirits.png","twitter_misc":{"Dur\u00e9e de lecture estim\u00e9e":"3 minutes"},"schema":{"@context":"https:\/\/schema.org","@graph":[{"@type":"WebPage","@id":"https:\/\/maisontanase.com\/fr\/boutique\/vins-francais\/bordeaux-fr\/chateau-acker-perreau-2016\/","url":"https:\/\/maisontanase.com\/fr\/boutique\/vins-francais\/bordeaux-fr\/chateau-acker-perreau-2016\/","name":"Ch\u00e2teau Acker Perreau 2016 - Rouge - AOP Bordeaux","isPartOf":{"@id":"https:\/\/maisontanase.com\/fr\/#website"},"primaryImageOfPage":{"@id":"https:\/\/maisontanase.com\/fr\/boutique\/vins-francais\/bordeaux-fr\/chateau-acker-perreau-2016\/#primaryimage"},"image":{"@id":"https:\/\/maisontanase.com\/fr\/boutique\/vins-francais\/bordeaux-fr\/chateau-acker-perreau-2016\/#primaryimage"},"thumbnailUrl":"https:\/\/maisontanase.com\/wp-content\/uploads\/2024\/09\/Chateau-Acker-Perreau_AOP-Bordeaux_Rouge_Maison-Tanase-Wine-and-Spirits.png","datePublished":"2024-09-23T14:04:24+00:00","dateModified":"2026-04-07T10:28:56+00:00","description":"Achetez Ch\u00e2teau Acker Perreau 2016 - un d\u00e9licieux vin rouge de Bordeaux, avec un palais rond et intense. Paiement s\u00e9curis\u00e9. Livraison internationale rapide. Paiement s\u00e9curis\u00e9. Livraison internationale rapide.","breadcrumb":{"@id":"https:\/\/maisontanase.com\/fr\/boutique\/vins-francais\/bordeaux-fr\/chateau-acker-perreau-2016\/#breadcrumb"},"inLanguage":"fr-FR","potentialAction":[{"@type":"ReadAction","target":["https:\/\/maisontanase.com\/fr\/boutique\/vins-francais\/bordeaux-fr\/chateau-acker-perreau-2016\/"]}]},{"@type":"ImageObject","inLanguage":"fr-FR","@id":"https:\/\/maisontanase.com\/fr\/boutique\/vins-francais\/bordeaux-fr\/chateau-acker-perreau-2016\/#primaryimage","url":"https:\/\/maisontanase.com\/wp-content\/uploads\/2024\/09\/Chateau-Acker-Perreau_AOP-Bordeaux_Rouge_Maison-Tanase-Wine-and-Spirits.png","contentUrl":"https:\/\/maisontanase.com\/wp-content\/uploads\/2024\/09\/Chateau-Acker-Perreau_AOP-Bordeaux_Rouge_Maison-Tanase-Wine-and-Spirits.png","width":1000,"height":1000,"caption":"Cha\u0302teau Acker Perreau_AOP Bordeaux_Rouge_Maison Tanase Wine and Spirits"},{"@type":"BreadcrumbList","@id":"https:\/\/maisontanase.com\/fr\/boutique\/vins-francais\/bordeaux-fr\/chateau-acker-perreau-2016\/#breadcrumb","itemListElement":[{"@type":"ListItem","position":1,"name":"Accueil","item":"https:\/\/maisontanase.com\/fr\/"},{"@type":"ListItem","position":2,"name":"Boutique","item":"https:\/\/maisontanase.com\/fr\/boutique-en-ligne-maison-tanase\/"},{"@type":"ListItem","position":3,"name":"Ch\u00e2teau Acker Perreau 2016 &#8211; Bordeaux &#8211; Rouge"}]},{"@type":"WebSite","@id":"https:\/\/maisontanase.com\/fr\/#website","url":"https:\/\/maisontanase.com\/fr\/","name":"Maison Tanase","description":"Based in Bordeaux, Maison Tanase is a family-run business that produces and sells high-quality wines and spirits. Welcome to our online shop.","publisher":{"@id":"https:\/\/maisontanase.com\/fr\/#organization"},"potentialAction":[{"@type":"SearchAction","target":{"@type":"EntryPoint","urlTemplate":"https:\/\/maisontanase.com\/fr\/?s={search_term_string}"},"query-input":{"@type":"PropertyValueSpecification","valueRequired":true,"valueName":"search_term_string"}}],"inLanguage":"fr-FR"},{"@type":"Organization","@id":"https:\/\/maisontanase.com\/fr\/#organization","name":"Maison Tanase","url":"https:\/\/maisontanase.com\/fr\/","logo":{"@type":"ImageObject","inLanguage":"fr-FR","@id":"https:\/\/maisontanase.com\/fr\/#\/schema\/logo\/image\/","url":"https:\/\/maisontanase.com\/wp-content\/uploads\/2022\/05\/maison-tanase.jpg","contentUrl":"https:\/\/maisontanase.com\/wp-content\/uploads\/2022\/05\/maison-tanase.jpg","width":1200,"height":630,"caption":"Maison Tanase"},"image":{"@id":"https:\/\/maisontanase.com\/fr\/#\/schema\/logo\/image\/"}}]}},"_links":{"self":[{"href":"https:\/\/maisontanase.com\/fr\/wp-json\/wp\/v2\/product\/16998","targetHints":{"allow":["GET"]}}],"collection":[{"href":"https:\/\/maisontanase.com\/fr\/wp-json\/wp\/v2\/product"}],"about":[{"href":"https:\/\/maisontanase.com\/fr\/wp-json\/wp\/v2\/types\/product"}],"replies":[{"embeddable":true,"href":"https:\/\/maisontanase.com\/fr\/wp-json\/wp\/v2\/comments?post=16998"}],"version-history":[{"count":5,"href":"https:\/\/maisontanase.com\/fr\/wp-json\/wp\/v2\/product\/16998\/revisions"}],"predecessor-version":[{"id":19224,"href":"https:\/\/maisontanase.com\/fr\/wp-json\/wp\/v2\/product\/16998\/revisions\/19224"}],"wp:featuredmedia":[{"embeddable":true,"href":"https:\/\/maisontanase.com\/fr\/wp-json\/wp\/v2\/media\/17002"}],"wp:attachment":[{"href":"https:\/\/maisontanase.com\/fr\/wp-json\/wp\/v2\/media?parent=16998"}],"wp:term":[{"taxonomy":"product_brand","embeddable":true,"href":"https:\/\/maisontanase.com\/fr\/wp-json\/wp\/v2\/product_brand?post=16998"},{"taxonomy":"product_cat","embeddable":true,"href":"https:\/\/maisontanase.com\/fr\/wp-json\/wp\/v2\/product_cat?post=16998"},{"taxonomy":"product_tag","embeddable":true,"href":"https:\/\/maisontanase.com\/fr\/wp-json\/wp\/v2\/product_tag?post=16998"}],"curies":[{"name":"wp","href":"https:\/\/api.w.org\/{rel}","templated":true}]}}