
{"id":16841,"date":"2024-09-19T14:26:48","date_gmt":"2024-09-19T12:26:48","guid":{"rendered":"https:\/\/maisontanase.com\/?post_type=product&#038;p=16841"},"modified":"2025-09-18T10:47:36","modified_gmt":"2025-09-18T08:47:36","slug":"chateau-franc-maillet-2019","status":"publish","type":"product","link":"https:\/\/maisontanase.com\/fr\/boutique\/vins-francais\/bordeaux-fr\/chateau-franc-maillet-2019\/","title":{"rendered":"Ch\u00e2teau Franc Maillet 2020 &#8211; Pomerol &#8211; Rouge"},"content":{"rendered":"\t\t<div data-elementor-type=\"wp-post\" data-elementor-id=\"16841\" class=\"elementor elementor-16841 elementor-16840\">\n\t\t\t\t\t\t<section class=\"elementor-section elementor-top-section elementor-element elementor-element-dfcbcc4 elementor-section-boxed elementor-section-height-default elementor-section-height-default\" data-id=\"dfcbcc4\" data-element_type=\"section\" data-e-type=\"section\" data-settings=\"{&quot;pix_scale_in&quot;:&quot;none&quot;}\">\n\t\t\t\t\t\t<div class=\"elementor-container elementor-column-gap-default\">\n\t\t\t\t\t<div class=\"elementor-column elementor-col-100 elementor-top-column elementor-element elementor-element-f0839c7\" data-id=\"f0839c7\" data-element_type=\"column\" data-e-type=\"column\" data-settings=\"{&quot;pix_scale_in&quot;:&quot;none&quot;}\">\n\t\t\t<div class=\"elementor-widget-wrap elementor-element-populated\">\n\t\t\t\t\t\t<div class=\"elementor-element elementor-element-121adfd elementor-widget elementor-widget-text-editor\" data-id=\"121adfd\" data-element_type=\"widget\" data-e-type=\"widget\" data-widget_type=\"text-editor.default\">\n\t\t\t\t<div class=\"elementor-widget-container\">\n\t\t\t\t\t\t\t\t\t<p><strong>Achetez en ligne le Ch\u00e2teau Franc Maillet <\/strong>\u2013 un vin rouge de Pomerol \u00e0 la bouche ronde, riche et intense, id\u00e9al pour les amateurs de grands vins bordelais.<\/p><p class=\"p1\"><a href=\"https:\/\/www.larvf.com\/chateau-franc-maillet-vieux-chateau-gachet,10495,401776.asp\"><strong><span class=\"s1\">Le Ch\u00e2teau Franc Maillet<\/span><\/strong><\/a> est un vin rouge de Pomerol parfaitement \u00e9quilibr\u00e9, aux tanins soyeux et aux ar\u00f4mes intenses de fruits noirs. <strong>\u00c9lev\u00e9 pendant 12 mois en f\u00fbts de ch\u00eane fran\u00e7ais<\/strong>, il r\u00e9v\u00e8le <strong>\u00e9l\u00e9gance et profondeur.<\/strong><\/p>\t\t\t\t\t\t\t\t<\/div>\n\t\t\t\t<\/div>\n\t\t\t\t<div class=\"elementor-element elementor-element-a9fd3c9 elementor-widget elementor-widget-heading\" data-id=\"a9fd3c9\" data-element_type=\"widget\" data-e-type=\"widget\" data-widget_type=\"heading.default\">\n\t\t\t\t<div class=\"elementor-widget-container\">\n\t\t\t\t\t<h2 class=\"elementor-heading-title elementor-size-default\">Histoire<\/h2>\t\t\t\t<\/div>\n\t\t\t\t<\/div>\n\t\t\t\t<div class=\"elementor-element elementor-element-f4eeb0a elementor-widget elementor-widget-text-editor\" data-id=\"f4eeb0a\" data-element_type=\"widget\" data-e-type=\"widget\" data-widget_type=\"text-editor.default\">\n\t\t\t\t<div class=\"elementor-widget-container\">\n\t\t\t\t\t\t\t\t\t<p><a href=\"https:\/\/avis-vin.lefigaro.fr\/vins-champagne\/bordeaux\/rive-droite\/d23445-chateau-franc-maillet\">Le <strong>Ch\u00e2teau Franc-Maillet<\/strong> fait partie des Vignobles G.Arpin, un <strong>domaine familial bordelais avec une longue histoire de viticulture<\/strong><\/a> sur le site de Maillet, \u00e0 quelques kilom\u00e8tres du village de <a href=\"https:\/\/www.bordeaux.com\/gb\/Our-Terroir\/The-Libournais\/Pomerol\"><strong>Pomerol<\/strong><\/a>.<\/p><p>Le domaine trouve ses origines dans la p\u00e9riode d\u2019apr\u00e8s-guerre mondiale lorsque Jean-Baptiste Arpin, de retour de la guerre, acheta des parcelles de vignes autour de Pomerol. La propri\u00e9t\u00e9 s\u2019est agrandie au fil des ann\u00e9es, mesurant aujourd\u2019hui 36 hectares.<\/p><p>Les Vignobles G.Arpin sont pr\u00e9sents sur les 4 appellations de la r\u00e9gion: <strong>Pomerol (Ch\u00e2teau Franc-Maillet)<\/strong>, Lalande-de-Pomerol (Ch\u00e2teau Vieux Gachet), Saint-Emilion (Ch\u00e2teau La Fleur Chantecaille) et Montagne-Saint-Emilion (Ch\u00e2teau Gachon).<\/p>\t\t\t\t\t\t\t\t<\/div>\n\t\t\t\t<\/div>\n\t\t\t\t<div class=\"elementor-element elementor-element-e53be77 elementor-widget elementor-widget-heading\" data-id=\"e53be77\" data-element_type=\"widget\" data-e-type=\"widget\" data-widget_type=\"heading.default\">\n\t\t\t\t<div class=\"elementor-widget-container\">\n\t\t\t\t\t<h2 class=\"elementor-heading-title elementor-size-default\">Viticulture<\/h2>\t\t\t\t<\/div>\n\t\t\t\t<\/div>\n\t\t\t\t<div class=\"elementor-element elementor-element-e022eb5 elementor-widget elementor-widget-text-editor\" data-id=\"e022eb5\" data-element_type=\"widget\" data-e-type=\"widget\" data-widget_type=\"text-editor.default\">\n\t\t\t\t<div class=\"elementor-widget-container\">\n\t\t\t\t\t\t\t\t\t<p class=\"p1\"><a href=\"https:\/\/www.hachette-vins.com\/guide-vins\/les-vins\/ch-franc-maillet-2015-2019\/201901734\/\">Le Ch\u00e2teau Franc-Maillet <\/a>est produit sur l&rsquo;appellation <strong>Pomerol, l&rsquo;un des plus beaux terroirs de la r\u00e9gion bordelaise.<\/strong><\/p><p class=\"p1\">Cultiv\u00e9 sur une superficie de 5,10 hectares, ce petit vignoble produit des <strong>vins rares et de grande qualit\u00e9<\/strong>.<\/p><p class=\"p1\">Les vignes du ch\u00e2teau ont une moyenne d&rsquo;\u00e2ge de 32 ans. Ils poussent sur des sols graveleux \u00e0 silico-graveleux bien drain\u00e9s, b\u00e9n\u00e9ficiant d&rsquo;un excellent ensoleillement.<\/p>\t\t\t\t\t\t\t\t<\/div>\n\t\t\t\t<\/div>\n\t\t\t\t<div class=\"elementor-element elementor-element-5c2148a elementor-widget elementor-widget-heading\" data-id=\"5c2148a\" data-element_type=\"widget\" data-e-type=\"widget\" data-widget_type=\"heading.default\">\n\t\t\t\t<div class=\"elementor-widget-container\">\n\t\t\t\t\t<h2 class=\"elementor-heading-title elementor-size-default\">Vinification<\/h2>\t\t\t\t<\/div>\n\t\t\t\t<\/div>\n\t\t\t\t<div class=\"elementor-element elementor-element-f24e5a7 elementor-widget elementor-widget-text-editor\" data-id=\"f24e5a7\" data-element_type=\"widget\" data-e-type=\"widget\" data-widget_type=\"text-editor.default\">\n\t\t\t\t<div class=\"elementor-widget-container\">\n\t\t\t\t\t\t\t\t\t<p>Ch\u00e2teau Franc Maillet de Pomerol est \u00e9labor\u00e9 \u00e0 partir de deux c\u00e9pages embl\u00e9matiques : <strong>80% Merlot<\/strong> et <strong>20% Cabernet Franc<\/strong>, offrant un \u00e9quilibre parfait entre rondeur, intensit\u00e9 aromatique et \u00e9l\u00e9gance.<\/p><p>Le pourcentage important de Merlot donne des vins ronds, \u00e9l\u00e9gants, avec beaucoup de corps et de fruit.<\/p><p>Le vin est <strong>\u00e9lev\u00e9 12 mois en f\u00fbts de ch\u00eane fran\u00e7ais<\/strong>, conf\u00e9rant de belles notes l\u00e9g\u00e8rement bois\u00e9es \u00e0 ce vin, qui conserve encore des ar\u00f4mes pr\u00e9dominants de violette, de cerise noire, de griotte, de prune m\u00fbre et de groseille.<\/p>\t\t\t\t\t\t\t\t<\/div>\n\t\t\t\t<\/div>\n\t\t\t\t<div class=\"elementor-element elementor-element-7cae827 elementor-widget elementor-widget-heading\" data-id=\"7cae827\" data-element_type=\"widget\" data-e-type=\"widget\" data-widget_type=\"heading.default\">\n\t\t\t\t<div class=\"elementor-widget-container\">\n\t\t\t\t\t<h2 class=\"elementor-heading-title elementor-size-default\">D\u00e9gustation<\/h2>\t\t\t\t<\/div>\n\t\t\t\t<\/div>\n\t\t\t\t<div class=\"elementor-element elementor-element-bbc90bf elementor-widget elementor-widget-text-editor\" data-id=\"bbc90bf\" data-element_type=\"widget\" data-e-type=\"widget\" data-widget_type=\"text-editor.default\">\n\t\t\t\t<div class=\"elementor-widget-container\">\n\t\t\t\t\t\t\t\t\t<p data-start=\"371\" data-end=\"629\"><strong data-start=\"371\" data-end=\"403\">Notes de d\u00e9gustation<\/strong><br data-start=\"403\" data-end=\"406\"><strong><a href=\"https:\/\/chateaux-g-arpin-la-boutique.fr\/\">Le Ch\u00e2teau Franc-Maillet 2020<\/a><\/strong> se distingue par une robe rubis profonde aux reflets noirs, signe de sa jeunesse et de son intensit\u00e9. Son nez expressif d\u00e9voile de petits fruits m\u00fbrs, de la griotte, des notes bois\u00e9es subtiles, des \u00e9pices douces et surtout cette fameuse touche de violette, embl\u00e9matique des grands vins de Pomerol. <\/p><p data-start=\"631\" data-end=\"843\">En bouche, il se montre rond, dense et g\u00e9n\u00e9reux, port\u00e9 par des tanins soyeux. La finale longue et velout\u00e9e est sublim\u00e9e par une fra\u00eecheur min\u00e9rale et des nuances de fruits \u00e0 noyau issues de ses sols graveleux. Un vin qui marie avec brio puissance et \u00e9l\u00e9gance. <\/p><p data-start=\"845\" data-end=\"907\"><span style=\"text-decoration: underline;\">Servez-le entre 15 et 17\u00b0C<\/span> pour lui permettre d\u2019exprimer toute la richesse de son bouquet aromatique.<\/p><p data-start=\"909\" data-end=\"1166\"><strong data-start=\"909\" data-end=\"925\">Accords Mets &amp; Vin<\/strong><br data-start=\"925\" data-end=\"928\"><a href=\"https:\/\/www.saint-emilion-pomerol-fronsac.com\/en\/liens-utiles-2\/food-and-wine-pairings\/\">Ce Pomerol d\u2019exception accompagne parfaitement<\/a> les viandes rouges grill\u00e9es ou r\u00f4ties, les plats mijot\u00e9s et les barbecues. Il s\u2019associe \u00e0 merveille avec le lapin, le porc r\u00f4ti et une cuisine raffin\u00e9e, ce qui en fait un choix id\u00e9al aussi bien pour un d\u00eener gastronomique que pour des occasions festives. <\/p>\t\t\t\t\t\t\t\t<\/div>\n\t\t\t\t<\/div>\n\t\t\t\t\t<\/div>\n\t\t<\/div>\n\t\t\t\t\t<\/div>\n\t\t<\/section>\n\t\t\t\t<\/div>\n\t\t","protected":false},"excerpt":{"rendered":"<p class=\"p1\"><strong>Le Ch\u00e2teau Franc Maillet 2020<\/strong> figure <strong>parmi les vins les plus recherch\u00e9s de la <a href=\"https:\/\/www.saint-emilion-pomerol-fronsac.com\/en\/liens-utiles-2\/food-and-wine-pairings\/\">prestigieuse appellation Pomerol<\/a>.<\/strong><\/p>\n<p class=\"p1\">Profitez de ce <strong>grand vin rouge de Bordeaux<\/strong> qui allie <strong>\u00e9l\u00e9gance et raffinement<\/strong>, tout en offrant un <strong>rapport qualit\u00e9-prix remarquable.<\/strong><\/p>\n<p class=\"p1\">Distribu\u00e9 par Maison Tanase, Ch\u00e2teau Franc Maillet est recommand\u00e9 par <strong>Bettane &amp; Desseauve<\/strong>, <a href=\"https:\/\/www.hachette-vins.com\/guide-vins\/les-vins\/ch-franc-maillet-2018-2022\/202260391\/\"><strong>Le Guide Hachette des Vins<\/strong><\/a> et <a href=\"https:\/\/www.larvf.com\/chateau-franc-maillet-vieux-chateau-gachet,10495,401776.asp\"><strong>La Revue du Vin de France<\/strong><\/a>.<\/p>\n","protected":false},"featured_media":16990,"comment_status":"open","ping_status":"closed","template":"","meta":[],"product_brand":[],"product_cat":[134,133],"product_tag":[222,314,269,171],"class_list":{"0":"post-16841","1":"product","2":"type-product","3":"status-publish","4":"has-post-thumbnail","6":"product_cat-bordeaux-fr","7":"product_cat-vins-francais","8":"product_tag-bordeaux-fr","9":"product_tag-franc-maillet-fr","10":"product_tag-pomerol-fr","11":"product_tag-vin-rouge","13":"first","14":"instock","15":"shipping-taxable","16":"purchasable","17":"product-type-simple"},"yoast_head":"<!-- This site is optimized with the Yoast SEO plugin v27.3 - https:\/\/yoast.com\/product\/yoast-seo-wordpress\/ -->\n<title>Ch\u00e2teau Franc Maillet 2020 - Bordeaux Vin Rouge - AOP Pomerol<\/title>\n<meta name=\"description\" content=\"Achetez en ligne Ch\u00e2teau Franc Maillet 2020 \u2013 un vin rouge de Pomerol \u00e0 la bouche ronde, riche et intense, disponible au meilleur prix avec livraison rapide et s\u00e9curis\u00e9e chez Maison Tanase. Paiement s\u00e9curis\u00e9. Livraison internationale rapide.\" \/>\n<meta name=\"robots\" content=\"index, follow, max-snippet:-1, max-image-preview:large, max-video-preview:-1\" \/>\n<link rel=\"canonical\" href=\"https:\/\/maisontanase.com\/fr\/boutique\/vins-francais\/bordeaux-fr\/chateau-franc-maillet-2019\/\" \/>\n<meta property=\"og:locale\" content=\"fr_FR\" \/>\n<meta property=\"og:type\" content=\"article\" \/>\n<meta property=\"og:title\" content=\"Ch\u00e2teau Franc Maillet 2020 - Vin Rouge - AOP Pomerol\" \/>\n<meta property=\"og:description\" content=\"Achetez en ligne Ch\u00e2teau Franc Maillet 2020 \u2013 un vin rouge de Pomerol \u00e0 la bouche ronde, riche et intense, disponible au meilleur prix avec livraison rapide et s\u00e9curis\u00e9e chez Maison Tanase. Paiement s\u00e9curis\u00e9. Livraison internationale rapide.\" \/>\n<meta property=\"og:url\" content=\"https:\/\/maisontanase.com\/fr\/boutique\/vins-francais\/bordeaux-fr\/chateau-franc-maillet-2019\/\" \/>\n<meta property=\"og:site_name\" content=\"Maison Tanase\" \/>\n<meta property=\"article:modified_time\" content=\"2025-09-18T08:47:36+00:00\" \/>\n<meta property=\"og:image\" content=\"https:\/\/maisontanase.com\/wp-content\/uploads\/2024\/09\/Web_Chateau-Franc-Maillet_Maison-Tanase-Wine-and-Spirits.png\" \/>\n\t<meta property=\"og:image:width\" content=\"1000\" \/>\n\t<meta property=\"og:image:height\" content=\"1000\" \/>\n\t<meta property=\"og:image:type\" content=\"image\/png\" \/>\n<meta name=\"twitter:card\" content=\"summary_large_image\" \/>\n<meta name=\"twitter:title\" content=\"Ch\u00e2teau Franc Maillet 2020 - Vin Rouge - AOP Pomerol\" \/>\n<meta name=\"twitter:description\" content=\"Achetez en ligne Ch\u00e2teau Franc Maillet 2020 \u2013 un vin rouge de Pomerol \u00e0 la bouche ronde, riche et intense, disponible au meilleur prix avec livraison rapide et s\u00e9curis\u00e9e chez Maison Tanase. Paiement s\u00e9curis\u00e9. Livraison internationale rapide.\" \/>\n<meta name=\"twitter:image\" content=\"https:\/\/maisontanase.com\/wp-content\/uploads\/2023\/11\/Chateau-Brown-_2021_Pessac-Leognan_Vin-Rouge-de-Bordeaux-par-Maison-Tanase.png\" \/>\n<meta name=\"twitter:label1\" content=\"Dur\u00e9e de lecture estim\u00e9e\" \/>\n\t<meta name=\"twitter:data1\" content=\"3 minutes\" \/>\n<script type=\"application\/ld+json\" class=\"yoast-schema-graph\">{\"@context\":\"https:\\\/\\\/schema.org\",\"@graph\":[{\"@type\":\"WebPage\",\"@id\":\"https:\\\/\\\/maisontanase.com\\\/fr\\\/boutique\\\/vins-francais\\\/bordeaux-fr\\\/chateau-franc-maillet-2019\\\/\",\"url\":\"https:\\\/\\\/maisontanase.com\\\/fr\\\/boutique\\\/vins-francais\\\/bordeaux-fr\\\/chateau-franc-maillet-2019\\\/\",\"name\":\"Ch\u00e2teau Franc Maillet 2020 - Bordeaux Vin Rouge - AOP Pomerol\",\"isPartOf\":{\"@id\":\"https:\\\/\\\/maisontanase.com\\\/fr\\\/#website\"},\"primaryImageOfPage\":{\"@id\":\"https:\\\/\\\/maisontanase.com\\\/fr\\\/boutique\\\/vins-francais\\\/bordeaux-fr\\\/chateau-franc-maillet-2019\\\/#primaryimage\"},\"image\":{\"@id\":\"https:\\\/\\\/maisontanase.com\\\/fr\\\/boutique\\\/vins-francais\\\/bordeaux-fr\\\/chateau-franc-maillet-2019\\\/#primaryimage\"},\"thumbnailUrl\":\"https:\\\/\\\/maisontanase.com\\\/wp-content\\\/uploads\\\/2024\\\/09\\\/Web_Chateau-Franc-Maillet_Maison-Tanase-Wine-and-Spirits.png\",\"datePublished\":\"2024-09-19T12:26:48+00:00\",\"dateModified\":\"2025-09-18T08:47:36+00:00\",\"description\":\"Achetez en ligne Ch\u00e2teau Franc Maillet 2020 \u2013 un vin rouge de Pomerol \u00e0 la bouche ronde, riche et intense, disponible au meilleur prix avec livraison rapide et s\u00e9curis\u00e9e chez Maison Tanase. Paiement s\u00e9curis\u00e9. Livraison internationale rapide.\",\"breadcrumb\":{\"@id\":\"https:\\\/\\\/maisontanase.com\\\/fr\\\/boutique\\\/vins-francais\\\/bordeaux-fr\\\/chateau-franc-maillet-2019\\\/#breadcrumb\"},\"inLanguage\":\"fr-FR\",\"potentialAction\":[{\"@type\":\"ReadAction\",\"target\":[\"https:\\\/\\\/maisontanase.com\\\/fr\\\/boutique\\\/vins-francais\\\/bordeaux-fr\\\/chateau-franc-maillet-2019\\\/\"]}]},{\"@type\":\"ImageObject\",\"inLanguage\":\"fr-FR\",\"@id\":\"https:\\\/\\\/maisontanase.com\\\/fr\\\/boutique\\\/vins-francais\\\/bordeaux-fr\\\/chateau-franc-maillet-2019\\\/#primaryimage\",\"url\":\"https:\\\/\\\/maisontanase.com\\\/wp-content\\\/uploads\\\/2024\\\/09\\\/Web_Chateau-Franc-Maillet_Maison-Tanase-Wine-and-Spirits.png\",\"contentUrl\":\"https:\\\/\\\/maisontanase.com\\\/wp-content\\\/uploads\\\/2024\\\/09\\\/Web_Chateau-Franc-Maillet_Maison-Tanase-Wine-and-Spirits.png\",\"width\":1000,\"height\":1000,\"caption\":\"Acheter en ligne vin rouge de Bordeaux Pomerol_Chateau Franc Maillet de chez Maison Tanase Wine and Spirits grossiste vin pour particuliers et professionnels\"},{\"@type\":\"BreadcrumbList\",\"@id\":\"https:\\\/\\\/maisontanase.com\\\/fr\\\/boutique\\\/vins-francais\\\/bordeaux-fr\\\/chateau-franc-maillet-2019\\\/#breadcrumb\",\"itemListElement\":[{\"@type\":\"ListItem\",\"position\":1,\"name\":\"Accueil\",\"item\":\"https:\\\/\\\/maisontanase.com\\\/fr\\\/\"},{\"@type\":\"ListItem\",\"position\":2,\"name\":\"Boutique\",\"item\":\"https:\\\/\\\/maisontanase.com\\\/fr\\\/boutique-en-ligne-maison-tanase\\\/\"},{\"@type\":\"ListItem\",\"position\":3,\"name\":\"Ch\u00e2teau Franc Maillet 2020 &#8211; Pomerol &#8211; Rouge\"}]},{\"@type\":\"WebSite\",\"@id\":\"https:\\\/\\\/maisontanase.com\\\/fr\\\/#website\",\"url\":\"https:\\\/\\\/maisontanase.com\\\/fr\\\/\",\"name\":\"Maison Tanase\",\"description\":\"Based in Bordeaux, Maison Tanase is a family-run business that produces and sells high-quality wines and spirits. Welcome to our online shop.\",\"publisher\":{\"@id\":\"https:\\\/\\\/maisontanase.com\\\/fr\\\/#organization\"},\"potentialAction\":[{\"@type\":\"SearchAction\",\"target\":{\"@type\":\"EntryPoint\",\"urlTemplate\":\"https:\\\/\\\/maisontanase.com\\\/fr\\\/?s={search_term_string}\"},\"query-input\":{\"@type\":\"PropertyValueSpecification\",\"valueRequired\":true,\"valueName\":\"search_term_string\"}}],\"inLanguage\":\"fr-FR\"},{\"@type\":\"Organization\",\"@id\":\"https:\\\/\\\/maisontanase.com\\\/fr\\\/#organization\",\"name\":\"Maison Tanase\",\"url\":\"https:\\\/\\\/maisontanase.com\\\/fr\\\/\",\"logo\":{\"@type\":\"ImageObject\",\"inLanguage\":\"fr-FR\",\"@id\":\"https:\\\/\\\/maisontanase.com\\\/fr\\\/#\\\/schema\\\/logo\\\/image\\\/\",\"url\":\"https:\\\/\\\/maisontanase.com\\\/wp-content\\\/uploads\\\/2022\\\/05\\\/maison-tanase.jpg\",\"contentUrl\":\"https:\\\/\\\/maisontanase.com\\\/wp-content\\\/uploads\\\/2022\\\/05\\\/maison-tanase.jpg\",\"width\":1200,\"height\":630,\"caption\":\"Maison Tanase\"},\"image\":{\"@id\":\"https:\\\/\\\/maisontanase.com\\\/fr\\\/#\\\/schema\\\/logo\\\/image\\\/\"}}]}<\/script>\n<!-- \/ Yoast SEO plugin. -->","yoast_head_json":{"title":"Ch\u00e2teau Franc Maillet 2020 - Bordeaux Vin Rouge - AOP Pomerol","description":"Achetez en ligne Ch\u00e2teau Franc Maillet 2020 \u2013 un vin rouge de Pomerol \u00e0 la bouche ronde, riche et intense, disponible au meilleur prix avec livraison rapide et s\u00e9curis\u00e9e chez Maison Tanase. Paiement s\u00e9curis\u00e9. Livraison internationale rapide.","robots":{"index":"index","follow":"follow","max-snippet":"max-snippet:-1","max-image-preview":"max-image-preview:large","max-video-preview":"max-video-preview:-1"},"canonical":"https:\/\/maisontanase.com\/fr\/boutique\/vins-francais\/bordeaux-fr\/chateau-franc-maillet-2019\/","og_locale":"fr_FR","og_type":"article","og_title":"Ch\u00e2teau Franc Maillet 2020 - Vin Rouge - AOP Pomerol","og_description":"Achetez en ligne Ch\u00e2teau Franc Maillet 2020 \u2013 un vin rouge de Pomerol \u00e0 la bouche ronde, riche et intense, disponible au meilleur prix avec livraison rapide et s\u00e9curis\u00e9e chez Maison Tanase. Paiement s\u00e9curis\u00e9. Livraison internationale rapide.","og_url":"https:\/\/maisontanase.com\/fr\/boutique\/vins-francais\/bordeaux-fr\/chateau-franc-maillet-2019\/","og_site_name":"Maison Tanase","article_modified_time":"2025-09-18T08:47:36+00:00","og_image":[{"width":1000,"height":1000,"url":"https:\/\/maisontanase.com\/wp-content\/uploads\/2024\/09\/Web_Chateau-Franc-Maillet_Maison-Tanase-Wine-and-Spirits.png","type":"image\/png"}],"twitter_card":"summary_large_image","twitter_title":"Ch\u00e2teau Franc Maillet 2020 - Vin Rouge - AOP Pomerol","twitter_description":"Achetez en ligne Ch\u00e2teau Franc Maillet 2020 \u2013 un vin rouge de Pomerol \u00e0 la bouche ronde, riche et intense, disponible au meilleur prix avec livraison rapide et s\u00e9curis\u00e9e chez Maison Tanase. Paiement s\u00e9curis\u00e9. Livraison internationale rapide.","twitter_image":"https:\/\/maisontanase.com\/wp-content\/uploads\/2023\/11\/Chateau-Brown-_2021_Pessac-Leognan_Vin-Rouge-de-Bordeaux-par-Maison-Tanase.png","twitter_misc":{"Dur\u00e9e de lecture estim\u00e9e":"3 minutes"},"schema":{"@context":"https:\/\/schema.org","@graph":[{"@type":"WebPage","@id":"https:\/\/maisontanase.com\/fr\/boutique\/vins-francais\/bordeaux-fr\/chateau-franc-maillet-2019\/","url":"https:\/\/maisontanase.com\/fr\/boutique\/vins-francais\/bordeaux-fr\/chateau-franc-maillet-2019\/","name":"Ch\u00e2teau Franc Maillet 2020 - Bordeaux Vin Rouge - AOP Pomerol","isPartOf":{"@id":"https:\/\/maisontanase.com\/fr\/#website"},"primaryImageOfPage":{"@id":"https:\/\/maisontanase.com\/fr\/boutique\/vins-francais\/bordeaux-fr\/chateau-franc-maillet-2019\/#primaryimage"},"image":{"@id":"https:\/\/maisontanase.com\/fr\/boutique\/vins-francais\/bordeaux-fr\/chateau-franc-maillet-2019\/#primaryimage"},"thumbnailUrl":"https:\/\/maisontanase.com\/wp-content\/uploads\/2024\/09\/Web_Chateau-Franc-Maillet_Maison-Tanase-Wine-and-Spirits.png","datePublished":"2024-09-19T12:26:48+00:00","dateModified":"2025-09-18T08:47:36+00:00","description":"Achetez en ligne Ch\u00e2teau Franc Maillet 2020 \u2013 un vin rouge de Pomerol \u00e0 la bouche ronde, riche et intense, disponible au meilleur prix avec livraison rapide et s\u00e9curis\u00e9e chez Maison Tanase. Paiement s\u00e9curis\u00e9. Livraison internationale rapide.","breadcrumb":{"@id":"https:\/\/maisontanase.com\/fr\/boutique\/vins-francais\/bordeaux-fr\/chateau-franc-maillet-2019\/#breadcrumb"},"inLanguage":"fr-FR","potentialAction":[{"@type":"ReadAction","target":["https:\/\/maisontanase.com\/fr\/boutique\/vins-francais\/bordeaux-fr\/chateau-franc-maillet-2019\/"]}]},{"@type":"ImageObject","inLanguage":"fr-FR","@id":"https:\/\/maisontanase.com\/fr\/boutique\/vins-francais\/bordeaux-fr\/chateau-franc-maillet-2019\/#primaryimage","url":"https:\/\/maisontanase.com\/wp-content\/uploads\/2024\/09\/Web_Chateau-Franc-Maillet_Maison-Tanase-Wine-and-Spirits.png","contentUrl":"https:\/\/maisontanase.com\/wp-content\/uploads\/2024\/09\/Web_Chateau-Franc-Maillet_Maison-Tanase-Wine-and-Spirits.png","width":1000,"height":1000,"caption":"Acheter en ligne vin rouge de Bordeaux Pomerol_Chateau Franc Maillet de chez Maison Tanase Wine and Spirits grossiste vin pour particuliers et professionnels"},{"@type":"BreadcrumbList","@id":"https:\/\/maisontanase.com\/fr\/boutique\/vins-francais\/bordeaux-fr\/chateau-franc-maillet-2019\/#breadcrumb","itemListElement":[{"@type":"ListItem","position":1,"name":"Accueil","item":"https:\/\/maisontanase.com\/fr\/"},{"@type":"ListItem","position":2,"name":"Boutique","item":"https:\/\/maisontanase.com\/fr\/boutique-en-ligne-maison-tanase\/"},{"@type":"ListItem","position":3,"name":"Ch\u00e2teau Franc Maillet 2020 &#8211; Pomerol &#8211; Rouge"}]},{"@type":"WebSite","@id":"https:\/\/maisontanase.com\/fr\/#website","url":"https:\/\/maisontanase.com\/fr\/","name":"Maison Tanase","description":"Based in Bordeaux, Maison Tanase is a family-run business that produces and sells high-quality wines and spirits. Welcome to our online shop.","publisher":{"@id":"https:\/\/maisontanase.com\/fr\/#organization"},"potentialAction":[{"@type":"SearchAction","target":{"@type":"EntryPoint","urlTemplate":"https:\/\/maisontanase.com\/fr\/?s={search_term_string}"},"query-input":{"@type":"PropertyValueSpecification","valueRequired":true,"valueName":"search_term_string"}}],"inLanguage":"fr-FR"},{"@type":"Organization","@id":"https:\/\/maisontanase.com\/fr\/#organization","name":"Maison Tanase","url":"https:\/\/maisontanase.com\/fr\/","logo":{"@type":"ImageObject","inLanguage":"fr-FR","@id":"https:\/\/maisontanase.com\/fr\/#\/schema\/logo\/image\/","url":"https:\/\/maisontanase.com\/wp-content\/uploads\/2022\/05\/maison-tanase.jpg","contentUrl":"https:\/\/maisontanase.com\/wp-content\/uploads\/2022\/05\/maison-tanase.jpg","width":1200,"height":630,"caption":"Maison Tanase"},"image":{"@id":"https:\/\/maisontanase.com\/fr\/#\/schema\/logo\/image\/"}}]}},"_links":{"self":[{"href":"https:\/\/maisontanase.com\/fr\/wp-json\/wp\/v2\/product\/16841","targetHints":{"allow":["GET"]}}],"collection":[{"href":"https:\/\/maisontanase.com\/fr\/wp-json\/wp\/v2\/product"}],"about":[{"href":"https:\/\/maisontanase.com\/fr\/wp-json\/wp\/v2\/types\/product"}],"replies":[{"embeddable":true,"href":"https:\/\/maisontanase.com\/fr\/wp-json\/wp\/v2\/comments?post=16841"}],"version-history":[{"count":8,"href":"https:\/\/maisontanase.com\/fr\/wp-json\/wp\/v2\/product\/16841\/revisions"}],"predecessor-version":[{"id":19083,"href":"https:\/\/maisontanase.com\/fr\/wp-json\/wp\/v2\/product\/16841\/revisions\/19083"}],"wp:featuredmedia":[{"embeddable":true,"href":"https:\/\/maisontanase.com\/fr\/wp-json\/wp\/v2\/media\/16990"}],"wp:attachment":[{"href":"https:\/\/maisontanase.com\/fr\/wp-json\/wp\/v2\/media?parent=16841"}],"wp:term":[{"taxonomy":"product_brand","embeddable":true,"href":"https:\/\/maisontanase.com\/fr\/wp-json\/wp\/v2\/product_brand?post=16841"},{"taxonomy":"product_cat","embeddable":true,"href":"https:\/\/maisontanase.com\/fr\/wp-json\/wp\/v2\/product_cat?post=16841"},{"taxonomy":"product_tag","embeddable":true,"href":"https:\/\/maisontanase.com\/fr\/wp-json\/wp\/v2\/product_tag?post=16841"}],"curies":[{"name":"wp","href":"https:\/\/api.w.org\/{rel}","templated":true}]}}