
{"id":16755,"date":"2024-01-11T12:19:07","date_gmt":"2024-01-11T11:19:07","guid":{"rendered":"https:\/\/maisontanase.com\/?post_type=product&#038;p=16755"},"modified":"2025-09-18T11:40:30","modified_gmt":"2025-09-18T09:40:30","slug":"chateau-fourreau-2018-bordeaux-superieur-rouge","status":"publish","type":"product","link":"https:\/\/maisontanase.com\/fr\/boutique\/vins-francais\/bordeaux-fr\/chateau-fourreau-2018-bordeaux-superieur-rouge\/","title":{"rendered":"Chateau Fourreau 2018 &#8211; Bordeaux Superieur &#8211; Rouge"},"content":{"rendered":"\t\t<div data-elementor-type=\"wp-post\" data-elementor-id=\"16755\" class=\"elementor elementor-16755 elementor-16756\">\n\t\t\t\t\t\t<section class=\"elementor-section elementor-top-section elementor-element elementor-element-dfcbcc4 elementor-section-boxed elementor-section-height-default elementor-section-height-default\" data-id=\"dfcbcc4\" data-element_type=\"section\" data-e-type=\"section\" data-settings=\"{&quot;pix_scale_in&quot;:&quot;none&quot;}\">\n\t\t\t\t\t\t<div class=\"elementor-container elementor-column-gap-default\">\n\t\t\t\t\t<div class=\"elementor-column elementor-col-100 elementor-top-column elementor-element elementor-element-f0839c7\" data-id=\"f0839c7\" data-element_type=\"column\" data-e-type=\"column\" data-settings=\"{&quot;pix_scale_in&quot;:&quot;none&quot;}\">\n\t\t\t<div class=\"elementor-widget-wrap elementor-element-populated\">\n\t\t\t\t\t\t<div class=\"elementor-element elementor-element-121adfd elementor-widget elementor-widget-text-editor\" data-id=\"121adfd\" data-element_type=\"widget\" data-e-type=\"widget\" data-widget_type=\"text-editor.default\">\n\t\t\t\t<div class=\"elementor-widget-container\">\n\t\t\t\t\t\t\t\t\t<p class=\"p1\"><strong>Achetez en ligne le Ch\u00e2teau Fourreau 2018<\/strong> &#8211; un d\u00e9licieux vin rouge au palais rond, riche et cors\u00e9. Paiement s\u00e9curis\u00e9. Livraison internationale rapide.<\/p><p class=\"p1\">Un vin \u00e9quilibr\u00e9 aux tanins soyeux et aux ar\u00f4mes de fruits noirs, issu de 3 c\u00e9pages: Cabernet Sauvignon, Merlot et Petit Verdot.<\/p>\t\t\t\t\t\t\t\t<\/div>\n\t\t\t\t<\/div>\n\t\t\t\t<div class=\"elementor-element elementor-element-a9fd3c9 elementor-widget elementor-widget-heading\" data-id=\"a9fd3c9\" data-element_type=\"widget\" data-e-type=\"widget\" data-widget_type=\"heading.default\">\n\t\t\t\t<div class=\"elementor-widget-container\">\n\t\t\t\t\t<h2 class=\"elementor-heading-title elementor-size-default\">Histoire<\/h2>\t\t\t\t<\/div>\n\t\t\t\t<\/div>\n\t\t\t\t<div class=\"elementor-element elementor-element-f4eeb0a elementor-widget elementor-widget-text-editor\" data-id=\"f4eeb0a\" data-element_type=\"widget\" data-e-type=\"widget\" data-widget_type=\"text-editor.default\">\n\t\t\t\t<div class=\"elementor-widget-container\">\n\t\t\t\t\t\t\t\t\t<p class=\"p1\">Il y a plus de cinquante ans, la famille Barse s&rsquo;est lanc\u00e9e dans un voyage qui laisserait une empreinte durable sur la commune de Pujols, anim\u00e9e par une vision commune de perp\u00e9tuer la riche tradition de production de vin au Ch\u00e2teau Fourreau.<\/p><p class=\"p1\">Aujourd&rsquo;hui, les r\u00eanes du Ch\u00e2teau Fourreau sont fermement tenues par les mains capables de la <span style=\"text-decoration: underline;\">troisi\u00e8me et quatri\u00e8me g\u00e9n\u00e9rations de la famille Barse.<\/span><\/p><p class=\"p1\">Celle-ci reste d\u00e9vou\u00e9e \u00e0 \u00e9laborer des vins qui non seulement mettent en valeur les caract\u00e9ristiques uniques du terroir bordelais, mais qui encapsulent \u00e9galement l&rsquo;esprit de continuit\u00e9 familiale et <strong>l&rsquo;engagement \u00e0 produire des vins d&rsquo;exception.<\/strong><\/p>\t\t\t\t\t\t\t\t<\/div>\n\t\t\t\t<\/div>\n\t\t\t\t<div class=\"elementor-element elementor-element-e53be77 elementor-widget elementor-widget-heading\" data-id=\"e53be77\" data-element_type=\"widget\" data-e-type=\"widget\" data-widget_type=\"heading.default\">\n\t\t\t\t<div class=\"elementor-widget-container\">\n\t\t\t\t\t<h2 class=\"elementor-heading-title elementor-size-default\">Viticulture<\/h2>\t\t\t\t<\/div>\n\t\t\t\t<\/div>\n\t\t\t\t<div class=\"elementor-element elementor-element-e022eb5 elementor-widget elementor-widget-text-editor\" data-id=\"e022eb5\" data-element_type=\"widget\" data-e-type=\"widget\" data-widget_type=\"text-editor.default\">\n\t\t\t\t<div class=\"elementor-widget-container\">\n\t\t\t\t\t\t\t\t\t<p class=\"p1\">Le vignoble du Ch\u00e2teau Fourreau est situ\u00e9 sur un coteau argilo-calcaire et de silex.<\/p><p class=\"p1\">Le domaine pratique une viticulture \u00e9co-responsable. Il a obtenu la <strong>prestigieuse certification HVE (Haute Valeur Environnementale).<\/strong><\/p>\t\t\t\t\t\t\t\t<\/div>\n\t\t\t\t<\/div>\n\t\t\t\t<div class=\"elementor-element elementor-element-5c2148a elementor-widget elementor-widget-heading\" data-id=\"5c2148a\" data-element_type=\"widget\" data-e-type=\"widget\" data-widget_type=\"heading.default\">\n\t\t\t\t<div class=\"elementor-widget-container\">\n\t\t\t\t\t<h2 class=\"elementor-heading-title elementor-size-default\">Vinification<\/h2>\t\t\t\t<\/div>\n\t\t\t\t<\/div>\n\t\t\t\t<div class=\"elementor-element elementor-element-f24e5a7 elementor-widget elementor-widget-text-editor\" data-id=\"f24e5a7\" data-element_type=\"widget\" data-e-type=\"widget\" data-widget_type=\"text-editor.default\">\n\t\t\t\t<div class=\"elementor-widget-container\">\n\t\t\t\t\t\t\t\t\t<p class=\"p1\">Pour l\u2019\u00e9laboration du <strong>Ch\u00e2teau Fourreau 2018<\/strong>, l\u2019assemblage r\u00e9unit trois c\u00e9pages embl\u00e9matiques de Bordeaux : <strong>Merlot<\/strong><span class=\"s1\">, <\/span><strong>Cabernet Franc<\/strong><span class=\"s1\"><strong> <\/strong>et <\/span><strong>Cabernet Sauvignon<\/strong>.<\/p><p class=\"p1\">Apr\u00e8s le processus m\u00e9ticuleux de tri et d&rsquo;\u00e9raflage, la vendange subit une courte p\u00e9riode de mac\u00e9ration \u00e0 froid dans des cuves en acier inoxydable thermo-r\u00e9gul\u00e9es de pointe, qui dure quelques jours.<\/p><p class=\"p1\">Ensuite, un processus de fermentation s&rsquo;\u00e9tendant sur 15 \u00e0 20 jours a lieu. Le d\u00e9marrage de la fermentation malolactique contribue \u00e0 l&rsquo;effet adoucissant du vin.<\/p><p class=\"p1\">Apr\u00e8s la p\u00e9riode hivernale, le vin est d\u00e9licatement transf\u00e9r\u00e9 en <strong>f\u00fbts de ch\u00eane 100% fran\u00e7ais<\/strong>, o\u00f9 il s\u2019affine et d\u00e9veloppe toute sa complexit\u00e9 durant <strong>12 mois d\u2019\u00e9levage.<\/strong><\/p>\t\t\t\t\t\t\t\t<\/div>\n\t\t\t\t<\/div>\n\t\t\t\t<div class=\"elementor-element elementor-element-7cae827 elementor-widget elementor-widget-heading\" data-id=\"7cae827\" data-element_type=\"widget\" data-e-type=\"widget\" data-widget_type=\"heading.default\">\n\t\t\t\t<div class=\"elementor-widget-container\">\n\t\t\t\t\t<h2 class=\"elementor-heading-title elementor-size-default\">D\u00e9gustation<\/h2>\t\t\t\t<\/div>\n\t\t\t\t<\/div>\n\t\t\t\t<div class=\"elementor-element elementor-element-bbc90bf elementor-widget elementor-widget-text-editor\" data-id=\"bbc90bf\" data-element_type=\"widget\" data-e-type=\"widget\" data-widget_type=\"text-editor.default\">\n\t\t\t\t<div class=\"elementor-widget-container\">\n\t\t\t\t\t\t\t\t\t<p class=\"p1\"><b>Notes de d\u00e9gustation<\/b><\/p><p class=\"p1\">Robe concentr\u00e9e aux reflets grenat-brun. Nez marqu\u00e9 par des fruits confitur\u00e9s et de fines notes de ch\u00eane parfaitement int\u00e9gr\u00e9es. Frais et bien \u00e9quilibr\u00e9, le palais r\u00e9v\u00e8le des saveurs riches de fruits et des couches multiples.\u00a0<\/p><p class=\"p1\">Ce qui distingue vraiment ce vin, c&rsquo;est son <strong>\u00e9quilibre exceptionnel<\/strong>, avec une<strong> structure rafraichissante<\/strong> qui rehausse l&rsquo;exp\u00e9rience de d\u00e9gustation globale.\u00a0<\/p><p class=\"p1\"><strong>Servir<\/strong>\u00e0 17-18\u00b0C.<br \/><strong>Parfait avec<\/strong> des viandes rouges grill\u00e9es, r\u00f4ties ou mijot\u00e9es, barbecues et plats cuisin\u00e9s tels que le lapin et le porc r\u00f4ti. (Pour le fromage, pr\u00e9f\u00e9rez l&rsquo;associer avec du Bleu, de la Fourme d&rsquo;Ambert ou du Roquefort.)<\/p>\t\t\t\t\t\t\t\t<\/div>\n\t\t\t\t<\/div>\n\t\t\t\t<div class=\"elementor-element elementor-element-218286d elementor-widget elementor-widget-heading\" data-id=\"218286d\" data-element_type=\"widget\" data-e-type=\"widget\" data-widget_type=\"heading.default\">\n\t\t\t\t<div class=\"elementor-widget-container\">\n\t\t\t\t\t<h2 class=\"elementor-heading-title elementor-size-default\">Looking for more high-quality Bordeaux wines?\n<\/h2>\t\t\t\t<\/div>\n\t\t\t\t<\/div>\n\t\t\t\t<div class=\"elementor-element elementor-element-7870564 elementor-widget elementor-widget-text-editor\" data-id=\"7870564\" data-element_type=\"widget\" data-e-type=\"widget\" data-widget_type=\"text-editor.default\">\n\t\t\t\t<div class=\"elementor-widget-container\">\n\t\t\t\t\t\t\t\t\t<p><strong>Explore our curated French Wine Selection at Maison Tanase<\/strong>\u00a0and discover premium\u00a0<a href=\"https:\/\/maisontanase.com\/shop\/french-wines\/bordeaux\/chateau_clinet_2011\/\">Pomerol<\/a>,<a href=\"https:\/\/maisontanase.com\/shop\/french-wines\/bordeaux\/chateau-franc-maillet-2019\/\">\u00a0Lalande-de-Pomerol,<\/a>\u00a0<a href=\"https:\/\/maisontanase.com\/shop\/french-wines\/bordeaux\/phelan-segur-2017\/\">Saint-Est\u00e8phe,\u00a0<\/a><a href=\"https:\/\/maisontanase.com\/shop\/french-wines\/bordeaux\/chateau-brown-2021\/\">Pessac-L\u00e9ognan<\/a>, and\u00a0<a href=\"https:\/\/maisontanase.com\/shop\/french-wines\/bordeaux\/chateau-petit-faurie-quet-2021\/\">Saint-Emilion<\/a>\u00a0wines at the best prices.<\/p><p>Enjoy<strong>\u00a0secure payment<\/strong>\u00a0and\u00a0<strong>fast international delivery<\/strong>!<\/p>\t\t\t\t\t\t\t\t<\/div>\n\t\t\t\t<\/div>\n\t\t\t\t\t<\/div>\n\t\t<\/div>\n\t\t\t\t\t<\/div>\n\t\t<\/section>\n\t\t\t\t<\/div>\n\t\t","protected":false},"excerpt":{"rendered":"<p class=\"p1\"><strong><span class=\"s1\">Ch\u00e2teau Fourreau 2018<\/span><\/strong> est un vin de Bordeaux bien \u00e9quilibr\u00e9 avec des tanins soyeux et des ar\u00f4mes riches de fruits noirs.<\/p>\n<p class=\"p1\">Fait avec <strong>3 c\u00e9pages<\/strong>: <span class=\"s2\">Merlot<\/span>, <span class=\"s2\">Cabernet Franc<\/span> et Cabernet Sauvignon et \u00e9lev\u00e9 avec soin pendant <strong>12 mois en barriques de ch\u00eane fran\u00e7ais.<\/strong><\/p>\n<p class=\"p1\"><strong>Cuv\u00e9e <\/strong>produite en <strong>\u00e9dition limit\u00e9e<\/strong> de <strong>seulement 3000 bouteilles<\/strong>.<\/p>\n","protected":false},"featured_media":16760,"comment_status":"open","ping_status":"closed","template":"","meta":[],"product_brand":[],"product_cat":[134,133],"product_tag":[222,300,171],"class_list":{"0":"post-16755","1":"product","2":"type-product","3":"status-publish","4":"has-post-thumbnail","6":"product_cat-bordeaux-fr","7":"product_cat-vins-francais","8":"product_tag-bordeaux-fr","9":"product_tag-chateau-fourreau-fr","10":"product_tag-vin-rouge","12":"first","13":"outofstock","14":"shipping-taxable","15":"purchasable","16":"product-type-simple"},"yoast_head":"<!-- This site is optimized with the Yoast SEO plugin v27.3 - https:\/\/yoast.com\/product\/yoast-seo-wordpress\/ -->\n<title>Ch\u00e2teau Fourreau 2018 - Vin rouge sec - Bordeaux Sup\u00e9rieur<\/title>\n<meta name=\"description\" content=\"Achetez en ligne le Ch\u00e2teau Fourreau 2018 - d\u00e9licieux vin rouge de Bordeaux au palais rond, riche et cors\u00e9. Paiement s\u00e9curis\u00e9. Livraison rapide.\" \/>\n<meta name=\"robots\" content=\"index, follow, max-snippet:-1, max-image-preview:large, max-video-preview:-1\" \/>\n<link rel=\"canonical\" href=\"https:\/\/maisontanase.com\/fr\/boutique\/vins-francais\/bordeaux-fr\/chateau-fourreau-2018-bordeaux-superieur-rouge\/\" \/>\n<meta property=\"og:locale\" content=\"fr_FR\" \/>\n<meta property=\"og:type\" content=\"article\" \/>\n<meta property=\"og:title\" content=\"Ch\u00e2teau Fourreau 2018 - Vin Rouge - Bordeaux Sup\u00e9rieur\" \/>\n<meta property=\"og:description\" content=\"Achetez en ligne le Ch\u00e2teau Fourreau 2018 - d\u00e9licieux vin rouge de Bordeaux au palais rond, riche et cors\u00e9. Paiement s\u00e9curis\u00e9. Livraison rapide.\" \/>\n<meta property=\"og:url\" content=\"https:\/\/maisontanase.com\/fr\/boutique\/vins-francais\/bordeaux-fr\/chateau-fourreau-2018-bordeaux-superieur-rouge\/\" \/>\n<meta property=\"og:site_name\" content=\"Maison Tanase\" \/>\n<meta property=\"article:modified_time\" content=\"2025-09-18T09:40:30+00:00\" \/>\n<meta property=\"og:image\" content=\"https:\/\/maisontanase.com\/wp-content\/uploads\/2024\/01\/Chateau-Fourreau_Red-wine_Bordeaux_from-Maison-Tanase.png\" \/>\n\t<meta property=\"og:image:width\" content=\"4167\" \/>\n\t<meta property=\"og:image:height\" content=\"4168\" \/>\n\t<meta property=\"og:image:type\" content=\"image\/png\" \/>\n<meta name=\"twitter:card\" content=\"summary_large_image\" \/>\n<meta name=\"twitter:title\" content=\"Ch\u00e2teau Fourreau 2018 - Vin Rouge - Bordeaux Sup\u00e9rieur\" \/>\n<meta name=\"twitter:description\" content=\"Achetez en ligne Ch\u00e2teau Fourreau 2018 - un d\u00e9licieux vin rouge fin au palais ample, riche, vibrant, fruit\u00e9 et juteux. Paiement s\u00e9curis\u00e9. Livraison internationale rapide.\" \/>\n<meta name=\"twitter:image\" content=\"https:\/\/maisontanase.com\/wp-content\/uploads\/2024\/01\/Chateau-Fourreau_Red-wine_Bordeaux_from-Maison-Tanase.png\" \/>\n<meta name=\"twitter:label1\" content=\"Dur\u00e9e de lecture estim\u00e9e\" \/>\n\t<meta name=\"twitter:data1\" content=\"3 minutes\" \/>\n<script type=\"application\/ld+json\" class=\"yoast-schema-graph\">{\"@context\":\"https:\\\/\\\/schema.org\",\"@graph\":[{\"@type\":\"WebPage\",\"@id\":\"https:\\\/\\\/maisontanase.com\\\/fr\\\/boutique\\\/vins-francais\\\/bordeaux-fr\\\/chateau-fourreau-2018-bordeaux-superieur-rouge\\\/\",\"url\":\"https:\\\/\\\/maisontanase.com\\\/fr\\\/boutique\\\/vins-francais\\\/bordeaux-fr\\\/chateau-fourreau-2018-bordeaux-superieur-rouge\\\/\",\"name\":\"Ch\u00e2teau Fourreau 2018 - Vin rouge sec - Bordeaux Sup\u00e9rieur\",\"isPartOf\":{\"@id\":\"https:\\\/\\\/maisontanase.com\\\/fr\\\/#website\"},\"primaryImageOfPage\":{\"@id\":\"https:\\\/\\\/maisontanase.com\\\/fr\\\/boutique\\\/vins-francais\\\/bordeaux-fr\\\/chateau-fourreau-2018-bordeaux-superieur-rouge\\\/#primaryimage\"},\"image\":{\"@id\":\"https:\\\/\\\/maisontanase.com\\\/fr\\\/boutique\\\/vins-francais\\\/bordeaux-fr\\\/chateau-fourreau-2018-bordeaux-superieur-rouge\\\/#primaryimage\"},\"thumbnailUrl\":\"https:\\\/\\\/maisontanase.com\\\/wp-content\\\/uploads\\\/2024\\\/01\\\/Chateau-Fourreau_Red-wine_Bordeaux_from-Maison-Tanase.png\",\"datePublished\":\"2024-01-11T11:19:07+00:00\",\"dateModified\":\"2025-09-18T09:40:30+00:00\",\"description\":\"Achetez en ligne le Ch\u00e2teau Fourreau 2018 - d\u00e9licieux vin rouge de Bordeaux au palais rond, riche et cors\u00e9. Paiement s\u00e9curis\u00e9. Livraison rapide.\",\"breadcrumb\":{\"@id\":\"https:\\\/\\\/maisontanase.com\\\/fr\\\/boutique\\\/vins-francais\\\/bordeaux-fr\\\/chateau-fourreau-2018-bordeaux-superieur-rouge\\\/#breadcrumb\"},\"inLanguage\":\"fr-FR\",\"potentialAction\":[{\"@type\":\"ReadAction\",\"target\":[\"https:\\\/\\\/maisontanase.com\\\/fr\\\/boutique\\\/vins-francais\\\/bordeaux-fr\\\/chateau-fourreau-2018-bordeaux-superieur-rouge\\\/\"]}]},{\"@type\":\"ImageObject\",\"inLanguage\":\"fr-FR\",\"@id\":\"https:\\\/\\\/maisontanase.com\\\/fr\\\/boutique\\\/vins-francais\\\/bordeaux-fr\\\/chateau-fourreau-2018-bordeaux-superieur-rouge\\\/#primaryimage\",\"url\":\"https:\\\/\\\/maisontanase.com\\\/wp-content\\\/uploads\\\/2024\\\/01\\\/Chateau-Fourreau_Red-wine_Bordeaux_from-Maison-Tanase.png\",\"contentUrl\":\"https:\\\/\\\/maisontanase.com\\\/wp-content\\\/uploads\\\/2024\\\/01\\\/Chateau-Fourreau_Red-wine_Bordeaux_from-Maison-Tanase.png\",\"width\":4167,\"height\":4168,\"caption\":\"Achetez en ligne vin rouge Chateau Franc Maillet Bordeaux Pomerol par Maison Tanase\"},{\"@type\":\"BreadcrumbList\",\"@id\":\"https:\\\/\\\/maisontanase.com\\\/fr\\\/boutique\\\/vins-francais\\\/bordeaux-fr\\\/chateau-fourreau-2018-bordeaux-superieur-rouge\\\/#breadcrumb\",\"itemListElement\":[{\"@type\":\"ListItem\",\"position\":1,\"name\":\"Accueil\",\"item\":\"https:\\\/\\\/maisontanase.com\\\/fr\\\/\"},{\"@type\":\"ListItem\",\"position\":2,\"name\":\"Boutique\",\"item\":\"https:\\\/\\\/maisontanase.com\\\/fr\\\/boutique-en-ligne-maison-tanase\\\/\"},{\"@type\":\"ListItem\",\"position\":3,\"name\":\"Chateau Fourreau 2018 &#8211; Bordeaux Superieur &#8211; Rouge\"}]},{\"@type\":\"WebSite\",\"@id\":\"https:\\\/\\\/maisontanase.com\\\/fr\\\/#website\",\"url\":\"https:\\\/\\\/maisontanase.com\\\/fr\\\/\",\"name\":\"Maison Tanase\",\"description\":\"Based in Bordeaux, Maison Tanase is a family-run business that produces and sells high-quality wines and spirits. Welcome to our online shop.\",\"publisher\":{\"@id\":\"https:\\\/\\\/maisontanase.com\\\/fr\\\/#organization\"},\"potentialAction\":[{\"@type\":\"SearchAction\",\"target\":{\"@type\":\"EntryPoint\",\"urlTemplate\":\"https:\\\/\\\/maisontanase.com\\\/fr\\\/?s={search_term_string}\"},\"query-input\":{\"@type\":\"PropertyValueSpecification\",\"valueRequired\":true,\"valueName\":\"search_term_string\"}}],\"inLanguage\":\"fr-FR\"},{\"@type\":\"Organization\",\"@id\":\"https:\\\/\\\/maisontanase.com\\\/fr\\\/#organization\",\"name\":\"Maison Tanase\",\"url\":\"https:\\\/\\\/maisontanase.com\\\/fr\\\/\",\"logo\":{\"@type\":\"ImageObject\",\"inLanguage\":\"fr-FR\",\"@id\":\"https:\\\/\\\/maisontanase.com\\\/fr\\\/#\\\/schema\\\/logo\\\/image\\\/\",\"url\":\"https:\\\/\\\/maisontanase.com\\\/wp-content\\\/uploads\\\/2022\\\/05\\\/maison-tanase.jpg\",\"contentUrl\":\"https:\\\/\\\/maisontanase.com\\\/wp-content\\\/uploads\\\/2022\\\/05\\\/maison-tanase.jpg\",\"width\":1200,\"height\":630,\"caption\":\"Maison Tanase\"},\"image\":{\"@id\":\"https:\\\/\\\/maisontanase.com\\\/fr\\\/#\\\/schema\\\/logo\\\/image\\\/\"}}]}<\/script>\n<!-- \/ Yoast SEO plugin. -->","yoast_head_json":{"title":"Ch\u00e2teau Fourreau 2018 - Vin rouge sec - Bordeaux Sup\u00e9rieur","description":"Achetez en ligne le Ch\u00e2teau Fourreau 2018 - d\u00e9licieux vin rouge de Bordeaux au palais rond, riche et cors\u00e9. Paiement s\u00e9curis\u00e9. Livraison rapide.","robots":{"index":"index","follow":"follow","max-snippet":"max-snippet:-1","max-image-preview":"max-image-preview:large","max-video-preview":"max-video-preview:-1"},"canonical":"https:\/\/maisontanase.com\/fr\/boutique\/vins-francais\/bordeaux-fr\/chateau-fourreau-2018-bordeaux-superieur-rouge\/","og_locale":"fr_FR","og_type":"article","og_title":"Ch\u00e2teau Fourreau 2018 - Vin Rouge - Bordeaux Sup\u00e9rieur","og_description":"Achetez en ligne le Ch\u00e2teau Fourreau 2018 - d\u00e9licieux vin rouge de Bordeaux au palais rond, riche et cors\u00e9. Paiement s\u00e9curis\u00e9. Livraison rapide.","og_url":"https:\/\/maisontanase.com\/fr\/boutique\/vins-francais\/bordeaux-fr\/chateau-fourreau-2018-bordeaux-superieur-rouge\/","og_site_name":"Maison Tanase","article_modified_time":"2025-09-18T09:40:30+00:00","og_image":[{"width":4167,"height":4168,"url":"https:\/\/maisontanase.com\/wp-content\/uploads\/2024\/01\/Chateau-Fourreau_Red-wine_Bordeaux_from-Maison-Tanase.png","type":"image\/png"}],"twitter_card":"summary_large_image","twitter_title":"Ch\u00e2teau Fourreau 2018 - Vin Rouge - Bordeaux Sup\u00e9rieur","twitter_description":"Achetez en ligne Ch\u00e2teau Fourreau 2018 - un d\u00e9licieux vin rouge fin au palais ample, riche, vibrant, fruit\u00e9 et juteux. Paiement s\u00e9curis\u00e9. Livraison internationale rapide.","twitter_image":"https:\/\/maisontanase.com\/wp-content\/uploads\/2024\/01\/Chateau-Fourreau_Red-wine_Bordeaux_from-Maison-Tanase.png","twitter_misc":{"Dur\u00e9e de lecture estim\u00e9e":"3 minutes"},"schema":{"@context":"https:\/\/schema.org","@graph":[{"@type":"WebPage","@id":"https:\/\/maisontanase.com\/fr\/boutique\/vins-francais\/bordeaux-fr\/chateau-fourreau-2018-bordeaux-superieur-rouge\/","url":"https:\/\/maisontanase.com\/fr\/boutique\/vins-francais\/bordeaux-fr\/chateau-fourreau-2018-bordeaux-superieur-rouge\/","name":"Ch\u00e2teau Fourreau 2018 - Vin rouge sec - Bordeaux Sup\u00e9rieur","isPartOf":{"@id":"https:\/\/maisontanase.com\/fr\/#website"},"primaryImageOfPage":{"@id":"https:\/\/maisontanase.com\/fr\/boutique\/vins-francais\/bordeaux-fr\/chateau-fourreau-2018-bordeaux-superieur-rouge\/#primaryimage"},"image":{"@id":"https:\/\/maisontanase.com\/fr\/boutique\/vins-francais\/bordeaux-fr\/chateau-fourreau-2018-bordeaux-superieur-rouge\/#primaryimage"},"thumbnailUrl":"https:\/\/maisontanase.com\/wp-content\/uploads\/2024\/01\/Chateau-Fourreau_Red-wine_Bordeaux_from-Maison-Tanase.png","datePublished":"2024-01-11T11:19:07+00:00","dateModified":"2025-09-18T09:40:30+00:00","description":"Achetez en ligne le Ch\u00e2teau Fourreau 2018 - d\u00e9licieux vin rouge de Bordeaux au palais rond, riche et cors\u00e9. Paiement s\u00e9curis\u00e9. Livraison rapide.","breadcrumb":{"@id":"https:\/\/maisontanase.com\/fr\/boutique\/vins-francais\/bordeaux-fr\/chateau-fourreau-2018-bordeaux-superieur-rouge\/#breadcrumb"},"inLanguage":"fr-FR","potentialAction":[{"@type":"ReadAction","target":["https:\/\/maisontanase.com\/fr\/boutique\/vins-francais\/bordeaux-fr\/chateau-fourreau-2018-bordeaux-superieur-rouge\/"]}]},{"@type":"ImageObject","inLanguage":"fr-FR","@id":"https:\/\/maisontanase.com\/fr\/boutique\/vins-francais\/bordeaux-fr\/chateau-fourreau-2018-bordeaux-superieur-rouge\/#primaryimage","url":"https:\/\/maisontanase.com\/wp-content\/uploads\/2024\/01\/Chateau-Fourreau_Red-wine_Bordeaux_from-Maison-Tanase.png","contentUrl":"https:\/\/maisontanase.com\/wp-content\/uploads\/2024\/01\/Chateau-Fourreau_Red-wine_Bordeaux_from-Maison-Tanase.png","width":4167,"height":4168,"caption":"Achetez en ligne vin rouge Chateau Franc Maillet Bordeaux Pomerol par Maison Tanase"},{"@type":"BreadcrumbList","@id":"https:\/\/maisontanase.com\/fr\/boutique\/vins-francais\/bordeaux-fr\/chateau-fourreau-2018-bordeaux-superieur-rouge\/#breadcrumb","itemListElement":[{"@type":"ListItem","position":1,"name":"Accueil","item":"https:\/\/maisontanase.com\/fr\/"},{"@type":"ListItem","position":2,"name":"Boutique","item":"https:\/\/maisontanase.com\/fr\/boutique-en-ligne-maison-tanase\/"},{"@type":"ListItem","position":3,"name":"Chateau Fourreau 2018 &#8211; Bordeaux Superieur &#8211; Rouge"}]},{"@type":"WebSite","@id":"https:\/\/maisontanase.com\/fr\/#website","url":"https:\/\/maisontanase.com\/fr\/","name":"Maison Tanase","description":"Based in Bordeaux, Maison Tanase is a family-run business that produces and sells high-quality wines and spirits. Welcome to our online shop.","publisher":{"@id":"https:\/\/maisontanase.com\/fr\/#organization"},"potentialAction":[{"@type":"SearchAction","target":{"@type":"EntryPoint","urlTemplate":"https:\/\/maisontanase.com\/fr\/?s={search_term_string}"},"query-input":{"@type":"PropertyValueSpecification","valueRequired":true,"valueName":"search_term_string"}}],"inLanguage":"fr-FR"},{"@type":"Organization","@id":"https:\/\/maisontanase.com\/fr\/#organization","name":"Maison Tanase","url":"https:\/\/maisontanase.com\/fr\/","logo":{"@type":"ImageObject","inLanguage":"fr-FR","@id":"https:\/\/maisontanase.com\/fr\/#\/schema\/logo\/image\/","url":"https:\/\/maisontanase.com\/wp-content\/uploads\/2022\/05\/maison-tanase.jpg","contentUrl":"https:\/\/maisontanase.com\/wp-content\/uploads\/2022\/05\/maison-tanase.jpg","width":1200,"height":630,"caption":"Maison Tanase"},"image":{"@id":"https:\/\/maisontanase.com\/fr\/#\/schema\/logo\/image\/"}}]}},"_links":{"self":[{"href":"https:\/\/maisontanase.com\/fr\/wp-json\/wp\/v2\/product\/16755","targetHints":{"allow":["GET"]}}],"collection":[{"href":"https:\/\/maisontanase.com\/fr\/wp-json\/wp\/v2\/product"}],"about":[{"href":"https:\/\/maisontanase.com\/fr\/wp-json\/wp\/v2\/types\/product"}],"replies":[{"embeddable":true,"href":"https:\/\/maisontanase.com\/fr\/wp-json\/wp\/v2\/comments?post=16755"}],"version-history":[{"count":19,"href":"https:\/\/maisontanase.com\/fr\/wp-json\/wp\/v2\/product\/16755\/revisions"}],"predecessor-version":[{"id":19109,"href":"https:\/\/maisontanase.com\/fr\/wp-json\/wp\/v2\/product\/16755\/revisions\/19109"}],"wp:featuredmedia":[{"embeddable":true,"href":"https:\/\/maisontanase.com\/fr\/wp-json\/wp\/v2\/media\/16760"}],"wp:attachment":[{"href":"https:\/\/maisontanase.com\/fr\/wp-json\/wp\/v2\/media?parent=16755"}],"wp:term":[{"taxonomy":"product_brand","embeddable":true,"href":"https:\/\/maisontanase.com\/fr\/wp-json\/wp\/v2\/product_brand?post=16755"},{"taxonomy":"product_cat","embeddable":true,"href":"https:\/\/maisontanase.com\/fr\/wp-json\/wp\/v2\/product_cat?post=16755"},{"taxonomy":"product_tag","embeddable":true,"href":"https:\/\/maisontanase.com\/fr\/wp-json\/wp\/v2\/product_tag?post=16755"}],"curies":[{"name":"wp","href":"https:\/\/api.w.org\/{rel}","templated":true}]}}