
{"id":16727,"date":"2024-01-09T10:55:04","date_gmt":"2024-01-09T09:55:04","guid":{"rendered":"https:\/\/maisontanase.com\/?post_type=product&#038;p=16727"},"modified":"2026-04-15T12:41:56","modified_gmt":"2026-04-15T10:41:56","slug":"chateau-brown-2021","status":"publish","type":"product","link":"https:\/\/maisontanase.com\/fr\/boutique\/vins-francais\/bordeaux-fr\/chateau-brown-2021\/","title":{"rendered":"Ch\u00e2teau Brown 2021 &#8211; Pessac-Leognan &#8211; Rouge"},"content":{"rendered":"\t\t<div data-elementor-type=\"wp-post\" data-elementor-id=\"16727\" class=\"elementor elementor-16727 elementor-16726\">\n\t\t\t\t\t\t<section class=\"elementor-section elementor-top-section elementor-element elementor-element-dfcbcc4 elementor-section-boxed elementor-section-height-default elementor-section-height-default\" data-id=\"dfcbcc4\" data-element_type=\"section\" data-e-type=\"section\" data-settings=\"{&quot;pix_scale_in&quot;:&quot;none&quot;}\">\n\t\t\t\t\t\t<div class=\"elementor-container elementor-column-gap-default\">\n\t\t\t\t\t<div class=\"elementor-column elementor-col-100 elementor-top-column elementor-element elementor-element-f0839c7\" data-id=\"f0839c7\" data-element_type=\"column\" data-e-type=\"column\" data-settings=\"{&quot;pix_scale_in&quot;:&quot;none&quot;}\">\n\t\t\t<div class=\"elementor-widget-wrap elementor-element-populated\">\n\t\t\t\t\t\t<div class=\"elementor-element elementor-element-121adfd elementor-widget elementor-widget-text-editor\" data-id=\"121adfd\" data-element_type=\"widget\" data-e-type=\"widget\" data-widget_type=\"text-editor.default\">\n\t\t\t\t<div class=\"elementor-widget-container\">\n\t\t\t\t\t\t\t\t\t<p class=\"p1\"><strong>Achetez en ligne Ch\u00e2teau Brown 2021 <\/strong>&#8211; un d\u00e9licieux vin rouge fin au palais ample, riche, vibrant, fruit\u00e9 et juteux.<\/p><p class=\"p1\">Un <strong>vin \u00e9quilibr\u00e9 <\/strong>aux <strong>tanins soyeux<\/strong> et aux <strong>ar\u00f4mes de fruits noirs<\/strong>, issu de 3 c\u00e9pages: Cabernet Sauvignon, Merlot et Petit Verdot.<\/p>\t\t\t\t\t\t\t\t<\/div>\n\t\t\t\t<\/div>\n\t\t\t\t<div class=\"elementor-element elementor-element-a9fd3c9 elementor-widget elementor-widget-heading\" data-id=\"a9fd3c9\" data-element_type=\"widget\" data-e-type=\"widget\" data-widget_type=\"heading.default\">\n\t\t\t\t<div class=\"elementor-widget-container\">\n\t\t\t\t\t<h2 class=\"elementor-heading-title elementor-size-default\">Histoire<\/h2>\t\t\t\t<\/div>\n\t\t\t\t<\/div>\n\t\t\t\t<div class=\"elementor-element elementor-element-f4eeb0a elementor-widget elementor-widget-text-editor\" data-id=\"f4eeb0a\" data-element_type=\"widget\" data-e-type=\"widget\" data-widget_type=\"text-editor.default\">\n\t\t\t\t<div class=\"elementor-widget-container\">\n\t\t\t\t\t\t\t\t\t<p class=\"p1\">L&rsquo;<strong>histoire de Brown remonte \u00e0 pr\u00e8s de mille ans<\/strong>, avec des traces de vignes datant du <strong>XIIe si\u00e8cle<\/strong>.<\/p><p class=\"p1\">Ch\u00e2teau Brown <strong>doit son nom \u00e0 un riche n\u00e9gociant en vin \u00e9cossais, John-Lewis Brown<\/strong>, qui s&rsquo;installa \u00e0 Bordeaux peu apr\u00e8s la R\u00e9volution, en 1795. Il construisit la maison embl\u00e9matique de Ch\u00e2teau Brown et \u00e9tait d\u00e9termin\u00e9 \u00e0 transformer son domaine de L\u00e9ognan en un lieu aussi beau que productif.<\/p><p class=\"p1\"><strong>Ch\u00e2teau Brown <\/strong>est la propri\u00e9t\u00e9 des <strong>familles Mau et Dirkzwager<\/strong>.<\/p><p class=\"p1\">Au cours des deux derni\u00e8res d\u00e9cennies, la qualit\u00e9 globale de ses vins a augment\u00e9 et depuis, les vins du Ch\u00e2teau Brown ont gagn\u00e9 la <strong>reconnaissance des critiques de vin en France<\/strong> et <strong>dans le monde<\/strong> entier.<\/p>\t\t\t\t\t\t\t\t<\/div>\n\t\t\t\t<\/div>\n\t\t\t\t<div class=\"elementor-element elementor-element-e53be77 elementor-widget elementor-widget-heading\" data-id=\"e53be77\" data-element_type=\"widget\" data-e-type=\"widget\" data-widget_type=\"heading.default\">\n\t\t\t\t<div class=\"elementor-widget-container\">\n\t\t\t\t\t<h2 class=\"elementor-heading-title elementor-size-default\">Viticulture<\/h2>\t\t\t\t<\/div>\n\t\t\t\t<\/div>\n\t\t\t\t<div class=\"elementor-element elementor-element-e022eb5 elementor-widget elementor-widget-text-editor\" data-id=\"e022eb5\" data-element_type=\"widget\" data-e-type=\"widget\" data-widget_type=\"text-editor.default\">\n\t\t\t\t<div class=\"elementor-widget-container\">\n\t\t\t\t\t\t\t\t\t<p class=\"p1\">Ch\u00e2teau Brown est situ\u00e9 dans les Graves du Nord, le plus ancien terroir viticole de Bordeaux, datant de 2 000 ans.<\/p><p class=\"p1\">Les vignobles b\u00e9n\u00e9ficient d&rsquo;un <strong>microclimat id\u00e9al<\/strong> pour le processus de maturation des raisins et donc la <strong>qualit\u00e9 du vin<\/strong>. Le terroir est compos\u00e9 de fines graviers m\u00e9lang\u00e9s \u00e0 de l&rsquo;alios, un sol ferrugineux et sablonneux.<\/p><p class=\"p1\">Ch\u00e2teau Brown s&rsquo;\u00e9tend sur environ <strong>60 hectares<\/strong>, avec un <strong>\u00e2ge moyen des vignes<\/strong> de <strong>15 ans<\/strong>.<\/p><p class=\"p1\">Le domaine pratique une viticulture \u00e9co-responsable. En <strong>janvier 2018<\/strong>, le domaine a obtenu la <strong>prestigieuse certification HVE 3<\/strong> <strong>(Haute Valeur Environnementale)<\/strong>.<\/p>\t\t\t\t\t\t\t\t<\/div>\n\t\t\t\t<\/div>\n\t\t\t\t<div class=\"elementor-element elementor-element-5c2148a elementor-widget elementor-widget-heading\" data-id=\"5c2148a\" data-element_type=\"widget\" data-e-type=\"widget\" data-widget_type=\"heading.default\">\n\t\t\t\t<div class=\"elementor-widget-container\">\n\t\t\t\t\t<h2 class=\"elementor-heading-title elementor-size-default\">Vinification<\/h2>\t\t\t\t<\/div>\n\t\t\t\t<\/div>\n\t\t\t\t<div class=\"elementor-element elementor-element-f24e5a7 elementor-widget elementor-widget-text-editor\" data-id=\"f24e5a7\" data-element_type=\"widget\" data-e-type=\"widget\" data-widget_type=\"text-editor.default\">\n\t\t\t\t<div class=\"elementor-widget-container\">\n\t\t\t\t\t\t\t\t\t<p class=\"p1\">Pour l&rsquo;\u00e9laboration de ce Ch\u00e2teau Brown 2021, le vigneron a utilis\u00e9 une majorit\u00e9 de <strong>Cabernet Sauvignon (53%)<\/strong>, de <strong>Merlot (45%) <\/strong>et de <strong>2%<\/strong> <strong>de Petit Verdot<\/strong>.<\/p><p class=\"p1\">Les raisins sont r\u00e9colt\u00e9s \u00e0 la main, \u00e0 maturit\u00e9 optimale, \u00e0 l&rsquo;aide de petites caisses. Tri rigoureux avec l\u2019utilisation d\u2019un tr\u00e8s performant tri optique. Ils sont ensuite soigneusement vinifi\u00e9s dans des cuves en acier inoxydable \u00e0 temp\u00e9rature contr\u00f4l\u00e9e. <\/p><p class=\"p1\">La fermentation malolactique a lieu dans ces m\u00eames cuves en inox. Le vin est ensuite <strong>soigneusement \u00e9lev\u00e9 pendant 12 \u00e0 15 mois<\/strong> dans des <strong>f\u00fbts de ch\u00eane fran\u00e7ais<\/strong> de haute qualit\u00e9.<\/p><p class=\"p1\">Production annuelle: 60 \u00e0 80 000 bouteilles.<\/p>\t\t\t\t\t\t\t\t<\/div>\n\t\t\t\t<\/div>\n\t\t\t\t<div class=\"elementor-element elementor-element-7cae827 elementor-widget elementor-widget-heading\" data-id=\"7cae827\" data-element_type=\"widget\" data-e-type=\"widget\" data-widget_type=\"heading.default\">\n\t\t\t\t<div class=\"elementor-widget-container\">\n\t\t\t\t\t<h2 class=\"elementor-heading-title elementor-size-default\">D\u00e9gustation<\/h2>\t\t\t\t<\/div>\n\t\t\t\t<\/div>\n\t\t\t\t<div class=\"elementor-element elementor-element-bbc90bf elementor-widget elementor-widget-text-editor\" data-id=\"bbc90bf\" data-element_type=\"widget\" data-e-type=\"widget\" data-widget_type=\"text-editor.default\">\n\t\t\t\t<div class=\"elementor-widget-container\">\n\t\t\t\t\t\t\t\t\t<p class=\"p1\"><strong>Ch\u00e2teau Brown 2021 <\/strong>r\u00e9v\u00e8le \u00e0 la fois une grande <strong>finesse<\/strong> et une <strong>intensit\u00e9<\/strong> \u00e9tonnante.<\/p><p class=\"p1\">Une belle couleur profonde et intense. Au nez, des notes de cerises noires m\u00fbres. L&rsquo;attaque est douce, fruit\u00e9e et charnue. Le palais est ample, riche et cors\u00e9, caract\u00e9ris\u00e9 par la densit\u00e9 du Cabernet Sauvignon. Les tanins sont pr\u00e9sents et soyeux. Une finale puissante et longue.<\/p><p class=\"p1\">Ce mill\u00e9sime est gorg\u00e9 de soleil et de fruits m\u00fbrs. Le vin se bonifiera encore avec le temps. <strong>Le potentiel de garde<\/strong> est sup\u00e9rieur \u00e0 15 ans.<\/p><p class=\"p1\">Nous vous recommandons de servir ce Ch\u00e2teau Brown 2021 \u00e0 18-19\u00b0C (cette temp\u00e9rature permet \u00e0 ce vin exceptionnel d&rsquo;exprimer pleinement sa gamme d&rsquo;ar\u00f4mes et de saveurs).<\/p><p><strong>Parfait avec: <\/strong>des viandes juteuses grill\u00e9es, r\u00f4ties ou mijot\u00e9es.<\/p>\t\t\t\t\t\t\t\t<\/div>\n\t\t\t\t<\/div>\n\t\t\t\t\t<\/div>\n\t\t<\/div>\n\t\t\t\t\t<\/div>\n\t\t<\/section>\n\t\t\t\t<\/div>\n\t\t","protected":false},"excerpt":{"rendered":"<p class=\"p1\"><strong>Le Ch\u00e2teau Brown 2021 est un vin de Pessac-L\u00e9ognan<\/strong> parfaitement \u00e9quilibr\u00e9, aux tanins soyeux et aux ar\u00f4mes de fruits noirs. Issu d\u2019un assemblage raffin\u00e9 de trois c\u00e9pages embl\u00e9matiques \u2013 Cabernet Sauvignon, Merlot et Petit Verdot \u2013 <strong>il incarne toute l\u2019\u00e9l\u00e9gance et la richesse des grands vins de Bordeaux.<\/strong><\/p>\n<p class=\"p1\"><strong>Parfait avec <\/strong>des viandes juteuses grill\u00e9es, r\u00f4ties ou mijot\u00e9es.<\/p>\n","protected":false},"featured_media":16723,"comment_status":"open","ping_status":"closed","template":"","meta":[],"product_brand":[],"product_cat":[134,132,133],"product_tag":[222,322,171],"class_list":{"0":"post-16727","1":"product","2":"type-product","3":"status-publish","4":"has-post-thumbnail","6":"product_cat-bordeaux-fr","7":"product_cat-grands-crus","8":"product_cat-vins-francais","9":"product_tag-bordeaux-fr","10":"product_tag-chateau-brown-fr","11":"product_tag-vin-rouge","13":"first","14":"instock","15":"shipping-taxable","16":"purchasable","17":"product-type-simple"},"yoast_head":"<!-- This site is optimized with the Yoast SEO plugin v27.3 - https:\/\/yoast.com\/product\/yoast-seo-wordpress\/ -->\n<title>Ch\u00e2teau Brown 2021 - Vin Rouge - Pessac-L\u00e9ognan - Grand Cru<\/title>\n<meta name=\"description\" content=\"Achetez en ligne Ch\u00e2teau Brown 2021 - un d\u00e9licieux vin rouge fin au palais ample, riche, vibrant, fruit\u00e9 et juteux. Paiement s\u00e9curis\u00e9. Livraison internationale rapide.\" \/>\n<meta name=\"robots\" content=\"index, follow, max-snippet:-1, max-image-preview:large, max-video-preview:-1\" \/>\n<link rel=\"canonical\" href=\"https:\/\/maisontanase.com\/fr\/boutique\/vins-francais\/bordeaux-fr\/chateau-brown-2021\/\" \/>\n<meta property=\"og:locale\" content=\"fr_FR\" \/>\n<meta property=\"og:type\" content=\"article\" \/>\n<meta property=\"og:title\" content=\"Ch\u00e2teau Brown 2021 - Vin Rouge - Pessac-L\u00e9ognan - Grand Cru\" \/>\n<meta property=\"og:description\" content=\"Achetez en ligne Ch\u00e2teau Brown 2021 - un d\u00e9licieux vin rouge fin au palais ample, riche, vibrant, fruit\u00e9 et juteux. Paiement s\u00e9curis\u00e9. Livraison internationale rapide.\" \/>\n<meta property=\"og:url\" content=\"https:\/\/maisontanase.com\/fr\/boutique\/vins-francais\/bordeaux-fr\/chateau-brown-2021\/\" \/>\n<meta property=\"og:site_name\" content=\"Maison Tanase\" \/>\n<meta property=\"article:modified_time\" content=\"2026-04-15T10:41:56+00:00\" \/>\n<meta property=\"og:image\" content=\"https:\/\/maisontanase.com\/wp-content\/uploads\/2023\/11\/Chateau-Brown-_2021_Pessac-Leognan_Vin-Rouge-de-Bordeaux-par-Maison-Tanase-1024x1024.png\" \/>\n\t<meta property=\"og:image:width\" content=\"1024\" \/>\n\t<meta property=\"og:image:height\" content=\"1024\" \/>\n\t<meta property=\"og:image:type\" content=\"image\/png\" \/>\n<meta name=\"twitter:card\" content=\"summary_large_image\" \/>\n<meta name=\"twitter:title\" content=\"Ch\u00e2teau Brown 2021 - Vin Rouge - Pessac-L\u00e9ognan - Grand Cru\" \/>\n<meta name=\"twitter:description\" content=\"Achetez en ligne Ch\u00e2teau Brown 2021 - un d\u00e9licieux vin rouge fin au palais ample, riche, vibrant, fruit\u00e9 et juteux. Paiement s\u00e9curis\u00e9. Livraison internationale rapide.\" \/>\n<meta name=\"twitter:image\" content=\"https:\/\/maisontanase.com\/wp-content\/uploads\/2023\/11\/Chateau-Brown-_2021_Pessac-Leognan_Vin-Rouge-de-Bordeaux-par-Maison-Tanase.png\" \/>\n<meta name=\"twitter:label1\" content=\"Dur\u00e9e de lecture estim\u00e9e\" \/>\n\t<meta name=\"twitter:data1\" content=\"3 minutes\" \/>\n<script type=\"application\/ld+json\" class=\"yoast-schema-graph\">{\"@context\":\"https:\\\/\\\/schema.org\",\"@graph\":[{\"@type\":\"WebPage\",\"@id\":\"https:\\\/\\\/maisontanase.com\\\/fr\\\/boutique\\\/vins-francais\\\/bordeaux-fr\\\/chateau-brown-2021\\\/\",\"url\":\"https:\\\/\\\/maisontanase.com\\\/fr\\\/boutique\\\/vins-francais\\\/bordeaux-fr\\\/chateau-brown-2021\\\/\",\"name\":\"Ch\u00e2teau Brown 2021 - Vin Rouge - Pessac-L\u00e9ognan - Grand Cru\",\"isPartOf\":{\"@id\":\"https:\\\/\\\/maisontanase.com\\\/fr\\\/#website\"},\"primaryImageOfPage\":{\"@id\":\"https:\\\/\\\/maisontanase.com\\\/fr\\\/boutique\\\/vins-francais\\\/bordeaux-fr\\\/chateau-brown-2021\\\/#primaryimage\"},\"image\":{\"@id\":\"https:\\\/\\\/maisontanase.com\\\/fr\\\/boutique\\\/vins-francais\\\/bordeaux-fr\\\/chateau-brown-2021\\\/#primaryimage\"},\"thumbnailUrl\":\"https:\\\/\\\/maisontanase.com\\\/wp-content\\\/uploads\\\/2023\\\/11\\\/Chateau-Brown-_2021_Pessac-Leognan_Vin-Rouge-de-Bordeaux-par-Maison-Tanase.png\",\"datePublished\":\"2024-01-09T09:55:04+00:00\",\"dateModified\":\"2026-04-15T10:41:56+00:00\",\"description\":\"Achetez en ligne Ch\u00e2teau Brown 2021 - un d\u00e9licieux vin rouge fin au palais ample, riche, vibrant, fruit\u00e9 et juteux. Paiement s\u00e9curis\u00e9. Livraison internationale rapide.\",\"breadcrumb\":{\"@id\":\"https:\\\/\\\/maisontanase.com\\\/fr\\\/boutique\\\/vins-francais\\\/bordeaux-fr\\\/chateau-brown-2021\\\/#breadcrumb\"},\"inLanguage\":\"fr-FR\",\"potentialAction\":[{\"@type\":\"ReadAction\",\"target\":[\"https:\\\/\\\/maisontanase.com\\\/fr\\\/boutique\\\/vins-francais\\\/bordeaux-fr\\\/chateau-brown-2021\\\/\"]}]},{\"@type\":\"ImageObject\",\"inLanguage\":\"fr-FR\",\"@id\":\"https:\\\/\\\/maisontanase.com\\\/fr\\\/boutique\\\/vins-francais\\\/bordeaux-fr\\\/chateau-brown-2021\\\/#primaryimage\",\"url\":\"https:\\\/\\\/maisontanase.com\\\/wp-content\\\/uploads\\\/2023\\\/11\\\/Chateau-Brown-_2021_Pessac-Leognan_Vin-Rouge-de-Bordeaux-par-Maison-Tanase.png\",\"contentUrl\":\"https:\\\/\\\/maisontanase.com\\\/wp-content\\\/uploads\\\/2023\\\/11\\\/Chateau-Brown-_2021_Pessac-Leognan_Vin-Rouge-de-Bordeaux-par-Maison-Tanase.png\",\"width\":4169,\"height\":4170},{\"@type\":\"BreadcrumbList\",\"@id\":\"https:\\\/\\\/maisontanase.com\\\/fr\\\/boutique\\\/vins-francais\\\/bordeaux-fr\\\/chateau-brown-2021\\\/#breadcrumb\",\"itemListElement\":[{\"@type\":\"ListItem\",\"position\":1,\"name\":\"Accueil\",\"item\":\"https:\\\/\\\/maisontanase.com\\\/fr\\\/\"},{\"@type\":\"ListItem\",\"position\":2,\"name\":\"Boutique\",\"item\":\"https:\\\/\\\/maisontanase.com\\\/fr\\\/boutique-en-ligne-maison-tanase\\\/\"},{\"@type\":\"ListItem\",\"position\":3,\"name\":\"Ch\u00e2teau Brown 2021 &#8211; Pessac-Leognan &#8211; Rouge\"}]},{\"@type\":\"WebSite\",\"@id\":\"https:\\\/\\\/maisontanase.com\\\/fr\\\/#website\",\"url\":\"https:\\\/\\\/maisontanase.com\\\/fr\\\/\",\"name\":\"Maison Tanase\",\"description\":\"Based in Bordeaux, Maison Tanase is a family-run business that produces and sells high-quality wines and spirits. Welcome to our online shop.\",\"publisher\":{\"@id\":\"https:\\\/\\\/maisontanase.com\\\/fr\\\/#organization\"},\"potentialAction\":[{\"@type\":\"SearchAction\",\"target\":{\"@type\":\"EntryPoint\",\"urlTemplate\":\"https:\\\/\\\/maisontanase.com\\\/fr\\\/?s={search_term_string}\"},\"query-input\":{\"@type\":\"PropertyValueSpecification\",\"valueRequired\":true,\"valueName\":\"search_term_string\"}}],\"inLanguage\":\"fr-FR\"},{\"@type\":\"Organization\",\"@id\":\"https:\\\/\\\/maisontanase.com\\\/fr\\\/#organization\",\"name\":\"Maison Tanase\",\"url\":\"https:\\\/\\\/maisontanase.com\\\/fr\\\/\",\"logo\":{\"@type\":\"ImageObject\",\"inLanguage\":\"fr-FR\",\"@id\":\"https:\\\/\\\/maisontanase.com\\\/fr\\\/#\\\/schema\\\/logo\\\/image\\\/\",\"url\":\"https:\\\/\\\/maisontanase.com\\\/wp-content\\\/uploads\\\/2022\\\/05\\\/maison-tanase.jpg\",\"contentUrl\":\"https:\\\/\\\/maisontanase.com\\\/wp-content\\\/uploads\\\/2022\\\/05\\\/maison-tanase.jpg\",\"width\":1200,\"height\":630,\"caption\":\"Maison Tanase\"},\"image\":{\"@id\":\"https:\\\/\\\/maisontanase.com\\\/fr\\\/#\\\/schema\\\/logo\\\/image\\\/\"}}]}<\/script>\n<!-- \/ Yoast SEO plugin. -->","yoast_head_json":{"title":"Ch\u00e2teau Brown 2021 - Vin Rouge - Pessac-L\u00e9ognan - Grand Cru","description":"Achetez en ligne Ch\u00e2teau Brown 2021 - un d\u00e9licieux vin rouge fin au palais ample, riche, vibrant, fruit\u00e9 et juteux. Paiement s\u00e9curis\u00e9. Livraison internationale rapide.","robots":{"index":"index","follow":"follow","max-snippet":"max-snippet:-1","max-image-preview":"max-image-preview:large","max-video-preview":"max-video-preview:-1"},"canonical":"https:\/\/maisontanase.com\/fr\/boutique\/vins-francais\/bordeaux-fr\/chateau-brown-2021\/","og_locale":"fr_FR","og_type":"article","og_title":"Ch\u00e2teau Brown 2021 - Vin Rouge - Pessac-L\u00e9ognan - Grand Cru","og_description":"Achetez en ligne Ch\u00e2teau Brown 2021 - un d\u00e9licieux vin rouge fin au palais ample, riche, vibrant, fruit\u00e9 et juteux. Paiement s\u00e9curis\u00e9. Livraison internationale rapide.","og_url":"https:\/\/maisontanase.com\/fr\/boutique\/vins-francais\/bordeaux-fr\/chateau-brown-2021\/","og_site_name":"Maison Tanase","article_modified_time":"2026-04-15T10:41:56+00:00","og_image":[{"width":1024,"height":1024,"url":"https:\/\/maisontanase.com\/wp-content\/uploads\/2023\/11\/Chateau-Brown-_2021_Pessac-Leognan_Vin-Rouge-de-Bordeaux-par-Maison-Tanase-1024x1024.png","type":"image\/png"}],"twitter_card":"summary_large_image","twitter_title":"Ch\u00e2teau Brown 2021 - Vin Rouge - Pessac-L\u00e9ognan - Grand Cru","twitter_description":"Achetez en ligne Ch\u00e2teau Brown 2021 - un d\u00e9licieux vin rouge fin au palais ample, riche, vibrant, fruit\u00e9 et juteux. Paiement s\u00e9curis\u00e9. Livraison internationale rapide.","twitter_image":"https:\/\/maisontanase.com\/wp-content\/uploads\/2023\/11\/Chateau-Brown-_2021_Pessac-Leognan_Vin-Rouge-de-Bordeaux-par-Maison-Tanase.png","twitter_misc":{"Dur\u00e9e de lecture estim\u00e9e":"3 minutes"},"schema":{"@context":"https:\/\/schema.org","@graph":[{"@type":"WebPage","@id":"https:\/\/maisontanase.com\/fr\/boutique\/vins-francais\/bordeaux-fr\/chateau-brown-2021\/","url":"https:\/\/maisontanase.com\/fr\/boutique\/vins-francais\/bordeaux-fr\/chateau-brown-2021\/","name":"Ch\u00e2teau Brown 2021 - Vin Rouge - Pessac-L\u00e9ognan - Grand Cru","isPartOf":{"@id":"https:\/\/maisontanase.com\/fr\/#website"},"primaryImageOfPage":{"@id":"https:\/\/maisontanase.com\/fr\/boutique\/vins-francais\/bordeaux-fr\/chateau-brown-2021\/#primaryimage"},"image":{"@id":"https:\/\/maisontanase.com\/fr\/boutique\/vins-francais\/bordeaux-fr\/chateau-brown-2021\/#primaryimage"},"thumbnailUrl":"https:\/\/maisontanase.com\/wp-content\/uploads\/2023\/11\/Chateau-Brown-_2021_Pessac-Leognan_Vin-Rouge-de-Bordeaux-par-Maison-Tanase.png","datePublished":"2024-01-09T09:55:04+00:00","dateModified":"2026-04-15T10:41:56+00:00","description":"Achetez en ligne Ch\u00e2teau Brown 2021 - un d\u00e9licieux vin rouge fin au palais ample, riche, vibrant, fruit\u00e9 et juteux. Paiement s\u00e9curis\u00e9. Livraison internationale rapide.","breadcrumb":{"@id":"https:\/\/maisontanase.com\/fr\/boutique\/vins-francais\/bordeaux-fr\/chateau-brown-2021\/#breadcrumb"},"inLanguage":"fr-FR","potentialAction":[{"@type":"ReadAction","target":["https:\/\/maisontanase.com\/fr\/boutique\/vins-francais\/bordeaux-fr\/chateau-brown-2021\/"]}]},{"@type":"ImageObject","inLanguage":"fr-FR","@id":"https:\/\/maisontanase.com\/fr\/boutique\/vins-francais\/bordeaux-fr\/chateau-brown-2021\/#primaryimage","url":"https:\/\/maisontanase.com\/wp-content\/uploads\/2023\/11\/Chateau-Brown-_2021_Pessac-Leognan_Vin-Rouge-de-Bordeaux-par-Maison-Tanase.png","contentUrl":"https:\/\/maisontanase.com\/wp-content\/uploads\/2023\/11\/Chateau-Brown-_2021_Pessac-Leognan_Vin-Rouge-de-Bordeaux-par-Maison-Tanase.png","width":4169,"height":4170},{"@type":"BreadcrumbList","@id":"https:\/\/maisontanase.com\/fr\/boutique\/vins-francais\/bordeaux-fr\/chateau-brown-2021\/#breadcrumb","itemListElement":[{"@type":"ListItem","position":1,"name":"Accueil","item":"https:\/\/maisontanase.com\/fr\/"},{"@type":"ListItem","position":2,"name":"Boutique","item":"https:\/\/maisontanase.com\/fr\/boutique-en-ligne-maison-tanase\/"},{"@type":"ListItem","position":3,"name":"Ch\u00e2teau Brown 2021 &#8211; Pessac-Leognan &#8211; Rouge"}]},{"@type":"WebSite","@id":"https:\/\/maisontanase.com\/fr\/#website","url":"https:\/\/maisontanase.com\/fr\/","name":"Maison Tanase","description":"Based in Bordeaux, Maison Tanase is a family-run business that produces and sells high-quality wines and spirits. Welcome to our online shop.","publisher":{"@id":"https:\/\/maisontanase.com\/fr\/#organization"},"potentialAction":[{"@type":"SearchAction","target":{"@type":"EntryPoint","urlTemplate":"https:\/\/maisontanase.com\/fr\/?s={search_term_string}"},"query-input":{"@type":"PropertyValueSpecification","valueRequired":true,"valueName":"search_term_string"}}],"inLanguage":"fr-FR"},{"@type":"Organization","@id":"https:\/\/maisontanase.com\/fr\/#organization","name":"Maison Tanase","url":"https:\/\/maisontanase.com\/fr\/","logo":{"@type":"ImageObject","inLanguage":"fr-FR","@id":"https:\/\/maisontanase.com\/fr\/#\/schema\/logo\/image\/","url":"https:\/\/maisontanase.com\/wp-content\/uploads\/2022\/05\/maison-tanase.jpg","contentUrl":"https:\/\/maisontanase.com\/wp-content\/uploads\/2022\/05\/maison-tanase.jpg","width":1200,"height":630,"caption":"Maison Tanase"},"image":{"@id":"https:\/\/maisontanase.com\/fr\/#\/schema\/logo\/image\/"}}]}},"_links":{"self":[{"href":"https:\/\/maisontanase.com\/fr\/wp-json\/wp\/v2\/product\/16727","targetHints":{"allow":["GET"]}}],"collection":[{"href":"https:\/\/maisontanase.com\/fr\/wp-json\/wp\/v2\/product"}],"about":[{"href":"https:\/\/maisontanase.com\/fr\/wp-json\/wp\/v2\/types\/product"}],"replies":[{"embeddable":true,"href":"https:\/\/maisontanase.com\/fr\/wp-json\/wp\/v2\/comments?post=16727"}],"version-history":[{"count":11,"href":"https:\/\/maisontanase.com\/fr\/wp-json\/wp\/v2\/product\/16727\/revisions"}],"predecessor-version":[{"id":19111,"href":"https:\/\/maisontanase.com\/fr\/wp-json\/wp\/v2\/product\/16727\/revisions\/19111"}],"wp:featuredmedia":[{"embeddable":true,"href":"https:\/\/maisontanase.com\/fr\/wp-json\/wp\/v2\/media\/16723"}],"wp:attachment":[{"href":"https:\/\/maisontanase.com\/fr\/wp-json\/wp\/v2\/media?parent=16727"}],"wp:term":[{"taxonomy":"product_brand","embeddable":true,"href":"https:\/\/maisontanase.com\/fr\/wp-json\/wp\/v2\/product_brand?post=16727"},{"taxonomy":"product_cat","embeddable":true,"href":"https:\/\/maisontanase.com\/fr\/wp-json\/wp\/v2\/product_cat?post=16727"},{"taxonomy":"product_tag","embeddable":true,"href":"https:\/\/maisontanase.com\/fr\/wp-json\/wp\/v2\/product_tag?post=16727"}],"curies":[{"name":"wp","href":"https:\/\/api.w.org\/{rel}","templated":true}]}}