
{"id":16616,"date":"2023-11-10T16:16:17","date_gmt":"2023-11-10T15:16:17","guid":{"rendered":"https:\/\/maisontanase.com\/?post_type=product&#038;p=16616"},"modified":"2025-11-13T11:04:54","modified_gmt":"2025-11-13T10:04:54","slug":"opus-one-2018","status":"publish","type":"product","link":"https:\/\/maisontanase.com\/fr\/boutique\/vins-du-monde\/opus-one-2018\/","title":{"rendered":"Opus One 2018 &#8211; Napa Valley &#8211; Rouge"},"content":{"rendered":"\t\t<div data-elementor-type=\"wp-post\" data-elementor-id=\"16616\" class=\"elementor elementor-16616 elementor-16293\">\n\t\t\t\t\t\t<section class=\"elementor-section elementor-top-section elementor-element elementor-element-dfcbcc4 elementor-section-boxed elementor-section-height-default elementor-section-height-default\" data-id=\"dfcbcc4\" data-element_type=\"section\" data-e-type=\"section\" data-settings=\"{&quot;pix_scale_in&quot;:&quot;none&quot;}\">\n\t\t\t\t\t\t<div class=\"elementor-container elementor-column-gap-default\">\n\t\t\t\t\t<div class=\"elementor-column elementor-col-100 elementor-top-column elementor-element elementor-element-f0839c7\" data-id=\"f0839c7\" data-element_type=\"column\" data-e-type=\"column\" data-settings=\"{&quot;pix_scale_in&quot;:&quot;none&quot;}\">\n\t\t\t<div class=\"elementor-widget-wrap elementor-element-populated\">\n\t\t\t\t\t\t<div class=\"elementor-element elementor-element-121adfd elementor-widget elementor-widget-text-editor\" data-id=\"121adfd\" data-element_type=\"widget\" data-e-type=\"widget\" data-widget_type=\"text-editor.default\">\n\t\t\t\t<div class=\"elementor-widget-container\">\n\t\t\t\t\t\t\t\t\t<p class=\"p1\">Achetez en ligne <strong>Opus One 2018<\/strong> &#8211; un vin rouge embl\u00e9matique de Napa Valley recherch\u00e9 par les collectionneurs et les connaisseurs du monde entier.<\/p><p class=\"p1\"><b>Mill\u00e9sime 2018<\/b><\/p>\t\t\t\t\t\t\t\t<\/div>\n\t\t\t\t<\/div>\n\t\t\t\t<div class=\"elementor-element elementor-element-a9fd3c9 elementor-widget elementor-widget-heading\" data-id=\"a9fd3c9\" data-element_type=\"widget\" data-e-type=\"widget\" data-widget_type=\"heading.default\">\n\t\t\t\t<div class=\"elementor-widget-container\">\n\t\t\t\t\t<h2 class=\"elementor-heading-title elementor-size-default\">Histoire<\/h2>\t\t\t\t<\/div>\n\t\t\t\t<\/div>\n\t\t\t\t<div class=\"elementor-element elementor-element-f4eeb0a elementor-widget elementor-widget-text-editor\" data-id=\"f4eeb0a\" data-element_type=\"widget\" data-e-type=\"widget\" data-widget_type=\"text-editor.default\">\n\t\t\t\t<div class=\"elementor-widget-container\">\n\t\t\t\t\t\t\t\t\t<p class=\"p1\">Comme toutes les grandes \u0153uvres, <strong>Opus One<\/strong> est le fruit de la passion et se dresse comme <strong>un chef-d\u2019\u0153uvre intemporel.<\/strong><\/p><p class=\"p1\"><strong>Cr\u00e9\u00e9e en 1979<\/strong>, cette prestigieuse cave est la collaboration harmonieuse entre deux g\u00e9ants du monde du vin, le Baron Philippe de Rothschild du <strong><a href=\"https:\/\/www.chateau-mouton-rothschild.com\/?lang=fr\">Ch\u00e2teau Mouton Rothschild<\/a><\/strong> \u00e0 Bordeaux, en France, et le visionnaire <strong><a href=\"https:\/\/robertmondaviwinery.com\/\">Robert Mondavi<\/a><\/strong>.<\/p><p class=\"p1\">Leur vision commune \u00e9tait de cr\u00e9er un vin qui fusionnerait harmonieusement la tradition du Vieux Monde avec l\u2019innovation du Nouveau Monde, donnant ainsi naissance \u00e0 Opus One, un vin \u00e0 la fois \u00e9l\u00e9gant et expressif.<\/p>\t\t\t\t\t\t\t\t<\/div>\n\t\t\t\t<\/div>\n\t\t\t\t<div class=\"elementor-element elementor-element-e53be77 elementor-widget elementor-widget-heading\" data-id=\"e53be77\" data-element_type=\"widget\" data-e-type=\"widget\" data-widget_type=\"heading.default\">\n\t\t\t\t<div class=\"elementor-widget-container\">\n\t\t\t\t\t<h2 class=\"elementor-heading-title elementor-size-default\">Viticulture<\/h2>\t\t\t\t<\/div>\n\t\t\t\t<\/div>\n\t\t\t\t<div class=\"elementor-element elementor-element-e022eb5 elementor-widget elementor-widget-text-editor\" data-id=\"e022eb5\" data-element_type=\"widget\" data-e-type=\"widget\" data-widget_type=\"text-editor.default\">\n\t\t\t\t<div class=\"elementor-widget-container\">\n\t\t\t\t\t\t\t\t\t<p class=\"p1\">Nich\u00e9s au c\u0153ur de la zone viticole d\u2019Oakville, les vignobles d\u2019Opus One t\u00e9moignent d\u2019une viticulture m\u00e9ticuleuse.<\/p><p class=\"p1\">\u00c9loign\u00e9es de leurs terres d\u2019origine, les vignes de Cabernet Sauvignon, Petit Verdot, Cabernet Franc, Merlot et Malbec ont d\u00fb s\u2019adapter.<\/p><p class=\"p1\"><strong>Les 69 hectares de terroirs tr\u00e8s diversifi\u00e9s sont cultiv\u00e9s sous un soleil intense et \u00e9clatant, face \u00e0 une \u00e9tendue de montagnes et de vignobles \u00e0 perte de<\/strong> vue. Le terroir d\u2019Oakville, avec ses sols bien drainants et son climat optimal, conf\u00e8re des caract\u00e9ristiques distinctes aux raisins, cr\u00e9ant ainsi le cadre id\u00e9al pour la r\u00e9alisation de m\u00e9langes exceptionnels.<\/p>\t\t\t\t\t\t\t\t<\/div>\n\t\t\t\t<\/div>\n\t\t\t\t<div class=\"elementor-element elementor-element-5c2148a elementor-widget elementor-widget-heading\" data-id=\"5c2148a\" data-element_type=\"widget\" data-e-type=\"widget\" data-widget_type=\"heading.default\">\n\t\t\t\t<div class=\"elementor-widget-container\">\n\t\t\t\t\t<h2 class=\"elementor-heading-title elementor-size-default\">Vinification<\/h2>\t\t\t\t<\/div>\n\t\t\t\t<\/div>\n\t\t\t\t<div class=\"elementor-element elementor-element-f24e5a7 elementor-widget elementor-widget-text-editor\" data-id=\"f24e5a7\" data-element_type=\"widget\" data-e-type=\"widget\" data-widget_type=\"text-editor.default\">\n\t\t\t\t<div class=\"elementor-widget-container\">\n\t\t\t\t\t\t\t\t\t<p class=\"p1\">La philosophie \u0153nologique d\u2019Opus One est une d\u00e9licate danse entre tradition et innovation. Les vignerons s\u00e9lectionnent avec soin les raisins de leurs vignobles, les r\u00e9coltant \u00e0 la main \u00e0 parfaite maturit\u00e9.<\/p><p class=\"p1\">L\u2019art de l\u2019assemblage occupe une place centrale dans le processus de vinification d\u2019Opus One. Chaque c\u00e9page est vinifi\u00e9 s\u00e9par\u00e9ment, permettant ainsi l\u2019expression de ses qualit\u00e9s uniques. Le m\u00e9lange final, une orchestration m\u00e9ticuleuse de saveurs, met en valeur le meilleur du terroir de la Napa Valley et le savoir-faire de l\u2019\u00e9quipe de vinification.<\/p><p class=\"p1\">Quant \u00e0 ce mill\u00e9sime sp\u00e9cifique, il pr\u00e9sente un assemblage traditionnel de <strong>Cabernet Sauvignon \u00e0 80%<\/strong>, <strong>Petit Verdot \u00e0 9%<\/strong>, <strong>Cabernet Franc \u00e0 5%<\/strong>, <strong>Merlot \u00e0 5%<\/strong>, et <strong>Malbec \u00e0 1%<\/strong>.<\/p><p class=\"p1\"><strong>Vieilli pendant 17,5 mois en f\u00fbts neufs de ch\u00eane fran\u00e7ais.<\/strong><\/p>\t\t\t\t\t\t\t\t<\/div>\n\t\t\t\t<\/div>\n\t\t\t\t<div class=\"elementor-element elementor-element-7cae827 elementor-widget elementor-widget-heading\" data-id=\"7cae827\" data-element_type=\"widget\" data-e-type=\"widget\" data-widget_type=\"heading.default\">\n\t\t\t\t<div class=\"elementor-widget-container\">\n\t\t\t\t\t<h2 class=\"elementor-heading-title elementor-size-default\">D\u00e9gustation<\/h2>\t\t\t\t<\/div>\n\t\t\t\t<\/div>\n\t\t\t\t<div class=\"elementor-element elementor-element-bbc90bf elementor-widget elementor-widget-text-editor\" data-id=\"bbc90bf\" data-element_type=\"widget\" data-e-type=\"widget\" data-widget_type=\"text-editor.default\">\n\t\t\t\t<div class=\"elementor-widget-container\">\n\t\t\t\t\t\t\t\t\t<p class=\"p1\">Ce vin se distingue par des ar\u00f4mes de fruits noirs, de p\u00e9tales de roses et des touches terreuses. L\u2019entr\u00e9e juteuse offre une sensation ronde et satin\u00e9e en bouche avec juste assez d\u2019acidit\u00e9 pour compl\u00e9ter sa texture soyeuse.<\/p><p class=\"p1\">Ce vin s\u00e9duisant procure des saveurs de cassis, de cerise noire et une pointe de poudre de cacao. Les tanins fins et souples \u00e9voluent vers une finale longue et souple. L&rsquo;<strong>Opus One 2018<\/strong> vous ravira d\u00e8s maintenant et pour de nombreuses ann\u00e9es car il poss\u00e8de un potentiel de garde \u00e9tonnant.<\/p><p class=\"p1\">Ouvrir 2 heures avant le service et d\u00e9guster \u00e0 une temp\u00e9rature id\u00e9ale de 16 \u00e0 18 \u00b0C. <br><strong>Opus One accompagne parfaitement les viandes rouges et blanches, le gibier, les champignons ainsi qu\u2019une belle s\u00e9lection de fromages.<\/strong><\/p>\t\t\t\t\t\t\t\t<\/div>\n\t\t\t\t<\/div>\n\t\t\t\t\t<\/div>\n\t\t<\/div>\n\t\t\t\t\t<\/div>\n\t\t<\/section>\n\t\t\t\t<\/div>\n\t\t","protected":false},"excerpt":{"rendered":"<p>Achetez en ligne Opus One 2018 &#8211; un vin rouge embl\u00e9matique de Napa Valley recherch\u00e9 par les collectionneurs et les connaisseurs du monde entier.<\/p>\n<p>Un vin rare parfaitement \u00e9quilibr\u00e9 qui offre des ar\u00f4mes de m\u00fbre, de cassis et de cerise noire.<\/p>\n","protected":false},"featured_media":16625,"comment_status":"open","ping_status":"closed","template":"","meta":[],"product_brand":[],"product_cat":[272,144],"product_tag":[236,221,237,265],"class_list":{"0":"post-16616","1":"product","2":"type-product","3":"status-publish","4":"has-post-thumbnail","6":"product_cat-napa-valley","7":"product_cat-vins-du-monde","8":"product_tag-californie","9":"product_tag-fine-wine-fr","10":"product_tag-napa-valley-fr","11":"product_tag-opus-one","13":"first","14":"instock","15":"shipping-taxable","16":"purchasable","17":"product-type-simple"},"yoast_head":"<!-- This site is optimized with the Yoast SEO plugin v27.3 - https:\/\/yoast.com\/product\/yoast-seo-wordpress\/ -->\n<title>Opus One 2018 - Napa Valley - California - Maison Tanase<\/title>\n<meta name=\"description\" content=\"Achetez en ligne Opus One 2018 - vin rouge embl\u00e9matique de Napa Valley recherch\u00e9 par les collectionneurs et les connaisseurs du monde entier. Paiement s\u00e9curis\u00e9. Livraison internationale rapide.\" \/>\n<meta name=\"robots\" content=\"index, follow, max-snippet:-1, max-image-preview:large, max-video-preview:-1\" \/>\n<link rel=\"canonical\" href=\"https:\/\/maisontanase.com\/fr\/boutique\/vins-du-monde\/opus-one-2018\/\" \/>\n<meta property=\"og:locale\" content=\"fr_FR\" \/>\n<meta property=\"og:type\" content=\"article\" \/>\n<meta property=\"og:title\" content=\"Opus One 2018 - Napa Valley - California - Maison Tanase\" \/>\n<meta property=\"og:description\" content=\"Achetez en ligne Opus One 2018 - vin rouge embl\u00e9matique de Napa Valley recherch\u00e9 par les collectionneurs et les connaisseurs du monde entier. Paiement s\u00e9curis\u00e9. Livraison internationale rapide.\" \/>\n<meta property=\"og:url\" content=\"https:\/\/maisontanase.com\/fr\/boutique\/vins-du-monde\/opus-one-2018\/\" \/>\n<meta property=\"og:site_name\" content=\"Maison Tanase\" \/>\n<meta property=\"article:modified_time\" content=\"2025-11-13T10:04:54+00:00\" \/>\n<meta property=\"og:image\" content=\"https:\/\/maisontanase.com\/wp-content\/uploads\/2022\/12\/2_Buy-online_Opus-One-2017-wine-from-Napa-Valley_Maison-Tanase-01-300x300.png\" \/>\n<meta name=\"twitter:card\" content=\"summary_large_image\" \/>\n<meta name=\"twitter:title\" content=\"Opus One 2018 - Napa Valley - California - Maison Tanase\" \/>\n<meta name=\"twitter:description\" content=\"Achetez en ligne Opus One 2018 - un vin rouge embl\u00e9matique de Napa Valley recherch\u00e9 par les collectionneurs et les connaisseurs du monde entier. Paiement s\u00e9curis\u00e9. Livraison internationale rapide.\" \/>\n<meta name=\"twitter:image\" content=\"https:\/\/maisontanase.com\/wp-content\/uploads\/2022\/12\/2_Buy-online_Opus-One-2017-wine-from-Napa-Valley_Maison-Tanase-01-1024x1024.png\" \/>\n<meta name=\"twitter:label1\" content=\"Dur\u00e9e de lecture estim\u00e9e\" \/>\n\t<meta name=\"twitter:data1\" content=\"3 minutes\" \/>\n<script type=\"application\/ld+json\" class=\"yoast-schema-graph\">{\"@context\":\"https:\\\/\\\/schema.org\",\"@graph\":[{\"@type\":\"WebPage\",\"@id\":\"https:\\\/\\\/maisontanase.com\\\/fr\\\/boutique\\\/vins-du-monde\\\/opus-one-2018\\\/\",\"url\":\"https:\\\/\\\/maisontanase.com\\\/fr\\\/boutique\\\/vins-du-monde\\\/opus-one-2018\\\/\",\"name\":\"Opus One 2018 - Napa Valley - California - Maison Tanase\",\"isPartOf\":{\"@id\":\"https:\\\/\\\/maisontanase.com\\\/fr\\\/#website\"},\"primaryImageOfPage\":{\"@id\":\"https:\\\/\\\/maisontanase.com\\\/fr\\\/boutique\\\/vins-du-monde\\\/opus-one-2018\\\/#primaryimage\"},\"image\":{\"@id\":\"https:\\\/\\\/maisontanase.com\\\/fr\\\/boutique\\\/vins-du-monde\\\/opus-one-2018\\\/#primaryimage\"},\"thumbnailUrl\":\"https:\\\/\\\/maisontanase.com\\\/wp-content\\\/uploads\\\/2023\\\/11\\\/2_Buy-online_Opus-One-2017-wine-from-Napa-Valley_Maison-Tanase-01.png\",\"datePublished\":\"2023-11-10T15:16:17+00:00\",\"dateModified\":\"2025-11-13T10:04:54+00:00\",\"description\":\"Achetez en ligne Opus One 2018 - vin rouge embl\u00e9matique de Napa Valley recherch\u00e9 par les collectionneurs et les connaisseurs du monde entier. Paiement s\u00e9curis\u00e9. Livraison internationale rapide.\",\"breadcrumb\":{\"@id\":\"https:\\\/\\\/maisontanase.com\\\/fr\\\/boutique\\\/vins-du-monde\\\/opus-one-2018\\\/#breadcrumb\"},\"inLanguage\":\"fr-FR\",\"potentialAction\":[{\"@type\":\"ReadAction\",\"target\":[\"https:\\\/\\\/maisontanase.com\\\/fr\\\/boutique\\\/vins-du-monde\\\/opus-one-2018\\\/\"]}]},{\"@type\":\"ImageObject\",\"inLanguage\":\"fr-FR\",\"@id\":\"https:\\\/\\\/maisontanase.com\\\/fr\\\/boutique\\\/vins-du-monde\\\/opus-one-2018\\\/#primaryimage\",\"url\":\"https:\\\/\\\/maisontanase.com\\\/wp-content\\\/uploads\\\/2023\\\/11\\\/2_Buy-online_Opus-One-2017-wine-from-Napa-Valley_Maison-Tanase-01.png\",\"contentUrl\":\"https:\\\/\\\/maisontanase.com\\\/wp-content\\\/uploads\\\/2023\\\/11\\\/2_Buy-online_Opus-One-2017-wine-from-Napa-Valley_Maison-Tanase-01.png\",\"width\":4167,\"height\":4168,\"caption\":\"2_Buy online_Opus One 2018 wine from Napa Valley_Maison Tanase-01\"},{\"@type\":\"BreadcrumbList\",\"@id\":\"https:\\\/\\\/maisontanase.com\\\/fr\\\/boutique\\\/vins-du-monde\\\/opus-one-2018\\\/#breadcrumb\",\"itemListElement\":[{\"@type\":\"ListItem\",\"position\":1,\"name\":\"Accueil\",\"item\":\"https:\\\/\\\/maisontanase.com\\\/fr\\\/\"},{\"@type\":\"ListItem\",\"position\":2,\"name\":\"Boutique\",\"item\":\"https:\\\/\\\/maisontanase.com\\\/fr\\\/boutique-en-ligne-maison-tanase\\\/\"},{\"@type\":\"ListItem\",\"position\":3,\"name\":\"Opus One 2018 &#8211; Napa Valley &#8211; Rouge\"}]},{\"@type\":\"WebSite\",\"@id\":\"https:\\\/\\\/maisontanase.com\\\/fr\\\/#website\",\"url\":\"https:\\\/\\\/maisontanase.com\\\/fr\\\/\",\"name\":\"Maison Tanase\",\"description\":\"Based in Bordeaux, Maison Tanase is a family-run business that produces and sells high-quality wines and spirits. Welcome to our online shop.\",\"publisher\":{\"@id\":\"https:\\\/\\\/maisontanase.com\\\/fr\\\/#organization\"},\"potentialAction\":[{\"@type\":\"SearchAction\",\"target\":{\"@type\":\"EntryPoint\",\"urlTemplate\":\"https:\\\/\\\/maisontanase.com\\\/fr\\\/?s={search_term_string}\"},\"query-input\":{\"@type\":\"PropertyValueSpecification\",\"valueRequired\":true,\"valueName\":\"search_term_string\"}}],\"inLanguage\":\"fr-FR\"},{\"@type\":\"Organization\",\"@id\":\"https:\\\/\\\/maisontanase.com\\\/fr\\\/#organization\",\"name\":\"Maison Tanase\",\"url\":\"https:\\\/\\\/maisontanase.com\\\/fr\\\/\",\"logo\":{\"@type\":\"ImageObject\",\"inLanguage\":\"fr-FR\",\"@id\":\"https:\\\/\\\/maisontanase.com\\\/fr\\\/#\\\/schema\\\/logo\\\/image\\\/\",\"url\":\"https:\\\/\\\/maisontanase.com\\\/wp-content\\\/uploads\\\/2022\\\/05\\\/maison-tanase.jpg\",\"contentUrl\":\"https:\\\/\\\/maisontanase.com\\\/wp-content\\\/uploads\\\/2022\\\/05\\\/maison-tanase.jpg\",\"width\":1200,\"height\":630,\"caption\":\"Maison Tanase\"},\"image\":{\"@id\":\"https:\\\/\\\/maisontanase.com\\\/fr\\\/#\\\/schema\\\/logo\\\/image\\\/\"}}]}<\/script>\n<!-- \/ Yoast SEO plugin. -->","yoast_head_json":{"title":"Opus One 2018 - Napa Valley - California - Maison Tanase","description":"Achetez en ligne Opus One 2018 - vin rouge embl\u00e9matique de Napa Valley recherch\u00e9 par les collectionneurs et les connaisseurs du monde entier. Paiement s\u00e9curis\u00e9. Livraison internationale rapide.","robots":{"index":"index","follow":"follow","max-snippet":"max-snippet:-1","max-image-preview":"max-image-preview:large","max-video-preview":"max-video-preview:-1"},"canonical":"https:\/\/maisontanase.com\/fr\/boutique\/vins-du-monde\/opus-one-2018\/","og_locale":"fr_FR","og_type":"article","og_title":"Opus One 2018 - Napa Valley - California - Maison Tanase","og_description":"Achetez en ligne Opus One 2018 - vin rouge embl\u00e9matique de Napa Valley recherch\u00e9 par les collectionneurs et les connaisseurs du monde entier. Paiement s\u00e9curis\u00e9. Livraison internationale rapide.","og_url":"https:\/\/maisontanase.com\/fr\/boutique\/vins-du-monde\/opus-one-2018\/","og_site_name":"Maison Tanase","article_modified_time":"2025-11-13T10:04:54+00:00","og_image":[{"url":"https:\/\/maisontanase.com\/wp-content\/uploads\/2022\/12\/2_Buy-online_Opus-One-2017-wine-from-Napa-Valley_Maison-Tanase-01-300x300.png","type":"","width":"","height":""}],"twitter_card":"summary_large_image","twitter_title":"Opus One 2018 - Napa Valley - California - Maison Tanase","twitter_description":"Achetez en ligne Opus One 2018 - un vin rouge embl\u00e9matique de Napa Valley recherch\u00e9 par les collectionneurs et les connaisseurs du monde entier. Paiement s\u00e9curis\u00e9. Livraison internationale rapide.","twitter_image":"https:\/\/maisontanase.com\/wp-content\/uploads\/2022\/12\/2_Buy-online_Opus-One-2017-wine-from-Napa-Valley_Maison-Tanase-01-1024x1024.png","twitter_misc":{"Dur\u00e9e de lecture estim\u00e9e":"3 minutes"},"schema":{"@context":"https:\/\/schema.org","@graph":[{"@type":"WebPage","@id":"https:\/\/maisontanase.com\/fr\/boutique\/vins-du-monde\/opus-one-2018\/","url":"https:\/\/maisontanase.com\/fr\/boutique\/vins-du-monde\/opus-one-2018\/","name":"Opus One 2018 - Napa Valley - California - Maison Tanase","isPartOf":{"@id":"https:\/\/maisontanase.com\/fr\/#website"},"primaryImageOfPage":{"@id":"https:\/\/maisontanase.com\/fr\/boutique\/vins-du-monde\/opus-one-2018\/#primaryimage"},"image":{"@id":"https:\/\/maisontanase.com\/fr\/boutique\/vins-du-monde\/opus-one-2018\/#primaryimage"},"thumbnailUrl":"https:\/\/maisontanase.com\/wp-content\/uploads\/2023\/11\/2_Buy-online_Opus-One-2017-wine-from-Napa-Valley_Maison-Tanase-01.png","datePublished":"2023-11-10T15:16:17+00:00","dateModified":"2025-11-13T10:04:54+00:00","description":"Achetez en ligne Opus One 2018 - vin rouge embl\u00e9matique de Napa Valley recherch\u00e9 par les collectionneurs et les connaisseurs du monde entier. Paiement s\u00e9curis\u00e9. Livraison internationale rapide.","breadcrumb":{"@id":"https:\/\/maisontanase.com\/fr\/boutique\/vins-du-monde\/opus-one-2018\/#breadcrumb"},"inLanguage":"fr-FR","potentialAction":[{"@type":"ReadAction","target":["https:\/\/maisontanase.com\/fr\/boutique\/vins-du-monde\/opus-one-2018\/"]}]},{"@type":"ImageObject","inLanguage":"fr-FR","@id":"https:\/\/maisontanase.com\/fr\/boutique\/vins-du-monde\/opus-one-2018\/#primaryimage","url":"https:\/\/maisontanase.com\/wp-content\/uploads\/2023\/11\/2_Buy-online_Opus-One-2017-wine-from-Napa-Valley_Maison-Tanase-01.png","contentUrl":"https:\/\/maisontanase.com\/wp-content\/uploads\/2023\/11\/2_Buy-online_Opus-One-2017-wine-from-Napa-Valley_Maison-Tanase-01.png","width":4167,"height":4168,"caption":"2_Buy online_Opus One 2018 wine from Napa Valley_Maison Tanase-01"},{"@type":"BreadcrumbList","@id":"https:\/\/maisontanase.com\/fr\/boutique\/vins-du-monde\/opus-one-2018\/#breadcrumb","itemListElement":[{"@type":"ListItem","position":1,"name":"Accueil","item":"https:\/\/maisontanase.com\/fr\/"},{"@type":"ListItem","position":2,"name":"Boutique","item":"https:\/\/maisontanase.com\/fr\/boutique-en-ligne-maison-tanase\/"},{"@type":"ListItem","position":3,"name":"Opus One 2018 &#8211; Napa Valley &#8211; Rouge"}]},{"@type":"WebSite","@id":"https:\/\/maisontanase.com\/fr\/#website","url":"https:\/\/maisontanase.com\/fr\/","name":"Maison Tanase","description":"Based in Bordeaux, Maison Tanase is a family-run business that produces and sells high-quality wines and spirits. Welcome to our online shop.","publisher":{"@id":"https:\/\/maisontanase.com\/fr\/#organization"},"potentialAction":[{"@type":"SearchAction","target":{"@type":"EntryPoint","urlTemplate":"https:\/\/maisontanase.com\/fr\/?s={search_term_string}"},"query-input":{"@type":"PropertyValueSpecification","valueRequired":true,"valueName":"search_term_string"}}],"inLanguage":"fr-FR"},{"@type":"Organization","@id":"https:\/\/maisontanase.com\/fr\/#organization","name":"Maison Tanase","url":"https:\/\/maisontanase.com\/fr\/","logo":{"@type":"ImageObject","inLanguage":"fr-FR","@id":"https:\/\/maisontanase.com\/fr\/#\/schema\/logo\/image\/","url":"https:\/\/maisontanase.com\/wp-content\/uploads\/2022\/05\/maison-tanase.jpg","contentUrl":"https:\/\/maisontanase.com\/wp-content\/uploads\/2022\/05\/maison-tanase.jpg","width":1200,"height":630,"caption":"Maison Tanase"},"image":{"@id":"https:\/\/maisontanase.com\/fr\/#\/schema\/logo\/image\/"}}]}},"_links":{"self":[{"href":"https:\/\/maisontanase.com\/fr\/wp-json\/wp\/v2\/product\/16616","targetHints":{"allow":["GET"]}}],"collection":[{"href":"https:\/\/maisontanase.com\/fr\/wp-json\/wp\/v2\/product"}],"about":[{"href":"https:\/\/maisontanase.com\/fr\/wp-json\/wp\/v2\/types\/product"}],"replies":[{"embeddable":true,"href":"https:\/\/maisontanase.com\/fr\/wp-json\/wp\/v2\/comments?post=16616"}],"version-history":[{"count":11,"href":"https:\/\/maisontanase.com\/fr\/wp-json\/wp\/v2\/product\/16616\/revisions"}],"predecessor-version":[{"id":19124,"href":"https:\/\/maisontanase.com\/fr\/wp-json\/wp\/v2\/product\/16616\/revisions\/19124"}],"wp:featuredmedia":[{"embeddable":true,"href":"https:\/\/maisontanase.com\/fr\/wp-json\/wp\/v2\/media\/16625"}],"wp:attachment":[{"href":"https:\/\/maisontanase.com\/fr\/wp-json\/wp\/v2\/media?parent=16616"}],"wp:term":[{"taxonomy":"product_brand","embeddable":true,"href":"https:\/\/maisontanase.com\/fr\/wp-json\/wp\/v2\/product_brand?post=16616"},{"taxonomy":"product_cat","embeddable":true,"href":"https:\/\/maisontanase.com\/fr\/wp-json\/wp\/v2\/product_cat?post=16616"},{"taxonomy":"product_tag","embeddable":true,"href":"https:\/\/maisontanase.com\/fr\/wp-json\/wp\/v2\/product_tag?post=16616"}],"curies":[{"name":"wp","href":"https:\/\/api.w.org\/{rel}","templated":true}]}}