
{"id":16550,"date":"2023-11-17T13:02:11","date_gmt":"2023-11-17T12:02:11","guid":{"rendered":"https:\/\/maisontanase.com\/?post_type=product&#038;p=16550"},"modified":"2026-02-02T15:09:36","modified_gmt":"2026-02-02T14:09:36","slug":"phelan-segur-2017","status":"publish","type":"product","link":"https:\/\/maisontanase.com\/fr\/boutique\/vins-francais\/bordeaux-fr\/phelan-segur-2017\/","title":{"rendered":"Chateau Phelan Segur 2017 &#8211; Saint-Estephe &#8211; Rouge"},"content":{"rendered":"\t\t<div data-elementor-type=\"wp-post\" data-elementor-id=\"16550\" class=\"elementor elementor-16550 elementor-16549\">\n\t\t\t\t\t\t<section class=\"elementor-section elementor-top-section elementor-element elementor-element-dfcbcc4 elementor-section-boxed elementor-section-height-default elementor-section-height-default\" data-id=\"dfcbcc4\" data-element_type=\"section\" data-e-type=\"section\" data-settings=\"{&quot;pix_scale_in&quot;:&quot;none&quot;}\">\n\t\t\t\t\t\t<div class=\"elementor-container elementor-column-gap-default\">\n\t\t\t\t\t<div class=\"elementor-column elementor-col-100 elementor-top-column elementor-element elementor-element-f0839c7\" data-id=\"f0839c7\" data-element_type=\"column\" data-e-type=\"column\" data-settings=\"{&quot;pix_scale_in&quot;:&quot;none&quot;}\">\n\t\t\t<div class=\"elementor-widget-wrap elementor-element-populated\">\n\t\t\t\t\t\t<div class=\"elementor-element elementor-element-121adfd elementor-widget elementor-widget-text-editor\" data-id=\"121adfd\" data-element_type=\"widget\" data-e-type=\"widget\" data-widget_type=\"text-editor.default\">\n\t\t\t\t<div class=\"elementor-widget-container\">\n\t\t\t\t\t\t\t\t\t<p>Achetez en ligne Ph\u00e9lan S\u00e9gur 2017 &#8211; Grand Vin de Saint-Est\u00e8phe, l&rsquo;un des meilleurs rouges du M\u00e9doc: puissant, rond, juteux. <\/p><p><span style=\"color: inherit; font-family: var( --e-global-typography-text-font-family ), Sans-serif; font-weight: var( --e-global-typography-text-font-weight ); font-size: 1rem; letter-spacing: -0.01rem;\">Ce vin poss\u00e8de un <span style=\"text-decoration: underline;\">excellent potentiel de garde, ce qui en fait une v\u00e9ritable pi\u00e8ce de collection pour les amateurs et connaisseurs de grands Bordeaux.<\/span><\/span><\/p><p><strong>Mill\u00e9sime 2017<\/strong><\/p>\t\t\t\t\t\t\t\t<\/div>\n\t\t\t\t<\/div>\n\t\t\t\t<div class=\"elementor-element elementor-element-a9fd3c9 elementor-widget elementor-widget-heading\" data-id=\"a9fd3c9\" data-element_type=\"widget\" data-e-type=\"widget\" data-widget_type=\"heading.default\">\n\t\t\t\t<div class=\"elementor-widget-container\">\n\t\t\t\t\t<h2 class=\"elementor-heading-title elementor-size-default\">Histoire<\/h2>\t\t\t\t<\/div>\n\t\t\t\t<\/div>\n\t\t\t\t<div class=\"elementor-element elementor-element-f4eeb0a elementor-widget elementor-widget-text-editor\" data-id=\"f4eeb0a\" data-element_type=\"widget\" data-e-type=\"widget\" data-widget_type=\"text-editor.default\">\n\t\t\t\t<div class=\"elementor-widget-container\">\n\t\t\t\t\t\t\t\t\t<p class=\"p1\"><strong>Ph\u00e9lan S\u00e9gur est une propri\u00e9t\u00e9 familiale<\/strong> qui a \u00e9t\u00e9 cr\u00e9\u00e9e au XIXe si\u00e8cle, par <strong>Bernard Ph\u00e9lan<\/strong>, un remarquable viticulteur irlandais. Apr\u00e8s avoir quitt\u00e9 ses terres natales, Bernanrd Ph\u00e9lan s\u2019installe \u00e0 Bordeaux. C\u2019est ici qu\u2019il \u00e9pouse la fille d\u2019un n\u00e9gociant en vin avec laquelle il construit le Ch\u00e2teau qui servira ensuite de mod\u00e8le pour les maisons m\u00e9docaines.<\/p><p class=\"p1\">\u00c0 la mort de son p\u00e8re, <strong>Frank Ph\u00e9lan<\/strong> (fils de Bernard) se consacre \u00e0 la notori\u00e9t\u00e9 du domaine familial qui devient Ph\u00e9lan S\u00e9gur au d\u00e9but du XXe si\u00e8cle.<\/p><p class=\"p1\">Pendant deux si\u00e8cles d&rsquo;histoire on compte 4 familles qui ont d\u00e9fil\u00e9 entre ses murs et ont oeuvr\u00e9 \u00e0 la renomm\u00e9e des vins du Ch\u00e2teau. Depuis janvier 2018, c\u2019est <strong>Philippe Van de Vyvere et son fils Pierre<\/strong> qui en sont fi\u00e8res propri\u00e9taires.<\/p><p class=\"p1\">Le domaine est membre de l\u2019<strong><a href=\"https:\/\/www.ugcb.net\/fr\">Union des Grands Crus de Bordeaux<\/a><\/strong>. <strong>La Place de Bordeaux<\/strong> inscrit Ch\u00e2teau Ph\u00e9lan S\u00e9gur dans la cat\u00e9gorie des <strong>Grands Crus Class\u00e9s et Assimil\u00e9s<\/strong>.<\/p>\t\t\t\t\t\t\t\t<\/div>\n\t\t\t\t<\/div>\n\t\t\t\t<div class=\"elementor-element elementor-element-e53be77 elementor-widget elementor-widget-heading\" data-id=\"e53be77\" data-element_type=\"widget\" data-e-type=\"widget\" data-widget_type=\"heading.default\">\n\t\t\t\t<div class=\"elementor-widget-container\">\n\t\t\t\t\t<h2 class=\"elementor-heading-title elementor-size-default\">Viticulture<\/h2>\t\t\t\t<\/div>\n\t\t\t\t<\/div>\n\t\t\t\t<div class=\"elementor-element elementor-element-e022eb5 elementor-widget elementor-widget-text-editor\" data-id=\"e022eb5\" data-element_type=\"widget\" data-e-type=\"widget\" data-widget_type=\"text-editor.default\">\n\t\t\t\t<div class=\"elementor-widget-container\">\n\t\t\t\t\t\t\t\t\t<p class=\"p1\">Les <strong>70 hectares<\/strong> de vignes de Ch\u00e2teau Ph\u00e9lan S\u00e9gur s\u2019\u00e9tendent non loin de l\u2019estuaire de la Gironde, sur l\u2019appellation Saint-Est\u00e8phe.<\/p><p class=\"p1\">Les <strong>2 c\u00e9pages: cabernet sauvignon<\/strong> et <strong>merlot<\/strong> sont plant\u00e9s sur un sol fait de graves argileuses. Jouissant d\u2019un climat temp\u00e9r\u00e9 aux influences oc\u00e9aniques, ainsi que d\u2019un drainage ad\u00e9quat, les c\u00e9pages peuvent proposer la plus pure expression du terroir.<\/p><p class=\"p1\">Les jeunes vignes sont r\u00e9parties sur 4 parcelles, cultiv\u00e9es dans le respect de pratiques durables. Plus exactement, <span style=\"text-decoration: underline;\">les d\u00e9sherbants y sont totalement bannis<\/span>. A partir des ann\u00e9es 1990, la biotechnologie est utilis\u00e9e afin de cesser toute utilisation d\u2019insecticides. Les fumures utilis\u00e9es pour alimenter le sol sont issues de compos\u00e9s organiques.<\/p>\t\t\t\t\t\t\t\t<\/div>\n\t\t\t\t<\/div>\n\t\t\t\t<div class=\"elementor-element elementor-element-5c2148a elementor-widget elementor-widget-heading\" data-id=\"5c2148a\" data-element_type=\"widget\" data-e-type=\"widget\" data-widget_type=\"heading.default\">\n\t\t\t\t<div class=\"elementor-widget-container\">\n\t\t\t\t\t<h2 class=\"elementor-heading-title elementor-size-default\">Vinification<\/h2>\t\t\t\t<\/div>\n\t\t\t\t<\/div>\n\t\t\t\t<div class=\"elementor-element elementor-element-f24e5a7 elementor-widget elementor-widget-text-editor\" data-id=\"f24e5a7\" data-element_type=\"widget\" data-e-type=\"widget\" data-widget_type=\"text-editor.default\">\n\t\t\t\t<div class=\"elementor-widget-container\">\n\t\t\t\t\t\t\t\t\t<p class=\"p1\"><strong>Ch\u00e2teau Ph\u00e9lan S\u00e9gur 2017<\/strong> est fait avec <strong>65% Cabernet Sauvignon<\/strong> et <strong>35% Merlot<\/strong>.<\/p><p class=\"p1\">Apr\u00e8s des vendanges manuelles, les \u00e9quipes vigneronnes proc\u00e8dent au tri des baies. Le premier tri se d\u00e9roule sur des tables vibrantes et est effectu\u00e9 \u00e0 la main. Un second tri optique a \u00e9t\u00e9 mis en place \u00e0 partir de 2011.<\/p><p class=\"p1\"><strong>L\u2019\u00e9levage<\/strong> se d\u00e9roule <strong>en barrique de ch\u00eane pour une dur\u00e9e de 14 \u00e0 18 mois.<\/strong> Les assemblages sont r\u00e9alis\u00e9s \u00e0 la fin de cette p\u00e9riode. Le soutirage se fait \u00e0 la bougie, selon la m\u00e9thode traditionnelle, en douceur et en pr\u00e9cision. <a href=\"https:\/\/www.challenges.fr\/lifestyle\/michel-rolland-oenologue-bordelais-seigneur-des-chateaux_814742\">Michel Rolland<\/a>, \u0153nologue conseil, assiste Fabrice Bacquey dans l\u2019assemblage.<\/p><p class=\"p1\">Le Ch\u00e2teau Ph\u00e9lan-S\u00e9gur dispose d\u2019un Grand Vin, \u00ab\u00a0Ch\u00e2teau Ph\u00e9lan-S\u00e9gur\u00a0\u00bb et deux seconds vins: \u00ab\u00a0Frank Ph\u00e9lan\u00a0\u00bb et \u00ab\u00a0Croix Bonis\u00a0\u00bb.<\/p><p class=\"p1\">Les vins de Ph\u00e9lan-S\u00e9gur sont vinifi\u00e9s et \u00e9labor\u00e9s avec un grand respect du terroir, ce qui leur conf\u00e8re la race, la finesse, l&rsquo;\u00e9quilibre, la typicit\u00e9 d&rsquo;un grand Saint-Est\u00e8phe.<\/p>\t\t\t\t\t\t\t\t<\/div>\n\t\t\t\t<\/div>\n\t\t\t\t<div class=\"elementor-element elementor-element-7cae827 elementor-widget elementor-widget-heading\" data-id=\"7cae827\" data-element_type=\"widget\" data-e-type=\"widget\" data-widget_type=\"heading.default\">\n\t\t\t\t<div class=\"elementor-widget-container\">\n\t\t\t\t\t<h2 class=\"elementor-heading-title elementor-size-default\">D\u00e9gustation<\/h2>\t\t\t\t<\/div>\n\t\t\t\t<\/div>\n\t\t\t\t<div class=\"elementor-element elementor-element-bbc90bf elementor-widget elementor-widget-text-editor\" data-id=\"bbc90bf\" data-element_type=\"widget\" data-e-type=\"widget\" data-widget_type=\"text-editor.default\">\n\t\t\t\t<div class=\"elementor-widget-container\">\n\t\t\t\t\t\t\t\t\t<p class=\"p1\">Ce <strong>Ph\u00e9lan S\u00e9gur 2017<\/strong> poss\u00e9de une belle robe rubis intense. Nez exprimant un bouquet de fruit purs et pr\u00e9cis avec une jolie touche de cuir. Souple \u00e0 l&rsquo;attaque, le palais est ample, gras et long, tr\u00e8s bien constitu\u00e9 autour de tanins admirablement structur\u00e9s, au grain fin.<\/p><p class=\"p1\">Plein d\u2019\u00e9clat, juteux, rond et puissant, ce vin est d\u00e9j\u00e0 agr\u00e9able \u00e0 d\u00e9guster, mais saura se bonifier encore plus avec le temps. <strong>Apog\u00e9e: 2026 &#8211; 2037.<\/strong> N\u00e9anmoins, si vous souhaitez le d\u00e9guster tout de suite, veillez \u00e0 d\u00e9canter la bouteille au moins 6 heures avant de la d\u00e9guster.<\/p><p class=\"p1\"><strong>Servez ce vin \u00e0 16\u201318 \u00b0C :<\/strong> cette temp\u00e9rature id\u00e9ale permet \u00e0 ce grand vin de r\u00e9v\u00e9ler toute la richesse de ses ar\u00f4mes et de ses saveurs. <strong>Il accompagne \u00e0 merveille les viandes rouges et les fromages affin\u00e9s.<\/strong><\/p>\t\t\t\t\t\t\t\t<\/div>\n\t\t\t\t<\/div>\n\t\t\t\t\t<\/div>\n\t\t<\/div>\n\t\t\t\t\t<\/div>\n\t\t<\/section>\n\t\t\t\t<\/div>\n\t\t","protected":false},"excerpt":{"rendered":"<p class=\"p1\">Ch\u00e2teau Ph\u00e9lan S\u00e9gur 2017 est un Grand vin de Saint-Est\u00e8phe, consid\u00e9r\u00e9 comme l&rsquo;un des meilleurs rouges du M\u00e9doc: puissant, \u00e9quilibr\u00e9, rond et juteux.<\/p>\n<p>Parfait pour les f\u00eates, les repas en famille ou entre amis.<\/p>\n","protected":false},"featured_media":16577,"comment_status":"open","ping_status":"closed","template":"","meta":[],"product_brand":[],"product_cat":[134,132,133],"product_tag":[222,221,297],"class_list":{"0":"post-16550","1":"product","2":"type-product","3":"status-publish","4":"has-post-thumbnail","6":"product_cat-bordeaux-fr","7":"product_cat-grands-crus","8":"product_cat-vins-francais","9":"product_tag-bordeaux-fr","10":"product_tag-fine-wine-fr","11":"product_tag-saint-estephe-fr","13":"first","14":"instock","15":"shipping-taxable","16":"purchasable","17":"product-type-simple"},"yoast_head":"<!-- This site is optimized with the Yoast SEO plugin v27.3 - https:\/\/yoast.com\/product\/yoast-seo-wordpress\/ -->\n<title>Ch\u00e2teau Ph\u00e9lan S\u00e9gur 2017 - Rouge - Saint-Est\u00e8phe - Grand Vin<\/title>\n<meta name=\"description\" content=\"Achetez en ligne le Ch\u00e2teau Ph\u00e9lan S\u00e9gur 2017 \u2013 un grand vin de Saint-Est\u00e8phe, parmi les meilleurs rouges du M\u00e9doc : puissant, rond et g\u00e9n\u00e9reux. Paiement s\u00e9curis\u00e9. Livraison rapide.\" \/>\n<meta name=\"robots\" content=\"index, follow, max-snippet:-1, max-image-preview:large, max-video-preview:-1\" \/>\n<link rel=\"canonical\" href=\"https:\/\/maisontanase.com\/fr\/boutique\/vins-francais\/bordeaux-fr\/phelan-segur-2017\/\" \/>\n<meta property=\"og:locale\" content=\"fr_FR\" \/>\n<meta property=\"og:type\" content=\"article\" \/>\n<meta property=\"og:title\" content=\"Ch\u00e2teau Ph\u00e9lan S\u00e9gur 2017 - Rouge - Saint-Est\u00e8phe - Cru Bourgeois\" \/>\n<meta property=\"og:description\" content=\"Achetez en ligne Ch\u00e2teau Ph\u00e9lan S\u00e9gur 2017 - un vin raffin\u00e9 aux tanins \u00e9l\u00e9gants, aux notes complexes de fruits et d\u2019\u00e9pices. Paiement s\u00e9curis\u00e9. Livraison internationale rapide.\" \/>\n<meta property=\"og:url\" content=\"https:\/\/maisontanase.com\/fr\/boutique\/vins-francais\/bordeaux-fr\/phelan-segur-2017\/\" \/>\n<meta property=\"og:site_name\" content=\"Maison Tanase\" \/>\n<meta property=\"article:modified_time\" content=\"2026-02-02T14:09:36+00:00\" \/>\n<meta property=\"og:image\" content=\"https:\/\/maisontanase.com\/wp-content\/uploads\/2023\/11\/Chateau-Phelan-Segur-2017_Saint-Estephe_buy-online-from-Maison-Tanase.png\" \/>\n\t<meta property=\"og:image:width\" content=\"4169\" \/>\n\t<meta property=\"og:image:height\" content=\"4170\" \/>\n\t<meta property=\"og:image:type\" content=\"image\/png\" \/>\n<meta name=\"twitter:card\" content=\"summary_large_image\" \/>\n<meta name=\"twitter:title\" content=\"Ch\u00e2teau Ph\u00e9lan S\u00e9gur 2017 - Rouge - Saint-Est\u00e8phe - Cru Bourgeois\" \/>\n<meta name=\"twitter:description\" content=\"Achetez en ligne Ch\u00e2teau Ph\u00e9lan S\u00e9gur 2017 - un vin raffin\u00e9 aux tanins \u00e9l\u00e9gants, aux notes complexes de fruits et d\u2019\u00e9pices. Paiement s\u00e9curis\u00e9. Livraison internationale rapide.\" \/>\n<meta name=\"twitter:image\" content=\"https:\/\/maisontanase.com\/wp-content\/uploads\/2023\/11\/Chateau-Phelan-Segur-2017_Saint-Estephe_buy-online-from-Maison-Tanase.png\" \/>\n<meta name=\"twitter:label1\" content=\"Dur\u00e9e de lecture estim\u00e9e\" \/>\n\t<meta name=\"twitter:data1\" content=\"3 minutes\" \/>\n<script type=\"application\/ld+json\" class=\"yoast-schema-graph\">{\"@context\":\"https:\\\/\\\/schema.org\",\"@graph\":[{\"@type\":\"WebPage\",\"@id\":\"https:\\\/\\\/maisontanase.com\\\/fr\\\/boutique\\\/vins-francais\\\/bordeaux-fr\\\/phelan-segur-2017\\\/\",\"url\":\"https:\\\/\\\/maisontanase.com\\\/fr\\\/boutique\\\/vins-francais\\\/bordeaux-fr\\\/phelan-segur-2017\\\/\",\"name\":\"Ch\u00e2teau Ph\u00e9lan S\u00e9gur 2017 - Rouge - Saint-Est\u00e8phe - Grand Vin\",\"isPartOf\":{\"@id\":\"https:\\\/\\\/maisontanase.com\\\/fr\\\/#website\"},\"primaryImageOfPage\":{\"@id\":\"https:\\\/\\\/maisontanase.com\\\/fr\\\/boutique\\\/vins-francais\\\/bordeaux-fr\\\/phelan-segur-2017\\\/#primaryimage\"},\"image\":{\"@id\":\"https:\\\/\\\/maisontanase.com\\\/fr\\\/boutique\\\/vins-francais\\\/bordeaux-fr\\\/phelan-segur-2017\\\/#primaryimage\"},\"thumbnailUrl\":\"https:\\\/\\\/maisontanase.com\\\/wp-content\\\/uploads\\\/2023\\\/11\\\/Chateau-Phelan-Segur-2017_Saint-Estephe_buy-online-from-Maison-Tanase.png\",\"datePublished\":\"2023-11-17T12:02:11+00:00\",\"dateModified\":\"2026-02-02T14:09:36+00:00\",\"description\":\"Achetez en ligne le Ch\u00e2teau Ph\u00e9lan S\u00e9gur 2017 \u2013 un grand vin de Saint-Est\u00e8phe, parmi les meilleurs rouges du M\u00e9doc : puissant, rond et g\u00e9n\u00e9reux. Paiement s\u00e9curis\u00e9. Livraison rapide.\",\"breadcrumb\":{\"@id\":\"https:\\\/\\\/maisontanase.com\\\/fr\\\/boutique\\\/vins-francais\\\/bordeaux-fr\\\/phelan-segur-2017\\\/#breadcrumb\"},\"inLanguage\":\"fr-FR\",\"potentialAction\":[{\"@type\":\"ReadAction\",\"target\":[\"https:\\\/\\\/maisontanase.com\\\/fr\\\/boutique\\\/vins-francais\\\/bordeaux-fr\\\/phelan-segur-2017\\\/\"]}]},{\"@type\":\"ImageObject\",\"inLanguage\":\"fr-FR\",\"@id\":\"https:\\\/\\\/maisontanase.com\\\/fr\\\/boutique\\\/vins-francais\\\/bordeaux-fr\\\/phelan-segur-2017\\\/#primaryimage\",\"url\":\"https:\\\/\\\/maisontanase.com\\\/wp-content\\\/uploads\\\/2023\\\/11\\\/Chateau-Phelan-Segur-2017_Saint-Estephe_buy-online-from-Maison-Tanase.png\",\"contentUrl\":\"https:\\\/\\\/maisontanase.com\\\/wp-content\\\/uploads\\\/2023\\\/11\\\/Chateau-Phelan-Segur-2017_Saint-Estephe_buy-online-from-Maison-Tanase.png\",\"width\":4169,\"height\":4170,\"caption\":\"Cha\u0302teau Phe\u0301lan Se\u0301gur 2017_Saint Estephe_achetez en ligne_ Maison Tanase\"},{\"@type\":\"BreadcrumbList\",\"@id\":\"https:\\\/\\\/maisontanase.com\\\/fr\\\/boutique\\\/vins-francais\\\/bordeaux-fr\\\/phelan-segur-2017\\\/#breadcrumb\",\"itemListElement\":[{\"@type\":\"ListItem\",\"position\":1,\"name\":\"Accueil\",\"item\":\"https:\\\/\\\/maisontanase.com\\\/fr\\\/\"},{\"@type\":\"ListItem\",\"position\":2,\"name\":\"Boutique\",\"item\":\"https:\\\/\\\/maisontanase.com\\\/fr\\\/boutique-en-ligne-maison-tanase\\\/\"},{\"@type\":\"ListItem\",\"position\":3,\"name\":\"Chateau Phelan Segur 2017 &#8211; Saint-Estephe &#8211; Rouge\"}]},{\"@type\":\"WebSite\",\"@id\":\"https:\\\/\\\/maisontanase.com\\\/fr\\\/#website\",\"url\":\"https:\\\/\\\/maisontanase.com\\\/fr\\\/\",\"name\":\"Maison Tanase\",\"description\":\"Based in Bordeaux, Maison Tanase is a family-run business that produces and sells high-quality wines and spirits. Welcome to our online shop.\",\"publisher\":{\"@id\":\"https:\\\/\\\/maisontanase.com\\\/fr\\\/#organization\"},\"potentialAction\":[{\"@type\":\"SearchAction\",\"target\":{\"@type\":\"EntryPoint\",\"urlTemplate\":\"https:\\\/\\\/maisontanase.com\\\/fr\\\/?s={search_term_string}\"},\"query-input\":{\"@type\":\"PropertyValueSpecification\",\"valueRequired\":true,\"valueName\":\"search_term_string\"}}],\"inLanguage\":\"fr-FR\"},{\"@type\":\"Organization\",\"@id\":\"https:\\\/\\\/maisontanase.com\\\/fr\\\/#organization\",\"name\":\"Maison Tanase\",\"url\":\"https:\\\/\\\/maisontanase.com\\\/fr\\\/\",\"logo\":{\"@type\":\"ImageObject\",\"inLanguage\":\"fr-FR\",\"@id\":\"https:\\\/\\\/maisontanase.com\\\/fr\\\/#\\\/schema\\\/logo\\\/image\\\/\",\"url\":\"https:\\\/\\\/maisontanase.com\\\/wp-content\\\/uploads\\\/2022\\\/05\\\/maison-tanase.jpg\",\"contentUrl\":\"https:\\\/\\\/maisontanase.com\\\/wp-content\\\/uploads\\\/2022\\\/05\\\/maison-tanase.jpg\",\"width\":1200,\"height\":630,\"caption\":\"Maison Tanase\"},\"image\":{\"@id\":\"https:\\\/\\\/maisontanase.com\\\/fr\\\/#\\\/schema\\\/logo\\\/image\\\/\"}}]}<\/script>\n<!-- \/ Yoast SEO plugin. -->","yoast_head_json":{"title":"Ch\u00e2teau Ph\u00e9lan S\u00e9gur 2017 - Rouge - Saint-Est\u00e8phe - Grand Vin","description":"Achetez en ligne le Ch\u00e2teau Ph\u00e9lan S\u00e9gur 2017 \u2013 un grand vin de Saint-Est\u00e8phe, parmi les meilleurs rouges du M\u00e9doc : puissant, rond et g\u00e9n\u00e9reux. Paiement s\u00e9curis\u00e9. Livraison rapide.","robots":{"index":"index","follow":"follow","max-snippet":"max-snippet:-1","max-image-preview":"max-image-preview:large","max-video-preview":"max-video-preview:-1"},"canonical":"https:\/\/maisontanase.com\/fr\/boutique\/vins-francais\/bordeaux-fr\/phelan-segur-2017\/","og_locale":"fr_FR","og_type":"article","og_title":"Ch\u00e2teau Ph\u00e9lan S\u00e9gur 2017 - Rouge - Saint-Est\u00e8phe - Cru Bourgeois","og_description":"Achetez en ligne Ch\u00e2teau Ph\u00e9lan S\u00e9gur 2017 - un vin raffin\u00e9 aux tanins \u00e9l\u00e9gants, aux notes complexes de fruits et d\u2019\u00e9pices. Paiement s\u00e9curis\u00e9. Livraison internationale rapide.","og_url":"https:\/\/maisontanase.com\/fr\/boutique\/vins-francais\/bordeaux-fr\/phelan-segur-2017\/","og_site_name":"Maison Tanase","article_modified_time":"2026-02-02T14:09:36+00:00","og_image":[{"width":4169,"height":4170,"url":"https:\/\/maisontanase.com\/wp-content\/uploads\/2023\/11\/Chateau-Phelan-Segur-2017_Saint-Estephe_buy-online-from-Maison-Tanase.png","type":"image\/png"}],"twitter_card":"summary_large_image","twitter_title":"Ch\u00e2teau Ph\u00e9lan S\u00e9gur 2017 - Rouge - Saint-Est\u00e8phe - Cru Bourgeois","twitter_description":"Achetez en ligne Ch\u00e2teau Ph\u00e9lan S\u00e9gur 2017 - un vin raffin\u00e9 aux tanins \u00e9l\u00e9gants, aux notes complexes de fruits et d\u2019\u00e9pices. Paiement s\u00e9curis\u00e9. Livraison internationale rapide.","twitter_image":"https:\/\/maisontanase.com\/wp-content\/uploads\/2023\/11\/Chateau-Phelan-Segur-2017_Saint-Estephe_buy-online-from-Maison-Tanase.png","twitter_misc":{"Dur\u00e9e de lecture estim\u00e9e":"3 minutes"},"schema":{"@context":"https:\/\/schema.org","@graph":[{"@type":"WebPage","@id":"https:\/\/maisontanase.com\/fr\/boutique\/vins-francais\/bordeaux-fr\/phelan-segur-2017\/","url":"https:\/\/maisontanase.com\/fr\/boutique\/vins-francais\/bordeaux-fr\/phelan-segur-2017\/","name":"Ch\u00e2teau Ph\u00e9lan S\u00e9gur 2017 - Rouge - Saint-Est\u00e8phe - Grand Vin","isPartOf":{"@id":"https:\/\/maisontanase.com\/fr\/#website"},"primaryImageOfPage":{"@id":"https:\/\/maisontanase.com\/fr\/boutique\/vins-francais\/bordeaux-fr\/phelan-segur-2017\/#primaryimage"},"image":{"@id":"https:\/\/maisontanase.com\/fr\/boutique\/vins-francais\/bordeaux-fr\/phelan-segur-2017\/#primaryimage"},"thumbnailUrl":"https:\/\/maisontanase.com\/wp-content\/uploads\/2023\/11\/Chateau-Phelan-Segur-2017_Saint-Estephe_buy-online-from-Maison-Tanase.png","datePublished":"2023-11-17T12:02:11+00:00","dateModified":"2026-02-02T14:09:36+00:00","description":"Achetez en ligne le Ch\u00e2teau Ph\u00e9lan S\u00e9gur 2017 \u2013 un grand vin de Saint-Est\u00e8phe, parmi les meilleurs rouges du M\u00e9doc : puissant, rond et g\u00e9n\u00e9reux. Paiement s\u00e9curis\u00e9. Livraison rapide.","breadcrumb":{"@id":"https:\/\/maisontanase.com\/fr\/boutique\/vins-francais\/bordeaux-fr\/phelan-segur-2017\/#breadcrumb"},"inLanguage":"fr-FR","potentialAction":[{"@type":"ReadAction","target":["https:\/\/maisontanase.com\/fr\/boutique\/vins-francais\/bordeaux-fr\/phelan-segur-2017\/"]}]},{"@type":"ImageObject","inLanguage":"fr-FR","@id":"https:\/\/maisontanase.com\/fr\/boutique\/vins-francais\/bordeaux-fr\/phelan-segur-2017\/#primaryimage","url":"https:\/\/maisontanase.com\/wp-content\/uploads\/2023\/11\/Chateau-Phelan-Segur-2017_Saint-Estephe_buy-online-from-Maison-Tanase.png","contentUrl":"https:\/\/maisontanase.com\/wp-content\/uploads\/2023\/11\/Chateau-Phelan-Segur-2017_Saint-Estephe_buy-online-from-Maison-Tanase.png","width":4169,"height":4170,"caption":"Cha\u0302teau Phe\u0301lan Se\u0301gur 2017_Saint Estephe_achetez en ligne_ Maison Tanase"},{"@type":"BreadcrumbList","@id":"https:\/\/maisontanase.com\/fr\/boutique\/vins-francais\/bordeaux-fr\/phelan-segur-2017\/#breadcrumb","itemListElement":[{"@type":"ListItem","position":1,"name":"Accueil","item":"https:\/\/maisontanase.com\/fr\/"},{"@type":"ListItem","position":2,"name":"Boutique","item":"https:\/\/maisontanase.com\/fr\/boutique-en-ligne-maison-tanase\/"},{"@type":"ListItem","position":3,"name":"Chateau Phelan Segur 2017 &#8211; Saint-Estephe &#8211; Rouge"}]},{"@type":"WebSite","@id":"https:\/\/maisontanase.com\/fr\/#website","url":"https:\/\/maisontanase.com\/fr\/","name":"Maison Tanase","description":"Based in Bordeaux, Maison Tanase is a family-run business that produces and sells high-quality wines and spirits. Welcome to our online shop.","publisher":{"@id":"https:\/\/maisontanase.com\/fr\/#organization"},"potentialAction":[{"@type":"SearchAction","target":{"@type":"EntryPoint","urlTemplate":"https:\/\/maisontanase.com\/fr\/?s={search_term_string}"},"query-input":{"@type":"PropertyValueSpecification","valueRequired":true,"valueName":"search_term_string"}}],"inLanguage":"fr-FR"},{"@type":"Organization","@id":"https:\/\/maisontanase.com\/fr\/#organization","name":"Maison Tanase","url":"https:\/\/maisontanase.com\/fr\/","logo":{"@type":"ImageObject","inLanguage":"fr-FR","@id":"https:\/\/maisontanase.com\/fr\/#\/schema\/logo\/image\/","url":"https:\/\/maisontanase.com\/wp-content\/uploads\/2022\/05\/maison-tanase.jpg","contentUrl":"https:\/\/maisontanase.com\/wp-content\/uploads\/2022\/05\/maison-tanase.jpg","width":1200,"height":630,"caption":"Maison Tanase"},"image":{"@id":"https:\/\/maisontanase.com\/fr\/#\/schema\/logo\/image\/"}}]}},"_links":{"self":[{"href":"https:\/\/maisontanase.com\/fr\/wp-json\/wp\/v2\/product\/16550","targetHints":{"allow":["GET"]}}],"collection":[{"href":"https:\/\/maisontanase.com\/fr\/wp-json\/wp\/v2\/product"}],"about":[{"href":"https:\/\/maisontanase.com\/fr\/wp-json\/wp\/v2\/types\/product"}],"replies":[{"embeddable":true,"href":"https:\/\/maisontanase.com\/fr\/wp-json\/wp\/v2\/comments?post=16550"}],"version-history":[{"count":10,"href":"https:\/\/maisontanase.com\/fr\/wp-json\/wp\/v2\/product\/16550\/revisions"}],"predecessor-version":[{"id":19113,"href":"https:\/\/maisontanase.com\/fr\/wp-json\/wp\/v2\/product\/16550\/revisions\/19113"}],"wp:featuredmedia":[{"embeddable":true,"href":"https:\/\/maisontanase.com\/fr\/wp-json\/wp\/v2\/media\/16577"}],"wp:attachment":[{"href":"https:\/\/maisontanase.com\/fr\/wp-json\/wp\/v2\/media?parent=16550"}],"wp:term":[{"taxonomy":"product_brand","embeddable":true,"href":"https:\/\/maisontanase.com\/fr\/wp-json\/wp\/v2\/product_brand?post=16550"},{"taxonomy":"product_cat","embeddable":true,"href":"https:\/\/maisontanase.com\/fr\/wp-json\/wp\/v2\/product_cat?post=16550"},{"taxonomy":"product_tag","embeddable":true,"href":"https:\/\/maisontanase.com\/fr\/wp-json\/wp\/v2\/product_tag?post=16550"}],"curies":[{"name":"wp","href":"https:\/\/api.w.org\/{rel}","templated":true}]}}