
{"id":16535,"date":"2023-11-17T10:28:26","date_gmt":"2023-11-17T09:28:26","guid":{"rendered":"https:\/\/maisontanase.com\/?post_type=product&#038;p=16535"},"modified":"2025-12-18T15:19:10","modified_gmt":"2025-12-18T14:19:10","slug":"francois-lecompte-extra-brut-2015","status":"publish","type":"product","link":"https:\/\/maisontanase.com\/fr\/boutique\/vins-francais\/francois-lecompte-extra-brut-2015\/","title":{"rendered":"Fran\u00e7ois Lecompte &#8211; Extra-Brut &#8211; Mill\u00e9sim\u00e9 2015"},"content":{"rendered":"\t\t<div data-elementor-type=\"wp-post\" data-elementor-id=\"16535\" class=\"elementor elementor-16535 elementor-16534\">\n\t\t\t\t\t\t<section class=\"elementor-section elementor-top-section elementor-element elementor-element-dfcbcc4 elementor-section-boxed elementor-section-height-default elementor-section-height-default\" data-id=\"dfcbcc4\" data-element_type=\"section\" data-e-type=\"section\" data-settings=\"{&quot;pix_scale_in&quot;:&quot;none&quot;}\">\n\t\t\t\t\t\t<div class=\"elementor-container elementor-column-gap-default\">\n\t\t\t\t\t<div class=\"elementor-column elementor-col-100 elementor-top-column elementor-element elementor-element-f0839c7\" data-id=\"f0839c7\" data-element_type=\"column\" data-e-type=\"column\" data-settings=\"{&quot;pix_scale_in&quot;:&quot;none&quot;}\">\n\t\t\t<div class=\"elementor-widget-wrap elementor-element-populated\">\n\t\t\t\t\t\t<div class=\"elementor-element elementor-element-121adfd elementor-widget elementor-widget-text-editor\" data-id=\"121adfd\" data-element_type=\"widget\" data-e-type=\"widget\" data-widget_type=\"text-editor.default\">\n\t\t\t\t<div class=\"elementor-widget-container\">\n\t\t\t\t\t\t\t\t\t<p class=\"p1\">Achetez en ligne <strong>Champagne Fran\u00e7ois Lecompte<\/strong>. Cet <strong>Extra-Brut Mill\u00e9sim\u00e9 2015<\/strong> a une belle min\u00e9ralit\u00e9 et une \u00e9blouissante sensation de l\u00e9g\u00e8ret\u00e9, caract\u00e9ristique des champagnes peu dos\u00e9s. <\/p><p class=\"p1\">Vibrant et intense, ce Grand Champagne s\u00e9duit tous les palais. <\/p><p class=\"p1\"><b>Extra-Brut, Mill\u00e9sim\u00e9 2015<\/b><\/p>\t\t\t\t\t\t\t\t<\/div>\n\t\t\t\t<\/div>\n\t\t\t\t<div class=\"elementor-element elementor-element-a9fd3c9 elementor-widget elementor-widget-heading\" data-id=\"a9fd3c9\" data-element_type=\"widget\" data-e-type=\"widget\" data-widget_type=\"heading.default\">\n\t\t\t\t<div class=\"elementor-widget-container\">\n\t\t\t\t\t<h2 class=\"elementor-heading-title elementor-size-default\">Histoire<\/h2>\t\t\t\t<\/div>\n\t\t\t\t<\/div>\n\t\t\t\t<div class=\"elementor-element elementor-element-f4eeb0a elementor-widget elementor-widget-text-editor\" data-id=\"f4eeb0a\" data-element_type=\"widget\" data-e-type=\"widget\" data-widget_type=\"text-editor.default\">\n\t\t\t\t<div class=\"elementor-widget-container\">\n\t\t\t\t\t\t\t\t\t<p class=\"p1\">Fran\u00e7ois Lecompte est un producteur de Champagne qui g\u00e8re depuis 1987 le domaine cr\u00e9\u00e9 par ses anc\u00eatres en 1876.<\/p><p class=\"p1\">Son vignoble s&rsquo;\u00e9tend sur plus de <strong>9 hectares<\/strong> autour de Rilly-la-Montagne, <strong>village 1er Cru<\/strong> proche de Reims. Il cr\u00e9e des cuv\u00e9es prestigieuses, naturelles et fruit\u00e9es, refl\u00e9tant l&rsquo;esprit et l&rsquo;authenticit\u00e9 de sa maison, et sa passion pour son m\u00e9tier de vigneron.<\/p>\t\t\t\t\t\t\t\t<\/div>\n\t\t\t\t<\/div>\n\t\t\t\t<div class=\"elementor-element elementor-element-e53be77 elementor-widget elementor-widget-heading\" data-id=\"e53be77\" data-element_type=\"widget\" data-e-type=\"widget\" data-widget_type=\"heading.default\">\n\t\t\t\t<div class=\"elementor-widget-container\">\n\t\t\t\t\t<h2 class=\"elementor-heading-title elementor-size-default\">Viticulture<\/h2>\t\t\t\t<\/div>\n\t\t\t\t<\/div>\n\t\t\t\t<div class=\"elementor-element elementor-element-e022eb5 elementor-widget elementor-widget-text-editor\" data-id=\"e022eb5\" data-element_type=\"widget\" data-e-type=\"widget\" data-widget_type=\"text-editor.default\">\n\t\t\t\t<div class=\"elementor-widget-container\">\n\t\t\t\t\t\t\t\t\t<p class=\"p1\"><strong>Fran\u00e7ois Lecompte Extra-Brut Champagne Mill\u00e9sim\u00e9 2015<\/strong> a son propre \u00ab caract\u00e8re \u00bb : c&rsquo;est toujours un vin mill\u00e9sim\u00e9, valorisant ainsi la qualit\u00e9 d&rsquo;une r\u00e9colte sp\u00e9cifique, et le go\u00fbt typique des vins de Rilly-la-Montagne.<\/p><p class=\"p1\">Au fil du temps, Fran\u00e7ois Lecompte cr\u00e9e un champagne unique mais n\u00e9anmoins constant, reflet de sa vision, de son savoir-faire et des qualit\u00e9s de son <strong>vignoble Premier Cru<\/strong>.<\/p><p class=\"p1\">L&rsquo;ADN du Champagne Fran\u00e7ois Lecompte se caract\u00e9rise \u00e9galement par une viticulture orient\u00e9e vers l&rsquo;<strong>agriculture biologique<\/strong>, une <strong>vinification naturelle<\/strong> et une <strong>production traditionnelle<\/strong> du champagne.<\/p>\t\t\t\t\t\t\t\t<\/div>\n\t\t\t\t<\/div>\n\t\t\t\t<div class=\"elementor-element elementor-element-5c2148a elementor-widget elementor-widget-heading\" data-id=\"5c2148a\" data-element_type=\"widget\" data-e-type=\"widget\" data-widget_type=\"heading.default\">\n\t\t\t\t<div class=\"elementor-widget-container\">\n\t\t\t\t\t<h2 class=\"elementor-heading-title elementor-size-default\">Vinification<\/h2>\t\t\t\t<\/div>\n\t\t\t\t<\/div>\n\t\t\t\t<div class=\"elementor-element elementor-element-f24e5a7 elementor-widget elementor-widget-text-editor\" data-id=\"f24e5a7\" data-element_type=\"widget\" data-e-type=\"widget\" data-widget_type=\"text-editor.default\">\n\t\t\t\t<div class=\"elementor-widget-container\">\n\t\t\t\t\t\t\t\t\t<p class=\"p1\">Fran\u00e7ois Lecompte \u00e9labore un <strong>champagne <\/strong><strong>100% naturel<\/strong>, sans ajout de levures artificielles. Assemblage : <strong>40 % Chardonnay<\/strong>, <strong>30 % Pinot Noir<\/strong> et <strong>30 % Pinot Meunier.<\/strong><\/p><p class=\"p1\">Ce processus se d\u00e9roule dans des cuves en acier inoxydable. La premi\u00e8re fermentation alcoolique naturelle commence apr\u00e8s le pressurage des raisins sur place, puis fermente doucement et naturellement au cours des mois suivants. La mise en bouteille a lieu l&rsquo;ann\u00e9e suivante en juillet ou ao\u00fbt.<\/p><p class=\"p1\">Apr\u00e8s la mise en bouteille, les bouteilles sont descendues en cave, o\u00f9 elles restent <strong>7 ans<\/strong>, dans l&rsquo;obscurit\u00e9, \u00e0 la temp\u00e9rature requise de <strong>9\u00b0C tout au long de l&rsquo;ann\u00e9e<\/strong>, selon la tradition ancestrale. Les caves de craie de cette r\u00e9gion champenoise offrent des conditions id\u00e9ales de conservation et d\u2019\u00e9levage, garantissant un champagne d\u2019une qualit\u00e9 exceptionnelle.<\/p><p class=\"p1\">Le temps de maturation des bouteilles en cave garantit l&rsquo;excellence du champagne.<\/p><p class=\"p1\">C&rsquo;est alors que le vin entame sa seconde fermentation alcoolique \u00e0 l&rsquo;int\u00e9rieur de la bouteille, transformant le vin tranquille en vin mousseux. Ce proc\u00e9d\u00e9 est appel\u00e9 \u00ab prise de mousse \u00bb. Un d\u00e9p\u00f4t va se cr\u00e9er dans la bouteille. Gr\u00e2ce \u00e0 l&rsquo;interaction entre les s\u00e9diments et le vin, <strong>Fran\u00e7ois Lecompte Champagne Extra-Brut Mill\u00e9sim\u00e9 2015<\/strong> d\u00e9veloppera finesse et structure ainsi que des ar\u00f4mes naturels, subtils et complexes. Ensuite, le d\u00e9p\u00f4t est expuls\u00e9 (d\u00e9gorgement) et un peu de liqueur est ajout\u00e9e (dosage).<\/p><p class=\"p1\"><strong>Vieilli pendant 7 ans.<\/strong><\/p>\t\t\t\t\t\t\t\t<\/div>\n\t\t\t\t<\/div>\n\t\t\t\t<div class=\"elementor-element elementor-element-7cae827 elementor-widget elementor-widget-heading\" data-id=\"7cae827\" data-element_type=\"widget\" data-e-type=\"widget\" data-widget_type=\"heading.default\">\n\t\t\t\t<div class=\"elementor-widget-container\">\n\t\t\t\t\t<h2 class=\"elementor-heading-title elementor-size-default\">D\u00e9gustation<\/h2>\t\t\t\t<\/div>\n\t\t\t\t<\/div>\n\t\t\t\t<div class=\"elementor-element elementor-element-bbc90bf elementor-widget elementor-widget-text-editor\" data-id=\"bbc90bf\" data-element_type=\"widget\" data-e-type=\"widget\" data-widget_type=\"text-editor.default\">\n\t\t\t\t<div class=\"elementor-widget-container\">\n\t\t\t\t\t\t\t\t\t<p class=\"p1\">Belle robe dor\u00e9e, brillante. Ce vin est construit autour d\u2019une effervescence fine. Le nez exprime des notes de bl\u00e9, de pain frais et chaud. La bouche est gourmande, d\u00e9voilant des ar\u00f4mes de miel au d\u00e9but, avec des bulles vives mais discr\u00e8tes. Finale savoureuse sur la p\u00e2tisserie et les fruits blancs avec une touche d\u2019agrumes.<\/p><p class=\"p1\">L&rsquo;<strong>\u00e9l\u00e9gance du Chardonnay<\/strong>, la <strong>puissance du Pinot Noir<\/strong> et la <strong>rondeur du Pinot Meunier<\/strong> soulignent l&rsquo;amplitude aromatique de ce vin et lui conf\u00e8rent un <strong>bel \u00e9quilibre<\/strong>. Ce Champagne \u00e9l\u00e9gant est <strong>le compagnon parfait de toutes vos c\u00e9l\u00e9brations et moments d\u2019exception.<\/strong><\/p><p class=\"p1\"><strong>Servir \u00e0 8-10\u00b0C.<br><\/strong>(Refroidissez-le en pla\u00e7ant la bouteille dans un seau rempli de glace et d&rsquo;eau pendant 20 minutes, ou au r\u00e9frig\u00e9rateur pendant plusieurs heures.)<\/p>\t\t\t\t\t\t\t\t<\/div>\n\t\t\t\t<\/div>\n\t\t\t\t\t<\/div>\n\t\t<\/div>\n\t\t\t\t\t<\/div>\n\t\t<\/section>\n\t\t\t\t<\/div>\n\t\t","protected":false},"excerpt":{"rendered":"<p class=\"p1\">Achetez en ligne <strong>Champagne Fran\u00e7ois Lecompte &#8211; Extra-Brut Mill\u00e9sim\u00e9 2015<\/strong>.<\/p>\n<p>Profond et a\u00e9rien, expressif et complexe, min\u00e9ral et vibrant.<br \/>\nUn <strong>Champagne incontournable<\/strong>!<\/p>\n","protected":false},"featured_media":16573,"comment_status":"open","ping_status":"closed","template":"","meta":[],"product_brand":[],"product_cat":[137,133],"product_tag":[280,295,291,290],"class_list":{"0":"post-16535","1":"product","2":"type-product","3":"status-publish","4":"has-post-thumbnail","6":"product_cat-champagne-pour-toutes-occasions","7":"product_cat-vins-francais","8":"product_tag-champagne-fr","9":"product_tag-extra-brut-fr","10":"product_tag-francois-lecompte-fr","11":"product_tag-millesime-fr","13":"first","14":"instock","15":"shipping-taxable","16":"purchasable","17":"product-type-simple"},"yoast_head":"<!-- This site is optimized with the Yoast SEO plugin v27.3 - https:\/\/yoast.com\/product\/yoast-seo-wordpress\/ -->\n<title>Champagne Fran\u00e7ois Lecompte - Extra-Brut 2015 - Maison Tanase<\/title>\n<meta name=\"description\" content=\"Achetez Champagne Fran\u00e7ois Lecompte. Un Extra-Brut Mill\u00e9sim\u00e9 2015 qui r\u00e9v\u00e8le un profil aromatique exceptionnel. Paiement s\u00e9curis\u00e9. Livraison internationale rapide.\" \/>\n<meta name=\"robots\" content=\"index, follow, max-snippet:-1, max-image-preview:large, max-video-preview:-1\" \/>\n<link rel=\"canonical\" href=\"https:\/\/maisontanase.com\/fr\/boutique\/vins-francais\/francois-lecompte-extra-brut-2015\/\" \/>\n<meta property=\"og:locale\" content=\"fr_FR\" \/>\n<meta property=\"og:type\" content=\"article\" \/>\n<meta property=\"og:title\" content=\"Champagne Fran\u00e7ois Lecompte - Brut Mill\u00e9sim\u00e9 - Maison Tanase\" \/>\n<meta property=\"og:description\" content=\"Achetez Champagne Fran\u00e7ois Lecompte. Un Extra-Brut Mill\u00e9sim\u00e9 2015 qui r\u00e9v\u00e8le un profil aromatique exceptionnel. Paiement s\u00e9curis\u00e9. Livraison internationale rapide. Paiement s\u00e9curis\u00e9. Livraison internationale rapide.\" \/>\n<meta property=\"og:url\" content=\"https:\/\/maisontanase.com\/fr\/boutique\/vins-francais\/francois-lecompte-extra-brut-2015\/\" \/>\n<meta property=\"og:site_name\" content=\"Maison Tanase\" \/>\n<meta property=\"article:modified_time\" content=\"2025-12-18T14:19:10+00:00\" \/>\n<meta property=\"og:image\" content=\"https:\/\/maisontanase.com\/wp-content\/uploads\/2023\/11\/Maison-Tanase_Champagne-Francois-Lecompte-Extra-Brut-Millesime-2015_Website.png\" \/>\n\t<meta property=\"og:image:width\" content=\"4167\" \/>\n\t<meta property=\"og:image:height\" content=\"4168\" \/>\n\t<meta property=\"og:image:type\" content=\"image\/png\" \/>\n<meta name=\"twitter:card\" content=\"summary_large_image\" \/>\n<meta name=\"twitter:title\" content=\"Champagne Fran\u00e7ois Lecompte - Brut Mill\u00e9sim\u00e9 - Maison Tanase\" \/>\n<meta name=\"twitter:description\" content=\"Achetez Champagne Fran\u00e7ois Lecompte. Un Extra-Brut Mill\u00e9sim\u00e9 2015 qui r\u00e9v\u00e8le un profil aromatique exceptionnel. Paiement s\u00e9curis\u00e9. Livraison internationale rapide. Paiement s\u00e9curis\u00e9. Livraison internationale rapide.\" \/>\n<meta name=\"twitter:image\" content=\"https:\/\/maisontanase.com\/wp-content\/uploads\/2023\/11\/Maison-Tanase_Champagne-Francois-Lecompte-Extra-Brut-Millesime-2015_Website.png\" \/>\n<meta name=\"twitter:label1\" content=\"Dur\u00e9e de lecture estim\u00e9e\" \/>\n\t<meta name=\"twitter:data1\" content=\"3 minutes\" \/>\n<script type=\"application\/ld+json\" class=\"yoast-schema-graph\">{\"@context\":\"https:\\\/\\\/schema.org\",\"@graph\":[{\"@type\":\"WebPage\",\"@id\":\"https:\\\/\\\/maisontanase.com\\\/fr\\\/boutique\\\/vins-francais\\\/francois-lecompte-extra-brut-2015\\\/\",\"url\":\"https:\\\/\\\/maisontanase.com\\\/fr\\\/boutique\\\/vins-francais\\\/francois-lecompte-extra-brut-2015\\\/\",\"name\":\"Champagne Fran\u00e7ois Lecompte - Extra-Brut 2015 - Maison Tanase\",\"isPartOf\":{\"@id\":\"https:\\\/\\\/maisontanase.com\\\/fr\\\/#website\"},\"primaryImageOfPage\":{\"@id\":\"https:\\\/\\\/maisontanase.com\\\/fr\\\/boutique\\\/vins-francais\\\/francois-lecompte-extra-brut-2015\\\/#primaryimage\"},\"image\":{\"@id\":\"https:\\\/\\\/maisontanase.com\\\/fr\\\/boutique\\\/vins-francais\\\/francois-lecompte-extra-brut-2015\\\/#primaryimage\"},\"thumbnailUrl\":\"https:\\\/\\\/maisontanase.com\\\/wp-content\\\/uploads\\\/2023\\\/11\\\/Maison-Tanase_Champagne-Francois-Lecompte-Extra-Brut-Millesime-2015_Website.png\",\"datePublished\":\"2023-11-17T09:28:26+00:00\",\"dateModified\":\"2025-12-18T14:19:10+00:00\",\"description\":\"Achetez Champagne Fran\u00e7ois Lecompte. Un Extra-Brut Mill\u00e9sim\u00e9 2015 qui r\u00e9v\u00e8le un profil aromatique exceptionnel. Paiement s\u00e9curis\u00e9. Livraison internationale rapide.\",\"breadcrumb\":{\"@id\":\"https:\\\/\\\/maisontanase.com\\\/fr\\\/boutique\\\/vins-francais\\\/francois-lecompte-extra-brut-2015\\\/#breadcrumb\"},\"inLanguage\":\"fr-FR\",\"potentialAction\":[{\"@type\":\"ReadAction\",\"target\":[\"https:\\\/\\\/maisontanase.com\\\/fr\\\/boutique\\\/vins-francais\\\/francois-lecompte-extra-brut-2015\\\/\"]}]},{\"@type\":\"ImageObject\",\"inLanguage\":\"fr-FR\",\"@id\":\"https:\\\/\\\/maisontanase.com\\\/fr\\\/boutique\\\/vins-francais\\\/francois-lecompte-extra-brut-2015\\\/#primaryimage\",\"url\":\"https:\\\/\\\/maisontanase.com\\\/wp-content\\\/uploads\\\/2023\\\/11\\\/Maison-Tanase_Champagne-Francois-Lecompte-Extra-Brut-Millesime-2015_Website.png\",\"contentUrl\":\"https:\\\/\\\/maisontanase.com\\\/wp-content\\\/uploads\\\/2023\\\/11\\\/Maison-Tanase_Champagne-Francois-Lecompte-Extra-Brut-Millesime-2015_Website.png\",\"width\":4167,\"height\":4168,\"caption\":\"Acheter en ligne Champagne Francois Lecompte Extra Brut Millesime 2015 de chez Maison Tanase, grossiste en vin et champagnes francais\"},{\"@type\":\"BreadcrumbList\",\"@id\":\"https:\\\/\\\/maisontanase.com\\\/fr\\\/boutique\\\/vins-francais\\\/francois-lecompte-extra-brut-2015\\\/#breadcrumb\",\"itemListElement\":[{\"@type\":\"ListItem\",\"position\":1,\"name\":\"Accueil\",\"item\":\"https:\\\/\\\/maisontanase.com\\\/fr\\\/\"},{\"@type\":\"ListItem\",\"position\":2,\"name\":\"Boutique\",\"item\":\"https:\\\/\\\/maisontanase.com\\\/fr\\\/boutique-en-ligne-maison-tanase\\\/\"},{\"@type\":\"ListItem\",\"position\":3,\"name\":\"Fran\u00e7ois Lecompte &#8211; Extra-Brut &#8211; Mill\u00e9sim\u00e9 2015\"}]},{\"@type\":\"WebSite\",\"@id\":\"https:\\\/\\\/maisontanase.com\\\/fr\\\/#website\",\"url\":\"https:\\\/\\\/maisontanase.com\\\/fr\\\/\",\"name\":\"Maison Tanase\",\"description\":\"Based in Bordeaux, Maison Tanase is a family-run business that produces and sells high-quality wines and spirits. Welcome to our online shop.\",\"publisher\":{\"@id\":\"https:\\\/\\\/maisontanase.com\\\/fr\\\/#organization\"},\"potentialAction\":[{\"@type\":\"SearchAction\",\"target\":{\"@type\":\"EntryPoint\",\"urlTemplate\":\"https:\\\/\\\/maisontanase.com\\\/fr\\\/?s={search_term_string}\"},\"query-input\":{\"@type\":\"PropertyValueSpecification\",\"valueRequired\":true,\"valueName\":\"search_term_string\"}}],\"inLanguage\":\"fr-FR\"},{\"@type\":\"Organization\",\"@id\":\"https:\\\/\\\/maisontanase.com\\\/fr\\\/#organization\",\"name\":\"Maison Tanase\",\"url\":\"https:\\\/\\\/maisontanase.com\\\/fr\\\/\",\"logo\":{\"@type\":\"ImageObject\",\"inLanguage\":\"fr-FR\",\"@id\":\"https:\\\/\\\/maisontanase.com\\\/fr\\\/#\\\/schema\\\/logo\\\/image\\\/\",\"url\":\"https:\\\/\\\/maisontanase.com\\\/wp-content\\\/uploads\\\/2022\\\/05\\\/maison-tanase.jpg\",\"contentUrl\":\"https:\\\/\\\/maisontanase.com\\\/wp-content\\\/uploads\\\/2022\\\/05\\\/maison-tanase.jpg\",\"width\":1200,\"height\":630,\"caption\":\"Maison Tanase\"},\"image\":{\"@id\":\"https:\\\/\\\/maisontanase.com\\\/fr\\\/#\\\/schema\\\/logo\\\/image\\\/\"}}]}<\/script>\n<!-- \/ Yoast SEO plugin. -->","yoast_head_json":{"title":"Champagne Fran\u00e7ois Lecompte - Extra-Brut 2015 - Maison Tanase","description":"Achetez Champagne Fran\u00e7ois Lecompte. Un Extra-Brut Mill\u00e9sim\u00e9 2015 qui r\u00e9v\u00e8le un profil aromatique exceptionnel. Paiement s\u00e9curis\u00e9. Livraison internationale rapide.","robots":{"index":"index","follow":"follow","max-snippet":"max-snippet:-1","max-image-preview":"max-image-preview:large","max-video-preview":"max-video-preview:-1"},"canonical":"https:\/\/maisontanase.com\/fr\/boutique\/vins-francais\/francois-lecompte-extra-brut-2015\/","og_locale":"fr_FR","og_type":"article","og_title":"Champagne Fran\u00e7ois Lecompte - Brut Mill\u00e9sim\u00e9 - Maison Tanase","og_description":"Achetez Champagne Fran\u00e7ois Lecompte. Un Extra-Brut Mill\u00e9sim\u00e9 2015 qui r\u00e9v\u00e8le un profil aromatique exceptionnel. Paiement s\u00e9curis\u00e9. Livraison internationale rapide. Paiement s\u00e9curis\u00e9. Livraison internationale rapide.","og_url":"https:\/\/maisontanase.com\/fr\/boutique\/vins-francais\/francois-lecompte-extra-brut-2015\/","og_site_name":"Maison Tanase","article_modified_time":"2025-12-18T14:19:10+00:00","og_image":[{"width":4167,"height":4168,"url":"https:\/\/maisontanase.com\/wp-content\/uploads\/2023\/11\/Maison-Tanase_Champagne-Francois-Lecompte-Extra-Brut-Millesime-2015_Website.png","type":"image\/png"}],"twitter_card":"summary_large_image","twitter_title":"Champagne Fran\u00e7ois Lecompte - Brut Mill\u00e9sim\u00e9 - Maison Tanase","twitter_description":"Achetez Champagne Fran\u00e7ois Lecompte. Un Extra-Brut Mill\u00e9sim\u00e9 2015 qui r\u00e9v\u00e8le un profil aromatique exceptionnel. Paiement s\u00e9curis\u00e9. Livraison internationale rapide. Paiement s\u00e9curis\u00e9. Livraison internationale rapide.","twitter_image":"https:\/\/maisontanase.com\/wp-content\/uploads\/2023\/11\/Maison-Tanase_Champagne-Francois-Lecompte-Extra-Brut-Millesime-2015_Website.png","twitter_misc":{"Dur\u00e9e de lecture estim\u00e9e":"3 minutes"},"schema":{"@context":"https:\/\/schema.org","@graph":[{"@type":"WebPage","@id":"https:\/\/maisontanase.com\/fr\/boutique\/vins-francais\/francois-lecompte-extra-brut-2015\/","url":"https:\/\/maisontanase.com\/fr\/boutique\/vins-francais\/francois-lecompte-extra-brut-2015\/","name":"Champagne Fran\u00e7ois Lecompte - Extra-Brut 2015 - Maison Tanase","isPartOf":{"@id":"https:\/\/maisontanase.com\/fr\/#website"},"primaryImageOfPage":{"@id":"https:\/\/maisontanase.com\/fr\/boutique\/vins-francais\/francois-lecompte-extra-brut-2015\/#primaryimage"},"image":{"@id":"https:\/\/maisontanase.com\/fr\/boutique\/vins-francais\/francois-lecompte-extra-brut-2015\/#primaryimage"},"thumbnailUrl":"https:\/\/maisontanase.com\/wp-content\/uploads\/2023\/11\/Maison-Tanase_Champagne-Francois-Lecompte-Extra-Brut-Millesime-2015_Website.png","datePublished":"2023-11-17T09:28:26+00:00","dateModified":"2025-12-18T14:19:10+00:00","description":"Achetez Champagne Fran\u00e7ois Lecompte. Un Extra-Brut Mill\u00e9sim\u00e9 2015 qui r\u00e9v\u00e8le un profil aromatique exceptionnel. Paiement s\u00e9curis\u00e9. Livraison internationale rapide.","breadcrumb":{"@id":"https:\/\/maisontanase.com\/fr\/boutique\/vins-francais\/francois-lecompte-extra-brut-2015\/#breadcrumb"},"inLanguage":"fr-FR","potentialAction":[{"@type":"ReadAction","target":["https:\/\/maisontanase.com\/fr\/boutique\/vins-francais\/francois-lecompte-extra-brut-2015\/"]}]},{"@type":"ImageObject","inLanguage":"fr-FR","@id":"https:\/\/maisontanase.com\/fr\/boutique\/vins-francais\/francois-lecompte-extra-brut-2015\/#primaryimage","url":"https:\/\/maisontanase.com\/wp-content\/uploads\/2023\/11\/Maison-Tanase_Champagne-Francois-Lecompte-Extra-Brut-Millesime-2015_Website.png","contentUrl":"https:\/\/maisontanase.com\/wp-content\/uploads\/2023\/11\/Maison-Tanase_Champagne-Francois-Lecompte-Extra-Brut-Millesime-2015_Website.png","width":4167,"height":4168,"caption":"Acheter en ligne Champagne Francois Lecompte Extra Brut Millesime 2015 de chez Maison Tanase, grossiste en vin et champagnes francais"},{"@type":"BreadcrumbList","@id":"https:\/\/maisontanase.com\/fr\/boutique\/vins-francais\/francois-lecompte-extra-brut-2015\/#breadcrumb","itemListElement":[{"@type":"ListItem","position":1,"name":"Accueil","item":"https:\/\/maisontanase.com\/fr\/"},{"@type":"ListItem","position":2,"name":"Boutique","item":"https:\/\/maisontanase.com\/fr\/boutique-en-ligne-maison-tanase\/"},{"@type":"ListItem","position":3,"name":"Fran\u00e7ois Lecompte &#8211; Extra-Brut &#8211; Mill\u00e9sim\u00e9 2015"}]},{"@type":"WebSite","@id":"https:\/\/maisontanase.com\/fr\/#website","url":"https:\/\/maisontanase.com\/fr\/","name":"Maison Tanase","description":"Based in Bordeaux, Maison Tanase is a family-run business that produces and sells high-quality wines and spirits. Welcome to our online shop.","publisher":{"@id":"https:\/\/maisontanase.com\/fr\/#organization"},"potentialAction":[{"@type":"SearchAction","target":{"@type":"EntryPoint","urlTemplate":"https:\/\/maisontanase.com\/fr\/?s={search_term_string}"},"query-input":{"@type":"PropertyValueSpecification","valueRequired":true,"valueName":"search_term_string"}}],"inLanguage":"fr-FR"},{"@type":"Organization","@id":"https:\/\/maisontanase.com\/fr\/#organization","name":"Maison Tanase","url":"https:\/\/maisontanase.com\/fr\/","logo":{"@type":"ImageObject","inLanguage":"fr-FR","@id":"https:\/\/maisontanase.com\/fr\/#\/schema\/logo\/image\/","url":"https:\/\/maisontanase.com\/wp-content\/uploads\/2022\/05\/maison-tanase.jpg","contentUrl":"https:\/\/maisontanase.com\/wp-content\/uploads\/2022\/05\/maison-tanase.jpg","width":1200,"height":630,"caption":"Maison Tanase"},"image":{"@id":"https:\/\/maisontanase.com\/fr\/#\/schema\/logo\/image\/"}}]}},"_links":{"self":[{"href":"https:\/\/maisontanase.com\/fr\/wp-json\/wp\/v2\/product\/16535","targetHints":{"allow":["GET"]}}],"collection":[{"href":"https:\/\/maisontanase.com\/fr\/wp-json\/wp\/v2\/product"}],"about":[{"href":"https:\/\/maisontanase.com\/fr\/wp-json\/wp\/v2\/types\/product"}],"replies":[{"embeddable":true,"href":"https:\/\/maisontanase.com\/fr\/wp-json\/wp\/v2\/comments?post=16535"}],"version-history":[{"count":6,"href":"https:\/\/maisontanase.com\/fr\/wp-json\/wp\/v2\/product\/16535\/revisions"}],"predecessor-version":[{"id":19115,"href":"https:\/\/maisontanase.com\/fr\/wp-json\/wp\/v2\/product\/16535\/revisions\/19115"}],"wp:featuredmedia":[{"embeddable":true,"href":"https:\/\/maisontanase.com\/fr\/wp-json\/wp\/v2\/media\/16573"}],"wp:attachment":[{"href":"https:\/\/maisontanase.com\/fr\/wp-json\/wp\/v2\/media?parent=16535"}],"wp:term":[{"taxonomy":"product_brand","embeddable":true,"href":"https:\/\/maisontanase.com\/fr\/wp-json\/wp\/v2\/product_brand?post=16535"},{"taxonomy":"product_cat","embeddable":true,"href":"https:\/\/maisontanase.com\/fr\/wp-json\/wp\/v2\/product_cat?post=16535"},{"taxonomy":"product_tag","embeddable":true,"href":"https:\/\/maisontanase.com\/fr\/wp-json\/wp\/v2\/product_tag?post=16535"}],"curies":[{"name":"wp","href":"https:\/\/api.w.org\/{rel}","templated":true}]}}