
{"id":16383,"date":"2023-11-14T12:06:07","date_gmt":"2023-11-14T11:06:07","guid":{"rendered":"https:\/\/maisontanase.com\/?post_type=product&#038;p=16383"},"modified":"2025-11-13T11:04:31","modified_gmt":"2025-11-13T10:04:31","slug":"champagne-gerbaux-extra-brut","status":"publish","type":"product","link":"https:\/\/maisontanase.com\/fr\/boutique\/vins-francais\/champagne-gerbaux-extra-brut\/","title":{"rendered":"Champagne Gerbaux Extra-Brut"},"content":{"rendered":"\t\t<div data-elementor-type=\"wp-post\" data-elementor-id=\"16383\" class=\"elementor elementor-16383 elementor-16361\">\n\t\t\t\t\t\t<section class=\"elementor-section elementor-top-section elementor-element elementor-element-dfcbcc4 elementor-section-boxed elementor-section-height-default elementor-section-height-default\" data-id=\"dfcbcc4\" data-element_type=\"section\" data-e-type=\"section\" data-settings=\"{&quot;pix_scale_in&quot;:&quot;none&quot;}\">\n\t\t\t\t\t\t<div class=\"elementor-container elementor-column-gap-default\">\n\t\t\t\t\t<div class=\"elementor-column elementor-col-100 elementor-top-column elementor-element elementor-element-f0839c7\" data-id=\"f0839c7\" data-element_type=\"column\" data-e-type=\"column\" data-settings=\"{&quot;pix_scale_in&quot;:&quot;none&quot;}\">\n\t\t\t<div class=\"elementor-widget-wrap elementor-element-populated\">\n\t\t\t\t\t\t<div class=\"elementor-element elementor-element-121adfd elementor-widget elementor-widget-text-editor\" data-id=\"121adfd\" data-element_type=\"widget\" data-e-type=\"widget\" data-widget_type=\"text-editor.default\">\n\t\t\t\t<div class=\"elementor-widget-container\">\n\t\t\t\t\t\t\t\t\t<p class=\"p1\">Achetez en ligne Champagne Gerbaux, cuv\u00e9e L\u2019Empreinte de Raymond L\u2019Authentique. <br>Gourmand, facile \u00e0 boire, id\u00e9al pour toutes vos occasions festives. <\/p><p class=\"p1\"><b>Extra-Brut<\/b><\/p>\t\t\t\t\t\t\t\t<\/div>\n\t\t\t\t<\/div>\n\t\t\t\t<div class=\"elementor-element elementor-element-a9fd3c9 elementor-widget elementor-widget-heading\" data-id=\"a9fd3c9\" data-element_type=\"widget\" data-e-type=\"widget\" data-widget_type=\"heading.default\">\n\t\t\t\t<div class=\"elementor-widget-container\">\n\t\t\t\t\t<h2 class=\"elementor-heading-title elementor-size-default\">Histoire<\/h2>\t\t\t\t<\/div>\n\t\t\t\t<\/div>\n\t\t\t\t<div class=\"elementor-element elementor-element-f4eeb0a elementor-widget elementor-widget-text-editor\" data-id=\"f4eeb0a\" data-element_type=\"widget\" data-e-type=\"widget\" data-widget_type=\"text-editor.default\">\n\t\t\t\t<div class=\"elementor-widget-container\">\n\t\t\t\t\t\t\t\t\t<p class=\"p1\">L&rsquo;histoire de la maison de champagne R.Gerbaux est avant tout une empreinte de l&rsquo;histoire et de l&rsquo;exp\u00e9rience de la famille Gerbaux, qui a d\u00e9but\u00e9 en 1920. <a href=\"https:\/\/www.champagne.fr\/en\/explore-champagne\/a-great-blended-wine\/the-champagne-region\">Le domaine est situ\u00e9 \u00e0 l&rsquo;extr\u00eame ouest de la Champagne, dans le tout petit village de Crouttes-sur-Marne.<\/a><\/p><p class=\"p1\"><strong>Aujourd&rsquo;hui, Juliette et Peter, repr\u00e9sentants de la quatri\u00e8me g\u00e9n\u00e9ration de la famille Gerbaux, \u00e9laborent un champagne qui met en valeur le terroir de la Vall\u00e9e de la Marne.<\/strong> Sur le vignoble familial de 10,7 hectares, trois c\u00e9pages sont cultiv\u00e9s : 56% de Pinot Meunier, 25% de Chardonnay et 19% de Pinot Noir, permettant de cr\u00e9er des vins riches et \u00e9quilibr\u00e9s.<\/p><p class=\"p1\">Chaque g\u00e9n\u00e9ration a laiss\u00e9 sa marque en cr\u00e9ant son propre champagne, chacun associ\u00e9 \u00e0 la passion et \u00e0 la connaissance du terroir.<\/p>\t\t\t\t\t\t\t\t<\/div>\n\t\t\t\t<\/div>\n\t\t\t\t<div class=\"elementor-element elementor-element-e53be77 elementor-widget elementor-widget-heading\" data-id=\"e53be77\" data-element_type=\"widget\" data-e-type=\"widget\" data-widget_type=\"heading.default\">\n\t\t\t\t<div class=\"elementor-widget-container\">\n\t\t\t\t\t<h2 class=\"elementor-heading-title elementor-size-default\">Viticulture<\/h2>\t\t\t\t<\/div>\n\t\t\t\t<\/div>\n\t\t\t\t<div class=\"elementor-element elementor-element-e022eb5 elementor-widget elementor-widget-text-editor\" data-id=\"e022eb5\" data-element_type=\"widget\" data-e-type=\"widget\" data-widget_type=\"text-editor.default\">\n\t\t\t\t<div class=\"elementor-widget-container\">\n\t\t\t\t\t\t\t\t\t<p class=\"p1\">Le Champagne R. Gerbaux respecte la nature et cultive ses vignes avec le plus grand soin. Ils b\u00e9n\u00e9ficient d\u2019un climat continental, o\u00f9 les gels sont courants. La temp\u00e9rature moyenne annuelle est de 10,5\u00b0C. Les sols sont constitu\u00e9s de marnes et de craie.<\/p><p class=\"p1\">Depuis ses d\u00e9buts dans le domaine familial en 2016, la famille Gerbaux a d\u00e9cid\u00e9 de se concentrer davantage sur le travail des sols et l&rsquo;enherbement, limitant l&rsquo;utilisation d&rsquo;herbicides et rendant la viticulture encore plus qualitative.<\/p><p class=\"p1\">Les principes du travail de la vigne pour ce producteur champenois s&rsquo;articulent autour du r<strong>espect de la nature et de la diversit\u00e9 biologique<\/strong>, permettant d&rsquo;obtenir la <strong>meilleure qualit\u00e9 de raisin<\/strong> et de <strong>cr\u00e9er les plus beaux vins.<\/strong><\/p><p class=\"p1\">Gr\u00e2ce \u00e0 leurs principes et au formidable travail r\u00e9alis\u00e9, Champagne R.Gerbaux a re\u00e7u le certificat <a href=\"https:\/\/agriculture.gouv.fr\/hev-certification\">HVE (Haute Valeur Environnementale)<\/a> niveau 3.<\/p>\t\t\t\t\t\t\t\t<\/div>\n\t\t\t\t<\/div>\n\t\t\t\t<div class=\"elementor-element elementor-element-5c2148a elementor-widget elementor-widget-heading\" data-id=\"5c2148a\" data-element_type=\"widget\" data-e-type=\"widget\" data-widget_type=\"heading.default\">\n\t\t\t\t<div class=\"elementor-widget-container\">\n\t\t\t\t\t<h2 class=\"elementor-heading-title elementor-size-default\">Vinification<\/h2>\t\t\t\t<\/div>\n\t\t\t\t<\/div>\n\t\t\t\t<div class=\"elementor-element elementor-element-f24e5a7 elementor-widget elementor-widget-text-editor\" data-id=\"f24e5a7\" data-element_type=\"widget\" data-e-type=\"widget\" data-widget_type=\"text-editor.default\">\n\t\t\t\t<div class=\"elementor-widget-container\">\n\t\t\t\t\t\t\t\t\t<p class=\"p1\">R.Gerbaux produit du champagne uniquement \u00e0 partir de raisins cultiv\u00e9s dans ses propres vignobles. Chaque \u00e9tape de l\u2019\u00e9laboration de la cuv\u00e9e est minutieusement contr\u00f4l\u00e9e. <strong>Le savoir-faire du producteur est une passion transmise de g\u00e9n\u00e9ration en g\u00e9n\u00e9ration.<\/strong><\/p><p class=\"p1\">Quant \u00e0 la vendange, les baies enti\u00e8res (sans les rafles) sont press\u00e9es s\u00e9par\u00e9ment, en fonction du c\u00e9page et de l&rsquo;\u00e2ge de la vigne. Ils sont press\u00e9s \u00e0 l&rsquo;aide de la presse Coquard de haute qualit\u00e9 (la nouvelle version avec plateau basculant automatiquement pour un pressage parfait). Le d\u00e9canteur \u00e0 temp\u00e9rature r\u00e9glable est utilis\u00e9 pendant 24 heures \u00e0 14\u00b0C. Les fermentations alcoolique et malolactique se d\u00e9roulent en cuves inox sur lies fines, avec contr\u00f4le des temp\u00e9ratures, ainsi qu&rsquo;un premier \u00e9levage en cuve avant la mise en bouteille pendant 6 \u00e0 7 mois.<\/p><p class=\"p1\"><strong>Vieilli pendant 24 \u00e0 30 mois.<\/strong><\/p><p class=\"p1\">L&rsquo;assemblage est r\u00e9alis\u00e9 \u00e0 partir de vins de l&rsquo;ann\u00e9e en cours (80%) et de vins de r\u00e9serve (20%), partiellement \u00e9lev\u00e9s en f\u00fbts de ch\u00eane. L&rsquo;\u00e9levage en bouteille sur lies dure 4 ans.<\/p><p class=\"p1\"><strong>L\u2019assemblage<\/strong> du Champagne L\u2019Empreinte de Raymond L\u2019Authentique Extra Brut est compos\u00e9 de <strong>20 % de Chardonnay, 30 % de Pinot Noir et 50 % de Meunier.<\/strong> Dosage: Extra Brut &#8211; 4,00 G\/L.<\/p>\t\t\t\t\t\t\t\t<\/div>\n\t\t\t\t<\/div>\n\t\t\t\t<div class=\"elementor-element elementor-element-7cae827 elementor-widget elementor-widget-heading\" data-id=\"7cae827\" data-element_type=\"widget\" data-e-type=\"widget\" data-widget_type=\"heading.default\">\n\t\t\t\t<div class=\"elementor-widget-container\">\n\t\t\t\t\t<h2 class=\"elementor-heading-title elementor-size-default\">D\u00e9gustation<\/h2>\t\t\t\t<\/div>\n\t\t\t\t<\/div>\n\t\t\t\t<div class=\"elementor-element elementor-element-bbc90bf elementor-widget elementor-widget-text-editor\" data-id=\"bbc90bf\" data-element_type=\"widget\" data-e-type=\"widget\" data-widget_type=\"text-editor.default\">\n\t\t\t\t<div class=\"elementor-widget-container\">\n\t\t\t\t\t\t\t\t\t<p class=\"p1\">Le<strong>Champagne L\u2019 Empreinte de Raymond L\u2019Authentique Extra Brut<\/strong> pr\u00e9sente une robe dor\u00e9e brillante aux reflets verd\u00e2tres. Il pr\u00e9sente un ar\u00f4me frais et attrayant avec des notes vibrantes de fruits m\u00fbrs, de p\u00eache blanche, de pomme verte et une subtile touche d&rsquo;\u00e9pices. La bouche expressive est fra\u00eeche, avec des notes fruit\u00e9es et une l\u00e9g\u00e8re amertume, tandis que l&rsquo;arri\u00e8re-go\u00fbt persistant r\u00e9v\u00e8le des notes de pamplemousse et de pomme.<\/p><p class=\"p1\">Ce Champagne a un <strong>potentiel de garde de 5 \u00e0 10 ans<\/strong>.<\/p><p class=\"p1\"><strong>Parfait<\/strong> \u00e0 l&rsquo;ap\u00e9ritif, accompagn\u00e9 de mets exquis comme le foie gras, les plats \u00e0 base de viande blanche comme la terrine, les entr\u00e9es diverses, les plats de poisson et les fromages affin\u00e9s.<\/p><p class=\"p1\"><strong>Servir \u00e0 8\u00b0-10\u00b0C.<\/strong><\/p>\t\t\t\t\t\t\t\t<\/div>\n\t\t\t\t<\/div>\n\t\t\t\t\t<\/div>\n\t\t<\/div>\n\t\t\t\t\t<\/div>\n\t\t<\/section>\n\t\t\t\t<\/div>\n\t\t","protected":false},"excerpt":{"rendered":"<p>Achetez en ligne Champagne Gerbaux Extra Brut.<\/p>\n<p>Facile \u00e0 d\u00e9guster, ce Champagne est id\u00e9al pour toutes vos occasions festives. Issu du c\u00e9page embl\u00e9matique de la Vall\u00e9e de la Marne, le Meunier.<\/p>\n<p class=\"p1\">\n","protected":false},"featured_media":16391,"comment_status":"open","ping_status":"closed","template":"","meta":[],"product_brand":[],"product_cat":[137,133],"product_tag":[280,281,282],"class_list":{"0":"post-16383","1":"product","2":"type-product","3":"status-publish","4":"has-post-thumbnail","6":"product_cat-champagne-pour-toutes-occasions","7":"product_cat-vins-francais","8":"product_tag-champagne-fr","9":"product_tag-champagne-gerbaux-extra-brut-fr","10":"product_tag-lauthentique-fr","12":"first","13":"outofstock","14":"shipping-taxable","15":"purchasable","16":"product-type-simple"},"yoast_head":"<!-- This site is optimized with the Yoast SEO plugin v27.3 - https:\/\/yoast.com\/product\/yoast-seo-wordpress\/ -->\n<title>Champagne Gerbaux - Extra-Brut - Champagne - Maison Tanase<\/title>\n<meta name=\"description\" content=\"Achetez en ligne Champagne Gerbaux cuv\u00e9e L&#039;Empreinte de Raymond L&#039;Authentique Extra Brut. Paiement s\u00e9curis\u00e9. Livraison internationale rapide.\" \/>\n<meta name=\"robots\" content=\"index, follow, max-snippet:-1, max-image-preview:large, max-video-preview:-1\" \/>\n<link rel=\"canonical\" href=\"https:\/\/maisontanase.com\/fr\/boutique\/vins-francais\/champagne-gerbaux-extra-brut\/\" \/>\n<meta property=\"og:locale\" content=\"fr_FR\" \/>\n<meta property=\"og:type\" content=\"article\" \/>\n<meta property=\"og:title\" content=\"Champagne Gerbaux - Extra-Brut - Champagne - Maison Tanase\" \/>\n<meta property=\"og:description\" content=\"Achetez en ligne Champagne Gerbaux cuv\u00e9e L&#039;Empreinte de Raymond L&#039;Authentique Extra Brut. Paiement s\u00e9curis\u00e9. Livraison internationale rapide.\" \/>\n<meta property=\"og:url\" content=\"https:\/\/maisontanase.com\/fr\/boutique\/vins-francais\/champagne-gerbaux-extra-brut\/\" \/>\n<meta property=\"og:site_name\" content=\"Maison Tanase\" \/>\n<meta property=\"article:modified_time\" content=\"2025-11-13T10:04:31+00:00\" \/>\n<meta property=\"og:image\" content=\"https:\/\/maisontanase.com\/wp-content\/uploads\/2023\/11\/LEMPREINTE-DE-RAYMOND-LAUTHENTIQUE-EXTRA-BRUT-1024x1024.png\" \/>\n<meta name=\"twitter:card\" content=\"summary_large_image\" \/>\n<meta name=\"twitter:title\" content=\"Champagne Gerbaux - Extra-Brut - Champagne - Maison Tanase\" \/>\n<meta name=\"twitter:description\" content=\"Achetez en ligne Champagne Gerbaux cuv\u00e9e L&#039;Empreinte de Raymond L&#039;Authentique Extra Brut. Paiement s\u00e9curis\u00e9. Livraison internationale rapide.\" \/>\n<meta name=\"twitter:image\" content=\"https:\/\/maisontanase.com\/wp-content\/uploads\/2023\/11\/LEMPREINTE-DE-RAYMOND-LAUTHENTIQUE-EXTRA-BRUT-1024x1024.png\" \/>\n<meta name=\"twitter:label1\" content=\"Dur\u00e9e de lecture estim\u00e9e\" \/>\n\t<meta name=\"twitter:data1\" content=\"3 minutes\" \/>\n<script type=\"application\/ld+json\" class=\"yoast-schema-graph\">{\"@context\":\"https:\\\/\\\/schema.org\",\"@graph\":[{\"@type\":\"WebPage\",\"@id\":\"https:\\\/\\\/maisontanase.com\\\/fr\\\/boutique\\\/vins-francais\\\/champagne-gerbaux-extra-brut\\\/\",\"url\":\"https:\\\/\\\/maisontanase.com\\\/fr\\\/boutique\\\/vins-francais\\\/champagne-gerbaux-extra-brut\\\/\",\"name\":\"Champagne Gerbaux - Extra-Brut - Champagne - Maison Tanase\",\"isPartOf\":{\"@id\":\"https:\\\/\\\/maisontanase.com\\\/fr\\\/#website\"},\"primaryImageOfPage\":{\"@id\":\"https:\\\/\\\/maisontanase.com\\\/fr\\\/boutique\\\/vins-francais\\\/champagne-gerbaux-extra-brut\\\/#primaryimage\"},\"image\":{\"@id\":\"https:\\\/\\\/maisontanase.com\\\/fr\\\/boutique\\\/vins-francais\\\/champagne-gerbaux-extra-brut\\\/#primaryimage\"},\"thumbnailUrl\":\"https:\\\/\\\/maisontanase.com\\\/wp-content\\\/uploads\\\/2023\\\/11\\\/Champagne-Gerbaux-Extra-Brut-cuvee-LEmpreinte-de-Raymond-LAuthentique.png\",\"datePublished\":\"2023-11-14T11:06:07+00:00\",\"dateModified\":\"2025-11-13T10:04:31+00:00\",\"description\":\"Achetez en ligne Champagne Gerbaux cuv\u00e9e L'Empreinte de Raymond L'Authentique Extra Brut. Paiement s\u00e9curis\u00e9. Livraison internationale rapide.\",\"breadcrumb\":{\"@id\":\"https:\\\/\\\/maisontanase.com\\\/fr\\\/boutique\\\/vins-francais\\\/champagne-gerbaux-extra-brut\\\/#breadcrumb\"},\"inLanguage\":\"fr-FR\",\"potentialAction\":[{\"@type\":\"ReadAction\",\"target\":[\"https:\\\/\\\/maisontanase.com\\\/fr\\\/boutique\\\/vins-francais\\\/champagne-gerbaux-extra-brut\\\/\"]}]},{\"@type\":\"ImageObject\",\"inLanguage\":\"fr-FR\",\"@id\":\"https:\\\/\\\/maisontanase.com\\\/fr\\\/boutique\\\/vins-francais\\\/champagne-gerbaux-extra-brut\\\/#primaryimage\",\"url\":\"https:\\\/\\\/maisontanase.com\\\/wp-content\\\/uploads\\\/2023\\\/11\\\/Champagne-Gerbaux-Extra-Brut-cuvee-LEmpreinte-de-Raymond-LAuthentique.png\",\"contentUrl\":\"https:\\\/\\\/maisontanase.com\\\/wp-content\\\/uploads\\\/2023\\\/11\\\/Champagne-Gerbaux-Extra-Brut-cuvee-LEmpreinte-de-Raymond-LAuthentique.png\",\"width\":4169,\"height\":4170,\"caption\":\"Acheter en ligne pas cher Champagne Gerbaux Extra Brut cuve\u0301e L'Empreinte de Raymond L'Authentique de chez Maison Tanase grossiste vin fran\u00e7ais et vins de monde et vins de Moldavie\"},{\"@type\":\"BreadcrumbList\",\"@id\":\"https:\\\/\\\/maisontanase.com\\\/fr\\\/boutique\\\/vins-francais\\\/champagne-gerbaux-extra-brut\\\/#breadcrumb\",\"itemListElement\":[{\"@type\":\"ListItem\",\"position\":1,\"name\":\"Accueil\",\"item\":\"https:\\\/\\\/maisontanase.com\\\/fr\\\/\"},{\"@type\":\"ListItem\",\"position\":2,\"name\":\"Boutique\",\"item\":\"https:\\\/\\\/maisontanase.com\\\/fr\\\/boutique-en-ligne-maison-tanase\\\/\"},{\"@type\":\"ListItem\",\"position\":3,\"name\":\"Champagne Gerbaux Extra-Brut\"}]},{\"@type\":\"WebSite\",\"@id\":\"https:\\\/\\\/maisontanase.com\\\/fr\\\/#website\",\"url\":\"https:\\\/\\\/maisontanase.com\\\/fr\\\/\",\"name\":\"Maison Tanase\",\"description\":\"Based in Bordeaux, Maison Tanase is a family-run business that produces and sells high-quality wines and spirits. Welcome to our online shop.\",\"publisher\":{\"@id\":\"https:\\\/\\\/maisontanase.com\\\/fr\\\/#organization\"},\"potentialAction\":[{\"@type\":\"SearchAction\",\"target\":{\"@type\":\"EntryPoint\",\"urlTemplate\":\"https:\\\/\\\/maisontanase.com\\\/fr\\\/?s={search_term_string}\"},\"query-input\":{\"@type\":\"PropertyValueSpecification\",\"valueRequired\":true,\"valueName\":\"search_term_string\"}}],\"inLanguage\":\"fr-FR\"},{\"@type\":\"Organization\",\"@id\":\"https:\\\/\\\/maisontanase.com\\\/fr\\\/#organization\",\"name\":\"Maison Tanase\",\"url\":\"https:\\\/\\\/maisontanase.com\\\/fr\\\/\",\"logo\":{\"@type\":\"ImageObject\",\"inLanguage\":\"fr-FR\",\"@id\":\"https:\\\/\\\/maisontanase.com\\\/fr\\\/#\\\/schema\\\/logo\\\/image\\\/\",\"url\":\"https:\\\/\\\/maisontanase.com\\\/wp-content\\\/uploads\\\/2022\\\/05\\\/maison-tanase.jpg\",\"contentUrl\":\"https:\\\/\\\/maisontanase.com\\\/wp-content\\\/uploads\\\/2022\\\/05\\\/maison-tanase.jpg\",\"width\":1200,\"height\":630,\"caption\":\"Maison Tanase\"},\"image\":{\"@id\":\"https:\\\/\\\/maisontanase.com\\\/fr\\\/#\\\/schema\\\/logo\\\/image\\\/\"}}]}<\/script>\n<!-- \/ Yoast SEO plugin. -->","yoast_head_json":{"title":"Champagne Gerbaux - Extra-Brut - Champagne - Maison Tanase","description":"Achetez en ligne Champagne Gerbaux cuv\u00e9e L'Empreinte de Raymond L'Authentique Extra Brut. Paiement s\u00e9curis\u00e9. Livraison internationale rapide.","robots":{"index":"index","follow":"follow","max-snippet":"max-snippet:-1","max-image-preview":"max-image-preview:large","max-video-preview":"max-video-preview:-1"},"canonical":"https:\/\/maisontanase.com\/fr\/boutique\/vins-francais\/champagne-gerbaux-extra-brut\/","og_locale":"fr_FR","og_type":"article","og_title":"Champagne Gerbaux - Extra-Brut - Champagne - Maison Tanase","og_description":"Achetez en ligne Champagne Gerbaux cuv\u00e9e L'Empreinte de Raymond L'Authentique Extra Brut. Paiement s\u00e9curis\u00e9. Livraison internationale rapide.","og_url":"https:\/\/maisontanase.com\/fr\/boutique\/vins-francais\/champagne-gerbaux-extra-brut\/","og_site_name":"Maison Tanase","article_modified_time":"2025-11-13T10:04:31+00:00","og_image":[{"url":"https:\/\/maisontanase.com\/wp-content\/uploads\/2023\/11\/LEMPREINTE-DE-RAYMOND-LAUTHENTIQUE-EXTRA-BRUT-1024x1024.png","type":"","width":"","height":""}],"twitter_card":"summary_large_image","twitter_title":"Champagne Gerbaux - Extra-Brut - Champagne - Maison Tanase","twitter_description":"Achetez en ligne Champagne Gerbaux cuv\u00e9e L'Empreinte de Raymond L'Authentique Extra Brut. Paiement s\u00e9curis\u00e9. Livraison internationale rapide.","twitter_image":"https:\/\/maisontanase.com\/wp-content\/uploads\/2023\/11\/LEMPREINTE-DE-RAYMOND-LAUTHENTIQUE-EXTRA-BRUT-1024x1024.png","twitter_misc":{"Dur\u00e9e de lecture estim\u00e9e":"3 minutes"},"schema":{"@context":"https:\/\/schema.org","@graph":[{"@type":"WebPage","@id":"https:\/\/maisontanase.com\/fr\/boutique\/vins-francais\/champagne-gerbaux-extra-brut\/","url":"https:\/\/maisontanase.com\/fr\/boutique\/vins-francais\/champagne-gerbaux-extra-brut\/","name":"Champagne Gerbaux - Extra-Brut - Champagne - Maison Tanase","isPartOf":{"@id":"https:\/\/maisontanase.com\/fr\/#website"},"primaryImageOfPage":{"@id":"https:\/\/maisontanase.com\/fr\/boutique\/vins-francais\/champagne-gerbaux-extra-brut\/#primaryimage"},"image":{"@id":"https:\/\/maisontanase.com\/fr\/boutique\/vins-francais\/champagne-gerbaux-extra-brut\/#primaryimage"},"thumbnailUrl":"https:\/\/maisontanase.com\/wp-content\/uploads\/2023\/11\/Champagne-Gerbaux-Extra-Brut-cuvee-LEmpreinte-de-Raymond-LAuthentique.png","datePublished":"2023-11-14T11:06:07+00:00","dateModified":"2025-11-13T10:04:31+00:00","description":"Achetez en ligne Champagne Gerbaux cuv\u00e9e L'Empreinte de Raymond L'Authentique Extra Brut. Paiement s\u00e9curis\u00e9. Livraison internationale rapide.","breadcrumb":{"@id":"https:\/\/maisontanase.com\/fr\/boutique\/vins-francais\/champagne-gerbaux-extra-brut\/#breadcrumb"},"inLanguage":"fr-FR","potentialAction":[{"@type":"ReadAction","target":["https:\/\/maisontanase.com\/fr\/boutique\/vins-francais\/champagne-gerbaux-extra-brut\/"]}]},{"@type":"ImageObject","inLanguage":"fr-FR","@id":"https:\/\/maisontanase.com\/fr\/boutique\/vins-francais\/champagne-gerbaux-extra-brut\/#primaryimage","url":"https:\/\/maisontanase.com\/wp-content\/uploads\/2023\/11\/Champagne-Gerbaux-Extra-Brut-cuvee-LEmpreinte-de-Raymond-LAuthentique.png","contentUrl":"https:\/\/maisontanase.com\/wp-content\/uploads\/2023\/11\/Champagne-Gerbaux-Extra-Brut-cuvee-LEmpreinte-de-Raymond-LAuthentique.png","width":4169,"height":4170,"caption":"Acheter en ligne pas cher Champagne Gerbaux Extra Brut cuve\u0301e L'Empreinte de Raymond L'Authentique de chez Maison Tanase grossiste vin fran\u00e7ais et vins de monde et vins de Moldavie"},{"@type":"BreadcrumbList","@id":"https:\/\/maisontanase.com\/fr\/boutique\/vins-francais\/champagne-gerbaux-extra-brut\/#breadcrumb","itemListElement":[{"@type":"ListItem","position":1,"name":"Accueil","item":"https:\/\/maisontanase.com\/fr\/"},{"@type":"ListItem","position":2,"name":"Boutique","item":"https:\/\/maisontanase.com\/fr\/boutique-en-ligne-maison-tanase\/"},{"@type":"ListItem","position":3,"name":"Champagne Gerbaux Extra-Brut"}]},{"@type":"WebSite","@id":"https:\/\/maisontanase.com\/fr\/#website","url":"https:\/\/maisontanase.com\/fr\/","name":"Maison Tanase","description":"Based in Bordeaux, Maison Tanase is a family-run business that produces and sells high-quality wines and spirits. Welcome to our online shop.","publisher":{"@id":"https:\/\/maisontanase.com\/fr\/#organization"},"potentialAction":[{"@type":"SearchAction","target":{"@type":"EntryPoint","urlTemplate":"https:\/\/maisontanase.com\/fr\/?s={search_term_string}"},"query-input":{"@type":"PropertyValueSpecification","valueRequired":true,"valueName":"search_term_string"}}],"inLanguage":"fr-FR"},{"@type":"Organization","@id":"https:\/\/maisontanase.com\/fr\/#organization","name":"Maison Tanase","url":"https:\/\/maisontanase.com\/fr\/","logo":{"@type":"ImageObject","inLanguage":"fr-FR","@id":"https:\/\/maisontanase.com\/fr\/#\/schema\/logo\/image\/","url":"https:\/\/maisontanase.com\/wp-content\/uploads\/2022\/05\/maison-tanase.jpg","contentUrl":"https:\/\/maisontanase.com\/wp-content\/uploads\/2022\/05\/maison-tanase.jpg","width":1200,"height":630,"caption":"Maison Tanase"},"image":{"@id":"https:\/\/maisontanase.com\/fr\/#\/schema\/logo\/image\/"}}]}},"_links":{"self":[{"href":"https:\/\/maisontanase.com\/fr\/wp-json\/wp\/v2\/product\/16383","targetHints":{"allow":["GET"]}}],"collection":[{"href":"https:\/\/maisontanase.com\/fr\/wp-json\/wp\/v2\/product"}],"about":[{"href":"https:\/\/maisontanase.com\/fr\/wp-json\/wp\/v2\/types\/product"}],"replies":[{"embeddable":true,"href":"https:\/\/maisontanase.com\/fr\/wp-json\/wp\/v2\/comments?post=16383"}],"version-history":[{"count":9,"href":"https:\/\/maisontanase.com\/fr\/wp-json\/wp\/v2\/product\/16383\/revisions"}],"predecessor-version":[{"id":19120,"href":"https:\/\/maisontanase.com\/fr\/wp-json\/wp\/v2\/product\/16383\/revisions\/19120"}],"wp:featuredmedia":[{"embeddable":true,"href":"https:\/\/maisontanase.com\/fr\/wp-json\/wp\/v2\/media\/16391"}],"wp:attachment":[{"href":"https:\/\/maisontanase.com\/fr\/wp-json\/wp\/v2\/media?parent=16383"}],"wp:term":[{"taxonomy":"product_brand","embeddable":true,"href":"https:\/\/maisontanase.com\/fr\/wp-json\/wp\/v2\/product_brand?post=16383"},{"taxonomy":"product_cat","embeddable":true,"href":"https:\/\/maisontanase.com\/fr\/wp-json\/wp\/v2\/product_cat?post=16383"},{"taxonomy":"product_tag","embeddable":true,"href":"https:\/\/maisontanase.com\/fr\/wp-json\/wp\/v2\/product_tag?post=16383"}],"curies":[{"name":"wp","href":"https:\/\/api.w.org\/{rel}","templated":true}]}}