
{"id":16342,"date":"2023-04-26T15:45:28","date_gmt":"2023-04-26T13:45:28","guid":{"rendered":"https:\/\/maisontanase.com\/shop\/non%20class\u00e9\/mayne-lalande-2011\/"},"modified":"2025-09-19T11:27:40","modified_gmt":"2025-09-19T09:27:40","slug":"mayne-lalande-2011","status":"publish","type":"product","link":"https:\/\/maisontanase.com\/fr\/boutique\/vins-francais\/bordeaux-fr\/mayne-lalande-2011\/","title":{"rendered":"Ch\u00e2teau Mayne Lalande 2011 &#8211; Listrac-Medoc &#8211; Rouge"},"content":{"rendered":"\t\t<div data-elementor-type=\"wp-post\" data-elementor-id=\"16342\" class=\"elementor elementor-16342 elementor-16110\">\n\t\t\t\t\t\t<section class=\"elementor-section elementor-top-section elementor-element elementor-element-dfcbcc4 elementor-section-boxed elementor-section-height-default elementor-section-height-default\" data-id=\"dfcbcc4\" data-element_type=\"section\" data-e-type=\"section\" data-settings=\"{&quot;pix_scale_in&quot;:&quot;none&quot;}\">\n\t\t\t\t\t\t<div class=\"elementor-container elementor-column-gap-default\">\n\t\t\t\t\t<div class=\"elementor-column elementor-col-100 elementor-top-column elementor-element elementor-element-f0839c7\" data-id=\"f0839c7\" data-element_type=\"column\" data-e-type=\"column\" data-settings=\"{&quot;pix_scale_in&quot;:&quot;none&quot;}\">\n\t\t\t<div class=\"elementor-widget-wrap elementor-element-populated\">\n\t\t\t\t\t\t<div class=\"elementor-element elementor-element-121adfd elementor-widget elementor-widget-text-editor\" data-id=\"121adfd\" data-element_type=\"widget\" data-e-type=\"widget\" data-widget_type=\"text-editor.default\">\n\t\t\t\t<div class=\"elementor-widget-container\">\n\t\t\t\t\t\t\t\t\t<p class=\"p1\">Achetez en ligne Ch\u00e2teau Mayne Lalande &#8211; un vin rouge de Bordeaux de grande qualit\u00e9, aux ar\u00f4mes de fruits noirs m\u00fbrs, aux tanins velout\u00e9s et \u00e0 la finale \u00e9l\u00e9gante.<\/p><p><b>Mill\u00e9sime 2011<\/b><\/p>\t\t\t\t\t\t\t\t<\/div>\n\t\t\t\t<\/div>\n\t\t\t\t<div class=\"elementor-element elementor-element-a9fd3c9 elementor-widget elementor-widget-heading\" data-id=\"a9fd3c9\" data-element_type=\"widget\" data-e-type=\"widget\" data-widget_type=\"heading.default\">\n\t\t\t\t<div class=\"elementor-widget-container\">\n\t\t\t\t\t<h2 class=\"elementor-heading-title elementor-size-default\">Histoire<\/h2>\t\t\t\t<\/div>\n\t\t\t\t<\/div>\n\t\t\t\t<div class=\"elementor-element elementor-element-f4eeb0a elementor-widget elementor-widget-text-editor\" data-id=\"f4eeb0a\" data-element_type=\"widget\" data-e-type=\"widget\" data-widget_type=\"text-editor.default\">\n\t\t\t\t<div class=\"elementor-widget-container\">\n\t\t\t\t\t\t\t\t\t<p class=\"p1\">Ch\u00e2teau Mayne Lalande est une valeur s\u00fbre de l\u2019appellation Listrac en M\u00e9doc.<\/p><p class=\"p1\">Depuis 1975, apr\u00e8s six g\u00e9n\u00e9rations, Bernard Lartigue, vigneron et ma\u00eetre du domaine, a su perp\u00e9tuer les valeurs m\u00e9docaines propres \u00e0 son patrimoine familial sur son vignoble bordelais.<\/p><p class=\"p1\">Rigoureuse, exigeante, perfectionniste, l\u2019\u00e9quipe de ce domaine est toujours \u00e0 la recherche de l\u2019excellence. D\u00e9termin\u00e9 \u00e0 obtenir le meilleur potentiel de cette propri\u00e9t\u00e9 de 22 hectares, le domaine a pu \u00e9laborer un grand vin, disposant d\u2019une aptitude au vieillissement tr\u00e8s longue tout en conservant son appartenance au terroir et en d\u00e9veloppant une signature et une identit\u00e9 uniques.<\/p>\t\t\t\t\t\t\t\t<\/div>\n\t\t\t\t<\/div>\n\t\t\t\t<div class=\"elementor-element elementor-element-e53be77 elementor-widget elementor-widget-heading\" data-id=\"e53be77\" data-element_type=\"widget\" data-e-type=\"widget\" data-widget_type=\"heading.default\">\n\t\t\t\t<div class=\"elementor-widget-container\">\n\t\t\t\t\t<h2 class=\"elementor-heading-title elementor-size-default\">Viticulture<\/h2>\t\t\t\t<\/div>\n\t\t\t\t<\/div>\n\t\t\t\t<div class=\"elementor-element elementor-element-e022eb5 elementor-widget elementor-widget-text-editor\" data-id=\"e022eb5\" data-element_type=\"widget\" data-e-type=\"widget\" data-widget_type=\"text-editor.default\">\n\t\t\t\t<div class=\"elementor-widget-container\">\n\t\t\t\t\t\t\t\t\t<p class=\"p1\">La connaissance des 42 parcelles du domaine (sols de graves et argilo-calcaires) et le respect du travail du sol traditionnel ont permis \u00e0 l&rsquo;\u00e9quipe du ch\u00e2teau de trouver le juste \u00e9quilibre entre ar\u00f4mes puissants et structures \u00e9l\u00e9gantes. Derri\u00e8re ses grands vins se cache l\u2019authenticit\u00e9 du terroir de Listrac.<\/p><p class=\"p1\">Viticulture traditionnelle. Conversion \u00e0 la biodynamie.<\/p>\t\t\t\t\t\t\t\t<\/div>\n\t\t\t\t<\/div>\n\t\t\t\t<div class=\"elementor-element elementor-element-5c2148a elementor-widget elementor-widget-heading\" data-id=\"5c2148a\" data-element_type=\"widget\" data-e-type=\"widget\" data-widget_type=\"heading.default\">\n\t\t\t\t<div class=\"elementor-widget-container\">\n\t\t\t\t\t<h2 class=\"elementor-heading-title elementor-size-default\">Vinification<\/h2>\t\t\t\t<\/div>\n\t\t\t\t<\/div>\n\t\t\t\t<div class=\"elementor-element elementor-element-f24e5a7 elementor-widget elementor-widget-text-editor\" data-id=\"f24e5a7\" data-element_type=\"widget\" data-e-type=\"widget\" data-widget_type=\"text-editor.default\">\n\t\t\t\t<div class=\"elementor-widget-container\">\n\t\t\t\t\t\t\t\t\t<p class=\"p1\">L\u2019enc\u00e9pagement se compose de: Cabernet-Sauvignon 60%, Merlot 30%, Cabernet franc 5%, Petit Verdot 5%. La parfaite connaissance du terroir permet le respect de chacune des parcelles et l&rsquo;\u00e9laboration de vins riches et aromatiques.<\/p><p class=\"p1\">\u00c9levage 50% barriques neuves entre 12 et 16 mois, avec une capacit\u00e9 de garde entre 5 et 10 ans. Le vin \u00e9labor\u00e9 par le Ch\u00e2teau Mayne-Lalande est un vin puissant, sans rusticit\u00e9, dans un esprit moderne.<\/p>\t\t\t\t\t\t\t\t<\/div>\n\t\t\t\t<\/div>\n\t\t\t\t<div class=\"elementor-element elementor-element-7cae827 elementor-widget elementor-widget-heading\" data-id=\"7cae827\" data-element_type=\"widget\" data-e-type=\"widget\" data-widget_type=\"heading.default\">\n\t\t\t\t<div class=\"elementor-widget-container\">\n\t\t\t\t\t<h2 class=\"elementor-heading-title elementor-size-default\">D\u00e9gustation<\/h2>\t\t\t\t<\/div>\n\t\t\t\t<\/div>\n\t\t\t\t<div class=\"elementor-element elementor-element-bbc90bf elementor-widget elementor-widget-text-editor\" data-id=\"bbc90bf\" data-element_type=\"widget\" data-e-type=\"widget\" data-widget_type=\"text-editor.default\">\n\t\t\t\t<div class=\"elementor-widget-container\">\n\t\t\t\t\t\t\t\t\t<p class=\"p1\">D\u2019une grande complexit\u00e9, le nez r\u00e9v\u00e8le de d\u00e9licats ar\u00f4mes de fruits rouges, bien m\u00fbrs, mais aussi de fleurs (violette), associ\u00e9es \u00e0 des notes animales et toast\u00e9es.<\/p><p class=\"p1\">En bouche une jolie mati\u00e8re se d\u00e9veloppe et les tanins sont fondus. Des ar\u00f4mes fruit\u00e9s et r\u00e9gliss\u00e9s intenses se d\u00e9ploient tout en finesse avec une bouche gourmande et \u00e9l\u00e9gante.<\/p><p class=\"p1\"><strong>Parfait avec <\/strong>du gibier, viande rouge grill\u00e9e, viande blanche grill\u00e9e, fromage \u00e0 p\u00e2te dure, entrec\u00f4te de b\u0153uf, aiguillettes de canards, tarte aux champignons.<\/p><p class=\"p1\"><strong>Servir \u00e0 17-18\u00b0C<\/strong><\/p>\t\t\t\t\t\t\t\t<\/div>\n\t\t\t\t<\/div>\n\t\t\t\t\t<\/div>\n\t\t<\/div>\n\t\t\t\t\t<\/div>\n\t\t<\/section>\n\t\t\t\t<\/div>\n\t\t","protected":false},"excerpt":{"rendered":"<p>Achetez en ligne <strong>Ch\u00e2teau Mayne Lalande 2011<\/strong> \u2013 Listrac-M\u00e9doc AOC &#8211; <strong>75 cl<\/strong>.<\/p>\n<p>A mature <strong>Bordeaux red wine<\/strong> with ripe black fruit, silky tannins, and a refined finish. This aged vintage is perfect for lovers of M\u00e9doc wines. <\/p>\n<p><strong>Stock limit\u00e9<\/strong> \u2013 <strong>commandez d\u00e8s maintenant<\/strong> chez Maison Tanase et profitez d\u2019une <strong>livraison rapide et s\u00e9curis\u00e9e.<\/strong><\/p>\n","protected":false},"featured_media":16121,"comment_status":"open","ping_status":"closed","template":"","meta":[],"product_brand":[],"product_cat":[134,133],"product_tag":[222,276,362],"class_list":{"0":"post-16342","1":"product","2":"type-product","3":"status-publish","4":"has-post-thumbnail","6":"product_cat-bordeaux-fr","7":"product_cat-vins-francais","8":"product_tag-bordeaux-fr","9":"product_tag-listrac-medoc-fr","10":"product_tag-mayne-lalande-fr","12":"first","13":"instock","14":"sale","15":"shipping-taxable","16":"purchasable","17":"product-type-simple"},"yoast_head":"<!-- This site is optimized with the Yoast SEO plugin v27.3 - https:\/\/yoast.com\/product\/yoast-seo-wordpress\/ -->\n<title>Ch\u00e2teau Mayne Lalande - Rouge - Listrac-M\u00e9doc - Bordeaux<\/title>\n<meta name=\"description\" content=\"Achetez en ligne Ch\u00e2teau Mayne Lalande 2011 \u2013 un vin rouge de Bordeaux de grande qualit\u00e9, aux ar\u00f4mes de fruits noirs m\u00fbrs, aux tanins velout\u00e9s et \u00e0 la finale \u00e9l\u00e9gante.\" \/>\n<meta name=\"robots\" content=\"index, follow, max-snippet:-1, max-image-preview:large, max-video-preview:-1\" \/>\n<link rel=\"canonical\" href=\"https:\/\/maisontanase.com\/fr\/boutique\/vins-francais\/bordeaux-fr\/mayne-lalande-2011\/\" \/>\n<meta property=\"og:locale\" content=\"fr_FR\" \/>\n<meta property=\"og:type\" content=\"article\" \/>\n<meta property=\"og:title\" content=\"Ch\u00e2teau Mayne Lalande - Rouge - Listrac-M\u00e9doc - Bordeaux\" \/>\n<meta property=\"og:description\" content=\"Achetez en ligne Ch\u00e2teau Mayne Lalande 2011 \u2013 un vin rouge de Bordeaux de grande qualit\u00e9, aux ar\u00f4mes de fruits noirs m\u00fbrs, aux tanins velout\u00e9s et \u00e0 la finale \u00e9l\u00e9gante.\" \/>\n<meta property=\"og:url\" content=\"https:\/\/maisontanase.com\/fr\/boutique\/vins-francais\/bordeaux-fr\/mayne-lalande-2011\/\" \/>\n<meta property=\"og:site_name\" content=\"Maison Tanase\" \/>\n<meta property=\"article:modified_time\" content=\"2025-09-19T09:27:40+00:00\" \/>\n<meta property=\"og:image\" content=\"https:\/\/maisontanase.com\/wp-content\/uploads\/2023\/04\/Chateau-Mayne-Lalande_vin-rouge-de-Bordeaux_par-Maison-Tanase-01-300x300.png\" \/>\n<meta name=\"twitter:card\" content=\"summary_large_image\" \/>\n<meta name=\"twitter:title\" content=\"Ch\u00e2teau Mayne Lalande - Rouge - Listrac-M\u00e9doc - Bordeaux\" \/>\n<meta name=\"twitter:description\" content=\"Achetez en ligne Ch\u00e2teau Mayne Lalande 2011 \u2013 un vin rouge de Bordeaux de grande qualit\u00e9, aux ar\u00f4mes de fruits noirs m\u00fbrs, aux tanins velout\u00e9s et \u00e0 la finale \u00e9l\u00e9gante.\" \/>\n<meta name=\"twitter:image\" content=\"https:\/\/maisontanase.com\/wp-content\/uploads\/2023\/04\/Chateau-Mayne-Lalande_vin-rouge-de-Bordeaux_par-Maison-Tanase-01-1024x1024.png\" \/>\n<meta name=\"twitter:label1\" content=\"Dur\u00e9e de lecture estim\u00e9e\" \/>\n\t<meta name=\"twitter:data1\" content=\"2 minutes\" \/>\n<script type=\"application\/ld+json\" class=\"yoast-schema-graph\">{\"@context\":\"https:\\\/\\\/schema.org\",\"@graph\":[{\"@type\":\"WebPage\",\"@id\":\"https:\\\/\\\/maisontanase.com\\\/fr\\\/boutique\\\/vins-francais\\\/bordeaux-fr\\\/mayne-lalande-2011\\\/\",\"url\":\"https:\\\/\\\/maisontanase.com\\\/fr\\\/boutique\\\/vins-francais\\\/bordeaux-fr\\\/mayne-lalande-2011\\\/\",\"name\":\"Ch\u00e2teau Mayne Lalande - Rouge - Listrac-M\u00e9doc - Bordeaux\",\"isPartOf\":{\"@id\":\"https:\\\/\\\/maisontanase.com\\\/fr\\\/#website\"},\"primaryImageOfPage\":{\"@id\":\"https:\\\/\\\/maisontanase.com\\\/fr\\\/boutique\\\/vins-francais\\\/bordeaux-fr\\\/mayne-lalande-2011\\\/#primaryimage\"},\"image\":{\"@id\":\"https:\\\/\\\/maisontanase.com\\\/fr\\\/boutique\\\/vins-francais\\\/bordeaux-fr\\\/mayne-lalande-2011\\\/#primaryimage\"},\"thumbnailUrl\":\"https:\\\/\\\/maisontanase.com\\\/wp-content\\\/uploads\\\/2023\\\/04\\\/Chateau-Mayne-Lalande_vin-rouge-de-Bordeaux_par-Maison-Tanase-01.png\",\"datePublished\":\"2023-04-26T13:45:28+00:00\",\"dateModified\":\"2025-09-19T09:27:40+00:00\",\"description\":\"Achetez en ligne Ch\u00e2teau Mayne Lalande 2011 \u2013 un vin rouge de Bordeaux de grande qualit\u00e9, aux ar\u00f4mes de fruits noirs m\u00fbrs, aux tanins velout\u00e9s et \u00e0 la finale \u00e9l\u00e9gante.\",\"breadcrumb\":{\"@id\":\"https:\\\/\\\/maisontanase.com\\\/fr\\\/boutique\\\/vins-francais\\\/bordeaux-fr\\\/mayne-lalande-2011\\\/#breadcrumb\"},\"inLanguage\":\"fr-FR\",\"potentialAction\":[{\"@type\":\"ReadAction\",\"target\":[\"https:\\\/\\\/maisontanase.com\\\/fr\\\/boutique\\\/vins-francais\\\/bordeaux-fr\\\/mayne-lalande-2011\\\/\"]}]},{\"@type\":\"ImageObject\",\"inLanguage\":\"fr-FR\",\"@id\":\"https:\\\/\\\/maisontanase.com\\\/fr\\\/boutique\\\/vins-francais\\\/bordeaux-fr\\\/mayne-lalande-2011\\\/#primaryimage\",\"url\":\"https:\\\/\\\/maisontanase.com\\\/wp-content\\\/uploads\\\/2023\\\/04\\\/Chateau-Mayne-Lalande_vin-rouge-de-Bordeaux_par-Maison-Tanase-01.png\",\"contentUrl\":\"https:\\\/\\\/maisontanase.com\\\/wp-content\\\/uploads\\\/2023\\\/04\\\/Chateau-Mayne-Lalande_vin-rouge-de-Bordeaux_par-Maison-Tanase-01.png\",\"width\":4167,\"height\":4167,\"caption\":\"Acheter en ligne Achetez en ligne vin rouge Chateau Mayne Lalande de Listrac-M\u00e9doc par Maison Tanase\"},{\"@type\":\"BreadcrumbList\",\"@id\":\"https:\\\/\\\/maisontanase.com\\\/fr\\\/boutique\\\/vins-francais\\\/bordeaux-fr\\\/mayne-lalande-2011\\\/#breadcrumb\",\"itemListElement\":[{\"@type\":\"ListItem\",\"position\":1,\"name\":\"Accueil\",\"item\":\"https:\\\/\\\/maisontanase.com\\\/fr\\\/\"},{\"@type\":\"ListItem\",\"position\":2,\"name\":\"Boutique\",\"item\":\"https:\\\/\\\/maisontanase.com\\\/fr\\\/boutique-en-ligne-maison-tanase\\\/\"},{\"@type\":\"ListItem\",\"position\":3,\"name\":\"Ch\u00e2teau Mayne Lalande 2011 &#8211; Listrac-Medoc &#8211; Rouge\"}]},{\"@type\":\"WebSite\",\"@id\":\"https:\\\/\\\/maisontanase.com\\\/fr\\\/#website\",\"url\":\"https:\\\/\\\/maisontanase.com\\\/fr\\\/\",\"name\":\"Maison Tanase\",\"description\":\"Based in Bordeaux, Maison Tanase is a family-run business that produces and sells high-quality wines and spirits. Welcome to our online shop.\",\"publisher\":{\"@id\":\"https:\\\/\\\/maisontanase.com\\\/fr\\\/#organization\"},\"potentialAction\":[{\"@type\":\"SearchAction\",\"target\":{\"@type\":\"EntryPoint\",\"urlTemplate\":\"https:\\\/\\\/maisontanase.com\\\/fr\\\/?s={search_term_string}\"},\"query-input\":{\"@type\":\"PropertyValueSpecification\",\"valueRequired\":true,\"valueName\":\"search_term_string\"}}],\"inLanguage\":\"fr-FR\"},{\"@type\":\"Organization\",\"@id\":\"https:\\\/\\\/maisontanase.com\\\/fr\\\/#organization\",\"name\":\"Maison Tanase\",\"url\":\"https:\\\/\\\/maisontanase.com\\\/fr\\\/\",\"logo\":{\"@type\":\"ImageObject\",\"inLanguage\":\"fr-FR\",\"@id\":\"https:\\\/\\\/maisontanase.com\\\/fr\\\/#\\\/schema\\\/logo\\\/image\\\/\",\"url\":\"https:\\\/\\\/maisontanase.com\\\/wp-content\\\/uploads\\\/2022\\\/05\\\/maison-tanase.jpg\",\"contentUrl\":\"https:\\\/\\\/maisontanase.com\\\/wp-content\\\/uploads\\\/2022\\\/05\\\/maison-tanase.jpg\",\"width\":1200,\"height\":630,\"caption\":\"Maison Tanase\"},\"image\":{\"@id\":\"https:\\\/\\\/maisontanase.com\\\/fr\\\/#\\\/schema\\\/logo\\\/image\\\/\"}}]}<\/script>\n<!-- \/ Yoast SEO plugin. -->","yoast_head_json":{"title":"Ch\u00e2teau Mayne Lalande - Rouge - Listrac-M\u00e9doc - Bordeaux","description":"Achetez en ligne Ch\u00e2teau Mayne Lalande 2011 \u2013 un vin rouge de Bordeaux de grande qualit\u00e9, aux ar\u00f4mes de fruits noirs m\u00fbrs, aux tanins velout\u00e9s et \u00e0 la finale \u00e9l\u00e9gante.","robots":{"index":"index","follow":"follow","max-snippet":"max-snippet:-1","max-image-preview":"max-image-preview:large","max-video-preview":"max-video-preview:-1"},"canonical":"https:\/\/maisontanase.com\/fr\/boutique\/vins-francais\/bordeaux-fr\/mayne-lalande-2011\/","og_locale":"fr_FR","og_type":"article","og_title":"Ch\u00e2teau Mayne Lalande - Rouge - Listrac-M\u00e9doc - Bordeaux","og_description":"Achetez en ligne Ch\u00e2teau Mayne Lalande 2011 \u2013 un vin rouge de Bordeaux de grande qualit\u00e9, aux ar\u00f4mes de fruits noirs m\u00fbrs, aux tanins velout\u00e9s et \u00e0 la finale \u00e9l\u00e9gante.","og_url":"https:\/\/maisontanase.com\/fr\/boutique\/vins-francais\/bordeaux-fr\/mayne-lalande-2011\/","og_site_name":"Maison Tanase","article_modified_time":"2025-09-19T09:27:40+00:00","og_image":[{"url":"https:\/\/maisontanase.com\/wp-content\/uploads\/2023\/04\/Chateau-Mayne-Lalande_vin-rouge-de-Bordeaux_par-Maison-Tanase-01-300x300.png","type":"","width":"","height":""}],"twitter_card":"summary_large_image","twitter_title":"Ch\u00e2teau Mayne Lalande - Rouge - Listrac-M\u00e9doc - Bordeaux","twitter_description":"Achetez en ligne Ch\u00e2teau Mayne Lalande 2011 \u2013 un vin rouge de Bordeaux de grande qualit\u00e9, aux ar\u00f4mes de fruits noirs m\u00fbrs, aux tanins velout\u00e9s et \u00e0 la finale \u00e9l\u00e9gante.","twitter_image":"https:\/\/maisontanase.com\/wp-content\/uploads\/2023\/04\/Chateau-Mayne-Lalande_vin-rouge-de-Bordeaux_par-Maison-Tanase-01-1024x1024.png","twitter_misc":{"Dur\u00e9e de lecture estim\u00e9e":"2 minutes"},"schema":{"@context":"https:\/\/schema.org","@graph":[{"@type":"WebPage","@id":"https:\/\/maisontanase.com\/fr\/boutique\/vins-francais\/bordeaux-fr\/mayne-lalande-2011\/","url":"https:\/\/maisontanase.com\/fr\/boutique\/vins-francais\/bordeaux-fr\/mayne-lalande-2011\/","name":"Ch\u00e2teau Mayne Lalande - Rouge - Listrac-M\u00e9doc - Bordeaux","isPartOf":{"@id":"https:\/\/maisontanase.com\/fr\/#website"},"primaryImageOfPage":{"@id":"https:\/\/maisontanase.com\/fr\/boutique\/vins-francais\/bordeaux-fr\/mayne-lalande-2011\/#primaryimage"},"image":{"@id":"https:\/\/maisontanase.com\/fr\/boutique\/vins-francais\/bordeaux-fr\/mayne-lalande-2011\/#primaryimage"},"thumbnailUrl":"https:\/\/maisontanase.com\/wp-content\/uploads\/2023\/04\/Chateau-Mayne-Lalande_vin-rouge-de-Bordeaux_par-Maison-Tanase-01.png","datePublished":"2023-04-26T13:45:28+00:00","dateModified":"2025-09-19T09:27:40+00:00","description":"Achetez en ligne Ch\u00e2teau Mayne Lalande 2011 \u2013 un vin rouge de Bordeaux de grande qualit\u00e9, aux ar\u00f4mes de fruits noirs m\u00fbrs, aux tanins velout\u00e9s et \u00e0 la finale \u00e9l\u00e9gante.","breadcrumb":{"@id":"https:\/\/maisontanase.com\/fr\/boutique\/vins-francais\/bordeaux-fr\/mayne-lalande-2011\/#breadcrumb"},"inLanguage":"fr-FR","potentialAction":[{"@type":"ReadAction","target":["https:\/\/maisontanase.com\/fr\/boutique\/vins-francais\/bordeaux-fr\/mayne-lalande-2011\/"]}]},{"@type":"ImageObject","inLanguage":"fr-FR","@id":"https:\/\/maisontanase.com\/fr\/boutique\/vins-francais\/bordeaux-fr\/mayne-lalande-2011\/#primaryimage","url":"https:\/\/maisontanase.com\/wp-content\/uploads\/2023\/04\/Chateau-Mayne-Lalande_vin-rouge-de-Bordeaux_par-Maison-Tanase-01.png","contentUrl":"https:\/\/maisontanase.com\/wp-content\/uploads\/2023\/04\/Chateau-Mayne-Lalande_vin-rouge-de-Bordeaux_par-Maison-Tanase-01.png","width":4167,"height":4167,"caption":"Acheter en ligne Achetez en ligne vin rouge Chateau Mayne Lalande de Listrac-M\u00e9doc par Maison Tanase"},{"@type":"BreadcrumbList","@id":"https:\/\/maisontanase.com\/fr\/boutique\/vins-francais\/bordeaux-fr\/mayne-lalande-2011\/#breadcrumb","itemListElement":[{"@type":"ListItem","position":1,"name":"Accueil","item":"https:\/\/maisontanase.com\/fr\/"},{"@type":"ListItem","position":2,"name":"Boutique","item":"https:\/\/maisontanase.com\/fr\/boutique-en-ligne-maison-tanase\/"},{"@type":"ListItem","position":3,"name":"Ch\u00e2teau Mayne Lalande 2011 &#8211; Listrac-Medoc &#8211; Rouge"}]},{"@type":"WebSite","@id":"https:\/\/maisontanase.com\/fr\/#website","url":"https:\/\/maisontanase.com\/fr\/","name":"Maison Tanase","description":"Based in Bordeaux, Maison Tanase is a family-run business that produces and sells high-quality wines and spirits. Welcome to our online shop.","publisher":{"@id":"https:\/\/maisontanase.com\/fr\/#organization"},"potentialAction":[{"@type":"SearchAction","target":{"@type":"EntryPoint","urlTemplate":"https:\/\/maisontanase.com\/fr\/?s={search_term_string}"},"query-input":{"@type":"PropertyValueSpecification","valueRequired":true,"valueName":"search_term_string"}}],"inLanguage":"fr-FR"},{"@type":"Organization","@id":"https:\/\/maisontanase.com\/fr\/#organization","name":"Maison Tanase","url":"https:\/\/maisontanase.com\/fr\/","logo":{"@type":"ImageObject","inLanguage":"fr-FR","@id":"https:\/\/maisontanase.com\/fr\/#\/schema\/logo\/image\/","url":"https:\/\/maisontanase.com\/wp-content\/uploads\/2022\/05\/maison-tanase.jpg","contentUrl":"https:\/\/maisontanase.com\/wp-content\/uploads\/2022\/05\/maison-tanase.jpg","width":1200,"height":630,"caption":"Maison Tanase"},"image":{"@id":"https:\/\/maisontanase.com\/fr\/#\/schema\/logo\/image\/"}}]}},"_links":{"self":[{"href":"https:\/\/maisontanase.com\/fr\/wp-json\/wp\/v2\/product\/16342","targetHints":{"allow":["GET"]}}],"collection":[{"href":"https:\/\/maisontanase.com\/fr\/wp-json\/wp\/v2\/product"}],"about":[{"href":"https:\/\/maisontanase.com\/fr\/wp-json\/wp\/v2\/types\/product"}],"replies":[{"embeddable":true,"href":"https:\/\/maisontanase.com\/fr\/wp-json\/wp\/v2\/comments?post=16342"}],"version-history":[{"count":15,"href":"https:\/\/maisontanase.com\/fr\/wp-json\/wp\/v2\/product\/16342\/revisions"}],"predecessor-version":[{"id":19126,"href":"https:\/\/maisontanase.com\/fr\/wp-json\/wp\/v2\/product\/16342\/revisions\/19126"}],"wp:featuredmedia":[{"embeddable":true,"href":"https:\/\/maisontanase.com\/fr\/wp-json\/wp\/v2\/media\/16121"}],"wp:attachment":[{"href":"https:\/\/maisontanase.com\/fr\/wp-json\/wp\/v2\/media?parent=16342"}],"wp:term":[{"taxonomy":"product_brand","embeddable":true,"href":"https:\/\/maisontanase.com\/fr\/wp-json\/wp\/v2\/product_brand?post=16342"},{"taxonomy":"product_cat","embeddable":true,"href":"https:\/\/maisontanase.com\/fr\/wp-json\/wp\/v2\/product_cat?post=16342"},{"taxonomy":"product_tag","embeddable":true,"href":"https:\/\/maisontanase.com\/fr\/wp-json\/wp\/v2\/product_tag?post=16342"}],"curies":[{"name":"wp","href":"https:\/\/api.w.org\/{rel}","templated":true}]}}