
{"id":16312,"date":"2023-11-13T11:17:33","date_gmt":"2023-11-13T10:17:33","guid":{"rendered":"https:\/\/maisontanase.com\/?post_type=product&#038;p=16312"},"modified":"2025-09-19T11:09:08","modified_gmt":"2025-09-19T09:09:08","slug":"chateau-clinet-2011","status":"publish","type":"product","link":"https:\/\/maisontanase.com\/fr\/boutique\/vins-francais\/bordeaux-fr\/chateau-clinet-2011\/","title":{"rendered":"Ch\u00e2teau Clinet 2011 &#8211; Pomerol &#8211; Rouge"},"content":{"rendered":"\t\t<div data-elementor-type=\"wp-post\" data-elementor-id=\"16312\" class=\"elementor elementor-16312 elementor-16311\">\n\t\t\t\t\t\t<section class=\"elementor-section elementor-top-section elementor-element elementor-element-dfcbcc4 elementor-section-boxed elementor-section-height-default elementor-section-height-default\" data-id=\"dfcbcc4\" data-element_type=\"section\" data-e-type=\"section\" data-settings=\"{&quot;pix_scale_in&quot;:&quot;none&quot;}\">\n\t\t\t\t\t\t<div class=\"elementor-container elementor-column-gap-default\">\n\t\t\t\t\t<div class=\"elementor-column elementor-col-100 elementor-top-column elementor-element elementor-element-f0839c7\" data-id=\"f0839c7\" data-element_type=\"column\" data-e-type=\"column\" data-settings=\"{&quot;pix_scale_in&quot;:&quot;none&quot;}\">\n\t\t\t<div class=\"elementor-widget-wrap elementor-element-populated\">\n\t\t\t\t\t\t<div class=\"elementor-element elementor-element-121adfd elementor-widget elementor-widget-text-editor\" data-id=\"121adfd\" data-element_type=\"widget\" data-e-type=\"widget\" data-widget_type=\"text-editor.default\">\n\t\t\t\t<div class=\"elementor-widget-container\">\n\t\t\t\t\t\t\t\t\t<p>Achetez en ligne Ch\u00e2teau Clinet, un vin de Pomerol \u00e0 base de Merlot, connu pour son \u00e9l\u00e9gance, sa complexit\u00e9 et sa capacit\u00e9 \u00e0 vieillir avec gr\u00e2ce.<\/p><p><strong>Mill\u00e9sime 2011<\/strong><\/p>\t\t\t\t\t\t\t\t<\/div>\n\t\t\t\t<\/div>\n\t\t\t\t<div class=\"elementor-element elementor-element-a9fd3c9 elementor-widget elementor-widget-heading\" data-id=\"a9fd3c9\" data-element_type=\"widget\" data-e-type=\"widget\" data-widget_type=\"heading.default\">\n\t\t\t\t<div class=\"elementor-widget-container\">\n\t\t\t\t\t<h2 class=\"elementor-heading-title elementor-size-default\">Histoire<\/h2>\t\t\t\t<\/div>\n\t\t\t\t<\/div>\n\t\t\t\t<div class=\"elementor-element elementor-element-f4eeb0a elementor-widget elementor-widget-text-editor\" data-id=\"f4eeb0a\" data-element_type=\"widget\" data-e-type=\"widget\" data-widget_type=\"text-editor.default\">\n\t\t\t\t<div class=\"elementor-widget-container\">\n\t\t\t\t\t\t\t\t\t<p>L&rsquo;histoire du Ch\u00e2teau Clinet remonte au 19\u00e8me si\u00e8cle.<br><br>Le domaine a connu diff\u00e9rentes propri\u00e9t\u00e9s au fil des ann\u00e9es, avec notamment son acquisition par la famille Arnaud en 1998. Sous la direction de Ronan Laborde, le domaine a connu une revitalisation, en mettant l&rsquo;accent sur des pratiques durables et en pr\u00e9servant l&rsquo;h\u00e9ritage de cette propri\u00e9t\u00e9 historique.<br><br>L&rsquo;attachement \u00e0 une vinification de qualit\u00e9 et \u00e0 l&rsquo;expression du terroir de Pomerol a \u00e9t\u00e9 un th\u00e8me constant tout au long de son histoire.<\/p>\t\t\t\t\t\t\t\t<\/div>\n\t\t\t\t<\/div>\n\t\t\t\t<div class=\"elementor-element elementor-element-e53be77 elementor-widget elementor-widget-heading\" data-id=\"e53be77\" data-element_type=\"widget\" data-e-type=\"widget\" data-widget_type=\"heading.default\">\n\t\t\t\t<div class=\"elementor-widget-container\">\n\t\t\t\t\t<h2 class=\"elementor-heading-title elementor-size-default\">Viticulture<\/h2>\t\t\t\t<\/div>\n\t\t\t\t<\/div>\n\t\t\t\t<div class=\"elementor-element elementor-element-e022eb5 elementor-widget elementor-widget-text-editor\" data-id=\"e022eb5\" data-element_type=\"widget\" data-e-type=\"widget\" data-widget_type=\"text-editor.default\">\n\t\t\t\t<div class=\"elementor-widget-container\">\n\t\t\t\t\t\t\t\t\t<p>Les vignobles du Ch\u00e2teau Clinet sont strat\u00e9giquement situ\u00e9s sur les c\u00e9l\u00e8bres sols argilo-graveleux de Pomerol.<\/p><p><strong>Le domaine s&rsquo;\u00e9tend sur environ 11 hectares, majoritairement plant\u00e9s de Merlot, c\u00e9page dominant \u00e0 Pomerol.<\/strong> De plus, le Cabernet Franc et le Cabernet Sauvignon sont \u00e9galement cultiv\u00e9s pour apporter de la complexit\u00e9 aux assemblages.<\/p><p>L&rsquo;engagement en faveur d&rsquo;une viticulture durable garantit la sant\u00e9 des vignes et la vitalit\u00e9 du terroir, favorisant l&rsquo;expression des caract\u00e9ristiques uniques de Pomerol dans les raisins.<\/p>\t\t\t\t\t\t\t\t<\/div>\n\t\t\t\t<\/div>\n\t\t\t\t<div class=\"elementor-element elementor-element-5c2148a elementor-widget elementor-widget-heading\" data-id=\"5c2148a\" data-element_type=\"widget\" data-e-type=\"widget\" data-widget_type=\"heading.default\">\n\t\t\t\t<div class=\"elementor-widget-container\">\n\t\t\t\t\t<h2 class=\"elementor-heading-title elementor-size-default\">Vinification<\/h2>\t\t\t\t<\/div>\n\t\t\t\t<\/div>\n\t\t\t\t<div class=\"elementor-element elementor-element-f24e5a7 elementor-widget elementor-widget-text-editor\" data-id=\"f24e5a7\" data-element_type=\"widget\" data-e-type=\"widget\" data-widget_type=\"text-editor.default\">\n\t\t\t\t<div class=\"elementor-widget-container\">\n\t\t\t\t\t\t\t\t\t<p>Le processus de vinification au Ch\u00e2teau Clinet est un voyage minutieux de la vigne \u00e0 la bouteille.<\/p><p>Les vendanges sont effectu\u00e9es manuellement, permettant une s\u00e9lection rigoureuse des plus beaux raisins. La fermentation se d\u00e9roule en cuves inox thermor\u00e9gul\u00e9es pour pr\u00e9server la puret\u00e9 des raisins. Apr\u00e8s fermentation, les vins sont \u00e9lev\u00e9s en f\u00fbts de ch\u00eane soigneusement choisis, un processus qui conf\u00e8re structure, complexit\u00e9 et nuances subtiles.<\/p><p>L&rsquo;\u00e9quipe viticole du Ch\u00e2teau Clinet allie tradition et innovation, veillant \u00e0 ce que chaque mill\u00e9sime refl\u00e8te le meilleur des deux.<\/p>\t\t\t\t\t\t\t\t<\/div>\n\t\t\t\t<\/div>\n\t\t\t\t<div class=\"elementor-element elementor-element-7cae827 elementor-widget elementor-widget-heading\" data-id=\"7cae827\" data-element_type=\"widget\" data-e-type=\"widget\" data-widget_type=\"heading.default\">\n\t\t\t\t<div class=\"elementor-widget-container\">\n\t\t\t\t\t<h2 class=\"elementor-heading-title elementor-size-default\">D\u00e9gustation<\/h2>\t\t\t\t<\/div>\n\t\t\t\t<\/div>\n\t\t\t\t<div class=\"elementor-element elementor-element-bbc90bf elementor-widget elementor-widget-text-editor\" data-id=\"bbc90bf\" data-element_type=\"widget\" data-e-type=\"widget\" data-widget_type=\"text-editor.default\">\n\t\t\t\t<div class=\"elementor-widget-container\">\n\t\t\t\t\t\t\t\t\t<p class=\"p1\"><strong><a href=\"http:\/\/Ch%C3%A2teau%20Clinet\" data-wplink-url-error=\"true\">Les vins du Ch\u00e2teau Clinet sont connus pour leur opulence, leur profondeur et une int\u00e9gration harmonieuse des saveurs.<\/a><\/strong><\/p><p class=\"p1\">En d\u00e9gustant ce vin du Ch\u00e2teau Clinet, on peut s&rsquo;attendre \u00e0 une riche tapisserie de saveurs de fruits noirs, comprenant souvent la cerise noire, la m\u00fbre et la prune. Le vin se caract\u00e9rise par une texture velout\u00e9e, des tanins bien int\u00e9gr\u00e9s et une finale persistante. De subtiles notes de chocolat, de truffe et parfois des notes de tabac contribuent \u00e0 la complexit\u00e9 du vin, qui en fait une v\u00e9ritable expression du terroir de Pomerol.<\/p><p class=\"p1\"><strong>Le potentiel de garde des vins du Ch\u00e2teau Clinet leur permet d&rsquo;\u00e9voluer avec gr\u00e2ce au fil des ann\u00e9es, r\u00e9compensant ceux qui les mettent en cave avec plus de profondeur et de nuances.<\/strong><\/p><p class=\"p1\"><span class=\"s1\"><strong>Les temp\u00e9ratures de service peuvent \u00eatre une question de pr\u00e9f\u00e9rence personnelle.<\/strong> Nous vous recommandons n\u00e9anmoins de le servir \u00e0 environ 16-18\u00b0C. <\/span>Cette plage de temp\u00e9rature permet \u00e0 ce grand vin d&rsquo;exprimer toute sa gamme d&rsquo;ar\u00f4mes et de saveurs.<\/p>\t\t\t\t\t\t\t\t<\/div>\n\t\t\t\t<\/div>\n\t\t\t\t\t<\/div>\n\t\t<\/div>\n\t\t\t\t\t<\/div>\n\t\t<\/section>\n\t\t\t\t<\/div>\n\t\t","protected":false},"excerpt":{"rendered":"<p>Achetez en ligne Ch\u00e2teau Clinet 2011 &#8211; un d\u00e9licieux vin rouge raffin\u00e9 avec un palais ample, riche, vibrant, fruit\u00e9 et juteux. Ce mill\u00e9sime est reconnu pour sa qualit\u00e9 exceptionnelle et a \u00e9t\u00e9 salu\u00e9 aussi bien par les amateurs de vin que par les critiques sp\u00e9cialis\u00e9s.<\/p>\n","protected":false},"featured_media":16315,"comment_status":"open","ping_status":"closed","template":"","meta":[],"product_brand":[],"product_cat":[134,132,133],"product_tag":[222,270,221,269],"class_list":{"0":"post-16312","1":"product","2":"type-product","3":"status-publish","4":"has-post-thumbnail","6":"product_cat-bordeaux-fr","7":"product_cat-grands-crus","8":"product_cat-vins-francais","9":"product_tag-bordeaux-fr","10":"product_tag-clinet-fr","11":"product_tag-fine-wine-fr","12":"product_tag-pomerol-fr","14":"first","15":"instock","16":"shipping-taxable","17":"purchasable","18":"product-type-simple"},"yoast_head":"<!-- This site is optimized with the Yoast SEO plugin v27.3 - https:\/\/yoast.com\/product\/yoast-seo-wordpress\/ -->\n<title>Ch\u00e2teau Clinet 2011 - Vin Rouge - Pomerol<\/title>\n<meta name=\"description\" content=\"Achetez en ligne Ch\u00e2teau Clinet 2011 - un d\u00e9licieux vin rouge raffin\u00e9 avec un palais ample, riche, vibrant, fruit\u00e9 et juteux. Paiement s\u00e9curis\u00e9. Livraison internationale rapide.\" \/>\n<meta name=\"robots\" content=\"index, follow, max-snippet:-1, max-image-preview:large, max-video-preview:-1\" \/>\n<link rel=\"canonical\" href=\"https:\/\/maisontanase.com\/fr\/boutique\/vins-francais\/bordeaux-fr\/chateau-clinet-2011\/\" \/>\n<meta property=\"og:locale\" content=\"fr_FR\" \/>\n<meta property=\"og:type\" content=\"article\" \/>\n<meta property=\"og:title\" content=\"Ch\u00e2teau Clinet 2011 - Vin Rouge - Pomerol\" \/>\n<meta property=\"og:description\" content=\"Achetez en ligne Ch\u00e2teau Clinet 2011 - un d\u00e9licieux vin rouge raffin\u00e9 avec un palais ample, riche, vibrant, fruit\u00e9 et juteux. Paiement s\u00e9curis\u00e9. Livraison internationale rapide.\" \/>\n<meta property=\"og:url\" content=\"https:\/\/maisontanase.com\/fr\/boutique\/vins-francais\/bordeaux-fr\/chateau-clinet-2011\/\" \/>\n<meta property=\"og:site_name\" content=\"Maison Tanase\" \/>\n<meta property=\"article:modified_time\" content=\"2025-09-19T09:09:08+00:00\" \/>\n<meta property=\"og:image\" content=\"https:\/\/maisontanase.com\/wp-content\/uploads\/2023\/11\/Chateau-Clinet-2011_Maison-Tanase_achetez-en-ligne.png\" \/>\n\t<meta property=\"og:image:width\" content=\"4167\" \/>\n\t<meta property=\"og:image:height\" content=\"4168\" \/>\n\t<meta property=\"og:image:type\" content=\"image\/png\" \/>\n<meta name=\"twitter:card\" content=\"summary_large_image\" \/>\n<meta name=\"twitter:title\" content=\"Ch\u00e2teau Clinet 2011 - Vin Rouge - Pomerol\" \/>\n<meta name=\"twitter:description\" content=\"Achetez en ligne Ch\u00e2teau Clinet 2011 - un d\u00e9licieux vin rouge raffin\u00e9 avec un palais ample, riche, fruit\u00e9 et juteux.\" \/>\n<meta name=\"twitter:image\" content=\"https:\/\/maisontanase.com\/wp-content\/uploads\/2023\/11\/Chateau-Clinet-2011_Maison-Tanase_achetez-en-ligne.png\" \/>\n<meta name=\"twitter:label1\" content=\"Dur\u00e9e de lecture estim\u00e9e\" \/>\n\t<meta name=\"twitter:data1\" content=\"3 minutes\" \/>\n<script type=\"application\/ld+json\" class=\"yoast-schema-graph\">{\"@context\":\"https:\\\/\\\/schema.org\",\"@graph\":[{\"@type\":\"WebPage\",\"@id\":\"https:\\\/\\\/maisontanase.com\\\/fr\\\/boutique\\\/vins-francais\\\/bordeaux-fr\\\/chateau-clinet-2011\\\/\",\"url\":\"https:\\\/\\\/maisontanase.com\\\/fr\\\/boutique\\\/vins-francais\\\/bordeaux-fr\\\/chateau-clinet-2011\\\/\",\"name\":\"Ch\u00e2teau Clinet 2011 - Vin Rouge - Pomerol\",\"isPartOf\":{\"@id\":\"https:\\\/\\\/maisontanase.com\\\/fr\\\/#website\"},\"primaryImageOfPage\":{\"@id\":\"https:\\\/\\\/maisontanase.com\\\/fr\\\/boutique\\\/vins-francais\\\/bordeaux-fr\\\/chateau-clinet-2011\\\/#primaryimage\"},\"image\":{\"@id\":\"https:\\\/\\\/maisontanase.com\\\/fr\\\/boutique\\\/vins-francais\\\/bordeaux-fr\\\/chateau-clinet-2011\\\/#primaryimage\"},\"thumbnailUrl\":\"https:\\\/\\\/maisontanase.com\\\/wp-content\\\/uploads\\\/2023\\\/11\\\/Chateau-Clinet-2011_Maison-Tanase_achetez-en-ligne.png\",\"datePublished\":\"2023-11-13T10:17:33+00:00\",\"dateModified\":\"2025-09-19T09:09:08+00:00\",\"description\":\"Achetez en ligne Ch\u00e2teau Clinet 2011 - un d\u00e9licieux vin rouge raffin\u00e9 avec un palais ample, riche, vibrant, fruit\u00e9 et juteux. Paiement s\u00e9curis\u00e9. Livraison internationale rapide.\",\"breadcrumb\":{\"@id\":\"https:\\\/\\\/maisontanase.com\\\/fr\\\/boutique\\\/vins-francais\\\/bordeaux-fr\\\/chateau-clinet-2011\\\/#breadcrumb\"},\"inLanguage\":\"fr-FR\",\"potentialAction\":[{\"@type\":\"ReadAction\",\"target\":[\"https:\\\/\\\/maisontanase.com\\\/fr\\\/boutique\\\/vins-francais\\\/bordeaux-fr\\\/chateau-clinet-2011\\\/\"]}]},{\"@type\":\"ImageObject\",\"inLanguage\":\"fr-FR\",\"@id\":\"https:\\\/\\\/maisontanase.com\\\/fr\\\/boutique\\\/vins-francais\\\/bordeaux-fr\\\/chateau-clinet-2011\\\/#primaryimage\",\"url\":\"https:\\\/\\\/maisontanase.com\\\/wp-content\\\/uploads\\\/2023\\\/11\\\/Chateau-Clinet-2011_Maison-Tanase_achetez-en-ligne.png\",\"contentUrl\":\"https:\\\/\\\/maisontanase.com\\\/wp-content\\\/uploads\\\/2023\\\/11\\\/Chateau-Clinet-2011_Maison-Tanase_achetez-en-ligne.png\",\"width\":4167,\"height\":4168,\"caption\":\"achetez en ligne Chateau Clinet 2011 Bordeaux Pomerol Vin rouge de qualit\u00e9 pas cher de chez Maison Tanase, grossiste en vin francais et vins du monde vins de moldavie\"},{\"@type\":\"BreadcrumbList\",\"@id\":\"https:\\\/\\\/maisontanase.com\\\/fr\\\/boutique\\\/vins-francais\\\/bordeaux-fr\\\/chateau-clinet-2011\\\/#breadcrumb\",\"itemListElement\":[{\"@type\":\"ListItem\",\"position\":1,\"name\":\"Accueil\",\"item\":\"https:\\\/\\\/maisontanase.com\\\/fr\\\/\"},{\"@type\":\"ListItem\",\"position\":2,\"name\":\"Boutique\",\"item\":\"https:\\\/\\\/maisontanase.com\\\/fr\\\/boutique-en-ligne-maison-tanase\\\/\"},{\"@type\":\"ListItem\",\"position\":3,\"name\":\"Ch\u00e2teau Clinet 2011 &#8211; Pomerol &#8211; Rouge\"}]},{\"@type\":\"WebSite\",\"@id\":\"https:\\\/\\\/maisontanase.com\\\/fr\\\/#website\",\"url\":\"https:\\\/\\\/maisontanase.com\\\/fr\\\/\",\"name\":\"Maison Tanase\",\"description\":\"Based in Bordeaux, Maison Tanase is a family-run business that produces and sells high-quality wines and spirits. Welcome to our online shop.\",\"publisher\":{\"@id\":\"https:\\\/\\\/maisontanase.com\\\/fr\\\/#organization\"},\"potentialAction\":[{\"@type\":\"SearchAction\",\"target\":{\"@type\":\"EntryPoint\",\"urlTemplate\":\"https:\\\/\\\/maisontanase.com\\\/fr\\\/?s={search_term_string}\"},\"query-input\":{\"@type\":\"PropertyValueSpecification\",\"valueRequired\":true,\"valueName\":\"search_term_string\"}}],\"inLanguage\":\"fr-FR\"},{\"@type\":\"Organization\",\"@id\":\"https:\\\/\\\/maisontanase.com\\\/fr\\\/#organization\",\"name\":\"Maison Tanase\",\"url\":\"https:\\\/\\\/maisontanase.com\\\/fr\\\/\",\"logo\":{\"@type\":\"ImageObject\",\"inLanguage\":\"fr-FR\",\"@id\":\"https:\\\/\\\/maisontanase.com\\\/fr\\\/#\\\/schema\\\/logo\\\/image\\\/\",\"url\":\"https:\\\/\\\/maisontanase.com\\\/wp-content\\\/uploads\\\/2022\\\/05\\\/maison-tanase.jpg\",\"contentUrl\":\"https:\\\/\\\/maisontanase.com\\\/wp-content\\\/uploads\\\/2022\\\/05\\\/maison-tanase.jpg\",\"width\":1200,\"height\":630,\"caption\":\"Maison Tanase\"},\"image\":{\"@id\":\"https:\\\/\\\/maisontanase.com\\\/fr\\\/#\\\/schema\\\/logo\\\/image\\\/\"}}]}<\/script>\n<!-- \/ Yoast SEO plugin. -->","yoast_head_json":{"title":"Ch\u00e2teau Clinet 2011 - Vin Rouge - Pomerol","description":"Achetez en ligne Ch\u00e2teau Clinet 2011 - un d\u00e9licieux vin rouge raffin\u00e9 avec un palais ample, riche, vibrant, fruit\u00e9 et juteux. Paiement s\u00e9curis\u00e9. Livraison internationale rapide.","robots":{"index":"index","follow":"follow","max-snippet":"max-snippet:-1","max-image-preview":"max-image-preview:large","max-video-preview":"max-video-preview:-1"},"canonical":"https:\/\/maisontanase.com\/fr\/boutique\/vins-francais\/bordeaux-fr\/chateau-clinet-2011\/","og_locale":"fr_FR","og_type":"article","og_title":"Ch\u00e2teau Clinet 2011 - Vin Rouge - Pomerol","og_description":"Achetez en ligne Ch\u00e2teau Clinet 2011 - un d\u00e9licieux vin rouge raffin\u00e9 avec un palais ample, riche, vibrant, fruit\u00e9 et juteux. Paiement s\u00e9curis\u00e9. Livraison internationale rapide.","og_url":"https:\/\/maisontanase.com\/fr\/boutique\/vins-francais\/bordeaux-fr\/chateau-clinet-2011\/","og_site_name":"Maison Tanase","article_modified_time":"2025-09-19T09:09:08+00:00","og_image":[{"width":4167,"height":4168,"url":"https:\/\/maisontanase.com\/wp-content\/uploads\/2023\/11\/Chateau-Clinet-2011_Maison-Tanase_achetez-en-ligne.png","type":"image\/png"}],"twitter_card":"summary_large_image","twitter_title":"Ch\u00e2teau Clinet 2011 - Vin Rouge - Pomerol","twitter_description":"Achetez en ligne Ch\u00e2teau Clinet 2011 - un d\u00e9licieux vin rouge raffin\u00e9 avec un palais ample, riche, fruit\u00e9 et juteux.","twitter_image":"https:\/\/maisontanase.com\/wp-content\/uploads\/2023\/11\/Chateau-Clinet-2011_Maison-Tanase_achetez-en-ligne.png","twitter_misc":{"Dur\u00e9e de lecture estim\u00e9e":"3 minutes"},"schema":{"@context":"https:\/\/schema.org","@graph":[{"@type":"WebPage","@id":"https:\/\/maisontanase.com\/fr\/boutique\/vins-francais\/bordeaux-fr\/chateau-clinet-2011\/","url":"https:\/\/maisontanase.com\/fr\/boutique\/vins-francais\/bordeaux-fr\/chateau-clinet-2011\/","name":"Ch\u00e2teau Clinet 2011 - Vin Rouge - Pomerol","isPartOf":{"@id":"https:\/\/maisontanase.com\/fr\/#website"},"primaryImageOfPage":{"@id":"https:\/\/maisontanase.com\/fr\/boutique\/vins-francais\/bordeaux-fr\/chateau-clinet-2011\/#primaryimage"},"image":{"@id":"https:\/\/maisontanase.com\/fr\/boutique\/vins-francais\/bordeaux-fr\/chateau-clinet-2011\/#primaryimage"},"thumbnailUrl":"https:\/\/maisontanase.com\/wp-content\/uploads\/2023\/11\/Chateau-Clinet-2011_Maison-Tanase_achetez-en-ligne.png","datePublished":"2023-11-13T10:17:33+00:00","dateModified":"2025-09-19T09:09:08+00:00","description":"Achetez en ligne Ch\u00e2teau Clinet 2011 - un d\u00e9licieux vin rouge raffin\u00e9 avec un palais ample, riche, vibrant, fruit\u00e9 et juteux. Paiement s\u00e9curis\u00e9. Livraison internationale rapide.","breadcrumb":{"@id":"https:\/\/maisontanase.com\/fr\/boutique\/vins-francais\/bordeaux-fr\/chateau-clinet-2011\/#breadcrumb"},"inLanguage":"fr-FR","potentialAction":[{"@type":"ReadAction","target":["https:\/\/maisontanase.com\/fr\/boutique\/vins-francais\/bordeaux-fr\/chateau-clinet-2011\/"]}]},{"@type":"ImageObject","inLanguage":"fr-FR","@id":"https:\/\/maisontanase.com\/fr\/boutique\/vins-francais\/bordeaux-fr\/chateau-clinet-2011\/#primaryimage","url":"https:\/\/maisontanase.com\/wp-content\/uploads\/2023\/11\/Chateau-Clinet-2011_Maison-Tanase_achetez-en-ligne.png","contentUrl":"https:\/\/maisontanase.com\/wp-content\/uploads\/2023\/11\/Chateau-Clinet-2011_Maison-Tanase_achetez-en-ligne.png","width":4167,"height":4168,"caption":"achetez en ligne Chateau Clinet 2011 Bordeaux Pomerol Vin rouge de qualit\u00e9 pas cher de chez Maison Tanase, grossiste en vin francais et vins du monde vins de moldavie"},{"@type":"BreadcrumbList","@id":"https:\/\/maisontanase.com\/fr\/boutique\/vins-francais\/bordeaux-fr\/chateau-clinet-2011\/#breadcrumb","itemListElement":[{"@type":"ListItem","position":1,"name":"Accueil","item":"https:\/\/maisontanase.com\/fr\/"},{"@type":"ListItem","position":2,"name":"Boutique","item":"https:\/\/maisontanase.com\/fr\/boutique-en-ligne-maison-tanase\/"},{"@type":"ListItem","position":3,"name":"Ch\u00e2teau Clinet 2011 &#8211; Pomerol &#8211; Rouge"}]},{"@type":"WebSite","@id":"https:\/\/maisontanase.com\/fr\/#website","url":"https:\/\/maisontanase.com\/fr\/","name":"Maison Tanase","description":"Based in Bordeaux, Maison Tanase is a family-run business that produces and sells high-quality wines and spirits. Welcome to our online shop.","publisher":{"@id":"https:\/\/maisontanase.com\/fr\/#organization"},"potentialAction":[{"@type":"SearchAction","target":{"@type":"EntryPoint","urlTemplate":"https:\/\/maisontanase.com\/fr\/?s={search_term_string}"},"query-input":{"@type":"PropertyValueSpecification","valueRequired":true,"valueName":"search_term_string"}}],"inLanguage":"fr-FR"},{"@type":"Organization","@id":"https:\/\/maisontanase.com\/fr\/#organization","name":"Maison Tanase","url":"https:\/\/maisontanase.com\/fr\/","logo":{"@type":"ImageObject","inLanguage":"fr-FR","@id":"https:\/\/maisontanase.com\/fr\/#\/schema\/logo\/image\/","url":"https:\/\/maisontanase.com\/wp-content\/uploads\/2022\/05\/maison-tanase.jpg","contentUrl":"https:\/\/maisontanase.com\/wp-content\/uploads\/2022\/05\/maison-tanase.jpg","width":1200,"height":630,"caption":"Maison Tanase"},"image":{"@id":"https:\/\/maisontanase.com\/fr\/#\/schema\/logo\/image\/"}}]}},"_links":{"self":[{"href":"https:\/\/maisontanase.com\/fr\/wp-json\/wp\/v2\/product\/16312","targetHints":{"allow":["GET"]}}],"collection":[{"href":"https:\/\/maisontanase.com\/fr\/wp-json\/wp\/v2\/product"}],"about":[{"href":"https:\/\/maisontanase.com\/fr\/wp-json\/wp\/v2\/types\/product"}],"replies":[{"embeddable":true,"href":"https:\/\/maisontanase.com\/fr\/wp-json\/wp\/v2\/comments?post=16312"}],"version-history":[{"count":8,"href":"https:\/\/maisontanase.com\/fr\/wp-json\/wp\/v2\/product\/16312\/revisions"}],"predecessor-version":[{"id":19122,"href":"https:\/\/maisontanase.com\/fr\/wp-json\/wp\/v2\/product\/16312\/revisions\/19122"}],"wp:featuredmedia":[{"embeddable":true,"href":"https:\/\/maisontanase.com\/fr\/wp-json\/wp\/v2\/media\/16315"}],"wp:attachment":[{"href":"https:\/\/maisontanase.com\/fr\/wp-json\/wp\/v2\/media?parent=16312"}],"wp:term":[{"taxonomy":"product_brand","embeddable":true,"href":"https:\/\/maisontanase.com\/fr\/wp-json\/wp\/v2\/product_brand?post=16312"},{"taxonomy":"product_cat","embeddable":true,"href":"https:\/\/maisontanase.com\/fr\/wp-json\/wp\/v2\/product_cat?post=16312"},{"taxonomy":"product_tag","embeddable":true,"href":"https:\/\/maisontanase.com\/fr\/wp-json\/wp\/v2\/product_tag?post=16312"}],"curies":[{"name":"wp","href":"https:\/\/api.w.org\/{rel}","templated":true}]}}