
{"id":15853,"date":"2023-02-06T10:17:07","date_gmt":"2023-02-06T09:17:07","guid":{"rendered":"https:\/\/maisontanase.com\/?post_type=product&#038;p=15853"},"modified":"2026-04-28T15:15:21","modified_gmt":"2026-04-28T13:15:21","slug":"chablis-ride-maison-tanase","status":"publish","type":"product","link":"https:\/\/maisontanase.com\/fr\/boutique\/vins-francais\/bourgogne\/chablis-ride-maison-tanase\/","title":{"rendered":"Chablis Ride 2020 &#8211; Bourgogne &#8211; Blanc"},"content":{"rendered":"\t\t<div data-elementor-type=\"wp-post\" data-elementor-id=\"15853\" class=\"elementor elementor-15853 elementor-15852\">\n\t\t\t\t\t\t<section class=\"elementor-section elementor-top-section elementor-element elementor-element-dfcbcc4 elementor-section-boxed elementor-section-height-default elementor-section-height-default\" data-id=\"dfcbcc4\" data-element_type=\"section\" data-e-type=\"section\" data-settings=\"{&quot;pix_scale_in&quot;:&quot;none&quot;}\">\n\t\t\t\t\t\t<div class=\"elementor-container elementor-column-gap-default\">\n\t\t\t\t\t<div class=\"elementor-column elementor-col-100 elementor-top-column elementor-element elementor-element-f0839c7\" data-id=\"f0839c7\" data-element_type=\"column\" data-e-type=\"column\" data-settings=\"{&quot;pix_scale_in&quot;:&quot;none&quot;}\">\n\t\t\t<div class=\"elementor-widget-wrap elementor-element-populated\">\n\t\t\t\t\t\t<div class=\"elementor-element elementor-element-121adfd elementor-widget elementor-widget-text-editor\" data-id=\"121adfd\" data-element_type=\"widget\" data-e-type=\"widget\" data-widget_type=\"text-editor.default\">\n\t\t\t\t<div class=\"elementor-widget-container\">\n\t\t\t\t\t\t\t\t\t<p class=\"p1\">Achetez en ligne Chablis Ride par Maison Tanase \u2014 profitez de cette \u00e9dition limit\u00e9e et partagez un moment unique autour d\u2019un grand vin de Bourgogne. Livraison rapide et paiement s\u00e9curis\u00e9. <\/p><p><b>Mill\u00e9sime 2020<\/b><\/p>\t\t\t\t\t\t\t\t<\/div>\n\t\t\t\t<\/div>\n\t\t\t\t<div class=\"elementor-element elementor-element-a9fd3c9 elementor-widget elementor-widget-heading\" data-id=\"a9fd3c9\" data-element_type=\"widget\" data-e-type=\"widget\" data-widget_type=\"heading.default\">\n\t\t\t\t<div class=\"elementor-widget-container\">\n\t\t\t\t\t<h2 class=\"elementor-heading-title elementor-size-default\">Histoire<\/h2>\t\t\t\t<\/div>\n\t\t\t\t<\/div>\n\t\t\t\t<div class=\"elementor-element elementor-element-f4eeb0a elementor-widget elementor-widget-text-editor\" data-id=\"f4eeb0a\" data-element_type=\"widget\" data-e-type=\"widget\" data-widget_type=\"text-editor.default\">\n\t\t\t\t<div class=\"elementor-widget-container\">\n\t\t\t\t\t\t\t\t\t<p>Chablis Ride est un vin blanc en \u00e9dition limit\u00e9e, savoureux et raffin\u00e9, cr\u00e9\u00e9 par la famille Tanase. Il est issu d\u2019une s\u00e9lection minutieuse des meilleurs raisins de Chardonnay, cultiv\u00e9s avec soin dans la r\u00e9gion de Chablis, en Bourgogne, France.<\/p><p>Fruit d\u2019une s\u00e9lection minutieuse des meilleurs raisins de Chardonnay, Chablis Ride exprime la passion de la famille Tanase pour la qualit\u00e9 et l\u2019authenticit\u00e9. <\/p><p>Pour nous, le vin n\u2019est pas seulement une boisson : c\u2019est de l\u2019histoire, de la g\u00e9ographie, du voyage et de la d\u00e9couverte \u2014 un moment de bonheur \u00e0 partager avec ceux que nous aimons. Chez Maison Tanase, nous croyons que le vin est bien plus qu\u2019une boisson : c\u2019est une v\u00e9ritable culture, une aventure unique qui vous fait voyager \u00e0 travers le temps et les continents. Le vin, c\u2019est l\u2019histoire, la g\u00e9ographie, le voyage et la d\u00e9couverte \u2014 un moment de bonheur partag\u00e9 avec ceux que l\u2019on aime.<\/p>\t\t\t\t\t\t\t\t<\/div>\n\t\t\t\t<\/div>\n\t\t\t\t<div class=\"elementor-element elementor-element-e53be77 elementor-widget elementor-widget-heading\" data-id=\"e53be77\" data-element_type=\"widget\" data-e-type=\"widget\" data-widget_type=\"heading.default\">\n\t\t\t\t<div class=\"elementor-widget-container\">\n\t\t\t\t\t<h2 class=\"elementor-heading-title elementor-size-default\">Viticulture<\/h2>\t\t\t\t<\/div>\n\t\t\t\t<\/div>\n\t\t\t\t<div class=\"elementor-element elementor-element-e022eb5 elementor-widget elementor-widget-text-editor\" data-id=\"e022eb5\" data-element_type=\"widget\" data-e-type=\"widget\" data-widget_type=\"text-editor.default\">\n\t\t\t\t<div class=\"elementor-widget-container\">\n\t\t\t\t\t\t\t\t\t<p>Issu de l\u2019appellation Chablis AOP, ce vin b\u00e9n\u00e9ficie de la diversit\u00e9 des terroirs bourguignons. La viticulture raisonn\u00e9e, respectueuse de l\u2019environnement et des cycles naturels, met en valeur l\u2019expression aromatique unique du c\u00e9page.   <\/p>\t\t\t\t\t\t\t\t<\/div>\n\t\t\t\t<\/div>\n\t\t\t\t<div class=\"elementor-element elementor-element-5c2148a elementor-widget elementor-widget-heading\" data-id=\"5c2148a\" data-element_type=\"widget\" data-e-type=\"widget\" data-widget_type=\"heading.default\">\n\t\t\t\t<div class=\"elementor-widget-container\">\n\t\t\t\t\t<h2 class=\"elementor-heading-title elementor-size-default\">Vinification<\/h2>\t\t\t\t<\/div>\n\t\t\t\t<\/div>\n\t\t\t\t<div class=\"elementor-element elementor-element-f24e5a7 elementor-widget elementor-widget-text-editor\" data-id=\"f24e5a7\" data-element_type=\"widget\" data-e-type=\"widget\" data-widget_type=\"text-editor.default\">\n\t\t\t\t<div class=\"elementor-widget-container\">\n\t\t\t\t\t\t\t\t\t<p>100% Chardonnay.<br><br>Les grappes, r\u00e9colt\u00e9es et tri\u00e9es manuellement, sont press\u00e9es imm\u00e9diatement apr\u00e8s la vendange, sans \u00e9raflage, afin de pr\u00e9server toute la fra\u00eecheur et la puret\u00e9 du fruit. <\/p>\t\t\t\t\t\t\t\t<\/div>\n\t\t\t\t<\/div>\n\t\t\t\t<div class=\"elementor-element elementor-element-7cae827 elementor-widget elementor-widget-heading\" data-id=\"7cae827\" data-element_type=\"widget\" data-e-type=\"widget\" data-widget_type=\"heading.default\">\n\t\t\t\t<div class=\"elementor-widget-container\">\n\t\t\t\t\t<h2 class=\"elementor-heading-title elementor-size-default\">D\u00e9gustation<\/h2>\t\t\t\t<\/div>\n\t\t\t\t<\/div>\n\t\t\t\t<div class=\"elementor-element elementor-element-bbc90bf elementor-widget elementor-widget-text-editor\" data-id=\"bbc90bf\" data-element_type=\"widget\" data-e-type=\"widget\" data-widget_type=\"text-editor.default\">\n\t\t\t\t<div class=\"elementor-widget-container\">\n\t\t\t\t\t\t\t\t\t<p>Robe : jaune p\u00e2le brillante aux reflets verts.<br><br>Nez : notes florales, ch\u00e8vrefeuille et pamplemousse.<br><br>Bouche : ronde et fra\u00eeche, d\u00e9voilant des ar\u00f4mes de citron, d\u2019amande, de groseille et de cassis, avec une acidit\u00e9 vive qui apporte structure et \u00e9quilibre.  <\/p><p>Un accord parfait avec : poissons et fruits de mer, caviar et foie gras, volailles r\u00f4ties, fromages \u00e0 p\u00e2te dure, l\u00e9gumes grill\u00e9s.    <\/p><p><strong>Temp\u00e9rature de service : <\/strong><strong>10-12\u00b0C<\/strong><\/p><p>Astuce : pour amener une bouteille de la temp\u00e9rature ambiante \u00e0 la temp\u00e9rature id\u00e9ale, comptez environ <strong>deux heures au r\u00e9frig\u00e9rateur.<\/strong>  <\/p>\t\t\t\t\t\t\t\t<\/div>\n\t\t\t\t<\/div>\n\t\t\t\t<div class=\"elementor-element elementor-element-dcfdf0c elementor-widget elementor-widget-pix-button\" data-id=\"dcfdf0c\" data-element_type=\"widget\" data-e-type=\"widget\" data-widget_type=\"pix-button.default\">\n\t\t\t\t<div class=\"elementor-widget-container\">\n\t\t\t\t\t<span  class=\"btn m-0      btn-primary d-inline-flex align-items-center     btn-rounded btn-md\"     ><svg class=\"pixfort-icon font-weight-bold   mr-2\" width=\"24\" height=\"24\"  data-name=\"Line\/pixfort-icon-file-duplicate-1\" viewBox=\"2 2 20 20\"><path fill=\"none\" stroke=\"var(--pf-icon-color)\" stroke-linecap=\"round\" stroke-linejoin=\"round\" stroke-width=\"var(--pf-icon-stroke-width)\" d=\"M6,7 L8.87278686,7 L8.87278686,7 C10.9175556,8.48800639 13.4920457,10.7686601 15,12.6534785 L15,19 C15,20.1045695 14.1045695,21 13,21 L6,21 C4.8954305,21 4,20.1045695 4,19 L4,9 C4,7.8954305 4.8954305,7 6,7 Z M8.65864051,7 L8.65864051,10.0721415 C8.65864051,11.6759765 9.95880559,12.9761415 11.5626405,12.9761415 L15,12.9761415 L15,12.9761415 M9,7.07720315 L9,5 C9,3.8954305 9.8954305,3 11,3 L13.8727869,3 C15.9175556,4.48800639 18.4920457,6.76866015 20,8.65347855 L20,15 C20,16.1045695 19.1045695,17 18,17 L15,17 M13.6586405,3 L13.6586405,6.07214154 C13.6586405,7.67597645 14.9588056,8.97614154 16.5626405,8.97614154 L20,8.97614154 L20,8.97614154\"\/><\/svg><span class=\"font-weight-bold \" >Voir la fiche technique<\/span><\/span>\t\t\t\t<\/div>\n\t\t\t\t<\/div>\n\t\t\t\t\t<\/div>\n\t\t<\/div>\n\t\t\t\t\t<\/div>\n\t\t<\/section>\n\t\t\t\t<\/div>\n\t\t","protected":false},"excerpt":{"rendered":"<p>Chablis Ride par Maison Tanase est un vin blanc sec d\u2019exception, \u00e9labor\u00e9 \u00e0 partir de Chardonnay 100 %.<\/p>\n<p>Cette cuv\u00e9e en \u00e9dition limit\u00e9e s\u00e9duit par ses ar\u00f4mes de prunes jaunes, pommes vertes et agrumes m\u00fbrs, relev\u00e9s de notes herbac\u00e9es et d\u2019une touche subtile de miel.<\/p>\n<p>C\u2019est un vin vibrant, \u00e9l\u00e9gant et min\u00e9ral, \u00e0 la finale croquante, typique des grands Chablis.<\/p>\n","protected":false},"featured_media":15929,"comment_status":"open","ping_status":"closed","template":"","meta":[],"product_brand":[],"product_cat":[135,133],"product_tag":[334,244,243,170],"class_list":{"0":"post-15853","1":"product","2":"type-product","3":"status-publish","4":"has-post-thumbnail","6":"product_cat-bourgogne","7":"product_cat-vins-francais","8":"product_tag-bourgogne-fr-2","9":"product_tag-chablis-fr","10":"product_tag-chablis-ride-fr","11":"product_tag-maison-tanase-fr","13":"first","14":"instock","15":"shipping-taxable","16":"purchasable","17":"product-type-simple"},"yoast_head":"<!-- This site is optimized with the Yoast SEO plugin v27.3 - https:\/\/yoast.com\/product\/yoast-seo-wordpress\/ -->\n<title>Chablis Ride 2020 - Vin Blanc Sec - Bourgogne - Maison Tanase<\/title>\n<meta name=\"description\" content=\"Acheter en ligne Chablis Ride par Maison Tanase. Achetez en ligne Chablis Ride par Maison Tanase \u2014 profitez de cette \u00e9dition limit\u00e9e et partagez un moment unique autour d\u2019un grand vin de Bourgogne. Livraison rapide et paiement s\u00e9curis\u00e9.\" \/>\n<meta name=\"robots\" content=\"index, follow, max-snippet:-1, max-image-preview:large, max-video-preview:-1\" \/>\n<link rel=\"canonical\" href=\"https:\/\/maisontanase.com\/fr\/boutique\/vins-francais\/bourgogne\/chablis-ride-maison-tanase\/\" \/>\n<meta property=\"og:locale\" content=\"fr_FR\" \/>\n<meta property=\"og:type\" content=\"article\" \/>\n<meta property=\"og:title\" content=\"Chablis Ride - Vin blanc sec - Maison Tanase\" \/>\n<meta property=\"og:description\" content=\"Achetez le vin Chablis Ride 2020 en ligne sur la boutique Maison Tanase. Achetez le vin Chablis Ride 2020 en ligne sur la boutique Maison Tanase.\" \/>\n<meta property=\"og:url\" content=\"https:\/\/maisontanase.com\/fr\/boutique\/vins-francais\/bourgogne\/chablis-ride-maison-tanase\/\" \/>\n<meta property=\"og:site_name\" content=\"Maison Tanase\" \/>\n<meta property=\"article:modified_time\" content=\"2026-04-28T13:15:21+00:00\" \/>\n<meta property=\"og:image\" content=\"https:\/\/maisontanase.com\/wp-content\/uploads\/2023\/02\/1_Chablis-Ride_Maison-Tanase_Packshot-1024x1024.png\" \/>\n\t<meta property=\"og:image:width\" content=\"1024\" \/>\n\t<meta property=\"og:image:height\" content=\"1024\" \/>\n\t<meta property=\"og:image:type\" content=\"image\/png\" \/>\n<meta name=\"twitter:card\" content=\"summary_large_image\" \/>\n<meta name=\"twitter:title\" content=\"Chablis Ride - Vin blanc sec - Maison Tanase\" \/>\n<meta name=\"twitter:description\" content=\"Achetez le vin Chablis Ride 2020 en ligne sur la boutique Maison Tanase. Achetez le vin Chablis Ride 2020 en ligne sur la boutique Maison Tanase.\" \/>\n<meta name=\"twitter:image\" content=\"https:\/\/maisontanase.com\/wp-content\/uploads\/2023\/02\/1_Chablis-Ride_Maison-Tanase_Packshot.png\" \/>\n<meta name=\"twitter:label1\" content=\"Dur\u00e9e de lecture estim\u00e9e\" \/>\n\t<meta name=\"twitter:data1\" content=\"3 minutes\" \/>\n<script type=\"application\/ld+json\" class=\"yoast-schema-graph\">{\"@context\":\"https:\\\/\\\/schema.org\",\"@graph\":[{\"@type\":\"WebPage\",\"@id\":\"https:\\\/\\\/maisontanase.com\\\/fr\\\/boutique\\\/vins-francais\\\/bourgogne\\\/chablis-ride-maison-tanase\\\/\",\"url\":\"https:\\\/\\\/maisontanase.com\\\/fr\\\/boutique\\\/vins-francais\\\/bourgogne\\\/chablis-ride-maison-tanase\\\/\",\"name\":\"Chablis Ride 2020 - Vin Blanc Sec - Bourgogne - Maison Tanase\",\"isPartOf\":{\"@id\":\"https:\\\/\\\/maisontanase.com\\\/fr\\\/#website\"},\"primaryImageOfPage\":{\"@id\":\"https:\\\/\\\/maisontanase.com\\\/fr\\\/boutique\\\/vins-francais\\\/bourgogne\\\/chablis-ride-maison-tanase\\\/#primaryimage\"},\"image\":{\"@id\":\"https:\\\/\\\/maisontanase.com\\\/fr\\\/boutique\\\/vins-francais\\\/bourgogne\\\/chablis-ride-maison-tanase\\\/#primaryimage\"},\"thumbnailUrl\":\"https:\\\/\\\/maisontanase.com\\\/wp-content\\\/uploads\\\/2023\\\/02\\\/1_Chablis-Ride_Maison-Tanase_Packshot-1.png\",\"datePublished\":\"2023-02-06T09:17:07+00:00\",\"dateModified\":\"2026-04-28T13:15:21+00:00\",\"description\":\"Acheter en ligne Chablis Ride par Maison Tanase. Achetez en ligne Chablis Ride par Maison Tanase \u2014 profitez de cette \u00e9dition limit\u00e9e et partagez un moment unique autour d\u2019un grand vin de Bourgogne. Livraison rapide et paiement s\u00e9curis\u00e9.\",\"breadcrumb\":{\"@id\":\"https:\\\/\\\/maisontanase.com\\\/fr\\\/boutique\\\/vins-francais\\\/bourgogne\\\/chablis-ride-maison-tanase\\\/#breadcrumb\"},\"inLanguage\":\"fr-FR\",\"potentialAction\":[{\"@type\":\"ReadAction\",\"target\":[\"https:\\\/\\\/maisontanase.com\\\/fr\\\/boutique\\\/vins-francais\\\/bourgogne\\\/chablis-ride-maison-tanase\\\/\"]}]},{\"@type\":\"ImageObject\",\"inLanguage\":\"fr-FR\",\"@id\":\"https:\\\/\\\/maisontanase.com\\\/fr\\\/boutique\\\/vins-francais\\\/bourgogne\\\/chablis-ride-maison-tanase\\\/#primaryimage\",\"url\":\"https:\\\/\\\/maisontanase.com\\\/wp-content\\\/uploads\\\/2023\\\/02\\\/1_Chablis-Ride_Maison-Tanase_Packshot-1.png\",\"contentUrl\":\"https:\\\/\\\/maisontanase.com\\\/wp-content\\\/uploads\\\/2023\\\/02\\\/1_Chablis-Ride_Maison-Tanase_Packshot-1.png\",\"width\":4167,\"height\":4167,\"caption\":\"Achetez le vin Chablis Ride 2020 en ligne sur la boutique Maison Tanase.\"},{\"@type\":\"BreadcrumbList\",\"@id\":\"https:\\\/\\\/maisontanase.com\\\/fr\\\/boutique\\\/vins-francais\\\/bourgogne\\\/chablis-ride-maison-tanase\\\/#breadcrumb\",\"itemListElement\":[{\"@type\":\"ListItem\",\"position\":1,\"name\":\"Accueil\",\"item\":\"https:\\\/\\\/maisontanase.com\\\/fr\\\/\"},{\"@type\":\"ListItem\",\"position\":2,\"name\":\"Boutique\",\"item\":\"https:\\\/\\\/maisontanase.com\\\/fr\\\/boutique-en-ligne-maison-tanase\\\/\"},{\"@type\":\"ListItem\",\"position\":3,\"name\":\"Chablis Ride 2020 &#8211; Bourgogne &#8211; Blanc\"}]},{\"@type\":\"WebSite\",\"@id\":\"https:\\\/\\\/maisontanase.com\\\/fr\\\/#website\",\"url\":\"https:\\\/\\\/maisontanase.com\\\/fr\\\/\",\"name\":\"Maison Tanase\",\"description\":\"Based in Bordeaux, Maison Tanase is a family-run business that produces and sells high-quality wines and spirits. Welcome to our online shop.\",\"publisher\":{\"@id\":\"https:\\\/\\\/maisontanase.com\\\/fr\\\/#organization\"},\"potentialAction\":[{\"@type\":\"SearchAction\",\"target\":{\"@type\":\"EntryPoint\",\"urlTemplate\":\"https:\\\/\\\/maisontanase.com\\\/fr\\\/?s={search_term_string}\"},\"query-input\":{\"@type\":\"PropertyValueSpecification\",\"valueRequired\":true,\"valueName\":\"search_term_string\"}}],\"inLanguage\":\"fr-FR\"},{\"@type\":\"Organization\",\"@id\":\"https:\\\/\\\/maisontanase.com\\\/fr\\\/#organization\",\"name\":\"Maison Tanase\",\"url\":\"https:\\\/\\\/maisontanase.com\\\/fr\\\/\",\"logo\":{\"@type\":\"ImageObject\",\"inLanguage\":\"fr-FR\",\"@id\":\"https:\\\/\\\/maisontanase.com\\\/fr\\\/#\\\/schema\\\/logo\\\/image\\\/\",\"url\":\"https:\\\/\\\/maisontanase.com\\\/wp-content\\\/uploads\\\/2022\\\/05\\\/maison-tanase.jpg\",\"contentUrl\":\"https:\\\/\\\/maisontanase.com\\\/wp-content\\\/uploads\\\/2022\\\/05\\\/maison-tanase.jpg\",\"width\":1200,\"height\":630,\"caption\":\"Maison Tanase\"},\"image\":{\"@id\":\"https:\\\/\\\/maisontanase.com\\\/fr\\\/#\\\/schema\\\/logo\\\/image\\\/\"}}]}<\/script>\n<!-- \/ Yoast SEO plugin. -->","yoast_head_json":{"title":"Chablis Ride 2020 - Vin Blanc Sec - Bourgogne - Maison Tanase","description":"Acheter en ligne Chablis Ride par Maison Tanase. Achetez en ligne Chablis Ride par Maison Tanase \u2014 profitez de cette \u00e9dition limit\u00e9e et partagez un moment unique autour d\u2019un grand vin de Bourgogne. Livraison rapide et paiement s\u00e9curis\u00e9.","robots":{"index":"index","follow":"follow","max-snippet":"max-snippet:-1","max-image-preview":"max-image-preview:large","max-video-preview":"max-video-preview:-1"},"canonical":"https:\/\/maisontanase.com\/fr\/boutique\/vins-francais\/bourgogne\/chablis-ride-maison-tanase\/","og_locale":"fr_FR","og_type":"article","og_title":"Chablis Ride - Vin blanc sec - Maison Tanase","og_description":"Achetez le vin Chablis Ride 2020 en ligne sur la boutique Maison Tanase. Achetez le vin Chablis Ride 2020 en ligne sur la boutique Maison Tanase.","og_url":"https:\/\/maisontanase.com\/fr\/boutique\/vins-francais\/bourgogne\/chablis-ride-maison-tanase\/","og_site_name":"Maison Tanase","article_modified_time":"2026-04-28T13:15:21+00:00","og_image":[{"width":1024,"height":1024,"url":"https:\/\/maisontanase.com\/wp-content\/uploads\/2023\/02\/1_Chablis-Ride_Maison-Tanase_Packshot-1024x1024.png","type":"image\/png"}],"twitter_card":"summary_large_image","twitter_title":"Chablis Ride - Vin blanc sec - Maison Tanase","twitter_description":"Achetez le vin Chablis Ride 2020 en ligne sur la boutique Maison Tanase. Achetez le vin Chablis Ride 2020 en ligne sur la boutique Maison Tanase.","twitter_image":"https:\/\/maisontanase.com\/wp-content\/uploads\/2023\/02\/1_Chablis-Ride_Maison-Tanase_Packshot.png","twitter_misc":{"Dur\u00e9e de lecture estim\u00e9e":"3 minutes"},"schema":{"@context":"https:\/\/schema.org","@graph":[{"@type":"WebPage","@id":"https:\/\/maisontanase.com\/fr\/boutique\/vins-francais\/bourgogne\/chablis-ride-maison-tanase\/","url":"https:\/\/maisontanase.com\/fr\/boutique\/vins-francais\/bourgogne\/chablis-ride-maison-tanase\/","name":"Chablis Ride 2020 - Vin Blanc Sec - Bourgogne - Maison Tanase","isPartOf":{"@id":"https:\/\/maisontanase.com\/fr\/#website"},"primaryImageOfPage":{"@id":"https:\/\/maisontanase.com\/fr\/boutique\/vins-francais\/bourgogne\/chablis-ride-maison-tanase\/#primaryimage"},"image":{"@id":"https:\/\/maisontanase.com\/fr\/boutique\/vins-francais\/bourgogne\/chablis-ride-maison-tanase\/#primaryimage"},"thumbnailUrl":"https:\/\/maisontanase.com\/wp-content\/uploads\/2023\/02\/1_Chablis-Ride_Maison-Tanase_Packshot-1.png","datePublished":"2023-02-06T09:17:07+00:00","dateModified":"2026-04-28T13:15:21+00:00","description":"Acheter en ligne Chablis Ride par Maison Tanase. Achetez en ligne Chablis Ride par Maison Tanase \u2014 profitez de cette \u00e9dition limit\u00e9e et partagez un moment unique autour d\u2019un grand vin de Bourgogne. Livraison rapide et paiement s\u00e9curis\u00e9.","breadcrumb":{"@id":"https:\/\/maisontanase.com\/fr\/boutique\/vins-francais\/bourgogne\/chablis-ride-maison-tanase\/#breadcrumb"},"inLanguage":"fr-FR","potentialAction":[{"@type":"ReadAction","target":["https:\/\/maisontanase.com\/fr\/boutique\/vins-francais\/bourgogne\/chablis-ride-maison-tanase\/"]}]},{"@type":"ImageObject","inLanguage":"fr-FR","@id":"https:\/\/maisontanase.com\/fr\/boutique\/vins-francais\/bourgogne\/chablis-ride-maison-tanase\/#primaryimage","url":"https:\/\/maisontanase.com\/wp-content\/uploads\/2023\/02\/1_Chablis-Ride_Maison-Tanase_Packshot-1.png","contentUrl":"https:\/\/maisontanase.com\/wp-content\/uploads\/2023\/02\/1_Chablis-Ride_Maison-Tanase_Packshot-1.png","width":4167,"height":4167,"caption":"Achetez le vin Chablis Ride 2020 en ligne sur la boutique Maison Tanase."},{"@type":"BreadcrumbList","@id":"https:\/\/maisontanase.com\/fr\/boutique\/vins-francais\/bourgogne\/chablis-ride-maison-tanase\/#breadcrumb","itemListElement":[{"@type":"ListItem","position":1,"name":"Accueil","item":"https:\/\/maisontanase.com\/fr\/"},{"@type":"ListItem","position":2,"name":"Boutique","item":"https:\/\/maisontanase.com\/fr\/boutique-en-ligne-maison-tanase\/"},{"@type":"ListItem","position":3,"name":"Chablis Ride 2020 &#8211; Bourgogne &#8211; Blanc"}]},{"@type":"WebSite","@id":"https:\/\/maisontanase.com\/fr\/#website","url":"https:\/\/maisontanase.com\/fr\/","name":"Maison Tanase","description":"Based in Bordeaux, Maison Tanase is a family-run business that produces and sells high-quality wines and spirits. Welcome to our online shop.","publisher":{"@id":"https:\/\/maisontanase.com\/fr\/#organization"},"potentialAction":[{"@type":"SearchAction","target":{"@type":"EntryPoint","urlTemplate":"https:\/\/maisontanase.com\/fr\/?s={search_term_string}"},"query-input":{"@type":"PropertyValueSpecification","valueRequired":true,"valueName":"search_term_string"}}],"inLanguage":"fr-FR"},{"@type":"Organization","@id":"https:\/\/maisontanase.com\/fr\/#organization","name":"Maison Tanase","url":"https:\/\/maisontanase.com\/fr\/","logo":{"@type":"ImageObject","inLanguage":"fr-FR","@id":"https:\/\/maisontanase.com\/fr\/#\/schema\/logo\/image\/","url":"https:\/\/maisontanase.com\/wp-content\/uploads\/2022\/05\/maison-tanase.jpg","contentUrl":"https:\/\/maisontanase.com\/wp-content\/uploads\/2022\/05\/maison-tanase.jpg","width":1200,"height":630,"caption":"Maison Tanase"},"image":{"@id":"https:\/\/maisontanase.com\/fr\/#\/schema\/logo\/image\/"}}]}},"_links":{"self":[{"href":"https:\/\/maisontanase.com\/fr\/wp-json\/wp\/v2\/product\/15853","targetHints":{"allow":["GET"]}}],"collection":[{"href":"https:\/\/maisontanase.com\/fr\/wp-json\/wp\/v2\/product"}],"about":[{"href":"https:\/\/maisontanase.com\/fr\/wp-json\/wp\/v2\/types\/product"}],"replies":[{"embeddable":true,"href":"https:\/\/maisontanase.com\/fr\/wp-json\/wp\/v2\/comments?post=15853"}],"version-history":[{"count":25,"href":"https:\/\/maisontanase.com\/fr\/wp-json\/wp\/v2\/product\/15853\/revisions"}],"predecessor-version":[{"id":19140,"href":"https:\/\/maisontanase.com\/fr\/wp-json\/wp\/v2\/product\/15853\/revisions\/19140"}],"wp:featuredmedia":[{"embeddable":true,"href":"https:\/\/maisontanase.com\/fr\/wp-json\/wp\/v2\/media\/15929"}],"wp:attachment":[{"href":"https:\/\/maisontanase.com\/fr\/wp-json\/wp\/v2\/media?parent=15853"}],"wp:term":[{"taxonomy":"product_brand","embeddable":true,"href":"https:\/\/maisontanase.com\/fr\/wp-json\/wp\/v2\/product_brand?post=15853"},{"taxonomy":"product_cat","embeddable":true,"href":"https:\/\/maisontanase.com\/fr\/wp-json\/wp\/v2\/product_cat?post=15853"},{"taxonomy":"product_tag","embeddable":true,"href":"https:\/\/maisontanase.com\/fr\/wp-json\/wp\/v2\/product_tag?post=15853"}],"curies":[{"name":"wp","href":"https:\/\/api.w.org\/{rel}","templated":true}]}}