
{"id":15638,"date":"2022-08-02T14:50:26","date_gmt":"2022-08-02T12:50:26","guid":{"rendered":"https:\/\/maisontanase.com\/?post_type=product&#038;p=15638"},"modified":"2025-09-19T12:07:44","modified_gmt":"2025-09-19T10:07:44","slug":"chateau-lafite-rothschild-2011","status":"publish","type":"product","link":"https:\/\/maisontanase.com\/fr\/boutique\/vins-francais\/bordeaux-fr\/chateau-lafite-rothschild-2011\/","title":{"rendered":"Lafite Rothschild 2011 &#8211; 1er Grand Cru Class\u00e9 Pauillac &#8211; Rouge"},"content":{"rendered":"\t\t<div data-elementor-type=\"wp-post\" data-elementor-id=\"15638\" class=\"elementor elementor-15638 elementor-15637\">\n\t\t\t\t\t\t<section class=\"elementor-section elementor-top-section elementor-element elementor-element-dfcbcc4 elementor-section-boxed elementor-section-height-default elementor-section-height-default\" data-id=\"dfcbcc4\" data-element_type=\"section\" data-e-type=\"section\" data-settings=\"{&quot;pix_scale_in&quot;:&quot;none&quot;}\">\n\t\t\t\t\t\t<div class=\"elementor-container elementor-column-gap-default\">\n\t\t\t\t\t<div class=\"elementor-column elementor-col-100 elementor-top-column elementor-element elementor-element-f0839c7\" data-id=\"f0839c7\" data-element_type=\"column\" data-e-type=\"column\" data-settings=\"{&quot;pix_scale_in&quot;:&quot;none&quot;}\">\n\t\t\t<div class=\"elementor-widget-wrap elementor-element-populated\">\n\t\t\t\t\t\t<div class=\"elementor-element elementor-element-121adfd elementor-widget elementor-widget-text-editor\" data-id=\"121adfd\" data-element_type=\"widget\" data-e-type=\"widget\" data-widget_type=\"text-editor.default\">\n\t\t\t\t<div class=\"elementor-widget-container\">\n\t\t\t\t\t\t\t\t\t<p><span class=\"s1\">Achetez en ligne Ch\u00e2teau Lafite Rothschild<\/span> \u2014 l\u2019<span style=\"color: inherit; font-family: var( --e-global-typography-text-font-family ), Sans-serif; font-weight: var( --e-global-typography-text-font-weight ); font-size: 1rem; letter-spacing: -0.01rem;\">un des vins rouges les plus recherch\u00e9s et prestigieux au monde. R\u00e9put\u00e9 pour sa complexit\u00e9, son \u00e9l\u00e9gance et sa capacit\u00e9 de garde exceptionnelle, <span style=\"text-decoration: underline;\">c\u2019est un vin de collection incontournable.<\/span><\/span><\/p><p><strong>Mill\u00e9sime 2011<\/strong><\/p>\t\t\t\t\t\t\t\t<\/div>\n\t\t\t\t<\/div>\n\t\t\t\t<div class=\"elementor-element elementor-element-a9fd3c9 elementor-widget elementor-widget-heading\" data-id=\"a9fd3c9\" data-element_type=\"widget\" data-e-type=\"widget\" data-widget_type=\"heading.default\">\n\t\t\t\t<div class=\"elementor-widget-container\">\n\t\t\t\t\t<h2 class=\"elementor-heading-title elementor-size-default\">Histoire<\/h2>\t\t\t\t<\/div>\n\t\t\t\t<\/div>\n\t\t\t\t<div class=\"elementor-element elementor-element-f4eeb0a elementor-widget elementor-widget-text-editor\" data-id=\"f4eeb0a\" data-element_type=\"widget\" data-e-type=\"widget\" data-widget_type=\"text-editor.default\">\n\t\t\t\t<div class=\"elementor-widget-container\">\n\t\t\t\t\t\t\t\t\t<p>Ch\u00e2teau Lafite Rothschild est un domaine viticole historique et renomm\u00e9, situ\u00e9 \u00e0 Pauillac, dans la c\u00e9l\u00e8bre r\u00e9gion viticole de Bordeaux en France.<\/p><p>Class\u00e9 parmi les Premiers Crus selon la c\u00e9l\u00e8bre Classification officielle des vins de Bordeaux de 1855, le domaine figure parmi les propri\u00e9t\u00e9s les plus prestigieuses au monde, reconnu pour la qualit\u00e9 exceptionnelle et la r\u00e9putation de ses vins.<\/p><p>Avec une histoire riche remontant au XVIIe si\u00e8cle, le domaine a travers\u00e9 les si\u00e8cles tout en produisant de mani\u00e8re constante certains des vins les plus recherch\u00e9s et collectionnables au monde. <\/p><p>Les vins de Ch\u00e2teau Lafite Rothschild sont r\u00e9put\u00e9s pour leur \u00e9l\u00e9gance, leur finesse et leur capacit\u00e9 de garde exceptionnelle, souvent sup\u00e9rieurs \u00e0 50 ans.<\/p>\t\t\t\t\t\t\t\t<\/div>\n\t\t\t\t<\/div>\n\t\t\t\t<div class=\"elementor-element elementor-element-e53be77 elementor-widget elementor-widget-heading\" data-id=\"e53be77\" data-element_type=\"widget\" data-e-type=\"widget\" data-widget_type=\"heading.default\">\n\t\t\t\t<div class=\"elementor-widget-container\">\n\t\t\t\t\t<h2 class=\"elementor-heading-title elementor-size-default\">Viticulture<\/h2>\t\t\t\t<\/div>\n\t\t\t\t<\/div>\n\t\t\t\t<div class=\"elementor-element elementor-element-e022eb5 elementor-widget elementor-widget-text-editor\" data-id=\"e022eb5\" data-element_type=\"widget\" data-e-type=\"widget\" data-widget_type=\"text-editor.default\">\n\t\t\t\t<div class=\"elementor-widget-container\">\n\t\t\t\t\t\t\t\t\t<p>La vinification respecte des m\u00e9thodes traditionnelles, avec un souci constant de r\u00e9v\u00e9ler le caract\u00e8re unique du terroir. <\/p><p>Le terroir unique, caract\u00e9ris\u00e9 par des sols graves profonds, conf\u00e8re aux vins leur complexit\u00e9, leur \u00e9quilibre et leur structure remarquable.<\/p>\t\t\t\t\t\t\t\t<\/div>\n\t\t\t\t<\/div>\n\t\t\t\t<div class=\"elementor-element elementor-element-5c2148a elementor-widget elementor-widget-heading\" data-id=\"5c2148a\" data-element_type=\"widget\" data-e-type=\"widget\" data-widget_type=\"heading.default\">\n\t\t\t\t<div class=\"elementor-widget-container\">\n\t\t\t\t\t<h2 class=\"elementor-heading-title elementor-size-default\">Vinification<\/h2>\t\t\t\t<\/div>\n\t\t\t\t<\/div>\n\t\t\t\t<div class=\"elementor-element elementor-element-f24e5a7 elementor-widget elementor-widget-text-editor\" data-id=\"f24e5a7\" data-element_type=\"widget\" data-e-type=\"widget\" data-widget_type=\"text-editor.default\">\n\t\t\t\t<div class=\"elementor-widget-container\">\n\t\t\t\t\t\t\t\t\t<p class=\"p1\">Ces vins ne sont g\u00e9n\u00e9ralement pas destin\u00e9s \u00e0 \u00eatre bus jeunes, car leurs tannins sont puissants et leur profil tr\u00e8s r\u00e9serv\u00e9 dans leur jeunesse.<br><br>Les mill\u00e9simes r\u00e9cents peuvent b\u00e9n\u00e9ficier d\u2019une d\u00e9cantation de 3 \u00e0 6 heures, permettant au vin de s\u2019assouplir et de lib\u00e9rer toute sa palette aromatique. <\/p><p class=\"p1\">Les vins affichent une robe profond\u00e9ment pourpre, un nez complexe m\u00ealant fruits rouges et noirs, \u00e9pices fines, et un palais ample, dense et harmonieux, avec une finale longue, \u00e9l\u00e9gante et savoureuse.<\/p>\t\t\t\t\t\t\t\t<\/div>\n\t\t\t\t<\/div>\n\t\t\t\t<div class=\"elementor-element elementor-element-7cae827 elementor-widget elementor-widget-heading\" data-id=\"7cae827\" data-element_type=\"widget\" data-e-type=\"widget\" data-widget_type=\"heading.default\">\n\t\t\t\t<div class=\"elementor-widget-container\">\n\t\t\t\t\t<h2 class=\"elementor-heading-title elementor-size-default\">D\u00e9gustation<\/h2>\t\t\t\t<\/div>\n\t\t\t\t<\/div>\n\t\t\t\t<div class=\"elementor-element elementor-element-bbc90bf elementor-widget elementor-widget-text-editor\" data-id=\"bbc90bf\" data-element_type=\"widget\" data-e-type=\"widget\" data-widget_type=\"text-editor.default\">\n\t\t\t\t<div class=\"elementor-widget-container\">\n\t\t\t\t\t\t\t\t\t<p class=\"p1\"><span class=\"s1\">Robe : Profonde, intense, pourpre avec des reflets violac\u00e9s.<br><br>Nez : Complexe et raffin\u00e9, marqu\u00e9 par des ar\u00f4mes de fruits rouges et noirs (cassis, cerise noire), subtilement rehauss\u00e9s par des notes \u00e9pic\u00e9es et toast\u00e9es.<br><br>Bouche : Ample, dense et structur\u00e9e, avec des tanins pr\u00e9sents mais \u00e9l\u00e9gants, parfaitement int\u00e9gr\u00e9s. La palette aromatique refl\u00e8te le nez, avec des touches de cacao, de tabac et de sous-bois.<br><br>Finale : Longue, harmonieuse, avec une min\u00e9ralit\u00e9 subtile et une \u00e9l\u00e9gante persistance, typique des grands Pauillac.   <\/span><\/p><p class=\"p1\"><span class=\"s1\">This is not a wine to drink on the young side, as usually far too tannic and reserved in its youth.<\/span> <br><span class=\"s1\">Young vintages can be <a href=\"https:\/\/www.thewinecellarinsider.com\/2012\/03\/decanting-wine-when-how-and-why-to-decant-wine\/\">decanted<\/a> for an average of 3-6 hours. This allows the wine to soften and open its perfume.  <\/span><\/p><p class=\"p1\"><span class=\"s1\">Conseil de service : Ouvrir 3 \u00e0 6 heures avant d\u00e9gustation. Servir \u00e0 16\u201318\u00b0C pour lib\u00e9rer toute la complexit\u00e9 du vin. <\/span>Cette plage de temp\u00e9rature permet \u00e0 ce grand vin d&rsquo;exprimer toute sa gamme d&rsquo;ar\u00f4mes et de saveurs.<\/p>\t\t\t\t\t\t\t\t<\/div>\n\t\t\t\t<\/div>\n\t\t\t\t\t<\/div>\n\t\t<\/div>\n\t\t\t\t\t<\/div>\n\t\t<\/section>\n\t\t\t\t<\/div>\n\t\t","protected":false},"excerpt":{"rendered":"<p>Achetez en ligne Ch\u00e2teau Lafite Rothschild 2011, l\u2019un des vins rouges les plus prestigieux, \u00e9l\u00e9gants et recherch\u00e9s au monde.<\/p>\n<p>Profitez d\u2019une livraison rapide et s\u00e9curis\u00e9e.<\/p>\n","protected":false},"featured_media":15632,"comment_status":"open","ping_status":"closed","template":"","meta":[],"product_brand":[],"product_cat":[134,132,133],"product_tag":[222,421,221,225,223,224],"class_list":{"0":"post-15638","1":"product","2":"type-product","3":"status-publish","4":"has-post-thumbnail","6":"product_cat-bordeaux-fr","7":"product_cat-grands-crus","8":"product_cat-vins-francais","9":"product_tag-bordeaux-fr","10":"product_tag-chateau-lafite-rothschild-fr","11":"product_tag-fine-wine-fr","12":"product_tag-grand-cru-classe-fr","13":"product_tag-medoc-fr","14":"product_tag-pauillac-fr","16":"first","17":"instock","18":"shipping-taxable","19":"purchasable","20":"product-type-simple"},"yoast_head":"<!-- This site is optimized with the Yoast SEO plugin v27.3 - https:\/\/yoast.com\/product\/yoast-seo-wordpress\/ -->\n<title>Ch\u00e2teau Lafite Rothschild 2011 - Vin Rouge - 1er GCC Pauillac<\/title>\n<meta name=\"description\" content=\"Achetez en ligne Ch\u00e2teau Lafite Rothschild 2011, l\u2019un des vins rouges les plus prestigieux, \u00e9l\u00e9gants et recherch\u00e9s au monde. Paiement s\u00e9curis\u00e9. Livraison internationale rapide.\" \/>\n<meta name=\"robots\" content=\"index, follow, max-snippet:-1, max-image-preview:large, max-video-preview:-1\" \/>\n<link rel=\"canonical\" href=\"https:\/\/maisontanase.com\/fr\/boutique\/vins-francais\/bordeaux-fr\/chateau-lafite-rothschild-2011\/\" \/>\n<meta property=\"og:locale\" content=\"fr_FR\" \/>\n<meta property=\"og:type\" content=\"article\" \/>\n<meta property=\"og:title\" content=\"Ch\u00e2teau Lafite Rothschild 2011 - Vin Rouge - 1er GCC Pauillac\" \/>\n<meta property=\"og:description\" content=\"Achetez en ligne Ch\u00e2teau Lafite Rothschild 2011, l\u2019un des vins rouges les plus prestigieux, \u00e9l\u00e9gants et recherch\u00e9s au monde.\" \/>\n<meta property=\"og:url\" content=\"https:\/\/maisontanase.com\/fr\/boutique\/vins-francais\/bordeaux-fr\/chateau-lafite-rothschild-2011\/\" \/>\n<meta property=\"og:site_name\" content=\"Maison Tanase\" \/>\n<meta property=\"article:modified_time\" content=\"2025-09-19T10:07:44+00:00\" \/>\n<meta property=\"og:image\" content=\"https:\/\/maisontanase.com\/wp-content\/uploads\/2022\/08\/Chateau-Lafite-Rothschild_Website_Maison-Tanase_Copyright.png\" \/>\n\t<meta property=\"og:image:width\" content=\"1000\" \/>\n\t<meta property=\"og:image:height\" content=\"1000\" \/>\n\t<meta property=\"og:image:type\" content=\"image\/png\" \/>\n<meta name=\"twitter:card\" content=\"summary_large_image\" \/>\n<meta name=\"twitter:title\" content=\"Ch\u00e2teau Lafite Rothschild 2011 - Vin Rouge - 1er GCC Pauillac\" \/>\n<meta name=\"twitter:description\" content=\"Achetez en ligne Ch\u00e2teau Lafite Rothschild 2011, l\u2019un des vins rouges les plus prestigieux, \u00e9l\u00e9gants et recherch\u00e9s au monde.\" \/>\n<meta name=\"twitter:image\" content=\"https:\/\/maisontanase.com\/wp-content\/uploads\/2022\/08\/Chateau-Lafite-Rothschild_Website_Maison-Tanase_Copyright.png\" \/>\n<meta name=\"twitter:label1\" content=\"Dur\u00e9e de lecture estim\u00e9e\" \/>\n\t<meta name=\"twitter:data1\" content=\"2 minutes\" \/>\n<script type=\"application\/ld+json\" class=\"yoast-schema-graph\">{\"@context\":\"https:\\\/\\\/schema.org\",\"@graph\":[{\"@type\":\"WebPage\",\"@id\":\"https:\\\/\\\/maisontanase.com\\\/fr\\\/boutique\\\/vins-francais\\\/bordeaux-fr\\\/chateau-lafite-rothschild-2011\\\/\",\"url\":\"https:\\\/\\\/maisontanase.com\\\/fr\\\/boutique\\\/vins-francais\\\/bordeaux-fr\\\/chateau-lafite-rothschild-2011\\\/\",\"name\":\"Ch\u00e2teau Lafite Rothschild 2011 - Vin Rouge - 1er GCC Pauillac\",\"isPartOf\":{\"@id\":\"https:\\\/\\\/maisontanase.com\\\/fr\\\/#website\"},\"primaryImageOfPage\":{\"@id\":\"https:\\\/\\\/maisontanase.com\\\/fr\\\/boutique\\\/vins-francais\\\/bordeaux-fr\\\/chateau-lafite-rothschild-2011\\\/#primaryimage\"},\"image\":{\"@id\":\"https:\\\/\\\/maisontanase.com\\\/fr\\\/boutique\\\/vins-francais\\\/bordeaux-fr\\\/chateau-lafite-rothschild-2011\\\/#primaryimage\"},\"thumbnailUrl\":\"https:\\\/\\\/maisontanase.com\\\/wp-content\\\/uploads\\\/2022\\\/08\\\/Chateau-Lafite-Rothschild_Website_Maison-Tanase_Copyright.png\",\"datePublished\":\"2022-08-02T12:50:26+00:00\",\"dateModified\":\"2025-09-19T10:07:44+00:00\",\"description\":\"Achetez en ligne Ch\u00e2teau Lafite Rothschild 2011, l\u2019un des vins rouges les plus prestigieux, \u00e9l\u00e9gants et recherch\u00e9s au monde. Paiement s\u00e9curis\u00e9. Livraison internationale rapide.\",\"breadcrumb\":{\"@id\":\"https:\\\/\\\/maisontanase.com\\\/fr\\\/boutique\\\/vins-francais\\\/bordeaux-fr\\\/chateau-lafite-rothschild-2011\\\/#breadcrumb\"},\"inLanguage\":\"fr-FR\",\"potentialAction\":[{\"@type\":\"ReadAction\",\"target\":[\"https:\\\/\\\/maisontanase.com\\\/fr\\\/boutique\\\/vins-francais\\\/bordeaux-fr\\\/chateau-lafite-rothschild-2011\\\/\"]}]},{\"@type\":\"ImageObject\",\"inLanguage\":\"fr-FR\",\"@id\":\"https:\\\/\\\/maisontanase.com\\\/fr\\\/boutique\\\/vins-francais\\\/bordeaux-fr\\\/chateau-lafite-rothschild-2011\\\/#primaryimage\",\"url\":\"https:\\\/\\\/maisontanase.com\\\/wp-content\\\/uploads\\\/2022\\\/08\\\/Chateau-Lafite-Rothschild_Website_Maison-Tanase_Copyright.png\",\"contentUrl\":\"https:\\\/\\\/maisontanase.com\\\/wp-content\\\/uploads\\\/2022\\\/08\\\/Chateau-Lafite-Rothschild_Website_Maison-Tanase_Copyright.png\",\"width\":1000,\"height\":1000,\"caption\":\"Chateau Lafite Rothschild 2011_Maison Tanase_Acheter en ligne vin rouge de Bordeaux premier grand cru class\u00e9 de Pauillac\"},{\"@type\":\"BreadcrumbList\",\"@id\":\"https:\\\/\\\/maisontanase.com\\\/fr\\\/boutique\\\/vins-francais\\\/bordeaux-fr\\\/chateau-lafite-rothschild-2011\\\/#breadcrumb\",\"itemListElement\":[{\"@type\":\"ListItem\",\"position\":1,\"name\":\"Accueil\",\"item\":\"https:\\\/\\\/maisontanase.com\\\/fr\\\/\"},{\"@type\":\"ListItem\",\"position\":2,\"name\":\"Boutique\",\"item\":\"https:\\\/\\\/maisontanase.com\\\/fr\\\/boutique-en-ligne-maison-tanase\\\/\"},{\"@type\":\"ListItem\",\"position\":3,\"name\":\"Lafite Rothschild 2011 &#8211; 1er Grand Cru Class\u00e9 Pauillac &#8211; Rouge\"}]},{\"@type\":\"WebSite\",\"@id\":\"https:\\\/\\\/maisontanase.com\\\/fr\\\/#website\",\"url\":\"https:\\\/\\\/maisontanase.com\\\/fr\\\/\",\"name\":\"Maison Tanase\",\"description\":\"Based in Bordeaux, Maison Tanase is a family-run business that produces and sells high-quality wines and spirits. Welcome to our online shop.\",\"publisher\":{\"@id\":\"https:\\\/\\\/maisontanase.com\\\/fr\\\/#organization\"},\"potentialAction\":[{\"@type\":\"SearchAction\",\"target\":{\"@type\":\"EntryPoint\",\"urlTemplate\":\"https:\\\/\\\/maisontanase.com\\\/fr\\\/?s={search_term_string}\"},\"query-input\":{\"@type\":\"PropertyValueSpecification\",\"valueRequired\":true,\"valueName\":\"search_term_string\"}}],\"inLanguage\":\"fr-FR\"},{\"@type\":\"Organization\",\"@id\":\"https:\\\/\\\/maisontanase.com\\\/fr\\\/#organization\",\"name\":\"Maison Tanase\",\"url\":\"https:\\\/\\\/maisontanase.com\\\/fr\\\/\",\"logo\":{\"@type\":\"ImageObject\",\"inLanguage\":\"fr-FR\",\"@id\":\"https:\\\/\\\/maisontanase.com\\\/fr\\\/#\\\/schema\\\/logo\\\/image\\\/\",\"url\":\"https:\\\/\\\/maisontanase.com\\\/wp-content\\\/uploads\\\/2022\\\/05\\\/maison-tanase.jpg\",\"contentUrl\":\"https:\\\/\\\/maisontanase.com\\\/wp-content\\\/uploads\\\/2022\\\/05\\\/maison-tanase.jpg\",\"width\":1200,\"height\":630,\"caption\":\"Maison Tanase\"},\"image\":{\"@id\":\"https:\\\/\\\/maisontanase.com\\\/fr\\\/#\\\/schema\\\/logo\\\/image\\\/\"}}]}<\/script>\n<!-- \/ Yoast SEO plugin. -->","yoast_head_json":{"title":"Ch\u00e2teau Lafite Rothschild 2011 - Vin Rouge - 1er GCC Pauillac","description":"Achetez en ligne Ch\u00e2teau Lafite Rothschild 2011, l\u2019un des vins rouges les plus prestigieux, \u00e9l\u00e9gants et recherch\u00e9s au monde. Paiement s\u00e9curis\u00e9. Livraison internationale rapide.","robots":{"index":"index","follow":"follow","max-snippet":"max-snippet:-1","max-image-preview":"max-image-preview:large","max-video-preview":"max-video-preview:-1"},"canonical":"https:\/\/maisontanase.com\/fr\/boutique\/vins-francais\/bordeaux-fr\/chateau-lafite-rothschild-2011\/","og_locale":"fr_FR","og_type":"article","og_title":"Ch\u00e2teau Lafite Rothschild 2011 - Vin Rouge - 1er GCC Pauillac","og_description":"Achetez en ligne Ch\u00e2teau Lafite Rothschild 2011, l\u2019un des vins rouges les plus prestigieux, \u00e9l\u00e9gants et recherch\u00e9s au monde.","og_url":"https:\/\/maisontanase.com\/fr\/boutique\/vins-francais\/bordeaux-fr\/chateau-lafite-rothschild-2011\/","og_site_name":"Maison Tanase","article_modified_time":"2025-09-19T10:07:44+00:00","og_image":[{"width":1000,"height":1000,"url":"https:\/\/maisontanase.com\/wp-content\/uploads\/2022\/08\/Chateau-Lafite-Rothschild_Website_Maison-Tanase_Copyright.png","type":"image\/png"}],"twitter_card":"summary_large_image","twitter_title":"Ch\u00e2teau Lafite Rothschild 2011 - Vin Rouge - 1er GCC Pauillac","twitter_description":"Achetez en ligne Ch\u00e2teau Lafite Rothschild 2011, l\u2019un des vins rouges les plus prestigieux, \u00e9l\u00e9gants et recherch\u00e9s au monde.","twitter_image":"https:\/\/maisontanase.com\/wp-content\/uploads\/2022\/08\/Chateau-Lafite-Rothschild_Website_Maison-Tanase_Copyright.png","twitter_misc":{"Dur\u00e9e de lecture estim\u00e9e":"2 minutes"},"schema":{"@context":"https:\/\/schema.org","@graph":[{"@type":"WebPage","@id":"https:\/\/maisontanase.com\/fr\/boutique\/vins-francais\/bordeaux-fr\/chateau-lafite-rothschild-2011\/","url":"https:\/\/maisontanase.com\/fr\/boutique\/vins-francais\/bordeaux-fr\/chateau-lafite-rothschild-2011\/","name":"Ch\u00e2teau Lafite Rothschild 2011 - Vin Rouge - 1er GCC Pauillac","isPartOf":{"@id":"https:\/\/maisontanase.com\/fr\/#website"},"primaryImageOfPage":{"@id":"https:\/\/maisontanase.com\/fr\/boutique\/vins-francais\/bordeaux-fr\/chateau-lafite-rothschild-2011\/#primaryimage"},"image":{"@id":"https:\/\/maisontanase.com\/fr\/boutique\/vins-francais\/bordeaux-fr\/chateau-lafite-rothschild-2011\/#primaryimage"},"thumbnailUrl":"https:\/\/maisontanase.com\/wp-content\/uploads\/2022\/08\/Chateau-Lafite-Rothschild_Website_Maison-Tanase_Copyright.png","datePublished":"2022-08-02T12:50:26+00:00","dateModified":"2025-09-19T10:07:44+00:00","description":"Achetez en ligne Ch\u00e2teau Lafite Rothschild 2011, l\u2019un des vins rouges les plus prestigieux, \u00e9l\u00e9gants et recherch\u00e9s au monde. Paiement s\u00e9curis\u00e9. Livraison internationale rapide.","breadcrumb":{"@id":"https:\/\/maisontanase.com\/fr\/boutique\/vins-francais\/bordeaux-fr\/chateau-lafite-rothschild-2011\/#breadcrumb"},"inLanguage":"fr-FR","potentialAction":[{"@type":"ReadAction","target":["https:\/\/maisontanase.com\/fr\/boutique\/vins-francais\/bordeaux-fr\/chateau-lafite-rothschild-2011\/"]}]},{"@type":"ImageObject","inLanguage":"fr-FR","@id":"https:\/\/maisontanase.com\/fr\/boutique\/vins-francais\/bordeaux-fr\/chateau-lafite-rothschild-2011\/#primaryimage","url":"https:\/\/maisontanase.com\/wp-content\/uploads\/2022\/08\/Chateau-Lafite-Rothschild_Website_Maison-Tanase_Copyright.png","contentUrl":"https:\/\/maisontanase.com\/wp-content\/uploads\/2022\/08\/Chateau-Lafite-Rothschild_Website_Maison-Tanase_Copyright.png","width":1000,"height":1000,"caption":"Chateau Lafite Rothschild 2011_Maison Tanase_Acheter en ligne vin rouge de Bordeaux premier grand cru class\u00e9 de Pauillac"},{"@type":"BreadcrumbList","@id":"https:\/\/maisontanase.com\/fr\/boutique\/vins-francais\/bordeaux-fr\/chateau-lafite-rothschild-2011\/#breadcrumb","itemListElement":[{"@type":"ListItem","position":1,"name":"Accueil","item":"https:\/\/maisontanase.com\/fr\/"},{"@type":"ListItem","position":2,"name":"Boutique","item":"https:\/\/maisontanase.com\/fr\/boutique-en-ligne-maison-tanase\/"},{"@type":"ListItem","position":3,"name":"Lafite Rothschild 2011 &#8211; 1er Grand Cru Class\u00e9 Pauillac &#8211; Rouge"}]},{"@type":"WebSite","@id":"https:\/\/maisontanase.com\/fr\/#website","url":"https:\/\/maisontanase.com\/fr\/","name":"Maison Tanase","description":"Based in Bordeaux, Maison Tanase is a family-run business that produces and sells high-quality wines and spirits. Welcome to our online shop.","publisher":{"@id":"https:\/\/maisontanase.com\/fr\/#organization"},"potentialAction":[{"@type":"SearchAction","target":{"@type":"EntryPoint","urlTemplate":"https:\/\/maisontanase.com\/fr\/?s={search_term_string}"},"query-input":{"@type":"PropertyValueSpecification","valueRequired":true,"valueName":"search_term_string"}}],"inLanguage":"fr-FR"},{"@type":"Organization","@id":"https:\/\/maisontanase.com\/fr\/#organization","name":"Maison Tanase","url":"https:\/\/maisontanase.com\/fr\/","logo":{"@type":"ImageObject","inLanguage":"fr-FR","@id":"https:\/\/maisontanase.com\/fr\/#\/schema\/logo\/image\/","url":"https:\/\/maisontanase.com\/wp-content\/uploads\/2022\/05\/maison-tanase.jpg","contentUrl":"https:\/\/maisontanase.com\/wp-content\/uploads\/2022\/05\/maison-tanase.jpg","width":1200,"height":630,"caption":"Maison Tanase"},"image":{"@id":"https:\/\/maisontanase.com\/fr\/#\/schema\/logo\/image\/"}}]}},"_links":{"self":[{"href":"https:\/\/maisontanase.com\/fr\/wp-json\/wp\/v2\/product\/15638","targetHints":{"allow":["GET"]}}],"collection":[{"href":"https:\/\/maisontanase.com\/fr\/wp-json\/wp\/v2\/product"}],"about":[{"href":"https:\/\/maisontanase.com\/fr\/wp-json\/wp\/v2\/types\/product"}],"replies":[{"embeddable":true,"href":"https:\/\/maisontanase.com\/fr\/wp-json\/wp\/v2\/comments?post=15638"}],"version-history":[{"count":19,"href":"https:\/\/maisontanase.com\/fr\/wp-json\/wp\/v2\/product\/15638\/revisions"}],"predecessor-version":[{"id":19128,"href":"https:\/\/maisontanase.com\/fr\/wp-json\/wp\/v2\/product\/15638\/revisions\/19128"}],"wp:featuredmedia":[{"embeddable":true,"href":"https:\/\/maisontanase.com\/fr\/wp-json\/wp\/v2\/media\/15632"}],"wp:attachment":[{"href":"https:\/\/maisontanase.com\/fr\/wp-json\/wp\/v2\/media?parent=15638"}],"wp:term":[{"taxonomy":"product_brand","embeddable":true,"href":"https:\/\/maisontanase.com\/fr\/wp-json\/wp\/v2\/product_brand?post=15638"},{"taxonomy":"product_cat","embeddable":true,"href":"https:\/\/maisontanase.com\/fr\/wp-json\/wp\/v2\/product_cat?post=15638"},{"taxonomy":"product_tag","embeddable":true,"href":"https:\/\/maisontanase.com\/fr\/wp-json\/wp\/v2\/product_tag?post=15638"}],"curies":[{"name":"wp","href":"https:\/\/api.w.org\/{rel}","templated":true}]}}