
{"id":15335,"date":"2022-05-23T18:53:36","date_gmt":"2022-05-23T16:53:36","guid":{"rendered":"https:\/\/maisontanase.com\/?post_type=product&#038;p=15335"},"modified":"2025-12-18T15:19:44","modified_gmt":"2025-12-18T14:19:44","slug":"rose-de-purcari","status":"publish","type":"product","link":"https:\/\/maisontanase.com\/fr\/boutique\/vins-du-monde\/achetez-en-ligne-vin-de-moldavie\/rose-de-purcari\/","title":{"rendered":"Ros\u00e9 de Purcari 2024 &#8211; Moldavie &#8211; Ros\u00e9"},"content":{"rendered":"\t\t<div data-elementor-type=\"wp-post\" data-elementor-id=\"15335\" class=\"elementor elementor-15335 elementor-15334\">\n\t\t\t\t\t\t<section class=\"elementor-section elementor-top-section elementor-element elementor-element-dfcbcc4 elementor-section-boxed elementor-section-height-default elementor-section-height-default\" data-id=\"dfcbcc4\" data-element_type=\"section\" data-e-type=\"section\" data-settings=\"{&quot;pix_scale_in&quot;:&quot;none&quot;}\">\n\t\t\t\t\t\t<div class=\"elementor-container elementor-column-gap-default\">\n\t\t\t\t\t<div class=\"elementor-column elementor-col-100 elementor-top-column elementor-element elementor-element-f0839c7\" data-id=\"f0839c7\" data-element_type=\"column\" data-e-type=\"column\" data-settings=\"{&quot;pix_scale_in&quot;:&quot;none&quot;}\">\n\t\t\t<div class=\"elementor-widget-wrap elementor-element-populated\">\n\t\t\t\t\t\t<div class=\"elementor-element elementor-element-121adfd elementor-widget elementor-widget-text-editor\" data-id=\"121adfd\" data-element_type=\"widget\" data-e-type=\"widget\" data-widget_type=\"text-editor.default\">\n\t\t\t\t<div class=\"elementor-widget-container\">\n\t\t\t\t\t\t\t\t\t<p><strong>Commandez le Ros\u00e9 de Purcari en ligne <\/strong>\u2013 ce <strong>vin ros\u00e9 moldave frais et \u00e9l\u00e9gant<\/strong> combine notes florales et fruit\u00e9es et un assemblage parfait de Cabernet-Sauvignon, Merlot et <strong>Rara Neagr\u0103.<\/strong><\/p><p>Avec ses ar\u00f4mes d\u00e9licats de fruits rouges et une acidit\u00e9 rafraichissante, <strong>il accompagne parfaitement vos ap\u00e9ritifs, repas l\u00e9gers ou moments festifs.<\/strong><\/p>\t\t\t\t\t\t\t\t<\/div>\n\t\t\t\t<\/div>\n\t\t\t\t<div class=\"elementor-element elementor-element-a9fd3c9 elementor-widget elementor-widget-heading\" data-id=\"a9fd3c9\" data-element_type=\"widget\" data-e-type=\"widget\" data-widget_type=\"heading.default\">\n\t\t\t\t<div class=\"elementor-widget-container\">\n\t\t\t\t\t<h2 class=\"elementor-heading-title elementor-size-default\">Histoire<\/h2>\t\t\t\t<\/div>\n\t\t\t\t<\/div>\n\t\t\t\t<div class=\"elementor-element elementor-element-f4eeb0a elementor-widget elementor-widget-text-editor\" data-id=\"f4eeb0a\" data-element_type=\"widget\" data-e-type=\"widget\" data-widget_type=\"text-editor.default\">\n\t\t\t\t<div class=\"elementor-widget-container\">\n\t\t\t\t\t\t\t\t\t<p>Purcari <span class=\"s1\"><strong>est leader dans la production de vins premium en Moldavie.<\/strong> <\/span><\/p><p class=\"p1\"><span class=\"s1\"><strong>Chaque ann\u00e9e, Purcari remporte des centaines de m\u00e9dailles lors de concours internationaux<\/strong> tels que les <strong>Decanter World Wine Awards, le Challenge International du Vin, les Effervescents du Monde<\/strong> et d\u2019autres comp\u00e9titions de renomm\u00e9e mondiale. <\/span><\/p><p class=\"p1\"><span class=\"s1\">Toutes ces distinctions font de <strong>Purcari <\/strong>le <strong>domaine viticole le plus r\u00e9compens\u00e9 d\u2019Europe centrale et orientale, une v\u00e9ritable r\u00e9f\u00e9rence du vin moldave.<\/strong><\/span><\/p>\t\t\t\t\t\t\t\t<\/div>\n\t\t\t\t<\/div>\n\t\t\t\t<div class=\"elementor-element elementor-element-e53be77 elementor-widget elementor-widget-heading\" data-id=\"e53be77\" data-element_type=\"widget\" data-e-type=\"widget\" data-widget_type=\"heading.default\">\n\t\t\t\t<div class=\"elementor-widget-container\">\n\t\t\t\t\t<h2 class=\"elementor-heading-title elementor-size-default\">Viticulture<\/h2>\t\t\t\t<\/div>\n\t\t\t\t<\/div>\n\t\t\t\t<div class=\"elementor-element elementor-element-e022eb5 elementor-widget elementor-widget-text-editor\" data-id=\"e022eb5\" data-element_type=\"widget\" data-e-type=\"widget\" data-widget_type=\"text-editor.default\">\n\t\t\t\t<div class=\"elementor-widget-container\">\n\t\t\t\t\t\t\t\t\t<p>Une <strong>viticulture raisonn\u00e9e dans le respect de l&rsquo;environnement<\/strong> et des cycles naturels du terroir et de la vigne.<\/p>\t\t\t\t\t\t\t\t<\/div>\n\t\t\t\t<\/div>\n\t\t\t\t<div class=\"elementor-element elementor-element-5c2148a elementor-widget elementor-widget-heading\" data-id=\"5c2148a\" data-element_type=\"widget\" data-e-type=\"widget\" data-widget_type=\"heading.default\">\n\t\t\t\t<div class=\"elementor-widget-container\">\n\t\t\t\t\t<h2 class=\"elementor-heading-title elementor-size-default\">Vinification<\/h2>\t\t\t\t<\/div>\n\t\t\t\t<\/div>\n\t\t\t\t<div class=\"elementor-element elementor-element-f24e5a7 elementor-widget elementor-widget-text-editor\" data-id=\"f24e5a7\" data-element_type=\"widget\" data-e-type=\"widget\" data-widget_type=\"text-editor.default\">\n\t\t\t\t<div class=\"elementor-widget-container\">\n\t\t\t\t\t\t\t\t\t<p class=\"p1\"><span class=\"s1\">Fait avec<b> 60% Cabernet-Sauvignon, 30% Merlot, 10% Rara Neagr\u0103. <\/b> <\/span><\/p><p class=\"p1\"><span class=\"s2\">Les raisins proviennent des vignobles du domaine situ\u00e9s pr\u00e8s de <span style=\"text-decoration: underline;\">la mer Noire, dont l\u2019influence rafra\u00eechissante pr\u00e9serve les ar\u00f4mes et la fra\u00eecheur de ce ros\u00e9.<\/span> Les vendanges sont r\u00e9alis\u00e9es exclusivement \u00e0 la main.<\/span><\/p>\t\t\t\t\t\t\t\t<\/div>\n\t\t\t\t<\/div>\n\t\t\t\t<div class=\"elementor-element elementor-element-7cae827 elementor-widget elementor-widget-heading\" data-id=\"7cae827\" data-element_type=\"widget\" data-e-type=\"widget\" data-widget_type=\"heading.default\">\n\t\t\t\t<div class=\"elementor-widget-container\">\n\t\t\t\t\t<h2 class=\"elementor-heading-title elementor-size-default\">D\u00e9gustation<\/h2>\t\t\t\t<\/div>\n\t\t\t\t<\/div>\n\t\t\t\t<div class=\"elementor-element elementor-element-bbc90bf elementor-widget elementor-widget-text-editor\" data-id=\"bbc90bf\" data-element_type=\"widget\" data-e-type=\"widget\" data-widget_type=\"text-editor.default\">\n\t\t\t\t<div class=\"elementor-widget-container\">\n\t\t\t\t\t\t\t\t\t<p data-start=\"154\" data-end=\"419\">Le <strong>Ros\u00e9 de Purcari <\/strong>est un <strong data-start=\"175\" data-end=\"214\">vin ros\u00e9 sec et \u00e9l\u00e9gant de Moldavie<\/strong>, <strong data-start=\"291\" data-end=\"312\">\u00e9labor\u00e9 selon des m\u00e9thodes traditionnelles pour garantir fra\u00eecheur et \u00e9quilibre. <\/strong>Sa robe rose \u00e9clatante s\u2019ouvre sur de d\u00e9licats ar\u00f4mes de fruits rouges et exotiques, offrant un nez <strong data-start=\"343\" data-end=\"376\">vibrant et s\u00e9duisant.<\/strong> <\/p><p data-start=\"421\" data-end=\"766\">En bouche, ce ros\u00e9 d\u00e9voile des <strong data-start=\"464\" data-end=\"514\">notes d\u2019abricot, de p\u00eache juteuse, de cassis et de baies sauvages<\/strong>, \u00e9voluant vers une longue finale marqu\u00e9e par des touches de groseille. <strong data-start=\"592\" data-end=\"626\">Rafraichissant, floral et fruit\u00e9<\/strong>, il s\u00e9duit par sa texture soyeuse, son acidit\u00e9 vive et sa longueur remarquable. <strong data-start=\"691\" data-end=\"721\">\u00c0 la fois l\u00e9ger et g\u00e9n\u00e9reux, c\u2019est un ros\u00e9 captivant et facile \u00e0 d\u00e9guster.<\/strong>  <\/p><p data-start=\"768\" data-end=\"951\"><strong data-start=\"768\" data-end=\"785\">Accords mets-vin :<\/strong> id\u00e9al avec des tapas, la cuisine m\u00e9diterran\u00e9enne, les poissons grill\u00e9s, les fruits de mer ainsi que les fromages affin\u00e9s ou frais. <br data-start=\"886\" data-end=\"889\"><strong data-start=\"889\" data-end=\"913\">Temp\u00e9rature de service :<\/strong> \u00e0 d\u00e9guster bien frais entre <strong data-start=\"937\" data-end=\"948\">10 et 12\u00b0C.<\/strong><\/p>\t\t\t\t\t\t\t\t<\/div>\n\t\t\t\t<\/div>\n\t\t\t\t<div class=\"elementor-element elementor-element-dcfdf0c elementor-widget elementor-widget-pix-button\" data-id=\"dcfdf0c\" data-element_type=\"widget\" data-e-type=\"widget\" data-widget_type=\"pix-button.default\">\n\t\t\t\t<div class=\"elementor-widget-container\">\n\t\t\t\t\t<a  href=\"https:\/\/maisontanase.com\/wp-content\/uploads\/2022\/06\/PURCARI-ROSE\u0301-ROSE\u0301-DRY-WINE-MOLDAVIE-PAR-MAISON-TANASE.pdf\" class=\"btn m-0      btn-primary d-inline-flex align-items-center     btn-rounded btn-md\" target=\"_blank\" rel=\"noopener\"    ><svg class=\"pixfort-icon font-weight-bold   mr-2\" width=\"24\" height=\"24\"  data-name=\"Line\/pixfort-icon-file-duplicate-1\" viewBox=\"2 2 20 20\"><path fill=\"none\" stroke=\"var(--pf-icon-color)\" stroke-linecap=\"round\" stroke-linejoin=\"round\" stroke-width=\"var(--pf-icon-stroke-width)\" d=\"M6,7 L8.87278686,7 L8.87278686,7 C10.9175556,8.48800639 13.4920457,10.7686601 15,12.6534785 L15,19 C15,20.1045695 14.1045695,21 13,21 L6,21 C4.8954305,21 4,20.1045695 4,19 L4,9 C4,7.8954305 4.8954305,7 6,7 Z M8.65864051,7 L8.65864051,10.0721415 C8.65864051,11.6759765 9.95880559,12.9761415 11.5626405,12.9761415 L15,12.9761415 L15,12.9761415 M9,7.07720315 L9,5 C9,3.8954305 9.8954305,3 11,3 L13.8727869,3 C15.9175556,4.48800639 18.4920457,6.76866015 20,8.65347855 L20,15 C20,16.1045695 19.1045695,17 18,17 L15,17 M13.6586405,3 L13.6586405,6.07214154 C13.6586405,7.67597645 14.9588056,8.97614154 16.5626405,8.97614154 L20,8.97614154 L20,8.97614154\"\/><\/svg><span class=\"font-weight-bold \" >Voir la fiche technique<\/span><\/a>\t\t\t\t<\/div>\n\t\t\t\t<\/div>\n\t\t\t\t\t<\/div>\n\t\t<\/div>\n\t\t\t\t\t<\/div>\n\t\t<\/section>\n\t\t\t\t<\/div>\n\t\t","protected":false},"excerpt":{"rendered":"<p><strong>Commandez en ligne le Ros\u00e9 de Purcari <\/strong>\u2013 un <strong>vin ros\u00e9 d\u2019exception de Moldavie<\/strong>, frais, floral et fruit\u00e9, \u00e9labor\u00e9 \u00e0 partir de 60 % Cabernet Sauvignon, 30 % Merlot et <strong>10 % Rara Neagr\u0103.<\/strong> <\/p>\n<p>Profitez d\u2019un paiement 100 % s\u00e9curis\u00e9 et d\u2019une livraison rapide pour savourer l\u2019<strong>un des meilleurs ros\u00e9s moldaves<\/strong> \u2013 <strong>id\u00e9al aussi bien pour vos moments festifs que pour vos instants du quotidien.<\/strong><\/p>\n","protected":false},"featured_media":15337,"comment_status":"open","ping_status":"closed","template":"","meta":[],"product_brand":[],"product_cat":[145,144],"product_tag":[346,422,315],"class_list":{"0":"post-15335","1":"product","2":"type-product","3":"status-publish","4":"has-post-thumbnail","6":"product_cat-achetez-en-ligne-vin-de-moldavie","7":"product_cat-vins-du-monde","8":"product_tag-purcari-fr-2","9":"product_tag-rose-fr-2","10":"product_tag-vin-de-moldavie","12":"first","13":"instock","14":"shipping-taxable","15":"purchasable","16":"product-type-simple"},"yoast_head":"<!-- This site is optimized with the Yoast SEO plugin v27.3 - https:\/\/yoast.com\/product\/yoast-seo-wordpress\/ -->\n<title>Ros\u00e9 de Purcari - Vin Blanc Sec - Moldavie - Maison Tanase<\/title>\n<meta name=\"description\" content=\"Commandez en ligne le Ros\u00e9 de Purcari \u2013 un vin ros\u00e9 moldave frais, floral et fruit\u00e9. Livraison rapide et paiement s\u00e9curis\u00e9. Parfait pour toutes vos occasions.\" \/>\n<meta name=\"robots\" content=\"index, follow, max-snippet:-1, max-image-preview:large, max-video-preview:-1\" \/>\n<link rel=\"canonical\" href=\"https:\/\/maisontanase.com\/fr\/boutique\/vins-du-monde\/achetez-en-ligne-vin-de-moldavie\/rose-de-purcari\/\" \/>\n<meta property=\"og:locale\" content=\"fr_FR\" \/>\n<meta property=\"og:type\" content=\"article\" \/>\n<meta property=\"og:title\" content=\"Ros\u00e9 de Purcari - Vin Blanc Sec - Moldavie - Maison Tanase\" \/>\n<meta property=\"og:description\" content=\"Commandez en ligne le Ros\u00e9 de Purcari \u2013 un vin ros\u00e9 moldave frais, floral et fruit\u00e9. Livraison rapide et paiement s\u00e9curis\u00e9. Parfait pour toutes vos occasions.\" \/>\n<meta property=\"og:url\" content=\"https:\/\/maisontanase.com\/fr\/boutique\/vins-du-monde\/achetez-en-ligne-vin-de-moldavie\/rose-de-purcari\/\" \/>\n<meta property=\"og:site_name\" content=\"Maison Tanase\" \/>\n<meta property=\"article:modified_time\" content=\"2025-12-18T14:19:44+00:00\" \/>\n<meta property=\"og:image\" content=\"https:\/\/maisontanase.com\/wp-content\/uploads\/2022\/05\/1-Rose\u0301-de-Purcari-by-Maison-Tanase-1000x1000px_Copyright.jpg\" \/>\n\t<meta property=\"og:image:width\" content=\"1000\" \/>\n\t<meta property=\"og:image:height\" content=\"1000\" \/>\n\t<meta property=\"og:image:type\" content=\"image\/jpeg\" \/>\n<meta name=\"twitter:card\" content=\"summary_large_image\" \/>\n<meta name=\"twitter:title\" content=\"Ros\u00e9 de Purcari - Vin Blanc Sec - Moldavie - Maison Tanase\" \/>\n<meta name=\"twitter:description\" content=\"Commandez en ligne le Ros\u00e9 de Purcari \u2013 un vin ros\u00e9 moldave frais, floral et fruit\u00e9. Livraison rapide et paiement s\u00e9curis\u00e9. Parfait pour toutes vos occasions.\" \/>\n<meta name=\"twitter:image\" content=\"https:\/\/maisontanase.com\/wp-content\/uploads\/2022\/05\/1-Rose\u0301-de-Purcari-by-Maison-Tanase-1000x1000px_Copyright.jpg\" \/>\n<meta name=\"twitter:label1\" content=\"Dur\u00e9e de lecture estim\u00e9e\" \/>\n\t<meta name=\"twitter:data1\" content=\"2 minutes\" \/>\n<script type=\"application\/ld+json\" class=\"yoast-schema-graph\">{\"@context\":\"https:\\\/\\\/schema.org\",\"@graph\":[{\"@type\":\"WebPage\",\"@id\":\"https:\\\/\\\/maisontanase.com\\\/fr\\\/boutique\\\/vins-du-monde\\\/achetez-en-ligne-vin-de-moldavie\\\/rose-de-purcari\\\/\",\"url\":\"https:\\\/\\\/maisontanase.com\\\/fr\\\/boutique\\\/vins-du-monde\\\/achetez-en-ligne-vin-de-moldavie\\\/rose-de-purcari\\\/\",\"name\":\"Ros\u00e9 de Purcari - Vin Blanc Sec - Moldavie - Maison Tanase\",\"isPartOf\":{\"@id\":\"https:\\\/\\\/maisontanase.com\\\/fr\\\/#website\"},\"primaryImageOfPage\":{\"@id\":\"https:\\\/\\\/maisontanase.com\\\/fr\\\/boutique\\\/vins-du-monde\\\/achetez-en-ligne-vin-de-moldavie\\\/rose-de-purcari\\\/#primaryimage\"},\"image\":{\"@id\":\"https:\\\/\\\/maisontanase.com\\\/fr\\\/boutique\\\/vins-du-monde\\\/achetez-en-ligne-vin-de-moldavie\\\/rose-de-purcari\\\/#primaryimage\"},\"thumbnailUrl\":\"https:\\\/\\\/maisontanase.com\\\/wp-content\\\/uploads\\\/2022\\\/05\\\/1-Rose\u0301-de-Purcari-by-Maison-Tanase-1000x1000px_Copyright.jpg\",\"datePublished\":\"2022-05-23T16:53:36+00:00\",\"dateModified\":\"2025-12-18T14:19:44+00:00\",\"description\":\"Commandez en ligne le Ros\u00e9 de Purcari \u2013 un vin ros\u00e9 moldave frais, floral et fruit\u00e9. Livraison rapide et paiement s\u00e9curis\u00e9. Parfait pour toutes vos occasions.\",\"breadcrumb\":{\"@id\":\"https:\\\/\\\/maisontanase.com\\\/fr\\\/boutique\\\/vins-du-monde\\\/achetez-en-ligne-vin-de-moldavie\\\/rose-de-purcari\\\/#breadcrumb\"},\"inLanguage\":\"fr-FR\",\"potentialAction\":[{\"@type\":\"ReadAction\",\"target\":[\"https:\\\/\\\/maisontanase.com\\\/fr\\\/boutique\\\/vins-du-monde\\\/achetez-en-ligne-vin-de-moldavie\\\/rose-de-purcari\\\/\"]}]},{\"@type\":\"ImageObject\",\"inLanguage\":\"fr-FR\",\"@id\":\"https:\\\/\\\/maisontanase.com\\\/fr\\\/boutique\\\/vins-du-monde\\\/achetez-en-ligne-vin-de-moldavie\\\/rose-de-purcari\\\/#primaryimage\",\"url\":\"https:\\\/\\\/maisontanase.com\\\/wp-content\\\/uploads\\\/2022\\\/05\\\/1-Rose\u0301-de-Purcari-by-Maison-Tanase-1000x1000px_Copyright.jpg\",\"contentUrl\":\"https:\\\/\\\/maisontanase.com\\\/wp-content\\\/uploads\\\/2022\\\/05\\\/1-Rose\u0301-de-Purcari-by-Maison-Tanase-1000x1000px_Copyright.jpg\",\"width\":1000,\"height\":1000,\"caption\":\"Acheter en ligne vin ros\u00e9 de Moldavie Ros\u00e9 de Purcari par Maison Tanase\"},{\"@type\":\"BreadcrumbList\",\"@id\":\"https:\\\/\\\/maisontanase.com\\\/fr\\\/boutique\\\/vins-du-monde\\\/achetez-en-ligne-vin-de-moldavie\\\/rose-de-purcari\\\/#breadcrumb\",\"itemListElement\":[{\"@type\":\"ListItem\",\"position\":1,\"name\":\"Accueil\",\"item\":\"https:\\\/\\\/maisontanase.com\\\/fr\\\/\"},{\"@type\":\"ListItem\",\"position\":2,\"name\":\"Boutique\",\"item\":\"https:\\\/\\\/maisontanase.com\\\/fr\\\/boutique-en-ligne-maison-tanase\\\/\"},{\"@type\":\"ListItem\",\"position\":3,\"name\":\"Ros\u00e9 de Purcari 2024 &#8211; Moldavie &#8211; Ros\u00e9\"}]},{\"@type\":\"WebSite\",\"@id\":\"https:\\\/\\\/maisontanase.com\\\/fr\\\/#website\",\"url\":\"https:\\\/\\\/maisontanase.com\\\/fr\\\/\",\"name\":\"Maison Tanase\",\"description\":\"Based in Bordeaux, Maison Tanase is a family-run business that produces and sells high-quality wines and spirits. Welcome to our online shop.\",\"publisher\":{\"@id\":\"https:\\\/\\\/maisontanase.com\\\/fr\\\/#organization\"},\"potentialAction\":[{\"@type\":\"SearchAction\",\"target\":{\"@type\":\"EntryPoint\",\"urlTemplate\":\"https:\\\/\\\/maisontanase.com\\\/fr\\\/?s={search_term_string}\"},\"query-input\":{\"@type\":\"PropertyValueSpecification\",\"valueRequired\":true,\"valueName\":\"search_term_string\"}}],\"inLanguage\":\"fr-FR\"},{\"@type\":\"Organization\",\"@id\":\"https:\\\/\\\/maisontanase.com\\\/fr\\\/#organization\",\"name\":\"Maison Tanase\",\"url\":\"https:\\\/\\\/maisontanase.com\\\/fr\\\/\",\"logo\":{\"@type\":\"ImageObject\",\"inLanguage\":\"fr-FR\",\"@id\":\"https:\\\/\\\/maisontanase.com\\\/fr\\\/#\\\/schema\\\/logo\\\/image\\\/\",\"url\":\"https:\\\/\\\/maisontanase.com\\\/wp-content\\\/uploads\\\/2022\\\/05\\\/maison-tanase.jpg\",\"contentUrl\":\"https:\\\/\\\/maisontanase.com\\\/wp-content\\\/uploads\\\/2022\\\/05\\\/maison-tanase.jpg\",\"width\":1200,\"height\":630,\"caption\":\"Maison Tanase\"},\"image\":{\"@id\":\"https:\\\/\\\/maisontanase.com\\\/fr\\\/#\\\/schema\\\/logo\\\/image\\\/\"}}]}<\/script>\n<!-- \/ Yoast SEO plugin. -->","yoast_head_json":{"title":"Ros\u00e9 de Purcari - Vin Blanc Sec - Moldavie - Maison Tanase","description":"Commandez en ligne le Ros\u00e9 de Purcari \u2013 un vin ros\u00e9 moldave frais, floral et fruit\u00e9. Livraison rapide et paiement s\u00e9curis\u00e9. Parfait pour toutes vos occasions.","robots":{"index":"index","follow":"follow","max-snippet":"max-snippet:-1","max-image-preview":"max-image-preview:large","max-video-preview":"max-video-preview:-1"},"canonical":"https:\/\/maisontanase.com\/fr\/boutique\/vins-du-monde\/achetez-en-ligne-vin-de-moldavie\/rose-de-purcari\/","og_locale":"fr_FR","og_type":"article","og_title":"Ros\u00e9 de Purcari - Vin Blanc Sec - Moldavie - Maison Tanase","og_description":"Commandez en ligne le Ros\u00e9 de Purcari \u2013 un vin ros\u00e9 moldave frais, floral et fruit\u00e9. Livraison rapide et paiement s\u00e9curis\u00e9. Parfait pour toutes vos occasions.","og_url":"https:\/\/maisontanase.com\/fr\/boutique\/vins-du-monde\/achetez-en-ligne-vin-de-moldavie\/rose-de-purcari\/","og_site_name":"Maison Tanase","article_modified_time":"2025-12-18T14:19:44+00:00","og_image":[{"width":1000,"height":1000,"url":"https:\/\/maisontanase.com\/wp-content\/uploads\/2022\/05\/1-Rose\u0301-de-Purcari-by-Maison-Tanase-1000x1000px_Copyright.jpg","type":"image\/jpeg"}],"twitter_card":"summary_large_image","twitter_title":"Ros\u00e9 de Purcari - Vin Blanc Sec - Moldavie - Maison Tanase","twitter_description":"Commandez en ligne le Ros\u00e9 de Purcari \u2013 un vin ros\u00e9 moldave frais, floral et fruit\u00e9. Livraison rapide et paiement s\u00e9curis\u00e9. Parfait pour toutes vos occasions.","twitter_image":"https:\/\/maisontanase.com\/wp-content\/uploads\/2022\/05\/1-Rose\u0301-de-Purcari-by-Maison-Tanase-1000x1000px_Copyright.jpg","twitter_misc":{"Dur\u00e9e de lecture estim\u00e9e":"2 minutes"},"schema":{"@context":"https:\/\/schema.org","@graph":[{"@type":"WebPage","@id":"https:\/\/maisontanase.com\/fr\/boutique\/vins-du-monde\/achetez-en-ligne-vin-de-moldavie\/rose-de-purcari\/","url":"https:\/\/maisontanase.com\/fr\/boutique\/vins-du-monde\/achetez-en-ligne-vin-de-moldavie\/rose-de-purcari\/","name":"Ros\u00e9 de Purcari - Vin Blanc Sec - Moldavie - Maison Tanase","isPartOf":{"@id":"https:\/\/maisontanase.com\/fr\/#website"},"primaryImageOfPage":{"@id":"https:\/\/maisontanase.com\/fr\/boutique\/vins-du-monde\/achetez-en-ligne-vin-de-moldavie\/rose-de-purcari\/#primaryimage"},"image":{"@id":"https:\/\/maisontanase.com\/fr\/boutique\/vins-du-monde\/achetez-en-ligne-vin-de-moldavie\/rose-de-purcari\/#primaryimage"},"thumbnailUrl":"https:\/\/maisontanase.com\/wp-content\/uploads\/2022\/05\/1-Rose\u0301-de-Purcari-by-Maison-Tanase-1000x1000px_Copyright.jpg","datePublished":"2022-05-23T16:53:36+00:00","dateModified":"2025-12-18T14:19:44+00:00","description":"Commandez en ligne le Ros\u00e9 de Purcari \u2013 un vin ros\u00e9 moldave frais, floral et fruit\u00e9. Livraison rapide et paiement s\u00e9curis\u00e9. Parfait pour toutes vos occasions.","breadcrumb":{"@id":"https:\/\/maisontanase.com\/fr\/boutique\/vins-du-monde\/achetez-en-ligne-vin-de-moldavie\/rose-de-purcari\/#breadcrumb"},"inLanguage":"fr-FR","potentialAction":[{"@type":"ReadAction","target":["https:\/\/maisontanase.com\/fr\/boutique\/vins-du-monde\/achetez-en-ligne-vin-de-moldavie\/rose-de-purcari\/"]}]},{"@type":"ImageObject","inLanguage":"fr-FR","@id":"https:\/\/maisontanase.com\/fr\/boutique\/vins-du-monde\/achetez-en-ligne-vin-de-moldavie\/rose-de-purcari\/#primaryimage","url":"https:\/\/maisontanase.com\/wp-content\/uploads\/2022\/05\/1-Rose\u0301-de-Purcari-by-Maison-Tanase-1000x1000px_Copyright.jpg","contentUrl":"https:\/\/maisontanase.com\/wp-content\/uploads\/2022\/05\/1-Rose\u0301-de-Purcari-by-Maison-Tanase-1000x1000px_Copyright.jpg","width":1000,"height":1000,"caption":"Acheter en ligne vin ros\u00e9 de Moldavie Ros\u00e9 de Purcari par Maison Tanase"},{"@type":"BreadcrumbList","@id":"https:\/\/maisontanase.com\/fr\/boutique\/vins-du-monde\/achetez-en-ligne-vin-de-moldavie\/rose-de-purcari\/#breadcrumb","itemListElement":[{"@type":"ListItem","position":1,"name":"Accueil","item":"https:\/\/maisontanase.com\/fr\/"},{"@type":"ListItem","position":2,"name":"Boutique","item":"https:\/\/maisontanase.com\/fr\/boutique-en-ligne-maison-tanase\/"},{"@type":"ListItem","position":3,"name":"Ros\u00e9 de Purcari 2024 &#8211; Moldavie &#8211; Ros\u00e9"}]},{"@type":"WebSite","@id":"https:\/\/maisontanase.com\/fr\/#website","url":"https:\/\/maisontanase.com\/fr\/","name":"Maison Tanase","description":"Based in Bordeaux, Maison Tanase is a family-run business that produces and sells high-quality wines and spirits. Welcome to our online shop.","publisher":{"@id":"https:\/\/maisontanase.com\/fr\/#organization"},"potentialAction":[{"@type":"SearchAction","target":{"@type":"EntryPoint","urlTemplate":"https:\/\/maisontanase.com\/fr\/?s={search_term_string}"},"query-input":{"@type":"PropertyValueSpecification","valueRequired":true,"valueName":"search_term_string"}}],"inLanguage":"fr-FR"},{"@type":"Organization","@id":"https:\/\/maisontanase.com\/fr\/#organization","name":"Maison Tanase","url":"https:\/\/maisontanase.com\/fr\/","logo":{"@type":"ImageObject","inLanguage":"fr-FR","@id":"https:\/\/maisontanase.com\/fr\/#\/schema\/logo\/image\/","url":"https:\/\/maisontanase.com\/wp-content\/uploads\/2022\/05\/maison-tanase.jpg","contentUrl":"https:\/\/maisontanase.com\/wp-content\/uploads\/2022\/05\/maison-tanase.jpg","width":1200,"height":630,"caption":"Maison Tanase"},"image":{"@id":"https:\/\/maisontanase.com\/fr\/#\/schema\/logo\/image\/"}}]}},"_links":{"self":[{"href":"https:\/\/maisontanase.com\/fr\/wp-json\/wp\/v2\/product\/15335","targetHints":{"allow":["GET"]}}],"collection":[{"href":"https:\/\/maisontanase.com\/fr\/wp-json\/wp\/v2\/product"}],"about":[{"href":"https:\/\/maisontanase.com\/fr\/wp-json\/wp\/v2\/types\/product"}],"replies":[{"embeddable":true,"href":"https:\/\/maisontanase.com\/fr\/wp-json\/wp\/v2\/comments?post=15335"}],"version-history":[{"count":24,"href":"https:\/\/maisontanase.com\/fr\/wp-json\/wp\/v2\/product\/15335\/revisions"}],"predecessor-version":[{"id":19142,"href":"https:\/\/maisontanase.com\/fr\/wp-json\/wp\/v2\/product\/15335\/revisions\/19142"}],"wp:featuredmedia":[{"embeddable":true,"href":"https:\/\/maisontanase.com\/fr\/wp-json\/wp\/v2\/media\/15337"}],"wp:attachment":[{"href":"https:\/\/maisontanase.com\/fr\/wp-json\/wp\/v2\/media?parent=15335"}],"wp:term":[{"taxonomy":"product_brand","embeddable":true,"href":"https:\/\/maisontanase.com\/fr\/wp-json\/wp\/v2\/product_brand?post=15335"},{"taxonomy":"product_cat","embeddable":true,"href":"https:\/\/maisontanase.com\/fr\/wp-json\/wp\/v2\/product_cat?post=15335"},{"taxonomy":"product_tag","embeddable":true,"href":"https:\/\/maisontanase.com\/fr\/wp-json\/wp\/v2\/product_tag?post=15335"}],"curies":[{"name":"wp","href":"https:\/\/api.w.org\/{rel}","templated":true}]}}