
{"id":15303,"date":"2022-05-23T18:27:06","date_gmt":"2022-05-23T16:27:06","guid":{"rendered":"https:\/\/maisontanase.com\/?post_type=product&#038;p=15303"},"modified":"2026-01-20T08:04:32","modified_gmt":"2026-01-20T07:04:32","slug":"chardonnay-de-purcari","status":"publish","type":"product","link":"https:\/\/maisontanase.com\/fr\/boutique\/vins-du-monde\/achetez-en-ligne-vin-de-moldavie\/chardonnay-de-purcari\/","title":{"rendered":"Chardonnay de Purcari 2024 &#8211; Moldavie &#8211; Blanc"},"content":{"rendered":"\t\t<div data-elementor-type=\"wp-post\" data-elementor-id=\"15303\" class=\"elementor elementor-15303 elementor-15302\">\n\t\t\t\t\t\t<section class=\"elementor-section elementor-top-section elementor-element elementor-element-dfcbcc4 elementor-section-boxed elementor-section-height-default elementor-section-height-default\" data-id=\"dfcbcc4\" data-element_type=\"section\" data-e-type=\"section\" data-settings=\"{&quot;pix_scale_in&quot;:&quot;none&quot;}\">\n\t\t\t\t\t\t<div class=\"elementor-container elementor-column-gap-default\">\n\t\t\t\t\t<div class=\"elementor-column elementor-col-100 elementor-top-column elementor-element elementor-element-f0839c7\" data-id=\"f0839c7\" data-element_type=\"column\" data-e-type=\"column\" data-settings=\"{&quot;pix_scale_in&quot;:&quot;none&quot;}\">\n\t\t\t<div class=\"elementor-widget-wrap elementor-element-populated\">\n\t\t\t\t\t\t<div class=\"elementor-element elementor-element-121adfd elementor-widget elementor-widget-text-editor\" data-id=\"121adfd\" data-element_type=\"widget\" data-e-type=\"widget\" data-widget_type=\"text-editor.default\">\n\t\t\t\t<div class=\"elementor-widget-container\">\n\t\t\t\t\t\t\t\t\t<p>Achetez en ligne Chardonnay de Purcari. Vin blanc sec.<\/p>\t\t\t\t\t\t\t\t<\/div>\n\t\t\t\t<\/div>\n\t\t\t\t<div class=\"elementor-element elementor-element-a9fd3c9 elementor-widget elementor-widget-heading\" data-id=\"a9fd3c9\" data-element_type=\"widget\" data-e-type=\"widget\" data-widget_type=\"heading.default\">\n\t\t\t\t<div class=\"elementor-widget-container\">\n\t\t\t\t\t<h2 class=\"elementor-heading-title elementor-size-default\">Histoire<\/h2>\t\t\t\t<\/div>\n\t\t\t\t<\/div>\n\t\t\t\t<div class=\"elementor-element elementor-element-f4eeb0a elementor-widget elementor-widget-text-editor\" data-id=\"f4eeb0a\" data-element_type=\"widget\" data-e-type=\"widget\" data-widget_type=\"text-editor.default\">\n\t\t\t\t<div class=\"elementor-widget-container\">\n\t\t\t\t\t\t\t\t\t<p>Le Ch\u00e2teau Purcari, situ\u00e9 dans la r\u00e9gion viticole \u00e9ponyme, est une v\u00e9ritable ic\u00f4ne du vin moldave. <span class=\"s1\">Leader dans la production de vins premium, <strong>le domaine est reconnu \u00e0 l\u2019international pour la qualit\u00e9 exceptionnelle de ses cuv\u00e9es.<\/strong> <\/span><\/p><p class=\"p1\"><span class=\"s1\">Rien qu\u2019en 2021, <strong>Purcari <\/strong>a remport\u00e9 <strong>plus de 333 m\u00e9dailles dans des concours prestigieux<\/strong> tels que le Decanter World Wine Awards, le Challenge International du Vin ou encore Effervescents du Monde. <\/span><\/p><p class=\"p1\"><span class=\"s1\">Ces distinctions font de <strong>Purcari <\/strong>le <strong>domaine le plus prim\u00e9 d\u2019Europe centrale et orientale<\/strong>, et l\u2019un des plus r\u00e9compens\u00e9s au monde.<\/span><\/p>\t\t\t\t\t\t\t\t<\/div>\n\t\t\t\t<\/div>\n\t\t\t\t<div class=\"elementor-element elementor-element-e53be77 elementor-widget elementor-widget-heading\" data-id=\"e53be77\" data-element_type=\"widget\" data-e-type=\"widget\" data-widget_type=\"heading.default\">\n\t\t\t\t<div class=\"elementor-widget-container\">\n\t\t\t\t\t<h2 class=\"elementor-heading-title elementor-size-default\">Viticulture<\/h2>\t\t\t\t<\/div>\n\t\t\t\t<\/div>\n\t\t\t\t<div class=\"elementor-element elementor-element-e022eb5 elementor-widget elementor-widget-text-editor\" data-id=\"e022eb5\" data-element_type=\"widget\" data-e-type=\"widget\" data-widget_type=\"text-editor.default\">\n\t\t\t\t<div class=\"elementor-widget-container\">\n\t\t\t\t\t\t\t\t\t<p>Une viticulture raisonn\u00e9e dans le respect de l&rsquo;environnement et des cycles naturels du terroir et de la vigne.<\/p>\t\t\t\t\t\t\t\t<\/div>\n\t\t\t\t<\/div>\n\t\t\t\t<div class=\"elementor-element elementor-element-5c2148a elementor-widget elementor-widget-heading\" data-id=\"5c2148a\" data-element_type=\"widget\" data-e-type=\"widget\" data-widget_type=\"heading.default\">\n\t\t\t\t<div class=\"elementor-widget-container\">\n\t\t\t\t\t<h2 class=\"elementor-heading-title elementor-size-default\">Vinification<\/h2>\t\t\t\t<\/div>\n\t\t\t\t<\/div>\n\t\t\t\t<div class=\"elementor-element elementor-element-f24e5a7 elementor-widget elementor-widget-text-editor\" data-id=\"f24e5a7\" data-element_type=\"widget\" data-e-type=\"widget\" data-widget_type=\"text-editor.default\">\n\t\t\t\t<div class=\"elementor-widget-container\">\n\t\t\t\t\t\t\t\t\t<p class=\"p1\"><span class=\"s1\">Ce vin est issu \u00e0 <b>100 % de Chardonnay<\/b>, vendang\u00e9 \u00e0 la main dans les vignobles du domaine situ\u00e9s \u00e0 proximit\u00e9 de la Mer Noire. <\/span><\/p><p class=\"p1\"><span class=\"s1\">L\u2019influence maritime conf\u00e8re aux raisins une fra\u00eecheur unique et permet de pr\u00e9server toute l\u2019expression aromatique du c\u00e9page.  <b><\/b><\/span><\/p><p class=\"p1\"><span class=\"s1\">\u00c9levage : <b>6 mois en f\u00fbts de ch\u00eane fran\u00e7ais<\/b>, apportant structure et \u00e9l\u00e9gance.<\/span><\/p>\t\t\t\t\t\t\t\t<\/div>\n\t\t\t\t<\/div>\n\t\t\t\t<div class=\"elementor-element elementor-element-7cae827 elementor-widget elementor-widget-heading\" data-id=\"7cae827\" data-element_type=\"widget\" data-e-type=\"widget\" data-widget_type=\"heading.default\">\n\t\t\t\t<div class=\"elementor-widget-container\">\n\t\t\t\t\t<h2 class=\"elementor-heading-title elementor-size-default\">D\u00e9gustation<\/h2>\t\t\t\t<\/div>\n\t\t\t\t<\/div>\n\t\t\t\t<div class=\"elementor-element elementor-element-bbc90bf elementor-widget elementor-widget-text-editor\" data-id=\"bbc90bf\" data-element_type=\"widget\" data-e-type=\"widget\" data-widget_type=\"text-editor.default\">\n\t\t\t\t<div class=\"elementor-widget-container\">\n\t\t\t\t\t\t\t\t\t<p class=\"p1\"><span class=\"s1\">Robe : jaune dor\u00e9 clair aux reflets ambr\u00e9s.<br>Nez : bouquet riche et harmonieux, domin\u00e9 par les fleurs blanches et les fruits exotiques.<br>Bouche : attaque fra\u00eeche et \u00e9quilibr\u00e9e, avec une belle complexit\u00e9 aromatique. <br>Notes de vanille et d\u2019amande, texture ronde et onctueuse, <strong>finale longue et \u00e9l\u00e9gante.<\/strong>  <\/span><\/p><p class=\"p1\"><span class=\"s1\">La bouche s\u00e9duit par sa complexit\u00e9 et sa fra\u00eecheur captivante. L\u2019acidit\u00e9 parfaitement \u00e9quilibr\u00e9e met en valeur de d\u00e9licates notes de vanille et d\u2019amande. Ample, rond et harmonieux, ce Chardonnay offre une magnifique longueur en bouche, digne des grands vins blancs. <\/span><\/p><p class=\"p1\"><span class=\"s1\"><b>Id\u00e9al pour sublimer vos fruits de mer, un ap\u00e9ritif estival ou un d\u00eener raffin\u00e9<\/b>, ce vin incarne la promesse d\u2019un voyage sensoriel unique au c\u0153ur de l\u2019Europe de l\u2019Est.<\/span><br><strong><span class=\"s1\">Temperature de service : 10-12\u00b0C.<\/span><\/strong><\/p>\t\t\t\t\t\t\t\t<\/div>\n\t\t\t\t<\/div>\n\t\t\t\t<div class=\"elementor-element elementor-element-dcfdf0c elementor-widget elementor-widget-pix-button\" data-id=\"dcfdf0c\" data-element_type=\"widget\" data-e-type=\"widget\" data-widget_type=\"pix-button.default\">\n\t\t\t\t<div class=\"elementor-widget-container\">\n\t\t\t\t\t<a  href=\"https:\/\/maisontanase.com\/wp-content\/uploads\/2022\/05\/3-PURCARI-CHARDONNAY-WHITE-DRY-WINE-FROM-MOLDOVA-BY-MAISON-TANASE-.pdf\" class=\"btn m-0      btn-primary d-inline-flex align-items-center     btn-rounded btn-md\" target=\"_blank\" rel=\"noopener\"    ><svg class=\"pixfort-icon font-weight-bold   mr-2\" width=\"24\" height=\"24\"  data-name=\"Line\/pixfort-icon-file-duplicate-1\" viewBox=\"2 2 20 20\"><path fill=\"none\" stroke=\"var(--pf-icon-color)\" stroke-linecap=\"round\" stroke-linejoin=\"round\" stroke-width=\"var(--pf-icon-stroke-width)\" d=\"M6,7 L8.87278686,7 L8.87278686,7 C10.9175556,8.48800639 13.4920457,10.7686601 15,12.6534785 L15,19 C15,20.1045695 14.1045695,21 13,21 L6,21 C4.8954305,21 4,20.1045695 4,19 L4,9 C4,7.8954305 4.8954305,7 6,7 Z M8.65864051,7 L8.65864051,10.0721415 C8.65864051,11.6759765 9.95880559,12.9761415 11.5626405,12.9761415 L15,12.9761415 L15,12.9761415 M9,7.07720315 L9,5 C9,3.8954305 9.8954305,3 11,3 L13.8727869,3 C15.9175556,4.48800639 18.4920457,6.76866015 20,8.65347855 L20,15 C20,16.1045695 19.1045695,17 18,17 L15,17 M13.6586405,3 L13.6586405,6.07214154 C13.6586405,7.67597645 14.9588056,8.97614154 16.5626405,8.97614154 L20,8.97614154 L20,8.97614154\"\/><\/svg><span class=\"font-weight-bold \" >Voir la fiche technique<\/span><\/a>\t\t\t\t<\/div>\n\t\t\t\t<\/div>\n\t\t\t\t\t<\/div>\n\t\t<\/div>\n\t\t\t\t\t<\/div>\n\t\t<\/section>\n\t\t\t\t<\/div>\n\t\t","protected":false},"excerpt":{"rendered":"<p data-start=\"418\" data-end=\"739\"><strong data-start=\"418\" data-end=\"496\">Chardonnay de Purcari \u2013 <em><a href=\"https:\/\/maisontanase.com\/fr\/ou-acheter-les-meilleurs-vins-moldaves\/\">un des meilleurs vins blancs de Moldavie \u00e0 acheter en ligne !<\/a><\/em><\/strong><\/p>\n<p data-start=\"418\" data-end=\"739\">D\u00e9couvrez un <strong>vin blanc sec d\u2019exception sign\u00e9 Ch\u00e2teau Purcari<\/strong>, <strong>ic\u00f4ne des grands vins moldaves.<\/strong> Ce Chardonnay, vendang\u00e9 \u00e0 la main, captive par sa fraicheur et son raffinement. <\/p>\n<p data-start=\"741\" data-end=\"899\">Id\u00e9al pour sublimer vos fruits de mer, un ap\u00e9ritif estival ou un d\u00eener raffin\u00e9, <strong>ce d\u00e9licieux vin moldave incarne la promesse d\u2019un voyage sensoriel unique au c\u0153ur de l\u2019Europe de l\u2019Est.<\/strong><\/p>\n<p data-start=\"901\" data-end=\"1023\">Profitez d&rsquo;un <strong>paiement s\u00e9curis\u00e9<\/strong> et d&rsquo;une <strong>livraison rapide en France et dans toute l\u2019Europe<\/strong> par <strong>Maison Tanase, importateur officiel des vins de Moldavie.<\/strong><\/p>\n","protected":false},"featured_media":15305,"comment_status":"open","ping_status":"closed","template":"","meta":[],"product_brand":[],"product_cat":[145,144],"product_tag":[423,287,346],"class_list":{"0":"post-15303","1":"product","2":"type-product","3":"status-publish","4":"has-post-thumbnail","6":"product_cat-achetez-en-ligne-vin-de-moldavie","7":"product_cat-vins-du-monde","8":"product_tag-chardonnay-fr-2","9":"product_tag-moldova-fr","10":"product_tag-purcari-fr-2","12":"first","13":"instock","14":"shipping-taxable","15":"purchasable","16":"product-type-simple"},"yoast_head":"<!-- This site is optimized with the Yoast SEO plugin v27.3 - https:\/\/yoast.com\/product\/yoast-seo-wordpress\/ -->\n<title>Chardonnay de Purcari - Vin Blanc Sec - Moldavie - Maison Tanase<\/title>\n<meta name=\"description\" content=\"Buy online Chardonnay de Purcari. Refreshing, floral, and fruity white dry Moldova wine with excellent aromatic balance. Paiement s\u00e9curis\u00e9. Livraison rapide.\" \/>\n<meta name=\"robots\" content=\"index, follow, max-snippet:-1, max-image-preview:large, max-video-preview:-1\" \/>\n<link rel=\"canonical\" href=\"https:\/\/maisontanase.com\/fr\/boutique\/vins-du-monde\/achetez-en-ligne-vin-de-moldavie\/chardonnay-de-purcari\/\" \/>\n<meta property=\"og:locale\" content=\"fr_FR\" \/>\n<meta property=\"og:type\" content=\"article\" \/>\n<meta property=\"og:title\" content=\"Chardonnay de Purcari - Vin blanc sec - Maison Tanase\" \/>\n<meta property=\"og:description\" content=\"Chardonnay de Purcari \u2013 un des meilleurs vins blancs de Moldavie \u00e0 acheter en ligne ! Paiement s\u00e9curis\u00e9. Livraison rapide.\" \/>\n<meta property=\"og:url\" content=\"https:\/\/maisontanase.com\/fr\/boutique\/vins-du-monde\/achetez-en-ligne-vin-de-moldavie\/chardonnay-de-purcari\/\" \/>\n<meta property=\"og:site_name\" content=\"Maison Tanase\" \/>\n<meta property=\"article:modified_time\" content=\"2026-01-20T07:04:32+00:00\" \/>\n<meta property=\"og:image\" content=\"https:\/\/maisontanase.com\/wp-content\/uploads\/2022\/03\/Chardonnay-de-Purcari_Maison-Tanase-01-1024x1024.png\" \/>\n\t<meta property=\"og:image:width\" content=\"1024\" \/>\n\t<meta property=\"og:image:height\" content=\"1024\" \/>\n\t<meta property=\"og:image:type\" content=\"image\/png\" \/>\n<meta name=\"twitter:card\" content=\"summary_large_image\" \/>\n<meta name=\"twitter:title\" content=\"Chardonnay de Purcari - Vin blanc sec - Maison Tanase\" \/>\n<meta name=\"twitter:description\" content=\"Buy online Chardonnay de Purcari. Refreshing, floral, and fruity white dry Moldova wine with excellent aromatic balance. Paiement s\u00e9curis\u00e9. Livraison rapide.\" \/>\n<meta name=\"twitter:image\" content=\"https:\/\/maisontanase.com\/wp-content\/uploads\/2022\/03\/Chardonnay-de-Purcari_Maison-Tanase-01.png\" \/>\n<meta name=\"twitter:label1\" content=\"Dur\u00e9e de lecture estim\u00e9e\" \/>\n\t<meta name=\"twitter:data1\" content=\"2 minutes\" \/>\n<script type=\"application\/ld+json\" class=\"yoast-schema-graph\">{\"@context\":\"https:\\\/\\\/schema.org\",\"@graph\":[{\"@type\":\"WebPage\",\"@id\":\"https:\\\/\\\/maisontanase.com\\\/fr\\\/boutique\\\/vins-du-monde\\\/achetez-en-ligne-vin-de-moldavie\\\/chardonnay-de-purcari\\\/\",\"url\":\"https:\\\/\\\/maisontanase.com\\\/fr\\\/boutique\\\/vins-du-monde\\\/achetez-en-ligne-vin-de-moldavie\\\/chardonnay-de-purcari\\\/\",\"name\":\"Chardonnay de Purcari - Vin Blanc Sec - Moldavie - Maison Tanase\",\"isPartOf\":{\"@id\":\"https:\\\/\\\/maisontanase.com\\\/fr\\\/#website\"},\"primaryImageOfPage\":{\"@id\":\"https:\\\/\\\/maisontanase.com\\\/fr\\\/boutique\\\/vins-du-monde\\\/achetez-en-ligne-vin-de-moldavie\\\/chardonnay-de-purcari\\\/#primaryimage\"},\"image\":{\"@id\":\"https:\\\/\\\/maisontanase.com\\\/fr\\\/boutique\\\/vins-du-monde\\\/achetez-en-ligne-vin-de-moldavie\\\/chardonnay-de-purcari\\\/#primaryimage\"},\"thumbnailUrl\":\"https:\\\/\\\/maisontanase.com\\\/wp-content\\\/uploads\\\/2022\\\/05\\\/1-Chardonnay-de-Purcari-by-Maison-Tanase-1000x1000px_Copyright.jpg\",\"datePublished\":\"2022-05-23T16:27:06+00:00\",\"dateModified\":\"2026-01-20T07:04:32+00:00\",\"description\":\"Buy online Chardonnay de Purcari. Refreshing, floral, and fruity white dry Moldova wine with excellent aromatic balance. Paiement s\u00e9curis\u00e9. Livraison rapide.\",\"breadcrumb\":{\"@id\":\"https:\\\/\\\/maisontanase.com\\\/fr\\\/boutique\\\/vins-du-monde\\\/achetez-en-ligne-vin-de-moldavie\\\/chardonnay-de-purcari\\\/#breadcrumb\"},\"inLanguage\":\"fr-FR\",\"potentialAction\":[{\"@type\":\"ReadAction\",\"target\":[\"https:\\\/\\\/maisontanase.com\\\/fr\\\/boutique\\\/vins-du-monde\\\/achetez-en-ligne-vin-de-moldavie\\\/chardonnay-de-purcari\\\/\"]}]},{\"@type\":\"ImageObject\",\"inLanguage\":\"fr-FR\",\"@id\":\"https:\\\/\\\/maisontanase.com\\\/fr\\\/boutique\\\/vins-du-monde\\\/achetez-en-ligne-vin-de-moldavie\\\/chardonnay-de-purcari\\\/#primaryimage\",\"url\":\"https:\\\/\\\/maisontanase.com\\\/wp-content\\\/uploads\\\/2022\\\/05\\\/1-Chardonnay-de-Purcari-by-Maison-Tanase-1000x1000px_Copyright.jpg\",\"contentUrl\":\"https:\\\/\\\/maisontanase.com\\\/wp-content\\\/uploads\\\/2022\\\/05\\\/1-Chardonnay-de-Purcari-by-Maison-Tanase-1000x1000px_Copyright.jpg\",\"width\":1000,\"height\":1000,\"caption\":\"Acheter en ligne le vin moldave blanc Chardonnay de Purcari par Maison Tanase\"},{\"@type\":\"BreadcrumbList\",\"@id\":\"https:\\\/\\\/maisontanase.com\\\/fr\\\/boutique\\\/vins-du-monde\\\/achetez-en-ligne-vin-de-moldavie\\\/chardonnay-de-purcari\\\/#breadcrumb\",\"itemListElement\":[{\"@type\":\"ListItem\",\"position\":1,\"name\":\"Accueil\",\"item\":\"https:\\\/\\\/maisontanase.com\\\/fr\\\/\"},{\"@type\":\"ListItem\",\"position\":2,\"name\":\"Boutique\",\"item\":\"https:\\\/\\\/maisontanase.com\\\/fr\\\/boutique-en-ligne-maison-tanase\\\/\"},{\"@type\":\"ListItem\",\"position\":3,\"name\":\"Chardonnay de Purcari 2024 &#8211; Moldavie &#8211; Blanc\"}]},{\"@type\":\"WebSite\",\"@id\":\"https:\\\/\\\/maisontanase.com\\\/fr\\\/#website\",\"url\":\"https:\\\/\\\/maisontanase.com\\\/fr\\\/\",\"name\":\"Maison Tanase\",\"description\":\"Based in Bordeaux, Maison Tanase is a family-run business that produces and sells high-quality wines and spirits. Welcome to our online shop.\",\"publisher\":{\"@id\":\"https:\\\/\\\/maisontanase.com\\\/fr\\\/#organization\"},\"potentialAction\":[{\"@type\":\"SearchAction\",\"target\":{\"@type\":\"EntryPoint\",\"urlTemplate\":\"https:\\\/\\\/maisontanase.com\\\/fr\\\/?s={search_term_string}\"},\"query-input\":{\"@type\":\"PropertyValueSpecification\",\"valueRequired\":true,\"valueName\":\"search_term_string\"}}],\"inLanguage\":\"fr-FR\"},{\"@type\":\"Organization\",\"@id\":\"https:\\\/\\\/maisontanase.com\\\/fr\\\/#organization\",\"name\":\"Maison Tanase\",\"url\":\"https:\\\/\\\/maisontanase.com\\\/fr\\\/\",\"logo\":{\"@type\":\"ImageObject\",\"inLanguage\":\"fr-FR\",\"@id\":\"https:\\\/\\\/maisontanase.com\\\/fr\\\/#\\\/schema\\\/logo\\\/image\\\/\",\"url\":\"https:\\\/\\\/maisontanase.com\\\/wp-content\\\/uploads\\\/2022\\\/05\\\/maison-tanase.jpg\",\"contentUrl\":\"https:\\\/\\\/maisontanase.com\\\/wp-content\\\/uploads\\\/2022\\\/05\\\/maison-tanase.jpg\",\"width\":1200,\"height\":630,\"caption\":\"Maison Tanase\"},\"image\":{\"@id\":\"https:\\\/\\\/maisontanase.com\\\/fr\\\/#\\\/schema\\\/logo\\\/image\\\/\"}}]}<\/script>\n<!-- \/ Yoast SEO plugin. -->","yoast_head_json":{"title":"Chardonnay de Purcari - Vin Blanc Sec - Moldavie - Maison Tanase","description":"Buy online Chardonnay de Purcari. Refreshing, floral, and fruity white dry Moldova wine with excellent aromatic balance. Paiement s\u00e9curis\u00e9. Livraison rapide.","robots":{"index":"index","follow":"follow","max-snippet":"max-snippet:-1","max-image-preview":"max-image-preview:large","max-video-preview":"max-video-preview:-1"},"canonical":"https:\/\/maisontanase.com\/fr\/boutique\/vins-du-monde\/achetez-en-ligne-vin-de-moldavie\/chardonnay-de-purcari\/","og_locale":"fr_FR","og_type":"article","og_title":"Chardonnay de Purcari - Vin blanc sec - Maison Tanase","og_description":"Chardonnay de Purcari \u2013 un des meilleurs vins blancs de Moldavie \u00e0 acheter en ligne ! Paiement s\u00e9curis\u00e9. Livraison rapide.","og_url":"https:\/\/maisontanase.com\/fr\/boutique\/vins-du-monde\/achetez-en-ligne-vin-de-moldavie\/chardonnay-de-purcari\/","og_site_name":"Maison Tanase","article_modified_time":"2026-01-20T07:04:32+00:00","og_image":[{"width":1024,"height":1024,"url":"https:\/\/maisontanase.com\/wp-content\/uploads\/2022\/03\/Chardonnay-de-Purcari_Maison-Tanase-01-1024x1024.png","type":"image\/png"}],"twitter_card":"summary_large_image","twitter_title":"Chardonnay de Purcari - Vin blanc sec - Maison Tanase","twitter_description":"Buy online Chardonnay de Purcari. Refreshing, floral, and fruity white dry Moldova wine with excellent aromatic balance. Paiement s\u00e9curis\u00e9. Livraison rapide.","twitter_image":"https:\/\/maisontanase.com\/wp-content\/uploads\/2022\/03\/Chardonnay-de-Purcari_Maison-Tanase-01.png","twitter_misc":{"Dur\u00e9e de lecture estim\u00e9e":"2 minutes"},"schema":{"@context":"https:\/\/schema.org","@graph":[{"@type":"WebPage","@id":"https:\/\/maisontanase.com\/fr\/boutique\/vins-du-monde\/achetez-en-ligne-vin-de-moldavie\/chardonnay-de-purcari\/","url":"https:\/\/maisontanase.com\/fr\/boutique\/vins-du-monde\/achetez-en-ligne-vin-de-moldavie\/chardonnay-de-purcari\/","name":"Chardonnay de Purcari - Vin Blanc Sec - Moldavie - Maison Tanase","isPartOf":{"@id":"https:\/\/maisontanase.com\/fr\/#website"},"primaryImageOfPage":{"@id":"https:\/\/maisontanase.com\/fr\/boutique\/vins-du-monde\/achetez-en-ligne-vin-de-moldavie\/chardonnay-de-purcari\/#primaryimage"},"image":{"@id":"https:\/\/maisontanase.com\/fr\/boutique\/vins-du-monde\/achetez-en-ligne-vin-de-moldavie\/chardonnay-de-purcari\/#primaryimage"},"thumbnailUrl":"https:\/\/maisontanase.com\/wp-content\/uploads\/2022\/05\/1-Chardonnay-de-Purcari-by-Maison-Tanase-1000x1000px_Copyright.jpg","datePublished":"2022-05-23T16:27:06+00:00","dateModified":"2026-01-20T07:04:32+00:00","description":"Buy online Chardonnay de Purcari. Refreshing, floral, and fruity white dry Moldova wine with excellent aromatic balance. Paiement s\u00e9curis\u00e9. Livraison rapide.","breadcrumb":{"@id":"https:\/\/maisontanase.com\/fr\/boutique\/vins-du-monde\/achetez-en-ligne-vin-de-moldavie\/chardonnay-de-purcari\/#breadcrumb"},"inLanguage":"fr-FR","potentialAction":[{"@type":"ReadAction","target":["https:\/\/maisontanase.com\/fr\/boutique\/vins-du-monde\/achetez-en-ligne-vin-de-moldavie\/chardonnay-de-purcari\/"]}]},{"@type":"ImageObject","inLanguage":"fr-FR","@id":"https:\/\/maisontanase.com\/fr\/boutique\/vins-du-monde\/achetez-en-ligne-vin-de-moldavie\/chardonnay-de-purcari\/#primaryimage","url":"https:\/\/maisontanase.com\/wp-content\/uploads\/2022\/05\/1-Chardonnay-de-Purcari-by-Maison-Tanase-1000x1000px_Copyright.jpg","contentUrl":"https:\/\/maisontanase.com\/wp-content\/uploads\/2022\/05\/1-Chardonnay-de-Purcari-by-Maison-Tanase-1000x1000px_Copyright.jpg","width":1000,"height":1000,"caption":"Acheter en ligne le vin moldave blanc Chardonnay de Purcari par Maison Tanase"},{"@type":"BreadcrumbList","@id":"https:\/\/maisontanase.com\/fr\/boutique\/vins-du-monde\/achetez-en-ligne-vin-de-moldavie\/chardonnay-de-purcari\/#breadcrumb","itemListElement":[{"@type":"ListItem","position":1,"name":"Accueil","item":"https:\/\/maisontanase.com\/fr\/"},{"@type":"ListItem","position":2,"name":"Boutique","item":"https:\/\/maisontanase.com\/fr\/boutique-en-ligne-maison-tanase\/"},{"@type":"ListItem","position":3,"name":"Chardonnay de Purcari 2024 &#8211; Moldavie &#8211; Blanc"}]},{"@type":"WebSite","@id":"https:\/\/maisontanase.com\/fr\/#website","url":"https:\/\/maisontanase.com\/fr\/","name":"Maison Tanase","description":"Based in Bordeaux, Maison Tanase is a family-run business that produces and sells high-quality wines and spirits. Welcome to our online shop.","publisher":{"@id":"https:\/\/maisontanase.com\/fr\/#organization"},"potentialAction":[{"@type":"SearchAction","target":{"@type":"EntryPoint","urlTemplate":"https:\/\/maisontanase.com\/fr\/?s={search_term_string}"},"query-input":{"@type":"PropertyValueSpecification","valueRequired":true,"valueName":"search_term_string"}}],"inLanguage":"fr-FR"},{"@type":"Organization","@id":"https:\/\/maisontanase.com\/fr\/#organization","name":"Maison Tanase","url":"https:\/\/maisontanase.com\/fr\/","logo":{"@type":"ImageObject","inLanguage":"fr-FR","@id":"https:\/\/maisontanase.com\/fr\/#\/schema\/logo\/image\/","url":"https:\/\/maisontanase.com\/wp-content\/uploads\/2022\/05\/maison-tanase.jpg","contentUrl":"https:\/\/maisontanase.com\/wp-content\/uploads\/2022\/05\/maison-tanase.jpg","width":1200,"height":630,"caption":"Maison Tanase"},"image":{"@id":"https:\/\/maisontanase.com\/fr\/#\/schema\/logo\/image\/"}}]}},"_links":{"self":[{"href":"https:\/\/maisontanase.com\/fr\/wp-json\/wp\/v2\/product\/15303","targetHints":{"allow":["GET"]}}],"collection":[{"href":"https:\/\/maisontanase.com\/fr\/wp-json\/wp\/v2\/product"}],"about":[{"href":"https:\/\/maisontanase.com\/fr\/wp-json\/wp\/v2\/types\/product"}],"replies":[{"embeddable":true,"href":"https:\/\/maisontanase.com\/fr\/wp-json\/wp\/v2\/comments?post=15303"}],"version-history":[{"count":18,"href":"https:\/\/maisontanase.com\/fr\/wp-json\/wp\/v2\/product\/15303\/revisions"}],"predecessor-version":[{"id":19150,"href":"https:\/\/maisontanase.com\/fr\/wp-json\/wp\/v2\/product\/15303\/revisions\/19150"}],"wp:featuredmedia":[{"embeddable":true,"href":"https:\/\/maisontanase.com\/fr\/wp-json\/wp\/v2\/media\/15305"}],"wp:attachment":[{"href":"https:\/\/maisontanase.com\/fr\/wp-json\/wp\/v2\/media?parent=15303"}],"wp:term":[{"taxonomy":"product_brand","embeddable":true,"href":"https:\/\/maisontanase.com\/fr\/wp-json\/wp\/v2\/product_brand?post=15303"},{"taxonomy":"product_cat","embeddable":true,"href":"https:\/\/maisontanase.com\/fr\/wp-json\/wp\/v2\/product_cat?post=15303"},{"taxonomy":"product_tag","embeddable":true,"href":"https:\/\/maisontanase.com\/fr\/wp-json\/wp\/v2\/product_tag?post=15303"}],"curies":[{"name":"wp","href":"https:\/\/api.w.org\/{rel}","templated":true}]}}