
{"id":14895,"date":"2022-05-02T14:47:52","date_gmt":"2022-05-02T12:47:52","guid":{"rendered":"https:\/\/maisontanase.com\/?post_type=product&#038;p=14895"},"modified":"2026-03-18T08:34:38","modified_gmt":"2026-03-18T07:34:38","slug":"pinot-noir-de-purcari","status":"publish","type":"product","link":"https:\/\/maisontanase.com\/fr\/boutique\/vins-du-monde\/achetez-en-ligne-vin-de-moldavie\/pinot-noir-de-purcari\/","title":{"rendered":"Pinot Noir de Purcari 2023 &#8211; Moldavie &#8211; Rouge"},"content":{"rendered":"\t\t<div data-elementor-type=\"wp-post\" data-elementor-id=\"14895\" class=\"elementor elementor-14895 elementor-14894\">\n\t\t\t\t\t\t<section class=\"elementor-section elementor-top-section elementor-element elementor-element-dfcbcc4 elementor-section-boxed elementor-section-height-default elementor-section-height-default\" data-id=\"dfcbcc4\" data-element_type=\"section\" data-e-type=\"section\" data-settings=\"{&quot;pix_scale_in&quot;:&quot;none&quot;}\">\n\t\t\t\t\t\t<div class=\"elementor-container elementor-column-gap-default\">\n\t\t\t\t\t<div class=\"elementor-column elementor-col-100 elementor-top-column elementor-element elementor-element-f0839c7\" data-id=\"f0839c7\" data-element_type=\"column\" data-e-type=\"column\" data-settings=\"{&quot;pix_scale_in&quot;:&quot;none&quot;}\">\n\t\t\t<div class=\"elementor-widget-wrap elementor-element-populated\">\n\t\t\t\t\t\t<div class=\"elementor-element elementor-element-121adfd elementor-widget elementor-widget-text-editor\" data-id=\"121adfd\" data-element_type=\"widget\" data-e-type=\"widget\" data-widget_type=\"text-editor.default\">\n\t\t\t\t<div class=\"elementor-widget-container\">\n\t\t\t\t\t\t\t\t\t<p><strong>Achetez en ligne le Pinot Noir de Purcari <\/strong>\u2013 un <strong>vin rouge moldave<\/strong> \u00e9l\u00e9gant et raffin\u00e9.<br><br> <\/p>\t\t\t\t\t\t\t\t<\/div>\n\t\t\t\t<\/div>\n\t\t\t\t<div class=\"elementor-element elementor-element-a9fd3c9 elementor-widget elementor-widget-heading\" data-id=\"a9fd3c9\" data-element_type=\"widget\" data-e-type=\"widget\" data-widget_type=\"heading.default\">\n\t\t\t\t<div class=\"elementor-widget-container\">\n\t\t\t\t\t<h2 class=\"elementor-heading-title elementor-size-default\">Histoire<\/h2>\t\t\t\t<\/div>\n\t\t\t\t<\/div>\n\t\t\t\t<div class=\"elementor-element elementor-element-f4eeb0a elementor-widget elementor-widget-text-editor\" data-id=\"f4eeb0a\" data-element_type=\"widget\" data-e-type=\"widget\" data-widget_type=\"text-editor.default\">\n\t\t\t\t<div class=\"elementor-widget-container\">\n\t\t\t\t\t\t\t\t\t<p>Le <strong>Ch\u00e2teau Purcari est reconnu comme l\u2019un des domaines viticoles les plus prestigieux de Moldavie et d\u2019Europe de l\u2019Est.<\/strong><\/p><p>Implant\u00e9 dans la c\u00e9l\u00e8bre r\u00e9gion viticole de Purcari, il b\u00e9n\u00e9ficie d\u2019un terroir exceptionnel, entre la mer Noire et le fleuve Dniestr, qui conf\u00e8re aux vins une fra\u00eecheur et une complexit\u00e9 uniques.<\/p><p><strong>R\u00e9compens\u00e9 en 2021 par plus de 300 m\u00e9dailles internationales<\/strong> (Decanter World Wine Awards, Challenge International du Vin, Mundus Vini, etc.).<\/p><p><strong>Purcari <\/strong>est aujourd\u2019hui <strong>le domaine le plus prim\u00e9 d\u2019Europe centrale et orientale.<\/strong><\/p>\t\t\t\t\t\t\t\t<\/div>\n\t\t\t\t<\/div>\n\t\t\t\t<div class=\"elementor-element elementor-element-e53be77 elementor-widget elementor-widget-heading\" data-id=\"e53be77\" data-element_type=\"widget\" data-e-type=\"widget\" data-widget_type=\"heading.default\">\n\t\t\t\t<div class=\"elementor-widget-container\">\n\t\t\t\t\t<h2 class=\"elementor-heading-title elementor-size-default\">Viticulture<\/h2>\t\t\t\t<\/div>\n\t\t\t\t<\/div>\n\t\t\t\t<div class=\"elementor-element elementor-element-e022eb5 elementor-widget elementor-widget-text-editor\" data-id=\"e022eb5\" data-element_type=\"widget\" data-e-type=\"widget\" data-widget_type=\"text-editor.default\">\n\t\t\t\t<div class=\"elementor-widget-container\">\n\t\t\t\t\t\t\t\t\t<p>Les vignes de <strong>Pinot Noir<\/strong> sont cultiv\u00e9es avec un profond respect de l\u2019environnement et des cycles naturels du terroir. La r\u00e9colte est effectu\u00e9e manuellement, afin de garantir une s\u00e9lection stricte des meilleures grappes et de pr\u00e9server toute la finesse du c\u00e9page.<\/p>\t\t\t\t\t\t\t\t<\/div>\n\t\t\t\t<\/div>\n\t\t\t\t<div class=\"elementor-element elementor-element-5c2148a elementor-widget elementor-widget-heading\" data-id=\"5c2148a\" data-element_type=\"widget\" data-e-type=\"widget\" data-widget_type=\"heading.default\">\n\t\t\t\t<div class=\"elementor-widget-container\">\n\t\t\t\t\t<h2 class=\"elementor-heading-title elementor-size-default\">Vinification<\/h2>\t\t\t\t<\/div>\n\t\t\t\t<\/div>\n\t\t\t\t<div class=\"elementor-element elementor-element-f24e5a7 elementor-widget elementor-widget-text-editor\" data-id=\"f24e5a7\" data-element_type=\"widget\" data-e-type=\"widget\" data-widget_type=\"text-editor.default\">\n\t\t\t\t<div class=\"elementor-widget-container\">\n\t\t\t\t\t\t\t\t\t<p>\u00c9labor\u00e9 avec <strong>100% Pinot Noir.<\/strong><\/p><p>Les raisins ont \u00e9t\u00e9 r\u00e9colt\u00e9s et tri\u00e9s \u00e0 la main. Produit selon les m\u00e9thodes traditionnelles.<\/p><p>Vieilli <strong>6 mois en f\u00fbts de ch\u00eane fran\u00e7ais<\/strong>. Cet \u00e9levage lui apporte une structure d\u00e9licate, des tanins soyeux et une belle profondeur aromatique.<\/p>\t\t\t\t\t\t\t\t<\/div>\n\t\t\t\t<\/div>\n\t\t\t\t<div class=\"elementor-element elementor-element-7cae827 elementor-widget elementor-widget-heading\" data-id=\"7cae827\" data-element_type=\"widget\" data-e-type=\"widget\" data-widget_type=\"heading.default\">\n\t\t\t\t<div class=\"elementor-widget-container\">\n\t\t\t\t\t<h2 class=\"elementor-heading-title elementor-size-default\">D\u00e9gustation<\/h2>\t\t\t\t<\/div>\n\t\t\t\t<\/div>\n\t\t\t\t<div class=\"elementor-element elementor-element-bbc90bf elementor-widget elementor-widget-text-editor\" data-id=\"bbc90bf\" data-element_type=\"widget\" data-e-type=\"widget\" data-widget_type=\"text-editor.default\">\n\t\t\t\t<div class=\"elementor-widget-container\">\n\t\t\t\t\t\t\t\t\t<p class=\"p1\"><span class=\"s1\">Le Pinot Noir de Purcari s\u00e9duit par sa robe rouge rubis brillante.<br>Le nez d\u00e9voile des ar\u00f4mes \u00e9l\u00e9gants de cerise, framboise et fruits rouges frais, accompagn\u00e9s de fines touches d\u2019\u00e9pices et d\u2019un bois\u00e9 subtil. En bouche, il exprime toute la d\u00e9licatesse du Pinot Noir : tanins soyeux, texture velout\u00e9e, acidit\u00e9 \u00e9quilibr\u00e9e et une finale harmonieuse. <\/span><span class=\"s1\">On y retrouve des notes de cerise croquante, de framboise juteuse et un l\u00e9ger rappel \u00e9pic\u00e9, qui prolongent le plaisir en bouche.<\/span><\/p><p class=\"p1\"><span class=\"s1\"><strong>Ce<\/strong><b> vin rouge raffin\u00e9 accompagne parfaitement : <\/b>volailles r\u00f4ties ou grill\u00e9es, l\u00e9gumes grill\u00e9s et cuisine m\u00e9diterran\u00e9enne, charcuteries fines, fromages doux et cr\u00e9meux.<\/span><\/p><p><strong>Servez-le id\u00e9alement \u00e0 16\u201318 \u00b0C pour r\u00e9v\u00e9ler toute son \u00e9l\u00e9gance et sa complexit\u00e9.<\/strong><\/p>\t\t\t\t\t\t\t\t<\/div>\n\t\t\t\t<\/div>\n\t\t\t\t<div class=\"elementor-element elementor-element-dcfdf0c elementor-widget elementor-widget-pix-button\" data-id=\"dcfdf0c\" data-element_type=\"widget\" data-e-type=\"widget\" data-widget_type=\"pix-button.default\">\n\t\t\t\t<div class=\"elementor-widget-container\">\n\t\t\t\t\t<a  href=\"https:\/\/maisontanase.com\/wp-content\/uploads\/2022\/05\/1-PURCARI-PINOT-NOIR-RED-DRY-WINE-PAR-MAISON-TANASE.pdf\" class=\"btn m-0      btn-primary d-inline-flex align-items-center     btn-rounded btn-md\" target=\"_blank\" rel=\"noopener\"    ><svg class=\"pixfort-icon font-weight-bold   mr-2\" width=\"24\" height=\"24\"  data-name=\"Line\/pixfort-icon-file-duplicate-1\" viewBox=\"2 2 20 20\"><path fill=\"none\" stroke=\"var(--pf-icon-color)\" stroke-linecap=\"round\" stroke-linejoin=\"round\" stroke-width=\"var(--pf-icon-stroke-width)\" d=\"M6,7 L8.87278686,7 L8.87278686,7 C10.9175556,8.48800639 13.4920457,10.7686601 15,12.6534785 L15,19 C15,20.1045695 14.1045695,21 13,21 L6,21 C4.8954305,21 4,20.1045695 4,19 L4,9 C4,7.8954305 4.8954305,7 6,7 Z M8.65864051,7 L8.65864051,10.0721415 C8.65864051,11.6759765 9.95880559,12.9761415 11.5626405,12.9761415 L15,12.9761415 L15,12.9761415 M9,7.07720315 L9,5 C9,3.8954305 9.8954305,3 11,3 L13.8727869,3 C15.9175556,4.48800639 18.4920457,6.76866015 20,8.65347855 L20,15 C20,16.1045695 19.1045695,17 18,17 L15,17 M13.6586405,3 L13.6586405,6.07214154 C13.6586405,7.67597645 14.9588056,8.97614154 16.5626405,8.97614154 L20,8.97614154 L20,8.97614154\"\/><\/svg><span class=\"font-weight-bold \" >Voir la fiche technique<\/span><\/a>\t\t\t\t<\/div>\n\t\t\t\t<\/div>\n\t\t\t\t\t<\/div>\n\t\t<\/div>\n\t\t\t\t\t<\/div>\n\t\t<\/section>\n\t\t\t\t<\/div>\n\t\t","protected":false},"excerpt":{"rendered":"<p data-start=\"141\" data-end=\"210\"><strong data-start=\"141\" data-end=\"210\">Pinot Noir de Purcari \u2013 <a href=\"https:\/\/maisontanase.com\/fr\/ou-acheter-les-meilleurs-vins-moldaves\/\"><em>un vin rouge de Moldavie \u00e0 commander en ligne !<\/em><\/a><\/strong><\/p>\n<p data-start=\"212\" data-end=\"479\">D\u00e9couvrez l\u2019\u00e9l\u00e9gance de ce <strong>grand vin moldave<\/strong>, sign\u00e9 par l\u2019iconique <strong>Ch\u00e2teau Purcari, l\u2019un des domaines les plus prestigieux d\u2019Europe de l\u2019Est.<\/strong><\/p>\n<p data-start=\"212\" data-end=\"479\">Issu de raisins de <strong>Pinot Noir <\/strong>r\u00e9colt\u00e9s \u00e0 la main et affin\u00e9 <strong>6 mois en f\u00fbts de ch\u00eane fran\u00e7ais<\/strong>, il s\u00e9duit par ses <em>tanins soyeux, ses ar\u00f4mes intenses de fruits rouges et sa finale \u00e9quilibr\u00e9e et d\u00e9licate.<\/em><\/p>\n<p data-start=\"481\" data-end=\"713\">Avec ses notes raffin\u00e9es de cerise, framboise et une touche subtile d\u2019\u00e9pices, <strong>ce vin polyvalent accompagne \u00e0 merveille volailles, l\u00e9gumes grill\u00e9s, charcuteries fines ou fromages doux.<\/strong><\/p>\n<p data-start=\"481\" data-end=\"713\"><strong>Un choix incontournable pour les amateurs de vins \u00e9l\u00e9gants<\/strong> souhaitant <strong>d\u00e9couvrir la richesse et le raffinement de la Moldavie viticole.<\/strong><\/p>\n<p data-start=\"715\" data-end=\"822\"><strong data-start=\"715\" data-end=\"822\">Paiement s\u00e9curis\u00e9. Livraison rapide <\/strong>en France et partout en Europe avec <strong data-start=\"715\" data-end=\"822\">Maison Tanase, importateur officiel de vins moldaves haut de gamme.<\/strong><\/p>\n","protected":false},"featured_media":14947,"comment_status":"open","ping_status":"closed","template":"","meta":[],"product_brand":[],"product_cat":[145,144],"product_tag":[172],"class_list":{"0":"post-14895","1":"product","2":"type-product","3":"status-publish","4":"has-post-thumbnail","6":"product_cat-achetez-en-ligne-vin-de-moldavie","7":"product_cat-vins-du-monde","8":"product_tag-pinot-noir-de-purcari-fr","10":"first","11":"instock","12":"sale","13":"shipping-taxable","14":"purchasable","15":"product-type-simple"},"yoast_head":"<!-- This site is optimized with the Yoast SEO plugin v27.3 - https:\/\/yoast.com\/product\/yoast-seo-wordpress\/ -->\n<title>Pinot Noir de Purcari - Dry red wine - Moldova - Maison Tanase<\/title>\n<meta name=\"description\" content=\"Achetez en ligne le Pinot Noir de Purcari \u2013 un vin rouge moldave \u00e9l\u00e9gant et raffin\u00e9. Paiement s\u00e9curis\u00e9. Livraison rapide.\" \/>\n<meta name=\"robots\" content=\"index, follow, max-snippet:-1, max-image-preview:large, max-video-preview:-1\" \/>\n<link rel=\"canonical\" href=\"https:\/\/maisontanase.com\/fr\/boutique\/vins-du-monde\/achetez-en-ligne-vin-de-moldavie\/pinot-noir-de-purcari\/\" \/>\n<meta property=\"og:locale\" content=\"fr_FR\" \/>\n<meta property=\"og:type\" content=\"article\" \/>\n<meta property=\"og:title\" content=\"Pinot Noir de Purcari - Vin Rouge Sec - Moldavie - Maison Tanase\" \/>\n<meta property=\"og:description\" content=\"Achetez en ligne le Pinot Noir de Purcari \u2013 un vin rouge moldave \u00e9l\u00e9gant et raffin\u00e9. Paiement s\u00e9curis\u00e9. Livraison rapide.\" \/>\n<meta property=\"og:url\" content=\"https:\/\/maisontanase.com\/fr\/boutique\/vins-du-monde\/achetez-en-ligne-vin-de-moldavie\/pinot-noir-de-purcari\/\" \/>\n<meta property=\"og:site_name\" content=\"Maison Tanase\" \/>\n<meta property=\"article:modified_time\" content=\"2026-03-18T07:34:38+00:00\" \/>\n<meta property=\"og:image\" content=\"https:\/\/maisontanase.com\/wp-content\/uploads\/2022\/03\/Pinot-Noir-de-Purcari_Maison-Tanase-01.png\" \/>\n\t<meta property=\"og:image:width\" content=\"4168\" \/>\n\t<meta property=\"og:image:height\" content=\"4168\" \/>\n\t<meta property=\"og:image:type\" content=\"image\/png\" \/>\n<meta name=\"twitter:card\" content=\"summary_large_image\" \/>\n<meta name=\"twitter:title\" content=\"Pinot Noir de Purcari - Vin Rouge Sec - Moldavie - Maison Tanase\" \/>\n<meta name=\"twitter:description\" content=\"Achetez en ligne le Pinot Noir de Purcari \u2013 un vin rouge moldave \u00e9l\u00e9gant et raffin\u00e9. Paiement s\u00e9curis\u00e9. Livraison rapide.\" \/>\n<meta name=\"twitter:image\" content=\"https:\/\/maisontanase.com\/wp-content\/uploads\/2022\/03\/Pinot-Noir-de-Purcari_Maison-Tanase-01.png\" \/>\n<meta name=\"twitter:label1\" content=\"Dur\u00e9e de lecture estim\u00e9e\" \/>\n\t<meta name=\"twitter:data1\" content=\"2 minutes\" \/>\n<script type=\"application\/ld+json\" class=\"yoast-schema-graph\">{\"@context\":\"https:\\\/\\\/schema.org\",\"@graph\":[{\"@type\":\"WebPage\",\"@id\":\"https:\\\/\\\/maisontanase.com\\\/fr\\\/boutique\\\/vins-du-monde\\\/achetez-en-ligne-vin-de-moldavie\\\/pinot-noir-de-purcari\\\/\",\"url\":\"https:\\\/\\\/maisontanase.com\\\/fr\\\/boutique\\\/vins-du-monde\\\/achetez-en-ligne-vin-de-moldavie\\\/pinot-noir-de-purcari\\\/\",\"name\":\"Pinot Noir de Purcari - Dry red wine - Moldova - Maison Tanase\",\"isPartOf\":{\"@id\":\"https:\\\/\\\/maisontanase.com\\\/fr\\\/#website\"},\"primaryImageOfPage\":{\"@id\":\"https:\\\/\\\/maisontanase.com\\\/fr\\\/boutique\\\/vins-du-monde\\\/achetez-en-ligne-vin-de-moldavie\\\/pinot-noir-de-purcari\\\/#primaryimage\"},\"image\":{\"@id\":\"https:\\\/\\\/maisontanase.com\\\/fr\\\/boutique\\\/vins-du-monde\\\/achetez-en-ligne-vin-de-moldavie\\\/pinot-noir-de-purcari\\\/#primaryimage\"},\"thumbnailUrl\":\"https:\\\/\\\/maisontanase.com\\\/wp-content\\\/uploads\\\/2022\\\/05\\\/Pinot-Noir-de-Purcari-by-Maison-Tanase.jpg\",\"datePublished\":\"2022-05-02T12:47:52+00:00\",\"dateModified\":\"2026-03-18T07:34:38+00:00\",\"description\":\"Achetez en ligne le Pinot Noir de Purcari \u2013 un vin rouge moldave \u00e9l\u00e9gant et raffin\u00e9. Paiement s\u00e9curis\u00e9. Livraison rapide.\",\"breadcrumb\":{\"@id\":\"https:\\\/\\\/maisontanase.com\\\/fr\\\/boutique\\\/vins-du-monde\\\/achetez-en-ligne-vin-de-moldavie\\\/pinot-noir-de-purcari\\\/#breadcrumb\"},\"inLanguage\":\"fr-FR\",\"potentialAction\":[{\"@type\":\"ReadAction\",\"target\":[\"https:\\\/\\\/maisontanase.com\\\/fr\\\/boutique\\\/vins-du-monde\\\/achetez-en-ligne-vin-de-moldavie\\\/pinot-noir-de-purcari\\\/\"]}]},{\"@type\":\"ImageObject\",\"inLanguage\":\"fr-FR\",\"@id\":\"https:\\\/\\\/maisontanase.com\\\/fr\\\/boutique\\\/vins-du-monde\\\/achetez-en-ligne-vin-de-moldavie\\\/pinot-noir-de-purcari\\\/#primaryimage\",\"url\":\"https:\\\/\\\/maisontanase.com\\\/wp-content\\\/uploads\\\/2022\\\/05\\\/Pinot-Noir-de-Purcari-by-Maison-Tanase.jpg\",\"contentUrl\":\"https:\\\/\\\/maisontanase.com\\\/wp-content\\\/uploads\\\/2022\\\/05\\\/Pinot-Noir-de-Purcari-by-Maison-Tanase.jpg\",\"width\":1000,\"height\":1000,\"caption\":\"Achetez en ligne vin rouge moldave Pinot Noir de Purcari par Maison Tanase\"},{\"@type\":\"BreadcrumbList\",\"@id\":\"https:\\\/\\\/maisontanase.com\\\/fr\\\/boutique\\\/vins-du-monde\\\/achetez-en-ligne-vin-de-moldavie\\\/pinot-noir-de-purcari\\\/#breadcrumb\",\"itemListElement\":[{\"@type\":\"ListItem\",\"position\":1,\"name\":\"Accueil\",\"item\":\"https:\\\/\\\/maisontanase.com\\\/fr\\\/\"},{\"@type\":\"ListItem\",\"position\":2,\"name\":\"Boutique\",\"item\":\"https:\\\/\\\/maisontanase.com\\\/fr\\\/boutique-en-ligne-maison-tanase\\\/\"},{\"@type\":\"ListItem\",\"position\":3,\"name\":\"Pinot Noir de Purcari 2023 &#8211; Moldavie &#8211; Rouge\"}]},{\"@type\":\"WebSite\",\"@id\":\"https:\\\/\\\/maisontanase.com\\\/fr\\\/#website\",\"url\":\"https:\\\/\\\/maisontanase.com\\\/fr\\\/\",\"name\":\"Maison Tanase\",\"description\":\"Based in Bordeaux, Maison Tanase is a family-run business that produces and sells high-quality wines and spirits. Welcome to our online shop.\",\"publisher\":{\"@id\":\"https:\\\/\\\/maisontanase.com\\\/fr\\\/#organization\"},\"potentialAction\":[{\"@type\":\"SearchAction\",\"target\":{\"@type\":\"EntryPoint\",\"urlTemplate\":\"https:\\\/\\\/maisontanase.com\\\/fr\\\/?s={search_term_string}\"},\"query-input\":{\"@type\":\"PropertyValueSpecification\",\"valueRequired\":true,\"valueName\":\"search_term_string\"}}],\"inLanguage\":\"fr-FR\"},{\"@type\":\"Organization\",\"@id\":\"https:\\\/\\\/maisontanase.com\\\/fr\\\/#organization\",\"name\":\"Maison Tanase\",\"url\":\"https:\\\/\\\/maisontanase.com\\\/fr\\\/\",\"logo\":{\"@type\":\"ImageObject\",\"inLanguage\":\"fr-FR\",\"@id\":\"https:\\\/\\\/maisontanase.com\\\/fr\\\/#\\\/schema\\\/logo\\\/image\\\/\",\"url\":\"https:\\\/\\\/maisontanase.com\\\/wp-content\\\/uploads\\\/2022\\\/05\\\/maison-tanase.jpg\",\"contentUrl\":\"https:\\\/\\\/maisontanase.com\\\/wp-content\\\/uploads\\\/2022\\\/05\\\/maison-tanase.jpg\",\"width\":1200,\"height\":630,\"caption\":\"Maison Tanase\"},\"image\":{\"@id\":\"https:\\\/\\\/maisontanase.com\\\/fr\\\/#\\\/schema\\\/logo\\\/image\\\/\"}}]}<\/script>\n<!-- \/ Yoast SEO plugin. -->","yoast_head_json":{"title":"Pinot Noir de Purcari - Dry red wine - Moldova - Maison Tanase","description":"Achetez en ligne le Pinot Noir de Purcari \u2013 un vin rouge moldave \u00e9l\u00e9gant et raffin\u00e9. Paiement s\u00e9curis\u00e9. Livraison rapide.","robots":{"index":"index","follow":"follow","max-snippet":"max-snippet:-1","max-image-preview":"max-image-preview:large","max-video-preview":"max-video-preview:-1"},"canonical":"https:\/\/maisontanase.com\/fr\/boutique\/vins-du-monde\/achetez-en-ligne-vin-de-moldavie\/pinot-noir-de-purcari\/","og_locale":"fr_FR","og_type":"article","og_title":"Pinot Noir de Purcari - Vin Rouge Sec - Moldavie - Maison Tanase","og_description":"Achetez en ligne le Pinot Noir de Purcari \u2013 un vin rouge moldave \u00e9l\u00e9gant et raffin\u00e9. Paiement s\u00e9curis\u00e9. Livraison rapide.","og_url":"https:\/\/maisontanase.com\/fr\/boutique\/vins-du-monde\/achetez-en-ligne-vin-de-moldavie\/pinot-noir-de-purcari\/","og_site_name":"Maison Tanase","article_modified_time":"2026-03-18T07:34:38+00:00","og_image":[{"width":4168,"height":4168,"url":"https:\/\/maisontanase.com\/wp-content\/uploads\/2022\/03\/Pinot-Noir-de-Purcari_Maison-Tanase-01.png","type":"image\/png"}],"twitter_card":"summary_large_image","twitter_title":"Pinot Noir de Purcari - Vin Rouge Sec - Moldavie - Maison Tanase","twitter_description":"Achetez en ligne le Pinot Noir de Purcari \u2013 un vin rouge moldave \u00e9l\u00e9gant et raffin\u00e9. Paiement s\u00e9curis\u00e9. Livraison rapide.","twitter_image":"https:\/\/maisontanase.com\/wp-content\/uploads\/2022\/03\/Pinot-Noir-de-Purcari_Maison-Tanase-01.png","twitter_misc":{"Dur\u00e9e de lecture estim\u00e9e":"2 minutes"},"schema":{"@context":"https:\/\/schema.org","@graph":[{"@type":"WebPage","@id":"https:\/\/maisontanase.com\/fr\/boutique\/vins-du-monde\/achetez-en-ligne-vin-de-moldavie\/pinot-noir-de-purcari\/","url":"https:\/\/maisontanase.com\/fr\/boutique\/vins-du-monde\/achetez-en-ligne-vin-de-moldavie\/pinot-noir-de-purcari\/","name":"Pinot Noir de Purcari - Dry red wine - Moldova - Maison Tanase","isPartOf":{"@id":"https:\/\/maisontanase.com\/fr\/#website"},"primaryImageOfPage":{"@id":"https:\/\/maisontanase.com\/fr\/boutique\/vins-du-monde\/achetez-en-ligne-vin-de-moldavie\/pinot-noir-de-purcari\/#primaryimage"},"image":{"@id":"https:\/\/maisontanase.com\/fr\/boutique\/vins-du-monde\/achetez-en-ligne-vin-de-moldavie\/pinot-noir-de-purcari\/#primaryimage"},"thumbnailUrl":"https:\/\/maisontanase.com\/wp-content\/uploads\/2022\/05\/Pinot-Noir-de-Purcari-by-Maison-Tanase.jpg","datePublished":"2022-05-02T12:47:52+00:00","dateModified":"2026-03-18T07:34:38+00:00","description":"Achetez en ligne le Pinot Noir de Purcari \u2013 un vin rouge moldave \u00e9l\u00e9gant et raffin\u00e9. Paiement s\u00e9curis\u00e9. Livraison rapide.","breadcrumb":{"@id":"https:\/\/maisontanase.com\/fr\/boutique\/vins-du-monde\/achetez-en-ligne-vin-de-moldavie\/pinot-noir-de-purcari\/#breadcrumb"},"inLanguage":"fr-FR","potentialAction":[{"@type":"ReadAction","target":["https:\/\/maisontanase.com\/fr\/boutique\/vins-du-monde\/achetez-en-ligne-vin-de-moldavie\/pinot-noir-de-purcari\/"]}]},{"@type":"ImageObject","inLanguage":"fr-FR","@id":"https:\/\/maisontanase.com\/fr\/boutique\/vins-du-monde\/achetez-en-ligne-vin-de-moldavie\/pinot-noir-de-purcari\/#primaryimage","url":"https:\/\/maisontanase.com\/wp-content\/uploads\/2022\/05\/Pinot-Noir-de-Purcari-by-Maison-Tanase.jpg","contentUrl":"https:\/\/maisontanase.com\/wp-content\/uploads\/2022\/05\/Pinot-Noir-de-Purcari-by-Maison-Tanase.jpg","width":1000,"height":1000,"caption":"Achetez en ligne vin rouge moldave Pinot Noir de Purcari par Maison Tanase"},{"@type":"BreadcrumbList","@id":"https:\/\/maisontanase.com\/fr\/boutique\/vins-du-monde\/achetez-en-ligne-vin-de-moldavie\/pinot-noir-de-purcari\/#breadcrumb","itemListElement":[{"@type":"ListItem","position":1,"name":"Accueil","item":"https:\/\/maisontanase.com\/fr\/"},{"@type":"ListItem","position":2,"name":"Boutique","item":"https:\/\/maisontanase.com\/fr\/boutique-en-ligne-maison-tanase\/"},{"@type":"ListItem","position":3,"name":"Pinot Noir de Purcari 2023 &#8211; Moldavie &#8211; Rouge"}]},{"@type":"WebSite","@id":"https:\/\/maisontanase.com\/fr\/#website","url":"https:\/\/maisontanase.com\/fr\/","name":"Maison Tanase","description":"Based in Bordeaux, Maison Tanase is a family-run business that produces and sells high-quality wines and spirits. Welcome to our online shop.","publisher":{"@id":"https:\/\/maisontanase.com\/fr\/#organization"},"potentialAction":[{"@type":"SearchAction","target":{"@type":"EntryPoint","urlTemplate":"https:\/\/maisontanase.com\/fr\/?s={search_term_string}"},"query-input":{"@type":"PropertyValueSpecification","valueRequired":true,"valueName":"search_term_string"}}],"inLanguage":"fr-FR"},{"@type":"Organization","@id":"https:\/\/maisontanase.com\/fr\/#organization","name":"Maison Tanase","url":"https:\/\/maisontanase.com\/fr\/","logo":{"@type":"ImageObject","inLanguage":"fr-FR","@id":"https:\/\/maisontanase.com\/fr\/#\/schema\/logo\/image\/","url":"https:\/\/maisontanase.com\/wp-content\/uploads\/2022\/05\/maison-tanase.jpg","contentUrl":"https:\/\/maisontanase.com\/wp-content\/uploads\/2022\/05\/maison-tanase.jpg","width":1200,"height":630,"caption":"Maison Tanase"},"image":{"@id":"https:\/\/maisontanase.com\/fr\/#\/schema\/logo\/image\/"}}]}},"_links":{"self":[{"href":"https:\/\/maisontanase.com\/fr\/wp-json\/wp\/v2\/product\/14895","targetHints":{"allow":["GET"]}}],"collection":[{"href":"https:\/\/maisontanase.com\/fr\/wp-json\/wp\/v2\/product"}],"about":[{"href":"https:\/\/maisontanase.com\/fr\/wp-json\/wp\/v2\/types\/product"}],"replies":[{"embeddable":true,"href":"https:\/\/maisontanase.com\/fr\/wp-json\/wp\/v2\/comments?post=14895"}],"version-history":[{"count":37,"href":"https:\/\/maisontanase.com\/fr\/wp-json\/wp\/v2\/product\/14895\/revisions"}],"predecessor-version":[{"id":19428,"href":"https:\/\/maisontanase.com\/fr\/wp-json\/wp\/v2\/product\/14895\/revisions\/19428"}],"wp:featuredmedia":[{"embeddable":true,"href":"https:\/\/maisontanase.com\/fr\/wp-json\/wp\/v2\/media\/14947"}],"wp:attachment":[{"href":"https:\/\/maisontanase.com\/fr\/wp-json\/wp\/v2\/media?parent=14895"}],"wp:term":[{"taxonomy":"product_brand","embeddable":true,"href":"https:\/\/maisontanase.com\/fr\/wp-json\/wp\/v2\/product_brand?post=14895"},{"taxonomy":"product_cat","embeddable":true,"href":"https:\/\/maisontanase.com\/fr\/wp-json\/wp\/v2\/product_cat?post=14895"},{"taxonomy":"product_tag","embeddable":true,"href":"https:\/\/maisontanase.com\/fr\/wp-json\/wp\/v2\/product_tag?post=14895"}],"curies":[{"name":"wp","href":"https:\/\/api.w.org\/{rel}","templated":true}]}}