
{"id":14547,"date":"2022-03-18T19:19:41","date_gmt":"2022-03-18T18:19:41","guid":{"rendered":"https:\/\/maisontanase.com\/shop\/non%20class\u00e9\/alb-brut-de-purcari\/"},"modified":"2025-09-26T14:12:38","modified_gmt":"2025-09-26T12:12:38","slug":"cuvee-de-purcari-blanc-brut-coffret","status":"publish","type":"product","link":"https:\/\/maisontanase.com\/fr\/boutique\/vins-du-monde\/achetez-en-ligne-vin-de-moldavie\/cuvee-de-purcari-blanc-brut-coffret\/","title":{"rendered":"Cuv\u00e9e de Purcari Blanc Brut Coffret Cadeau"},"content":{"rendered":"\t\t<div data-elementor-type=\"wp-post\" data-elementor-id=\"14547\" class=\"elementor elementor-14547 elementor-14023\">\n\t\t\t\t\t\t<section class=\"elementor-section elementor-top-section elementor-element elementor-element-dfcbcc4 elementor-section-boxed elementor-section-height-default elementor-section-height-default\" data-id=\"dfcbcc4\" data-element_type=\"section\" data-e-type=\"section\" data-settings=\"{&quot;pix_scale_in&quot;:&quot;none&quot;}\">\n\t\t\t\t\t\t<div class=\"elementor-container elementor-column-gap-default\">\n\t\t\t\t\t<div class=\"elementor-column elementor-col-100 elementor-top-column elementor-element elementor-element-f0839c7\" data-id=\"f0839c7\" data-element_type=\"column\" data-e-type=\"column\" data-settings=\"{&quot;pix_scale_in&quot;:&quot;none&quot;}\">\n\t\t\t<div class=\"elementor-widget-wrap elementor-element-populated\">\n\t\t\t\t\t\t<div class=\"elementor-element elementor-element-121adfd elementor-widget elementor-widget-text-editor\" data-id=\"121adfd\" data-element_type=\"widget\" data-e-type=\"widget\" data-widget_type=\"text-editor.default\">\n\t\t\t\t<div class=\"elementor-widget-container\">\n\t\t\t\t\t\t\t\t\t<p><strong>Achetez en ligne Cuve\u0301e de Purcari Blanc Brut<\/strong>, un <span style=\"text-decoration: underline;\">vin blanc p\u00e9tillant de Moldavie<\/span>. \u00c9l\u00e9gant et rafra\u00eechissant, ce vin s\u00e9duit par ses notes d&rsquo;agrumes et de p\u00eache. Parfait pour les occasions sp\u00e9ciales ou comme cadeau raffin\u00e9.<\/p><p><span style=\"text-decoration: underline;\"><a href=\"https:\/\/maisontanase.com\/shop\/world-wines\/buy-wine-from-moldova\/cuvee-de-purcari-rose-brut-gift-box\/\">Disponible aussi en <\/a>ros\u00e9<\/span>! D\u00e9couvrez la <a href=\"https:\/\/maisontanase.com\/shop\/world-wines\/buy-wine-from-moldova\/cuvee-de-purcari-rose-brut-gift-box\/\"><strong>Cuv\u00e9e de Purcari Ros\u00e9 Brut<\/strong><\/a> !<\/p>\t\t\t\t\t\t\t\t<\/div>\n\t\t\t\t<\/div>\n\t\t\t\t<div class=\"elementor-element elementor-element-a9fd3c9 elementor-widget elementor-widget-heading\" data-id=\"a9fd3c9\" data-element_type=\"widget\" data-e-type=\"widget\" data-widget_type=\"heading.default\">\n\t\t\t\t<div class=\"elementor-widget-container\">\n\t\t\t\t\t<h2 class=\"elementor-heading-title elementor-size-default\">Histoire<\/h2>\t\t\t\t<\/div>\n\t\t\t\t<\/div>\n\t\t\t\t<div class=\"elementor-element elementor-element-f4eeb0a elementor-widget elementor-widget-text-editor\" data-id=\"f4eeb0a\" data-element_type=\"widget\" data-e-type=\"widget\" data-widget_type=\"text-editor.default\">\n\t\t\t\t<div class=\"elementor-widget-container\">\n\t\t\t\t\t\t\t\t\t<p>Le Ch\u00e2teau Purcari est un leader dans la production de vins haut de gamme en Moldavie. C&rsquo;est aussi la cave la plus prim\u00e9e d&rsquo;Europe centrale et orientale.<\/p>\n<p>L&rsquo;h\u00e9ritage du domaine remonte au XIXe si\u00e8cle lorsque les colons fran\u00e7ais se sont associ\u00e9s aux moines locaux pour commencer \u00e0 y planter des c\u00e9pages bordelais, aux c\u00f4t\u00e9s des c\u00e9pages indig\u00e8nes.<\/p>\n<p>Au fil des ans, Purcari a remport\u00e9 plus de 250 m\u00e9dailles dans des concours internationaux tels que \u00ab\u00a0Effervescents du Monde\u00a0\u00bb, \u00ab\u00a0Decanter World Wine Awards\u00a0\u00bb, \u00ab\u00a0International Wine &amp; Spirits Competition\u00a0\u00bb, \u00ab\u00a0Challenge International du Vin\u00a0\u00bb, et de nombreux autres grands vins mondiaux. concours.<\/p>\n\t\t\t\t\t\t\t\t<\/div>\n\t\t\t\t<\/div>\n\t\t\t\t<div class=\"elementor-element elementor-element-e53be77 elementor-widget elementor-widget-heading\" data-id=\"e53be77\" data-element_type=\"widget\" data-e-type=\"widget\" data-widget_type=\"heading.default\">\n\t\t\t\t<div class=\"elementor-widget-container\">\n\t\t\t\t\t<h2 class=\"elementor-heading-title elementor-size-default\">Viticulture<\/h2>\t\t\t\t<\/div>\n\t\t\t\t<\/div>\n\t\t\t\t<div class=\"elementor-element elementor-element-e022eb5 elementor-widget elementor-widget-text-editor\" data-id=\"e022eb5\" data-element_type=\"widget\" data-e-type=\"widget\" data-widget_type=\"text-editor.default\">\n\t\t\t\t<div class=\"elementor-widget-container\">\n\t\t\t\t\t\t\t\t\t<p>Une viticulture raisonn\u00e9e dans le respect de l&rsquo;environnement et des cycles naturels du terroir et de la vigne.<\/p>\n\t\t\t\t\t\t\t\t<\/div>\n\t\t\t\t<\/div>\n\t\t\t\t<div class=\"elementor-element elementor-element-5c2148a elementor-widget elementor-widget-heading\" data-id=\"5c2148a\" data-element_type=\"widget\" data-e-type=\"widget\" data-widget_type=\"heading.default\">\n\t\t\t\t<div class=\"elementor-widget-container\">\n\t\t\t\t\t<h2 class=\"elementor-heading-title elementor-size-default\">Vinification<\/h2>\t\t\t\t<\/div>\n\t\t\t\t<\/div>\n\t\t\t\t<div class=\"elementor-element elementor-element-f24e5a7 elementor-widget elementor-widget-text-editor\" data-id=\"f24e5a7\" data-element_type=\"widget\" data-e-type=\"widget\" data-widget_type=\"text-editor.default\">\n\t\t\t\t<div class=\"elementor-widget-container\">\n\t\t\t\t\t\t\t\t\t<p>Pour cette <strong>Cuve\u0301e de Purcari Blanc Brut<\/strong>, les plus beaux terroirs sont fusionn\u00e9s dans un assemblage exceptionnel de <span style=\"text-decoration: underline;\">60% Chardonnay, 25% Pinot Blanc, 15% Pinot Noir<\/span>, avec une longue maturation soign\u00e9e en bouteilles. Vinifi\u00e9 selon la m\u00e9thode traditionnelle, \u00e9galement appel\u00e9e <a href=\"https:\/\/www.hachette-vins.com\/guide-vins\/actualite-vin\/205\/la-methode-champenoise-et-ses-etapes-tout-savoir-sur-l-elaboration-du-champagne\/\"><em>M\u00e9thode Champenoise<\/em><\/a>.\u00a0<\/p><p>Demi-sec, avec un degr\u00e9 d&rsquo;alcool mod\u00e9r\u00e9, une acidit\u00e9 \u00e9lev\u00e9e et des tanins souples.<\/p>\t\t\t\t\t\t\t\t<\/div>\n\t\t\t\t<\/div>\n\t\t\t\t<div class=\"elementor-element elementor-element-7cae827 elementor-widget elementor-widget-heading\" data-id=\"7cae827\" data-element_type=\"widget\" data-e-type=\"widget\" data-widget_type=\"heading.default\">\n\t\t\t\t<div class=\"elementor-widget-container\">\n\t\t\t\t\t<h2 class=\"elementor-heading-title elementor-size-default\">D\u00e9gustation<\/h2>\t\t\t\t<\/div>\n\t\t\t\t<\/div>\n\t\t\t\t<div class=\"elementor-element elementor-element-bbc90bf elementor-widget elementor-widget-text-editor\" data-id=\"bbc90bf\" data-element_type=\"widget\" data-e-type=\"widget\" data-widget_type=\"text-editor.default\">\n\t\t\t\t<div class=\"elementor-widget-container\">\n\t\t\t\t\t\t\t\t\t<p><strong>Est-ce que le vin moldave est bon ?<\/strong> Absolument ! Ce vin blanc p\u00e9tillant illustre l&rsquo;exceptionnelle qualit\u00e9 des vins de Moldavie, parfait pour les amateurs exigeants.<\/p><p>La <strong>Cuve\u0301e de Purcari Blanc Brut <\/strong>a une teinte dor\u00e9e, saveurs d&rsquo;agrumes et un go\u00fbt complexe avec des nuances de p\u00eache. Vin surprenant et agr\u00e9ablement p\u00e9tillant, imm\u00e9diatement s\u00e9ducteur et velout\u00e9. <br \/>Un nez gourmand de fruits sucr\u00e9s : pomme jaune, citron, abricot, beurre, p\u00eache confite, mirabelle jaune, pomelo, ananas.\u00a0 Tr\u00e8s engageant, noble et \u00e9l\u00e9gant, il a un go\u00fbt cr\u00e9meux, fruit\u00e9 et rond.<\/p><p><strong>\u00c0 d\u00e9guster avec<\/strong> des crevettes, des crustac\u00e9s, du saumon fum\u00e9, du caviar, des calamars frits, des hu\u00eetres, du salami, des l\u00e9gumes, des champignons farcis, des plats aux \u0153ufs, du foie gras, des desserts \u00e0 base de fruits tels que des tartes, des cr\u00eapes et tout dessert au beurre ou au miel.<\/p><p><strong>Servez bien frais<\/strong>, entre 6 et 8\u00b0C, pour savourer toute sa finesse.<\/p><p>***<\/p><p class=\"p1\">Vous cherchez \u00e0\u00a0<b><a href=\"https:\/\/maisontanase.com\/fr\/categorie-produit\/vins-du-monde\/achetez-en-ligne-vin-de-moldavie\/\">acheter en ligne d\u2019autres vins moldaves <\/a>?<br \/><\/b>D\u00e9couvrez la\u00a0<a href=\"https:\/\/maisontanase.com\/fr\/categorie-produit\/vins-du-monde\/achetez-en-ligne-vin-de-moldavie\/\"><strong>collection exclusive de vins moldaves de Maison Tanase<\/strong><\/a>, avec des vins\u00a0<a href=\"https:\/\/maisontanase.com\/fr\/boutique\/vins-du-monde\/achetez-en-ligne-vin-de-moldavie\/negru-de-purcari\/\"><strong>rouges<\/strong><\/a>,\u00a0<a href=\"https:\/\/maisontanase.com\/fr\/boutique\/vins-du-monde\/achetez-en-ligne-vin-de-moldavie\/viorica-de-purcari\/\"><strong>blancs<\/strong><\/a>\u00a0et\u00a0<a href=\"https:\/\/maisontanase.com\/fr\/boutique\/vins-du-monde\/achetez-en-ligne-vin-de-moldavie\/rose-de-purcari\/\"><strong>ros\u00e9s<\/strong><\/a>,\u00a0<strong>paiement s\u00e9curis\u00e9 et livraison internationale rapide<\/strong>.<\/p>\t\t\t\t\t\t\t\t<\/div>\n\t\t\t\t<\/div>\n\t\t\t\t<div class=\"elementor-element elementor-element-dcfdf0c elementor-widget elementor-widget-pix-button\" data-id=\"dcfdf0c\" data-element_type=\"widget\" data-e-type=\"widget\" data-widget_type=\"pix-button.default\">\n\t\t\t\t<div class=\"elementor-widget-container\">\n\t\t\t\t\t<a  href=\"https:\/\/maisontanase.com\/wp-content\/uploads\/2022\/05\/1-PURCARI-ALB-DE-PURCARI-BRUT-SPARKLING-WHITE-PAR-MAISON-TANASE-.pdf\" class=\"btn m-0      btn-primary d-inline-flex align-items-center     btn-rounded btn-md\" target=\"_blank\" rel=\"noopener\"    ><svg class=\"pixfort-icon font-weight-bold   mr-2\" width=\"24\" height=\"24\"  data-name=\"Line\/pixfort-icon-file-duplicate-1\" viewBox=\"2 2 20 20\"><path fill=\"none\" stroke=\"var(--pf-icon-color)\" stroke-linecap=\"round\" stroke-linejoin=\"round\" stroke-width=\"var(--pf-icon-stroke-width)\" d=\"M6,7 L8.87278686,7 L8.87278686,7 C10.9175556,8.48800639 13.4920457,10.7686601 15,12.6534785 L15,19 C15,20.1045695 14.1045695,21 13,21 L6,21 C4.8954305,21 4,20.1045695 4,19 L4,9 C4,7.8954305 4.8954305,7 6,7 Z M8.65864051,7 L8.65864051,10.0721415 C8.65864051,11.6759765 9.95880559,12.9761415 11.5626405,12.9761415 L15,12.9761415 L15,12.9761415 M9,7.07720315 L9,5 C9,3.8954305 9.8954305,3 11,3 L13.8727869,3 C15.9175556,4.48800639 18.4920457,6.76866015 20,8.65347855 L20,15 C20,16.1045695 19.1045695,17 18,17 L15,17 M13.6586405,3 L13.6586405,6.07214154 C13.6586405,7.67597645 14.9588056,8.97614154 16.5626405,8.97614154 L20,8.97614154 L20,8.97614154\"\/><\/svg><span class=\"font-weight-bold \" >Voir la fiche technique<\/span><\/a>\t\t\t\t<\/div>\n\t\t\t\t<\/div>\n\t\t\t\t\t<\/div>\n\t\t<\/div>\n\t\t\t\t\t<\/div>\n\t\t<\/section>\n\t\t\t\t<\/div>\n\t\t","protected":false},"excerpt":{"rendered":"<p class=\"p1\">Achetez en ligne <strong>Cuv\u00e9e de Purcari Blanc Brut<\/strong>, un vin mousseux blanc raffin\u00e9 de <strong>Moldavie<\/strong>, pr\u00e9sent\u00e9 en<strong>\u00a0coffret cadeau\u00a0<\/strong>avec<strong>\u00a02 fl\u00fbtes \u00e0 champagne offertes.<\/strong><\/p>\n<p class=\"p1\"><strong>Parfait pour les occasions sp\u00e9ciales ou \u00e0 offrir<\/strong>, ce brut raffin\u00e9 d\u00e9voile des notes vives d&rsquo;agrumes et une finale rafra\u00eechissante.<\/p>\n<p class=\"p1\">Commandez d\u00e8s maintenant pour un <strong>paiement s\u00e9curis\u00e9<\/strong> et une <strong>livraison rapide<\/strong>.<\/p>\n<p><a href=\"https:\/\/maisontanase.com\/fr\/boutique\/vins-du-monde\/achetez-en-ligne-vin-de-moldavie\/cuvee-de-purcari-rose-brut-coffret-cadeau\/\"><strong>Disponible aussi en ros\u00e9<\/strong><\/a>!<br \/>\nD\u00e9couvrez la\u00a0<a href=\"https:\/\/maisontanase.com\/fr\/boutique\/vins-du-monde\/achetez-en-ligne-vin-de-moldavie\/cuvee-de-purcari-rose-brut-coffret-cadeau\/\"><strong>Cuv\u00e9e de Purcari Ros\u00e9 Brut<\/strong><\/a>!<\/p>\n<p><a href=\"https:\/\/maisontanase.com\/fr\/boutique\/vins-du-monde\/achetez-en-ligne-vin-de-moldavie\/cuvee-de-purcari-brut-moldavie-blanc\/\"><em>Cuv\u00e9e de Purcari Blanc Brut &#8211;<br \/>\n<strong>disponible aussi sans coffret cadeau.<\/strong><\/em><\/a><\/p>\n","protected":false},"featured_media":17550,"comment_status":"open","ping_status":"closed","template":"","meta":[],"product_brand":[],"product_cat":[145,144],"product_tag":[351,287],"class_list":{"0":"post-14547","1":"product","2":"type-product","3":"status-publish","4":"has-post-thumbnail","6":"product_cat-achetez-en-ligne-vin-de-moldavie","7":"product_cat-vins-du-monde","8":"product_tag-cuvee-de-purcari-fr","9":"product_tag-moldova-fr","11":"first","12":"outofstock","13":"shipping-taxable","14":"purchasable","15":"product-type-simple"},"yoast_head":"<!-- This site is optimized with the Yoast SEO plugin v27.3 - https:\/\/yoast.com\/product\/yoast-seo-wordpress\/ -->\n<title>Cuv\u00e9e de Purcari - Blanc Brut - Moldavie - Coffret Cadeau<\/title>\n<meta name=\"description\" content=\"Achetez en ligne Cuv\u00e9e de Purcari Brut, vin mousseux blanc moldave haut de gamme, en coffret cadeau chez Maison Tanase. Paiement s\u00e9curis\u00e9. Livraison rapide.\" \/>\n<meta name=\"robots\" content=\"index, follow, max-snippet:-1, max-image-preview:large, max-video-preview:-1\" \/>\n<link rel=\"canonical\" href=\"https:\/\/maisontanase.com\/fr\/boutique\/vins-du-monde\/achetez-en-ligne-vin-de-moldavie\/cuvee-de-purcari-blanc-brut-coffret\/\" \/>\n<meta property=\"og:locale\" content=\"fr_FR\" \/>\n<meta property=\"og:type\" content=\"article\" \/>\n<meta property=\"og:title\" content=\"Cuv\u00e9e de Purcari - Blanc Brut - Moldavie - Coffret Cadeau\" \/>\n<meta property=\"og:description\" content=\"Achetez en ligne Cuv\u00e9e de Purcari Brut, vin mousseux blanc moldave haut de gamme, en coffret cadeau chez Maison Tanase. Paiement s\u00e9curis\u00e9. Livraison rapide.\" \/>\n<meta property=\"og:url\" content=\"https:\/\/maisontanase.com\/fr\/boutique\/vins-du-monde\/achetez-en-ligne-vin-de-moldavie\/cuvee-de-purcari-blanc-brut-coffret\/\" \/>\n<meta property=\"og:site_name\" content=\"Maison Tanase\" \/>\n<meta property=\"article:modified_time\" content=\"2025-09-26T12:12:38+00:00\" \/>\n<meta property=\"og:image\" content=\"https:\/\/maisontanase.com\/wp-content\/uploads\/2022\/03\/Alb-brut-de-purcari-sparkling-white-wine-300x300.webp\" \/>\n<meta name=\"twitter:card\" content=\"summary_large_image\" \/>\n<meta name=\"twitter:title\" content=\"Cuv\u00e9e de Purcari - Blanc Brut - Moldavie - Coffret Cadeau\" \/>\n<meta name=\"twitter:description\" content=\"Achetez en ligne Cuv\u00e9e de Purcari Brut, vin mousseux blanc moldave haut de gamme, en coffret cadeau chez Maison Tanase. Paiement s\u00e9curis\u00e9. Livraison rapide.\" \/>\n<meta name=\"twitter:image\" content=\"https:\/\/maisontanase.com\/wp-content\/uploads\/2022\/03\/Alb-brut-de-purcari-sparkling-white-wine.webp\" \/>\n<meta name=\"twitter:label1\" content=\"Dur\u00e9e de lecture estim\u00e9e\" \/>\n\t<meta name=\"twitter:data1\" content=\"2 minutes\" \/>\n<script type=\"application\/ld+json\" class=\"yoast-schema-graph\">{\"@context\":\"https:\\\/\\\/schema.org\",\"@graph\":[{\"@type\":\"WebPage\",\"@id\":\"https:\\\/\\\/maisontanase.com\\\/fr\\\/boutique\\\/vins-du-monde\\\/achetez-en-ligne-vin-de-moldavie\\\/cuvee-de-purcari-blanc-brut-coffret\\\/\",\"url\":\"https:\\\/\\\/maisontanase.com\\\/fr\\\/boutique\\\/vins-du-monde\\\/achetez-en-ligne-vin-de-moldavie\\\/cuvee-de-purcari-blanc-brut-coffret\\\/\",\"name\":\"Cuv\u00e9e de Purcari - Blanc Brut - Moldavie - Coffret Cadeau\",\"isPartOf\":{\"@id\":\"https:\\\/\\\/maisontanase.com\\\/fr\\\/#website\"},\"primaryImageOfPage\":{\"@id\":\"https:\\\/\\\/maisontanase.com\\\/fr\\\/boutique\\\/vins-du-monde\\\/achetez-en-ligne-vin-de-moldavie\\\/cuvee-de-purcari-blanc-brut-coffret\\\/#primaryimage\"},\"image\":{\"@id\":\"https:\\\/\\\/maisontanase.com\\\/fr\\\/boutique\\\/vins-du-monde\\\/achetez-en-ligne-vin-de-moldavie\\\/cuvee-de-purcari-blanc-brut-coffret\\\/#primaryimage\"},\"thumbnailUrl\":\"https:\\\/\\\/maisontanase.com\\\/wp-content\\\/uploads\\\/2022\\\/03\\\/1-BUY-ONLINE-CUVEE-DE-PURCARI-BRUT-WHITE-MOLDOVA-WINE-MAISON-TANASE.png\",\"datePublished\":\"2022-03-18T18:19:41+00:00\",\"dateModified\":\"2025-09-26T12:12:38+00:00\",\"description\":\"Achetez en ligne Cuv\u00e9e de Purcari Brut, vin mousseux blanc moldave haut de gamme, en coffret cadeau chez Maison Tanase. Paiement s\u00e9curis\u00e9. Livraison rapide.\",\"breadcrumb\":{\"@id\":\"https:\\\/\\\/maisontanase.com\\\/fr\\\/boutique\\\/vins-du-monde\\\/achetez-en-ligne-vin-de-moldavie\\\/cuvee-de-purcari-blanc-brut-coffret\\\/#breadcrumb\"},\"inLanguage\":\"fr-FR\",\"potentialAction\":[{\"@type\":\"ReadAction\",\"target\":[\"https:\\\/\\\/maisontanase.com\\\/fr\\\/boutique\\\/vins-du-monde\\\/achetez-en-ligne-vin-de-moldavie\\\/cuvee-de-purcari-blanc-brut-coffret\\\/\"]}]},{\"@type\":\"ImageObject\",\"inLanguage\":\"fr-FR\",\"@id\":\"https:\\\/\\\/maisontanase.com\\\/fr\\\/boutique\\\/vins-du-monde\\\/achetez-en-ligne-vin-de-moldavie\\\/cuvee-de-purcari-blanc-brut-coffret\\\/#primaryimage\",\"url\":\"https:\\\/\\\/maisontanase.com\\\/wp-content\\\/uploads\\\/2022\\\/03\\\/1-BUY-ONLINE-CUVEE-DE-PURCARI-BRUT-WHITE-MOLDOVA-WINE-MAISON-TANASE.png\",\"contentUrl\":\"https:\\\/\\\/maisontanase.com\\\/wp-content\\\/uploads\\\/2022\\\/03\\\/1-BUY-ONLINE-CUVEE-DE-PURCARI-BRUT-WHITE-MOLDOVA-WINE-MAISON-TANASE.png\",\"width\":1000,\"height\":1000,\"caption\":\"BUY ONLINE CUVEE DE PURCARI BRUT WHITE MOLDOVA WINE MAISON TANASE\"},{\"@type\":\"BreadcrumbList\",\"@id\":\"https:\\\/\\\/maisontanase.com\\\/fr\\\/boutique\\\/vins-du-monde\\\/achetez-en-ligne-vin-de-moldavie\\\/cuvee-de-purcari-blanc-brut-coffret\\\/#breadcrumb\",\"itemListElement\":[{\"@type\":\"ListItem\",\"position\":1,\"name\":\"Accueil\",\"item\":\"https:\\\/\\\/maisontanase.com\\\/fr\\\/\"},{\"@type\":\"ListItem\",\"position\":2,\"name\":\"Boutique\",\"item\":\"https:\\\/\\\/maisontanase.com\\\/fr\\\/boutique-en-ligne-maison-tanase\\\/\"},{\"@type\":\"ListItem\",\"position\":3,\"name\":\"Cuv\u00e9e de Purcari Blanc Brut Coffret Cadeau\"}]},{\"@type\":\"WebSite\",\"@id\":\"https:\\\/\\\/maisontanase.com\\\/fr\\\/#website\",\"url\":\"https:\\\/\\\/maisontanase.com\\\/fr\\\/\",\"name\":\"Maison Tanase\",\"description\":\"Based in Bordeaux, Maison Tanase is a family-run business that produces and sells high-quality wines and spirits. Welcome to our online shop.\",\"publisher\":{\"@id\":\"https:\\\/\\\/maisontanase.com\\\/fr\\\/#organization\"},\"potentialAction\":[{\"@type\":\"SearchAction\",\"target\":{\"@type\":\"EntryPoint\",\"urlTemplate\":\"https:\\\/\\\/maisontanase.com\\\/fr\\\/?s={search_term_string}\"},\"query-input\":{\"@type\":\"PropertyValueSpecification\",\"valueRequired\":true,\"valueName\":\"search_term_string\"}}],\"inLanguage\":\"fr-FR\"},{\"@type\":\"Organization\",\"@id\":\"https:\\\/\\\/maisontanase.com\\\/fr\\\/#organization\",\"name\":\"Maison Tanase\",\"url\":\"https:\\\/\\\/maisontanase.com\\\/fr\\\/\",\"logo\":{\"@type\":\"ImageObject\",\"inLanguage\":\"fr-FR\",\"@id\":\"https:\\\/\\\/maisontanase.com\\\/fr\\\/#\\\/schema\\\/logo\\\/image\\\/\",\"url\":\"https:\\\/\\\/maisontanase.com\\\/wp-content\\\/uploads\\\/2022\\\/05\\\/maison-tanase.jpg\",\"contentUrl\":\"https:\\\/\\\/maisontanase.com\\\/wp-content\\\/uploads\\\/2022\\\/05\\\/maison-tanase.jpg\",\"width\":1200,\"height\":630,\"caption\":\"Maison Tanase\"},\"image\":{\"@id\":\"https:\\\/\\\/maisontanase.com\\\/fr\\\/#\\\/schema\\\/logo\\\/image\\\/\"}}]}<\/script>\n<!-- \/ Yoast SEO plugin. -->","yoast_head_json":{"title":"Cuv\u00e9e de Purcari - Blanc Brut - Moldavie - Coffret Cadeau","description":"Achetez en ligne Cuv\u00e9e de Purcari Brut, vin mousseux blanc moldave haut de gamme, en coffret cadeau chez Maison Tanase. Paiement s\u00e9curis\u00e9. Livraison rapide.","robots":{"index":"index","follow":"follow","max-snippet":"max-snippet:-1","max-image-preview":"max-image-preview:large","max-video-preview":"max-video-preview:-1"},"canonical":"https:\/\/maisontanase.com\/fr\/boutique\/vins-du-monde\/achetez-en-ligne-vin-de-moldavie\/cuvee-de-purcari-blanc-brut-coffret\/","og_locale":"fr_FR","og_type":"article","og_title":"Cuv\u00e9e de Purcari - Blanc Brut - Moldavie - Coffret Cadeau","og_description":"Achetez en ligne Cuv\u00e9e de Purcari Brut, vin mousseux blanc moldave haut de gamme, en coffret cadeau chez Maison Tanase. Paiement s\u00e9curis\u00e9. Livraison rapide.","og_url":"https:\/\/maisontanase.com\/fr\/boutique\/vins-du-monde\/achetez-en-ligne-vin-de-moldavie\/cuvee-de-purcari-blanc-brut-coffret\/","og_site_name":"Maison Tanase","article_modified_time":"2025-09-26T12:12:38+00:00","og_image":[{"url":"https:\/\/maisontanase.com\/wp-content\/uploads\/2022\/03\/Alb-brut-de-purcari-sparkling-white-wine-300x300.webp","type":"","width":"","height":""}],"twitter_card":"summary_large_image","twitter_title":"Cuv\u00e9e de Purcari - Blanc Brut - Moldavie - Coffret Cadeau","twitter_description":"Achetez en ligne Cuv\u00e9e de Purcari Brut, vin mousseux blanc moldave haut de gamme, en coffret cadeau chez Maison Tanase. Paiement s\u00e9curis\u00e9. Livraison rapide.","twitter_image":"https:\/\/maisontanase.com\/wp-content\/uploads\/2022\/03\/Alb-brut-de-purcari-sparkling-white-wine.webp","twitter_misc":{"Dur\u00e9e de lecture estim\u00e9e":"2 minutes"},"schema":{"@context":"https:\/\/schema.org","@graph":[{"@type":"WebPage","@id":"https:\/\/maisontanase.com\/fr\/boutique\/vins-du-monde\/achetez-en-ligne-vin-de-moldavie\/cuvee-de-purcari-blanc-brut-coffret\/","url":"https:\/\/maisontanase.com\/fr\/boutique\/vins-du-monde\/achetez-en-ligne-vin-de-moldavie\/cuvee-de-purcari-blanc-brut-coffret\/","name":"Cuv\u00e9e de Purcari - Blanc Brut - Moldavie - Coffret Cadeau","isPartOf":{"@id":"https:\/\/maisontanase.com\/fr\/#website"},"primaryImageOfPage":{"@id":"https:\/\/maisontanase.com\/fr\/boutique\/vins-du-monde\/achetez-en-ligne-vin-de-moldavie\/cuvee-de-purcari-blanc-brut-coffret\/#primaryimage"},"image":{"@id":"https:\/\/maisontanase.com\/fr\/boutique\/vins-du-monde\/achetez-en-ligne-vin-de-moldavie\/cuvee-de-purcari-blanc-brut-coffret\/#primaryimage"},"thumbnailUrl":"https:\/\/maisontanase.com\/wp-content\/uploads\/2022\/03\/1-BUY-ONLINE-CUVEE-DE-PURCARI-BRUT-WHITE-MOLDOVA-WINE-MAISON-TANASE.png","datePublished":"2022-03-18T18:19:41+00:00","dateModified":"2025-09-26T12:12:38+00:00","description":"Achetez en ligne Cuv\u00e9e de Purcari Brut, vin mousseux blanc moldave haut de gamme, en coffret cadeau chez Maison Tanase. Paiement s\u00e9curis\u00e9. Livraison rapide.","breadcrumb":{"@id":"https:\/\/maisontanase.com\/fr\/boutique\/vins-du-monde\/achetez-en-ligne-vin-de-moldavie\/cuvee-de-purcari-blanc-brut-coffret\/#breadcrumb"},"inLanguage":"fr-FR","potentialAction":[{"@type":"ReadAction","target":["https:\/\/maisontanase.com\/fr\/boutique\/vins-du-monde\/achetez-en-ligne-vin-de-moldavie\/cuvee-de-purcari-blanc-brut-coffret\/"]}]},{"@type":"ImageObject","inLanguage":"fr-FR","@id":"https:\/\/maisontanase.com\/fr\/boutique\/vins-du-monde\/achetez-en-ligne-vin-de-moldavie\/cuvee-de-purcari-blanc-brut-coffret\/#primaryimage","url":"https:\/\/maisontanase.com\/wp-content\/uploads\/2022\/03\/1-BUY-ONLINE-CUVEE-DE-PURCARI-BRUT-WHITE-MOLDOVA-WINE-MAISON-TANASE.png","contentUrl":"https:\/\/maisontanase.com\/wp-content\/uploads\/2022\/03\/1-BUY-ONLINE-CUVEE-DE-PURCARI-BRUT-WHITE-MOLDOVA-WINE-MAISON-TANASE.png","width":1000,"height":1000,"caption":"BUY ONLINE CUVEE DE PURCARI BRUT WHITE MOLDOVA WINE MAISON TANASE"},{"@type":"BreadcrumbList","@id":"https:\/\/maisontanase.com\/fr\/boutique\/vins-du-monde\/achetez-en-ligne-vin-de-moldavie\/cuvee-de-purcari-blanc-brut-coffret\/#breadcrumb","itemListElement":[{"@type":"ListItem","position":1,"name":"Accueil","item":"https:\/\/maisontanase.com\/fr\/"},{"@type":"ListItem","position":2,"name":"Boutique","item":"https:\/\/maisontanase.com\/fr\/boutique-en-ligne-maison-tanase\/"},{"@type":"ListItem","position":3,"name":"Cuv\u00e9e de Purcari Blanc Brut Coffret Cadeau"}]},{"@type":"WebSite","@id":"https:\/\/maisontanase.com\/fr\/#website","url":"https:\/\/maisontanase.com\/fr\/","name":"Maison Tanase","description":"Based in Bordeaux, Maison Tanase is a family-run business that produces and sells high-quality wines and spirits. Welcome to our online shop.","publisher":{"@id":"https:\/\/maisontanase.com\/fr\/#organization"},"potentialAction":[{"@type":"SearchAction","target":{"@type":"EntryPoint","urlTemplate":"https:\/\/maisontanase.com\/fr\/?s={search_term_string}"},"query-input":{"@type":"PropertyValueSpecification","valueRequired":true,"valueName":"search_term_string"}}],"inLanguage":"fr-FR"},{"@type":"Organization","@id":"https:\/\/maisontanase.com\/fr\/#organization","name":"Maison Tanase","url":"https:\/\/maisontanase.com\/fr\/","logo":{"@type":"ImageObject","inLanguage":"fr-FR","@id":"https:\/\/maisontanase.com\/fr\/#\/schema\/logo\/image\/","url":"https:\/\/maisontanase.com\/wp-content\/uploads\/2022\/05\/maison-tanase.jpg","contentUrl":"https:\/\/maisontanase.com\/wp-content\/uploads\/2022\/05\/maison-tanase.jpg","width":1200,"height":630,"caption":"Maison Tanase"},"image":{"@id":"https:\/\/maisontanase.com\/fr\/#\/schema\/logo\/image\/"}}]}},"_links":{"self":[{"href":"https:\/\/maisontanase.com\/fr\/wp-json\/wp\/v2\/product\/14547","targetHints":{"allow":["GET"]}}],"collection":[{"href":"https:\/\/maisontanase.com\/fr\/wp-json\/wp\/v2\/product"}],"about":[{"href":"https:\/\/maisontanase.com\/fr\/wp-json\/wp\/v2\/types\/product"}],"replies":[{"embeddable":true,"href":"https:\/\/maisontanase.com\/fr\/wp-json\/wp\/v2\/comments?post=14547"}],"version-history":[{"count":33,"href":"https:\/\/maisontanase.com\/fr\/wp-json\/wp\/v2\/product\/14547\/revisions"}],"predecessor-version":[{"id":19320,"href":"https:\/\/maisontanase.com\/fr\/wp-json\/wp\/v2\/product\/14547\/revisions\/19320"}],"wp:featuredmedia":[{"embeddable":true,"href":"https:\/\/maisontanase.com\/fr\/wp-json\/wp\/v2\/media\/17550"}],"wp:attachment":[{"href":"https:\/\/maisontanase.com\/fr\/wp-json\/wp\/v2\/media?parent=14547"}],"wp:term":[{"taxonomy":"product_brand","embeddable":true,"href":"https:\/\/maisontanase.com\/fr\/wp-json\/wp\/v2\/product_brand?post=14547"},{"taxonomy":"product_cat","embeddable":true,"href":"https:\/\/maisontanase.com\/fr\/wp-json\/wp\/v2\/product_cat?post=14547"},{"taxonomy":"product_tag","embeddable":true,"href":"https:\/\/maisontanase.com\/fr\/wp-json\/wp\/v2\/product_tag?post=14547"}],"curies":[{"name":"wp","href":"https:\/\/api.w.org\/{rel}","templated":true}]}}