
{"id":14545,"date":"2022-03-18T20:03:21","date_gmt":"2022-03-18T19:03:21","guid":{"rendered":"https:\/\/maisontanase.com\/shop\/non%20class\u00e9\/negru-de-purcari\/"},"modified":"2026-04-30T22:43:31","modified_gmt":"2026-04-30T20:43:31","slug":"negru-de-purcari","status":"publish","type":"product","link":"https:\/\/maisontanase.com\/fr\/boutique\/vins-du-monde\/achetez-en-ligne-vin-de-moldavie\/negru-de-purcari\/","title":{"rendered":"Negru de Purcari 2022 &#8211; Moldavie &#8211; Rouge"},"content":{"rendered":"\t\t<div data-elementor-type=\"wp-post\" data-elementor-id=\"14545\" class=\"elementor elementor-14545 elementor-14039\">\n\t\t\t\t\t\t<section class=\"elementor-section elementor-top-section elementor-element elementor-element-dfcbcc4 elementor-section-boxed elementor-section-height-default elementor-section-height-default\" data-id=\"dfcbcc4\" data-element_type=\"section\" data-e-type=\"section\" data-settings=\"{&quot;pix_scale_in&quot;:&quot;none&quot;}\">\n\t\t\t\t\t\t<div class=\"elementor-container elementor-column-gap-default\">\n\t\t\t\t\t<div class=\"elementor-column elementor-col-100 elementor-top-column elementor-element elementor-element-f0839c7\" data-id=\"f0839c7\" data-element_type=\"column\" data-e-type=\"column\" data-settings=\"{&quot;pix_scale_in&quot;:&quot;none&quot;}\">\n\t\t\t<div class=\"elementor-widget-wrap elementor-element-populated\">\n\t\t\t\t\t\t<div class=\"elementor-element elementor-element-121adfd elementor-widget elementor-widget-text-editor\" data-id=\"121adfd\" data-element_type=\"widget\" data-e-type=\"widget\" data-widget_type=\"text-editor.default\">\n\t\t\t\t<div class=\"elementor-widget-container\">\n\t\t\t\t\t\t\t\t\t<p><strong>Acheter le vin moldave Negru de Purcari en ligne.<\/strong><\/p><p><strong>Vin rouge sec premium, produit en Moldavie.<\/strong><\/p>\t\t\t\t\t\t\t\t<\/div>\n\t\t\t\t<\/div>\n\t\t\t\t<div class=\"elementor-element elementor-element-a9fd3c9 elementor-widget elementor-widget-heading\" data-id=\"a9fd3c9\" data-element_type=\"widget\" data-e-type=\"widget\" data-widget_type=\"heading.default\">\n\t\t\t\t<div class=\"elementor-widget-container\">\n\t\t\t\t\t<h2 class=\"elementor-heading-title elementor-size-default\">Histoire<\/h2>\t\t\t\t<\/div>\n\t\t\t\t<\/div>\n\t\t\t\t<div class=\"elementor-element elementor-element-f4eeb0a elementor-widget elementor-widget-text-editor\" data-id=\"f4eeb0a\" data-element_type=\"widget\" data-e-type=\"widget\" data-widget_type=\"text-editor.default\">\n\t\t\t\t<div class=\"elementor-widget-container\">\n\t\t\t\t\t\t\t\t\t<p>Le Ch\u00e2teau <strong>Purcari est un leader dans la production de vins haut de gamme en Moldavie.<\/strong> C&rsquo;est aussi <strong>la cave la plus prim\u00e9e d&rsquo;Europe centrale et orientale.<\/strong><\/p><p>L\u2019histoire du domaine remonte au XIX\u1d49 si\u00e8cle, lorsque <strong>des colons fran\u00e7ais s\u2019associ\u00e8rent aux moines locaux pour planter ici des c\u00e9pages bordelais aux c\u00f4t\u00e9s des vari\u00e9t\u00e9s autochtones, posant les bases d\u2019une tradition viticole unique en Moldavie<\/strong>.<\/p><p>Au fil des ann\u00e9es, <strong>Purcari a remport\u00e9 des centaines de m\u00e9dailles dans des concours internationaux<\/strong>, dont le Decanter World Wine Awards, International Wine &amp; Spirits Competition et le Challenge International du Vin, ce qui en fait le domaine le plus r\u00e9compens\u00e9 d\u2019Europe centrale et orientale.<\/p>\t\t\t\t\t\t\t\t<\/div>\n\t\t\t\t<\/div>\n\t\t\t\t<div class=\"elementor-element elementor-element-e53be77 elementor-widget elementor-widget-heading\" data-id=\"e53be77\" data-element_type=\"widget\" data-e-type=\"widget\" data-widget_type=\"heading.default\">\n\t\t\t\t<div class=\"elementor-widget-container\">\n\t\t\t\t\t<h2 class=\"elementor-heading-title elementor-size-default\">Viticulture<\/h2>\t\t\t\t<\/div>\n\t\t\t\t<\/div>\n\t\t\t\t<div class=\"elementor-element elementor-element-e022eb5 elementor-widget elementor-widget-text-editor\" data-id=\"e022eb5\" data-element_type=\"widget\" data-e-type=\"widget\" data-widget_type=\"text-editor.default\">\n\t\t\t\t<div class=\"elementor-widget-container\">\n\t\t\t\t\t\t\t\t\t<p>Purcari pratique une<strong> viticulture raisonn\u00e9e<\/strong>, respectueuse de l\u2019environnement et des cycles naturels du terroir et de la vigne, garantissant des raisins de qualit\u00e9 exceptionnelle.<\/p>\t\t\t\t\t\t\t\t<\/div>\n\t\t\t\t<\/div>\n\t\t\t\t<div class=\"elementor-element elementor-element-5c2148a elementor-widget elementor-widget-heading\" data-id=\"5c2148a\" data-element_type=\"widget\" data-e-type=\"widget\" data-widget_type=\"heading.default\">\n\t\t\t\t<div class=\"elementor-widget-container\">\n\t\t\t\t\t<h2 class=\"elementor-heading-title elementor-size-default\">Vinification<\/h2>\t\t\t\t<\/div>\n\t\t\t\t<\/div>\n\t\t\t\t<div class=\"elementor-element elementor-element-f24e5a7 elementor-widget elementor-widget-text-editor\" data-id=\"f24e5a7\" data-element_type=\"widget\" data-e-type=\"widget\" data-widget_type=\"text-editor.default\">\n\t\t\t\t<div class=\"elementor-widget-container\">\n\t\t\t\t\t\t\t\t\t<p>Cet assemblage prestigieux marie 70 % Cabernet-Sauvignon, 25 % Saperavi et <strong>5 % Rara Neagr\u0103 \u2013 un c\u00e9page indig\u00e8ne rare et authentique de Moldavie.<\/strong> <\/p><p>Vieilli pendant <strong>18 mois en f\u00fbts de ch\u00eane fran\u00e7ais<\/strong>.<\/p>\t\t\t\t\t\t\t\t<\/div>\n\t\t\t\t<\/div>\n\t\t\t\t<div class=\"elementor-element elementor-element-7cae827 elementor-widget elementor-widget-heading\" data-id=\"7cae827\" data-element_type=\"widget\" data-e-type=\"widget\" data-widget_type=\"heading.default\">\n\t\t\t\t<div class=\"elementor-widget-container\">\n\t\t\t\t\t<h2 class=\"elementor-heading-title elementor-size-default\">D\u00e9gustation<\/h2>\t\t\t\t<\/div>\n\t\t\t\t<\/div>\n\t\t\t\t<div class=\"elementor-element elementor-element-bbc90bf elementor-widget elementor-widget-text-editor\" data-id=\"bbc90bf\" data-element_type=\"widget\" data-e-type=\"widget\" data-widget_type=\"text-editor.default\">\n\t\t\t\t<div class=\"elementor-widget-container\">\n\t\t\t\t\t\t\t\t\t<p data-start=\"246\" data-end=\"357\">D\u2019une robe pourpre profonde et noble, le <strong data-start=\"246\" data-end=\"355\">Negru de Purcari est un v\u00e9ritable chef-d\u2019\u0153uvre de l\u2019art viticole moldave.<\/strong><\/p><p data-start=\"359\" data-end=\"736\"><strong>Au nez<\/strong>, il r\u00e9v\u00e8le une <strong>complexit\u00e9 remarquable<\/strong> avec une explosion d\u2019ar\u00f4mes de fruits bleus et noirs : prunes juteuses, cassis, m\u00fbres bien m\u00fbres, cerises noires, m\u00fbriers, myrtilles, griottes et framboises noires sauvages. Des notes florales de violette s\u2019entrelacent \u00e0 des \u00e9pices d\u00e9licates \u2013 poivre noir, clou de girofle \u2013 ainsi qu\u2019\u00e0 de subtils accents de cuir et de feuille de tabac, formant un <strong>bouquet aromatique \u00e9l\u00e9gant et raffin\u00e9.<\/strong> <\/p><p data-start=\"738\" data-end=\"1031\"><strong>En bouche<\/strong>, ce vin rouge sec impressionne par ses tanins \u00e0 la fois soyeux et fermes. <br><strong>Riche et velout\u00e9<\/strong>, il trouve l\u2019\u00e9quilibre parfait entre puissance et \u00e9l\u00e9gance. <strong>Structur\u00e9, audacieux et harmonieux<\/strong>, il offre une finale longue et persistante, avec une<strong> bouche juteuse et raffin\u00e9e qui rend chaque gorg\u00e9e m\u00e9morable.<\/strong><\/p><p data-start=\"1033\" data-end=\"1171\"><strong data-start=\"1033\" data-end=\"1050\">Accords mets-vin :<\/strong> un accord exquis avec des fromages affin\u00e9s, des plats de viande tels que des steaks de porc, des c\u00f4telettes de veau juteuses ou encore diverses grillades.<br><strong data-start=\"1173\" data-end=\"1196\">Conseil de service :<\/strong> carafer 30 minutes avant d\u00e9gustation et servir entre 18 et 20\u00b0C afin d\u2019appr\u00e9cier toute sa profondeur et sa complexit\u00e9.<\/p>\t\t\t\t\t\t\t\t<\/div>\n\t\t\t\t<\/div>\n\t\t\t\t<div class=\"elementor-element elementor-element-27cdb35 elementor-widget elementor-widget-heading\" data-id=\"27cdb35\" data-element_type=\"widget\" data-e-type=\"widget\" data-widget_type=\"heading.default\">\n\t\t\t\t<div class=\"elementor-widget-container\">\n\t\t\t\t\t<h2 class=\"elementor-heading-title elementor-size-default\">D\u00e9couvrez aussi\u2026\n<\/h2>\t\t\t\t<\/div>\n\t\t\t\t<\/div>\n\t\t\t\t<div class=\"elementor-element elementor-element-27b2430 elementor-widget elementor-widget-text-editor\" data-id=\"27b2430\" data-element_type=\"widget\" data-e-type=\"widget\" data-widget_type=\"text-editor.default\">\n\t\t\t\t<div class=\"elementor-widget-container\">\n\t\t\t\t\t\t\t\t\t<p><a href=\"https:\/\/maisontanase.com\/fr\/ou-acheter-les-meilleurs-vins-moldaves\/\">Explorez la s\u00e9lection exclusive de vins moldaves<\/a> propos\u00e9e par Maison Tanase : <a href=\"https:\/\/maisontanase.com\/fr\/boutique\/vins-du-monde\/achetez-en-ligne-vin-de-moldavie\/freedom-blend-de-purcari\/\">vins rouges<\/a>, <a href=\"https:\/\/maisontanase.com\/fr\/boutique\/vins-du-monde\/achetez-en-ligne-vin-de-moldavie\/chardonnay-de-purcari\/\">blancs <\/a>et <a href=\"https:\/\/maisontanase.com\/fr\/boutique\/vins-du-monde\/achetez-en-ligne-vin-de-moldavie\/rose-de-purcari\/\">ros\u00e9s <\/a>d\u2019exception, <strong>disponibles aux meilleurs prix en ligne<\/strong>, avec <strong>paiement s\u00e9curis\u00e9 et livraison rapide en France et en Europe.<\/strong> <\/p><p data-pm-slice=\"1 1 []\">Et pour les amateurs de grands classiques, d\u00e9couvrez \u00e9galement <a href=\"https:\/\/maisontanase.com\/fr\/categorie-produit\/vins-francais\/\"><strong>notre collection de vins fran\u00e7ais<\/strong><\/a>, <strong><a href=\"https:\/\/maisontanase.com\/fr\/categorie-produit\/grands-crus\/\">Grands Crus de Bordeaux<\/a><\/strong> et <a href=\"https:\/\/maisontanase.com\/fr\/categorie-produit\/champagne-pour-toutes-occasions\/\"><strong>Champagnes prestigieux.<\/strong><\/a><\/p>\t\t\t\t\t\t\t\t<\/div>\n\t\t\t\t<\/div>\n\t\t\t\t<div class=\"elementor-element elementor-element-dcfdf0c elementor-widget elementor-widget-pix-button\" data-id=\"dcfdf0c\" data-element_type=\"widget\" data-e-type=\"widget\" data-widget_type=\"pix-button.default\">\n\t\t\t\t<div class=\"elementor-widget-container\">\n\t\t\t\t\t<a  href=\"https:\/\/maisontanase.com\/wp-content\/uploads\/2022\/05\/1-PURCARI-NEGRU-DE-PURCARI-RED-DRY-WINE-BY-MAISON-TANASE.pdf\" class=\"btn m-0      btn-primary d-inline-flex align-items-center     btn-rounded btn-md\" target=\"_blank\" rel=\"noopener\"    ><svg class=\"pixfort-icon font-weight-bold   mr-2\" width=\"24\" height=\"24\"  data-name=\"Line\/pixfort-icon-file-duplicate-1\" viewBox=\"2 2 20 20\"><path fill=\"none\" stroke=\"var(--pf-icon-color)\" stroke-linecap=\"round\" stroke-linejoin=\"round\" stroke-width=\"var(--pf-icon-stroke-width)\" d=\"M6,7 L8.87278686,7 L8.87278686,7 C10.9175556,8.48800639 13.4920457,10.7686601 15,12.6534785 L15,19 C15,20.1045695 14.1045695,21 13,21 L6,21 C4.8954305,21 4,20.1045695 4,19 L4,9 C4,7.8954305 4.8954305,7 6,7 Z M8.65864051,7 L8.65864051,10.0721415 C8.65864051,11.6759765 9.95880559,12.9761415 11.5626405,12.9761415 L15,12.9761415 L15,12.9761415 M9,7.07720315 L9,5 C9,3.8954305 9.8954305,3 11,3 L13.8727869,3 C15.9175556,4.48800639 18.4920457,6.76866015 20,8.65347855 L20,15 C20,16.1045695 19.1045695,17 18,17 L15,17 M13.6586405,3 L13.6586405,6.07214154 C13.6586405,7.67597645 14.9588056,8.97614154 16.5626405,8.97614154 L20,8.97614154 L20,8.97614154\"\/><\/svg><span class=\"font-weight-bold \" >Voir la fiche technique<\/span><\/a>\t\t\t\t<\/div>\n\t\t\t\t<\/div>\n\t\t\t\t\t<\/div>\n\t\t<\/div>\n\t\t\t\t\t<\/div>\n\t\t<\/section>\n\t\t\t\t<\/div>\n\t\t","protected":false},"excerpt":{"rendered":"<p class=\"p1\"><strong>Commandez en ligne le Negru de Purcari. <\/strong><\/p>\n<p class=\"p1\">Ce vin rouge sec d\u2019exception, est \u00e9labor\u00e9 en Moldavie \u00e0 partir de <strong>70% Cabernet-Sauvignon, 25% Saperavi et 5% Rara Neagr\u0103<\/strong>, un c\u00e9page autochtone embl\u00e9matique.<\/p>\n<p class=\"p1\">Vieilli pendant <strong>18 mois en f\u00fbts de ch\u00eane fran\u00e7ais.<\/strong><\/p>\n","protected":false},"featured_media":14041,"comment_status":"open","ping_status":"closed","template":"","meta":[],"product_brand":[],"product_cat":[145,144],"product_tag":[425,170,151,171],"class_list":{"0":"post-14545","1":"product","2":"type-product","3":"status-publish","4":"has-post-thumbnail","6":"product_cat-achetez-en-ligne-vin-de-moldavie","7":"product_cat-vins-du-monde","8":"product_tag-cepage-indigene","9":"product_tag-maison-tanase-fr","10":"product_tag-negru-de-purcari-fr","11":"product_tag-vin-rouge","13":"first","14":"instock","15":"shipping-taxable","16":"purchasable","17":"product-type-simple"},"yoast_head":"<!-- This site is optimized with the Yoast SEO plugin v27.3 - https:\/\/yoast.com\/product\/yoast-seo-wordpress\/ -->\n<title>Negru de Purcari - Vin Rouge Sec - Moldavie - Maison Tanase<\/title>\n<meta name=\"description\" content=\"Buy Negru de Purcari online. Dry red wine made in Moldova with 70% Cabernet-Sauvignon, 25% Saperavi, 5% Rara Neagra, an indigenous grape variety.\" \/>\n<meta name=\"robots\" content=\"index, follow, max-snippet:-1, max-image-preview:large, max-video-preview:-1\" \/>\n<link rel=\"canonical\" href=\"https:\/\/maisontanase.com\/fr\/boutique\/vins-du-monde\/achetez-en-ligne-vin-de-moldavie\/negru-de-purcari\/\" \/>\n<meta property=\"og:locale\" content=\"fr_FR\" \/>\n<meta property=\"og:type\" content=\"article\" \/>\n<meta property=\"og:title\" content=\"Negru de Purcari - Vin rouge sec - Maison Tanase\" \/>\n<meta property=\"og:description\" content=\"Achetez le vin Negru de Purcari en ligne sur la boutique Maison Tanase. Purcari est situ\u00e9 dans la r\u00e9gion viticole de Purcari, au sud de la Moldavie.\" \/>\n<meta property=\"og:url\" content=\"https:\/\/maisontanase.com\/fr\/boutique\/vins-du-monde\/achetez-en-ligne-vin-de-moldavie\/negru-de-purcari\/\" \/>\n<meta property=\"og:site_name\" content=\"Maison Tanase\" \/>\n<meta property=\"article:modified_time\" content=\"2026-04-30T20:43:31+00:00\" \/>\n<meta property=\"og:image\" content=\"https:\/\/maisontanase.com\/wp-content\/uploads\/2022\/03\/Negru-de-Purcari_Maison-Tanase-01-1024x1024.png\" \/>\n\t<meta property=\"og:image:width\" content=\"1024\" \/>\n\t<meta property=\"og:image:height\" content=\"1024\" \/>\n\t<meta property=\"og:image:type\" content=\"image\/png\" \/>\n<meta name=\"twitter:card\" content=\"summary_large_image\" \/>\n<meta name=\"twitter:title\" content=\"Negru de Purcari - Vin rouge sec - Maison Tanase\" \/>\n<meta name=\"twitter:description\" content=\"Achetez le vin Negru de Purcari en ligne sur la boutique Maison Tanase. Purcari est situ\u00e9 dans la r\u00e9gion viticole de Purcari, au sud de la Moldavie.\" \/>\n<meta name=\"twitter:image\" content=\"https:\/\/maisontanase.com\/wp-content\/uploads\/2022\/03\/negru-de-purcari-red-wine-moldova.webp\" \/>\n<meta name=\"twitter:label1\" content=\"Dur\u00e9e de lecture estim\u00e9e\" \/>\n\t<meta name=\"twitter:data1\" content=\"3 minutes\" \/>\n<script type=\"application\/ld+json\" class=\"yoast-schema-graph\">{\"@context\":\"https:\\\/\\\/schema.org\",\"@graph\":[{\"@type\":\"WebPage\",\"@id\":\"https:\\\/\\\/maisontanase.com\\\/fr\\\/boutique\\\/vins-du-monde\\\/achetez-en-ligne-vin-de-moldavie\\\/negru-de-purcari\\\/\",\"url\":\"https:\\\/\\\/maisontanase.com\\\/fr\\\/boutique\\\/vins-du-monde\\\/achetez-en-ligne-vin-de-moldavie\\\/negru-de-purcari\\\/\",\"name\":\"Negru de Purcari - Vin Rouge Sec - Moldavie - Maison Tanase\",\"isPartOf\":{\"@id\":\"https:\\\/\\\/maisontanase.com\\\/fr\\\/#website\"},\"primaryImageOfPage\":{\"@id\":\"https:\\\/\\\/maisontanase.com\\\/fr\\\/boutique\\\/vins-du-monde\\\/achetez-en-ligne-vin-de-moldavie\\\/negru-de-purcari\\\/#primaryimage\"},\"image\":{\"@id\":\"https:\\\/\\\/maisontanase.com\\\/fr\\\/boutique\\\/vins-du-monde\\\/achetez-en-ligne-vin-de-moldavie\\\/negru-de-purcari\\\/#primaryimage\"},\"thumbnailUrl\":\"https:\\\/\\\/maisontanase.com\\\/wp-content\\\/uploads\\\/2022\\\/03\\\/negru-de-purcari-red-wine-moldova.webp\",\"datePublished\":\"2022-03-18T19:03:21+00:00\",\"dateModified\":\"2026-04-30T20:43:31+00:00\",\"description\":\"Buy Negru de Purcari online. Dry red wine made in Moldova with 70% Cabernet-Sauvignon, 25% Saperavi, 5% Rara Neagra, an indigenous grape variety.\",\"breadcrumb\":{\"@id\":\"https:\\\/\\\/maisontanase.com\\\/fr\\\/boutique\\\/vins-du-monde\\\/achetez-en-ligne-vin-de-moldavie\\\/negru-de-purcari\\\/#breadcrumb\"},\"inLanguage\":\"fr-FR\",\"potentialAction\":[{\"@type\":\"ReadAction\",\"target\":[\"https:\\\/\\\/maisontanase.com\\\/fr\\\/boutique\\\/vins-du-monde\\\/achetez-en-ligne-vin-de-moldavie\\\/negru-de-purcari\\\/\"]}]},{\"@type\":\"ImageObject\",\"inLanguage\":\"fr-FR\",\"@id\":\"https:\\\/\\\/maisontanase.com\\\/fr\\\/boutique\\\/vins-du-monde\\\/achetez-en-ligne-vin-de-moldavie\\\/negru-de-purcari\\\/#primaryimage\",\"url\":\"https:\\\/\\\/maisontanase.com\\\/wp-content\\\/uploads\\\/2022\\\/03\\\/negru-de-purcari-red-wine-moldova.webp\",\"contentUrl\":\"https:\\\/\\\/maisontanase.com\\\/wp-content\\\/uploads\\\/2022\\\/03\\\/negru-de-purcari-red-wine-moldova.webp\",\"width\":1000,\"height\":1000,\"caption\":\"Achetez le Negru de Purcari \u2013 un vin rouge moldave prestigieux parmi les meilleurs vin de Moldavie a un super prix.\"},{\"@type\":\"BreadcrumbList\",\"@id\":\"https:\\\/\\\/maisontanase.com\\\/fr\\\/boutique\\\/vins-du-monde\\\/achetez-en-ligne-vin-de-moldavie\\\/negru-de-purcari\\\/#breadcrumb\",\"itemListElement\":[{\"@type\":\"ListItem\",\"position\":1,\"name\":\"Accueil\",\"item\":\"https:\\\/\\\/maisontanase.com\\\/fr\\\/\"},{\"@type\":\"ListItem\",\"position\":2,\"name\":\"Boutique\",\"item\":\"https:\\\/\\\/maisontanase.com\\\/fr\\\/boutique-en-ligne-maison-tanase\\\/\"},{\"@type\":\"ListItem\",\"position\":3,\"name\":\"Negru de Purcari 2022 &#8211; Moldavie &#8211; Rouge\"}]},{\"@type\":\"WebSite\",\"@id\":\"https:\\\/\\\/maisontanase.com\\\/fr\\\/#website\",\"url\":\"https:\\\/\\\/maisontanase.com\\\/fr\\\/\",\"name\":\"Maison Tanase\",\"description\":\"Based in Bordeaux, Maison Tanase is a family-run business that produces and sells high-quality wines and spirits. Welcome to our online shop.\",\"publisher\":{\"@id\":\"https:\\\/\\\/maisontanase.com\\\/fr\\\/#organization\"},\"potentialAction\":[{\"@type\":\"SearchAction\",\"target\":{\"@type\":\"EntryPoint\",\"urlTemplate\":\"https:\\\/\\\/maisontanase.com\\\/fr\\\/?s={search_term_string}\"},\"query-input\":{\"@type\":\"PropertyValueSpecification\",\"valueRequired\":true,\"valueName\":\"search_term_string\"}}],\"inLanguage\":\"fr-FR\"},{\"@type\":\"Organization\",\"@id\":\"https:\\\/\\\/maisontanase.com\\\/fr\\\/#organization\",\"name\":\"Maison Tanase\",\"url\":\"https:\\\/\\\/maisontanase.com\\\/fr\\\/\",\"logo\":{\"@type\":\"ImageObject\",\"inLanguage\":\"fr-FR\",\"@id\":\"https:\\\/\\\/maisontanase.com\\\/fr\\\/#\\\/schema\\\/logo\\\/image\\\/\",\"url\":\"https:\\\/\\\/maisontanase.com\\\/wp-content\\\/uploads\\\/2022\\\/05\\\/maison-tanase.jpg\",\"contentUrl\":\"https:\\\/\\\/maisontanase.com\\\/wp-content\\\/uploads\\\/2022\\\/05\\\/maison-tanase.jpg\",\"width\":1200,\"height\":630,\"caption\":\"Maison Tanase\"},\"image\":{\"@id\":\"https:\\\/\\\/maisontanase.com\\\/fr\\\/#\\\/schema\\\/logo\\\/image\\\/\"}}]}<\/script>\n<!-- \/ Yoast SEO plugin. -->","yoast_head_json":{"title":"Negru de Purcari - Vin Rouge Sec - Moldavie - Maison Tanase","description":"Buy Negru de Purcari online. Dry red wine made in Moldova with 70% Cabernet-Sauvignon, 25% Saperavi, 5% Rara Neagra, an indigenous grape variety.","robots":{"index":"index","follow":"follow","max-snippet":"max-snippet:-1","max-image-preview":"max-image-preview:large","max-video-preview":"max-video-preview:-1"},"canonical":"https:\/\/maisontanase.com\/fr\/boutique\/vins-du-monde\/achetez-en-ligne-vin-de-moldavie\/negru-de-purcari\/","og_locale":"fr_FR","og_type":"article","og_title":"Negru de Purcari - Vin rouge sec - Maison Tanase","og_description":"Achetez le vin Negru de Purcari en ligne sur la boutique Maison Tanase. Purcari est situ\u00e9 dans la r\u00e9gion viticole de Purcari, au sud de la Moldavie.","og_url":"https:\/\/maisontanase.com\/fr\/boutique\/vins-du-monde\/achetez-en-ligne-vin-de-moldavie\/negru-de-purcari\/","og_site_name":"Maison Tanase","article_modified_time":"2026-04-30T20:43:31+00:00","og_image":[{"width":1024,"height":1024,"url":"https:\/\/maisontanase.com\/wp-content\/uploads\/2022\/03\/Negru-de-Purcari_Maison-Tanase-01-1024x1024.png","type":"image\/png"}],"twitter_card":"summary_large_image","twitter_title":"Negru de Purcari - Vin rouge sec - Maison Tanase","twitter_description":"Achetez le vin Negru de Purcari en ligne sur la boutique Maison Tanase. Purcari est situ\u00e9 dans la r\u00e9gion viticole de Purcari, au sud de la Moldavie.","twitter_image":"https:\/\/maisontanase.com\/wp-content\/uploads\/2022\/03\/negru-de-purcari-red-wine-moldova.webp","twitter_misc":{"Dur\u00e9e de lecture estim\u00e9e":"3 minutes"},"schema":{"@context":"https:\/\/schema.org","@graph":[{"@type":"WebPage","@id":"https:\/\/maisontanase.com\/fr\/boutique\/vins-du-monde\/achetez-en-ligne-vin-de-moldavie\/negru-de-purcari\/","url":"https:\/\/maisontanase.com\/fr\/boutique\/vins-du-monde\/achetez-en-ligne-vin-de-moldavie\/negru-de-purcari\/","name":"Negru de Purcari - Vin Rouge Sec - Moldavie - Maison Tanase","isPartOf":{"@id":"https:\/\/maisontanase.com\/fr\/#website"},"primaryImageOfPage":{"@id":"https:\/\/maisontanase.com\/fr\/boutique\/vins-du-monde\/achetez-en-ligne-vin-de-moldavie\/negru-de-purcari\/#primaryimage"},"image":{"@id":"https:\/\/maisontanase.com\/fr\/boutique\/vins-du-monde\/achetez-en-ligne-vin-de-moldavie\/negru-de-purcari\/#primaryimage"},"thumbnailUrl":"https:\/\/maisontanase.com\/wp-content\/uploads\/2022\/03\/negru-de-purcari-red-wine-moldova.webp","datePublished":"2022-03-18T19:03:21+00:00","dateModified":"2026-04-30T20:43:31+00:00","description":"Buy Negru de Purcari online. Dry red wine made in Moldova with 70% Cabernet-Sauvignon, 25% Saperavi, 5% Rara Neagra, an indigenous grape variety.","breadcrumb":{"@id":"https:\/\/maisontanase.com\/fr\/boutique\/vins-du-monde\/achetez-en-ligne-vin-de-moldavie\/negru-de-purcari\/#breadcrumb"},"inLanguage":"fr-FR","potentialAction":[{"@type":"ReadAction","target":["https:\/\/maisontanase.com\/fr\/boutique\/vins-du-monde\/achetez-en-ligne-vin-de-moldavie\/negru-de-purcari\/"]}]},{"@type":"ImageObject","inLanguage":"fr-FR","@id":"https:\/\/maisontanase.com\/fr\/boutique\/vins-du-monde\/achetez-en-ligne-vin-de-moldavie\/negru-de-purcari\/#primaryimage","url":"https:\/\/maisontanase.com\/wp-content\/uploads\/2022\/03\/negru-de-purcari-red-wine-moldova.webp","contentUrl":"https:\/\/maisontanase.com\/wp-content\/uploads\/2022\/03\/negru-de-purcari-red-wine-moldova.webp","width":1000,"height":1000,"caption":"Achetez le Negru de Purcari \u2013 un vin rouge moldave prestigieux parmi les meilleurs vin de Moldavie a un super prix."},{"@type":"BreadcrumbList","@id":"https:\/\/maisontanase.com\/fr\/boutique\/vins-du-monde\/achetez-en-ligne-vin-de-moldavie\/negru-de-purcari\/#breadcrumb","itemListElement":[{"@type":"ListItem","position":1,"name":"Accueil","item":"https:\/\/maisontanase.com\/fr\/"},{"@type":"ListItem","position":2,"name":"Boutique","item":"https:\/\/maisontanase.com\/fr\/boutique-en-ligne-maison-tanase\/"},{"@type":"ListItem","position":3,"name":"Negru de Purcari 2022 &#8211; Moldavie &#8211; Rouge"}]},{"@type":"WebSite","@id":"https:\/\/maisontanase.com\/fr\/#website","url":"https:\/\/maisontanase.com\/fr\/","name":"Maison Tanase","description":"Based in Bordeaux, Maison Tanase is a family-run business that produces and sells high-quality wines and spirits. Welcome to our online shop.","publisher":{"@id":"https:\/\/maisontanase.com\/fr\/#organization"},"potentialAction":[{"@type":"SearchAction","target":{"@type":"EntryPoint","urlTemplate":"https:\/\/maisontanase.com\/fr\/?s={search_term_string}"},"query-input":{"@type":"PropertyValueSpecification","valueRequired":true,"valueName":"search_term_string"}}],"inLanguage":"fr-FR"},{"@type":"Organization","@id":"https:\/\/maisontanase.com\/fr\/#organization","name":"Maison Tanase","url":"https:\/\/maisontanase.com\/fr\/","logo":{"@type":"ImageObject","inLanguage":"fr-FR","@id":"https:\/\/maisontanase.com\/fr\/#\/schema\/logo\/image\/","url":"https:\/\/maisontanase.com\/wp-content\/uploads\/2022\/05\/maison-tanase.jpg","contentUrl":"https:\/\/maisontanase.com\/wp-content\/uploads\/2022\/05\/maison-tanase.jpg","width":1200,"height":630,"caption":"Maison Tanase"},"image":{"@id":"https:\/\/maisontanase.com\/fr\/#\/schema\/logo\/image\/"}}]}},"_links":{"self":[{"href":"https:\/\/maisontanase.com\/fr\/wp-json\/wp\/v2\/product\/14545","targetHints":{"allow":["GET"]}}],"collection":[{"href":"https:\/\/maisontanase.com\/fr\/wp-json\/wp\/v2\/product"}],"about":[{"href":"https:\/\/maisontanase.com\/fr\/wp-json\/wp\/v2\/types\/product"}],"replies":[{"embeddable":true,"href":"https:\/\/maisontanase.com\/fr\/wp-json\/wp\/v2\/comments?post=14545"}],"version-history":[{"count":43,"href":"https:\/\/maisontanase.com\/fr\/wp-json\/wp\/v2\/product\/14545\/revisions"}],"predecessor-version":[{"id":19429,"href":"https:\/\/maisontanase.com\/fr\/wp-json\/wp\/v2\/product\/14545\/revisions\/19429"}],"wp:featuredmedia":[{"embeddable":true,"href":"https:\/\/maisontanase.com\/fr\/wp-json\/wp\/v2\/media\/14041"}],"wp:attachment":[{"href":"https:\/\/maisontanase.com\/fr\/wp-json\/wp\/v2\/media?parent=14545"}],"wp:term":[{"taxonomy":"product_brand","embeddable":true,"href":"https:\/\/maisontanase.com\/fr\/wp-json\/wp\/v2\/product_brand?post=14545"},{"taxonomy":"product_cat","embeddable":true,"href":"https:\/\/maisontanase.com\/fr\/wp-json\/wp\/v2\/product_cat?post=14545"},{"taxonomy":"product_tag","embeddable":true,"href":"https:\/\/maisontanase.com\/fr\/wp-json\/wp\/v2\/product_tag?post=14545"}],"curies":[{"name":"wp","href":"https:\/\/api.w.org\/{rel}","templated":true}]}}