
{"id":14543,"date":"2022-03-20T21:03:49","date_gmt":"2022-03-20T20:03:49","guid":{"rendered":"https:\/\/maisontanase.com\/shop\/non%20class\u00e9\/negru-de-purcari-edition-limitee\/"},"modified":"2026-03-02T10:25:21","modified_gmt":"2026-03-02T09:25:21","slug":"negru-de-purcari-edition-limitee","status":"publish","type":"product","link":"https:\/\/maisontanase.com\/fr\/boutique\/vins-du-monde\/achetez-en-ligne-vin-de-moldavie\/negru-de-purcari-edition-limitee\/","title":{"rendered":"Negru Limited Edition 2020 &#8211; Moldavie &#8211; Rouge &#8211; Gift Box"},"content":{"rendered":"\t\t<div data-elementor-type=\"wp-post\" data-elementor-id=\"14543\" class=\"elementor elementor-14543 elementor-14071\">\n\t\t\t\t\t\t<section class=\"elementor-section elementor-top-section elementor-element elementor-element-dfcbcc4 elementor-section-boxed elementor-section-height-default elementor-section-height-default\" data-id=\"dfcbcc4\" data-element_type=\"section\" data-e-type=\"section\" data-settings=\"{&quot;pix_scale_in&quot;:&quot;none&quot;}\">\n\t\t\t\t\t\t<div class=\"elementor-container elementor-column-gap-default\">\n\t\t\t\t\t<div class=\"elementor-column elementor-col-100 elementor-top-column elementor-element elementor-element-f0839c7\" data-id=\"f0839c7\" data-element_type=\"column\" data-e-type=\"column\" data-settings=\"{&quot;pix_scale_in&quot;:&quot;none&quot;}\">\n\t\t\t<div class=\"elementor-widget-wrap elementor-element-populated\">\n\t\t\t\t\t\t<div class=\"elementor-element elementor-element-121adfd elementor-widget elementor-widget-text-editor\" data-id=\"121adfd\" data-element_type=\"widget\" data-e-type=\"widget\" data-widget_type=\"text-editor.default\">\n\t\t\t\t<div class=\"elementor-widget-container\">\n\t\t\t\t\t\t\t\t\t<p><strong>Achetez le vin moldave Negru de Purcari Edition Limit\u00e9e<\/strong> en ligne.<\/p><p><strong>Vin sec rouge premium de Moldavie.<\/strong><\/p>\t\t\t\t\t\t\t\t<\/div>\n\t\t\t\t<\/div>\n\t\t\t\t<div class=\"elementor-element elementor-element-a9fd3c9 elementor-widget elementor-widget-heading\" data-id=\"a9fd3c9\" data-element_type=\"widget\" data-e-type=\"widget\" data-widget_type=\"heading.default\">\n\t\t\t\t<div class=\"elementor-widget-container\">\n\t\t\t\t\t<h2 class=\"elementor-heading-title elementor-size-default\">Histoire<\/h2>\t\t\t\t<\/div>\n\t\t\t\t<\/div>\n\t\t\t\t<div class=\"elementor-element elementor-element-f4eeb0a elementor-widget elementor-widget-text-editor\" data-id=\"f4eeb0a\" data-element_type=\"widget\" data-e-type=\"widget\" data-widget_type=\"text-editor.default\">\n\t\t\t\t<div class=\"elementor-widget-container\">\n\t\t\t\t\t\t\t\t\t<p><strong>Le Ch\u00e2teau Purcari est un leader dans la production de vins haut de gamme en Moldavie.<\/strong> C&rsquo;est aussi la cave la plus prim\u00e9e d&rsquo;Europe centrale et orientale.<\/p><p>L&rsquo;h\u00e9ritage du domaine remonte au XIXe si\u00e8cle lorsque les colons fran\u00e7ais se sont associ\u00e9s aux moines locaux pour commencer \u00e0 y planter <strong>des c\u00e9pages bordelais, aux c\u00f4t\u00e9s des c\u00e9pages indig\u00e8nes.<\/strong><\/p><p>Au fil des ann\u00e9es, <strong>Purcari a remport\u00e9 des centaines de m\u00e9dailles dans des concours internationaux<\/strong>, dont le Decanter World Wine Awards, International Wine &amp; Spirits Competition et le Challenge International du Vin, ce qui en fait le domaine le plus r\u00e9compens\u00e9 d\u2019Europe centrale et orientale.<\/p>\t\t\t\t\t\t\t\t<\/div>\n\t\t\t\t<\/div>\n\t\t\t\t<div class=\"elementor-element elementor-element-e53be77 elementor-widget elementor-widget-heading\" data-id=\"e53be77\" data-element_type=\"widget\" data-e-type=\"widget\" data-widget_type=\"heading.default\">\n\t\t\t\t<div class=\"elementor-widget-container\">\n\t\t\t\t\t<h2 class=\"elementor-heading-title elementor-size-default\">Viticulture<\/h2>\t\t\t\t<\/div>\n\t\t\t\t<\/div>\n\t\t\t\t<div class=\"elementor-element elementor-element-e022eb5 elementor-widget elementor-widget-text-editor\" data-id=\"e022eb5\" data-element_type=\"widget\" data-e-type=\"widget\" data-widget_type=\"text-editor.default\">\n\t\t\t\t<div class=\"elementor-widget-container\">\n\t\t\t\t\t\t\t\t\t<p>Les vignes de <strong>Pinot Noir<\/strong> sont cultiv\u00e9es avec un profond respect de l\u2019environnement et des cycles naturels du terroir. La r\u00e9colte est effectu\u00e9e manuellement, afin de garantir une s\u00e9lection stricte des meilleures grappes et de pr\u00e9server toute la finesse du c\u00e9page.<\/p>\t\t\t\t\t\t\t\t<\/div>\n\t\t\t\t<\/div>\n\t\t\t\t<div class=\"elementor-element elementor-element-5c2148a elementor-widget elementor-widget-heading\" data-id=\"5c2148a\" data-element_type=\"widget\" data-e-type=\"widget\" data-widget_type=\"heading.default\">\n\t\t\t\t<div class=\"elementor-widget-container\">\n\t\t\t\t\t<h2 class=\"elementor-heading-title elementor-size-default\">Vinification<\/h2>\t\t\t\t<\/div>\n\t\t\t\t<\/div>\n\t\t\t\t<div class=\"elementor-element elementor-element-f24e5a7 elementor-widget elementor-widget-text-editor\" data-id=\"f24e5a7\" data-element_type=\"widget\" data-e-type=\"widget\" data-widget_type=\"text-editor.default\">\n\t\t\t\t<div class=\"elementor-widget-container\">\n\t\t\t\t\t\t\t\t\t<p><strong>70% Cabernet-Sauvignon<\/strong>, <strong>25% Saperavi<\/strong>, <strong>5% Rara Neagra<\/strong> &#8211; c\u00e9page autochtone moldave.<\/p><p>Vieilli pendant <strong>18 mois en f\u00fbts de ch\u00eane fran\u00e7ais<\/strong>.<\/p>\t\t\t\t\t\t\t\t<\/div>\n\t\t\t\t<\/div>\n\t\t\t\t<div class=\"elementor-element elementor-element-7cae827 elementor-widget elementor-widget-heading\" data-id=\"7cae827\" data-element_type=\"widget\" data-e-type=\"widget\" data-widget_type=\"heading.default\">\n\t\t\t\t<div class=\"elementor-widget-container\">\n\t\t\t\t\t<h2 class=\"elementor-heading-title elementor-size-default\">D\u00e9gustation<\/h2>\t\t\t\t<\/div>\n\t\t\t\t<\/div>\n\t\t\t\t<div class=\"elementor-element elementor-element-bbc90bf elementor-widget elementor-widget-text-editor\" data-id=\"bbc90bf\" data-element_type=\"widget\" data-e-type=\"widget\" data-widget_type=\"text-editor.default\">\n\t\t\t\t<div class=\"elementor-widget-container\">\n\t\t\t\t\t\t\t\t\t<p data-start=\"246\" data-end=\"357\">Deep and noble purple in color,<strong data-start=\"246\" data-end=\"355\"> Negru de Purcari Limited Edition is a masterpiece of Moldovan winemaking.<\/strong><\/p><p data-start=\"359\" data-end=\"736\"><strong>On the nose<\/strong>, it reveals<strong> remarkable complexity<\/strong>, bursting with layers of blue and black fruits: juicy plums, blackcurrant, ripe blackberry, black cherry, mulberry, blueberry, sour cherry, and wild black raspberry. Floral notes of violet intertwine with subtle spices \u2013 black pepper, cloves \u2013 and delicate hints of leather and tobacco leaf, creating an <strong>elegant aromatic bouquet.<\/strong> <\/p><p data-start=\"738\" data-end=\"1031\"><strong>On the palate<\/strong>, this dry red wine impresses with its silky yet firm tannins. <strong>Rich and velvety in texture<\/strong>, it strikes a perfect balance between power and finesse. <strong>Structured, elegant, and bold<\/strong>, it offers a long, lingering finish with a refined, juicy mouth that makes <strong>every sip memorable.<\/strong><\/p><p data-start=\"1033\" data-end=\"1171\"><strong data-start=\"1033\" data-end=\"1050\">Food pairing:<\/strong> an exquisite match with aged cheeses, baked venison roulade filled with figs, or pheasant roulade with chestnut pur\u00e9e.<br><strong data-start=\"1173\" data-end=\"1196\">Serving suggestion:<\/strong> <span style=\"text-decoration: underline;\">Decant for 30 minutes before serving at 18\u201320\u00b0C<\/span> to fully enjoy its depth and complexity.<\/p>\t\t\t\t\t\t\t\t<\/div>\n\t\t\t\t<\/div>\n\t\t\t\t<div class=\"elementor-element elementor-element-fb1b5cf elementor-widget elementor-widget-heading\" data-id=\"fb1b5cf\" data-element_type=\"widget\" data-e-type=\"widget\" data-widget_type=\"heading.default\">\n\t\t\t\t<div class=\"elementor-widget-container\">\n\t\t\t\t\t<h2 class=\"elementor-heading-title elementor-size-default\">D\u00e9couvrez aussi\u2026\n<\/h2>\t\t\t\t<\/div>\n\t\t\t\t<\/div>\n\t\t\t\t<div class=\"elementor-element elementor-element-202a24c elementor-widget elementor-widget-text-editor\" data-id=\"202a24c\" data-element_type=\"widget\" data-e-type=\"widget\" data-widget_type=\"text-editor.default\">\n\t\t\t\t<div class=\"elementor-widget-container\">\n\t\t\t\t\t\t\t\t\t<p><a href=\"https:\/\/maisontanase.com\/fr\/ou-acheter-les-meilleurs-vins-moldaves\/\">Explorez la s\u00e9lection exclusive de vins moldaves<\/a> propos\u00e9e par Maison Tanase : <a href=\"https:\/\/maisontanase.com\/fr\/boutique\/vins-du-monde\/achetez-en-ligne-vin-de-moldavie\/freedom-blend-de-purcari\/\">vins rouges<\/a>, <a href=\"https:\/\/maisontanase.com\/fr\/boutique\/vins-du-monde\/achetez-en-ligne-vin-de-moldavie\/chardonnay-de-purcari\/\">blancs <\/a>et <a href=\"https:\/\/maisontanase.com\/fr\/boutique\/vins-du-monde\/achetez-en-ligne-vin-de-moldavie\/rose-de-purcari\/\">ros\u00e9s <\/a>d\u2019exception, <strong>disponibles aux meilleurs prix en ligne<\/strong>, avec <strong>paiement s\u00e9curis\u00e9 et livraison rapide en France et en Europe.<\/strong> <\/p><p data-pm-slice=\"1 1 []\">Et pour les amateurs de grands classiques, d\u00e9couvrez \u00e9galement <a href=\"https:\/\/maisontanase.com\/fr\/categorie-produit\/vins-francais\/\"><strong>notre collection de vins fran\u00e7ais<\/strong><\/a>, <strong><a href=\"https:\/\/maisontanase.com\/fr\/categorie-produit\/grands-crus\/\">Grands Crus de Bordeaux<\/a><\/strong> et <a href=\"https:\/\/maisontanase.com\/fr\/categorie-produit\/champagne-pour-toutes-occasions\/\"><strong>Champagnes prestigieux.<\/strong><\/a><\/p>\t\t\t\t\t\t\t\t<\/div>\n\t\t\t\t<\/div>\n\t\t\t\t<div class=\"elementor-element elementor-element-dcfdf0c elementor-widget elementor-widget-pix-button\" data-id=\"dcfdf0c\" data-element_type=\"widget\" data-e-type=\"widget\" data-widget_type=\"pix-button.default\">\n\t\t\t\t<div class=\"elementor-widget-container\">\n\t\t\t\t\t<a  href=\"https:\/\/maisontanase.com\/wp-content\/uploads\/2022\/05\/1-PURCARI-NEGRU-DE-PURCARI-LIMITED-EDITION-RED-PAR-MAISON-TANASE.pdf\" class=\"btn m-0      btn-primary d-inline-flex align-items-center     btn-rounded btn-md\" target=\"_blank\" rel=\"noopener\"    ><svg class=\"pixfort-icon font-weight-bold   mr-2\" width=\"24\" height=\"24\"  data-name=\"Line\/pixfort-icon-file-duplicate-1\" viewBox=\"2 2 20 20\"><path fill=\"none\" stroke=\"var(--pf-icon-color)\" stroke-linecap=\"round\" stroke-linejoin=\"round\" stroke-width=\"var(--pf-icon-stroke-width)\" d=\"M6,7 L8.87278686,7 L8.87278686,7 C10.9175556,8.48800639 13.4920457,10.7686601 15,12.6534785 L15,19 C15,20.1045695 14.1045695,21 13,21 L6,21 C4.8954305,21 4,20.1045695 4,19 L4,9 C4,7.8954305 4.8954305,7 6,7 Z M8.65864051,7 L8.65864051,10.0721415 C8.65864051,11.6759765 9.95880559,12.9761415 11.5626405,12.9761415 L15,12.9761415 L15,12.9761415 M9,7.07720315 L9,5 C9,3.8954305 9.8954305,3 11,3 L13.8727869,3 C15.9175556,4.48800639 18.4920457,6.76866015 20,8.65347855 L20,15 C20,16.1045695 19.1045695,17 18,17 L15,17 M13.6586405,3 L13.6586405,6.07214154 C13.6586405,7.67597645 14.9588056,8.97614154 16.5626405,8.97614154 L20,8.97614154 L20,8.97614154\"\/><\/svg><span class=\"font-weight-bold \" >Voir la fiche technique<\/span><\/a>\t\t\t\t<\/div>\n\t\t\t\t<\/div>\n\t\t\t\t\t<\/div>\n\t\t<\/div>\n\t\t\t\t\t<\/div>\n\t\t<\/section>\n\t\t\t\t<\/div>\n\t\t","protected":false},"excerpt":{"rendered":"<p><strong>Achetez le Negru de Purcari Limited Edition 2020<\/strong> <strong>\u2013 <\/strong>un <strong>vin rouge moldave prestigieux<\/strong> pr\u00e9sent\u00e9 dans un <strong>coffret cadeau luxueux.<\/strong><\/p>\n<p>Cet assemblage exceptionnel de <strong>Cabernet Sauvignon<\/strong>, <strong>Saperavi <\/strong>et <strong>Rara Neagr\u0103<\/strong> est <strong>\u00e9lev\u00e9 pendant 18 mois en f\u00fbts de ch\u00eane fran\u00e7ais<\/strong>, offrant des ar\u00f4mes intenses de fruits noirs m\u00fbrs, d\u2019\u00e9pices subtiles et de fines notes de cuir.<\/p>\n<p>Sa texture velout\u00e9e et sa finale longue et parfaitement \u00e9quilibr\u00e9e en font un choix raffin\u00e9 pour les connaisseurs.<strong> Id\u00e9al comme cadeau d\u2019exception ou pour une d\u00e9gustation haut de gamme.<\/strong><\/p>\n<p><strong>Commandez d\u00e8s maintenant<\/strong> avec <strong>paiement s\u00e9curis\u00e9<\/strong> et <strong>livraison rapide en France et \u00e0 l\u2019international.<\/strong><\/p>\n","protected":false},"featured_media":17609,"comment_status":"open","ping_status":"closed","template":"","meta":[],"product_brand":[],"product_cat":[145,144],"product_tag":[170,155,315],"class_list":{"0":"post-14543","1":"product","2":"type-product","3":"status-publish","4":"has-post-thumbnail","6":"product_cat-achetez-en-ligne-vin-de-moldavie","7":"product_cat-vins-du-monde","8":"product_tag-maison-tanase-fr","9":"product_tag-negru-de-purcari-edition-limitee","10":"product_tag-vin-de-moldavie","12":"first","13":"instock","14":"shipping-taxable","15":"purchasable","16":"product-type-simple"},"yoast_head":"<!-- This site is optimized with the Yoast SEO plugin v27.3 - https:\/\/yoast.com\/product\/yoast-seo-wordpress\/ -->\n<title>Negru de Purcari Limited Edition Gift Box - Vin Rouge Sec - Moldavie<\/title>\n<meta name=\"description\" content=\"Acheter Negru de Purcari Limited Edition en ligne sur Maison Tanase boutique en ligne. Purcari est connu dans le monde entier pour ses vins haut de gamme, m\u00e9daill\u00e9s \u00e0 de nombreux concours internationaux.\" \/>\n<meta name=\"robots\" content=\"index, follow, max-snippet:-1, max-image-preview:large, max-video-preview:-1\" \/>\n<link rel=\"canonical\" href=\"https:\/\/maisontanase.com\/fr\/boutique\/vins-du-monde\/achetez-en-ligne-vin-de-moldavie\/negru-de-purcari-edition-limitee\/\" \/>\n<meta property=\"og:locale\" content=\"fr_FR\" \/>\n<meta property=\"og:type\" content=\"article\" \/>\n<meta property=\"og:title\" content=\"Negru de Purcari Edition Limit\u00e9e - Vin rouge sec - Maison Tanase\" \/>\n<meta property=\"og:description\" content=\"Achetez le vin Negru de Purcari Edition Limit\u00e9e en ligne sur la boutique Maison Tanase. Purcari est situ\u00e9 dans la r\u00e9gion viticole de Purcari, au sud de la Moldavie.\" \/>\n<meta property=\"og:url\" content=\"https:\/\/maisontanase.com\/fr\/boutique\/vins-du-monde\/achetez-en-ligne-vin-de-moldavie\/negru-de-purcari-edition-limitee\/\" \/>\n<meta property=\"og:site_name\" content=\"Maison Tanase\" \/>\n<meta property=\"article:modified_time\" content=\"2026-03-02T09:25:21+00:00\" \/>\n<meta property=\"og:image\" content=\"https:\/\/maisontanase.com\/wp-content\/uploads\/2022\/03\/negru-de-purcari-limited-edition-wine-moldova-300x300.webp\" \/>\n<meta name=\"twitter:card\" content=\"summary_large_image\" \/>\n<meta name=\"twitter:title\" content=\"Negru de Purcari Edition Limit\u00e9e - Vin rouge sec - Maison Tanase\" \/>\n<meta name=\"twitter:description\" content=\"Achetez le vin Negru de Purcari Edition Limit\u00e9e en ligne sur la boutique Maison Tanase. Purcari est situ\u00e9 dans la r\u00e9gion viticole de Purcari, au sud de la Moldavie.\" \/>\n<meta name=\"twitter:image\" content=\"https:\/\/maisontanase.com\/wp-content\/uploads\/2022\/03\/negru-de-purcari-limited-edition-wine-moldova.webp\" \/>\n<meta name=\"twitter:label1\" content=\"Dur\u00e9e de lecture estim\u00e9e\" \/>\n\t<meta name=\"twitter:data1\" content=\"2 minutes\" \/>\n<script type=\"application\/ld+json\" class=\"yoast-schema-graph\">{\"@context\":\"https:\\\/\\\/schema.org\",\"@graph\":[{\"@type\":\"WebPage\",\"@id\":\"https:\\\/\\\/maisontanase.com\\\/fr\\\/boutique\\\/vins-du-monde\\\/achetez-en-ligne-vin-de-moldavie\\\/negru-de-purcari-edition-limitee\\\/\",\"url\":\"https:\\\/\\\/maisontanase.com\\\/fr\\\/boutique\\\/vins-du-monde\\\/achetez-en-ligne-vin-de-moldavie\\\/negru-de-purcari-edition-limitee\\\/\",\"name\":\"Negru de Purcari Limited Edition Gift Box - Vin Rouge Sec - Moldavie\",\"isPartOf\":{\"@id\":\"https:\\\/\\\/maisontanase.com\\\/fr\\\/#website\"},\"primaryImageOfPage\":{\"@id\":\"https:\\\/\\\/maisontanase.com\\\/fr\\\/boutique\\\/vins-du-monde\\\/achetez-en-ligne-vin-de-moldavie\\\/negru-de-purcari-edition-limitee\\\/#primaryimage\"},\"image\":{\"@id\":\"https:\\\/\\\/maisontanase.com\\\/fr\\\/boutique\\\/vins-du-monde\\\/achetez-en-ligne-vin-de-moldavie\\\/negru-de-purcari-edition-limitee\\\/#primaryimage\"},\"thumbnailUrl\":\"https:\\\/\\\/maisontanase.com\\\/wp-content\\\/uploads\\\/2022\\\/03\\\/1-BUY-ONLINE-NEGRU-DE-PURCARI-LIMITED-EDITION-VINTAGE-MAISON-TANASE.png\",\"datePublished\":\"2022-03-20T20:03:49+00:00\",\"dateModified\":\"2026-03-02T09:25:21+00:00\",\"description\":\"Acheter Negru de Purcari Limited Edition en ligne sur Maison Tanase boutique en ligne. Purcari est connu dans le monde entier pour ses vins haut de gamme, m\u00e9daill\u00e9s \u00e0 de nombreux concours internationaux.\",\"breadcrumb\":{\"@id\":\"https:\\\/\\\/maisontanase.com\\\/fr\\\/boutique\\\/vins-du-monde\\\/achetez-en-ligne-vin-de-moldavie\\\/negru-de-purcari-edition-limitee\\\/#breadcrumb\"},\"inLanguage\":\"fr-FR\",\"potentialAction\":[{\"@type\":\"ReadAction\",\"target\":[\"https:\\\/\\\/maisontanase.com\\\/fr\\\/boutique\\\/vins-du-monde\\\/achetez-en-ligne-vin-de-moldavie\\\/negru-de-purcari-edition-limitee\\\/\"]}]},{\"@type\":\"ImageObject\",\"inLanguage\":\"fr-FR\",\"@id\":\"https:\\\/\\\/maisontanase.com\\\/fr\\\/boutique\\\/vins-du-monde\\\/achetez-en-ligne-vin-de-moldavie\\\/negru-de-purcari-edition-limitee\\\/#primaryimage\",\"url\":\"https:\\\/\\\/maisontanase.com\\\/wp-content\\\/uploads\\\/2022\\\/03\\\/1-BUY-ONLINE-NEGRU-DE-PURCARI-LIMITED-EDITION-VINTAGE-MAISON-TANASE.png\",\"contentUrl\":\"https:\\\/\\\/maisontanase.com\\\/wp-content\\\/uploads\\\/2022\\\/03\\\/1-BUY-ONLINE-NEGRU-DE-PURCARI-LIMITED-EDITION-VINTAGE-MAISON-TANASE.png\",\"width\":1000,\"height\":1000,\"caption\":\"ACHETEZ EN LIGNE VIN DE MOLDAVIE NEGRU DE PURCARI LIMITED EDITION VINTAGE MAISON TANASE\"},{\"@type\":\"BreadcrumbList\",\"@id\":\"https:\\\/\\\/maisontanase.com\\\/fr\\\/boutique\\\/vins-du-monde\\\/achetez-en-ligne-vin-de-moldavie\\\/negru-de-purcari-edition-limitee\\\/#breadcrumb\",\"itemListElement\":[{\"@type\":\"ListItem\",\"position\":1,\"name\":\"Accueil\",\"item\":\"https:\\\/\\\/maisontanase.com\\\/fr\\\/\"},{\"@type\":\"ListItem\",\"position\":2,\"name\":\"Boutique\",\"item\":\"https:\\\/\\\/maisontanase.com\\\/fr\\\/boutique-en-ligne-maison-tanase\\\/\"},{\"@type\":\"ListItem\",\"position\":3,\"name\":\"Negru Limited Edition 2020 &#8211; Moldavie &#8211; Rouge &#8211; Gift Box\"}]},{\"@type\":\"WebSite\",\"@id\":\"https:\\\/\\\/maisontanase.com\\\/fr\\\/#website\",\"url\":\"https:\\\/\\\/maisontanase.com\\\/fr\\\/\",\"name\":\"Maison Tanase\",\"description\":\"Based in Bordeaux, Maison Tanase is a family-run business that produces and sells high-quality wines and spirits. Welcome to our online shop.\",\"publisher\":{\"@id\":\"https:\\\/\\\/maisontanase.com\\\/fr\\\/#organization\"},\"potentialAction\":[{\"@type\":\"SearchAction\",\"target\":{\"@type\":\"EntryPoint\",\"urlTemplate\":\"https:\\\/\\\/maisontanase.com\\\/fr\\\/?s={search_term_string}\"},\"query-input\":{\"@type\":\"PropertyValueSpecification\",\"valueRequired\":true,\"valueName\":\"search_term_string\"}}],\"inLanguage\":\"fr-FR\"},{\"@type\":\"Organization\",\"@id\":\"https:\\\/\\\/maisontanase.com\\\/fr\\\/#organization\",\"name\":\"Maison Tanase\",\"url\":\"https:\\\/\\\/maisontanase.com\\\/fr\\\/\",\"logo\":{\"@type\":\"ImageObject\",\"inLanguage\":\"fr-FR\",\"@id\":\"https:\\\/\\\/maisontanase.com\\\/fr\\\/#\\\/schema\\\/logo\\\/image\\\/\",\"url\":\"https:\\\/\\\/maisontanase.com\\\/wp-content\\\/uploads\\\/2022\\\/05\\\/maison-tanase.jpg\",\"contentUrl\":\"https:\\\/\\\/maisontanase.com\\\/wp-content\\\/uploads\\\/2022\\\/05\\\/maison-tanase.jpg\",\"width\":1200,\"height\":630,\"caption\":\"Maison Tanase\"},\"image\":{\"@id\":\"https:\\\/\\\/maisontanase.com\\\/fr\\\/#\\\/schema\\\/logo\\\/image\\\/\"}}]}<\/script>\n<!-- \/ Yoast SEO plugin. -->","yoast_head_json":{"title":"Negru de Purcari Limited Edition Gift Box - Vin Rouge Sec - Moldavie","description":"Acheter Negru de Purcari Limited Edition en ligne sur Maison Tanase boutique en ligne. Purcari est connu dans le monde entier pour ses vins haut de gamme, m\u00e9daill\u00e9s \u00e0 de nombreux concours internationaux.","robots":{"index":"index","follow":"follow","max-snippet":"max-snippet:-1","max-image-preview":"max-image-preview:large","max-video-preview":"max-video-preview:-1"},"canonical":"https:\/\/maisontanase.com\/fr\/boutique\/vins-du-monde\/achetez-en-ligne-vin-de-moldavie\/negru-de-purcari-edition-limitee\/","og_locale":"fr_FR","og_type":"article","og_title":"Negru de Purcari Edition Limit\u00e9e - Vin rouge sec - Maison Tanase","og_description":"Achetez le vin Negru de Purcari Edition Limit\u00e9e en ligne sur la boutique Maison Tanase. Purcari est situ\u00e9 dans la r\u00e9gion viticole de Purcari, au sud de la Moldavie.","og_url":"https:\/\/maisontanase.com\/fr\/boutique\/vins-du-monde\/achetez-en-ligne-vin-de-moldavie\/negru-de-purcari-edition-limitee\/","og_site_name":"Maison Tanase","article_modified_time":"2026-03-02T09:25:21+00:00","og_image":[{"url":"https:\/\/maisontanase.com\/wp-content\/uploads\/2022\/03\/negru-de-purcari-limited-edition-wine-moldova-300x300.webp","type":"","width":"","height":""}],"twitter_card":"summary_large_image","twitter_title":"Negru de Purcari Edition Limit\u00e9e - Vin rouge sec - Maison Tanase","twitter_description":"Achetez le vin Negru de Purcari Edition Limit\u00e9e en ligne sur la boutique Maison Tanase. Purcari est situ\u00e9 dans la r\u00e9gion viticole de Purcari, au sud de la Moldavie.","twitter_image":"https:\/\/maisontanase.com\/wp-content\/uploads\/2022\/03\/negru-de-purcari-limited-edition-wine-moldova.webp","twitter_misc":{"Dur\u00e9e de lecture estim\u00e9e":"2 minutes"},"schema":{"@context":"https:\/\/schema.org","@graph":[{"@type":"WebPage","@id":"https:\/\/maisontanase.com\/fr\/boutique\/vins-du-monde\/achetez-en-ligne-vin-de-moldavie\/negru-de-purcari-edition-limitee\/","url":"https:\/\/maisontanase.com\/fr\/boutique\/vins-du-monde\/achetez-en-ligne-vin-de-moldavie\/negru-de-purcari-edition-limitee\/","name":"Negru de Purcari Limited Edition Gift Box - Vin Rouge Sec - Moldavie","isPartOf":{"@id":"https:\/\/maisontanase.com\/fr\/#website"},"primaryImageOfPage":{"@id":"https:\/\/maisontanase.com\/fr\/boutique\/vins-du-monde\/achetez-en-ligne-vin-de-moldavie\/negru-de-purcari-edition-limitee\/#primaryimage"},"image":{"@id":"https:\/\/maisontanase.com\/fr\/boutique\/vins-du-monde\/achetez-en-ligne-vin-de-moldavie\/negru-de-purcari-edition-limitee\/#primaryimage"},"thumbnailUrl":"https:\/\/maisontanase.com\/wp-content\/uploads\/2022\/03\/1-BUY-ONLINE-NEGRU-DE-PURCARI-LIMITED-EDITION-VINTAGE-MAISON-TANASE.png","datePublished":"2022-03-20T20:03:49+00:00","dateModified":"2026-03-02T09:25:21+00:00","description":"Acheter Negru de Purcari Limited Edition en ligne sur Maison Tanase boutique en ligne. Purcari est connu dans le monde entier pour ses vins haut de gamme, m\u00e9daill\u00e9s \u00e0 de nombreux concours internationaux.","breadcrumb":{"@id":"https:\/\/maisontanase.com\/fr\/boutique\/vins-du-monde\/achetez-en-ligne-vin-de-moldavie\/negru-de-purcari-edition-limitee\/#breadcrumb"},"inLanguage":"fr-FR","potentialAction":[{"@type":"ReadAction","target":["https:\/\/maisontanase.com\/fr\/boutique\/vins-du-monde\/achetez-en-ligne-vin-de-moldavie\/negru-de-purcari-edition-limitee\/"]}]},{"@type":"ImageObject","inLanguage":"fr-FR","@id":"https:\/\/maisontanase.com\/fr\/boutique\/vins-du-monde\/achetez-en-ligne-vin-de-moldavie\/negru-de-purcari-edition-limitee\/#primaryimage","url":"https:\/\/maisontanase.com\/wp-content\/uploads\/2022\/03\/1-BUY-ONLINE-NEGRU-DE-PURCARI-LIMITED-EDITION-VINTAGE-MAISON-TANASE.png","contentUrl":"https:\/\/maisontanase.com\/wp-content\/uploads\/2022\/03\/1-BUY-ONLINE-NEGRU-DE-PURCARI-LIMITED-EDITION-VINTAGE-MAISON-TANASE.png","width":1000,"height":1000,"caption":"ACHETEZ EN LIGNE VIN DE MOLDAVIE NEGRU DE PURCARI LIMITED EDITION VINTAGE MAISON TANASE"},{"@type":"BreadcrumbList","@id":"https:\/\/maisontanase.com\/fr\/boutique\/vins-du-monde\/achetez-en-ligne-vin-de-moldavie\/negru-de-purcari-edition-limitee\/#breadcrumb","itemListElement":[{"@type":"ListItem","position":1,"name":"Accueil","item":"https:\/\/maisontanase.com\/fr\/"},{"@type":"ListItem","position":2,"name":"Boutique","item":"https:\/\/maisontanase.com\/fr\/boutique-en-ligne-maison-tanase\/"},{"@type":"ListItem","position":3,"name":"Negru Limited Edition 2020 &#8211; Moldavie &#8211; Rouge &#8211; Gift Box"}]},{"@type":"WebSite","@id":"https:\/\/maisontanase.com\/fr\/#website","url":"https:\/\/maisontanase.com\/fr\/","name":"Maison Tanase","description":"Based in Bordeaux, Maison Tanase is a family-run business that produces and sells high-quality wines and spirits. Welcome to our online shop.","publisher":{"@id":"https:\/\/maisontanase.com\/fr\/#organization"},"potentialAction":[{"@type":"SearchAction","target":{"@type":"EntryPoint","urlTemplate":"https:\/\/maisontanase.com\/fr\/?s={search_term_string}"},"query-input":{"@type":"PropertyValueSpecification","valueRequired":true,"valueName":"search_term_string"}}],"inLanguage":"fr-FR"},{"@type":"Organization","@id":"https:\/\/maisontanase.com\/fr\/#organization","name":"Maison Tanase","url":"https:\/\/maisontanase.com\/fr\/","logo":{"@type":"ImageObject","inLanguage":"fr-FR","@id":"https:\/\/maisontanase.com\/fr\/#\/schema\/logo\/image\/","url":"https:\/\/maisontanase.com\/wp-content\/uploads\/2022\/05\/maison-tanase.jpg","contentUrl":"https:\/\/maisontanase.com\/wp-content\/uploads\/2022\/05\/maison-tanase.jpg","width":1200,"height":630,"caption":"Maison Tanase"},"image":{"@id":"https:\/\/maisontanase.com\/fr\/#\/schema\/logo\/image\/"}}]}},"_links":{"self":[{"href":"https:\/\/maisontanase.com\/fr\/wp-json\/wp\/v2\/product\/14543","targetHints":{"allow":["GET"]}}],"collection":[{"href":"https:\/\/maisontanase.com\/fr\/wp-json\/wp\/v2\/product"}],"about":[{"href":"https:\/\/maisontanase.com\/fr\/wp-json\/wp\/v2\/types\/product"}],"replies":[{"embeddable":true,"href":"https:\/\/maisontanase.com\/fr\/wp-json\/wp\/v2\/comments?post=14543"}],"version-history":[{"count":29,"href":"https:\/\/maisontanase.com\/fr\/wp-json\/wp\/v2\/product\/14543\/revisions"}],"predecessor-version":[{"id":19193,"href":"https:\/\/maisontanase.com\/fr\/wp-json\/wp\/v2\/product\/14543\/revisions\/19193"}],"wp:featuredmedia":[{"embeddable":true,"href":"https:\/\/maisontanase.com\/fr\/wp-json\/wp\/v2\/media\/17609"}],"wp:attachment":[{"href":"https:\/\/maisontanase.com\/fr\/wp-json\/wp\/v2\/media?parent=14543"}],"wp:term":[{"taxonomy":"product_brand","embeddable":true,"href":"https:\/\/maisontanase.com\/fr\/wp-json\/wp\/v2\/product_brand?post=14543"},{"taxonomy":"product_cat","embeddable":true,"href":"https:\/\/maisontanase.com\/fr\/wp-json\/wp\/v2\/product_cat?post=14543"},{"taxonomy":"product_tag","embeddable":true,"href":"https:\/\/maisontanase.com\/fr\/wp-json\/wp\/v2\/product_tag?post=14543"}],"curies":[{"name":"wp","href":"https:\/\/api.w.org\/{rel}","templated":true}]}}