
{"id":14541,"date":"2022-03-20T22:46:43","date_gmt":"2022-03-20T21:46:43","guid":{"rendered":"https:\/\/maisontanase.com\/shop\/non%20class\u00e9\/pinot-grigio-de-purcari\/"},"modified":"2026-03-18T08:34:39","modified_gmt":"2026-03-18T07:34:39","slug":"pinot-grigio-de-purcari","status":"publish","type":"product","link":"https:\/\/maisontanase.com\/fr\/boutique\/vins-du-monde\/achetez-en-ligne-vin-de-moldavie\/pinot-grigio-de-purcari\/","title":{"rendered":"Pinot Grigio de Purcari 2023 &#8211; Moldavie &#8211; Blanc"},"content":{"rendered":"\t\t<div data-elementor-type=\"wp-post\" data-elementor-id=\"14541\" class=\"elementor elementor-14541 elementor-14085\">\n\t\t\t\t\t\t<section class=\"elementor-section elementor-top-section elementor-element elementor-element-dfcbcc4 elementor-section-boxed elementor-section-height-default elementor-section-height-default\" data-id=\"dfcbcc4\" data-element_type=\"section\" data-e-type=\"section\" data-settings=\"{&quot;pix_scale_in&quot;:&quot;none&quot;}\">\n\t\t\t\t\t\t<div class=\"elementor-container elementor-column-gap-default\">\n\t\t\t\t\t<div class=\"elementor-column elementor-col-100 elementor-top-column elementor-element elementor-element-f0839c7\" data-id=\"f0839c7\" data-element_type=\"column\" data-e-type=\"column\" data-settings=\"{&quot;pix_scale_in&quot;:&quot;none&quot;}\">\n\t\t\t<div class=\"elementor-widget-wrap elementor-element-populated\">\n\t\t\t\t\t\t<div class=\"elementor-element elementor-element-121adfd elementor-widget elementor-widget-text-editor\" data-id=\"121adfd\" data-element_type=\"widget\" data-e-type=\"widget\" data-widget_type=\"text-editor.default\">\n\t\t\t\t<div class=\"elementor-widget-container\">\n\t\t\t\t\t\t\t\t\t<p><strong>Buy online Pinot Grigio de Purcari<\/strong> wine. Dry <strong>white wine made in Moldova<\/strong>. <\/p>\t\t\t\t\t\t\t\t<\/div>\n\t\t\t\t<\/div>\n\t\t\t\t<div class=\"elementor-element elementor-element-a9fd3c9 elementor-widget elementor-widget-heading\" data-id=\"a9fd3c9\" data-element_type=\"widget\" data-e-type=\"widget\" data-widget_type=\"heading.default\">\n\t\t\t\t<div class=\"elementor-widget-container\">\n\t\t\t\t\t<h2 class=\"elementor-heading-title elementor-size-default\">Histoire<\/h2>\t\t\t\t<\/div>\n\t\t\t\t<\/div>\n\t\t\t\t<div class=\"elementor-element elementor-element-f4eeb0a elementor-widget elementor-widget-text-editor\" data-id=\"f4eeb0a\" data-element_type=\"widget\" data-e-type=\"widget\" data-widget_type=\"text-editor.default\">\n\t\t\t\t<div class=\"elementor-widget-container\">\n\t\t\t\t\t\t\t\t\t<p>Le Ch\u00e2teau Purcari est un <strong>leader dans la production de vins haut de gamme en <a href=\"_wp_link_placeholder\" data-wplink-edit=\"true\">Moldavie<\/a>.<\/strong> C&rsquo;est aussi <strong>la cave la plus prim\u00e9e d&rsquo;Europe centrale et orientale.<\/strong><\/p><p>The estate\u2019s history dates back to the 19th century when French settlers partnered with local monks to begin planting Bordeaux varieties here, alongside the indigenous grape varieties.<\/p><p>Au fil des ans, <strong>Purcari a remport\u00e9 des centaines de m\u00e9dailles dans des concours internationaux<\/strong> tels que \u00ab\u00a0Effervescents du Monde\u00a0\u00bb, \u00ab\u00a0Decanter World Wine Awards\u00a0\u00bb, \u00ab\u00a0International Wine &amp; Spirits Competition\u00a0\u00bb, \u00ab\u00a0Challenge International du Vin\u00a0\u00bb, et de nombreux autres grands vins mondiaux. concours.<\/p>\t\t\t\t\t\t\t\t<\/div>\n\t\t\t\t<\/div>\n\t\t\t\t<div class=\"elementor-element elementor-element-e53be77 elementor-widget elementor-widget-heading\" data-id=\"e53be77\" data-element_type=\"widget\" data-e-type=\"widget\" data-widget_type=\"heading.default\">\n\t\t\t\t<div class=\"elementor-widget-container\">\n\t\t\t\t\t<h2 class=\"elementor-heading-title elementor-size-default\">Viticulture<\/h2>\t\t\t\t<\/div>\n\t\t\t\t<\/div>\n\t\t\t\t<div class=\"elementor-element elementor-element-e022eb5 elementor-widget elementor-widget-text-editor\" data-id=\"e022eb5\" data-element_type=\"widget\" data-e-type=\"widget\" data-widget_type=\"text-editor.default\">\n\t\t\t\t<div class=\"elementor-widget-container\">\n\t\t\t\t\t\t\t\t\t<p>Les vignes de <strong>Pinot Noir<\/strong> sont cultiv\u00e9es avec un profond respect de l\u2019environnement et des cycles naturels du terroir. La r\u00e9colte est effectu\u00e9e manuellement, afin de garantir une s\u00e9lection stricte des meilleures grappes et de pr\u00e9server toute la finesse du c\u00e9page.<\/p>\t\t\t\t\t\t\t\t<\/div>\n\t\t\t\t<\/div>\n\t\t\t\t<div class=\"elementor-element elementor-element-5c2148a elementor-widget elementor-widget-heading\" data-id=\"5c2148a\" data-element_type=\"widget\" data-e-type=\"widget\" data-widget_type=\"heading.default\">\n\t\t\t\t<div class=\"elementor-widget-container\">\n\t\t\t\t\t<h2 class=\"elementor-heading-title elementor-size-default\">Vinification<\/h2>\t\t\t\t<\/div>\n\t\t\t\t<\/div>\n\t\t\t\t<div class=\"elementor-element elementor-element-f24e5a7 elementor-widget elementor-widget-text-editor\" data-id=\"f24e5a7\" data-element_type=\"widget\" data-e-type=\"widget\" data-widget_type=\"text-editor.default\">\n\t\t\t\t<div class=\"elementor-widget-container\">\n\t\t\t\t\t\t\t\t\t<p>Fait avec <strong>100% Pinot Grigio<\/strong>.<\/p><p>Les raisins proviennent de vignobles du domaine plant\u00e9s pr\u00e8s de la mer Noire, ce qui procure une influence rafra\u00eechissante et aide \u00e0 pr\u00e9server les ar\u00f4mes et la fra\u00eecheur. Produit selon des m\u00e9thodes traditionnelles. Vendanges manuelles uniquement.<\/p>\t\t\t\t\t\t\t\t<\/div>\n\t\t\t\t<\/div>\n\t\t\t\t<div class=\"elementor-element elementor-element-7cae827 elementor-widget elementor-widget-heading\" data-id=\"7cae827\" data-element_type=\"widget\" data-e-type=\"widget\" data-widget_type=\"heading.default\">\n\t\t\t\t<div class=\"elementor-widget-container\">\n\t\t\t\t\t<h2 class=\"elementor-heading-title elementor-size-default\">D\u00e9gustation<\/h2>\t\t\t\t<\/div>\n\t\t\t\t<\/div>\n\t\t\t\t<div class=\"elementor-element elementor-element-bbc90bf elementor-widget elementor-widget-text-editor\" data-id=\"bbc90bf\" data-element_type=\"widget\" data-e-type=\"widget\" data-widget_type=\"text-editor.default\">\n\t\t\t\t<div class=\"elementor-widget-container\">\n\t\t\t\t\t\t\t\t\t<p><strong>Le Pinot Grigio de Purcari <\/strong>est un vin frais, floral et fruit\u00e9, \u00e9labor\u00e9 selon les m\u00e9thodes traditionnelles.<\/p><p>De la robe paille dor\u00e9e claire \u00e9mane un parfum frais aux l\u00e9g\u00e8res notes de pomme verte et de poire. Le go\u00fbt fruit\u00e9 est rafra\u00eechissant, agr\u00e9able, avec une acidit\u00e9 bien \u00e9quilibr\u00e9e, tr\u00e8s rond, et montrant un go\u00fbt harmonieux et une longue persistance en bouche.<\/p><p><strong>Parfait avec<\/strong> des plats de poisson, crustac\u00e9s, poulet, fromage \u00e0 p\u00e2te dure et l\u00e9gumes grill\u00e9s.<\/p><p><strong>Servir \u00e0 10-12\u00b0C.<\/strong><\/p>\t\t\t\t\t\t\t\t<\/div>\n\t\t\t\t<\/div>\n\t\t\t\t<div class=\"elementor-element elementor-element-c21bb89 elementor-widget elementor-widget-heading\" data-id=\"c21bb89\" data-element_type=\"widget\" data-e-type=\"widget\" data-widget_type=\"heading.default\">\n\t\t\t\t<div class=\"elementor-widget-container\">\n\t\t\t\t\t<h2 class=\"elementor-heading-title elementor-size-default\">D\u00e9couvrez aussi\u2026<\/h2>\t\t\t\t<\/div>\n\t\t\t\t<\/div>\n\t\t\t\t<div class=\"elementor-element elementor-element-a514f9f elementor-widget elementor-widget-text-editor\" data-id=\"a514f9f\" data-element_type=\"widget\" data-e-type=\"widget\" data-widget_type=\"text-editor.default\">\n\t\t\t\t<div class=\"elementor-widget-container\">\n\t\t\t\t\t\t\t\t\t<p><a href=\"https:\/\/maisontanase.com\/fr\/ou-acheter-les-meilleurs-vins-moldaves\/\">Explorez la s\u00e9lection exclusive de vins moldaves<\/a> propos\u00e9e par Maison Tanase : <a href=\"https:\/\/maisontanase.com\/fr\/boutique\/vins-du-monde\/achetez-en-ligne-vin-de-moldavie\/freedom-blend-de-purcari\/\">vins rouges<\/a>, <a href=\"https:\/\/maisontanase.com\/fr\/boutique\/vins-du-monde\/achetez-en-ligne-vin-de-moldavie\/chardonnay-de-purcari\/\">blancs <\/a>et <a href=\"https:\/\/maisontanase.com\/fr\/boutique\/vins-du-monde\/achetez-en-ligne-vin-de-moldavie\/rose-de-purcari\/\">ros\u00e9s <\/a>d\u2019exception, <strong>disponibles aux meilleurs prix en ligne<\/strong>, avec <strong>paiement s\u00e9curis\u00e9 et livraison rapide en France et en Europe.<\/strong> <\/p><p data-pm-slice=\"1 1 []\">Et pour les amateurs de grands classiques, d\u00e9couvrez \u00e9galement <a href=\"https:\/\/maisontanase.com\/fr\/categorie-produit\/vins-francais\/\"><strong>notre collection de vins fran\u00e7ais<\/strong><\/a>, <strong><a href=\"https:\/\/maisontanase.com\/fr\/categorie-produit\/grands-crus\/\">Grands Crus de Bordeaux<\/a><\/strong> et <a href=\"https:\/\/maisontanase.com\/fr\/categorie-produit\/champagne-pour-toutes-occasions\/\"><strong>Champagnes prestigieux.<\/strong><\/a><\/p>\t\t\t\t\t\t\t\t<\/div>\n\t\t\t\t<\/div>\n\t\t\t\t<div class=\"elementor-element elementor-element-dcfdf0c elementor-widget elementor-widget-pix-button\" data-id=\"dcfdf0c\" data-element_type=\"widget\" data-e-type=\"widget\" data-widget_type=\"pix-button.default\">\n\t\t\t\t<div class=\"elementor-widget-container\">\n\t\t\t\t\t<a  href=\"https:\/\/maisontanase.com\/wp-content\/uploads\/2022\/05\/1-PURCARI-PINOT-GRIGIO-WHITE-DRY-WINE-PAR-MAISON-TANASE-.pdf\" class=\"btn m-0      btn-primary d-inline-flex align-items-center     btn-rounded btn-md\" target=\"_blank\" rel=\"noopener\"    ><svg class=\"pixfort-icon font-weight-bold   mr-2\" width=\"24\" height=\"24\"  data-name=\"Line\/pixfort-icon-file-duplicate-1\" viewBox=\"2 2 20 20\"><path fill=\"none\" stroke=\"var(--pf-icon-color)\" stroke-linecap=\"round\" stroke-linejoin=\"round\" stroke-width=\"var(--pf-icon-stroke-width)\" d=\"M6,7 L8.87278686,7 L8.87278686,7 C10.9175556,8.48800639 13.4920457,10.7686601 15,12.6534785 L15,19 C15,20.1045695 14.1045695,21 13,21 L6,21 C4.8954305,21 4,20.1045695 4,19 L4,9 C4,7.8954305 4.8954305,7 6,7 Z M8.65864051,7 L8.65864051,10.0721415 C8.65864051,11.6759765 9.95880559,12.9761415 11.5626405,12.9761415 L15,12.9761415 L15,12.9761415 M9,7.07720315 L9,5 C9,3.8954305 9.8954305,3 11,3 L13.8727869,3 C15.9175556,4.48800639 18.4920457,6.76866015 20,8.65347855 L20,15 C20,16.1045695 19.1045695,17 18,17 L15,17 M13.6586405,3 L13.6586405,6.07214154 C13.6586405,7.67597645 14.9588056,8.97614154 16.5626405,8.97614154 L20,8.97614154 L20,8.97614154\"\/><\/svg><span class=\"font-weight-bold \" >Voir la fiche technique<\/span><\/a>\t\t\t\t<\/div>\n\t\t\t\t<\/div>\n\t\t\t\t\t<\/div>\n\t\t<\/div>\n\t\t\t\t\t<\/div>\n\t\t<\/section>\n\t\t\t\t<\/div>\n\t\t","protected":false},"excerpt":{"rendered":"<p data-start=\"73\" data-end=\"142\"><strong data-start=\"73\" data-end=\"142\">Pinot Grigio de Purcari \u2013 <a href=\"https:\/\/maisontanase.com\/fr\/ou-acheter-les-meilleurs-vins-moldaves\/\"><em>un grand vin blanc moldave d\u2019exception \u00e0 acheter en ligne !<\/em><\/a><\/strong><\/p>\n<p data-start=\"144\" data-end=\"386\"><strong>Frais, floral et d\u00e9licatement fruit\u00e9<\/strong>, ce vin blanc sec est \u00e9labor\u00e9 par le <strong>Ch\u00e2teau Purcari<\/strong> \u2013 <strong>l\u2019un des domaines viticoles les plus embl\u00e9matiques de Moldavie.<\/strong><\/p>\n<p data-start=\"144\" data-end=\"386\">Issu de raisins de <strong>Pinot Grigio <\/strong>soigneusement <strong>r\u00e9colt\u00e9s \u00e0 la main<\/strong>, il <strong>incarne toute la puret\u00e9 du terroir moldave et le savoir-faire traditionnel de Purcari.<\/strong><\/p>\n<p data-start=\"388\" data-end=\"631\">Avec ses ar\u00f4mes \u00e9l\u00e9gants de fleurs blanches, de poire m\u00fbre et de zeste de citron, <strong>il accompagne \u00e0 merveille les poissons, fruits de mer, volailles r\u00f4ties, fromages affin\u00e9s ou l\u00e9gumes grill\u00e9s.<\/strong><br \/>\nUn vin id\u00e9al pour les repas d\u2019\u00e9t\u00e9 ou pour les amateurs souhaitant d\u00e9couvrir les \u00e9toiles montantes de l\u2019Europe de l\u2019Est.<\/p>\n<p data-start=\"633\" data-end=\"743\"><strong data-start=\"633\" data-end=\"743\">Paiement s\u00e9curis\u00e9. Livraison rapide <\/strong>across Europe by<strong data-start=\"633\" data-end=\"743\"> Maison Tanase, official importer of premium Moldovan wines.<\/strong><\/p>\n","protected":false},"featured_media":14087,"comment_status":"open","ping_status":"closed","template":"","meta":[],"product_brand":[],"product_cat":[145,144],"product_tag":[287,346,424],"class_list":{"0":"post-14541","1":"product","2":"type-product","3":"status-publish","4":"has-post-thumbnail","6":"product_cat-achetez-en-ligne-vin-de-moldavie","7":"product_cat-vins-du-monde","8":"product_tag-moldova-fr","9":"product_tag-purcari-fr-2","10":"product_tag-vin-blanc-de-moldavie","12":"first","13":"instock","14":"shipping-taxable","15":"purchasable","16":"product-type-simple"},"yoast_head":"<!-- This site is optimized with the Yoast SEO plugin v27.3 - https:\/\/yoast.com\/product\/yoast-seo-wordpress\/ -->\n<title>Pinot Grigio de Purcari - Vin Blanc Sec - Moldova - Maison Tanase<\/title>\n<meta name=\"description\" content=\"Achetez en ligne le Pinot Grigio de Purcari \u2013 un vin blanc sec raffin\u00e9 de Moldavie. Paiement s\u00e9curis\u00e9. Livraison internationale rapide.\" \/>\n<meta name=\"robots\" content=\"index, follow, max-snippet:-1, max-image-preview:large, max-video-preview:-1\" \/>\n<link rel=\"canonical\" href=\"https:\/\/maisontanase.com\/fr\/boutique\/vins-du-monde\/achetez-en-ligne-vin-de-moldavie\/pinot-grigio-de-purcari\/\" \/>\n<meta property=\"og:locale\" content=\"fr_FR\" \/>\n<meta property=\"og:type\" content=\"article\" \/>\n<meta property=\"og:title\" content=\"Pinot Grigio de Purcari - Vin blanc sec - Maison Tanase\" \/>\n<meta property=\"og:description\" content=\"Achetez en ligne le Pinot Grigio de Purcari \u2013 un vin blanc sec raffin\u00e9 de Moldavie. Paiement s\u00e9curis\u00e9. Livraison internationale rapide.\" \/>\n<meta property=\"og:url\" content=\"https:\/\/maisontanase.com\/fr\/boutique\/vins-du-monde\/achetez-en-ligne-vin-de-moldavie\/pinot-grigio-de-purcari\/\" \/>\n<meta property=\"og:site_name\" content=\"Maison Tanase\" \/>\n<meta property=\"article:modified_time\" content=\"2026-03-18T07:34:39+00:00\" \/>\n<meta property=\"og:image\" content=\"https:\/\/maisontanase.com\/wp-content\/uploads\/2022\/03\/pino-grigio-de-purcari-wine-moldava-300x300.webp\" \/>\n<meta name=\"twitter:card\" content=\"summary_large_image\" \/>\n<meta name=\"twitter:title\" content=\"Pinot Grigio de Purcari - Vin blanc sec - Maison Tanase\" \/>\n<meta name=\"twitter:description\" content=\"Achetez en ligne le Pinot Grigio de Purcari \u2013 un vin blanc sec raffin\u00e9 de Moldavie. Paiement s\u00e9curis\u00e9. Livraison internationale rapide.\" \/>\n<meta name=\"twitter:image\" content=\"https:\/\/maisontanase.com\/wp-content\/uploads\/2022\/03\/pino-grigio-de-purcari-wine-moldava.webp\" \/>\n<meta name=\"twitter:label1\" content=\"Dur\u00e9e de lecture estim\u00e9e\" \/>\n\t<meta name=\"twitter:data1\" content=\"2 minutes\" \/>\n<script type=\"application\/ld+json\" class=\"yoast-schema-graph\">{\"@context\":\"https:\\\/\\\/schema.org\",\"@graph\":[{\"@type\":\"WebPage\",\"@id\":\"https:\\\/\\\/maisontanase.com\\\/fr\\\/boutique\\\/vins-du-monde\\\/achetez-en-ligne-vin-de-moldavie\\\/pinot-grigio-de-purcari\\\/\",\"url\":\"https:\\\/\\\/maisontanase.com\\\/fr\\\/boutique\\\/vins-du-monde\\\/achetez-en-ligne-vin-de-moldavie\\\/pinot-grigio-de-purcari\\\/\",\"name\":\"Pinot Grigio de Purcari - Vin Blanc Sec - Moldova - Maison Tanase\",\"isPartOf\":{\"@id\":\"https:\\\/\\\/maisontanase.com\\\/fr\\\/#website\"},\"primaryImageOfPage\":{\"@id\":\"https:\\\/\\\/maisontanase.com\\\/fr\\\/boutique\\\/vins-du-monde\\\/achetez-en-ligne-vin-de-moldavie\\\/pinot-grigio-de-purcari\\\/#primaryimage\"},\"image\":{\"@id\":\"https:\\\/\\\/maisontanase.com\\\/fr\\\/boutique\\\/vins-du-monde\\\/achetez-en-ligne-vin-de-moldavie\\\/pinot-grigio-de-purcari\\\/#primaryimage\"},\"thumbnailUrl\":\"https:\\\/\\\/maisontanase.com\\\/wp-content\\\/uploads\\\/2022\\\/03\\\/pino-grigio-de-purcari-wine-moldava.webp\",\"datePublished\":\"2022-03-20T21:46:43+00:00\",\"dateModified\":\"2026-03-18T07:34:39+00:00\",\"description\":\"Achetez en ligne le Pinot Grigio de Purcari \u2013 un vin blanc sec raffin\u00e9 de Moldavie. Paiement s\u00e9curis\u00e9. Livraison internationale rapide.\",\"breadcrumb\":{\"@id\":\"https:\\\/\\\/maisontanase.com\\\/fr\\\/boutique\\\/vins-du-monde\\\/achetez-en-ligne-vin-de-moldavie\\\/pinot-grigio-de-purcari\\\/#breadcrumb\"},\"inLanguage\":\"fr-FR\",\"potentialAction\":[{\"@type\":\"ReadAction\",\"target\":[\"https:\\\/\\\/maisontanase.com\\\/fr\\\/boutique\\\/vins-du-monde\\\/achetez-en-ligne-vin-de-moldavie\\\/pinot-grigio-de-purcari\\\/\"]}]},{\"@type\":\"ImageObject\",\"inLanguage\":\"fr-FR\",\"@id\":\"https:\\\/\\\/maisontanase.com\\\/fr\\\/boutique\\\/vins-du-monde\\\/achetez-en-ligne-vin-de-moldavie\\\/pinot-grigio-de-purcari\\\/#primaryimage\",\"url\":\"https:\\\/\\\/maisontanase.com\\\/wp-content\\\/uploads\\\/2022\\\/03\\\/pino-grigio-de-purcari-wine-moldava.webp\",\"contentUrl\":\"https:\\\/\\\/maisontanase.com\\\/wp-content\\\/uploads\\\/2022\\\/03\\\/pino-grigio-de-purcari-wine-moldava.webp\",\"width\":1000,\"height\":1000,\"caption\":\"Achetez en ligne le Pinot Grigio de Purcari \u2013 un vin blanc sec raffin\u00e9 de Moldavie de chez Maison Tanase\"},{\"@type\":\"BreadcrumbList\",\"@id\":\"https:\\\/\\\/maisontanase.com\\\/fr\\\/boutique\\\/vins-du-monde\\\/achetez-en-ligne-vin-de-moldavie\\\/pinot-grigio-de-purcari\\\/#breadcrumb\",\"itemListElement\":[{\"@type\":\"ListItem\",\"position\":1,\"name\":\"Accueil\",\"item\":\"https:\\\/\\\/maisontanase.com\\\/fr\\\/\"},{\"@type\":\"ListItem\",\"position\":2,\"name\":\"Boutique\",\"item\":\"https:\\\/\\\/maisontanase.com\\\/fr\\\/boutique-en-ligne-maison-tanase\\\/\"},{\"@type\":\"ListItem\",\"position\":3,\"name\":\"Pinot Grigio de Purcari 2023 &#8211; Moldavie &#8211; Blanc\"}]},{\"@type\":\"WebSite\",\"@id\":\"https:\\\/\\\/maisontanase.com\\\/fr\\\/#website\",\"url\":\"https:\\\/\\\/maisontanase.com\\\/fr\\\/\",\"name\":\"Maison Tanase\",\"description\":\"Based in Bordeaux, Maison Tanase is a family-run business that produces and sells high-quality wines and spirits. Welcome to our online shop.\",\"publisher\":{\"@id\":\"https:\\\/\\\/maisontanase.com\\\/fr\\\/#organization\"},\"potentialAction\":[{\"@type\":\"SearchAction\",\"target\":{\"@type\":\"EntryPoint\",\"urlTemplate\":\"https:\\\/\\\/maisontanase.com\\\/fr\\\/?s={search_term_string}\"},\"query-input\":{\"@type\":\"PropertyValueSpecification\",\"valueRequired\":true,\"valueName\":\"search_term_string\"}}],\"inLanguage\":\"fr-FR\"},{\"@type\":\"Organization\",\"@id\":\"https:\\\/\\\/maisontanase.com\\\/fr\\\/#organization\",\"name\":\"Maison Tanase\",\"url\":\"https:\\\/\\\/maisontanase.com\\\/fr\\\/\",\"logo\":{\"@type\":\"ImageObject\",\"inLanguage\":\"fr-FR\",\"@id\":\"https:\\\/\\\/maisontanase.com\\\/fr\\\/#\\\/schema\\\/logo\\\/image\\\/\",\"url\":\"https:\\\/\\\/maisontanase.com\\\/wp-content\\\/uploads\\\/2022\\\/05\\\/maison-tanase.jpg\",\"contentUrl\":\"https:\\\/\\\/maisontanase.com\\\/wp-content\\\/uploads\\\/2022\\\/05\\\/maison-tanase.jpg\",\"width\":1200,\"height\":630,\"caption\":\"Maison Tanase\"},\"image\":{\"@id\":\"https:\\\/\\\/maisontanase.com\\\/fr\\\/#\\\/schema\\\/logo\\\/image\\\/\"}}]}<\/script>\n<!-- \/ Yoast SEO plugin. -->","yoast_head_json":{"title":"Pinot Grigio de Purcari - Vin Blanc Sec - Moldova - Maison Tanase","description":"Achetez en ligne le Pinot Grigio de Purcari \u2013 un vin blanc sec raffin\u00e9 de Moldavie. Paiement s\u00e9curis\u00e9. Livraison internationale rapide.","robots":{"index":"index","follow":"follow","max-snippet":"max-snippet:-1","max-image-preview":"max-image-preview:large","max-video-preview":"max-video-preview:-1"},"canonical":"https:\/\/maisontanase.com\/fr\/boutique\/vins-du-monde\/achetez-en-ligne-vin-de-moldavie\/pinot-grigio-de-purcari\/","og_locale":"fr_FR","og_type":"article","og_title":"Pinot Grigio de Purcari - Vin blanc sec - Maison Tanase","og_description":"Achetez en ligne le Pinot Grigio de Purcari \u2013 un vin blanc sec raffin\u00e9 de Moldavie. Paiement s\u00e9curis\u00e9. Livraison internationale rapide.","og_url":"https:\/\/maisontanase.com\/fr\/boutique\/vins-du-monde\/achetez-en-ligne-vin-de-moldavie\/pinot-grigio-de-purcari\/","og_site_name":"Maison Tanase","article_modified_time":"2026-03-18T07:34:39+00:00","og_image":[{"url":"https:\/\/maisontanase.com\/wp-content\/uploads\/2022\/03\/pino-grigio-de-purcari-wine-moldava-300x300.webp","type":"","width":"","height":""}],"twitter_card":"summary_large_image","twitter_title":"Pinot Grigio de Purcari - Vin blanc sec - Maison Tanase","twitter_description":"Achetez en ligne le Pinot Grigio de Purcari \u2013 un vin blanc sec raffin\u00e9 de Moldavie. Paiement s\u00e9curis\u00e9. Livraison internationale rapide.","twitter_image":"https:\/\/maisontanase.com\/wp-content\/uploads\/2022\/03\/pino-grigio-de-purcari-wine-moldava.webp","twitter_misc":{"Dur\u00e9e de lecture estim\u00e9e":"2 minutes"},"schema":{"@context":"https:\/\/schema.org","@graph":[{"@type":"WebPage","@id":"https:\/\/maisontanase.com\/fr\/boutique\/vins-du-monde\/achetez-en-ligne-vin-de-moldavie\/pinot-grigio-de-purcari\/","url":"https:\/\/maisontanase.com\/fr\/boutique\/vins-du-monde\/achetez-en-ligne-vin-de-moldavie\/pinot-grigio-de-purcari\/","name":"Pinot Grigio de Purcari - Vin Blanc Sec - Moldova - Maison Tanase","isPartOf":{"@id":"https:\/\/maisontanase.com\/fr\/#website"},"primaryImageOfPage":{"@id":"https:\/\/maisontanase.com\/fr\/boutique\/vins-du-monde\/achetez-en-ligne-vin-de-moldavie\/pinot-grigio-de-purcari\/#primaryimage"},"image":{"@id":"https:\/\/maisontanase.com\/fr\/boutique\/vins-du-monde\/achetez-en-ligne-vin-de-moldavie\/pinot-grigio-de-purcari\/#primaryimage"},"thumbnailUrl":"https:\/\/maisontanase.com\/wp-content\/uploads\/2022\/03\/pino-grigio-de-purcari-wine-moldava.webp","datePublished":"2022-03-20T21:46:43+00:00","dateModified":"2026-03-18T07:34:39+00:00","description":"Achetez en ligne le Pinot Grigio de Purcari \u2013 un vin blanc sec raffin\u00e9 de Moldavie. Paiement s\u00e9curis\u00e9. Livraison internationale rapide.","breadcrumb":{"@id":"https:\/\/maisontanase.com\/fr\/boutique\/vins-du-monde\/achetez-en-ligne-vin-de-moldavie\/pinot-grigio-de-purcari\/#breadcrumb"},"inLanguage":"fr-FR","potentialAction":[{"@type":"ReadAction","target":["https:\/\/maisontanase.com\/fr\/boutique\/vins-du-monde\/achetez-en-ligne-vin-de-moldavie\/pinot-grigio-de-purcari\/"]}]},{"@type":"ImageObject","inLanguage":"fr-FR","@id":"https:\/\/maisontanase.com\/fr\/boutique\/vins-du-monde\/achetez-en-ligne-vin-de-moldavie\/pinot-grigio-de-purcari\/#primaryimage","url":"https:\/\/maisontanase.com\/wp-content\/uploads\/2022\/03\/pino-grigio-de-purcari-wine-moldava.webp","contentUrl":"https:\/\/maisontanase.com\/wp-content\/uploads\/2022\/03\/pino-grigio-de-purcari-wine-moldava.webp","width":1000,"height":1000,"caption":"Achetez en ligne le Pinot Grigio de Purcari \u2013 un vin blanc sec raffin\u00e9 de Moldavie de chez Maison Tanase"},{"@type":"BreadcrumbList","@id":"https:\/\/maisontanase.com\/fr\/boutique\/vins-du-monde\/achetez-en-ligne-vin-de-moldavie\/pinot-grigio-de-purcari\/#breadcrumb","itemListElement":[{"@type":"ListItem","position":1,"name":"Accueil","item":"https:\/\/maisontanase.com\/fr\/"},{"@type":"ListItem","position":2,"name":"Boutique","item":"https:\/\/maisontanase.com\/fr\/boutique-en-ligne-maison-tanase\/"},{"@type":"ListItem","position":3,"name":"Pinot Grigio de Purcari 2023 &#8211; Moldavie &#8211; Blanc"}]},{"@type":"WebSite","@id":"https:\/\/maisontanase.com\/fr\/#website","url":"https:\/\/maisontanase.com\/fr\/","name":"Maison Tanase","description":"Based in Bordeaux, Maison Tanase is a family-run business that produces and sells high-quality wines and spirits. Welcome to our online shop.","publisher":{"@id":"https:\/\/maisontanase.com\/fr\/#organization"},"potentialAction":[{"@type":"SearchAction","target":{"@type":"EntryPoint","urlTemplate":"https:\/\/maisontanase.com\/fr\/?s={search_term_string}"},"query-input":{"@type":"PropertyValueSpecification","valueRequired":true,"valueName":"search_term_string"}}],"inLanguage":"fr-FR"},{"@type":"Organization","@id":"https:\/\/maisontanase.com\/fr\/#organization","name":"Maison Tanase","url":"https:\/\/maisontanase.com\/fr\/","logo":{"@type":"ImageObject","inLanguage":"fr-FR","@id":"https:\/\/maisontanase.com\/fr\/#\/schema\/logo\/image\/","url":"https:\/\/maisontanase.com\/wp-content\/uploads\/2022\/05\/maison-tanase.jpg","contentUrl":"https:\/\/maisontanase.com\/wp-content\/uploads\/2022\/05\/maison-tanase.jpg","width":1200,"height":630,"caption":"Maison Tanase"},"image":{"@id":"https:\/\/maisontanase.com\/fr\/#\/schema\/logo\/image\/"}}]}},"_links":{"self":[{"href":"https:\/\/maisontanase.com\/fr\/wp-json\/wp\/v2\/product\/14541","targetHints":{"allow":["GET"]}}],"collection":[{"href":"https:\/\/maisontanase.com\/fr\/wp-json\/wp\/v2\/product"}],"about":[{"href":"https:\/\/maisontanase.com\/fr\/wp-json\/wp\/v2\/types\/product"}],"replies":[{"embeddable":true,"href":"https:\/\/maisontanase.com\/fr\/wp-json\/wp\/v2\/comments?post=14541"}],"version-history":[{"count":32,"href":"https:\/\/maisontanase.com\/fr\/wp-json\/wp\/v2\/product\/14541\/revisions"}],"predecessor-version":[{"id":19430,"href":"https:\/\/maisontanase.com\/fr\/wp-json\/wp\/v2\/product\/14541\/revisions\/19430"}],"wp:featuredmedia":[{"embeddable":true,"href":"https:\/\/maisontanase.com\/fr\/wp-json\/wp\/v2\/media\/14087"}],"wp:attachment":[{"href":"https:\/\/maisontanase.com\/fr\/wp-json\/wp\/v2\/media?parent=14541"}],"wp:term":[{"taxonomy":"product_brand","embeddable":true,"href":"https:\/\/maisontanase.com\/fr\/wp-json\/wp\/v2\/product_brand?post=14541"},{"taxonomy":"product_cat","embeddable":true,"href":"https:\/\/maisontanase.com\/fr\/wp-json\/wp\/v2\/product_cat?post=14541"},{"taxonomy":"product_tag","embeddable":true,"href":"https:\/\/maisontanase.com\/fr\/wp-json\/wp\/v2\/product_tag?post=14541"}],"curies":[{"name":"wp","href":"https:\/\/api.w.org\/{rel}","templated":true}]}}