
{"id":14532,"date":"2022-03-20T23:51:09","date_gmt":"2022-03-20T22:51:09","guid":{"rendered":"https:\/\/maisontanase.com\/shop\/non%20class\u00e9\/viorica-de-purcari\/"},"modified":"2026-04-01T10:54:15","modified_gmt":"2026-04-01T08:54:15","slug":"viorica-de-purcari","status":"publish","type":"product","link":"https:\/\/maisontanase.com\/fr\/boutique\/vins-du-monde\/achetez-en-ligne-vin-de-moldavie\/viorica-de-purcari\/","title":{"rendered":"Viorica de Purcari 2024 &#8211; Moldavie &#8211; Blanc"},"content":{"rendered":"\t\t<div data-elementor-type=\"wp-post\" data-elementor-id=\"14532\" class=\"elementor elementor-14532 elementor-14138\">\n\t\t\t\t\t\t<section class=\"elementor-section elementor-top-section elementor-element elementor-element-dfcbcc4 elementor-section-boxed elementor-section-height-default elementor-section-height-default\" data-id=\"dfcbcc4\" data-element_type=\"section\" data-e-type=\"section\" data-settings=\"{&quot;pix_scale_in&quot;:&quot;none&quot;}\">\n\t\t\t\t\t\t<div class=\"elementor-container elementor-column-gap-default\">\n\t\t\t\t\t<div class=\"elementor-column elementor-col-100 elementor-top-column elementor-element elementor-element-f0839c7\" data-id=\"f0839c7\" data-element_type=\"column\" data-e-type=\"column\" data-settings=\"{&quot;pix_scale_in&quot;:&quot;none&quot;}\">\n\t\t\t<div class=\"elementor-widget-wrap elementor-element-populated\">\n\t\t\t\t\t\t<div class=\"elementor-element elementor-element-121adfd elementor-widget elementor-widget-text-editor\" data-id=\"121adfd\" data-element_type=\"widget\" data-e-type=\"widget\" data-widget_type=\"text-editor.default\">\n\t\t\t\t<div class=\"elementor-widget-container\">\n\t\t\t\t\t\t\t\t\t<p data-pm-slice=\"1 1 []\"><strong>Viorica de Purcari <\/strong>\u2013 un <strong>vin blanc moldave raffin\u00e9 et unique<\/strong>, disponible \u00e0 l\u2019<strong>achat en ligne.<\/strong><\/p><p data-pm-slice=\"1 1 []\">\u00c9labor\u00e9 \u00e0 partir d\u2019un <strong>assemblage subtil de 51 % Viorica, c\u00e9page autochtone moldave, et 49 % Muscat Ottonel<\/strong>, ce vin exprime toute <strong>la richesse du patrimoine viticole de la Moldavie.<\/strong><\/p><p><span style=\"text-decoration: underline;\">Pourquoi choisir le Viorica de Purcari ?<\/span><br>Ce vin blanc illustre la nouvelle vague des vins moldaves, alliant authenticit\u00e9, \u00e9l\u00e9gance et originalit\u00e9. <br>Il s\u00e9duit les amateurs de d\u00e9couvertes comme les connaisseurs \u00e0 la recherche d\u2019un vin blanc floral, fruit\u00e9 et \u00e9quilibr\u00e9.  <\/p>\t\t\t\t\t\t\t\t<\/div>\n\t\t\t\t<\/div>\n\t\t\t\t<div class=\"elementor-element elementor-element-a9fd3c9 elementor-widget elementor-widget-heading\" data-id=\"a9fd3c9\" data-element_type=\"widget\" data-e-type=\"widget\" data-widget_type=\"heading.default\">\n\t\t\t\t<div class=\"elementor-widget-container\">\n\t\t\t\t\t<h2 class=\"elementor-heading-title elementor-size-default\">Histoire<\/h2>\t\t\t\t<\/div>\n\t\t\t\t<\/div>\n\t\t\t\t<div class=\"elementor-element elementor-element-f4eeb0a elementor-widget elementor-widget-text-editor\" data-id=\"f4eeb0a\" data-element_type=\"widget\" data-e-type=\"widget\" data-widget_type=\"text-editor.default\">\n\t\t\t\t<div class=\"elementor-widget-container\">\n\t\t\t\t\t\t\t\t\t<p data-pm-slice=\"1 1 []\"><strong>Fond\u00e9 en 1827<\/strong>, le <strong>Ch\u00e2teau Purcari est consid\u00e9r\u00e9 comme le domaine viticole le plus prestigieux de Moldavie.<\/strong> Alliant tradition s\u00e9culaire et innovation moderne, il a acquis une renomm\u00e9e internationale gr\u00e2ce \u00e0 la <strong>qualit\u00e9 exceptionnelle de ses vins.<\/strong><\/p><p data-pm-slice=\"1 1 []\">Le <strong>Viorica de Purcari<\/strong> incarne cet h\u00e9ritage et met en valeur l\u2019originalit\u00e9 des<strong> c\u00e9pages indig\u00e8nes moldaves, mari\u00e9s \u00e0 des vari\u00e9t\u00e9s europ\u00e9ennes reconnues.<\/strong> C\u2019est un vin qui illustre parfaitement la cr\u00e9ativit\u00e9 et le savoir-faire de ce domaine situ\u00e9 au sud de la Moldavie.<\/p>\t\t\t\t\t\t\t\t<\/div>\n\t\t\t\t<\/div>\n\t\t\t\t<div class=\"elementor-element elementor-element-e53be77 elementor-widget elementor-widget-heading\" data-id=\"e53be77\" data-element_type=\"widget\" data-e-type=\"widget\" data-widget_type=\"heading.default\">\n\t\t\t\t<div class=\"elementor-widget-container\">\n\t\t\t\t\t<h2 class=\"elementor-heading-title elementor-size-default\">Viticulture<\/h2>\t\t\t\t<\/div>\n\t\t\t\t<\/div>\n\t\t\t\t<div class=\"elementor-element elementor-element-e022eb5 elementor-widget elementor-widget-text-editor\" data-id=\"e022eb5\" data-element_type=\"widget\" data-e-type=\"widget\" data-widget_type=\"text-editor.default\">\n\t\t\t\t<div class=\"elementor-widget-container\">\n\t\t\t\t\t\t\t\t\t<p data-pm-slice=\"1 1 []\">Les raisins de <strong>Viorica<\/strong> et de <strong>Muscat Ottonel<\/strong> proviennent des meilleurs terroirs de Moldavie, o\u00f9 un climat favorable et des sols riches r\u00e9v\u00e8lent toute leur complexit\u00e9.<\/p><p data-pm-slice=\"1 1 []\">Cultiv\u00e9 selon des pratiques durables et respectueuses de l\u2019environnement, le vignoble est soigneusement travaill\u00e9 pour obtenir des raisins \u00e0 pleine maturit\u00e9, gage d\u2019un <a href=\"https:\/\/www.euronews.com\/culture\/2023\/10\/23\/in-celebration-of-the-moldovan-winemaking-tradition\"><strong>vin frais, \u00e9quilibr\u00e9 et authentique.<\/strong><\/a><\/p>\t\t\t\t\t\t\t\t<\/div>\n\t\t\t\t<\/div>\n\t\t\t\t<div class=\"elementor-element elementor-element-5c2148a elementor-widget elementor-widget-heading\" data-id=\"5c2148a\" data-element_type=\"widget\" data-e-type=\"widget\" data-widget_type=\"heading.default\">\n\t\t\t\t<div class=\"elementor-widget-container\">\n\t\t\t\t\t<h2 class=\"elementor-heading-title elementor-size-default\">Vinification<\/h2>\t\t\t\t<\/div>\n\t\t\t\t<\/div>\n\t\t\t\t<div class=\"elementor-element elementor-element-f24e5a7 elementor-widget elementor-widget-text-editor\" data-id=\"f24e5a7\" data-element_type=\"widget\" data-e-type=\"widget\" data-widget_type=\"text-editor.default\">\n\t\t\t\t<div class=\"elementor-widget-container\">\n\t\t\t\t\t\t\t\t\t<p data-pm-slice=\"1 1 []\">Le <strong>Viorica de Purcari<\/strong> est \u00e9labor\u00e9 avec une pr\u00e9cision m\u00e9ticuleuse. Les grappes, s\u00e9lectionn\u00e9es \u00e0 la main, subissent un pressurage d\u00e9licat, suivi d\u2019une fermentation \u00e0 froid, afin de pr\u00e9server toute la fra\u00eecheur et la puret\u00e9 aromatique des c\u00e9pages. <\/p><p data-pm-slice=\"1 1 []\">R\u00e9sultat : <a href=\"https:\/\/www.decanter.com\/sponsored\/moldovas-wine-revolution-509469\/\"><strong>un vin \u00e9l\u00e9gant, aromatique et parfaitement \u00e9quilibr\u00e9, qui refl\u00e8te le meilleur de la viticulture moldave.<\/strong><\/a><\/p>\t\t\t\t\t\t\t\t<\/div>\n\t\t\t\t<\/div>\n\t\t\t\t<div class=\"elementor-element elementor-element-7cae827 elementor-widget elementor-widget-heading\" data-id=\"7cae827\" data-element_type=\"widget\" data-e-type=\"widget\" data-widget_type=\"heading.default\">\n\t\t\t\t<div class=\"elementor-widget-container\">\n\t\t\t\t\t<h2 class=\"elementor-heading-title elementor-size-default\">D\u00e9gustation<\/h2>\t\t\t\t<\/div>\n\t\t\t\t<\/div>\n\t\t\t\t<div class=\"elementor-element elementor-element-bbc90bf elementor-widget elementor-widget-text-editor\" data-id=\"bbc90bf\" data-element_type=\"widget\" data-e-type=\"widget\" data-widget_type=\"text-editor.default\">\n\t\t\t\t<div class=\"elementor-widget-container\">\n\t\t\t\t\t\t\t\t\t<p data-pm-slice=\"1 1 []\">\u00c0 l\u2019\u0153il, le <strong>Viorica de Purcari<\/strong> d\u00e9voile une robe jaune paille lumineuse. Le nez est envo\u00fbtant, avec des ar\u00f4mes de fleurs blanches, de zestes d\u2019agrumes et de fruits tropicaux subtils.<\/p><p data-pm-slice=\"1 1 []\">En bouche, le vin est frais et vif, avec des couches de poire, d\u2019abricot et de p\u00eache juteuse, relev\u00e9es d\u2019une l\u00e9g\u00e8re note \u00e9pic\u00e9e. La finale est croquante, rafraichissante et persistante, apportant une touche d\u2019\u00e9l\u00e9gance suppl\u00e9mentaire. <\/p><p><strong>Id\u00e9al pour accompagner :<\/strong> les fruits de mer et les plats de poisson, les viandes blanches comme le poulet r\u00f4ti, les fromages doux et frais, les salades l\u00e9g\u00e8res et les l\u00e9gumes grill\u00e9s.<br><strong>\u00c0 servir bien frais, entre 8 et 10\u00b0C<\/strong>, pour r\u00e9v\u00e9ler toute sa vivacit\u00e9 et ses ar\u00f4mes.<\/p><p><strong>***<\/strong><\/p><p data-pm-slice=\"1 1 []\"><strong><a href=\"https:\/\/maisontanase.com\/fr\/categorie-produit\/vins-du-monde\/achetez-en-ligne-vin-de-moldavie\/\">D\u00e9couvrez aussi\u2026<\/a><\/strong><br><a href=\"https:\/\/maisontanase.com\/fr\/ou-acheter-les-meilleurs-vins-moldaves\/\">Explorez la s\u00e9lection exclusive de vins moldaves<\/a> propos\u00e9e par Maison Tanase : <a href=\"https:\/\/maisontanase.com\/fr\/boutique\/vins-du-monde\/achetez-en-ligne-vin-de-moldavie\/freedom-blend-de-purcari\/\">vins rouges<\/a>, <a href=\"https:\/\/maisontanase.com\/fr\/boutique\/vins-du-monde\/achetez-en-ligne-vin-de-moldavie\/chardonnay-de-purcari\/\">blancs <\/a>et <a href=\"https:\/\/maisontanase.com\/fr\/boutique\/vins-du-monde\/achetez-en-ligne-vin-de-moldavie\/rose-de-purcari\/\">ros\u00e9s<\/a> d\u2019exception, <strong>disponibles aux meilleurs prix en ligne<\/strong>, avec <strong>paiement s\u00e9curis\u00e9 et livraison rapide en France et en Europe.<\/strong> <\/p><p data-pm-slice=\"1 1 []\">Et pour les amateurs de grands classiques, d\u00e9couvrez \u00e9galement <a href=\"https:\/\/maisontanase.com\/fr\/categorie-produit\/vins-francais\/\"><strong>notre collection de vins fran\u00e7ais<\/strong><\/a>, <strong><a href=\"https:\/\/maisontanase.com\/fr\/categorie-produit\/grands-crus\/\">Grands Crus de Bordeaux<\/a><\/strong> et <a href=\"https:\/\/maisontanase.com\/fr\/categorie-produit\/champagne-pour-toutes-occasions\/\"><strong>Champagnes prestigieux.<\/strong><\/a><\/p><p><strong> <\/strong><\/p>\t\t\t\t\t\t\t\t<\/div>\n\t\t\t\t<\/div>\n\t\t\t\t<div class=\"elementor-element elementor-element-dcfdf0c elementor-widget elementor-widget-pix-button\" data-id=\"dcfdf0c\" data-element_type=\"widget\" data-e-type=\"widget\" data-widget_type=\"pix-button.default\">\n\t\t\t\t<div class=\"elementor-widget-container\">\n\t\t\t\t\t<a  href=\"https:\/\/maisontanase.com\/wp-content\/uploads\/2022\/05\/1-PURCARI-VIORICA-WHITE-DRY-WINE-MAISON-TANASE.pdf\" class=\"btn m-0      btn-primary d-inline-flex align-items-center     btn-rounded btn-md\" target=\"_blank\" rel=\"noopener\"    ><svg class=\"pixfort-icon font-weight-bold   mr-2\" width=\"24\" height=\"24\"  data-name=\"Line\/pixfort-icon-file-duplicate-1\" viewBox=\"2 2 20 20\"><path fill=\"none\" stroke=\"var(--pf-icon-color)\" stroke-linecap=\"round\" stroke-linejoin=\"round\" stroke-width=\"var(--pf-icon-stroke-width)\" d=\"M6,7 L8.87278686,7 L8.87278686,7 C10.9175556,8.48800639 13.4920457,10.7686601 15,12.6534785 L15,19 C15,20.1045695 14.1045695,21 13,21 L6,21 C4.8954305,21 4,20.1045695 4,19 L4,9 C4,7.8954305 4.8954305,7 6,7 Z M8.65864051,7 L8.65864051,10.0721415 C8.65864051,11.6759765 9.95880559,12.9761415 11.5626405,12.9761415 L15,12.9761415 L15,12.9761415 M9,7.07720315 L9,5 C9,3.8954305 9.8954305,3 11,3 L13.8727869,3 C15.9175556,4.48800639 18.4920457,6.76866015 20,8.65347855 L20,15 C20,16.1045695 19.1045695,17 18,17 L15,17 M13.6586405,3 L13.6586405,6.07214154 C13.6586405,7.67597645 14.9588056,8.97614154 16.5626405,8.97614154 L20,8.97614154 L20,8.97614154\"\/><\/svg><span class=\"font-weight-bold \" >Voir la fiche technique<\/span><\/a>\t\t\t\t<\/div>\n\t\t\t\t<\/div>\n\t\t\t\t\t<\/div>\n\t\t<\/div>\n\t\t\t\t\t<\/div>\n\t\t<\/section>\n\t\t\t\t<\/div>\n\t\t","protected":false},"excerpt":{"rendered":"<p class=\"p1\"><strong>Viorica de Purcari <\/strong>\u2013 un <strong>vin blanc moldave d\u2019exception<\/strong>, issu d\u2019un assemblage rare de 51 % Viorica, c\u00e9page autochtone embl\u00e9matique, et 49 % Muscat Ottonel.<\/p>\n<p class=\"p1\"><strong>\u00c9l\u00e9gant, floral et fruit\u00e9<\/strong>, ce vin s\u00e9duit par sa fraicheur aromatique et sa finesse en bouche, <strong>id\u00e9al pour vos moments raffin\u00e9s ou comme cadeau prestigieux.<\/strong><\/p>\n<p class=\"p1\"><strong>Commandez en ligne le Viorica de Purcari<\/strong> d\u00e8s maintenant \u2013 <strong>profitez d\u2019un paiement s\u00e9curis\u00e9 et d\u2019une livraison rapide en France et \u00e0 l\u2019international<\/strong> avec <strong>Maison Tanase, importateur officiel des vins de Moldavie.<\/strong><\/p>\n","protected":false},"featured_media":17792,"comment_status":"open","ping_status":"closed","template":"","meta":[],"product_brand":[],"product_cat":[145,144],"product_tag":[170,315,152],"class_list":{"0":"post-14532","1":"product","2":"type-product","3":"status-publish","4":"has-post-thumbnail","6":"product_cat-achetez-en-ligne-vin-de-moldavie","7":"product_cat-vins-du-monde","8":"product_tag-maison-tanase-fr","9":"product_tag-vin-de-moldavie","10":"product_tag-viorica-de-purcari-fr","12":"first","13":"instock","14":"sale","15":"shipping-taxable","16":"purchasable","17":"product-type-simple"},"yoast_head":"<!-- This site is optimized with the Yoast SEO plugin v27.3 - https:\/\/yoast.com\/product\/yoast-seo-wordpress\/ -->\n<title>Achetez en ligne le Viorica de Purcari - Vin Blanc Sec - Moldavie<\/title>\n<meta name=\"description\" content=\"Achetez en ligne le Viorica de Purcari \u2013 un vin blanc moldave raffin\u00e9, issu d\u2019un assemblage unique de 51 % Viorica, c\u00e9page autochtone, et 49 % Muscat Ottonel. Paiement s\u00e9curis\u00e9, livraison rapide.\" \/>\n<meta name=\"robots\" content=\"index, follow, max-snippet:-1, max-image-preview:large, max-video-preview:-1\" \/>\n<link rel=\"canonical\" href=\"https:\/\/maisontanase.com\/fr\/boutique\/vins-du-monde\/achetez-en-ligne-vin-de-moldavie\/viorica-de-purcari\/\" \/>\n<meta property=\"og:locale\" content=\"fr_FR\" \/>\n<meta property=\"og:type\" content=\"article\" \/>\n<meta property=\"og:title\" content=\"Achetez en ligne le Viorica de Purcari - Vin Blanc Sec - Moldavie\" \/>\n<meta property=\"og:description\" content=\"Achetez en ligne le Viorica de Purcari \u2013 un vin blanc moldave raffin\u00e9, issu d\u2019un assemblage unique de 51 % Viorica, c\u00e9page autochtone, et 49 % Muscat Ottonel. Paiement s\u00e9curis\u00e9, livraison rapide.\" \/>\n<meta property=\"og:url\" content=\"https:\/\/maisontanase.com\/fr\/boutique\/vins-du-monde\/achetez-en-ligne-vin-de-moldavie\/viorica-de-purcari\/\" \/>\n<meta property=\"og:site_name\" content=\"Maison Tanase\" \/>\n<meta property=\"article:modified_time\" content=\"2026-04-01T08:54:15+00:00\" \/>\n<meta property=\"og:image\" content=\"https:\/\/maisontanase.com\/wp-content\/uploads\/2022\/03\/Acheter-en-ligne-Vin-Moldave-Viorica-Maison-Tanase.png\" \/>\n\t<meta property=\"og:image:width\" content=\"1000\" \/>\n\t<meta property=\"og:image:height\" content=\"1000\" \/>\n\t<meta property=\"og:image:type\" content=\"image\/png\" \/>\n<meta name=\"twitter:card\" content=\"summary_large_image\" \/>\n<meta name=\"twitter:title\" content=\"Achetez en ligne le Viorica de Purcari - Vin Blanc Sec - Moldavie\" \/>\n<meta name=\"twitter:description\" content=\"Achetez en ligne le Viorica de Purcari \u2013 un vin blanc moldave raffin\u00e9, issu d\u2019un assemblage unique de 51 % Viorica, c\u00e9page autochtone, et 49 % Muscat Ottonel. Paiement s\u00e9curis\u00e9, livraison rapide.\" \/>\n<meta name=\"twitter:image\" content=\"https:\/\/maisontanase.com\/wp-content\/uploads\/2022\/03\/Acheter-en-ligne-Vin-Moldave-Viorica-Maison-Tanase.png\" \/>\n<meta name=\"twitter:label1\" content=\"Dur\u00e9e de lecture estim\u00e9e\" \/>\n\t<meta name=\"twitter:data1\" content=\"3 minutes\" \/>\n<script type=\"application\/ld+json\" class=\"yoast-schema-graph\">{\"@context\":\"https:\\\/\\\/schema.org\",\"@graph\":[{\"@type\":\"WebPage\",\"@id\":\"https:\\\/\\\/maisontanase.com\\\/fr\\\/boutique\\\/vins-du-monde\\\/achetez-en-ligne-vin-de-moldavie\\\/viorica-de-purcari\\\/\",\"url\":\"https:\\\/\\\/maisontanase.com\\\/fr\\\/boutique\\\/vins-du-monde\\\/achetez-en-ligne-vin-de-moldavie\\\/viorica-de-purcari\\\/\",\"name\":\"Achetez en ligne le Viorica de Purcari - Vin Blanc Sec - Moldavie\",\"isPartOf\":{\"@id\":\"https:\\\/\\\/maisontanase.com\\\/fr\\\/#website\"},\"primaryImageOfPage\":{\"@id\":\"https:\\\/\\\/maisontanase.com\\\/fr\\\/boutique\\\/vins-du-monde\\\/achetez-en-ligne-vin-de-moldavie\\\/viorica-de-purcari\\\/#primaryimage\"},\"image\":{\"@id\":\"https:\\\/\\\/maisontanase.com\\\/fr\\\/boutique\\\/vins-du-monde\\\/achetez-en-ligne-vin-de-moldavie\\\/viorica-de-purcari\\\/#primaryimage\"},\"thumbnailUrl\":\"https:\\\/\\\/maisontanase.com\\\/wp-content\\\/uploads\\\/2022\\\/03\\\/Buy-Online-Moldova-White-Wine-Viorica-Maison-Tanase-France.png\",\"datePublished\":\"2022-03-20T22:51:09+00:00\",\"dateModified\":\"2026-04-01T08:54:15+00:00\",\"description\":\"Achetez en ligne le Viorica de Purcari \u2013 un vin blanc moldave raffin\u00e9, issu d\u2019un assemblage unique de 51 % Viorica, c\u00e9page autochtone, et 49 % Muscat Ottonel. Paiement s\u00e9curis\u00e9, livraison rapide.\",\"breadcrumb\":{\"@id\":\"https:\\\/\\\/maisontanase.com\\\/fr\\\/boutique\\\/vins-du-monde\\\/achetez-en-ligne-vin-de-moldavie\\\/viorica-de-purcari\\\/#breadcrumb\"},\"inLanguage\":\"fr-FR\",\"potentialAction\":[{\"@type\":\"ReadAction\",\"target\":[\"https:\\\/\\\/maisontanase.com\\\/fr\\\/boutique\\\/vins-du-monde\\\/achetez-en-ligne-vin-de-moldavie\\\/viorica-de-purcari\\\/\"]}]},{\"@type\":\"ImageObject\",\"inLanguage\":\"fr-FR\",\"@id\":\"https:\\\/\\\/maisontanase.com\\\/fr\\\/boutique\\\/vins-du-monde\\\/achetez-en-ligne-vin-de-moldavie\\\/viorica-de-purcari\\\/#primaryimage\",\"url\":\"https:\\\/\\\/maisontanase.com\\\/wp-content\\\/uploads\\\/2022\\\/03\\\/Buy-Online-Moldova-White-Wine-Viorica-Maison-Tanase-France.png\",\"contentUrl\":\"https:\\\/\\\/maisontanase.com\\\/wp-content\\\/uploads\\\/2022\\\/03\\\/Buy-Online-Moldova-White-Wine-Viorica-Maison-Tanase-France.png\",\"width\":1000,\"height\":1000,\"caption\":\"Achetez en ligne le Viorica de Purcari \u2013 un vin blanc moldave raffin\u00e9 de chez Maison Tanase, importateur officiel des vins de Purcari, paiement s\u00e9curis\u00e9 et livraison rapide en France et \u00e0 l\u2019international.\"},{\"@type\":\"BreadcrumbList\",\"@id\":\"https:\\\/\\\/maisontanase.com\\\/fr\\\/boutique\\\/vins-du-monde\\\/achetez-en-ligne-vin-de-moldavie\\\/viorica-de-purcari\\\/#breadcrumb\",\"itemListElement\":[{\"@type\":\"ListItem\",\"position\":1,\"name\":\"Accueil\",\"item\":\"https:\\\/\\\/maisontanase.com\\\/fr\\\/\"},{\"@type\":\"ListItem\",\"position\":2,\"name\":\"Boutique\",\"item\":\"https:\\\/\\\/maisontanase.com\\\/fr\\\/boutique-en-ligne-maison-tanase\\\/\"},{\"@type\":\"ListItem\",\"position\":3,\"name\":\"Viorica de Purcari 2024 &#8211; Moldavie &#8211; Blanc\"}]},{\"@type\":\"WebSite\",\"@id\":\"https:\\\/\\\/maisontanase.com\\\/fr\\\/#website\",\"url\":\"https:\\\/\\\/maisontanase.com\\\/fr\\\/\",\"name\":\"Maison Tanase\",\"description\":\"Based in Bordeaux, Maison Tanase is a family-run business that produces and sells high-quality wines and spirits. Welcome to our online shop.\",\"publisher\":{\"@id\":\"https:\\\/\\\/maisontanase.com\\\/fr\\\/#organization\"},\"potentialAction\":[{\"@type\":\"SearchAction\",\"target\":{\"@type\":\"EntryPoint\",\"urlTemplate\":\"https:\\\/\\\/maisontanase.com\\\/fr\\\/?s={search_term_string}\"},\"query-input\":{\"@type\":\"PropertyValueSpecification\",\"valueRequired\":true,\"valueName\":\"search_term_string\"}}],\"inLanguage\":\"fr-FR\"},{\"@type\":\"Organization\",\"@id\":\"https:\\\/\\\/maisontanase.com\\\/fr\\\/#organization\",\"name\":\"Maison Tanase\",\"url\":\"https:\\\/\\\/maisontanase.com\\\/fr\\\/\",\"logo\":{\"@type\":\"ImageObject\",\"inLanguage\":\"fr-FR\",\"@id\":\"https:\\\/\\\/maisontanase.com\\\/fr\\\/#\\\/schema\\\/logo\\\/image\\\/\",\"url\":\"https:\\\/\\\/maisontanase.com\\\/wp-content\\\/uploads\\\/2022\\\/05\\\/maison-tanase.jpg\",\"contentUrl\":\"https:\\\/\\\/maisontanase.com\\\/wp-content\\\/uploads\\\/2022\\\/05\\\/maison-tanase.jpg\",\"width\":1200,\"height\":630,\"caption\":\"Maison Tanase\"},\"image\":{\"@id\":\"https:\\\/\\\/maisontanase.com\\\/fr\\\/#\\\/schema\\\/logo\\\/image\\\/\"}}]}<\/script>\n<!-- \/ Yoast SEO plugin. -->","yoast_head_json":{"title":"Achetez en ligne le Viorica de Purcari - Vin Blanc Sec - Moldavie","description":"Achetez en ligne le Viorica de Purcari \u2013 un vin blanc moldave raffin\u00e9, issu d\u2019un assemblage unique de 51 % Viorica, c\u00e9page autochtone, et 49 % Muscat Ottonel. Paiement s\u00e9curis\u00e9, livraison rapide.","robots":{"index":"index","follow":"follow","max-snippet":"max-snippet:-1","max-image-preview":"max-image-preview:large","max-video-preview":"max-video-preview:-1"},"canonical":"https:\/\/maisontanase.com\/fr\/boutique\/vins-du-monde\/achetez-en-ligne-vin-de-moldavie\/viorica-de-purcari\/","og_locale":"fr_FR","og_type":"article","og_title":"Achetez en ligne le Viorica de Purcari - Vin Blanc Sec - Moldavie","og_description":"Achetez en ligne le Viorica de Purcari \u2013 un vin blanc moldave raffin\u00e9, issu d\u2019un assemblage unique de 51 % Viorica, c\u00e9page autochtone, et 49 % Muscat Ottonel. Paiement s\u00e9curis\u00e9, livraison rapide.","og_url":"https:\/\/maisontanase.com\/fr\/boutique\/vins-du-monde\/achetez-en-ligne-vin-de-moldavie\/viorica-de-purcari\/","og_site_name":"Maison Tanase","article_modified_time":"2026-04-01T08:54:15+00:00","og_image":[{"width":1000,"height":1000,"url":"https:\/\/maisontanase.com\/wp-content\/uploads\/2022\/03\/Acheter-en-ligne-Vin-Moldave-Viorica-Maison-Tanase.png","type":"image\/png"}],"twitter_card":"summary_large_image","twitter_title":"Achetez en ligne le Viorica de Purcari - Vin Blanc Sec - Moldavie","twitter_description":"Achetez en ligne le Viorica de Purcari \u2013 un vin blanc moldave raffin\u00e9, issu d\u2019un assemblage unique de 51 % Viorica, c\u00e9page autochtone, et 49 % Muscat Ottonel. Paiement s\u00e9curis\u00e9, livraison rapide.","twitter_image":"https:\/\/maisontanase.com\/wp-content\/uploads\/2022\/03\/Acheter-en-ligne-Vin-Moldave-Viorica-Maison-Tanase.png","twitter_misc":{"Dur\u00e9e de lecture estim\u00e9e":"3 minutes"},"schema":{"@context":"https:\/\/schema.org","@graph":[{"@type":"WebPage","@id":"https:\/\/maisontanase.com\/fr\/boutique\/vins-du-monde\/achetez-en-ligne-vin-de-moldavie\/viorica-de-purcari\/","url":"https:\/\/maisontanase.com\/fr\/boutique\/vins-du-monde\/achetez-en-ligne-vin-de-moldavie\/viorica-de-purcari\/","name":"Achetez en ligne le Viorica de Purcari - Vin Blanc Sec - Moldavie","isPartOf":{"@id":"https:\/\/maisontanase.com\/fr\/#website"},"primaryImageOfPage":{"@id":"https:\/\/maisontanase.com\/fr\/boutique\/vins-du-monde\/achetez-en-ligne-vin-de-moldavie\/viorica-de-purcari\/#primaryimage"},"image":{"@id":"https:\/\/maisontanase.com\/fr\/boutique\/vins-du-monde\/achetez-en-ligne-vin-de-moldavie\/viorica-de-purcari\/#primaryimage"},"thumbnailUrl":"https:\/\/maisontanase.com\/wp-content\/uploads\/2022\/03\/Buy-Online-Moldova-White-Wine-Viorica-Maison-Tanase-France.png","datePublished":"2022-03-20T22:51:09+00:00","dateModified":"2026-04-01T08:54:15+00:00","description":"Achetez en ligne le Viorica de Purcari \u2013 un vin blanc moldave raffin\u00e9, issu d\u2019un assemblage unique de 51 % Viorica, c\u00e9page autochtone, et 49 % Muscat Ottonel. Paiement s\u00e9curis\u00e9, livraison rapide.","breadcrumb":{"@id":"https:\/\/maisontanase.com\/fr\/boutique\/vins-du-monde\/achetez-en-ligne-vin-de-moldavie\/viorica-de-purcari\/#breadcrumb"},"inLanguage":"fr-FR","potentialAction":[{"@type":"ReadAction","target":["https:\/\/maisontanase.com\/fr\/boutique\/vins-du-monde\/achetez-en-ligne-vin-de-moldavie\/viorica-de-purcari\/"]}]},{"@type":"ImageObject","inLanguage":"fr-FR","@id":"https:\/\/maisontanase.com\/fr\/boutique\/vins-du-monde\/achetez-en-ligne-vin-de-moldavie\/viorica-de-purcari\/#primaryimage","url":"https:\/\/maisontanase.com\/wp-content\/uploads\/2022\/03\/Buy-Online-Moldova-White-Wine-Viorica-Maison-Tanase-France.png","contentUrl":"https:\/\/maisontanase.com\/wp-content\/uploads\/2022\/03\/Buy-Online-Moldova-White-Wine-Viorica-Maison-Tanase-France.png","width":1000,"height":1000,"caption":"Achetez en ligne le Viorica de Purcari \u2013 un vin blanc moldave raffin\u00e9 de chez Maison Tanase, importateur officiel des vins de Purcari, paiement s\u00e9curis\u00e9 et livraison rapide en France et \u00e0 l\u2019international."},{"@type":"BreadcrumbList","@id":"https:\/\/maisontanase.com\/fr\/boutique\/vins-du-monde\/achetez-en-ligne-vin-de-moldavie\/viorica-de-purcari\/#breadcrumb","itemListElement":[{"@type":"ListItem","position":1,"name":"Accueil","item":"https:\/\/maisontanase.com\/fr\/"},{"@type":"ListItem","position":2,"name":"Boutique","item":"https:\/\/maisontanase.com\/fr\/boutique-en-ligne-maison-tanase\/"},{"@type":"ListItem","position":3,"name":"Viorica de Purcari 2024 &#8211; Moldavie &#8211; Blanc"}]},{"@type":"WebSite","@id":"https:\/\/maisontanase.com\/fr\/#website","url":"https:\/\/maisontanase.com\/fr\/","name":"Maison Tanase","description":"Based in Bordeaux, Maison Tanase is a family-run business that produces and sells high-quality wines and spirits. Welcome to our online shop.","publisher":{"@id":"https:\/\/maisontanase.com\/fr\/#organization"},"potentialAction":[{"@type":"SearchAction","target":{"@type":"EntryPoint","urlTemplate":"https:\/\/maisontanase.com\/fr\/?s={search_term_string}"},"query-input":{"@type":"PropertyValueSpecification","valueRequired":true,"valueName":"search_term_string"}}],"inLanguage":"fr-FR"},{"@type":"Organization","@id":"https:\/\/maisontanase.com\/fr\/#organization","name":"Maison Tanase","url":"https:\/\/maisontanase.com\/fr\/","logo":{"@type":"ImageObject","inLanguage":"fr-FR","@id":"https:\/\/maisontanase.com\/fr\/#\/schema\/logo\/image\/","url":"https:\/\/maisontanase.com\/wp-content\/uploads\/2022\/05\/maison-tanase.jpg","contentUrl":"https:\/\/maisontanase.com\/wp-content\/uploads\/2022\/05\/maison-tanase.jpg","width":1200,"height":630,"caption":"Maison Tanase"},"image":{"@id":"https:\/\/maisontanase.com\/fr\/#\/schema\/logo\/image\/"}}]}},"_links":{"self":[{"href":"https:\/\/maisontanase.com\/fr\/wp-json\/wp\/v2\/product\/14532","targetHints":{"allow":["GET"]}}],"collection":[{"href":"https:\/\/maisontanase.com\/fr\/wp-json\/wp\/v2\/product"}],"about":[{"href":"https:\/\/maisontanase.com\/fr\/wp-json\/wp\/v2\/types\/product"}],"replies":[{"embeddable":true,"href":"https:\/\/maisontanase.com\/fr\/wp-json\/wp\/v2\/comments?post=14532"}],"version-history":[{"count":44,"href":"https:\/\/maisontanase.com\/fr\/wp-json\/wp\/v2\/product\/14532\/revisions"}],"predecessor-version":[{"id":19169,"href":"https:\/\/maisontanase.com\/fr\/wp-json\/wp\/v2\/product\/14532\/revisions\/19169"}],"wp:featuredmedia":[{"embeddable":true,"href":"https:\/\/maisontanase.com\/fr\/wp-json\/wp\/v2\/media\/17792"}],"wp:attachment":[{"href":"https:\/\/maisontanase.com\/fr\/wp-json\/wp\/v2\/media?parent=14532"}],"wp:term":[{"taxonomy":"product_brand","embeddable":true,"href":"https:\/\/maisontanase.com\/fr\/wp-json\/wp\/v2\/product_brand?post=14532"},{"taxonomy":"product_cat","embeddable":true,"href":"https:\/\/maisontanase.com\/fr\/wp-json\/wp\/v2\/product_cat?post=14532"},{"taxonomy":"product_tag","embeddable":true,"href":"https:\/\/maisontanase.com\/fr\/wp-json\/wp\/v2\/product_tag?post=14532"}],"curies":[{"name":"wp","href":"https:\/\/api.w.org\/{rel}","templated":true}]}}