
{"id":14774,"date":"2022-04-28T19:20:06","date_gmt":"2022-04-28T17:20:06","guid":{"rendered":"https:\/\/maisontanase.com\/?page_id=14774"},"modified":"2022-04-28T19:20:44","modified_gmt":"2022-04-28T17:20:44","slug":"politique-de-confidentialite","status":"publish","type":"page","link":"https:\/\/maisontanase.com\/fr\/politique-de-confidentialite\/","title":{"rendered":"Politique de confidentialit\u00e9"},"content":{"rendered":"\n<p><a href=\"http:\/\/www.maisontanase.com\/\">www.maisontanase.com<\/a> est la propri\u00e9t\u00e9 de MAISON TANASE, qui est responsable du traitement de vos donn\u00e9es personnelles.<\/p>\n\n\n\n<p>Nous avons adopt\u00e9 la pr\u00e9sente Politique de confidentialit\u00e9, qui d\u00e9termine la fa\u00e7on dont nous traitons les informations recueillies par www.maisontanase.com, qui fournit \u00e9galement les raisons pour lesquelles nous devons recueillir certaines donn\u00e9es personnelles vous concernant.<\/p>\n\n\n\n<p>Par cons\u00e9quent, vous devez lire cette politique de confidentialit\u00e9 avant d\u2019utiliser le site web <a href=\"http:\/\/www.maisontanase.com\/\">www.maisontanase.com<\/a>.<\/p>\n\n\n\n<p>Nous prenons soin de vos donn\u00e9es personnelles et nous nous engageons \u00e0 en garantir la confidentialit\u00e9 et la s\u00e9curit\u00e9.<\/p>\n\n\n\n<h2 class=\"wp-block-heading\"><strong>Renseignements personnels que nous recueillons&nbsp;:<\/strong><\/h2>\n\n\n\n<p>Lorsque vous visitez le www.maisontanase.com, nous recueillons automatiquement certains renseignements sur votre appareil, y compris des renseignements sur votre navigateur Web, votre adresse IP, votre fuseau horaire et certains t\u00e9moins install\u00e9s sur votre appareil. De plus, lorsque vous naviguez sur le Site, nous recueillons des renseignements sur les pages Web ou les produits que vous consultez, les sites Web ou les termes de recherche qui vous ont renvoy\u00e9 au Site et la fa\u00e7on dont vous interagissez avec le Site. Nous appelons ces renseignements recueillis automatiquement les \u00ab&nbsp;renseignements sur l\u2019appareil&nbsp;\u00bb. En outre, nous pouvons recueillir les donn\u00e9es personnelles que vous nous fournissez (y compris, mais sans s\u2019y limiter, le nom, l\u2019adresse, les informations de paiement, etc.) pendant l\u2019inscription pour \u00eatre en mesure de remplir l\u2019accord.<\/p>\n\n\n\n<h2 class=\"wp-block-heading\"><strong>Pourquoi traitons-nous vos donn\u00e9es ?<\/strong><\/h2>\n\n\n\n<p>Notre priorit\u00e9 absolue est la s\u00e9curit\u00e9 des donn\u00e9es des clients, et, \u00e0 ce titre, nous pouvons traiter seulement des donn\u00e9es utilisateur minimales, seulement autant qu\u2019il est absolument n\u00e9cessaire de maintenir le site Web.<\/p>\n\n\n\n<p>Les renseignements recueillis automatiquement ne servent qu\u2019\u00e0 rep\u00e9rer les cas possibles d\u2019abus et \u00e0 \u00e9tablir des statistiques sur l\u2019utilisation du site Web. Ces informations statistiques ne sont pas autrement agr\u00e9g\u00e9es de mani\u00e8re \u00e0 identifier un utilisateur particulier du syst\u00e8me. Vous pouvez visiter le site Web sans nous dire qui vous \u00eates ou sans r\u00e9v\u00e9ler d\u2019information, par laquelle quelqu\u2019un pourrait vous identifier comme une personne sp\u00e9cifique et identifiable.<\/p>\n\n\n\n<p>Si, toutefois, vous souhaitez utiliser certaines fonctionnalit\u00e9s du site, ou si vous souhaitez recevoir notre newsletter ou fournir d\u2019autres d\u00e9tails en remplissant un formulaire, vous pouvez nous fournir des donn\u00e9es personnelles, telles que votre e-mail, pr\u00e9nom, nom, ville de r\u00e9sidence, organisation, num\u00e9ro de t\u00e9l\u00e9phone. Vous pouvez choisir de ne pas nous fournir vos donn\u00e9es personnelles, mais il se peut que vous ne puissiez pas profiter de certaines fonctionnalit\u00e9s du site Web. Par exemple, vous ne pourrez pas recevoir notre Newsletter ou nous contacter directement \u00e0 partir du site. Les utilisateurs qui ne sont pas certains des renseignements obligatoires sont invit\u00e9s \u00e0 communiquer avec nous par courriel \u00e0 <a href=\"mailto:contact@maisontanase.com\">contact@maisontanase.com<\/a>.<\/p>\n\n\n\n<h2 class=\"wp-block-heading\"><strong>Vos droits&nbsp;:<\/strong><\/h2>\n\n\n\n<p>Si vous \u00eates r\u00e9sident europ\u00e9en, vous disposez des droits suivants relatifs \u00e0 vos donn\u00e9es personnelles&nbsp;:<\/p>\n\n\n\n<ul class=\"wp-block-list\"><li>Le droit d\u2019\u00eatre inform\u00e9.<\/li><li>Le droit d\u2019acc\u00e8s.<\/li><li>Le droit de rectification.<\/li><li>Le droit \u00e0 l\u2019effacement.<\/li><li>Le droit de restreindre le traitement.<\/li><li>Le droit \u00e0 la portabilit\u00e9 des donn\u00e9es.<\/li><li>Le droit de s\u2019opposer.<\/li><li>Droits relatifs \u00e0 la prise de d\u00e9cision et au profilage automatis\u00e9s.<\/li><\/ul>\n\n\n\n<p>\u2028Si vous souhaitez exercer ce droit, veuillez nous contacter via les coordonn\u00e9es sur le site. De plus, si vous \u00eates un r\u00e9sident europ\u00e9en, nous notons que nous traitons vos informations afin de remplir les contrats que nous pourrions avoir avec vous (par exemple, si vous passez une commande via le Site), ou pour poursuivre nos int\u00e9r\u00eats commerciaux l\u00e9gitimes \u00e9num\u00e9r\u00e9s ci-dessus.\u2028<\/p>\n\n\n\n<h2 class=\"wp-block-heading\"><strong>Liens vers d\u2019autres sites Web&nbsp;:<\/strong><\/h2>\n\n\n\n<p>Notre site Web peut contenir des liens vers d\u2019autres sites Web qui ne nous appartiennent pas ou ne sont pas contr\u00f4l\u00e9s par nous. Veuillez noter que nous ne sommes pas responsables de ces autres sites Web ou des pratiques de confidentialit\u00e9 de tiers. Nous vous encourageons \u00e0 prendre conscience lorsque vous quittez notre site Web et lisez les d\u00e9clarations de confidentialit\u00e9 de chaque site Web qui peut recueillir des renseignements personnels.\u2028<\/p>\n\n\n\n<h2 class=\"wp-block-heading\"><strong>S\u00e9curit\u00e9 de l\u2019information&nbsp;:<\/strong><\/h2>\n\n\n\n<p>Nous prot\u00e9geons les informations que vous fournissez sur des serveurs informatiques dans un environnement contr\u00f4l\u00e9 et s\u00e9curis\u00e9, prot\u00e9g\u00e9 contre l\u2019acc\u00e8s, l\u2019utilisation ou la divulgation non autoris\u00e9s. Nous conservons des mesures de protection administratives, techniques et physiques raisonnables pour nous prot\u00e9ger contre l\u2019acc\u00e8s non autoris\u00e9, l\u2019utilisation, la modification et la divulgation de donn\u00e9es personnelles sous son contr\u00f4le et sa garde. Cependant, aucune transmission de donn\u00e9es via Internet ou un r\u00e9seau sans fil ne peut \u00eatre garantie.\u2028<\/p>\n\n\n\n<h2 class=\"wp-block-heading\"><strong>Divulgation l\u00e9gale&nbsp;:<\/strong><\/h2>\n\n\n\n<p>Nous divulguerons toute information que nous recueillons, utilisons ou recevons si la loi l\u2019exige ou le permet, par exemple en nous conformant \u00e0 une assignation ou \u00e0 un processus juridique semblable, et lorsque nous croyons de bonne foi que la divulgation est n\u00e9cessaire pour prot\u00e9ger nos droits, prot\u00e9ger votre s\u00e9curit\u00e9 ou celle d\u2019autrui, enqu\u00eater sur la fraude ou r\u00e9pondre \u00e0 une demande du gouvernement.<\/p>\n\n\n\n<h2 class=\"wp-block-heading\"><strong>Coordonn\u00e9es&nbsp;:<\/strong><\/h2>\n\n\n\n<p>Si vous souhaitez nous contacter pour en savoir plus sur la pr\u00e9sente Politique ou pour toute question relative aux droits individuels et \u00e0 vos renseignements personnels, vous pouvez envoyer un courriel \u00e0 contact@maisontanase.com.<\/p>\n\n\n\n<div style=\"height:60px\" aria-hidden=\"true\" class=\"wp-block-spacer\"><\/div>\n\n\n\n<p><\/p>\n","protected":false},"excerpt":{"rendered":"<p>www.maisontanase.com est la propri\u00e9t\u00e9 de MAISON TANASE, qui est responsable du traitement de vos donn\u00e9es personnelles. Nous avons adopt\u00e9 la pr\u00e9sente Politique de confidentialit\u00e9, qui d\u00e9termine la fa\u00e7on dont nous traitons les informations recueillies par www.maisontanase.com, qui fournit \u00e9galement les&#8230;<\/p>\n","protected":false},"author":1,"featured_media":0,"parent":0,"menu_order":0,"comment_status":"closed","ping_status":"closed","template":"","meta":{"footnotes":""},"class_list":["post-14774","page","type-page","status-publish","hentry"],"yoast_head":"<!-- This site is optimized with the Yoast SEO plugin v27.3 - https:\/\/yoast.com\/product\/yoast-seo-wordpress\/ -->\n<title>Politique de confidentialit\u00e9 - Maison Tanase<\/title>\n<meta name=\"robots\" content=\"index, follow, max-snippet:-1, max-image-preview:large, max-video-preview:-1\" \/>\n<link rel=\"canonical\" href=\"https:\/\/maisontanase.com\/fr\/politique-de-confidentialite\/\" \/>\n<meta property=\"og:locale\" content=\"fr_FR\" \/>\n<meta property=\"og:type\" content=\"article\" \/>\n<meta property=\"og:title\" content=\"Politique de confidentialit\u00e9 - Maison Tanase\" \/>\n<meta property=\"og:description\" content=\"www.maisontanase.com est la propri\u00e9t\u00e9 de MAISON TANASE, qui est responsable du traitement de vos donn\u00e9es personnelles. Nous avons adopt\u00e9 la pr\u00e9sente Politique de confidentialit\u00e9, qui d\u00e9termine la fa\u00e7on dont nous traitons les informations recueillies par www.maisontanase.com, qui fournit \u00e9galement les...\" \/>\n<meta property=\"og:url\" content=\"https:\/\/maisontanase.com\/fr\/politique-de-confidentialite\/\" \/>\n<meta property=\"og:site_name\" content=\"Maison Tanase\" \/>\n<meta property=\"article:modified_time\" content=\"2022-04-28T17:20:44+00:00\" \/>\n<meta name=\"twitter:card\" content=\"summary_large_image\" \/>\n<meta name=\"twitter:label1\" content=\"Dur\u00e9e de lecture estim\u00e9e\" \/>\n\t<meta name=\"twitter:data1\" content=\"4 minutes\" \/>\n<script type=\"application\/ld+json\" class=\"yoast-schema-graph\">{\"@context\":\"https:\\\/\\\/schema.org\",\"@graph\":[{\"@type\":\"WebPage\",\"@id\":\"https:\\\/\\\/maisontanase.com\\\/fr\\\/politique-de-confidentialite\\\/\",\"url\":\"https:\\\/\\\/maisontanase.com\\\/fr\\\/politique-de-confidentialite\\\/\",\"name\":\"Politique de confidentialit\u00e9 - Maison Tanase\",\"isPartOf\":{\"@id\":\"https:\\\/\\\/maisontanase.com\\\/fr\\\/#website\"},\"datePublished\":\"2022-04-28T17:20:06+00:00\",\"dateModified\":\"2022-04-28T17:20:44+00:00\",\"breadcrumb\":{\"@id\":\"https:\\\/\\\/maisontanase.com\\\/fr\\\/politique-de-confidentialite\\\/#breadcrumb\"},\"inLanguage\":\"fr-FR\",\"potentialAction\":[{\"@type\":\"ReadAction\",\"target\":[\"https:\\\/\\\/maisontanase.com\\\/fr\\\/politique-de-confidentialite\\\/\"]}]},{\"@type\":\"BreadcrumbList\",\"@id\":\"https:\\\/\\\/maisontanase.com\\\/fr\\\/politique-de-confidentialite\\\/#breadcrumb\",\"itemListElement\":[{\"@type\":\"ListItem\",\"position\":1,\"name\":\"Accueil\",\"item\":\"https:\\\/\\\/maisontanase.com\\\/fr\\\/\"},{\"@type\":\"ListItem\",\"position\":2,\"name\":\"Politique de confidentialit\u00e9\"}]},{\"@type\":\"WebSite\",\"@id\":\"https:\\\/\\\/maisontanase.com\\\/fr\\\/#website\",\"url\":\"https:\\\/\\\/maisontanase.com\\\/fr\\\/\",\"name\":\"Maison Tanase\",\"description\":\"Based in Bordeaux, Maison Tanase is a family-run business that produces and sells high-quality wines and spirits. Welcome to our online shop.\",\"publisher\":{\"@id\":\"https:\\\/\\\/maisontanase.com\\\/fr\\\/#organization\"},\"potentialAction\":[{\"@type\":\"SearchAction\",\"target\":{\"@type\":\"EntryPoint\",\"urlTemplate\":\"https:\\\/\\\/maisontanase.com\\\/fr\\\/?s={search_term_string}\"},\"query-input\":{\"@type\":\"PropertyValueSpecification\",\"valueRequired\":true,\"valueName\":\"search_term_string\"}}],\"inLanguage\":\"fr-FR\"},{\"@type\":\"Organization\",\"@id\":\"https:\\\/\\\/maisontanase.com\\\/fr\\\/#organization\",\"name\":\"Maison Tanase\",\"url\":\"https:\\\/\\\/maisontanase.com\\\/fr\\\/\",\"logo\":{\"@type\":\"ImageObject\",\"inLanguage\":\"fr-FR\",\"@id\":\"https:\\\/\\\/maisontanase.com\\\/fr\\\/#\\\/schema\\\/logo\\\/image\\\/\",\"url\":\"https:\\\/\\\/maisontanase.com\\\/wp-content\\\/uploads\\\/2022\\\/05\\\/maison-tanase.jpg\",\"contentUrl\":\"https:\\\/\\\/maisontanase.com\\\/wp-content\\\/uploads\\\/2022\\\/05\\\/maison-tanase.jpg\",\"width\":1200,\"height\":630,\"caption\":\"Maison Tanase\"},\"image\":{\"@id\":\"https:\\\/\\\/maisontanase.com\\\/fr\\\/#\\\/schema\\\/logo\\\/image\\\/\"}}]}<\/script>\n<!-- \/ Yoast SEO plugin. -->","yoast_head_json":{"title":"Politique de confidentialit\u00e9 - Maison Tanase","robots":{"index":"index","follow":"follow","max-snippet":"max-snippet:-1","max-image-preview":"max-image-preview:large","max-video-preview":"max-video-preview:-1"},"canonical":"https:\/\/maisontanase.com\/fr\/politique-de-confidentialite\/","og_locale":"fr_FR","og_type":"article","og_title":"Politique de confidentialit\u00e9 - Maison Tanase","og_description":"www.maisontanase.com est la propri\u00e9t\u00e9 de MAISON TANASE, qui est responsable du traitement de vos donn\u00e9es personnelles. Nous avons adopt\u00e9 la pr\u00e9sente Politique de confidentialit\u00e9, qui d\u00e9termine la fa\u00e7on dont nous traitons les informations recueillies par www.maisontanase.com, qui fournit \u00e9galement les...","og_url":"https:\/\/maisontanase.com\/fr\/politique-de-confidentialite\/","og_site_name":"Maison Tanase","article_modified_time":"2022-04-28T17:20:44+00:00","twitter_card":"summary_large_image","twitter_misc":{"Dur\u00e9e de lecture estim\u00e9e":"4 minutes"},"schema":{"@context":"https:\/\/schema.org","@graph":[{"@type":"WebPage","@id":"https:\/\/maisontanase.com\/fr\/politique-de-confidentialite\/","url":"https:\/\/maisontanase.com\/fr\/politique-de-confidentialite\/","name":"Politique de confidentialit\u00e9 - Maison Tanase","isPartOf":{"@id":"https:\/\/maisontanase.com\/fr\/#website"},"datePublished":"2022-04-28T17:20:06+00:00","dateModified":"2022-04-28T17:20:44+00:00","breadcrumb":{"@id":"https:\/\/maisontanase.com\/fr\/politique-de-confidentialite\/#breadcrumb"},"inLanguage":"fr-FR","potentialAction":[{"@type":"ReadAction","target":["https:\/\/maisontanase.com\/fr\/politique-de-confidentialite\/"]}]},{"@type":"BreadcrumbList","@id":"https:\/\/maisontanase.com\/fr\/politique-de-confidentialite\/#breadcrumb","itemListElement":[{"@type":"ListItem","position":1,"name":"Accueil","item":"https:\/\/maisontanase.com\/fr\/"},{"@type":"ListItem","position":2,"name":"Politique de confidentialit\u00e9"}]},{"@type":"WebSite","@id":"https:\/\/maisontanase.com\/fr\/#website","url":"https:\/\/maisontanase.com\/fr\/","name":"Maison Tanase","description":"Based in Bordeaux, Maison Tanase is a family-run business that produces and sells high-quality wines and spirits. Welcome to our online shop.","publisher":{"@id":"https:\/\/maisontanase.com\/fr\/#organization"},"potentialAction":[{"@type":"SearchAction","target":{"@type":"EntryPoint","urlTemplate":"https:\/\/maisontanase.com\/fr\/?s={search_term_string}"},"query-input":{"@type":"PropertyValueSpecification","valueRequired":true,"valueName":"search_term_string"}}],"inLanguage":"fr-FR"},{"@type":"Organization","@id":"https:\/\/maisontanase.com\/fr\/#organization","name":"Maison Tanase","url":"https:\/\/maisontanase.com\/fr\/","logo":{"@type":"ImageObject","inLanguage":"fr-FR","@id":"https:\/\/maisontanase.com\/fr\/#\/schema\/logo\/image\/","url":"https:\/\/maisontanase.com\/wp-content\/uploads\/2022\/05\/maison-tanase.jpg","contentUrl":"https:\/\/maisontanase.com\/wp-content\/uploads\/2022\/05\/maison-tanase.jpg","width":1200,"height":630,"caption":"Maison Tanase"},"image":{"@id":"https:\/\/maisontanase.com\/fr\/#\/schema\/logo\/image\/"}}]}},"_links":{"self":[{"href":"https:\/\/maisontanase.com\/fr\/wp-json\/wp\/v2\/pages\/14774","targetHints":{"allow":["GET"]}}],"collection":[{"href":"https:\/\/maisontanase.com\/fr\/wp-json\/wp\/v2\/pages"}],"about":[{"href":"https:\/\/maisontanase.com\/fr\/wp-json\/wp\/v2\/types\/page"}],"author":[{"embeddable":true,"href":"https:\/\/maisontanase.com\/fr\/wp-json\/wp\/v2\/users\/1"}],"replies":[{"embeddable":true,"href":"https:\/\/maisontanase.com\/fr\/wp-json\/wp\/v2\/comments?post=14774"}],"version-history":[{"count":3,"href":"https:\/\/maisontanase.com\/fr\/wp-json\/wp\/v2\/pages\/14774\/revisions"}],"predecessor-version":[{"id":14777,"href":"https:\/\/maisontanase.com\/fr\/wp-json\/wp\/v2\/pages\/14774\/revisions\/14777"}],"wp:attachment":[{"href":"https:\/\/maisontanase.com\/fr\/wp-json\/wp\/v2\/media?parent=14774"}],"curies":[{"name":"wp","href":"https:\/\/api.w.org\/{rel}","templated":true}]}}