
{"id":14765,"date":"2022-04-28T17:43:45","date_gmt":"2022-04-28T15:43:45","guid":{"rendered":"https:\/\/maisontanase.com\/?page_id=14765"},"modified":"2022-04-29T04:43:01","modified_gmt":"2022-04-29T02:43:01","slug":"conditions-generales-de-vente","status":"publish","type":"page","link":"https:\/\/maisontanase.com\/fr\/conditions-generales-de-vente\/","title":{"rendered":"Conditions g\u00e9n\u00e9rales de vente"},"content":{"rendered":"\n<p><em>Date de derni\u00e8re mise \u00e0 jour 2<\/em><em>8<\/em><em>\/0<\/em><em>4<\/em><em>\/202<\/em><em>2<\/em><\/p>\n\n\n\n<p><strong>MAISON TANASE<\/strong><\/p>\n\n\n\n<p>Soci\u00e9t\u00e9 SARL au capital de 1000,00\u20ac euros<\/p>\n\n\n\n<p>Si\u00e8ge social 17, rue Edouard Branly, 33110 Le Bouscat;&nbsp;&nbsp;<\/p>\n\n\n\n<p>Adresse du courrier \u00e9lectronique: <a href=\"mailto:contact@maisontanase.com\">contact@maisontanase.com<\/a>;<\/p>\n\n\n\n<p>RCS (ou R\u00e9pertoire des m\u00e9tiers) de Bordeaux B 848 064 499 n\u00b084806449900017;<\/p>\n\n\n\n<p>TVA Intra-communautaire n\u00b0FR06848064499;<\/p>\n\n\n\n<p>Le responsable de la publication est le g\u00e9rant ou son repr\u00e9sentant;<\/p>\n\n\n\n<h2 class=\"wp-block-heading\"><strong>Article 1 &#8211; Objet<\/strong><\/h2>\n\n\n\n<p>Les pr\u00e9sentes conditions r\u00e9gissent les ventes des produits par la soci\u00e9t\u00e9 MAISON TANASE, situ\u00e9 au 17 rue Edouard Branly, 33110 Le Bouscat.<\/p>\n\n\n\n<h2 class=\"wp-block-heading\"><strong>Article 2 &#8211; Pri<\/strong><strong>x<\/strong><\/h2>\n\n\n\n<p>Les prix de nos produits sont indiqu\u00e9s en euros toutes taxes comprises (TVA et autres taxes applicables au jour de la commande), sauf indication contraire et hors frais de traitement et d&rsquo;exp\u00e9dition.<\/p>\n\n\n\n<p>En cas de commande vers un pays autre que la France m\u00e9tropolitaine vous \u00eates l&rsquo;importateur du ou des produits concern\u00e9s. Des droits de douane ou autres taxes locales ou droits d&rsquo;importation ou taxes d&rsquo;\u00e9tat sont susceptibles d&rsquo;\u00eatre exigibles. Ces droits et sommes ne rel\u00e8vent pas du ressort de la soci\u00e9t\u00e9 MAISON TANASE. Ils seront \u00e0 votre charge et rel\u00e8vent de votre enti\u00e8re responsabilit\u00e9, tant en termes de d\u00e9clarations que de paiements aux autorit\u00e9s et organismes comp\u00e9tents de votre pays. Nous vous conseillons de vous renseigner sur ces aspects aupr\u00e8s de vos autorit\u00e9s locales.<\/p>\n\n\n\n<p>Toutes les commandes quelle que soit leur origine sont payables en euros.&nbsp;&nbsp;<\/p>\n\n\n\n<p>La soci\u00e9t\u00e9 MAISON TANASE se r\u00e9serve le droit de modifier ses prix \u00e0 tout moment, mais le produit sera factur\u00e9 sur la base du tarif en vigueur au moment de la validation de la commande et sous r\u00e9serve de disponibilit\u00e9.<\/p>\n\n\n\n<p>Les produits demeurent la propri\u00e9t\u00e9 de la soci\u00e9t\u00e9 MAISON TANASE jusqu&rsquo;au paiement complet du prix.&nbsp;&nbsp;<\/p>\n\n\n\n<p>Attention : d\u00e8s que vous prenez possession physiquement des produits command\u00e9s, les risques de perte ou d&rsquo;endommagement des produits vous sont transf\u00e9r\u00e9s.<\/p>\n\n\n\n<h2 class=\"wp-block-heading\"><strong>Article 3 &#8211; Commandes<\/strong><\/h2>\n\n\n\n<p>Vous pouvez passer commande :<\/p>\n\n\n\n<p>Sur Internet : <a href=\"https:\/\/maisontanase.com\/\">https:\/\/maisontanase.com\/<\/a><\/p>\n\n\n\n<p>Les informations contractuelles sont pr\u00e9sent\u00e9es en langue fran\u00e7aise et feront l&rsquo;objet d&rsquo;une confirmation au plus tard au moment de la validation de votre commande.&nbsp;&nbsp;<\/p>\n\n\n\n<p>La soci\u00e9t\u00e9 MAISON TANASE se r\u00e9serve le droit de ne pas enregistrer un paiement, et de ne pas confirmer une commande pour quelque raison que ce soit, et plus particuli\u00e8rement en cas de probl\u00e8me d&rsquo;approvisionnement, ou en cas de difficult\u00e9 concernant la commande re\u00e7ue.<\/p>\n\n\n\n<h2 class=\"wp-block-heading\"><strong>Article 4 &#8211; Validation de votre commande<\/strong><\/h2>\n\n\n\n<p>Toute commande figurant sur le site Internet <a href=\"https:\/\/maisontanase.com\/\">https:\/\/maisontanase.com\/<\/a> suppose l&rsquo;adh\u00e9sion aux pr\u00e9sentes Conditions G\u00e9n\u00e9rales.<\/p>\n\n\n\n<p>Toute confirmation de commande entra\u00eene votre adh\u00e9sion pleine et enti\u00e8re aux pr\u00e9sentes conditions g\u00e9n\u00e9rales de vente, sans exception ni r\u00e9serve.&nbsp;&nbsp;<\/p>\n\n\n\n<p>L&rsquo;ensemble des donn\u00e9es fournies et la confirmation enregistr\u00e9e vaudront preuve de la transaction. Vous d\u00e9clarez en avoir parfaite connaissance.&nbsp;&nbsp;<\/p>\n\n\n\n<p>La confirmation de commande vaudra signature et acceptation des op\u00e9rations effectu\u00e9es.&nbsp;&nbsp;<\/p>\n\n\n\n<p>Un r\u00e9capitulatif des informations de votre commande et des pr\u00e9sentes Conditions G\u00e9n\u00e9rales, vous sera communiqu\u00e9 en format PDF via l&rsquo;adresse e-mail de confirmation de votre commande.<\/p>\n\n\n\n<h2 class=\"wp-block-heading\"><strong>Article 5 &#8211; Paiement<\/strong><\/h2>\n\n\n\n<p>Le fait de valider votre commande implique pour vous l&rsquo;obligation de payer le prix indiqu\u00e9.&nbsp;&nbsp;<\/p>\n\n\n\n<p>Le r\u00e8glement de vos achats s&rsquo;effectue par carte bancaire gr\u00e2ce au syst\u00e8me s\u00e9curis\u00e9 3D Secure et PayPal.<\/p>\n\n\n\n<p>Le d\u00e9bit de la carte n&rsquo;est effectu\u00e9 qu&rsquo;au moment de la confirmation de la commande sur le site par le client.<\/p>\n\n\n\n<h2 class=\"wp-block-heading\"><strong>Article 6 &#8211; R\u00e9tractation<\/strong><\/h2>\n\n\n\n<p>Conform\u00e9ment aux dispositions de l&rsquo;article L.121-21 du Code de la Consommation, vous disposez d&rsquo;un d\u00e9lai de r\u00e9tractation de 14 jours \u00e0 compter de la r\u00e9ception de vos produits pour exercer votre droit de r\u00e9traction sans avoir \u00e0 justifier de motifs ni \u00e0 payer de p\u00e9nalit\u00e9.&nbsp;&nbsp;<\/p>\n\n\n\n<p>Les retours sont \u00e0 effectuer dans leur \u00e9tat d&rsquo;origine et complets (emballage, accessoires, notice). Dans ce cadre, votre responsabilit\u00e9 est engag\u00e9e. Tout dommage subi par le produit \u00e0 cette occasion peut \u00eatre de nature \u00e0 faire \u00e9chec au droit de r\u00e9tractation.<\/p>\n\n\n\n<p>Les frais de retour sont \u00e0 votre charge.<\/p>\n\n\n\n<p>En cas d&rsquo;exercice du droit de r\u00e9tractation, la soci\u00e9t\u00e9 MAISON TANASE proc\u00e9dera au remboursement des sommes vers\u00e9es, dans un d\u00e9lai de 14 jours suivant la notification de votre demande et via le m\u00eame moyen de paiement que celui utilis\u00e9 lors de la commande.<\/p>\n\n\n\n<p><strong>EXCEPTIONS AU DROIT DE RETRACTATION<\/strong><\/p>\n\n\n\n<p>Conform\u00e9ment aux dispositions de l&rsquo;article L.121-21-8 du Code de la Consommation, le droit de r\u00e9tractation ne s&rsquo;applique pas \u00e0 :&nbsp;&nbsp;<\/p>\n\n\n\n<p>La fourniture de services pleinement ex\u00e9cut\u00e9s avant la fin du d\u00e9lai de r\u00e9tractation et dont l&rsquo;ex\u00e9cution a commenc\u00e9 apr\u00e8s accord pr\u00e9alable expr\u00e8s du consommateur et renoncement expr\u00e8s \u00e0 son droit de r\u00e9tractation.<\/p>\n\n\n\n<p>La fourniture de biens ou de services dont le prix d\u00e9pend de fluctuations sur le march\u00e9 financier \u00e9chappant au contr\u00f4le du professionnel et susceptibles de se produire pendant le d\u00e9lai de r\u00e9tractation.<\/p>\n\n\n\n<p>La fourniture de biens confectionn\u00e9s selon les sp\u00e9cifications du consommateur ou nettement personnalis\u00e9s.<\/p>\n\n\n\n<p>La fourniture de biens susceptibles de se d\u00e9t\u00e9riorer ou de se p\u00e9rimer rapidement.<\/p>\n\n\n\n<p>La fourniture de biens qui ont \u00e9t\u00e9 descell\u00e9s par le consommateur apr\u00e8s la livraison et qui ne peuvent \u00eatre renvoy\u00e9s pour des raisons d&rsquo;hygi\u00e8ne ou de protection de la sant\u00e9.<\/p>\n\n\n\n<p>La fourniture de biens qui, apr\u00e8s avoir \u00e9t\u00e9 livr\u00e9s et de par leur nature, sont m\u00e9lang\u00e9s de mani\u00e8re indissociable avec d&rsquo;autres articles;<\/p>\n\n\n\n<p>La fourniture de boissons alcoolis\u00e9es dont la livraison est diff\u00e9r\u00e9e au-del\u00e0 de trente jours et dont la valeur convenue \u00e0 la conclusion du contrat d\u00e9pend de fluctuations sur le march\u00e9 \u00e9chappant au contr\u00f4le du professionnel.<\/p>\n\n\n\n<p>La fourniture d&rsquo;enregistrements audio ou vid\u00e9o ou de logiciels informatiques lorsqu&rsquo;ils ont \u00e9t\u00e9 descell\u00e9s par le consommateur apr\u00e8s la livraison.<\/p>\n\n\n\n<p>La fourniture d&rsquo;un journal, d&rsquo;un p\u00e9riodique ou d&rsquo;un magazine, sauf pour les contrats d&rsquo;abonnement \u00e0 ces publications.<\/p>\n\n\n\n<p>Les transactions conclues lors d&rsquo;une ench\u00e8re publique.<\/p>\n\n\n\n<p>La fourniture d&rsquo;un contenu num\u00e9rique non fourni sur un support mat\u00e9riel dont l&rsquo;ex\u00e9cution a commenc\u00e9 apr\u00e8s accord pr\u00e9alable expr\u00e8s du consommateur et renoncement expr\u00e8s \u00e0 son droit de r\u00e9tractation.<\/p>\n\n\n\n<h2 class=\"wp-block-heading\"><strong>Article 7<\/strong><strong> <\/strong><strong>&#8211; Disponibilit\u00e9<\/strong><\/h2>\n\n\n\n<p>Nos produits sont propos\u00e9s tant qu&rsquo;ils sont visibles sur le site <a href=\"https:\/\/maisontanase.com\/\">https:\/\/maisontanase.com\/<\/a> et dans la limite des stocks disponibles. Pour les produits non stock\u00e9s, nos offres sont valables sous r\u00e9serve de disponibilit\u00e9 chez nos partenaires.<\/p>\n\n\n\n<p>En cas d&rsquo;indisponibilit\u00e9 de produit apr\u00e8s passation de votre commande, nous vous en informerons par mail. Votre commande sera automatiquement annul\u00e9e et aucun d\u00e9bit bancaire ne sera effectu\u00e9.&nbsp;&nbsp;<\/p>\n\n\n\n<p>En outre, le site Internet <a href=\"https:\/\/maisontanase.com\/\">https:\/\/maisontanase.com\/<\/a> n&rsquo;a pas vocation \u00e0 vendre ses produits en quantit\u00e9s importantes. Par cons\u00e9quent, la soci\u00e9t\u00e9 MAISON TANASE se r\u00e9serve le droit de refuser l\u2019achat sur le site des commandes de plus 24 articles identiques, tout en redirectionnant le client\/le consommateur\/l\u2019internaute vers une adresse mail pr\u00e9cise ou celui-ci pourra passer facilement une commande dans les quantit\u00e9s qu\u2019il souhaite (dans la limite du stock disponible).<\/p>\n\n\n\n<h2 class=\"wp-block-heading\"><strong>Article 8 &#8211; Livraison<\/strong><\/h2>\n\n\n\n<p>Les produits sont livr\u00e9s \u00e0 l&rsquo;adresse de livraison indiqu\u00e9e au cours du processus de commande, dans le d\u00e9lai indiqu\u00e9 sur la page de validation de la commande.<\/p>\n\n\n\n<p>En cas de retard d&rsquo;exp\u00e9dition, un mail vous sera adress\u00e9 pour vous informer d&rsquo;une \u00e9ventuelle cons\u00e9quence sur le d\u00e9lai de livraison qui vous a \u00e9t\u00e9 indiqu\u00e9.&nbsp;&nbsp;<\/p>\n\n\n\n<p>En cas de livraisons par un transporteur, la soci\u00e9t\u00e9 MAISON TANASE ne peut \u00eatre tenue pour responsable de retard de livraison d\u00fb exclusivement \u00e0 une indisponibilit\u00e9 du client apr\u00e8s plusieurs propositions de rendez-vous.<\/p>\n\n\n\n<h2 class=\"wp-block-heading\"><strong>Article 9 &#8211; Garantie<\/strong><\/h2>\n\n\n\n<p>Tous nos produits b\u00e9n\u00e9ficient de la garantie l\u00e9gale de conformit\u00e9 et de la garantie des vices cach\u00e9s, pr\u00e9vues par les articles 1641 et suivants du Code civil. En cas de non-conformit\u00e9 d&rsquo;un produit vendu, il pourra \u00eatre retourn\u00e9, \u00e9chang\u00e9 ou rembours\u00e9.&nbsp;&nbsp;<\/p>\n\n\n\n<p>Toutes les r\u00e9clamations, demandes d&rsquo;\u00e9change ou de remboursement doivent s&rsquo;effectuer par e-mail dans le d\u00e9lai de 30 jours de la livraison.&nbsp;&nbsp;<\/p>\n\n\n\n<p>Les produits doivent nous \u00eatre retourn\u00e9s dans l&rsquo;\u00e9tat dans lequel vous les avez re\u00e7us avec l&rsquo;ensemble des \u00e9l\u00e9ments (accessoires, emballage, notice\u2026).<\/p>\n\n\n\n<p>Les dispositions de cet Article ne vous emp\u00eachent pas de b\u00e9n\u00e9ficier du droit de r\u00e9tractation pr\u00e9vu \u00e0 l&rsquo;article 6.<\/p>\n\n\n\n<h2 class=\"wp-block-heading\"><strong>Article 10 &#8211; Responsabilit\u00e9<\/strong><\/h2>\n\n\n\n<p>Les produits propos\u00e9s sont conformes \u00e0 la l\u00e9gislation fran\u00e7aise en vigueur. La responsabilit\u00e9 de la soci\u00e9t\u00e9 MAISON TANASE ne saurait \u00eatre engag\u00e9e en cas de non-respect de la l\u00e9gislation du pays o\u00f9 le produit est livr\u00e9. Il vous appartient de v\u00e9rifier aupr\u00e8s des autorit\u00e9s locales les possibilit\u00e9s d&rsquo;importation ou d&rsquo;utilisation des produits ou services que vous envisagez de commander.<\/p>\n\n\n\n<p>Par ailleurs, la soci\u00e9t\u00e9 MAISON TANASE ne saurait \u00eatre tenue pour responsable des dommages r\u00e9sultant d&rsquo;une mauvaise utilisation du produit achet\u00e9.<\/p>\n\n\n\n<p>Enfin la responsabilit\u00e9 de la soci\u00e9t\u00e9 MAISON TANASE ne saurait \u00eatre engag\u00e9e pour tous les inconv\u00e9nients ou dommages inh\u00e9rents \u00e0 l&rsquo;utilisation du r\u00e9seau Internet, notamment une rupture de service, une intrusion ext\u00e9rieure ou la pr\u00e9sence de virus informatiques.<\/p>\n\n\n\n<h2 class=\"wp-block-heading\"><strong>Article 11 &#8211; Droit applicable en cas de litiges<\/strong><\/h2>\n\n\n\n<p>La langue du pr\u00e9sent contrat est la langue fran\u00e7aise. Les pr\u00e9sentes conditions de vente sont soumises \u00e0 la loi fran\u00e7aise. En cas de litige, le tribunal de Bordeaux sera le seul&nbsp; comp\u00e9tent.<\/p>\n\n\n\n<h2 class=\"wp-block-heading\"><strong>Article 12 &#8211; Propri\u00e9t\u00e9 intellectuelle<\/strong><\/h2>\n\n\n\n<p>Tous les \u00e9l\u00e9ments du site <a href=\"https:\/\/maisontanase.com\/\">https:\/\/maisontanase.com\/<\/a> sont et restent la propri\u00e9t\u00e9 intellectuelle et exclusive de la soci\u00e9t\u00e9 MAISON TANASE. Nul n&rsquo;est autoris\u00e9 \u00e0 reproduire, exploiter, rediffuser, ou utiliser \u00e0 quelque titre que ce soit, m\u00eame partiellement, des \u00e9l\u00e9ments du site qu&rsquo;ils soient logiciels, visuels ou sonores. Tout lien simple ou par hypertexte est strictement interdit sans un accord \u00e9crit expr\u00e8s de la soci\u00e9t\u00e9 MAISON TANASE.&nbsp;&nbsp;<\/p>\n\n\n\n<h2 class=\"wp-block-heading\"><strong>Article 13 &#8211; Donn\u00e9es personnelles<\/strong><\/h2>\n\n\n\n<p>La soci\u00e9t\u00e9 MAISON TANASE se r\u00e9serve le droit de collecter les informations nominatives et les donn\u00e9es personnelles vous concernant. Elles sont n\u00e9cessaires \u00e0 la gestion de votre commande, ainsi qu&rsquo;\u00e0 l&rsquo;am\u00e9lioration des services et des informations que nous vous adressons.&nbsp;&nbsp;<\/p>\n\n\n\n<p>Elles peuvent aussi \u00eatre transmises aux soci\u00e9t\u00e9s qui contribuent \u00e0 ces relations, telles que celles charg\u00e9es de l&rsquo;ex\u00e9cution des services et commandes pour leur gestion, ex\u00e9cution, traitement et paiement.&nbsp;&nbsp;<\/p>\n\n\n\n<p>Ces informations et donn\u00e9es sont \u00e9galement conserv\u00e9es \u00e0 des fins de s\u00e9curit\u00e9, afin de respecter les obligations l\u00e9gales et r\u00e9glementaires.&nbsp;&nbsp;<\/p>\n\n\n\n<p>Conform\u00e9ment \u00e0 la loi du 6 janvier 1978, vous disposez d&rsquo;un droit d&rsquo;acc\u00e8s, de rectification et d&rsquo;opposition aux informations nominatives et aux donn\u00e9es personnelles vous concernant, directement sur le site Internet.<\/p>\n\n\n\n<h2 class=\"wp-block-heading\"><strong>Article 14 &#8211; Archivage Preuve<\/strong><\/h2>\n\n\n\n<p>La soci\u00e9t\u00e9 MAISON TANASE archivera les bons de commandes et les factures sur un support fiable et durable constituant une copie fid\u00e8le conform\u00e9ment aux dispositions de l&rsquo;article 1348 du Code civil.&nbsp;&nbsp;<\/p>\n\n\n\n<p>Les registres informatis\u00e9s de la soci\u00e9t\u00e9 MAISON TANASE seront consid\u00e9r\u00e9s par toutes les parties concern\u00e9es comme preuve des communications, commandes, paiements et transactions intervenus entre les parties.<\/p>\n\n\n\n<div style=\"height:60px\" aria-hidden=\"true\" class=\"wp-block-spacer\"><\/div>\n","protected":false},"excerpt":{"rendered":"<p>Date de derni\u00e8re mise \u00e0 jour 28\/04\/2022 MAISON TANASE Soci\u00e9t\u00e9 SARL au capital de 1000,00\u20ac euros Si\u00e8ge social 17, rue Edouard Branly, 33110 Le Bouscat;&nbsp;&nbsp; Adresse du courrier \u00e9lectronique: contact@maisontanase.com; RCS (ou R\u00e9pertoire des m\u00e9tiers) de Bordeaux B 848 064&#8230;<\/p>\n","protected":false},"author":1,"featured_media":0,"parent":0,"menu_order":0,"comment_status":"closed","ping_status":"closed","template":"","meta":{"footnotes":""},"class_list":["post-14765","page","type-page","status-publish","hentry"],"yoast_head":"<!-- This site is optimized with the Yoast SEO plugin v27.3 - https:\/\/yoast.com\/product\/yoast-seo-wordpress\/ -->\n<title>Conditions g\u00e9n\u00e9rales de vente - Boutique Maison Tanase<\/title>\n<meta name=\"robots\" content=\"index, follow, max-snippet:-1, max-image-preview:large, max-video-preview:-1\" \/>\n<link rel=\"canonical\" href=\"https:\/\/maisontanase.com\/fr\/conditions-generales-de-vente\/\" \/>\n<meta property=\"og:locale\" content=\"fr_FR\" \/>\n<meta property=\"og:type\" content=\"article\" \/>\n<meta property=\"og:title\" content=\"Conditions g\u00e9n\u00e9rales de vente - Boutique Maison Tanase\" \/>\n<meta property=\"og:description\" content=\"Date de derni\u00e8re mise \u00e0 jour 28\/04\/2022 MAISON TANASE Soci\u00e9t\u00e9 SARL au capital de 1000,00\u20ac euros Si\u00e8ge social 17, rue Edouard Branly, 33110 Le Bouscat;&nbsp;&nbsp; Adresse du courrier \u00e9lectronique: contact@maisontanase.com; RCS (ou R\u00e9pertoire des m\u00e9tiers) de Bordeaux B 848 064...\" \/>\n<meta property=\"og:url\" content=\"https:\/\/maisontanase.com\/fr\/conditions-generales-de-vente\/\" \/>\n<meta property=\"og:site_name\" content=\"Maison Tanase\" \/>\n<meta property=\"article:modified_time\" content=\"2022-04-29T02:43:01+00:00\" \/>\n<meta name=\"twitter:card\" content=\"summary_large_image\" \/>\n<meta name=\"twitter:label1\" content=\"Dur\u00e9e de lecture estim\u00e9e\" \/>\n\t<meta name=\"twitter:data1\" content=\"8 minutes\" \/>\n<script type=\"application\/ld+json\" class=\"yoast-schema-graph\">{\"@context\":\"https:\\\/\\\/schema.org\",\"@graph\":[{\"@type\":\"WebPage\",\"@id\":\"https:\\\/\\\/maisontanase.com\\\/fr\\\/conditions-generales-de-vente\\\/\",\"url\":\"https:\\\/\\\/maisontanase.com\\\/fr\\\/conditions-generales-de-vente\\\/\",\"name\":\"Conditions g\u00e9n\u00e9rales de vente - Boutique Maison Tanase\",\"isPartOf\":{\"@id\":\"https:\\\/\\\/maisontanase.com\\\/fr\\\/#website\"},\"datePublished\":\"2022-04-28T15:43:45+00:00\",\"dateModified\":\"2022-04-29T02:43:01+00:00\",\"breadcrumb\":{\"@id\":\"https:\\\/\\\/maisontanase.com\\\/fr\\\/conditions-generales-de-vente\\\/#breadcrumb\"},\"inLanguage\":\"fr-FR\",\"potentialAction\":[{\"@type\":\"ReadAction\",\"target\":[\"https:\\\/\\\/maisontanase.com\\\/fr\\\/conditions-generales-de-vente\\\/\"]}]},{\"@type\":\"BreadcrumbList\",\"@id\":\"https:\\\/\\\/maisontanase.com\\\/fr\\\/conditions-generales-de-vente\\\/#breadcrumb\",\"itemListElement\":[{\"@type\":\"ListItem\",\"position\":1,\"name\":\"Accueil\",\"item\":\"https:\\\/\\\/maisontanase.com\\\/fr\\\/\"},{\"@type\":\"ListItem\",\"position\":2,\"name\":\"Conditions g\u00e9n\u00e9rales de vente\"}]},{\"@type\":\"WebSite\",\"@id\":\"https:\\\/\\\/maisontanase.com\\\/fr\\\/#website\",\"url\":\"https:\\\/\\\/maisontanase.com\\\/fr\\\/\",\"name\":\"Maison Tanase\",\"description\":\"Based in Bordeaux, Maison Tanase is a family-run business that produces and sells high-quality wines and spirits. Welcome to our online shop.\",\"publisher\":{\"@id\":\"https:\\\/\\\/maisontanase.com\\\/fr\\\/#organization\"},\"potentialAction\":[{\"@type\":\"SearchAction\",\"target\":{\"@type\":\"EntryPoint\",\"urlTemplate\":\"https:\\\/\\\/maisontanase.com\\\/fr\\\/?s={search_term_string}\"},\"query-input\":{\"@type\":\"PropertyValueSpecification\",\"valueRequired\":true,\"valueName\":\"search_term_string\"}}],\"inLanguage\":\"fr-FR\"},{\"@type\":\"Organization\",\"@id\":\"https:\\\/\\\/maisontanase.com\\\/fr\\\/#organization\",\"name\":\"Maison Tanase\",\"url\":\"https:\\\/\\\/maisontanase.com\\\/fr\\\/\",\"logo\":{\"@type\":\"ImageObject\",\"inLanguage\":\"fr-FR\",\"@id\":\"https:\\\/\\\/maisontanase.com\\\/fr\\\/#\\\/schema\\\/logo\\\/image\\\/\",\"url\":\"https:\\\/\\\/maisontanase.com\\\/wp-content\\\/uploads\\\/2022\\\/05\\\/maison-tanase.jpg\",\"contentUrl\":\"https:\\\/\\\/maisontanase.com\\\/wp-content\\\/uploads\\\/2022\\\/05\\\/maison-tanase.jpg\",\"width\":1200,\"height\":630,\"caption\":\"Maison Tanase\"},\"image\":{\"@id\":\"https:\\\/\\\/maisontanase.com\\\/fr\\\/#\\\/schema\\\/logo\\\/image\\\/\"}}]}<\/script>\n<!-- \/ Yoast SEO plugin. -->","yoast_head_json":{"title":"Conditions g\u00e9n\u00e9rales de vente - Boutique Maison Tanase","robots":{"index":"index","follow":"follow","max-snippet":"max-snippet:-1","max-image-preview":"max-image-preview:large","max-video-preview":"max-video-preview:-1"},"canonical":"https:\/\/maisontanase.com\/fr\/conditions-generales-de-vente\/","og_locale":"fr_FR","og_type":"article","og_title":"Conditions g\u00e9n\u00e9rales de vente - Boutique Maison Tanase","og_description":"Date de derni\u00e8re mise \u00e0 jour 28\/04\/2022 MAISON TANASE Soci\u00e9t\u00e9 SARL au capital de 1000,00\u20ac euros Si\u00e8ge social 17, rue Edouard Branly, 33110 Le Bouscat;&nbsp;&nbsp; Adresse du courrier \u00e9lectronique: contact@maisontanase.com; RCS (ou R\u00e9pertoire des m\u00e9tiers) de Bordeaux B 848 064...","og_url":"https:\/\/maisontanase.com\/fr\/conditions-generales-de-vente\/","og_site_name":"Maison Tanase","article_modified_time":"2022-04-29T02:43:01+00:00","twitter_card":"summary_large_image","twitter_misc":{"Dur\u00e9e de lecture estim\u00e9e":"8 minutes"},"schema":{"@context":"https:\/\/schema.org","@graph":[{"@type":"WebPage","@id":"https:\/\/maisontanase.com\/fr\/conditions-generales-de-vente\/","url":"https:\/\/maisontanase.com\/fr\/conditions-generales-de-vente\/","name":"Conditions g\u00e9n\u00e9rales de vente - Boutique Maison Tanase","isPartOf":{"@id":"https:\/\/maisontanase.com\/fr\/#website"},"datePublished":"2022-04-28T15:43:45+00:00","dateModified":"2022-04-29T02:43:01+00:00","breadcrumb":{"@id":"https:\/\/maisontanase.com\/fr\/conditions-generales-de-vente\/#breadcrumb"},"inLanguage":"fr-FR","potentialAction":[{"@type":"ReadAction","target":["https:\/\/maisontanase.com\/fr\/conditions-generales-de-vente\/"]}]},{"@type":"BreadcrumbList","@id":"https:\/\/maisontanase.com\/fr\/conditions-generales-de-vente\/#breadcrumb","itemListElement":[{"@type":"ListItem","position":1,"name":"Accueil","item":"https:\/\/maisontanase.com\/fr\/"},{"@type":"ListItem","position":2,"name":"Conditions g\u00e9n\u00e9rales de vente"}]},{"@type":"WebSite","@id":"https:\/\/maisontanase.com\/fr\/#website","url":"https:\/\/maisontanase.com\/fr\/","name":"Maison Tanase","description":"Based in Bordeaux, Maison Tanase is a family-run business that produces and sells high-quality wines and spirits. Welcome to our online shop.","publisher":{"@id":"https:\/\/maisontanase.com\/fr\/#organization"},"potentialAction":[{"@type":"SearchAction","target":{"@type":"EntryPoint","urlTemplate":"https:\/\/maisontanase.com\/fr\/?s={search_term_string}"},"query-input":{"@type":"PropertyValueSpecification","valueRequired":true,"valueName":"search_term_string"}}],"inLanguage":"fr-FR"},{"@type":"Organization","@id":"https:\/\/maisontanase.com\/fr\/#organization","name":"Maison Tanase","url":"https:\/\/maisontanase.com\/fr\/","logo":{"@type":"ImageObject","inLanguage":"fr-FR","@id":"https:\/\/maisontanase.com\/fr\/#\/schema\/logo\/image\/","url":"https:\/\/maisontanase.com\/wp-content\/uploads\/2022\/05\/maison-tanase.jpg","contentUrl":"https:\/\/maisontanase.com\/wp-content\/uploads\/2022\/05\/maison-tanase.jpg","width":1200,"height":630,"caption":"Maison Tanase"},"image":{"@id":"https:\/\/maisontanase.com\/fr\/#\/schema\/logo\/image\/"}}]}},"_links":{"self":[{"href":"https:\/\/maisontanase.com\/fr\/wp-json\/wp\/v2\/pages\/14765","targetHints":{"allow":["GET"]}}],"collection":[{"href":"https:\/\/maisontanase.com\/fr\/wp-json\/wp\/v2\/pages"}],"about":[{"href":"https:\/\/maisontanase.com\/fr\/wp-json\/wp\/v2\/types\/page"}],"author":[{"embeddable":true,"href":"https:\/\/maisontanase.com\/fr\/wp-json\/wp\/v2\/users\/1"}],"replies":[{"embeddable":true,"href":"https:\/\/maisontanase.com\/fr\/wp-json\/wp\/v2\/comments?post=14765"}],"version-history":[{"count":3,"href":"https:\/\/maisontanase.com\/fr\/wp-json\/wp\/v2\/pages\/14765\/revisions"}],"predecessor-version":[{"id":14791,"href":"https:\/\/maisontanase.com\/fr\/wp-json\/wp\/v2\/pages\/14765\/revisions\/14791"}],"wp:attachment":[{"href":"https:\/\/maisontanase.com\/fr\/wp-json\/wp\/v2\/media?parent=14765"}],"curies":[{"name":"wp","href":"https:\/\/api.w.org\/{rel}","templated":true}]}}